{"id":7198,"date":"2026-02-20T18:51:04","date_gmt":"2026-02-20T17:51:04","guid":{"rendered":"https:\/\/carlozaccagnini.it\/?page_id=7198"},"modified":"2026-02-20T18:51:57","modified_gmt":"2026-02-20T17:51:57","slug":"omessi-versamenti-fiscali-e-bancarotta-il-confine-sempre-piu-sottile-tra-crisi-e-responsabilita-penale","status":"publish","type":"page","link":"https:\/\/carlozaccagnini.it\/it\/papers\/omessi-versamenti-fiscali-e-bancarotta-il-confine-sempre-piu-sottile-tra-crisi-e-responsabilita-penale\/","title":{"rendered":"Omessi versamenti fiscali e bancarotta: il confine tra crisi e responsabilit\u00e0 penale"},"content":{"rendered":"<div class=\"wpb-content-wrapper\"><p>[vc_row][vc_column][vc_row_inner][vc_column_inner width=&#8221;1\/2&#8243;][\/vc_column_inner][vc_column_inner width=&#8221;1\/2&#8243;][vc_btn title=&#8221;TORNA A PAPERS&#8221; align=&#8221;right&#8221; link=&#8221;url:https%3A%2F%2Fcarlozaccagnini.it%2Fit%2Fpapers%2F&#8221;][\/vc_column_inner][\/vc_row_inner][vc_empty_space height=&#8221;10px&#8221;][vc_column_text css=&#8221;&#8221;]<\/p>\n<h3><span style=\"color: #1f497d;\">Omessi versamenti fiscali e bancarotta: il confine sempre pi\u00f9 sottile tra crisi e responsabilit\u00e0 penale.<\/span><\/h3>\n<p>[\/vc_column_text][vc_empty_space height=&#8221;50px&#8221;][\/vc_column][\/vc_row][vc_row][vc_column][vc_column_text css=&#8221;&#8221;]<span style=\"color: #333333;\">La recente giurisprudenza di legittimit\u00e0 si \u00e8 pronunciata a pi\u00f9 riprese sulla rilevanza degli inadempimenti fiscali e contributivi nella genesi dello stato di dissesto e sulla possibile qualificazione degli omessi versamenti tributari quali condotte di bancarotta impropria (Cass. Pen. n. 40144 del 15 dicembre 2025; Cass. Pen. n. 39793 del 10 dicembre 2025; Cass. Pen n. 36411 del 7 novembre 2025; Cass. Pen. n. 35399 del 29 ottobre 2025).<\/span><\/p>\n<p><span style=\"color: #333333;\">Pi\u00f9 precisamente, la Cassazione ha chiarito che la sistematica evasione fiscale, ove non giustificata da crisi meramente congiunturali, pu\u00f2 intendersi alla stregua di contributo causale rilevante nella determinazione del dissesto, e, conseguentemente, integrare gli <em>essentialia delicti<\/em> della bancarotta per effetto di operazioni dolose <em>ex<\/em> art. 322, comma 2, lett. b), del Codice della crisi. Si tratta dunque di una condotta che, se protratta nel tempo e consapevole, assume rilievo sia sotto il profilo fiscale che in termini di bancarotta propria e\/o impropria, non verificandosi alcun assorbimento tra le suddette fattispecie delittuose e potendo, dunque, concorrere le une con le altre.<\/span><\/p>\n<p><span style=\"color: #333333;\">Aspetto dirimente per attribuire al fatto corretta qualificazione giuridica attiene, anzitutto, all\u2019accertamento della <strong>natura della crisi<\/strong>. L\u2019esegesi di legittimit\u00e0 distingue infatti tra:<\/span><\/p>\n<ul>\n<li><span style=\"color: #333333;\">crisi derivante da fattori esterni e imprevedibili, inidonea a determinare l\u2019insorgere di responsabilit\u00e0 penale;<\/span><\/li>\n<li><span style=\"color: #333333;\">crisi determinata o aggravata da scelte gestionali consapevoli, tra cui il sistematico mancato adempimento degli obblighi fiscali e previdenziali.<\/span><\/li>\n<\/ul>\n<p><span style=\"color: #333333;\">In quest\u2019ultimo caso, l\u2019inadempimento assurge a vera e propria <strong>causa o concausa del dissesto<\/strong>, integrante la fattispecie di bancarotta impropria.<\/span><\/p>\n<p><span style=\"color: #333333;\">Rileva, inoltre, la nozione di <strong>operazione dolosa<\/strong>, interpretata estensivamente dalla giurisprudenza come comprensiva di strategie gestionali che, pur non immediatamente depauperative, espongono l\u2019impresa a un prevedibile pregiudizio economico-finanziario. L\u2019omesso versamento seriale di tributi rientra in tale paradigma ogniqualvolta costituisca una scelta deliberata di finanziamento dell\u2019impresa a danno dell\u2019Erario e degli enti previdenziali.<\/span><\/p>\n<p><span style=\"color: #333333;\">Ne deriva un principio cardine in tema di crisi di impresa: <strong>non ogni situazione di dissesto giustifica l\u2019inadempimento fiscale<\/strong>, e non ogni inadempimento resta confinato nell\u2019area dell\u2019illecito tributario. <strong>Il discrimine risiede nella prevedibilit\u00e0 dell\u2019effetto decettivo e nella consapevole assunzione del rischio da parte dell\u2019amministratore<\/strong>.<\/span><\/p>\n<p><span style=\"color: #333333;\">Il quadro che emerge impone agli organi gestori un\u2019attenta valutazione preventiva: perseverare negli omessi versamenti per sostenere artificiosamente la continuit\u00e0 aziendale pu\u00f2 determinare l\u2019insorgere in capo agli stessi di responsabilit\u00e0 penale.<\/span><\/p>\n<p><span style=\"color: #333333;\">In definitiva, la Cassazione consolida un orientamento volto a contrastare forme di finanziamento \u201cocculto\u201d dell\u2019impresa tramite il sistematico sacrificio degli obblighi fiscali, riaffermando che la tutela dell\u2019affidamento dei creditori pubblici rientra a pieno titolo nella protezione penale contro il dissesto fraudolento.<\/span><\/p>\n<p>[\/vc_column_text][vc_empty_space][vc_column_text css=&#8221;&#8221;]<\/p>\n<h5>Roma, 20 Febbraio 2026\u00a0 \u00a0 \u00a0 \u00a0 \u00a0 \u00a0 \u00a0 \u00a0 \u00a0 \u00a0 \u00a0 \u00a0 \u00a0 \u00a0 \u00a0 \u00a0 \u00a0 \u00a0 \u00a0 \u00a0 \u00a0 \u00a0 \u00a0 \u00a0 \u00a0 \u00a0 \u00a0 \u00a0 \u00a0 \u00a0 \u00a0 \u00a0 \u00a0 \u00a0 \u00a0 \u00a0 \u00a0 \u00a0 \u00a0 \u00a0 \u00a0 <a href=\"https:\/\/carlozaccagnini.it\/it\/professionisti\/carlo-zaccagnini\/\">Avvocato Carlo Zaccagnini<\/a><\/h5>\n<p>[\/vc_column_text][vc_empty_space height=&#8221;70px&#8221;][\/vc_column][\/vc_row][vc_row css=&#8221;.vc_custom_1688383983319{background-color: #1f497d !important;}&#8221;][vc_column]<div class=\"mkdf-call-to-action-holder  mkdf-normal-layout  mkdf-three-quarters-columns\">\n\n\t<div class=\"mkdf-cta-inner \">\n\t\t<div class=\"mkdf-cta-icon-holder\">\n\t\t\t<span aria-hidden=\"true\" class=\"mkdf-icon-font-elegant  \" style=\"color: #ffffff;font-size: 30px\"><\/span>\t\t<\/div>\n\t\t<div class=\"mkdf-cta-text-holder\">\n\t\t\t<div class=\"mkdf-cta-text\">\n<h2 style=\"text-align: left;\"><span style=\"color: #165253;\"><span style=\"color: #ffffff;\">Dubbi o necessit\u00e0?<\/span><br \/>\n<\/span><\/h2>\n<\/div>\n\t\t<\/div>\n\t\t<div class=\"mkdf-cta-button-holder\" >\n\t\t\t<div class=\"mkdf-cta-button\"><a itemprop=\"url\" href=\"https:\/\/carlozaccagnini.it\/it\/contatti\/\" target=\"_self\" style=\"color: #ffffff;background-color: #1a2843;border-color: #1a2843\" class=\"mkdf-btn mkdf-btn-medium mkdf-btn-solid mkdf-btn-custom-hover-bg mkdf-btn-custom-border-hover mkdf-btn-custom-hover-color\" data-hover-color=\"#1a2843\" data-hover-bg-color=\"#f2f2ef\" data-hover-border-color=\"#1a2843\" >    <span class=\"mkdf-btn-text\">CONTATTACI<\/span>    <\/a><\/div>\n\t\t<\/div>\n\t<\/div>\n<\/div>[vc_empty_space height=&#8221;40px&#8221;][\/vc_column][\/vc_row][vc_row][vc_column][vc_empty_space height=&#8221;20px&#8221;][vc_column_text]<\/p>\n<p style=\"text-align: right;\"><strong><a href=\"https:\/\/carlozaccagnini.it\/it\/disclaimer\/\" target=\"_blank\" rel=\"noopener\">DISCLAIMER<\/a><\/strong><\/p>\n<p>[\/vc_column_text][\/vc_column][\/vc_row]<\/p>\n<\/div>","protected":false},"excerpt":{"rendered":"<p>[vc_row][vc_column][vc_row_inner][vc_column_inner width=&#8221;1\/2&#8243;][\/vc_column_inner][vc_column_inner width=&#8221;1\/2&#8243;][vc_btn title=&#8221;TORNA A PAPERS&#8221; align=&#8221;right&#8221; link=&#8221;url:https%3A%2F%2Fcarlozaccagnini.it%2Fit%2Fpapers%2F&#8221;][\/vc_column_inner][\/vc_row_inner][vc_empty_space height=&#8221;10px&#8221;][vc_column_text css=&#8221;&#8221;] Omessi versamenti fiscali e bancarotta: il confine sempre pi\u00f9 sottile tra crisi e responsabilit\u00e0 penale. [\/vc_column_text][vc_empty_space height=&#8221;50px&#8221;][\/vc_column][\/vc_row][vc_row][vc_column][vc_column_text css=&#8221;&#8221;]La recente giurisprudenza [&hellip;]<\/p>\n","protected":false},"author":2,"featured_media":0,"parent":4116,"menu_order":0,"comment_status":"closed","ping_status":"closed","template":"","meta":{"footnotes":""},"class_list":["post-7198","page","type-page","status-publish","hentry"],"yoast_head":"<!-- This site is optimized with the Yoast SEO plugin v27.3 - https:\/\/yoast.com\/product\/yoast-seo-wordpress\/ -->\n<title>Omessi versamenti fiscali e bancarotta: il confine tra crisi e responsabilit\u00e0 penale | Studio Legale Avv. Carlo Zaccagnini<\/title>\n<meta name=\"description\" content=\"La recente giurisprudenza di legittimit\u00e0 si \u00e8 pronunciata a pi\u00f9 riprese sulla rilevanza degli inadempimenti fiscali e contributivi nella genesi dello stato di dissesto e sulla possibile qualificazione degli omessi versamenti tributari quali condotte di bancarotta impropria.\" \/>\n<meta name=\"robots\" content=\"index, follow, max-snippet:-1, max-image-preview:large, max-video-preview:-1\" \/>\n<link rel=\"canonical\" href=\"https:\/\/carlozaccagnini.it\/it\/papers\/omessi-versamenti-fiscali-e-bancarotta-il-confine-sempre-piu-sottile-tra-crisi-e-responsabilita-penale\/\" \/>\n<meta property=\"og:locale\" content=\"it_IT\" \/>\n<meta property=\"og:type\" content=\"article\" \/>\n<meta property=\"og:title\" content=\"Omessi versamenti fiscali e bancarotta: il confine tra crisi e responsabilit\u00e0 penale | Studio Legale Avv. Carlo Zaccagnini\" \/>\n<meta property=\"og:description\" content=\"La recente giurisprudenza di legittimit\u00e0 si \u00e8 pronunciata a pi\u00f9 riprese sulla rilevanza degli inadempimenti fiscali e contributivi nella genesi dello stato di dissesto e sulla possibile qualificazione degli omessi versamenti tributari quali condotte di bancarotta impropria.\" \/>\n<meta property=\"og:url\" content=\"https:\/\/carlozaccagnini.it\/it\/papers\/omessi-versamenti-fiscali-e-bancarotta-il-confine-sempre-piu-sottile-tra-crisi-e-responsabilita-penale\/\" \/>\n<meta property=\"og:site_name\" content=\"Studio Legale Avv. Carlo Zaccagnini\" \/>\n<meta property=\"article:modified_time\" content=\"2026-02-20T17:51:57+00:00\" \/>\n<meta name=\"twitter:card\" content=\"summary_large_image\" \/>\n<meta name=\"twitter:label1\" content=\"Tempo di lettura stimato\" \/>\n\t<meta name=\"twitter:data1\" content=\"3 minuti\" \/>\n<script type=\"application\/ld+json\" class=\"yoast-schema-graph\">{\"@context\":\"https:\\\/\\\/schema.org\",\"@graph\":[{\"@type\":\"WebPage\",\"@id\":\"https:\\\/\\\/carlozaccagnini.it\\\/it\\\/papers\\\/omessi-versamenti-fiscali-e-bancarotta-il-confine-sempre-piu-sottile-tra-crisi-e-responsabilita-penale\\\/\",\"url\":\"https:\\\/\\\/carlozaccagnini.it\\\/it\\\/papers\\\/omessi-versamenti-fiscali-e-bancarotta-il-confine-sempre-piu-sottile-tra-crisi-e-responsabilita-penale\\\/\",\"name\":\"Omessi versamenti fiscali e bancarotta: il confine tra crisi e responsabilit\u00e0 penale | Studio Legale Avv. Carlo Zaccagnini\",\"isPartOf\":{\"@id\":\"https:\\\/\\\/carlozaccagnini.it\\\/it\\\/#website\"},\"datePublished\":\"2026-02-20T17:51:04+00:00\",\"dateModified\":\"2026-02-20T17:51:57+00:00\",\"description\":\"La recente giurisprudenza di legittimit\u00e0 si \u00e8 pronunciata a pi\u00f9 riprese sulla rilevanza degli inadempimenti fiscali e contributivi nella genesi dello stato di dissesto e sulla possibile qualificazione degli omessi versamenti tributari quali condotte di bancarotta impropria.\",\"breadcrumb\":{\"@id\":\"https:\\\/\\\/carlozaccagnini.it\\\/it\\\/papers\\\/omessi-versamenti-fiscali-e-bancarotta-il-confine-sempre-piu-sottile-tra-crisi-e-responsabilita-penale\\\/#breadcrumb\"},\"inLanguage\":\"it-IT\",\"potentialAction\":[{\"@type\":\"ReadAction\",\"target\":[\"https:\\\/\\\/carlozaccagnini.it\\\/it\\\/papers\\\/omessi-versamenti-fiscali-e-bancarotta-il-confine-sempre-piu-sottile-tra-crisi-e-responsabilita-penale\\\/\"]}]},{\"@type\":\"BreadcrumbList\",\"@id\":\"https:\\\/\\\/carlozaccagnini.it\\\/it\\\/papers\\\/omessi-versamenti-fiscali-e-bancarotta-il-confine-sempre-piu-sottile-tra-crisi-e-responsabilita-penale\\\/#breadcrumb\",\"itemListElement\":[{\"@type\":\"ListItem\",\"position\":1,\"name\":\"Home\",\"item\":\"https:\\\/\\\/carlozaccagnini.it\\\/it\\\/\"},{\"@type\":\"ListItem\",\"position\":2,\"name\":\"White Papers\",\"item\":\"https:\\\/\\\/carlozaccagnini.it\\\/it\\\/papers\\\/\"},{\"@type\":\"ListItem\",\"position\":3,\"name\":\"Omessi versamenti fiscali e bancarotta: il confine tra crisi e responsabilit\u00e0 penale\"}]},{\"@type\":\"WebSite\",\"@id\":\"https:\\\/\\\/carlozaccagnini.it\\\/it\\\/#website\",\"url\":\"https:\\\/\\\/carlozaccagnini.it\\\/it\\\/\",\"name\":\"Studio Legale Avv. Carlo Zaccagnini\",\"description\":\"White Collar Crime Defence\",\"publisher\":{\"@id\":\"https:\\\/\\\/carlozaccagnini.it\\\/it\\\/#organization\"},\"potentialAction\":[{\"@type\":\"SearchAction\",\"target\":{\"@type\":\"EntryPoint\",\"urlTemplate\":\"https:\\\/\\\/carlozaccagnini.it\\\/it\\\/?s={search_term_string}\"},\"query-input\":{\"@type\":\"PropertyValueSpecification\",\"valueRequired\":true,\"valueName\":\"search_term_string\"}}],\"inLanguage\":\"it-IT\"},{\"@type\":\"Organization\",\"@id\":\"https:\\\/\\\/carlozaccagnini.it\\\/it\\\/#organization\",\"name\":\"Studio Legale Carlo Zaccagnini\",\"url\":\"https:\\\/\\\/carlozaccagnini.it\\\/it\\\/\",\"logo\":{\"@type\":\"ImageObject\",\"inLanguage\":\"it-IT\",\"@id\":\"https:\\\/\\\/carlozaccagnini.it\\\/it\\\/#\\\/schema\\\/logo\\\/image\\\/\",\"url\":\"https:\\\/\\\/carlozaccagnini.it\\\/wp-content\\\/uploads\\\/2018\\\/09\\\/cropped-icona.jpg\",\"contentUrl\":\"https:\\\/\\\/carlozaccagnini.it\\\/wp-content\\\/uploads\\\/2018\\\/09\\\/cropped-icona.jpg\",\"width\":512,\"height\":512,\"caption\":\"Studio Legale Carlo Zaccagnini\"},\"image\":{\"@id\":\"https:\\\/\\\/carlozaccagnini.it\\\/it\\\/#\\\/schema\\\/logo\\\/image\\\/\"}}]}<\/script>\n<!-- \/ Yoast SEO plugin. -->","yoast_head_json":{"title":"Omessi versamenti fiscali e bancarotta: il confine tra crisi e responsabilit\u00e0 penale | Studio Legale Avv. Carlo Zaccagnini","description":"La recente giurisprudenza di legittimit\u00e0 si \u00e8 pronunciata a pi\u00f9 riprese sulla rilevanza degli inadempimenti fiscali e contributivi nella genesi dello stato di dissesto e sulla possibile qualificazione degli omessi versamenti tributari quali condotte di bancarotta impropria.","robots":{"index":"index","follow":"follow","max-snippet":"max-snippet:-1","max-image-preview":"max-image-preview:large","max-video-preview":"max-video-preview:-1"},"canonical":"https:\/\/carlozaccagnini.it\/it\/papers\/omessi-versamenti-fiscali-e-bancarotta-il-confine-sempre-piu-sottile-tra-crisi-e-responsabilita-penale\/","og_locale":"it_IT","og_type":"article","og_title":"Omessi versamenti fiscali e bancarotta: il confine tra crisi e responsabilit\u00e0 penale | Studio Legale Avv. Carlo Zaccagnini","og_description":"La recente giurisprudenza di legittimit\u00e0 si \u00e8 pronunciata a pi\u00f9 riprese sulla rilevanza degli inadempimenti fiscali e contributivi nella genesi dello stato di dissesto e sulla possibile qualificazione degli omessi versamenti tributari quali condotte di bancarotta impropria.","og_url":"https:\/\/carlozaccagnini.it\/it\/papers\/omessi-versamenti-fiscali-e-bancarotta-il-confine-sempre-piu-sottile-tra-crisi-e-responsabilita-penale\/","og_site_name":"Studio Legale Avv. Carlo Zaccagnini","article_modified_time":"2026-02-20T17:51:57+00:00","twitter_card":"summary_large_image","twitter_misc":{"Tempo di lettura stimato":"3 minuti"},"schema":{"@context":"https:\/\/schema.org","@graph":[{"@type":"WebPage","@id":"https:\/\/carlozaccagnini.it\/it\/papers\/omessi-versamenti-fiscali-e-bancarotta-il-confine-sempre-piu-sottile-tra-crisi-e-responsabilita-penale\/","url":"https:\/\/carlozaccagnini.it\/it\/papers\/omessi-versamenti-fiscali-e-bancarotta-il-confine-sempre-piu-sottile-tra-crisi-e-responsabilita-penale\/","name":"Omessi versamenti fiscali e bancarotta: il confine tra crisi e responsabilit\u00e0 penale | Studio Legale Avv. Carlo Zaccagnini","isPartOf":{"@id":"https:\/\/carlozaccagnini.it\/it\/#website"},"datePublished":"2026-02-20T17:51:04+00:00","dateModified":"2026-02-20T17:51:57+00:00","description":"La recente giurisprudenza di legittimit\u00e0 si \u00e8 pronunciata a pi\u00f9 riprese sulla rilevanza degli inadempimenti fiscali e contributivi nella genesi dello stato di dissesto e sulla possibile qualificazione degli omessi versamenti tributari quali condotte di bancarotta impropria.","breadcrumb":{"@id":"https:\/\/carlozaccagnini.it\/it\/papers\/omessi-versamenti-fiscali-e-bancarotta-il-confine-sempre-piu-sottile-tra-crisi-e-responsabilita-penale\/#breadcrumb"},"inLanguage":"it-IT","potentialAction":[{"@type":"ReadAction","target":["https:\/\/carlozaccagnini.it\/it\/papers\/omessi-versamenti-fiscali-e-bancarotta-il-confine-sempre-piu-sottile-tra-crisi-e-responsabilita-penale\/"]}]},{"@type":"BreadcrumbList","@id":"https:\/\/carlozaccagnini.it\/it\/papers\/omessi-versamenti-fiscali-e-bancarotta-il-confine-sempre-piu-sottile-tra-crisi-e-responsabilita-penale\/#breadcrumb","itemListElement":[{"@type":"ListItem","position":1,"name":"Home","item":"https:\/\/carlozaccagnini.it\/it\/"},{"@type":"ListItem","position":2,"name":"White Papers","item":"https:\/\/carlozaccagnini.it\/it\/papers\/"},{"@type":"ListItem","position":3,"name":"Omessi versamenti fiscali e bancarotta: il confine tra crisi e responsabilit\u00e0 penale"}]},{"@type":"WebSite","@id":"https:\/\/carlozaccagnini.it\/it\/#website","url":"https:\/\/carlozaccagnini.it\/it\/","name":"Studio Legale Avv. Carlo Zaccagnini","description":"White Collar Crime Defence","publisher":{"@id":"https:\/\/carlozaccagnini.it\/it\/#organization"},"potentialAction":[{"@type":"SearchAction","target":{"@type":"EntryPoint","urlTemplate":"https:\/\/carlozaccagnini.it\/it\/?s={search_term_string}"},"query-input":{"@type":"PropertyValueSpecification","valueRequired":true,"valueName":"search_term_string"}}],"inLanguage":"it-IT"},{"@type":"Organization","@id":"https:\/\/carlozaccagnini.it\/it\/#organization","name":"Studio Legale Carlo Zaccagnini","url":"https:\/\/carlozaccagnini.it\/it\/","logo":{"@type":"ImageObject","inLanguage":"it-IT","@id":"https:\/\/carlozaccagnini.it\/it\/#\/schema\/logo\/image\/","url":"https:\/\/carlozaccagnini.it\/wp-content\/uploads\/2018\/09\/cropped-icona.jpg","contentUrl":"https:\/\/carlozaccagnini.it\/wp-content\/uploads\/2018\/09\/cropped-icona.jpg","width":512,"height":512,"caption":"Studio Legale Carlo Zaccagnini"},"image":{"@id":"https:\/\/carlozaccagnini.it\/it\/#\/schema\/logo\/image\/"}}]}},"_links":{"self":[{"href":"https:\/\/carlozaccagnini.it\/it\/wp-json\/wp\/v2\/pages\/7198","targetHints":{"allow":["GET"]}}],"collection":[{"href":"https:\/\/carlozaccagnini.it\/it\/wp-json\/wp\/v2\/pages"}],"about":[{"href":"https:\/\/carlozaccagnini.it\/it\/wp-json\/wp\/v2\/types\/page"}],"author":[{"embeddable":true,"href":"https:\/\/carlozaccagnini.it\/it\/wp-json\/wp\/v2\/users\/2"}],"replies":[{"embeddable":true,"href":"https:\/\/carlozaccagnini.it\/it\/wp-json\/wp\/v2\/comments?post=7198"}],"version-history":[{"count":1,"href":"https:\/\/carlozaccagnini.it\/it\/wp-json\/wp\/v2\/pages\/7198\/revisions"}],"predecessor-version":[{"id":7199,"href":"https:\/\/carlozaccagnini.it\/it\/wp-json\/wp\/v2\/pages\/7198\/revisions\/7199"}],"up":[{"embeddable":true,"href":"https:\/\/carlozaccagnini.it\/it\/wp-json\/wp\/v2\/pages\/4116"}],"wp:attachment":[{"href":"https:\/\/carlozaccagnini.it\/it\/wp-json\/wp\/v2\/media?parent=7198"}],"curies":[{"name":"wp","href":"https:\/\/api.w.org\/{rel}","templated":true}]}}