{"id":7178,"date":"2025-11-10T18:31:34","date_gmt":"2025-11-10T17:31:34","guid":{"rendered":"https:\/\/carlozaccagnini.it\/?page_id=7178"},"modified":"2025-11-10T18:32:51","modified_gmt":"2025-11-10T17:32:51","slug":"la-zona-di-rischio-penale-nel-reato-di-bancarotta-fraudolenta-patrimoniale-pre-fallimentare","status":"publish","type":"page","link":"https:\/\/carlozaccagnini.it\/it\/papers\/la-zona-di-rischio-penale-nel-reato-di-bancarotta-fraudolenta-patrimoniale-pre-fallimentare\/","title":{"rendered":"La zona di rischio penale nel reato di bancarotta fraudolenta patrimoniale pre-fallimentare."},"content":{"rendered":"<div class=\"wpb-content-wrapper\"><p>[vc_row][vc_column][vc_row_inner][vc_column_inner width=&#8221;1\/2&#8243;][\/vc_column_inner][vc_column_inner width=&#8221;1\/2&#8243;][vc_btn title=&#8221;TORNA A PAPERS&#8221; align=&#8221;right&#8221; link=&#8221;url:https%3A%2F%2Fcarlozaccagnini.it%2Fit%2Fpapers%2F&#8221;][\/vc_column_inner][\/vc_row_inner][vc_empty_space height=&#8221;10px&#8221;][vc_column_text css=&#8221;&#8221;]<\/p>\n<h3><span style=\"color: #1f497d;\">Cass. Pen. Sez. V, n. 35043, del 29 ottobre 2025<\/span><\/h3>\n<p>[\/vc_column_text][vc_empty_space height=&#8221;50px&#8221;][\/vc_column][\/vc_row][vc_row][vc_column][vc_column_text css=&#8221;&#8221;]<span style=\"color: #333333;\">La Corte d\u2019appello di Bologna confermava la decisione del giudice di prime cure che condannava gli imputati per concorso in bancarotta fraudolenta patrimoniale. Nel caso di specie, tramite la stipula di contratti di usufrutto e locazione sugli immobili della societ\u00e0 fallita e il successivo trasferimento della nuda propriet\u00e0 a una societ\u00e0 riconducibile allo stesso gruppo familiare, la societ\u00e0 D. SRL distraeva il proprio patrimonio.<\/span><\/p>\n<p><span style=\"color: #333333;\">L\u2019operazione era finalizzata a ottenere un mutuo garantito sugli stessi beni, senza tuttavia che i canoni di locazione \u2013 necessari a sostenere il pagamento del mutuo \u2013 fossero statu mai corrisposti dagli occupanti degli immobili. Tanto risultava necessario per la Corte territoriale a provare l\u2019elemento oggettivo e soggettivo del reato : l\u2019operazione economica era volta a compromettere l\u2019integrit\u00e0 del patrimonio sociale della fallita a discapito dei creditori privilegiati.<\/span><\/p>\n<p><span style=\"color: #333333;\">Avverso tale decisione veniva proposto ricorso per Cassazione, con cui il ricorrente lamentava la mancata dimostrazione tanto dell\u2019elemento oggettivo quanto di quello soggettivo del reato contestato. La Suprema Corte, compatibilmente con quanto sostenuto dalla difesa, ribadiva che il solo distacco di un bene dal patrimonio sociale non fosse di per s\u00e9 sufficiente a integrare la bancarotta distrattiva al momento del fallimento. In particolare, \u201c<em>il delitto di bancarotta fraudolenta patrimoniale prefallimentare \u00e8 reato di pericolo in concreto, sicch\u00e9, al fine della prova del reato, il giudice, oltre alla constatazione dell\u2019esistenza dell\u2019atto distrattivo, deve valutare la qualit\u00e0 del distacco patrimoniale che ad esso, consegue, ossia il suo reale valore economico concretamente idoneo a recare danno ai creditori<\/em>\u201d (Cass. Pen, Sez. V, n. 28941, del 14 febbraio 2024, Messina, Rv. 287059-01).<\/span><\/p>\n<p>&nbsp;<\/p>\n<p><span style=\"color: #333333;\">La Corte richiamava il concetto di \u201czona di rischio penale\u201d: \u201c<em>un\u2019esegesi costituzionalmente orientata del reato di bancarotta fraudolenta patrimoniale pre-falliementare come reato di pericolo in concreto impone di valutare la rilevanza penale delle condotte e la loro offensivit\u00e0 in base all\u2019idoneit\u00e0 ex ante degli atti depauperativi a mettere realmente a rischio la garanzia dei creditori della massa fallimentare, in un paramento spazio temporale ragionevole (zona di rischio penale) entro il quale l\u2019apprezzamento di uno stato di crisi dell\u2019impresa, conosciuto dall\u2019agente, \u00e8 destinato ad orientare l\u2019interpretazione di ogni iniziativa di distrazione dei beni da parte di quest\u2019ultimo\u201d <\/em>.<\/span><\/p>\n<p><span style=\"color: #333333;\">Emergeva contraddittoriet\u00e0 della motivazione della Corte territoriale, in quanto incentrata sul solo distacco patrimoniale senza considerare la natura dell\u2019operazione e, soprattutto, senza valorizzare il dato temporale, atteso che il fallimento interveniva quattro anni dopo. Per tali ragioni la Suprema Corte annullava la sentenza e rinviava alla Corte d\u2019Appello di Bologna affinch\u00e9 riesaminasse la configurabilit\u00e0 del reato contestato e valutasse l\u2019eventuale sussistenza del diverso reato di bancarotta fraudolenta preferenziale.<\/span>[\/vc_column_text][vc_empty_space][vc_column_text css=&#8221;&#8221;]<\/p>\n<h5>Roma, 10 Novembre 2025\u00a0 \u00a0 \u00a0 \u00a0 \u00a0 \u00a0 \u00a0 \u00a0 \u00a0 \u00a0 \u00a0 \u00a0 \u00a0 \u00a0 \u00a0 \u00a0 \u00a0 \u00a0 \u00a0 \u00a0 \u00a0 \u00a0 \u00a0 \u00a0 \u00a0 \u00a0 \u00a0 \u00a0 \u00a0 \u00a0 \u00a0 \u00a0 \u00a0 \u00a0 \u00a0 \u00a0 \u00a0 \u00a0 \u00a0 \u00a0 \u00a0 \u00a0<a href=\"\/?p=251\">Avvocato Carlo Zaccagnini<\/a><\/h5>\n<p>[\/vc_column_text][vc_empty_space height=&#8221;70px&#8221;][\/vc_column][\/vc_row][vc_row css=&#8221;.vc_custom_1688383983319{background-color: #1f497d !important;}&#8221;][vc_column]<div class=\"mkdf-call-to-action-holder  mkdf-normal-layout  mkdf-three-quarters-columns\">\n\n\t<div class=\"mkdf-cta-inner \">\n\t\t<div class=\"mkdf-cta-icon-holder\">\n\t\t\t<span aria-hidden=\"true\" class=\"mkdf-icon-font-elegant  \" style=\"color: #ffffff;font-size: 30px\"><\/span>\t\t<\/div>\n\t\t<div class=\"mkdf-cta-text-holder\">\n\t\t\t<div class=\"mkdf-cta-text\">\n<h2 style=\"text-align: left;\"><span style=\"color: #165253;\"><span style=\"color: #ffffff;\">Dubbi o necessit\u00e0?<\/span><br \/>\n<\/span><\/h2>\n<\/div>\n\t\t<\/div>\n\t\t<div class=\"mkdf-cta-button-holder\" >\n\t\t\t<div class=\"mkdf-cta-button\"><a itemprop=\"url\" href=\"https:\/\/carlozaccagnini.it\/it\/contatti\/\" target=\"_self\" style=\"color: #ffffff;background-color: #1a2843;border-color: #1a2843\" class=\"mkdf-btn mkdf-btn-medium mkdf-btn-solid mkdf-btn-custom-hover-bg mkdf-btn-custom-border-hover mkdf-btn-custom-hover-color\" data-hover-color=\"#1a2843\" data-hover-bg-color=\"#f2f2ef\" data-hover-border-color=\"#1a2843\" >    <span class=\"mkdf-btn-text\">CONTATTACI<\/span>    <\/a><\/div>\n\t\t<\/div>\n\t<\/div>\n<\/div>[vc_empty_space height=&#8221;40px&#8221;][\/vc_column][\/vc_row][vc_row][vc_column][vc_empty_space height=&#8221;20px&#8221;][vc_column_text]<\/p>\n<p style=\"text-align: right;\"><strong><a href=\"\/?page_id=3882\" target=\"_blank\" rel=\"noopener\">DISCLAIMER<\/a><\/strong><\/p>\n<p>[\/vc_column_text][\/vc_column][\/vc_row]<\/p>\n<\/div>","protected":false},"excerpt":{"rendered":"<p>[vc_row][vc_column][vc_row_inner][vc_column_inner width=&#8221;1\/2&#8243;][\/vc_column_inner][vc_column_inner width=&#8221;1\/2&#8243;][vc_btn title=&#8221;TORNA A PAPERS&#8221; align=&#8221;right&#8221; link=&#8221;url:https%3A%2F%2Fcarlozaccagnini.it%2Fit%2Fpapers%2F&#8221;][\/vc_column_inner][\/vc_row_inner][vc_empty_space height=&#8221;10px&#8221;][vc_column_text css=&#8221;&#8221;] Cass. Pen. Sez. V, n. 35043, del 29 ottobre 2025 [\/vc_column_text][vc_empty_space height=&#8221;50px&#8221;][\/vc_column][\/vc_row][vc_row][vc_column][vc_column_text css=&#8221;&#8221;]La Corte d\u2019appello di Bologna confermava la decisione [&hellip;]<\/p>\n","protected":false},"author":2,"featured_media":0,"parent":4116,"menu_order":0,"comment_status":"closed","ping_status":"closed","template":"","meta":{"footnotes":""},"class_list":["post-7178","page","type-page","status-publish","hentry"],"yoast_head":"<!-- This site is optimized with the Yoast SEO plugin v27.3 - https:\/\/yoast.com\/product\/yoast-seo-wordpress\/ -->\n<title>La zona di rischio penale nel reato di bancarotta fraudolenta patrimoniale pre-fallimentare. | Studio Legale Avv. Carlo Zaccagnini<\/title>\n<meta name=\"description\" content=\"La Corte d\u2019appello di Bologna confermava la decisione del giudice di prime cure che condannava gli imputati per concorso in bancarotta fraudolenta patrimoniale.\" \/>\n<meta name=\"robots\" content=\"index, follow, max-snippet:-1, max-image-preview:large, max-video-preview:-1\" \/>\n<link rel=\"canonical\" href=\"https:\/\/carlozaccagnini.it\/it\/papers\/la-zona-di-rischio-penale-nel-reato-di-bancarotta-fraudolenta-patrimoniale-pre-fallimentare\/\" \/>\n<meta property=\"og:locale\" content=\"it_IT\" \/>\n<meta property=\"og:type\" content=\"article\" \/>\n<meta property=\"og:title\" content=\"La zona di rischio penale nel reato di bancarotta fraudolenta patrimoniale pre-fallimentare. | Studio Legale Avv. Carlo Zaccagnini\" \/>\n<meta property=\"og:description\" content=\"La Corte d\u2019appello di Bologna confermava la decisione del giudice di prime cure che condannava gli imputati per concorso in bancarotta fraudolenta patrimoniale.\" \/>\n<meta property=\"og:url\" content=\"https:\/\/carlozaccagnini.it\/it\/papers\/la-zona-di-rischio-penale-nel-reato-di-bancarotta-fraudolenta-patrimoniale-pre-fallimentare\/\" \/>\n<meta property=\"og:site_name\" content=\"Studio Legale Avv. Carlo Zaccagnini\" \/>\n<meta property=\"article:modified_time\" content=\"2025-11-10T17:32:51+00:00\" \/>\n<meta name=\"twitter:card\" content=\"summary_large_image\" \/>\n<meta name=\"twitter:label1\" content=\"Tempo di lettura stimato\" \/>\n\t<meta name=\"twitter:data1\" content=\"3 minuti\" \/>\n<script type=\"application\/ld+json\" class=\"yoast-schema-graph\">{\"@context\":\"https:\\\/\\\/schema.org\",\"@graph\":[{\"@type\":\"WebPage\",\"@id\":\"https:\\\/\\\/carlozaccagnini.it\\\/it\\\/papers\\\/la-zona-di-rischio-penale-nel-reato-di-bancarotta-fraudolenta-patrimoniale-pre-fallimentare\\\/\",\"url\":\"https:\\\/\\\/carlozaccagnini.it\\\/it\\\/papers\\\/la-zona-di-rischio-penale-nel-reato-di-bancarotta-fraudolenta-patrimoniale-pre-fallimentare\\\/\",\"name\":\"La zona di rischio penale nel reato di bancarotta fraudolenta patrimoniale pre-fallimentare. | Studio Legale Avv. Carlo Zaccagnini\",\"isPartOf\":{\"@id\":\"https:\\\/\\\/carlozaccagnini.it\\\/it\\\/#website\"},\"datePublished\":\"2025-11-10T17:31:34+00:00\",\"dateModified\":\"2025-11-10T17:32:51+00:00\",\"description\":\"La Corte d\u2019appello di Bologna confermava la decisione del giudice di prime cure che condannava gli imputati per concorso in bancarotta fraudolenta patrimoniale.\",\"breadcrumb\":{\"@id\":\"https:\\\/\\\/carlozaccagnini.it\\\/it\\\/papers\\\/la-zona-di-rischio-penale-nel-reato-di-bancarotta-fraudolenta-patrimoniale-pre-fallimentare\\\/#breadcrumb\"},\"inLanguage\":\"it-IT\",\"potentialAction\":[{\"@type\":\"ReadAction\",\"target\":[\"https:\\\/\\\/carlozaccagnini.it\\\/it\\\/papers\\\/la-zona-di-rischio-penale-nel-reato-di-bancarotta-fraudolenta-patrimoniale-pre-fallimentare\\\/\"]}]},{\"@type\":\"BreadcrumbList\",\"@id\":\"https:\\\/\\\/carlozaccagnini.it\\\/it\\\/papers\\\/la-zona-di-rischio-penale-nel-reato-di-bancarotta-fraudolenta-patrimoniale-pre-fallimentare\\\/#breadcrumb\",\"itemListElement\":[{\"@type\":\"ListItem\",\"position\":1,\"name\":\"Home\",\"item\":\"https:\\\/\\\/carlozaccagnini.it\\\/it\\\/\"},{\"@type\":\"ListItem\",\"position\":2,\"name\":\"White Papers\",\"item\":\"https:\\\/\\\/carlozaccagnini.it\\\/it\\\/papers\\\/\"},{\"@type\":\"ListItem\",\"position\":3,\"name\":\"La zona di rischio penale nel reato di bancarotta fraudolenta patrimoniale pre-fallimentare.\"}]},{\"@type\":\"WebSite\",\"@id\":\"https:\\\/\\\/carlozaccagnini.it\\\/it\\\/#website\",\"url\":\"https:\\\/\\\/carlozaccagnini.it\\\/it\\\/\",\"name\":\"Studio Legale Avv. Carlo Zaccagnini\",\"description\":\"White Collar Crime Defence\",\"publisher\":{\"@id\":\"https:\\\/\\\/carlozaccagnini.it\\\/it\\\/#organization\"},\"potentialAction\":[{\"@type\":\"SearchAction\",\"target\":{\"@type\":\"EntryPoint\",\"urlTemplate\":\"https:\\\/\\\/carlozaccagnini.it\\\/it\\\/?s={search_term_string}\"},\"query-input\":{\"@type\":\"PropertyValueSpecification\",\"valueRequired\":true,\"valueName\":\"search_term_string\"}}],\"inLanguage\":\"it-IT\"},{\"@type\":\"Organization\",\"@id\":\"https:\\\/\\\/carlozaccagnini.it\\\/it\\\/#organization\",\"name\":\"Studio Legale Carlo Zaccagnini\",\"url\":\"https:\\\/\\\/carlozaccagnini.it\\\/it\\\/\",\"logo\":{\"@type\":\"ImageObject\",\"inLanguage\":\"it-IT\",\"@id\":\"https:\\\/\\\/carlozaccagnini.it\\\/it\\\/#\\\/schema\\\/logo\\\/image\\\/\",\"url\":\"https:\\\/\\\/carlozaccagnini.it\\\/wp-content\\\/uploads\\\/2018\\\/09\\\/cropped-icona.jpg\",\"contentUrl\":\"https:\\\/\\\/carlozaccagnini.it\\\/wp-content\\\/uploads\\\/2018\\\/09\\\/cropped-icona.jpg\",\"width\":512,\"height\":512,\"caption\":\"Studio Legale Carlo Zaccagnini\"},\"image\":{\"@id\":\"https:\\\/\\\/carlozaccagnini.it\\\/it\\\/#\\\/schema\\\/logo\\\/image\\\/\"}}]}<\/script>\n<!-- \/ Yoast SEO plugin. -->","yoast_head_json":{"title":"La zona di rischio penale nel reato di bancarotta fraudolenta patrimoniale pre-fallimentare. | Studio Legale Avv. Carlo Zaccagnini","description":"La Corte d\u2019appello di Bologna confermava la decisione del giudice di prime cure che condannava gli imputati per concorso in bancarotta fraudolenta patrimoniale.","robots":{"index":"index","follow":"follow","max-snippet":"max-snippet:-1","max-image-preview":"max-image-preview:large","max-video-preview":"max-video-preview:-1"},"canonical":"https:\/\/carlozaccagnini.it\/it\/papers\/la-zona-di-rischio-penale-nel-reato-di-bancarotta-fraudolenta-patrimoniale-pre-fallimentare\/","og_locale":"it_IT","og_type":"article","og_title":"La zona di rischio penale nel reato di bancarotta fraudolenta patrimoniale pre-fallimentare. | Studio Legale Avv. Carlo Zaccagnini","og_description":"La Corte d\u2019appello di Bologna confermava la decisione del giudice di prime cure che condannava gli imputati per concorso in bancarotta fraudolenta patrimoniale.","og_url":"https:\/\/carlozaccagnini.it\/it\/papers\/la-zona-di-rischio-penale-nel-reato-di-bancarotta-fraudolenta-patrimoniale-pre-fallimentare\/","og_site_name":"Studio Legale Avv. Carlo Zaccagnini","article_modified_time":"2025-11-10T17:32:51+00:00","twitter_card":"summary_large_image","twitter_misc":{"Tempo di lettura stimato":"3 minuti"},"schema":{"@context":"https:\/\/schema.org","@graph":[{"@type":"WebPage","@id":"https:\/\/carlozaccagnini.it\/it\/papers\/la-zona-di-rischio-penale-nel-reato-di-bancarotta-fraudolenta-patrimoniale-pre-fallimentare\/","url":"https:\/\/carlozaccagnini.it\/it\/papers\/la-zona-di-rischio-penale-nel-reato-di-bancarotta-fraudolenta-patrimoniale-pre-fallimentare\/","name":"La zona di rischio penale nel reato di bancarotta fraudolenta patrimoniale pre-fallimentare. | Studio Legale Avv. Carlo Zaccagnini","isPartOf":{"@id":"https:\/\/carlozaccagnini.it\/it\/#website"},"datePublished":"2025-11-10T17:31:34+00:00","dateModified":"2025-11-10T17:32:51+00:00","description":"La Corte d\u2019appello di Bologna confermava la decisione del giudice di prime cure che condannava gli imputati per concorso in bancarotta fraudolenta patrimoniale.","breadcrumb":{"@id":"https:\/\/carlozaccagnini.it\/it\/papers\/la-zona-di-rischio-penale-nel-reato-di-bancarotta-fraudolenta-patrimoniale-pre-fallimentare\/#breadcrumb"},"inLanguage":"it-IT","potentialAction":[{"@type":"ReadAction","target":["https:\/\/carlozaccagnini.it\/it\/papers\/la-zona-di-rischio-penale-nel-reato-di-bancarotta-fraudolenta-patrimoniale-pre-fallimentare\/"]}]},{"@type":"BreadcrumbList","@id":"https:\/\/carlozaccagnini.it\/it\/papers\/la-zona-di-rischio-penale-nel-reato-di-bancarotta-fraudolenta-patrimoniale-pre-fallimentare\/#breadcrumb","itemListElement":[{"@type":"ListItem","position":1,"name":"Home","item":"https:\/\/carlozaccagnini.it\/it\/"},{"@type":"ListItem","position":2,"name":"White Papers","item":"https:\/\/carlozaccagnini.it\/it\/papers\/"},{"@type":"ListItem","position":3,"name":"La zona di rischio penale nel reato di bancarotta fraudolenta patrimoniale pre-fallimentare."}]},{"@type":"WebSite","@id":"https:\/\/carlozaccagnini.it\/it\/#website","url":"https:\/\/carlozaccagnini.it\/it\/","name":"Studio Legale Avv. Carlo Zaccagnini","description":"White Collar Crime Defence","publisher":{"@id":"https:\/\/carlozaccagnini.it\/it\/#organization"},"potentialAction":[{"@type":"SearchAction","target":{"@type":"EntryPoint","urlTemplate":"https:\/\/carlozaccagnini.it\/it\/?s={search_term_string}"},"query-input":{"@type":"PropertyValueSpecification","valueRequired":true,"valueName":"search_term_string"}}],"inLanguage":"it-IT"},{"@type":"Organization","@id":"https:\/\/carlozaccagnini.it\/it\/#organization","name":"Studio Legale Carlo Zaccagnini","url":"https:\/\/carlozaccagnini.it\/it\/","logo":{"@type":"ImageObject","inLanguage":"it-IT","@id":"https:\/\/carlozaccagnini.it\/it\/#\/schema\/logo\/image\/","url":"https:\/\/carlozaccagnini.it\/wp-content\/uploads\/2018\/09\/cropped-icona.jpg","contentUrl":"https:\/\/carlozaccagnini.it\/wp-content\/uploads\/2018\/09\/cropped-icona.jpg","width":512,"height":512,"caption":"Studio Legale Carlo Zaccagnini"},"image":{"@id":"https:\/\/carlozaccagnini.it\/it\/#\/schema\/logo\/image\/"}}]}},"_links":{"self":[{"href":"https:\/\/carlozaccagnini.it\/it\/wp-json\/wp\/v2\/pages\/7178","targetHints":{"allow":["GET"]}}],"collection":[{"href":"https:\/\/carlozaccagnini.it\/it\/wp-json\/wp\/v2\/pages"}],"about":[{"href":"https:\/\/carlozaccagnini.it\/it\/wp-json\/wp\/v2\/types\/page"}],"author":[{"embeddable":true,"href":"https:\/\/carlozaccagnini.it\/it\/wp-json\/wp\/v2\/users\/2"}],"replies":[{"embeddable":true,"href":"https:\/\/carlozaccagnini.it\/it\/wp-json\/wp\/v2\/comments?post=7178"}],"version-history":[{"count":1,"href":"https:\/\/carlozaccagnini.it\/it\/wp-json\/wp\/v2\/pages\/7178\/revisions"}],"predecessor-version":[{"id":7179,"href":"https:\/\/carlozaccagnini.it\/it\/wp-json\/wp\/v2\/pages\/7178\/revisions\/7179"}],"up":[{"embeddable":true,"href":"https:\/\/carlozaccagnini.it\/it\/wp-json\/wp\/v2\/pages\/4116"}],"wp:attachment":[{"href":"https:\/\/carlozaccagnini.it\/it\/wp-json\/wp\/v2\/media?parent=7178"}],"curies":[{"name":"wp","href":"https:\/\/api.w.org\/{rel}","templated":true}]}}