{"id":7171,"date":"2025-11-03T18:10:30","date_gmt":"2025-11-03T17:10:30","guid":{"rendered":"https:\/\/carlozaccagnini.it\/?page_id=7171"},"modified":"2025-11-10T18:56:37","modified_gmt":"2025-11-10T17:56:37","slug":"legge-ai-le-novita-in-materia-penale","status":"publish","type":"page","link":"https:\/\/carlozaccagnini.it\/it\/papers\/legge-su-ai-le-novita-in-materia-penale\/","title":{"rendered":"Legge n. 132\/2025 sulla AI: le novit\u00e0 in materia penale"},"content":{"rendered":"<div class=\"wpb-content-wrapper\"><p>[vc_row][vc_column][vc_row_inner][vc_column_inner width=&#8221;1\/2&#8243;][\/vc_column_inner][vc_column_inner width=&#8221;1\/2&#8243;][vc_btn title=&#8221;TORNA A PAPERS&#8221; align=&#8221;right&#8221; link=&#8221;url:https%3A%2F%2Fcarlozaccagnini.it%2Fit%2Fpapers%2F&#8221;][\/vc_column_inner][\/vc_row_inner][vc_empty_space height=&#8221;10px&#8221;][vc_column_text css=&#8221;&#8221;]<\/p>\n<h3><span style=\"color: #0e5199;\"><strong>Legge n.132 del 29.09.2025 (Legge <em>AI<\/em>): Le novit\u00e0 in materia penale.<\/strong><\/span><\/h3>\n<p>[\/vc_column_text][vc_empty_space height=&#8221;50px&#8221;][\/vc_column][\/vc_row][vc_row][vc_column][vc_column_text css=&#8221;&#8221;]<span style=\"color: #333333;\">La Legge n. 132 del 29 settembre 2025 (c.d. Legge <em>A.I.<\/em>, <em>hinc<\/em> \u201cla Legge\u201d), recante disposizioni in materiale di intelligenza artificiale, ha introdotto il delitto <em>ex<\/em> art. 612 <em>quater<\/em> c.p., rubricato \u201c<em>illecita diffusione di contenuti generati o alterati con sistemi di intelligenza artificiale<\/em>\u201d che punisce con la reclusione da uno a cinque anni \u201c<em>chiunque cagiona un danno ingiusto ad una persona, cedendo, pubblicando o altrimenti diffondendo, senza il suo consenso, immagini, video o voci falsificati o alterati mediante l&#8217;impiego di sistemi di intelligenza artificiale e idonei a indurre in inganno sulla loro genuinit\u00e0<\/em>\u201d.<\/span><\/p>\n<p><span style=\"color: #333333;\">La norma \u2013 posta a presidio della riservatezza della persona \u2013 censura le condotte, tra loro alternative, di <em>cessione<\/em> (ad uno o pi\u00f9 specifici destinatari), della <em>pubblicazione<\/em> (che consente la fruizione dell\u2019immagine ad un pubblico indeterminato) o comunque della <em>diffusione<\/em>, di immagini, e\/o registrazioni audio e video dotate di duplice connotazione: il file multimediale deve essere (<em>i<\/em>) falsificato e\/o alterato mediante l\u2019impiego di sistemi di intelligenza artificiale e (<em>ii<\/em>) deve apparire vero (\u201c<em>idoneo ad indurre in inganno in ordine alla propria genuinit\u00e0<\/em>). Il nuovo reato colma un vuoto di tutela in riferimento alla diffusione di <em>deep fake <\/em>(le false immagini virtuali) con vittime persone maggiorenni, condotta che esulava dall\u2019ambito applicativo del reato di <em>revenge<\/em> <em>porn ex<\/em> art. 612 <em>ter<\/em> c.p..<\/span><\/p>\n<p><span style=\"color: #333333;\">Coefficiente psicologico del delitto <em>de quo<\/em> \u00e8 il dolo generico : rappresentazione e volont\u00e0 di diffondere immagini, video o audio, alterati mediante strumenti di intelligenza artificiale, contro la volont\u00e0 della persona offesa e con la consapevolezza di cagionare un danno a quest\u2019ultima.<\/span><\/p>\n<p><span style=\"color: #333333;\">Presupposto del reato \u00e8 che i contegni descritti dalla norma incriminatrice siano realizzati contro la volont\u00e0 della persona offesa. A mente del secondo comma, \u201c<em>il delitto \u00e8 punibile a querela della persona offesa\u201d<\/em>, a meno che il fatto non sia \u201c<em>connesso con altro delitto per il quale si deve procedere d&#8217;ufficio ovvero se \u00e8 commesso nei confronti di persona incapace, per et\u00e0 o per infermit\u00e0, o di una pubblica autorit\u00e0 a causa delle funzioni esercitate<\/em>\u201d.<\/span><\/p>\n<p><span style=\"color: #333333;\">Accanto alla nuova fattispecie incriminatrice, la Legge ha introdotto nuova aggravante comune (art. 61, n. 11-<em>undecies<\/em>) che prevede aumento di pena fino ad un terzo nel caso in cui il fatto sia commesso \u201c<em>mediante l&#8217;impiego di sistemi di intelligenza artificiale, quando gli stessi, per la loro natura o per le modalit\u00e0 di utilizzo, abbiano costituito mezzo insidioso, ovvero quando il loro impiego abbia comunque ostacolato la pubblica o la privata difesa, ovvero aggravato le conseguenze del reato<\/em>\u201d.<\/span><\/p>\n<p><span style=\"color: #333333;\">Da ultimo, la Legge ha previsto che la commissione del fatto con l\u2019impiego di sistemi di intelligenza artificiale costituisca, per talune specifiche figure delittuose, circostanza aggravante autonoma: \u00e8 il caso (a mero titolo esemplificativo) del delitto di attentato contro i diritti politici del cittadino (art. 294 c.p.), nonch\u00e9 del delitto di <em>manipolazione del mercato in materia di intermediazione finanziaria<\/em> <em>ex<\/em> art. 185, comma 1, d.lgs. 24 febbraio 1998, n. 58.<\/span>[\/vc_column_text][vc_empty_space][vc_column_text css=&#8221;&#8221;]<\/p>\n<h5>Roma, 03 Novembre 2025\u00a0 \u00a0 \u00a0 \u00a0 \u00a0 \u00a0 \u00a0 \u00a0 \u00a0 \u00a0 \u00a0 \u00a0 \u00a0 \u00a0 \u00a0 \u00a0 \u00a0 \u00a0 \u00a0 \u00a0 \u00a0 \u00a0 \u00a0 \u00a0 \u00a0 \u00a0 \u00a0 \u00a0 \u00a0 \u00a0 \u00a0 \u00a0 \u00a0 \u00a0 \u00a0 \u00a0 <a href=\"\/?p=251\">Avvocato Carlo Zaccagnini<\/a><\/h5>\n<p>[\/vc_column_text][vc_empty_space height=&#8221;70px&#8221;][\/vc_column][\/vc_row][vc_row css=&#8221;.vc_custom_1688383983319{background-color: #1f497d !important;}&#8221;][vc_column]<div class=\"mkdf-call-to-action-holder  mkdf-normal-layout  mkdf-three-quarters-columns\">\n\n\t<div class=\"mkdf-cta-inner \">\n\t\t<div class=\"mkdf-cta-icon-holder\">\n\t\t\t<span aria-hidden=\"true\" class=\"mkdf-icon-font-elegant  \" style=\"color: #ffffff;font-size: 30px\"><\/span>\t\t<\/div>\n\t\t<div class=\"mkdf-cta-text-holder\">\n\t\t\t<div class=\"mkdf-cta-text\">\n<h2 style=\"text-align: left;\"><span style=\"color: #165253;\"><span style=\"color: #ffffff;\">Dubbi o necessit\u00e0?<\/span><br \/>\n<\/span><\/h2>\n<\/div>\n\t\t<\/div>\n\t\t<div class=\"mkdf-cta-button-holder\" >\n\t\t\t<div class=\"mkdf-cta-button\"><a itemprop=\"url\" href=\"https:\/\/carlozaccagnini.it\/it\/contatti\/\" target=\"_self\" style=\"color: #ffffff;background-color: #1a2843;border-color: #1a2843\" class=\"mkdf-btn mkdf-btn-medium mkdf-btn-solid mkdf-btn-custom-hover-bg mkdf-btn-custom-border-hover mkdf-btn-custom-hover-color\" data-hover-color=\"#1a2843\" data-hover-bg-color=\"#f2f2ef\" data-hover-border-color=\"#1a2843\" >    <span class=\"mkdf-btn-text\">CONTATTACI<\/span>    <\/a><\/div>\n\t\t<\/div>\n\t<\/div>\n<\/div>[vc_empty_space height=&#8221;40px&#8221;][\/vc_column][\/vc_row][vc_row][vc_column][vc_empty_space height=&#8221;20px&#8221;][vc_column_text]<\/p>\n<p style=\"text-align: right;\"><strong><a href=\"\/?page_id=3882\" target=\"_blank\" rel=\"noopener\">DISCLAIMER<\/a><\/strong><\/p>\n<p>[\/vc_column_text][\/vc_column][\/vc_row]<\/p>\n<\/div>","protected":false},"excerpt":{"rendered":"<p>[vc_row][vc_column][vc_row_inner][vc_column_inner width=&#8221;1\/2&#8243;][\/vc_column_inner][vc_column_inner width=&#8221;1\/2&#8243;][vc_btn title=&#8221;TORNA A PAPERS&#8221; align=&#8221;right&#8221; link=&#8221;url:https%3A%2F%2Fcarlozaccagnini.it%2Fit%2Fpapers%2F&#8221;][\/vc_column_inner][\/vc_row_inner][vc_empty_space height=&#8221;10px&#8221;][vc_column_text css=&#8221;&#8221;] Legge n.132 del 29.09.2025 (Legge AI): Le novit\u00e0 in materia penale. [\/vc_column_text][vc_empty_space height=&#8221;50px&#8221;][\/vc_column][\/vc_row][vc_row][vc_column][vc_column_text css=&#8221;&#8221;]La Legge n. 132 del 29 settembre [&hellip;]<\/p>\n","protected":false},"author":2,"featured_media":0,"parent":4116,"menu_order":0,"comment_status":"closed","ping_status":"closed","template":"","meta":{"footnotes":""},"class_list":["post-7171","page","type-page","status-publish","hentry"],"yoast_head":"<!-- This site is optimized with the Yoast SEO plugin v27.3 - https:\/\/yoast.com\/product\/yoast-seo-wordpress\/ -->\n<title>Legge n. 132\/2025 sulla AI: le novit\u00e0 in materia penale | Studio Legale Avv. Carlo Zaccagnini<\/title>\n<meta name=\"description\" content=\"La Legge n. 132 del 29 settembre 2025 (c.d. Legge AI) recante disposizioni in materiale di intelligenza artificiale, ha introdotto il delitto ex art. 612 quater c.p. rubricato \u201cillecita diffusione di contenuti generati o alterati con sistemi di intelligenza artificiale&quot;.\" \/>\n<meta name=\"robots\" content=\"index, follow, max-snippet:-1, max-image-preview:large, max-video-preview:-1\" \/>\n<link rel=\"canonical\" href=\"https:\/\/carlozaccagnini.it\/it\/papers\/legge-su-ai-le-novita-in-materia-penale\/\" \/>\n<meta property=\"og:locale\" content=\"it_IT\" \/>\n<meta property=\"og:type\" content=\"article\" \/>\n<meta property=\"og:title\" content=\"Legge n. 132\/2025 sulla AI: le novit\u00e0 in materia penale | Studio Legale Avv. Carlo Zaccagnini\" \/>\n<meta property=\"og:description\" content=\"La Legge n. 132 del 29 settembre 2025 (c.d. Legge AI) recante disposizioni in materiale di intelligenza artificiale, ha introdotto il delitto ex art. 612 quater c.p. rubricato \u201cillecita diffusione di contenuti generati o alterati con sistemi di intelligenza artificiale&quot;.\" \/>\n<meta property=\"og:url\" content=\"https:\/\/carlozaccagnini.it\/it\/papers\/legge-su-ai-le-novita-in-materia-penale\/\" \/>\n<meta property=\"og:site_name\" content=\"Studio Legale Avv. Carlo Zaccagnini\" \/>\n<meta property=\"article:modified_time\" content=\"2025-11-10T17:56:37+00:00\" \/>\n<meta name=\"twitter:card\" content=\"summary_large_image\" \/>\n<meta name=\"twitter:label1\" content=\"Tempo di lettura stimato\" \/>\n\t<meta name=\"twitter:data1\" content=\"3 minuti\" \/>\n<script type=\"application\/ld+json\" class=\"yoast-schema-graph\">{\"@context\":\"https:\\\/\\\/schema.org\",\"@graph\":[{\"@type\":\"WebPage\",\"@id\":\"https:\\\/\\\/carlozaccagnini.it\\\/it\\\/papers\\\/legge-su-ai-le-novita-in-materia-penale\\\/\",\"url\":\"https:\\\/\\\/carlozaccagnini.it\\\/it\\\/papers\\\/legge-su-ai-le-novita-in-materia-penale\\\/\",\"name\":\"Legge n. 132\\\/2025 sulla AI: le novit\u00e0 in materia penale | Studio Legale Avv. Carlo Zaccagnini\",\"isPartOf\":{\"@id\":\"https:\\\/\\\/carlozaccagnini.it\\\/it\\\/#website\"},\"datePublished\":\"2025-11-03T17:10:30+00:00\",\"dateModified\":\"2025-11-10T17:56:37+00:00\",\"description\":\"La Legge n. 132 del 29 settembre 2025 (c.d. Legge AI) recante disposizioni in materiale di intelligenza artificiale, ha introdotto il delitto ex art. 612 quater c.p. rubricato \u201cillecita diffusione di contenuti generati o alterati con sistemi di intelligenza artificiale\\\".\",\"breadcrumb\":{\"@id\":\"https:\\\/\\\/carlozaccagnini.it\\\/it\\\/papers\\\/legge-su-ai-le-novita-in-materia-penale\\\/#breadcrumb\"},\"inLanguage\":\"it-IT\",\"potentialAction\":[{\"@type\":\"ReadAction\",\"target\":[\"https:\\\/\\\/carlozaccagnini.it\\\/it\\\/papers\\\/legge-su-ai-le-novita-in-materia-penale\\\/\"]}]},{\"@type\":\"BreadcrumbList\",\"@id\":\"https:\\\/\\\/carlozaccagnini.it\\\/it\\\/papers\\\/legge-su-ai-le-novita-in-materia-penale\\\/#breadcrumb\",\"itemListElement\":[{\"@type\":\"ListItem\",\"position\":1,\"name\":\"Home\",\"item\":\"https:\\\/\\\/carlozaccagnini.it\\\/it\\\/\"},{\"@type\":\"ListItem\",\"position\":2,\"name\":\"White Papers\",\"item\":\"https:\\\/\\\/carlozaccagnini.it\\\/it\\\/papers\\\/\"},{\"@type\":\"ListItem\",\"position\":3,\"name\":\"Legge n. 132\\\/2025 sulla AI: le novit\u00e0 in materia penale\"}]},{\"@type\":\"WebSite\",\"@id\":\"https:\\\/\\\/carlozaccagnini.it\\\/it\\\/#website\",\"url\":\"https:\\\/\\\/carlozaccagnini.it\\\/it\\\/\",\"name\":\"Studio Legale Avv. Carlo Zaccagnini\",\"description\":\"White Collar Crime Defence\",\"publisher\":{\"@id\":\"https:\\\/\\\/carlozaccagnini.it\\\/it\\\/#organization\"},\"potentialAction\":[{\"@type\":\"SearchAction\",\"target\":{\"@type\":\"EntryPoint\",\"urlTemplate\":\"https:\\\/\\\/carlozaccagnini.it\\\/it\\\/?s={search_term_string}\"},\"query-input\":{\"@type\":\"PropertyValueSpecification\",\"valueRequired\":true,\"valueName\":\"search_term_string\"}}],\"inLanguage\":\"it-IT\"},{\"@type\":\"Organization\",\"@id\":\"https:\\\/\\\/carlozaccagnini.it\\\/it\\\/#organization\",\"name\":\"Studio Legale Carlo Zaccagnini\",\"url\":\"https:\\\/\\\/carlozaccagnini.it\\\/it\\\/\",\"logo\":{\"@type\":\"ImageObject\",\"inLanguage\":\"it-IT\",\"@id\":\"https:\\\/\\\/carlozaccagnini.it\\\/it\\\/#\\\/schema\\\/logo\\\/image\\\/\",\"url\":\"https:\\\/\\\/carlozaccagnini.it\\\/wp-content\\\/uploads\\\/2018\\\/09\\\/cropped-icona.jpg\",\"contentUrl\":\"https:\\\/\\\/carlozaccagnini.it\\\/wp-content\\\/uploads\\\/2018\\\/09\\\/cropped-icona.jpg\",\"width\":512,\"height\":512,\"caption\":\"Studio Legale Carlo Zaccagnini\"},\"image\":{\"@id\":\"https:\\\/\\\/carlozaccagnini.it\\\/it\\\/#\\\/schema\\\/logo\\\/image\\\/\"}}]}<\/script>\n<!-- \/ Yoast SEO plugin. -->","yoast_head_json":{"title":"Legge n. 132\/2025 sulla AI: le novit\u00e0 in materia penale | Studio Legale Avv. Carlo Zaccagnini","description":"La Legge n. 132 del 29 settembre 2025 (c.d. Legge AI) recante disposizioni in materiale di intelligenza artificiale, ha introdotto il delitto ex art. 612 quater c.p. rubricato \u201cillecita diffusione di contenuti generati o alterati con sistemi di intelligenza artificiale\".","robots":{"index":"index","follow":"follow","max-snippet":"max-snippet:-1","max-image-preview":"max-image-preview:large","max-video-preview":"max-video-preview:-1"},"canonical":"https:\/\/carlozaccagnini.it\/it\/papers\/legge-su-ai-le-novita-in-materia-penale\/","og_locale":"it_IT","og_type":"article","og_title":"Legge n. 132\/2025 sulla AI: le novit\u00e0 in materia penale | Studio Legale Avv. Carlo Zaccagnini","og_description":"La Legge n. 132 del 29 settembre 2025 (c.d. Legge AI) recante disposizioni in materiale di intelligenza artificiale, ha introdotto il delitto ex art. 612 quater c.p. rubricato \u201cillecita diffusione di contenuti generati o alterati con sistemi di intelligenza artificiale\".","og_url":"https:\/\/carlozaccagnini.it\/it\/papers\/legge-su-ai-le-novita-in-materia-penale\/","og_site_name":"Studio Legale Avv. Carlo Zaccagnini","article_modified_time":"2025-11-10T17:56:37+00:00","twitter_card":"summary_large_image","twitter_misc":{"Tempo di lettura stimato":"3 minuti"},"schema":{"@context":"https:\/\/schema.org","@graph":[{"@type":"WebPage","@id":"https:\/\/carlozaccagnini.it\/it\/papers\/legge-su-ai-le-novita-in-materia-penale\/","url":"https:\/\/carlozaccagnini.it\/it\/papers\/legge-su-ai-le-novita-in-materia-penale\/","name":"Legge n. 132\/2025 sulla AI: le novit\u00e0 in materia penale | Studio Legale Avv. Carlo Zaccagnini","isPartOf":{"@id":"https:\/\/carlozaccagnini.it\/it\/#website"},"datePublished":"2025-11-03T17:10:30+00:00","dateModified":"2025-11-10T17:56:37+00:00","description":"La Legge n. 132 del 29 settembre 2025 (c.d. Legge AI) recante disposizioni in materiale di intelligenza artificiale, ha introdotto il delitto ex art. 612 quater c.p. rubricato \u201cillecita diffusione di contenuti generati o alterati con sistemi di intelligenza artificiale\".","breadcrumb":{"@id":"https:\/\/carlozaccagnini.it\/it\/papers\/legge-su-ai-le-novita-in-materia-penale\/#breadcrumb"},"inLanguage":"it-IT","potentialAction":[{"@type":"ReadAction","target":["https:\/\/carlozaccagnini.it\/it\/papers\/legge-su-ai-le-novita-in-materia-penale\/"]}]},{"@type":"BreadcrumbList","@id":"https:\/\/carlozaccagnini.it\/it\/papers\/legge-su-ai-le-novita-in-materia-penale\/#breadcrumb","itemListElement":[{"@type":"ListItem","position":1,"name":"Home","item":"https:\/\/carlozaccagnini.it\/it\/"},{"@type":"ListItem","position":2,"name":"White Papers","item":"https:\/\/carlozaccagnini.it\/it\/papers\/"},{"@type":"ListItem","position":3,"name":"Legge n. 132\/2025 sulla AI: le novit\u00e0 in materia penale"}]},{"@type":"WebSite","@id":"https:\/\/carlozaccagnini.it\/it\/#website","url":"https:\/\/carlozaccagnini.it\/it\/","name":"Studio Legale Avv. Carlo Zaccagnini","description":"White Collar Crime Defence","publisher":{"@id":"https:\/\/carlozaccagnini.it\/it\/#organization"},"potentialAction":[{"@type":"SearchAction","target":{"@type":"EntryPoint","urlTemplate":"https:\/\/carlozaccagnini.it\/it\/?s={search_term_string}"},"query-input":{"@type":"PropertyValueSpecification","valueRequired":true,"valueName":"search_term_string"}}],"inLanguage":"it-IT"},{"@type":"Organization","@id":"https:\/\/carlozaccagnini.it\/it\/#organization","name":"Studio Legale Carlo Zaccagnini","url":"https:\/\/carlozaccagnini.it\/it\/","logo":{"@type":"ImageObject","inLanguage":"it-IT","@id":"https:\/\/carlozaccagnini.it\/it\/#\/schema\/logo\/image\/","url":"https:\/\/carlozaccagnini.it\/wp-content\/uploads\/2018\/09\/cropped-icona.jpg","contentUrl":"https:\/\/carlozaccagnini.it\/wp-content\/uploads\/2018\/09\/cropped-icona.jpg","width":512,"height":512,"caption":"Studio Legale Carlo Zaccagnini"},"image":{"@id":"https:\/\/carlozaccagnini.it\/it\/#\/schema\/logo\/image\/"}}]}},"_links":{"self":[{"href":"https:\/\/carlozaccagnini.it\/it\/wp-json\/wp\/v2\/pages\/7171","targetHints":{"allow":["GET"]}}],"collection":[{"href":"https:\/\/carlozaccagnini.it\/it\/wp-json\/wp\/v2\/pages"}],"about":[{"href":"https:\/\/carlozaccagnini.it\/it\/wp-json\/wp\/v2\/types\/page"}],"author":[{"embeddable":true,"href":"https:\/\/carlozaccagnini.it\/it\/wp-json\/wp\/v2\/users\/2"}],"replies":[{"embeddable":true,"href":"https:\/\/carlozaccagnini.it\/it\/wp-json\/wp\/v2\/comments?post=7171"}],"version-history":[{"count":2,"href":"https:\/\/carlozaccagnini.it\/it\/wp-json\/wp\/v2\/pages\/7171\/revisions"}],"predecessor-version":[{"id":7187,"href":"https:\/\/carlozaccagnini.it\/it\/wp-json\/wp\/v2\/pages\/7171\/revisions\/7187"}],"up":[{"embeddable":true,"href":"https:\/\/carlozaccagnini.it\/it\/wp-json\/wp\/v2\/pages\/4116"}],"wp:attachment":[{"href":"https:\/\/carlozaccagnini.it\/it\/wp-json\/wp\/v2\/media?parent=7171"}],"curies":[{"name":"wp","href":"https:\/\/api.w.org\/{rel}","templated":true}]}}