{"id":7089,"date":"2025-07-21T17:06:56","date_gmt":"2025-07-21T15:06:56","guid":{"rendered":"https:\/\/carlozaccagnini.it\/?page_id=7089"},"modified":"2025-08-01T12:57:20","modified_gmt":"2025-08-01T10:57:20","slug":"evasione-mediante-fatture-relative-a-operazioni-inesistenti","status":"publish","type":"page","link":"https:\/\/carlozaccagnini.it\/it\/papers\/evasione-mediante-fatture-relative-a-operazioni-inesistenti\/","title":{"rendered":"Evasione mediante fatture relative a operazioni inesistenti"},"content":{"rendered":"<div class=\"wpb-content-wrapper\"><p>[vc_row][vc_column][vc_row_inner][vc_column_inner width=&#8221;1\/2&#8243;][\/vc_column_inner][vc_column_inner width=&#8221;1\/2&#8243;][vc_btn title=&#8221;TORNA A PAPERS&#8221; align=&#8221;right&#8221; link=&#8221;url:https%3A%2F%2Fcarlozaccagnini.it%2Fit%2Fpapers%2F&#8221;][\/vc_column_inner][\/vc_row_inner][vc_empty_space height=&#8221;10px&#8221;][vc_column_text css=&#8221;&#8221;]<\/p>\n<h3>Evasione mediante fatture relative a operazioni inesistenti<\/h3>\n<p>[\/vc_column_text][vc_empty_space height=&#8221;50px&#8221;][\/vc_column][\/vc_row][vc_row][vc_column][vc_column_text css=&#8221;&#8221;]<span style=\"color: #000000;\"><strong>Commento sentenza Cass. 25825 del 14 luglio 2025<\/strong><\/span><\/p>\n<p><span style=\"color: #000000;\">La Corte d\u2019Appello di Trieste confermava la sentenza di condanna pronunciata in primo grado nei confronti di una imprenditrice individuale, riconosciuta colpevole del delitto <em>ex<\/em> art. 2 del D.lgs.<strong>vo<\/strong> n. 74\/2000. L\u2019imputata, al fine di evadere le imposte sui redditi e sul valore aggiunto, aveva utilizzato sette fatture relative a operazioni inesistenti, indicando, nella dichiarazione annuale dei redditi del 25 settembre 2015, elementi passivi fittizi.<\/span><\/p>\n<p><span style=\"color: #000000;\">Il ricorrente lamentava, quale primo motivo, la violazione del principio del <em>ne bis in idem<\/em>. Osservava come per il medesimo fatto, in relazione alla medesima dichiarazione e alla stessa imposta evasa (imposta sul reddito), era gi\u00e0 stata irrevocabilmente pronunciata, nei confronti della donna, sentenza di assoluzione da parte del Tribunale di Udine nel 2019.<\/span><\/p>\n<p><span style=\"color: #000000;\">La Suprema Corte accoglieva il ricorso, ritenendo fondato e assorbente il primo motivo. I giudici di legittimit\u00e0 ripercorrevano la sentenza del Tribunale di Udine del 2019, con la quale l\u2019imputata era stata assolta. In quel procedimento si contestava l\u2019utilizzo di dodici fatture per operazioni inesistenti emesse nel 2014, anch\u2019esse confluite nella dichiarazione dei redditi presentata il 25 settembre 2015, la stessa del procedimento in esame. \u00a0<\/span><\/p>\n<p><span style=\"color: #000000;\">Confermato che in entrambi i procedimenti l\u2019imposta oggetto di evasione risultava essere l\u2019imposta sul reddito e non l\u2019IVA, come invece ritenuto dalla Corte d\u2019Appello, i giudici di legittimit\u00e0 ritenevano sussistente la violazione del principio del <em>ne bis in idem<\/em>.<\/span><\/p>\n<p><span style=\"color: #000000;\">Segnatamente affermavano \u201c<em>il reato di dichiarazione fraudolenta mediante uso di fatture o altri documenti per operazioni inesistenti si consuma nel momento della presentazione della dichiarazione e non gi\u00e0 nel momento in cui detti documenti vengono registrati in contabilit\u00e0, sicch\u00e9, se la dichiarazione \u00e8 unica, unico \u00e8 il reato commesso pur se i documenti utilizzati siano plurimi o abbiano diversi destinatari<\/em>\u201d. Di conseguenza \u00e8 irrilevante il numero delle fatture o degli altri documenti utilizzati per abbattere i costi poich\u00e9 la registrazione di tali documenti rappresenta solo un\u2019attivit\u00e0 prodromica alla realizzazione del reato <em>ex<\/em> art. 2 del D.lgs. n. 74\/2000.<\/span><\/p>\n<p>&nbsp;<\/p>\n<p><span style=\"color: #000000;\">Per tali ragioni, la Corte annullava senza rinvio la sentenza impugnata ai sensi dell\u2019art. 649 c.p.p., rilevando l\u2019improcedibilit\u00e0 dell\u2019azione penale sin dall\u2019origine, essendo il giudizio di primo grado stato instaurato nonostante la preesistenza di una sentenza irrevocabile di assoluzione per il medesimo fatto.<\/span>[\/vc_column_text][vc_empty_space][vc_column_text css=&#8221;&#8221;]<\/p>\n<h5>Roma, 21 Luglio 2025 \u00a0\u00a0\u00a0\u00a0\u00a0\u00a0\u00a0\u00a0\u00a0\u00a0\u00a0\u00a0\u00a0\u00a0\u00a0\u00a0\u00a0\u00a0\u00a0\u00a0\u00a0\u00a0\u00a0\u00a0\u00a0\u00a0\u00a0\u00a0\u00a0\u00a0\u00a0\u00a0\u00a0\u00a0\u00a0\u00a0\u00a0\u00a0\u00a0\u00a0\u00a0\u00a0\u00a0\u00a0\u00a0\u00a0 \u00a0 \u00a0 \u00a0 \u00a0 \u00a0 \u00a0 \u00a0 \u00a0 \u00a0 \u00a0 \u00a0 \u00a0 \u00a0 \u00a0 \u00a0 \u00a0 \u00a0 \u00a0\u00a0 <a href=\"https:\/\/carlozaccagnini.it\/it\/professionisti\/carlo-zaccagnini\/\">Avvocato Carlo Zaccagnini<\/a><\/h5>\n<p>[\/vc_column_text][vc_empty_space height=&#8221;70px&#8221;][\/vc_column][\/vc_row][vc_row css=&#8221;.vc_custom_1688383983319{background-color: #1f497d !important;}&#8221;][vc_column]<div class=\"mkdf-call-to-action-holder  mkdf-normal-layout  mkdf-three-quarters-columns\">\n\n\t<div class=\"mkdf-cta-inner \">\n\t\t<div class=\"mkdf-cta-icon-holder\">\n\t\t\t<span aria-hidden=\"true\" class=\"mkdf-icon-font-elegant  \" style=\"color: #ffffff;font-size: 30px\"><\/span>\t\t<\/div>\n\t\t<div class=\"mkdf-cta-text-holder\">\n\t\t\t<div class=\"mkdf-cta-text\">\n<h2 style=\"text-align: left;\"><span style=\"color: #165253;\"><span style=\"color: #ffffff;\">Dubbi o necessit\u00e0?<\/span><br \/>\n<\/span><\/h2>\n<\/div>\n\t\t<\/div>\n\t\t<div class=\"mkdf-cta-button-holder\" >\n\t\t\t<div class=\"mkdf-cta-button\"><a itemprop=\"url\" href=\"https:\/\/carlozaccagnini.it\/it\/contatti\/\" target=\"_self\" style=\"color: #ffffff;background-color: #1a2843;border-color: #1a2843\" class=\"mkdf-btn mkdf-btn-medium mkdf-btn-solid mkdf-btn-custom-hover-bg mkdf-btn-custom-border-hover mkdf-btn-custom-hover-color\" data-hover-color=\"#1a2843\" data-hover-bg-color=\"#f2f2ef\" data-hover-border-color=\"#1a2843\" >    <span class=\"mkdf-btn-text\">CONTATTACI<\/span>    <\/a><\/div>\n\t\t<\/div>\n\t<\/div>\n<\/div>[vc_empty_space height=&#8221;40px&#8221;][\/vc_column][\/vc_row][vc_row][vc_column][vc_empty_space height=&#8221;20px&#8221;][vc_column_text]<\/p>\n<p style=\"text-align: right;\"><strong><a href=\"https:\/\/carlozaccagnini.it\/it\/disclaimer\/\" target=\"_blank\" rel=\"noopener\">DISCLAIMER<\/a><\/strong><\/p>\n<p>[\/vc_column_text][\/vc_column][\/vc_row]<\/p>\n<\/div>","protected":false},"excerpt":{"rendered":"<p>[vc_row][vc_column][vc_row_inner][vc_column_inner width=&#8221;1\/2&#8243;][\/vc_column_inner][vc_column_inner width=&#8221;1\/2&#8243;][vc_btn title=&#8221;TORNA A PAPERS&#8221; align=&#8221;right&#8221; link=&#8221;url:https%3A%2F%2Fcarlozaccagnini.it%2Fit%2Fpapers%2F&#8221;][\/vc_column_inner][\/vc_row_inner][vc_empty_space height=&#8221;10px&#8221;][vc_column_text css=&#8221;&#8221;] Evasione mediante fatture relative a operazioni inesistenti [\/vc_column_text][vc_empty_space height=&#8221;50px&#8221;][\/vc_column][\/vc_row][vc_row][vc_column][vc_column_text css=&#8221;&#8221;]Commento sentenza Cass. 25825 del 14 luglio 2025 La Corte d\u2019Appello [&hellip;]<\/p>\n","protected":false},"author":2,"featured_media":0,"parent":4116,"menu_order":0,"comment_status":"closed","ping_status":"closed","template":"","meta":{"footnotes":""},"class_list":["post-7089","page","type-page","status-publish","hentry"],"yoast_head":"<!-- This site is optimized with the Yoast SEO plugin v27.3 - https:\/\/yoast.com\/product\/yoast-seo-wordpress\/ -->\n<title>Evasione mediante fatture relative a operazioni inesistenti | Studio Legale Avv. Carlo Zaccagnini<\/title>\n<meta name=\"description\" content=\"Evasione di imposte sui redditi e sul valore aggiunto, mediante sette fatture relative a operazioni inesistenti. Commento sentenza Cass. 25825 del 14 luglio 2025.\" \/>\n<meta name=\"robots\" content=\"index, follow, max-snippet:-1, max-image-preview:large, max-video-preview:-1\" \/>\n<link rel=\"canonical\" href=\"https:\/\/carlozaccagnini.it\/it\/papers\/evasione-mediante-fatture-relative-a-operazioni-inesistenti\/\" \/>\n<meta property=\"og:locale\" content=\"it_IT\" \/>\n<meta property=\"og:type\" content=\"article\" \/>\n<meta property=\"og:title\" content=\"Evasione mediante fatture relative a operazioni inesistenti | Studio Legale Avv. Carlo Zaccagnini\" \/>\n<meta property=\"og:description\" content=\"Evasione di imposte sui redditi e sul valore aggiunto, mediante sette fatture relative a operazioni inesistenti. Commento sentenza Cass. 25825 del 14 luglio 2025.\" \/>\n<meta property=\"og:url\" content=\"https:\/\/carlozaccagnini.it\/it\/papers\/evasione-mediante-fatture-relative-a-operazioni-inesistenti\/\" \/>\n<meta property=\"og:site_name\" content=\"Studio Legale Avv. Carlo Zaccagnini\" \/>\n<meta property=\"article:modified_time\" content=\"2025-08-01T10:57:20+00:00\" \/>\n<meta name=\"twitter:card\" content=\"summary_large_image\" \/>\n<meta name=\"twitter:label1\" content=\"Tempo di lettura stimato\" \/>\n\t<meta name=\"twitter:data1\" content=\"3 minuti\" \/>\n<script type=\"application\/ld+json\" class=\"yoast-schema-graph\">{\"@context\":\"https:\\\/\\\/schema.org\",\"@graph\":[{\"@type\":\"WebPage\",\"@id\":\"https:\\\/\\\/carlozaccagnini.it\\\/it\\\/papers\\\/evasione-mediante-fatture-relative-a-operazioni-inesistenti\\\/\",\"url\":\"https:\\\/\\\/carlozaccagnini.it\\\/it\\\/papers\\\/evasione-mediante-fatture-relative-a-operazioni-inesistenti\\\/\",\"name\":\"Evasione mediante fatture relative a operazioni inesistenti | Studio Legale Avv. Carlo Zaccagnini\",\"isPartOf\":{\"@id\":\"https:\\\/\\\/carlozaccagnini.it\\\/it\\\/#website\"},\"datePublished\":\"2025-07-21T15:06:56+00:00\",\"dateModified\":\"2025-08-01T10:57:20+00:00\",\"description\":\"Evasione di imposte sui redditi e sul valore aggiunto, mediante sette fatture relative a operazioni inesistenti. Commento sentenza Cass. 25825 del 14 luglio 2025.\",\"breadcrumb\":{\"@id\":\"https:\\\/\\\/carlozaccagnini.it\\\/it\\\/papers\\\/evasione-mediante-fatture-relative-a-operazioni-inesistenti\\\/#breadcrumb\"},\"inLanguage\":\"it-IT\",\"potentialAction\":[{\"@type\":\"ReadAction\",\"target\":[\"https:\\\/\\\/carlozaccagnini.it\\\/it\\\/papers\\\/evasione-mediante-fatture-relative-a-operazioni-inesistenti\\\/\"]}]},{\"@type\":\"BreadcrumbList\",\"@id\":\"https:\\\/\\\/carlozaccagnini.it\\\/it\\\/papers\\\/evasione-mediante-fatture-relative-a-operazioni-inesistenti\\\/#breadcrumb\",\"itemListElement\":[{\"@type\":\"ListItem\",\"position\":1,\"name\":\"Home\",\"item\":\"https:\\\/\\\/carlozaccagnini.it\\\/it\\\/\"},{\"@type\":\"ListItem\",\"position\":2,\"name\":\"White Papers\",\"item\":\"https:\\\/\\\/carlozaccagnini.it\\\/it\\\/papers\\\/\"},{\"@type\":\"ListItem\",\"position\":3,\"name\":\"Evasione mediante fatture relative a operazioni inesistenti\"}]},{\"@type\":\"WebSite\",\"@id\":\"https:\\\/\\\/carlozaccagnini.it\\\/it\\\/#website\",\"url\":\"https:\\\/\\\/carlozaccagnini.it\\\/it\\\/\",\"name\":\"Studio Legale Avv. Carlo Zaccagnini\",\"description\":\"White Collar Crime Defence\",\"publisher\":{\"@id\":\"https:\\\/\\\/carlozaccagnini.it\\\/it\\\/#organization\"},\"potentialAction\":[{\"@type\":\"SearchAction\",\"target\":{\"@type\":\"EntryPoint\",\"urlTemplate\":\"https:\\\/\\\/carlozaccagnini.it\\\/it\\\/?s={search_term_string}\"},\"query-input\":{\"@type\":\"PropertyValueSpecification\",\"valueRequired\":true,\"valueName\":\"search_term_string\"}}],\"inLanguage\":\"it-IT\"},{\"@type\":\"Organization\",\"@id\":\"https:\\\/\\\/carlozaccagnini.it\\\/it\\\/#organization\",\"name\":\"Studio Legale Carlo Zaccagnini\",\"url\":\"https:\\\/\\\/carlozaccagnini.it\\\/it\\\/\",\"logo\":{\"@type\":\"ImageObject\",\"inLanguage\":\"it-IT\",\"@id\":\"https:\\\/\\\/carlozaccagnini.it\\\/it\\\/#\\\/schema\\\/logo\\\/image\\\/\",\"url\":\"https:\\\/\\\/carlozaccagnini.it\\\/wp-content\\\/uploads\\\/2018\\\/09\\\/cropped-icona.jpg\",\"contentUrl\":\"https:\\\/\\\/carlozaccagnini.it\\\/wp-content\\\/uploads\\\/2018\\\/09\\\/cropped-icona.jpg\",\"width\":512,\"height\":512,\"caption\":\"Studio Legale Carlo Zaccagnini\"},\"image\":{\"@id\":\"https:\\\/\\\/carlozaccagnini.it\\\/it\\\/#\\\/schema\\\/logo\\\/image\\\/\"}}]}<\/script>\n<!-- \/ Yoast SEO plugin. -->","yoast_head_json":{"title":"Evasione mediante fatture relative a operazioni inesistenti | Studio Legale Avv. Carlo Zaccagnini","description":"Evasione di imposte sui redditi e sul valore aggiunto, mediante sette fatture relative a operazioni inesistenti. Commento sentenza Cass. 25825 del 14 luglio 2025.","robots":{"index":"index","follow":"follow","max-snippet":"max-snippet:-1","max-image-preview":"max-image-preview:large","max-video-preview":"max-video-preview:-1"},"canonical":"https:\/\/carlozaccagnini.it\/it\/papers\/evasione-mediante-fatture-relative-a-operazioni-inesistenti\/","og_locale":"it_IT","og_type":"article","og_title":"Evasione mediante fatture relative a operazioni inesistenti | Studio Legale Avv. Carlo Zaccagnini","og_description":"Evasione di imposte sui redditi e sul valore aggiunto, mediante sette fatture relative a operazioni inesistenti. Commento sentenza Cass. 25825 del 14 luglio 2025.","og_url":"https:\/\/carlozaccagnini.it\/it\/papers\/evasione-mediante-fatture-relative-a-operazioni-inesistenti\/","og_site_name":"Studio Legale Avv. Carlo Zaccagnini","article_modified_time":"2025-08-01T10:57:20+00:00","twitter_card":"summary_large_image","twitter_misc":{"Tempo di lettura stimato":"3 minuti"},"schema":{"@context":"https:\/\/schema.org","@graph":[{"@type":"WebPage","@id":"https:\/\/carlozaccagnini.it\/it\/papers\/evasione-mediante-fatture-relative-a-operazioni-inesistenti\/","url":"https:\/\/carlozaccagnini.it\/it\/papers\/evasione-mediante-fatture-relative-a-operazioni-inesistenti\/","name":"Evasione mediante fatture relative a operazioni inesistenti | Studio Legale Avv. Carlo Zaccagnini","isPartOf":{"@id":"https:\/\/carlozaccagnini.it\/it\/#website"},"datePublished":"2025-07-21T15:06:56+00:00","dateModified":"2025-08-01T10:57:20+00:00","description":"Evasione di imposte sui redditi e sul valore aggiunto, mediante sette fatture relative a operazioni inesistenti. Commento sentenza Cass. 25825 del 14 luglio 2025.","breadcrumb":{"@id":"https:\/\/carlozaccagnini.it\/it\/papers\/evasione-mediante-fatture-relative-a-operazioni-inesistenti\/#breadcrumb"},"inLanguage":"it-IT","potentialAction":[{"@type":"ReadAction","target":["https:\/\/carlozaccagnini.it\/it\/papers\/evasione-mediante-fatture-relative-a-operazioni-inesistenti\/"]}]},{"@type":"BreadcrumbList","@id":"https:\/\/carlozaccagnini.it\/it\/papers\/evasione-mediante-fatture-relative-a-operazioni-inesistenti\/#breadcrumb","itemListElement":[{"@type":"ListItem","position":1,"name":"Home","item":"https:\/\/carlozaccagnini.it\/it\/"},{"@type":"ListItem","position":2,"name":"White Papers","item":"https:\/\/carlozaccagnini.it\/it\/papers\/"},{"@type":"ListItem","position":3,"name":"Evasione mediante fatture relative a operazioni inesistenti"}]},{"@type":"WebSite","@id":"https:\/\/carlozaccagnini.it\/it\/#website","url":"https:\/\/carlozaccagnini.it\/it\/","name":"Studio Legale Avv. Carlo Zaccagnini","description":"White Collar Crime Defence","publisher":{"@id":"https:\/\/carlozaccagnini.it\/it\/#organization"},"potentialAction":[{"@type":"SearchAction","target":{"@type":"EntryPoint","urlTemplate":"https:\/\/carlozaccagnini.it\/it\/?s={search_term_string}"},"query-input":{"@type":"PropertyValueSpecification","valueRequired":true,"valueName":"search_term_string"}}],"inLanguage":"it-IT"},{"@type":"Organization","@id":"https:\/\/carlozaccagnini.it\/it\/#organization","name":"Studio Legale Carlo Zaccagnini","url":"https:\/\/carlozaccagnini.it\/it\/","logo":{"@type":"ImageObject","inLanguage":"it-IT","@id":"https:\/\/carlozaccagnini.it\/it\/#\/schema\/logo\/image\/","url":"https:\/\/carlozaccagnini.it\/wp-content\/uploads\/2018\/09\/cropped-icona.jpg","contentUrl":"https:\/\/carlozaccagnini.it\/wp-content\/uploads\/2018\/09\/cropped-icona.jpg","width":512,"height":512,"caption":"Studio Legale Carlo Zaccagnini"},"image":{"@id":"https:\/\/carlozaccagnini.it\/it\/#\/schema\/logo\/image\/"}}]}},"_links":{"self":[{"href":"https:\/\/carlozaccagnini.it\/it\/wp-json\/wp\/v2\/pages\/7089","targetHints":{"allow":["GET"]}}],"collection":[{"href":"https:\/\/carlozaccagnini.it\/it\/wp-json\/wp\/v2\/pages"}],"about":[{"href":"https:\/\/carlozaccagnini.it\/it\/wp-json\/wp\/v2\/types\/page"}],"author":[{"embeddable":true,"href":"https:\/\/carlozaccagnini.it\/it\/wp-json\/wp\/v2\/users\/2"}],"replies":[{"embeddable":true,"href":"https:\/\/carlozaccagnini.it\/it\/wp-json\/wp\/v2\/comments?post=7089"}],"version-history":[{"count":1,"href":"https:\/\/carlozaccagnini.it\/it\/wp-json\/wp\/v2\/pages\/7089\/revisions"}],"predecessor-version":[{"id":7090,"href":"https:\/\/carlozaccagnini.it\/it\/wp-json\/wp\/v2\/pages\/7089\/revisions\/7090"}],"up":[{"embeddable":true,"href":"https:\/\/carlozaccagnini.it\/it\/wp-json\/wp\/v2\/pages\/4116"}],"wp:attachment":[{"href":"https:\/\/carlozaccagnini.it\/it\/wp-json\/wp\/v2\/media?parent=7089"}],"curies":[{"name":"wp","href":"https:\/\/api.w.org\/{rel}","templated":true}]}}