{"id":7003,"date":"2025-04-17T13:42:59","date_gmt":"2025-04-17T11:42:59","guid":{"rendered":"https:\/\/carlozaccagnini.it\/?page_id=7003"},"modified":"2025-04-17T13:43:19","modified_gmt":"2025-04-17T11:43:19","slug":"requisiti-per-il-dolo-di-bancarotta-fraudolenta-per-operazioni-dolose","status":"publish","type":"page","link":"https:\/\/carlozaccagnini.it\/it\/papers\/requisiti-per-il-dolo-di-bancarotta-fraudolenta-per-operazioni-dolose\/","title":{"rendered":"Requisiti per il dolo di bancarotta fraudolenta per operazioni dolose"},"content":{"rendered":"<div class=\"wpb-content-wrapper\"><p>[vc_row][vc_column][vc_row_inner][vc_column_inner width=&#8221;1\/2&#8243;][\/vc_column_inner][vc_column_inner width=&#8221;1\/2&#8243;][vc_btn title=&#8221;TORNA A PAPERS&#8221; align=&#8221;right&#8221; link=&#8221;url:https%3A%2F%2Fcarlozaccagnini.it%2Fit%2Fpapers%2F&#8221;][\/vc_column_inner][\/vc_row_inner][vc_empty_space height=&#8221;10px&#8221;][vc_column_text css=&#8221;&#8221;]<\/p>\n<h3><span style=\"color: #1f497d;\"><strong>Requisiti per il dolo di bancarotta fraudolenta per operazioni dolose.<\/strong><\/span><\/h3>\n<p>[\/vc_column_text][vc_empty_space height=&#8221;50px&#8221;][\/vc_column][\/vc_row][vc_row][vc_column][vc_column_text css=&#8221;&#8221;]<span style=\"color: #333333;\"><strong>Cass. Pen., Sez. VI, Sent. 18 marzo 2025, n. 14199:<\/strong><\/span><\/p>\n<p><span style=\"color: #333333;\">Con sentenza 16\/07\/2024 la Corte d\u2019Appello di Firenze ha confermato la condanna di un\u2019amministratrice per il delitto di bancarotta impropria da operazioni dolose, <em>ex<\/em> art. 223, comma 2, n. 2. R.d. n. 267\/1942. Nel caso di specie \u00e8 stata ritenuta responsabile per aver cagionato il fallimento della societ\u00e0 attraverso operazioni dolose, con riferimento al periodo compreso tra il 2005 e il 2012, consistenti nel sistematico inadempimento di obbligazioni tributarie, contributive e previdenziali.<\/span><\/p>\n<p><span style=\"color: #333333;\">Avverso la sentenza della Corte d\u2019Appello, l\u2019imputata ha proposto ricorso in cassazione presentando quattro motivi.<\/span><\/p>\n<p><span style=\"color: #333333;\">Con il secondo lamenta la violazione dell\u2019art. 223, comma 2, n. 2. R.d. 267\/1942, per insufficienza <em>dell\u2019elemento oggettivo e soggettivo<\/em> del reato. Quanto al primo, la difesa deduce l\u2019inconsistenza dei dati su cui la condanna si fonda, ossia: il debito erariale accumulato dalla societ\u00e0 a partire dal 2005; la bancarotta preferenziale; il conferimento di un ramo d\u2019azienda nel marzo 2012 ad altra societ\u00e0, finalizzato a sottrarre il bene di maggior valore alle pretese erariali; una significativa contrazione dell\u2019esposizione nei confronti degli istituti di credito, a seguito del detto conferimento. Quanto all\u2019elemento soggettivo, il ricorrente contesta che la Corte d\u2019appello abbia omesso di considerare, ai fini dell\u2019accertamento del dolo, da un lato, le condotte attraverso le quali erano stati integralmente soddisfatti i creditori privilegiati e, in parte, anche quelli chirografari; dall\u2019altro, il fatto che fino al giugno 2009 l\u2019imputata non rivestiva alcun ruolo gestionale all\u2019interno della societ\u00e0. Ne consegue che, anche qualora si volesse far risalire la condotta dolosa al 2005, la stessa non potrebbe comunque esserle attribuita.<\/span><\/p>\n<p><span style=\"color: #333333;\">La Corte di cassazione ha respinto il primo motivo di ricorso, accogliendo, invece, il secondo con conseguente assorbimento dei restanti. I giudici di legittimit\u00e0 hanno avuto modo di ribadire che in tema di bancarotta fraudolenta patrimoniale, il concorso per omesso impedimento dell&#8217;evento dell&#8217;amministratore privo di delega \u00e8 configurabile da un lato, sulla base dell&#8217;effettiva conoscenza di fatti pregiudizievoli per la societ\u00e0 o quantomeno di \u201csegnali di allarmi inequivocabili\u201d dai quali desumere, secondo criteri propri del dolo eventuale, l&#8217;accettazione del rischio del verificarsi l&#8217;evento illecito e, dall&#8217;altro, la volont\u00e0 nella forma del dolo indiretto di non attivarsi per scongiurare detto evento (Sez. 5, n. 33582 del 13\/07\/2022, Rv. 284175-01).<\/span><\/p>\n<p><span style=\"color: #333333;\">In definitiva, la Corte territoriale omette del tutto di chiarire in base a quali elementi probatori possa affermarsi che l&#8217;amministratrice sia concretamente venuta a conoscenza che i debiti verso l&#8217;erario venissero sistematicamente pretermessi a vantaggio di altri creditori, nel periodo in cui non aveva alcun concreto potere gestorio, appannaggio di altri soggetti. N\u00e9 specifica come e perch\u00e9 l\u2019imputata potesse fare diversamente fronte alla situazione determinatasi. La Corte territoriale sar\u00e0 dunque chiamata a valutare, in maniera puntuale, se le condotte poste in essere dall\u2019imputata, tanto nel periodo in cui rivestiva il solo ruolo di presidente del Consiglio di amministrazione \u2013 priva, quindi, di concreti poteri gestori \u2013 quanto in quello successivo, in cui aveva assunto la carica di amministratrice della societ\u00e0 in questione, siano idonee a integrare tutti gli elementi, oggettivi e soggettivi, del reato a lei contestato. Ci\u00f2, al fine di scongiurare il pericolo di un addebito per colpa o per responsabilit\u00e0 oggettiva da posizione.<\/span><\/p>\n<p><span style=\"color: #333333;\">Per tali ragioni la Corte di cassazione annulla la sentenza impugnata con rinvio per nuovo giudizio ad altra sezione della Corte di appello di Firenze.<\/span>[\/vc_column_text][vc_empty_space][vc_column_text css=&#8221;&#8221;]<\/p>\n<h5>Roma, 17 Aprile 2025 \u00a0\u00a0\u00a0\u00a0\u00a0\u00a0\u00a0\u00a0\u00a0\u00a0\u00a0\u00a0\u00a0\u00a0\u00a0\u00a0\u00a0\u00a0\u00a0\u00a0\u00a0\u00a0\u00a0\u00a0\u00a0\u00a0\u00a0\u00a0\u00a0\u00a0\u00a0\u00a0\u00a0\u00a0\u00a0\u00a0\u00a0\u00a0\u00a0\u00a0\u00a0\u00a0\u00a0\u00a0\u00a0 \u00a0 \u00a0 \u00a0 \u00a0 \u00a0 \u00a0 \u00a0 \u00a0 \u00a0 \u00a0 \u00a0 \u00a0 \u00a0 \u00a0 \u00a0 \u00a0 \u00a0 \u00a0\u00a0 <a href=\"https:\/\/carlozaccagnini.it\/it\/professionisti\/carlo-zaccagnini\/\">Avvocato Carlo Zaccagnini<\/a><\/h5>\n<p>[\/vc_column_text][vc_empty_space height=&#8221;70px&#8221;][\/vc_column][\/vc_row][vc_row css=&#8221;.vc_custom_1688383983319{background-color: #1f497d !important;}&#8221;][vc_column]<div class=\"mkdf-call-to-action-holder  mkdf-normal-layout  mkdf-three-quarters-columns\">\n\n\t<div class=\"mkdf-cta-inner \">\n\t\t<div class=\"mkdf-cta-icon-holder\">\n\t\t\t<span aria-hidden=\"true\" class=\"mkdf-icon-font-elegant  \" style=\"color: #ffffff;font-size: 30px\"><\/span>\t\t<\/div>\n\t\t<div class=\"mkdf-cta-text-holder\">\n\t\t\t<div class=\"mkdf-cta-text\">\n<h2 style=\"text-align: left;\"><span style=\"color: #165253;\"><span style=\"color: #ffffff;\">Dubbi o necessit\u00e0?<\/span><br \/>\n<\/span><\/h2>\n<\/div>\n\t\t<\/div>\n\t\t<div class=\"mkdf-cta-button-holder\" >\n\t\t\t<div class=\"mkdf-cta-button\"><a itemprop=\"url\" href=\"https:\/\/carlozaccagnini.it\/it\/contatti\/\" target=\"_self\" style=\"color: #ffffff;background-color: #1a2843;border-color: #1a2843\" class=\"mkdf-btn mkdf-btn-medium mkdf-btn-solid mkdf-btn-custom-hover-bg mkdf-btn-custom-border-hover mkdf-btn-custom-hover-color\" data-hover-color=\"#1a2843\" data-hover-bg-color=\"#f2f2ef\" data-hover-border-color=\"#1a2843\" >    <span class=\"mkdf-btn-text\">CONTATTACI<\/span>    <\/a><\/div>\n\t\t<\/div>\n\t<\/div>\n<\/div>[vc_empty_space height=&#8221;40px&#8221;][\/vc_column][\/vc_row][vc_row][vc_column][vc_empty_space height=&#8221;20px&#8221;][vc_column_text]<\/p>\n<p style=\"text-align: right;\"><strong><a href=\"https:\/\/carlozaccagnini.it\/it\/disclaimer\/\" target=\"_blank\" rel=\"noopener\">DISCLAIMER<\/a><\/strong><\/p>\n<p>[\/vc_column_text][\/vc_column][\/vc_row]<\/p>\n<\/div>","protected":false},"excerpt":{"rendered":"<p>[vc_row][vc_column][vc_row_inner][vc_column_inner width=&#8221;1\/2&#8243;][\/vc_column_inner][vc_column_inner width=&#8221;1\/2&#8243;][vc_btn title=&#8221;TORNA A PAPERS&#8221; align=&#8221;right&#8221; link=&#8221;url:https%3A%2F%2Fcarlozaccagnini.it%2Fit%2Fpapers%2F&#8221;][\/vc_column_inner][\/vc_row_inner][vc_empty_space height=&#8221;10px&#8221;][vc_column_text css=&#8221;&#8221;] Requisiti per il dolo di bancarotta fraudolenta per operazioni dolose. [\/vc_column_text][vc_empty_space height=&#8221;50px&#8221;][\/vc_column][\/vc_row][vc_row][vc_column][vc_column_text css=&#8221;&#8221;]Cass. Pen., Sez. VI, Sent. 18 marzo 2025, [&hellip;]<\/p>\n","protected":false},"author":2,"featured_media":0,"parent":4116,"menu_order":0,"comment_status":"closed","ping_status":"closed","template":"","meta":{"footnotes":""},"class_list":["post-7003","page","type-page","status-publish","hentry"],"yoast_head":"<!-- This site is optimized with the Yoast SEO plugin v27.3 - https:\/\/yoast.com\/product\/yoast-seo-wordpress\/ -->\n<title>Requisiti per il dolo di bancarotta fraudolenta per operazioni dolose | Studio Legale Avv. Carlo Zaccagnini<\/title>\n<meta name=\"description\" content=\"In tema di bancarotta fraudolenta patrimoniale, il concorso per omesso impedimento dell&#039;evento dell&#039;amministratore privo di delega \u00e8 configurabile sulla base dell&#039;effettiva conoscenza di fatti pregiudizievoli per la societ\u00e0 o quantomeno di \u201csegnali di allarmi inequivocabili\u201d.\" \/>\n<meta name=\"robots\" content=\"index, follow, max-snippet:-1, max-image-preview:large, max-video-preview:-1\" \/>\n<link rel=\"canonical\" href=\"https:\/\/carlozaccagnini.it\/it\/papers\/requisiti-per-il-dolo-di-bancarotta-fraudolenta-per-operazioni-dolose\/\" \/>\n<meta property=\"og:locale\" content=\"it_IT\" \/>\n<meta property=\"og:type\" content=\"article\" \/>\n<meta property=\"og:title\" content=\"Requisiti per il dolo di bancarotta fraudolenta per operazioni dolose | Studio Legale Avv. Carlo Zaccagnini\" \/>\n<meta property=\"og:description\" content=\"In tema di bancarotta fraudolenta patrimoniale, il concorso per omesso impedimento dell&#039;evento dell&#039;amministratore privo di delega \u00e8 configurabile sulla base dell&#039;effettiva conoscenza di fatti pregiudizievoli per la societ\u00e0 o quantomeno di \u201csegnali di allarmi inequivocabili\u201d.\" \/>\n<meta property=\"og:url\" content=\"https:\/\/carlozaccagnini.it\/it\/papers\/requisiti-per-il-dolo-di-bancarotta-fraudolenta-per-operazioni-dolose\/\" \/>\n<meta property=\"og:site_name\" content=\"Studio Legale Avv. Carlo Zaccagnini\" \/>\n<meta property=\"article:modified_time\" content=\"2025-04-17T11:43:19+00:00\" \/>\n<meta name=\"twitter:card\" content=\"summary_large_image\" \/>\n<meta name=\"twitter:label1\" content=\"Tempo di lettura stimato\" \/>\n\t<meta name=\"twitter:data1\" content=\"4 minuti\" \/>\n<script type=\"application\/ld+json\" class=\"yoast-schema-graph\">{\"@context\":\"https:\\\/\\\/schema.org\",\"@graph\":[{\"@type\":\"WebPage\",\"@id\":\"https:\\\/\\\/carlozaccagnini.it\\\/it\\\/papers\\\/requisiti-per-il-dolo-di-bancarotta-fraudolenta-per-operazioni-dolose\\\/\",\"url\":\"https:\\\/\\\/carlozaccagnini.it\\\/it\\\/papers\\\/requisiti-per-il-dolo-di-bancarotta-fraudolenta-per-operazioni-dolose\\\/\",\"name\":\"Requisiti per il dolo di bancarotta fraudolenta per operazioni dolose | Studio Legale Avv. Carlo Zaccagnini\",\"isPartOf\":{\"@id\":\"https:\\\/\\\/carlozaccagnini.it\\\/it\\\/#website\"},\"datePublished\":\"2025-04-17T11:42:59+00:00\",\"dateModified\":\"2025-04-17T11:43:19+00:00\",\"description\":\"In tema di bancarotta fraudolenta patrimoniale, il concorso per omesso impedimento dell'evento dell'amministratore privo di delega \u00e8 configurabile sulla base dell'effettiva conoscenza di fatti pregiudizievoli per la societ\u00e0 o quantomeno di \u201csegnali di allarmi inequivocabili\u201d.\",\"breadcrumb\":{\"@id\":\"https:\\\/\\\/carlozaccagnini.it\\\/it\\\/papers\\\/requisiti-per-il-dolo-di-bancarotta-fraudolenta-per-operazioni-dolose\\\/#breadcrumb\"},\"inLanguage\":\"it-IT\",\"potentialAction\":[{\"@type\":\"ReadAction\",\"target\":[\"https:\\\/\\\/carlozaccagnini.it\\\/it\\\/papers\\\/requisiti-per-il-dolo-di-bancarotta-fraudolenta-per-operazioni-dolose\\\/\"]}]},{\"@type\":\"BreadcrumbList\",\"@id\":\"https:\\\/\\\/carlozaccagnini.it\\\/it\\\/papers\\\/requisiti-per-il-dolo-di-bancarotta-fraudolenta-per-operazioni-dolose\\\/#breadcrumb\",\"itemListElement\":[{\"@type\":\"ListItem\",\"position\":1,\"name\":\"Home\",\"item\":\"https:\\\/\\\/carlozaccagnini.it\\\/it\\\/\"},{\"@type\":\"ListItem\",\"position\":2,\"name\":\"White Papers\",\"item\":\"https:\\\/\\\/carlozaccagnini.it\\\/it\\\/papers\\\/\"},{\"@type\":\"ListItem\",\"position\":3,\"name\":\"Requisiti per il dolo di bancarotta fraudolenta per operazioni dolose\"}]},{\"@type\":\"WebSite\",\"@id\":\"https:\\\/\\\/carlozaccagnini.it\\\/it\\\/#website\",\"url\":\"https:\\\/\\\/carlozaccagnini.it\\\/it\\\/\",\"name\":\"Studio Legale Avv. Carlo Zaccagnini\",\"description\":\"White Collar Crime Defence\",\"publisher\":{\"@id\":\"https:\\\/\\\/carlozaccagnini.it\\\/it\\\/#organization\"},\"potentialAction\":[{\"@type\":\"SearchAction\",\"target\":{\"@type\":\"EntryPoint\",\"urlTemplate\":\"https:\\\/\\\/carlozaccagnini.it\\\/it\\\/?s={search_term_string}\"},\"query-input\":{\"@type\":\"PropertyValueSpecification\",\"valueRequired\":true,\"valueName\":\"search_term_string\"}}],\"inLanguage\":\"it-IT\"},{\"@type\":\"Organization\",\"@id\":\"https:\\\/\\\/carlozaccagnini.it\\\/it\\\/#organization\",\"name\":\"Studio Legale Carlo Zaccagnini\",\"url\":\"https:\\\/\\\/carlozaccagnini.it\\\/it\\\/\",\"logo\":{\"@type\":\"ImageObject\",\"inLanguage\":\"it-IT\",\"@id\":\"https:\\\/\\\/carlozaccagnini.it\\\/it\\\/#\\\/schema\\\/logo\\\/image\\\/\",\"url\":\"https:\\\/\\\/carlozaccagnini.it\\\/wp-content\\\/uploads\\\/2018\\\/09\\\/cropped-icona.jpg\",\"contentUrl\":\"https:\\\/\\\/carlozaccagnini.it\\\/wp-content\\\/uploads\\\/2018\\\/09\\\/cropped-icona.jpg\",\"width\":512,\"height\":512,\"caption\":\"Studio Legale Carlo Zaccagnini\"},\"image\":{\"@id\":\"https:\\\/\\\/carlozaccagnini.it\\\/it\\\/#\\\/schema\\\/logo\\\/image\\\/\"}}]}<\/script>\n<!-- \/ Yoast SEO plugin. -->","yoast_head_json":{"title":"Requisiti per il dolo di bancarotta fraudolenta per operazioni dolose | Studio Legale Avv. Carlo Zaccagnini","description":"In tema di bancarotta fraudolenta patrimoniale, il concorso per omesso impedimento dell'evento dell'amministratore privo di delega \u00e8 configurabile sulla base dell'effettiva conoscenza di fatti pregiudizievoli per la societ\u00e0 o quantomeno di \u201csegnali di allarmi inequivocabili\u201d.","robots":{"index":"index","follow":"follow","max-snippet":"max-snippet:-1","max-image-preview":"max-image-preview:large","max-video-preview":"max-video-preview:-1"},"canonical":"https:\/\/carlozaccagnini.it\/it\/papers\/requisiti-per-il-dolo-di-bancarotta-fraudolenta-per-operazioni-dolose\/","og_locale":"it_IT","og_type":"article","og_title":"Requisiti per il dolo di bancarotta fraudolenta per operazioni dolose | Studio Legale Avv. Carlo Zaccagnini","og_description":"In tema di bancarotta fraudolenta patrimoniale, il concorso per omesso impedimento dell'evento dell'amministratore privo di delega \u00e8 configurabile sulla base dell'effettiva conoscenza di fatti pregiudizievoli per la societ\u00e0 o quantomeno di \u201csegnali di allarmi inequivocabili\u201d.","og_url":"https:\/\/carlozaccagnini.it\/it\/papers\/requisiti-per-il-dolo-di-bancarotta-fraudolenta-per-operazioni-dolose\/","og_site_name":"Studio Legale Avv. Carlo Zaccagnini","article_modified_time":"2025-04-17T11:43:19+00:00","twitter_card":"summary_large_image","twitter_misc":{"Tempo di lettura stimato":"4 minuti"},"schema":{"@context":"https:\/\/schema.org","@graph":[{"@type":"WebPage","@id":"https:\/\/carlozaccagnini.it\/it\/papers\/requisiti-per-il-dolo-di-bancarotta-fraudolenta-per-operazioni-dolose\/","url":"https:\/\/carlozaccagnini.it\/it\/papers\/requisiti-per-il-dolo-di-bancarotta-fraudolenta-per-operazioni-dolose\/","name":"Requisiti per il dolo di bancarotta fraudolenta per operazioni dolose | Studio Legale Avv. Carlo Zaccagnini","isPartOf":{"@id":"https:\/\/carlozaccagnini.it\/it\/#website"},"datePublished":"2025-04-17T11:42:59+00:00","dateModified":"2025-04-17T11:43:19+00:00","description":"In tema di bancarotta fraudolenta patrimoniale, il concorso per omesso impedimento dell'evento dell'amministratore privo di delega \u00e8 configurabile sulla base dell'effettiva conoscenza di fatti pregiudizievoli per la societ\u00e0 o quantomeno di \u201csegnali di allarmi inequivocabili\u201d.","breadcrumb":{"@id":"https:\/\/carlozaccagnini.it\/it\/papers\/requisiti-per-il-dolo-di-bancarotta-fraudolenta-per-operazioni-dolose\/#breadcrumb"},"inLanguage":"it-IT","potentialAction":[{"@type":"ReadAction","target":["https:\/\/carlozaccagnini.it\/it\/papers\/requisiti-per-il-dolo-di-bancarotta-fraudolenta-per-operazioni-dolose\/"]}]},{"@type":"BreadcrumbList","@id":"https:\/\/carlozaccagnini.it\/it\/papers\/requisiti-per-il-dolo-di-bancarotta-fraudolenta-per-operazioni-dolose\/#breadcrumb","itemListElement":[{"@type":"ListItem","position":1,"name":"Home","item":"https:\/\/carlozaccagnini.it\/it\/"},{"@type":"ListItem","position":2,"name":"White Papers","item":"https:\/\/carlozaccagnini.it\/it\/papers\/"},{"@type":"ListItem","position":3,"name":"Requisiti per il dolo di bancarotta fraudolenta per operazioni dolose"}]},{"@type":"WebSite","@id":"https:\/\/carlozaccagnini.it\/it\/#website","url":"https:\/\/carlozaccagnini.it\/it\/","name":"Studio Legale Avv. Carlo Zaccagnini","description":"White Collar Crime Defence","publisher":{"@id":"https:\/\/carlozaccagnini.it\/it\/#organization"},"potentialAction":[{"@type":"SearchAction","target":{"@type":"EntryPoint","urlTemplate":"https:\/\/carlozaccagnini.it\/it\/?s={search_term_string}"},"query-input":{"@type":"PropertyValueSpecification","valueRequired":true,"valueName":"search_term_string"}}],"inLanguage":"it-IT"},{"@type":"Organization","@id":"https:\/\/carlozaccagnini.it\/it\/#organization","name":"Studio Legale Carlo Zaccagnini","url":"https:\/\/carlozaccagnini.it\/it\/","logo":{"@type":"ImageObject","inLanguage":"it-IT","@id":"https:\/\/carlozaccagnini.it\/it\/#\/schema\/logo\/image\/","url":"https:\/\/carlozaccagnini.it\/wp-content\/uploads\/2018\/09\/cropped-icona.jpg","contentUrl":"https:\/\/carlozaccagnini.it\/wp-content\/uploads\/2018\/09\/cropped-icona.jpg","width":512,"height":512,"caption":"Studio Legale Carlo Zaccagnini"},"image":{"@id":"https:\/\/carlozaccagnini.it\/it\/#\/schema\/logo\/image\/"}}]}},"_links":{"self":[{"href":"https:\/\/carlozaccagnini.it\/it\/wp-json\/wp\/v2\/pages\/7003","targetHints":{"allow":["GET"]}}],"collection":[{"href":"https:\/\/carlozaccagnini.it\/it\/wp-json\/wp\/v2\/pages"}],"about":[{"href":"https:\/\/carlozaccagnini.it\/it\/wp-json\/wp\/v2\/types\/page"}],"author":[{"embeddable":true,"href":"https:\/\/carlozaccagnini.it\/it\/wp-json\/wp\/v2\/users\/2"}],"replies":[{"embeddable":true,"href":"https:\/\/carlozaccagnini.it\/it\/wp-json\/wp\/v2\/comments?post=7003"}],"version-history":[{"count":2,"href":"https:\/\/carlozaccagnini.it\/it\/wp-json\/wp\/v2\/pages\/7003\/revisions"}],"predecessor-version":[{"id":7005,"href":"https:\/\/carlozaccagnini.it\/it\/wp-json\/wp\/v2\/pages\/7003\/revisions\/7005"}],"up":[{"embeddable":true,"href":"https:\/\/carlozaccagnini.it\/it\/wp-json\/wp\/v2\/pages\/4116"}],"wp:attachment":[{"href":"https:\/\/carlozaccagnini.it\/it\/wp-json\/wp\/v2\/media?parent=7003"}],"curies":[{"name":"wp","href":"https:\/\/api.w.org\/{rel}","templated":true}]}}