{"id":6928,"date":"2025-02-14T10:09:35","date_gmt":"2025-02-14T09:09:35","guid":{"rendered":"https:\/\/carlozaccagnini.it\/?page_id=6928"},"modified":"2025-08-01T13:00:55","modified_gmt":"2025-08-01T11:00:55","slug":"diritto-penale-avviamento-commerciale","status":"publish","type":"page","link":"https:\/\/carlozaccagnini.it\/it\/papers\/diritto-penale-avviamento-commerciale\/","title":{"rendered":"Avviamento commerciale"},"content":{"rendered":"<div class=\"wpb-content-wrapper\"><p>[vc_row][vc_column][vc_row_inner][vc_column_inner width=&#8221;1\/2&#8243;][\/vc_column_inner][vc_column_inner width=&#8221;1\/2&#8243;][vc_btn title=&#8221;TORNA A PAPERS&#8221; align=&#8221;right&#8221; link=&#8221;url:https%3A%2F%2Fcarlozaccagnini.it%2Fit%2Fpapers%2F&#8221;][\/vc_column_inner][\/vc_row_inner][vc_empty_space height=&#8221;10px&#8221;][vc_column_text css=&#8221;&#8221;]<\/p>\n<h3><span style=\"color: #1f497d;\">Avviamento commerciale<br \/>\n<\/span><\/h3>\n<p>[\/vc_column_text][vc_empty_space height=&#8221;50px&#8221;][\/vc_column][\/vc_row][vc_row][vc_column][vc_column_text css=&#8221;&#8221;]<\/p>\n<h4><span style=\"color: #333333;\"><strong>1.Che cos\u2019\u00e8?<\/strong><\/span><\/h4>\n<p><span style=\"color: #333333;\">L\u2019avviamento \u00e8 un elemento immateriale dell\u2019azienda che rappresenta il valore aggiunto della stessa, derivante dalla sua capacit\u00e0 di generare utili superiori alla media del settore. Detto altrimenti, \u00e8 il valore economico riconosciuto a un&#8217;attivit\u00e0 commerciale o aziendale oltre la somma dei suoi beni materiali ed immateriali che compongono il suo patrimonio.<\/span><\/p>\n<p>&nbsp;<\/p>\n<p><span style=\"color: #333333;\"><strong>Facciamo degli esempi di avviamento<\/strong> : <strong>piani e\/o campagne di fidelizzazione della clientela<\/strong> attuate tramite l\u2019emissione di carte fedelt\u00e0 (piani presenti gi\u00e0 nelle compagnie aeree o di trasporto ferroviario); la condizione di un ristorante noto con clientela habitu\u00e9 in una particolare zona della citt\u00e0; <strong>la reputazione e l\u2019immagine dell\u2019azienda<\/strong> : un\u2019azienda vinicola nota per la produzione di determinato vitigno secondo una determinata procedura di vinificazione; relazioni durature con i fornitori e partners mediante campagne di tesseramento soci; <strong>capacit\u00e0 di innovazione e adattamento sul mercato<\/strong>: <em>software<\/em> <em>house<\/em> nota per rilasciare costantemente aggiornamenti innovativi; competenze interne del personale, quali la particolare abilit\u00e0 di <em>chef<\/em>, camerieri, <em>ma\u00eetre<\/em> di sala e sommelier all\u2019interno del ristorante.<\/span><\/p>\n<h4><span style=\"color: #333333;\"><strong>2.Esistono varie tipologie di Avviamento<\/strong><\/span><\/h4>\n<ol>\n<li><span style=\"color: #333333;\"><strong>Avviamento originario<\/strong>: formatosi internamente alla societ\u00e0 nel tempo grazie alla reputazione, alla fidelizzazione della clientela, al <em>know-how<\/em>, all\u2019organizzazione efficiente e ad altri fattori intangibili. Non \u00e8 iscrivibile in bilancio.<\/span><\/li>\n<li><span style=\"color: #333333;\"><strong>Avviamento acquisito<\/strong>: emerge quando un\u2019azienda viene acquistata a prezzo superiore al valore contabile netto dei suoi beni. In questo caso, pu\u00f2 essere iscritto in bilancio come attivit\u00e0 immateriale, ovverosia come \u201cimmobilizzazioni immateriali\u201d.<\/span><\/li>\n<\/ol>\n<h4><span style=\"color: #333333;\"><strong>\u00a03.<\/strong><\/span><span style=\"color: #333333;\"><strong>Valutazione dell\u2019Avviamento<\/strong><\/span><\/h4>\n<p><span style=\"color: #333333;\">L\u2019art. 12, comma 2, del D.lgs.vo n.139\/2015 ha introdotto nuovi criteri di valutazione dell\u2019avviamento. Tale disposizione, insieme all\u2019art. 2426 c.c. (rubricato \u201c<em>criteri di valutazione<\/em>\u201d), stabilisce che il criterio del costo ammortizzato \u00e8 applicabile a tutte le voci di bilancio \u2013 tra cui l\u2019avviamento \u2013 \u201c<em>riferite a operazioni che non hanno ancor dispiegato i propri effetti<\/em>\u201d.<\/span><\/p>\n<p><span style=\"color: #333333;\">\u00a0L\u2019ammortamento dell\u2019avviamento \u00e8 calcolato, in bilancio, secondo la sua vita utile: nei casi in cui non \u00e8 possibile stimarne la vita utile, \u00e8 ammortizzato entro un periodo non superiore a dieci anni. La nota integrativa, che accede al bilancio offre una spiegazione del periodo, di ammortamento dell\u2019avviamento.<\/span><\/p>\n<h4><span style=\"color: #333333;\"><strong>4.Rilevanza Contabile e Fiscale<\/strong><\/span><\/h4>\n<p><span style=\"color: #333333;\"><u>In contabilit\u00e0 e in bilancio<\/u>, l\u2019avviamento <em>acquisito<\/em> \u00e8 soggetto ad ammortamento sistematico (di solito in dieci anni, salvo prova di una vita utile pi\u00f9 lunga).<\/span><\/p>\n<p><span style=\"color: #333333;\"><u>In ambito fiscale<\/u>, la deducibilit\u00e0 dell\u2019avviamento \u00e8 regolata dal D.P.R. 917\/1986 (artt. 103, comma 3 e 104, comma 2, T.U.I.R.), che limitano la detrazione annuale.<\/span><\/p>\n<h4><span style=\"color: #333333;\"><strong>5.Importanza dell\u2019Avviamento<\/strong><\/span><\/h4>\n<p><span style=\"color: #333333;\">L\u2019avviamento \u00e8 fondamentale in operazioni di cessione d\u2019azienda, fusioni, acquisizioni e per la valutazione della <em>continuit\u00e0<\/em> aziendale ed \u00e8 in grado di aumentare il valore dell\u2019azienda nel mercato.<\/span><\/p>\n<h4><span style=\"color: #333333;\"><strong>\u00a06.<\/strong><\/span><span style=\"color: #333333;\"><strong>Rilevanza penalistica della distrazione dell\u2019avviamento commerciale<\/strong><\/span><\/h4>\n<p><span style=\"color: #333333;\">Ci si chiede se sia possibile iscrivere l\u2019avviamento tra i beni oggetto di distrazione nella fattispecie incriminatrice che prevede la bancarotta fraudolenta distrattiva, ai sensi articolo 216 della Legge Fallimentare (Regio decreto 267\/1942).<\/span><\/p>\n<p><span style=\"color: #333333;\">La Cassazione si esprime in senso contrario alla possibilit\u00e0 di distrazione dell\u2019avviamento commerciale e quindi priva di contenuto penalistico la distrazione dello stesso. Ci\u00f2 che ostacola la configurabilit\u00e0 della distrazione dell\u2019avviamento, secondo tali esegesi, sarebbe la natura stessa dell\u2019avviamento: questa voce di bilancio <strong>rappresenta una potenziale capacit\u00e0 di reddito, una aspettativa, ma non un reddito, n\u00e9 presente, n\u00e9 futuro in forma di credito.<\/strong><\/span><\/p>\n<p>&nbsp;<\/p>\n<p><span style=\"color: #333333;\">Solo nel caso in cui il valore dell\u2019avviamento sia stato oggetto di quantificazione economica contestuale ad atto di disposizione dell\u2019azienda, lo stesso pu\u00f2 essere oggetto di distrazione fallimentare. Sul punto,<strong> Cass. Pen., Sez. V, n.5357, del 30 novembre 2017 <\/strong>: \u201c<em>non \u00e8 suscettibile di\u00a0distrazione\u00a0l&#8217;avviamento commerciale dell&#8217;azienda <u>se, contestualmente, non sia stata oggetto di disposizione anche l&#8217;azienda medesima o quanto meno i fattori aziendali in grado di generare l&#8217;avviamento<\/u>\u201d.<\/em> La sentenza parte dall\u2019assunto che oggetto di distrazione <strong>debbano<\/strong> essere beni quantificabili di valutazione economica. Nel caso in esame, l\u2019imputato, al fine di eludere eventuali azioni revocatorie, aveva trasferito alla societ\u00e0 della figlia, l\u2019azienda con tutti i suoi elementi positivi (locali e sede, clientela, autorizzazione di somministrazione, attrezzature) determinanti l\u2019avviamento, che era stato <strong>valutato da consulente tecnico per \u20ac 169.429,00. <\/strong>In tal caso, la Corte, ha ritenuto configurato il reato di bancarotta per distrazione dell\u2019avviamento.<\/span><\/p>\n<p>&nbsp;<\/p>\n<p><span style=\"color: #333333;\">In assenza di atti di disposizione patrimoniali dell\u2019azienda <strong>intera<\/strong>, come nel caso precedente, con contestuali valutazioni economiche dell\u2019avviamento, lo stesso non pu\u00f2 essere oggetto di distrazione, in quanto elemento inscindibile dal valore dell\u2019azienda stessa.<\/span><\/p>\n<p>&nbsp;<\/p>\n<p><span style=\"color: #333333;\"><strong>Cass. Pen., Sez. V, n. 23577 del 23 aprile 2024<\/strong> : \u201c<em>oggetto di distrazione non pu\u00f2 essere il cd.\u00a0avviamento\u00a0facente capo all&#8217;impresa fallita se, contestualmente, non sia stata oggetto di disposizione anche l&#8217;azienda medesima o quanto meno i fattori aziendali in grado di generare l&#8217;avviamento<\/em>\u201d. In applicazione di tale principio la Cassazione annullava sentenza di condanna per bancarotta fraudolenta patrimoniale : la Corte di merito aveva erroneamente qualificato i beni determinanti l\u2019avviamento come beni oggetto di distrazione fallimentare, pur non potendo questi essere oggetto di autonoma disposizione patrimoniale, e, dunque, costituire oggetto materiale del delitto in parola.<\/span><\/p>\n<p>&nbsp;<\/p>\n<p><span style=\"color: #333333;\"><strong>Sulla stessa linea, Cass. Pen., Sez. V, n.3816, del 15 gennaio 2018<\/strong>, che annullava ordinanza di applicazione di sequestro preventivo emesso a carico di imprenditore imputato di bancarotta patrimoniale distrattiva per aver sviato la clientela e parte del personale aziendale verso altra impresa :\u201c<\/span><em><span style=\"color: #333333;\">lo sviamento della clientela pu\u00f2 essere qualificato come atto di disposizione patrimoniale eventualmente rilevante ai fini della configurabilit\u00e0 del reato di\u00a0bancarotta\u00a0patrimoniale <strong>esclusivamente<\/strong> quando abbia ad oggetto l&#8217;ingiustificata disposizione dei rapporti giuridici suscettibili di valutazione economica e cio\u00e8, in definitiva, quando vengono ceduti <strong>contratti<\/strong> stipulati con clienti e dipendenti. <strong>Non \u00e8 possibile invece ipotizzare la distrazione dell&#8217;aspettativa che in futuro i clienti si rivolgano all&#8217;azienda in forza dei rapporti intrattenuti in passato con la stessa<\/strong>. <\/span><strong><span style=\"color: #333333;\">N\u00e9 l&#8217;oggetto del reato pu\u00f2 essere identificato nell&#8217;avviamento\u00a0commerciale dell&#8217;azienda\u201d.<\/span> <\/strong><\/em>[\/vc_column_text][vc_empty_space][vc_column_text css=&#8221;&#8221;]<\/p>\n<h5>Roma, 14 febbraio 2025 \u00a0\u00a0\u00a0\u00a0\u00a0\u00a0\u00a0\u00a0\u00a0\u00a0\u00a0\u00a0\u00a0\u00a0\u00a0\u00a0\u00a0\u00a0\u00a0\u00a0\u00a0\u00a0\u00a0\u00a0\u00a0\u00a0\u00a0\u00a0\u00a0\u00a0\u00a0\u00a0\u00a0\u00a0\u00a0\u00a0\u00a0\u00a0\u00a0\u00a0\u00a0\u00a0\u00a0\u00a0\u00a0\u00a0 \u00a0 \u00a0 \u00a0 \u00a0 \u00a0 \u00a0 \u00a0 \u00a0 \u00a0 \u00a0 \u00a0 \u00a0 \u00a0 \u00a0 \u00a0 \u00a0 \u00a0 \u00a0\u00a0 <a href=\"https:\/\/carlozaccagnini.it\/it\/professionisti\/carlo-zaccagnini\/\">Avvocato Carlo Zaccagnini<\/a><\/h5>\n<p>[\/vc_column_text][vc_empty_space height=&#8221;70px&#8221;][\/vc_column][\/vc_row][vc_row css=&#8221;.vc_custom_1688383983319{background-color: #1f497d !important;}&#8221;][vc_column]<div class=\"mkdf-call-to-action-holder  mkdf-normal-layout  mkdf-three-quarters-columns\">\n\n\t<div class=\"mkdf-cta-inner \">\n\t\t<div class=\"mkdf-cta-icon-holder\">\n\t\t\t<span aria-hidden=\"true\" class=\"mkdf-icon-font-elegant  \" style=\"color: #ffffff;font-size: 30px\"><\/span>\t\t<\/div>\n\t\t<div class=\"mkdf-cta-text-holder\">\n\t\t\t<div class=\"mkdf-cta-text\">\n<h2 style=\"text-align: left;\"><span style=\"color: #165253;\"><span style=\"color: #ffffff;\">Dubbi o necessit\u00e0?<\/span><br \/>\n<\/span><\/h2>\n<\/div>\n\t\t<\/div>\n\t\t<div class=\"mkdf-cta-button-holder\" >\n\t\t\t<div class=\"mkdf-cta-button\"><a itemprop=\"url\" href=\"https:\/\/carlozaccagnini.it\/it\/contatti\/\" target=\"_self\" style=\"color: #ffffff;background-color: #1a2843;border-color: #1a2843\" class=\"mkdf-btn mkdf-btn-medium mkdf-btn-solid mkdf-btn-custom-hover-bg mkdf-btn-custom-border-hover mkdf-btn-custom-hover-color\" data-hover-color=\"#1a2843\" data-hover-bg-color=\"#f2f2ef\" data-hover-border-color=\"#1a2843\" >    <span class=\"mkdf-btn-text\">CONTATTACI<\/span>    <\/a><\/div>\n\t\t<\/div>\n\t<\/div>\n<\/div>[vc_empty_space height=&#8221;40px&#8221;][\/vc_column][\/vc_row][vc_row][vc_column][vc_empty_space height=&#8221;20px&#8221;][vc_column_text]<\/p>\n<p style=\"text-align: right;\"><strong><a href=\"https:\/\/carlozaccagnini.it\/it\/disclaimer\/\" target=\"_blank\" rel=\"noopener\">DISCLAIMER<\/a><\/strong><\/p>\n<p>[\/vc_column_text][\/vc_column][\/vc_row]<\/p>\n<\/div>","protected":false},"excerpt":{"rendered":"<p>[vc_row][vc_column][vc_row_inner][vc_column_inner width=&#8221;1\/2&#8243;][\/vc_column_inner][vc_column_inner width=&#8221;1\/2&#8243;][vc_btn title=&#8221;TORNA A PAPERS&#8221; align=&#8221;right&#8221; link=&#8221;url:https%3A%2F%2Fcarlozaccagnini.it%2Fit%2Fpapers%2F&#8221;][\/vc_column_inner][\/vc_row_inner][vc_empty_space height=&#8221;10px&#8221;][vc_column_text css=&#8221;&#8221;] Avviamento commerciale [\/vc_column_text][vc_empty_space height=&#8221;50px&#8221;][\/vc_column][\/vc_row][vc_row][vc_column][vc_column_text css=&#8221;&#8221;] 1.Che cos\u2019\u00e8? L\u2019avviamento \u00e8 un elemento immateriale dell\u2019azienda che rappresenta il valore aggiunto della stessa, [&hellip;]<\/p>\n","protected":false},"author":2,"featured_media":0,"parent":4116,"menu_order":0,"comment_status":"closed","ping_status":"closed","template":"","meta":{"footnotes":""},"class_list":["post-6928","page","type-page","status-publish","hentry"],"yoast_head":"<!-- This site is optimized with the Yoast SEO plugin v27.4 - https:\/\/yoast.com\/product\/yoast-seo-wordpress\/ -->\n<title>Avviamento commerciale in ambito penale | Studio Legale Avv. Carlo Zaccagnini<\/title>\n<meta name=\"description\" content=\"L\u2019avviamento commerciale \u00e8 un elemento immateriale dell\u2019azienda che rappresenta il valore aggiunto della stessa, derivante dalla sua capacit\u00e0 di generare utili superiori alla media del settore.\" \/>\n<meta name=\"robots\" content=\"index, follow, max-snippet:-1, max-image-preview:large, max-video-preview:-1\" \/>\n<link rel=\"canonical\" href=\"https:\/\/carlozaccagnini.it\/it\/papers\/diritto-penale-avviamento-commerciale\/\" \/>\n<meta property=\"og:locale\" content=\"it_IT\" \/>\n<meta property=\"og:type\" content=\"article\" \/>\n<meta property=\"og:title\" content=\"Avviamento commerciale in ambito penale | Studio Legale Avv. Carlo Zaccagnini\" \/>\n<meta property=\"og:description\" content=\"L\u2019avviamento commerciale \u00e8 un elemento immateriale dell\u2019azienda che rappresenta il valore aggiunto della stessa, derivante dalla sua capacit\u00e0 di generare utili superiori alla media del settore.\" \/>\n<meta property=\"og:url\" content=\"https:\/\/carlozaccagnini.it\/it\/papers\/diritto-penale-avviamento-commerciale\/\" \/>\n<meta property=\"og:site_name\" content=\"Studio Legale Avv. Carlo Zaccagnini\" \/>\n<meta property=\"article:modified_time\" content=\"2025-08-01T11:00:55+00:00\" \/>\n<meta name=\"twitter:card\" content=\"summary_large_image\" \/>\n<meta name=\"twitter:label1\" content=\"Tempo di lettura stimato\" \/>\n\t<meta name=\"twitter:data1\" content=\"6 minuti\" \/>\n<script type=\"application\/ld+json\" class=\"yoast-schema-graph\">{\"@context\":\"https:\\\/\\\/schema.org\",\"@graph\":[{\"@type\":\"WebPage\",\"@id\":\"https:\\\/\\\/carlozaccagnini.it\\\/it\\\/papers\\\/diritto-penale-avviamento-commerciale\\\/\",\"url\":\"https:\\\/\\\/carlozaccagnini.it\\\/it\\\/papers\\\/diritto-penale-avviamento-commerciale\\\/\",\"name\":\"Avviamento commerciale in ambito penale | Studio Legale Avv. Carlo Zaccagnini\",\"isPartOf\":{\"@id\":\"https:\\\/\\\/carlozaccagnini.it\\\/it\\\/#website\"},\"datePublished\":\"2025-02-14T09:09:35+00:00\",\"dateModified\":\"2025-08-01T11:00:55+00:00\",\"description\":\"L\u2019avviamento commerciale \u00e8 un elemento immateriale dell\u2019azienda che rappresenta il valore aggiunto della stessa, derivante dalla sua capacit\u00e0 di generare utili superiori alla media del settore.\",\"breadcrumb\":{\"@id\":\"https:\\\/\\\/carlozaccagnini.it\\\/it\\\/papers\\\/diritto-penale-avviamento-commerciale\\\/#breadcrumb\"},\"inLanguage\":\"it-IT\",\"potentialAction\":[{\"@type\":\"ReadAction\",\"target\":[\"https:\\\/\\\/carlozaccagnini.it\\\/it\\\/papers\\\/diritto-penale-avviamento-commerciale\\\/\"]}]},{\"@type\":\"BreadcrumbList\",\"@id\":\"https:\\\/\\\/carlozaccagnini.it\\\/it\\\/papers\\\/diritto-penale-avviamento-commerciale\\\/#breadcrumb\",\"itemListElement\":[{\"@type\":\"ListItem\",\"position\":1,\"name\":\"Home\",\"item\":\"https:\\\/\\\/carlozaccagnini.it\\\/it\\\/\"},{\"@type\":\"ListItem\",\"position\":2,\"name\":\"White Papers\",\"item\":\"https:\\\/\\\/carlozaccagnini.it\\\/it\\\/papers\\\/\"},{\"@type\":\"ListItem\",\"position\":3,\"name\":\"Avviamento commerciale\"}]},{\"@type\":\"WebSite\",\"@id\":\"https:\\\/\\\/carlozaccagnini.it\\\/it\\\/#website\",\"url\":\"https:\\\/\\\/carlozaccagnini.it\\\/it\\\/\",\"name\":\"Studio Legale Avv. Carlo Zaccagnini\",\"description\":\"White Collar Crime Defence\",\"publisher\":{\"@id\":\"https:\\\/\\\/carlozaccagnini.it\\\/it\\\/#organization\"},\"potentialAction\":[{\"@type\":\"SearchAction\",\"target\":{\"@type\":\"EntryPoint\",\"urlTemplate\":\"https:\\\/\\\/carlozaccagnini.it\\\/it\\\/?s={search_term_string}\"},\"query-input\":{\"@type\":\"PropertyValueSpecification\",\"valueRequired\":true,\"valueName\":\"search_term_string\"}}],\"inLanguage\":\"it-IT\"},{\"@type\":\"Organization\",\"@id\":\"https:\\\/\\\/carlozaccagnini.it\\\/it\\\/#organization\",\"name\":\"Studio Legale Carlo Zaccagnini\",\"url\":\"https:\\\/\\\/carlozaccagnini.it\\\/it\\\/\",\"logo\":{\"@type\":\"ImageObject\",\"inLanguage\":\"it-IT\",\"@id\":\"https:\\\/\\\/carlozaccagnini.it\\\/it\\\/#\\\/schema\\\/logo\\\/image\\\/\",\"url\":\"https:\\\/\\\/carlozaccagnini.it\\\/wp-content\\\/uploads\\\/2018\\\/09\\\/cropped-icona.jpg\",\"contentUrl\":\"https:\\\/\\\/carlozaccagnini.it\\\/wp-content\\\/uploads\\\/2018\\\/09\\\/cropped-icona.jpg\",\"width\":512,\"height\":512,\"caption\":\"Studio Legale Carlo Zaccagnini\"},\"image\":{\"@id\":\"https:\\\/\\\/carlozaccagnini.it\\\/it\\\/#\\\/schema\\\/logo\\\/image\\\/\"}}]}<\/script>\n<!-- \/ Yoast SEO plugin. -->","yoast_head_json":{"title":"Avviamento commerciale in ambito penale | Studio Legale Avv. Carlo Zaccagnini","description":"L\u2019avviamento commerciale \u00e8 un elemento immateriale dell\u2019azienda che rappresenta il valore aggiunto della stessa, derivante dalla sua capacit\u00e0 di generare utili superiori alla media del settore.","robots":{"index":"index","follow":"follow","max-snippet":"max-snippet:-1","max-image-preview":"max-image-preview:large","max-video-preview":"max-video-preview:-1"},"canonical":"https:\/\/carlozaccagnini.it\/it\/papers\/diritto-penale-avviamento-commerciale\/","og_locale":"it_IT","og_type":"article","og_title":"Avviamento commerciale in ambito penale | Studio Legale Avv. Carlo Zaccagnini","og_description":"L\u2019avviamento commerciale \u00e8 un elemento immateriale dell\u2019azienda che rappresenta il valore aggiunto della stessa, derivante dalla sua capacit\u00e0 di generare utili superiori alla media del settore.","og_url":"https:\/\/carlozaccagnini.it\/it\/papers\/diritto-penale-avviamento-commerciale\/","og_site_name":"Studio Legale Avv. Carlo Zaccagnini","article_modified_time":"2025-08-01T11:00:55+00:00","twitter_card":"summary_large_image","twitter_misc":{"Tempo di lettura stimato":"6 minuti"},"schema":{"@context":"https:\/\/schema.org","@graph":[{"@type":"WebPage","@id":"https:\/\/carlozaccagnini.it\/it\/papers\/diritto-penale-avviamento-commerciale\/","url":"https:\/\/carlozaccagnini.it\/it\/papers\/diritto-penale-avviamento-commerciale\/","name":"Avviamento commerciale in ambito penale | Studio Legale Avv. Carlo Zaccagnini","isPartOf":{"@id":"https:\/\/carlozaccagnini.it\/it\/#website"},"datePublished":"2025-02-14T09:09:35+00:00","dateModified":"2025-08-01T11:00:55+00:00","description":"L\u2019avviamento commerciale \u00e8 un elemento immateriale dell\u2019azienda che rappresenta il valore aggiunto della stessa, derivante dalla sua capacit\u00e0 di generare utili superiori alla media del settore.","breadcrumb":{"@id":"https:\/\/carlozaccagnini.it\/it\/papers\/diritto-penale-avviamento-commerciale\/#breadcrumb"},"inLanguage":"it-IT","potentialAction":[{"@type":"ReadAction","target":["https:\/\/carlozaccagnini.it\/it\/papers\/diritto-penale-avviamento-commerciale\/"]}]},{"@type":"BreadcrumbList","@id":"https:\/\/carlozaccagnini.it\/it\/papers\/diritto-penale-avviamento-commerciale\/#breadcrumb","itemListElement":[{"@type":"ListItem","position":1,"name":"Home","item":"https:\/\/carlozaccagnini.it\/it\/"},{"@type":"ListItem","position":2,"name":"White Papers","item":"https:\/\/carlozaccagnini.it\/it\/papers\/"},{"@type":"ListItem","position":3,"name":"Avviamento commerciale"}]},{"@type":"WebSite","@id":"https:\/\/carlozaccagnini.it\/it\/#website","url":"https:\/\/carlozaccagnini.it\/it\/","name":"Studio Legale Avv. Carlo Zaccagnini","description":"White Collar Crime Defence","publisher":{"@id":"https:\/\/carlozaccagnini.it\/it\/#organization"},"potentialAction":[{"@type":"SearchAction","target":{"@type":"EntryPoint","urlTemplate":"https:\/\/carlozaccagnini.it\/it\/?s={search_term_string}"},"query-input":{"@type":"PropertyValueSpecification","valueRequired":true,"valueName":"search_term_string"}}],"inLanguage":"it-IT"},{"@type":"Organization","@id":"https:\/\/carlozaccagnini.it\/it\/#organization","name":"Studio Legale Carlo Zaccagnini","url":"https:\/\/carlozaccagnini.it\/it\/","logo":{"@type":"ImageObject","inLanguage":"it-IT","@id":"https:\/\/carlozaccagnini.it\/it\/#\/schema\/logo\/image\/","url":"https:\/\/carlozaccagnini.it\/wp-content\/uploads\/2018\/09\/cropped-icona.jpg","contentUrl":"https:\/\/carlozaccagnini.it\/wp-content\/uploads\/2018\/09\/cropped-icona.jpg","width":512,"height":512,"caption":"Studio Legale Carlo Zaccagnini"},"image":{"@id":"https:\/\/carlozaccagnini.it\/it\/#\/schema\/logo\/image\/"}}]}},"_links":{"self":[{"href":"https:\/\/carlozaccagnini.it\/it\/wp-json\/wp\/v2\/pages\/6928","targetHints":{"allow":["GET"]}}],"collection":[{"href":"https:\/\/carlozaccagnini.it\/it\/wp-json\/wp\/v2\/pages"}],"about":[{"href":"https:\/\/carlozaccagnini.it\/it\/wp-json\/wp\/v2\/types\/page"}],"author":[{"embeddable":true,"href":"https:\/\/carlozaccagnini.it\/it\/wp-json\/wp\/v2\/users\/2"}],"replies":[{"embeddable":true,"href":"https:\/\/carlozaccagnini.it\/it\/wp-json\/wp\/v2\/comments?post=6928"}],"version-history":[{"count":2,"href":"https:\/\/carlozaccagnini.it\/it\/wp-json\/wp\/v2\/pages\/6928\/revisions"}],"predecessor-version":[{"id":6931,"href":"https:\/\/carlozaccagnini.it\/it\/wp-json\/wp\/v2\/pages\/6928\/revisions\/6931"}],"up":[{"embeddable":true,"href":"https:\/\/carlozaccagnini.it\/it\/wp-json\/wp\/v2\/pages\/4116"}],"wp:attachment":[{"href":"https:\/\/carlozaccagnini.it\/it\/wp-json\/wp\/v2\/media?parent=6928"}],"curies":[{"name":"wp","href":"https:\/\/api.w.org\/{rel}","templated":true}]}}