{"id":6768,"date":"2024-09-12T09:50:37","date_gmt":"2024-09-12T07:50:37","guid":{"rendered":"https:\/\/carlozaccagnini.it\/?page_id=6768"},"modified":"2024-09-12T12:06:12","modified_gmt":"2024-09-12T10:06:12","slug":"udienza-preliminare-ragionevole-previsione-di-condanna","status":"publish","type":"page","link":"https:\/\/carlozaccagnini.it\/it\/papers\/udienza-preliminare-ragionevole-previsione-di-condanna\/","title":{"rendered":"Udienza preliminare ragionevole previsione di condanna"},"content":{"rendered":"<div class=\"wpb-content-wrapper\"><p>[vc_row][vc_column][vc_row_inner][vc_column_inner width=&#8221;1\/2&#8243;][\/vc_column_inner][vc_column_inner width=&#8221;1\/2&#8243;][vc_btn title=&#8221;TORNA A PAPERS&#8221; align=&#8221;right&#8221; link=&#8221;url:https%3A%2F%2Fcarlozaccagnini.it%2Fit%2Fpapers%2F&#8221;][\/vc_column_inner][\/vc_row_inner][vc_empty_space height=&#8221;10px&#8221;][vc_column_text css=&#8221;&#8221;]<\/p>\n<h3><span style=\"color: #1f497d;\">Udienza preliminare ragionevole previsione di condanna<br \/>\n<\/span><\/h3>\n<p>[\/vc_column_text][vc_empty_space height=&#8221;50px&#8221;][\/vc_column][\/vc_row][vc_row][vc_column][vc_column_text css=&#8221;&#8221;]<span style=\"color: #333333;\">Il D.lgs. 10 ottobre 2022, n. 150, attuativo della l. 134\/2021 (<em>hinc<\/em> la Riforma Cartabia), recante delega al Governo per l\u2019efficienza del processo penale, nonch\u00e9 in materia di giustizia riparativa e disposizioni per la celere definizione dei procedimenti giudiziari, ha modificato la regola di giudizio dell&#8217;art. 425, comma 3, c.p.p., per la pronuncia della sentenza di non luogo a procedere.<\/span><\/p>\n<p><span style=\"color: #333333;\">La disposizione in parola, nella sua vecchia formulazione, consentiva al GUP di rigettare la domanda di giudizio formulata dal pubblico ministero quando riteneva gli elementi di prova acquisiti fossero \u00ab<em>insufficienti, contraddittori o comunque non idonei a sostenere l\u2019accusa in giudizio<\/em>\u00bb; in altre parole, il GUP doveva limitarsi a verificare se il dibattimento avrebbe potuto offrire prove idonee a sostenere l&#8217;accusa formulata.<\/span><\/p>\n<p><span style=\"color: #333333;\">Tale metro di valutazione ha fatto s\u00ec che l&#8217;udienza preliminare perdesse il proprio ruolo di &#8220;<em>udienza filtro<\/em>&#8221; tra la fase investigativa e quella istruttoria.<\/span><\/p>\n<p><span style=\"color: #333333;\">La Riforma Cartabia, perseguendo l&#8217;obiettivo di filtrare le notizie di reato infondate da quelle meritevoli di vaglio dibattimentale, ha introdotto un nuovo canone di giudizio, stabilendo che il giudice deve pronunciare sentenza di non luogo a procedere anche \u00ab<em>quando gli elementi acquisiti non consentono di formulare una ragionevole previsione di condanna<\/em>\u00bb.<\/span><\/p>\n<p><span style=\"color: #333333;\">Trattasi, come \u00e8 evidente, di un nuovo parametro di valutazione, che si affianca a quelli dettati dall&#8217;art. 425 commi 1 e 2 c.p.p., ed \u00e8 destinato ad operare nei casi in cui il giudice sia chiamato pronunciarsi su un\u2019ipotesi accusatoria &#8220;<em>non palesemente destituita di fondamento e che non implichi, comunque, l\u2019applicazione di una misura di sicurezza personale <\/em>&#8221; (MENNA, <em>L\u2019inquadramento della regola di giudizio del non luogo a procedere tra passato e presente dell\u2019udienza preliminare<\/em>, in <em>Archivio Penale<\/em>, 2023). In altre parole, \u00e8 demandata al GUP un\u2019anticipazione del giudizio di responsabilit\u00e0 e di punibilit\u00e0 dell\u2019imputato, obbligandolo inevitabilmente a confrontarsi anche con la regola dell\u2019\u00ab <em>oltre ogni ragionevole dubbio <\/em>\u00bb stabilita dall\u2019art. 533 comma 1 c.p.p. (DELLA MONICA, Il filtro della ragionevole previsione di condanna, in Archivio Penale, 2023, p. 15).<\/span><\/p>\n<p><span style=\"color: #333333;\">La nuova regola di giudizio non \u00e8 per\u00f2 inedita in quanto ripropone una locuzione gi\u00e0 in passato utilizzata dalla giurisprudenza per delineare il canone di valutazione che doveva sottendere al passaggio della udienza preliminare alla fase dibattimentale: &#8220;<em>il rinvio a giudizio implica la concreta prevedibilit\u00e0 di colpevolezza che integra i gravi indizi necessari per l&#8217;applicazione di misure cautelari<\/em>&#8221; (Cass. Pen., SS. UU., 25 ottobre 1995, n. 38 in <em>italgiureweb.it<\/em>).<\/span><\/p>\n<p><span style=\"color: #333333;\">L&#8217;espressione adoperata dalla Riforma pare sovrapponibile, nel significato e nello scopo deflattivo perseguito, a quella formulata dai giudici di legittimit\u00e0.<\/span><\/p>\n<p><span style=\"color: #333333;\">La scelta semantica operata dal legislatore di utilizzare l&#8217;aggettivo &#8220;<em>ragionevole<\/em>&#8221; palesa, inoltre, la volont\u00e0 di imporre la formulazione di una prognosi &#8220;<em>plausibile<\/em>&#8221; e &#8220;<em>concreta<\/em>&#8221; sulla futura affermazione di responsabilit\u00e0 dell\u2019imputato, assimilabile, seppur non totalmente sovrapponibile, a quella stabilita <em>ex<\/em> art. 533, comma 1, c.p.p.. La nuova regola decisoria, infatti, mantenendo una connotazione essenzialmente prognostica, sposta il fulcro della valutazione sulla sostenibilit\u00e0 dell\u2019azione penale verso i possibili risultati dell\u2019azione stessa imponendo al GUP &#8220;<em>di fare corretto esercizio del potere di prognosi riguardo agli eventuali sviluppi della fase processuale <\/em>&#8221; (Cass. Pen., Sez. V, 14 settembre 2016, n. 54957, in <em>italgiureweb.it<\/em>). Quest&#8217;ultimo, invero, &#8220;<em>deve accertare che il quadro probatorio non sia suscettibile di implementazione dibattimentale attraverso l&#8217;acquisizione di nuovi elementi probatori o di una possibile diversa valutazione del materiale probatorio gi\u00e0 acquisito <\/em>&#8221; (Cass. Pen., Sez. IV, 18 febbraio 2016, n. 19179, in <em>italgiureweb.it<\/em>).<\/span><\/p>\n<p><span style=\"color: #333333;\">Stante la suddetta ricostruzione, \u00e8 indubbio che la nuova regola di giudizio si ispiri alla teoria della <em>condanna<\/em> <em>probabile<\/em>, che evoca necessariamente un giudizio di natura probabilistica del \u201c<em>pi\u00f9 probabile che non<\/em>\u201d (INTRIERI \u2013 VIOLA, Ragionevole previsione di condanna e giustizia predittiva: una modesta proposta per la riforma dell\u2019art. 425 c.p.p., in <em>www.giustiziainsieme.it<\/em>). In altre parole, il GUP deve effettuare una <em>prognosi<\/em> applicando il principio dell\u2019\u201doltre ogni ragionevole dubbio\u201d (e non accertare la colpevolezza oltre ogni ragionevole dubbio).<\/span><\/p>\n<p><span style=\"color: #333333;\">Alla luce di quanto detto, \u00e8 evidente che, grazie alla Riforma, il GUP ha assunto ruolo di maggiore pregnanza nella valutazione dell&#8217;impianto accusatorio: il legislatore ha voluto allargare ulteriormente le maglie dell&#8217;udienza preliminare, per rafforzare la sua funzione di filtro e addivenire ad un&#8217;effettiva riduzione del carico giudiziario.<\/span>[\/vc_column_text][vc_empty_space][vc_column_text css=&#8221;&#8221;]<\/p>\n<h5>Roma, 12 Settembre 2024 \u00a0\u00a0\u00a0\u00a0\u00a0\u00a0\u00a0\u00a0\u00a0\u00a0\u00a0\u00a0\u00a0\u00a0\u00a0\u00a0\u00a0\u00a0\u00a0\u00a0\u00a0\u00a0\u00a0\u00a0\u00a0\u00a0\u00a0\u00a0\u00a0\u00a0\u00a0\u00a0\u00a0\u00a0\u00a0\u00a0\u00a0\u00a0\u00a0\u00a0\u00a0\u00a0\u00a0\u00a0\u00a0\u00a0 \u00a0 \u00a0 \u00a0 \u00a0 \u00a0 \u00a0 \u00a0 \u00a0 \u00a0 \u00a0 \u00a0 \u00a0 \u00a0 \u00a0 \u00a0 \u00a0 \u00a0 \u00a0\u00a0 <a href=\"https:\/\/carlozaccagnini.it\/it\/professionisti\/carlo-zaccagnini\/\">Avvocato Carlo Zaccagnini<\/a><\/h5>\n<p>[\/vc_column_text][vc_empty_space height=&#8221;70px&#8221;][\/vc_column][\/vc_row][vc_row css=&#8221;.vc_custom_1688383983319{background-color: #1f497d !important;}&#8221;][vc_column]<div class=\"mkdf-call-to-action-holder  mkdf-normal-layout  mkdf-three-quarters-columns\">\n\n\t<div class=\"mkdf-cta-inner \">\n\t\t<div class=\"mkdf-cta-icon-holder\">\n\t\t\t<span aria-hidden=\"true\" class=\"mkdf-icon-font-elegant  \" style=\"color: #ffffff;font-size: 30px\"><\/span>\t\t<\/div>\n\t\t<div class=\"mkdf-cta-text-holder\">\n\t\t\t<div class=\"mkdf-cta-text\">\n<h2 style=\"text-align: left;\"><span style=\"color: #165253;\"><span style=\"color: #ffffff;\">Dubbi o necessit\u00e0?<\/span><br \/>\n<\/span><\/h2>\n<\/div>\n\t\t<\/div>\n\t\t<div class=\"mkdf-cta-button-holder\" >\n\t\t\t<div class=\"mkdf-cta-button\"><a itemprop=\"url\" href=\"https:\/\/carlozaccagnini.it\/it\/contatti\/\" target=\"_self\" style=\"color: #ffffff;background-color: #1a2843;border-color: #1a2843\" class=\"mkdf-btn mkdf-btn-medium mkdf-btn-solid mkdf-btn-custom-hover-bg mkdf-btn-custom-border-hover mkdf-btn-custom-hover-color\" data-hover-color=\"#1a2843\" data-hover-bg-color=\"#f2f2ef\" data-hover-border-color=\"#1a2843\" >    <span class=\"mkdf-btn-text\">CONTATTACI<\/span>    <\/a><\/div>\n\t\t<\/div>\n\t<\/div>\n<\/div>[vc_empty_space height=&#8221;40px&#8221;][\/vc_column][\/vc_row][vc_row][vc_column][vc_empty_space height=&#8221;20px&#8221;][vc_column_text]<\/p>\n<p style=\"text-align: right;\"><strong><a href=\"https:\/\/carlozaccagnini.it\/it\/disclaimer\/\" target=\"_blank\" rel=\"noopener\">DISCLAIMER<\/a><\/strong><\/p>\n<p>[\/vc_column_text][\/vc_column][\/vc_row]<\/p>\n<\/div>","protected":false},"excerpt":{"rendered":"<p>[vc_row][vc_column][vc_row_inner][vc_column_inner width=&#8221;1\/2&#8243;][\/vc_column_inner][vc_column_inner width=&#8221;1\/2&#8243;][vc_btn title=&#8221;TORNA A PAPERS&#8221; align=&#8221;right&#8221; link=&#8221;url:https%3A%2F%2Fcarlozaccagnini.it%2Fit%2Fpapers%2F&#8221;][\/vc_column_inner][\/vc_row_inner][vc_empty_space height=&#8221;10px&#8221;][vc_column_text css=&#8221;&#8221;] Udienza preliminare ragionevole previsione di condanna [\/vc_column_text][vc_empty_space height=&#8221;50px&#8221;][\/vc_column][\/vc_row][vc_row][vc_column][vc_column_text css=&#8221;&#8221;]Il D.lgs. 10 ottobre 2022, n. 150, attuativo della l. 134\/2021 (hinc [&hellip;]<\/p>\n","protected":false},"author":2,"featured_media":0,"parent":4116,"menu_order":0,"comment_status":"closed","ping_status":"closed","template":"","meta":{"footnotes":""},"class_list":["post-6768","page","type-page","status-publish","hentry"],"yoast_head":"<!-- This site is optimized with the Yoast SEO plugin v27.3 - https:\/\/yoast.com\/product\/yoast-seo-wordpress\/ -->\n<title>Udienza preliminare ragionevole previsione di condanna | Studio Legale Avv. Carlo Zaccagnini<\/title>\n<meta name=\"description\" content=\"Udienza preliminare ragionevole previsione di condanna modifiche introdotte dal D.lgs. 150\/22, in materia di giustizia riparativa e definizione dei procedimenti.\" \/>\n<meta name=\"robots\" content=\"index, follow, max-snippet:-1, max-image-preview:large, max-video-preview:-1\" \/>\n<link rel=\"canonical\" href=\"https:\/\/carlozaccagnini.it\/it\/papers\/udienza-preliminare-ragionevole-previsione-di-condanna\/\" \/>\n<meta property=\"og:locale\" content=\"it_IT\" \/>\n<meta property=\"og:type\" content=\"article\" \/>\n<meta property=\"og:title\" content=\"Udienza preliminare ragionevole previsione di condanna | Studio Legale Avv. Carlo Zaccagnini\" \/>\n<meta property=\"og:description\" content=\"Udienza preliminare ragionevole previsione di condanna modifiche introdotte dal D.lgs. 150\/22, in materia di giustizia riparativa e definizione dei procedimenti.\" \/>\n<meta property=\"og:url\" content=\"https:\/\/carlozaccagnini.it\/it\/papers\/udienza-preliminare-ragionevole-previsione-di-condanna\/\" \/>\n<meta property=\"og:site_name\" content=\"Studio Legale Avv. Carlo Zaccagnini\" \/>\n<meta property=\"article:modified_time\" content=\"2024-09-12T10:06:12+00:00\" \/>\n<meta name=\"twitter:card\" content=\"summary_large_image\" \/>\n<meta name=\"twitter:label1\" content=\"Tempo di lettura stimato\" \/>\n\t<meta name=\"twitter:data1\" content=\"4 minuti\" \/>\n<script type=\"application\/ld+json\" class=\"yoast-schema-graph\">{\"@context\":\"https:\\\/\\\/schema.org\",\"@graph\":[{\"@type\":\"WebPage\",\"@id\":\"https:\\\/\\\/carlozaccagnini.it\\\/it\\\/papers\\\/udienza-preliminare-ragionevole-previsione-di-condanna\\\/\",\"url\":\"https:\\\/\\\/carlozaccagnini.it\\\/it\\\/papers\\\/udienza-preliminare-ragionevole-previsione-di-condanna\\\/\",\"name\":\"Udienza preliminare ragionevole previsione di condanna | Studio Legale Avv. Carlo Zaccagnini\",\"isPartOf\":{\"@id\":\"https:\\\/\\\/carlozaccagnini.it\\\/it\\\/#website\"},\"datePublished\":\"2024-09-12T07:50:37+00:00\",\"dateModified\":\"2024-09-12T10:06:12+00:00\",\"description\":\"Udienza preliminare ragionevole previsione di condanna modifiche introdotte dal D.lgs. 150\\\/22, in materia di giustizia riparativa e definizione dei procedimenti.\",\"breadcrumb\":{\"@id\":\"https:\\\/\\\/carlozaccagnini.it\\\/it\\\/papers\\\/udienza-preliminare-ragionevole-previsione-di-condanna\\\/#breadcrumb\"},\"inLanguage\":\"it-IT\",\"potentialAction\":[{\"@type\":\"ReadAction\",\"target\":[\"https:\\\/\\\/carlozaccagnini.it\\\/it\\\/papers\\\/udienza-preliminare-ragionevole-previsione-di-condanna\\\/\"]}]},{\"@type\":\"BreadcrumbList\",\"@id\":\"https:\\\/\\\/carlozaccagnini.it\\\/it\\\/papers\\\/udienza-preliminare-ragionevole-previsione-di-condanna\\\/#breadcrumb\",\"itemListElement\":[{\"@type\":\"ListItem\",\"position\":1,\"name\":\"Home\",\"item\":\"https:\\\/\\\/carlozaccagnini.it\\\/it\\\/\"},{\"@type\":\"ListItem\",\"position\":2,\"name\":\"White Papers\",\"item\":\"https:\\\/\\\/carlozaccagnini.it\\\/it\\\/papers\\\/\"},{\"@type\":\"ListItem\",\"position\":3,\"name\":\"Udienza preliminare ragionevole previsione di condanna\"}]},{\"@type\":\"WebSite\",\"@id\":\"https:\\\/\\\/carlozaccagnini.it\\\/it\\\/#website\",\"url\":\"https:\\\/\\\/carlozaccagnini.it\\\/it\\\/\",\"name\":\"Studio Legale Avv. Carlo Zaccagnini\",\"description\":\"White Collar Crime Defence\",\"publisher\":{\"@id\":\"https:\\\/\\\/carlozaccagnini.it\\\/it\\\/#organization\"},\"potentialAction\":[{\"@type\":\"SearchAction\",\"target\":{\"@type\":\"EntryPoint\",\"urlTemplate\":\"https:\\\/\\\/carlozaccagnini.it\\\/it\\\/?s={search_term_string}\"},\"query-input\":{\"@type\":\"PropertyValueSpecification\",\"valueRequired\":true,\"valueName\":\"search_term_string\"}}],\"inLanguage\":\"it-IT\"},{\"@type\":\"Organization\",\"@id\":\"https:\\\/\\\/carlozaccagnini.it\\\/it\\\/#organization\",\"name\":\"Studio Legale Carlo Zaccagnini\",\"url\":\"https:\\\/\\\/carlozaccagnini.it\\\/it\\\/\",\"logo\":{\"@type\":\"ImageObject\",\"inLanguage\":\"it-IT\",\"@id\":\"https:\\\/\\\/carlozaccagnini.it\\\/it\\\/#\\\/schema\\\/logo\\\/image\\\/\",\"url\":\"https:\\\/\\\/carlozaccagnini.it\\\/wp-content\\\/uploads\\\/2018\\\/09\\\/cropped-icona.jpg\",\"contentUrl\":\"https:\\\/\\\/carlozaccagnini.it\\\/wp-content\\\/uploads\\\/2018\\\/09\\\/cropped-icona.jpg\",\"width\":512,\"height\":512,\"caption\":\"Studio Legale Carlo Zaccagnini\"},\"image\":{\"@id\":\"https:\\\/\\\/carlozaccagnini.it\\\/it\\\/#\\\/schema\\\/logo\\\/image\\\/\"}}]}<\/script>\n<!-- \/ Yoast SEO plugin. -->","yoast_head_json":{"title":"Udienza preliminare ragionevole previsione di condanna | Studio Legale Avv. Carlo Zaccagnini","description":"Udienza preliminare ragionevole previsione di condanna modifiche introdotte dal D.lgs. 150\/22, in materia di giustizia riparativa e definizione dei procedimenti.","robots":{"index":"index","follow":"follow","max-snippet":"max-snippet:-1","max-image-preview":"max-image-preview:large","max-video-preview":"max-video-preview:-1"},"canonical":"https:\/\/carlozaccagnini.it\/it\/papers\/udienza-preliminare-ragionevole-previsione-di-condanna\/","og_locale":"it_IT","og_type":"article","og_title":"Udienza preliminare ragionevole previsione di condanna | Studio Legale Avv. Carlo Zaccagnini","og_description":"Udienza preliminare ragionevole previsione di condanna modifiche introdotte dal D.lgs. 150\/22, in materia di giustizia riparativa e definizione dei procedimenti.","og_url":"https:\/\/carlozaccagnini.it\/it\/papers\/udienza-preliminare-ragionevole-previsione-di-condanna\/","og_site_name":"Studio Legale Avv. Carlo Zaccagnini","article_modified_time":"2024-09-12T10:06:12+00:00","twitter_card":"summary_large_image","twitter_misc":{"Tempo di lettura stimato":"4 minuti"},"schema":{"@context":"https:\/\/schema.org","@graph":[{"@type":"WebPage","@id":"https:\/\/carlozaccagnini.it\/it\/papers\/udienza-preliminare-ragionevole-previsione-di-condanna\/","url":"https:\/\/carlozaccagnini.it\/it\/papers\/udienza-preliminare-ragionevole-previsione-di-condanna\/","name":"Udienza preliminare ragionevole previsione di condanna | Studio Legale Avv. Carlo Zaccagnini","isPartOf":{"@id":"https:\/\/carlozaccagnini.it\/it\/#website"},"datePublished":"2024-09-12T07:50:37+00:00","dateModified":"2024-09-12T10:06:12+00:00","description":"Udienza preliminare ragionevole previsione di condanna modifiche introdotte dal D.lgs. 150\/22, in materia di giustizia riparativa e definizione dei procedimenti.","breadcrumb":{"@id":"https:\/\/carlozaccagnini.it\/it\/papers\/udienza-preliminare-ragionevole-previsione-di-condanna\/#breadcrumb"},"inLanguage":"it-IT","potentialAction":[{"@type":"ReadAction","target":["https:\/\/carlozaccagnini.it\/it\/papers\/udienza-preliminare-ragionevole-previsione-di-condanna\/"]}]},{"@type":"BreadcrumbList","@id":"https:\/\/carlozaccagnini.it\/it\/papers\/udienza-preliminare-ragionevole-previsione-di-condanna\/#breadcrumb","itemListElement":[{"@type":"ListItem","position":1,"name":"Home","item":"https:\/\/carlozaccagnini.it\/it\/"},{"@type":"ListItem","position":2,"name":"White Papers","item":"https:\/\/carlozaccagnini.it\/it\/papers\/"},{"@type":"ListItem","position":3,"name":"Udienza preliminare ragionevole previsione di condanna"}]},{"@type":"WebSite","@id":"https:\/\/carlozaccagnini.it\/it\/#website","url":"https:\/\/carlozaccagnini.it\/it\/","name":"Studio Legale Avv. Carlo Zaccagnini","description":"White Collar Crime Defence","publisher":{"@id":"https:\/\/carlozaccagnini.it\/it\/#organization"},"potentialAction":[{"@type":"SearchAction","target":{"@type":"EntryPoint","urlTemplate":"https:\/\/carlozaccagnini.it\/it\/?s={search_term_string}"},"query-input":{"@type":"PropertyValueSpecification","valueRequired":true,"valueName":"search_term_string"}}],"inLanguage":"it-IT"},{"@type":"Organization","@id":"https:\/\/carlozaccagnini.it\/it\/#organization","name":"Studio Legale Carlo Zaccagnini","url":"https:\/\/carlozaccagnini.it\/it\/","logo":{"@type":"ImageObject","inLanguage":"it-IT","@id":"https:\/\/carlozaccagnini.it\/it\/#\/schema\/logo\/image\/","url":"https:\/\/carlozaccagnini.it\/wp-content\/uploads\/2018\/09\/cropped-icona.jpg","contentUrl":"https:\/\/carlozaccagnini.it\/wp-content\/uploads\/2018\/09\/cropped-icona.jpg","width":512,"height":512,"caption":"Studio Legale Carlo Zaccagnini"},"image":{"@id":"https:\/\/carlozaccagnini.it\/it\/#\/schema\/logo\/image\/"}}]}},"_links":{"self":[{"href":"https:\/\/carlozaccagnini.it\/it\/wp-json\/wp\/v2\/pages\/6768","targetHints":{"allow":["GET"]}}],"collection":[{"href":"https:\/\/carlozaccagnini.it\/it\/wp-json\/wp\/v2\/pages"}],"about":[{"href":"https:\/\/carlozaccagnini.it\/it\/wp-json\/wp\/v2\/types\/page"}],"author":[{"embeddable":true,"href":"https:\/\/carlozaccagnini.it\/it\/wp-json\/wp\/v2\/users\/2"}],"replies":[{"embeddable":true,"href":"https:\/\/carlozaccagnini.it\/it\/wp-json\/wp\/v2\/comments?post=6768"}],"version-history":[{"count":2,"href":"https:\/\/carlozaccagnini.it\/it\/wp-json\/wp\/v2\/pages\/6768\/revisions"}],"predecessor-version":[{"id":6774,"href":"https:\/\/carlozaccagnini.it\/it\/wp-json\/wp\/v2\/pages\/6768\/revisions\/6774"}],"up":[{"embeddable":true,"href":"https:\/\/carlozaccagnini.it\/it\/wp-json\/wp\/v2\/pages\/4116"}],"wp:attachment":[{"href":"https:\/\/carlozaccagnini.it\/it\/wp-json\/wp\/v2\/media?parent=6768"}],"curies":[{"name":"wp","href":"https:\/\/api.w.org\/{rel}","templated":true}]}}