{"id":6739,"date":"2024-07-23T17:50:52","date_gmt":"2024-07-23T15:50:52","guid":{"rendered":"https:\/\/carlozaccagnini.it\/?page_id=6739"},"modified":"2025-08-01T13:00:54","modified_gmt":"2025-08-01T11:00:54","slug":"ai-act-e-responsabilita-penale","status":"publish","type":"page","link":"https:\/\/carlozaccagnini.it\/it\/papers\/ai-act-e-responsabilita-penale\/","title":{"rendered":"AI Act e responsabilit\u00e0 penale"},"content":{"rendered":"<div class=\"wpb-content-wrapper\"><p>[vc_row][vc_column][vc_row_inner][vc_column_inner width=&#8221;1\/2&#8243;][\/vc_column_inner][vc_column_inner width=&#8221;1\/2&#8243;][vc_btn title=&#8221;TORNA A PAPERS&#8221; align=&#8221;right&#8221; link=&#8221;url:https%3A%2F%2Fcarlozaccagnini.it%2Fit%2Fpapers%2F&#8221;][\/vc_column_inner][\/vc_row_inner][vc_empty_space height=&#8221;10px&#8221;][vc_column_text css=&#8221;&#8221;]<\/p>\n<h3><span style=\"color: #1f497d;\">AI Act e responsabilit\u00e0 penale<\/span><\/h3>\n<p>[\/vc_column_text][vc_empty_space height=&#8221;50px&#8221;][\/vc_column][\/vc_row][vc_row][vc_column][vc_column_text css=&#8221;&#8221;]<span style=\"color: #333333;\">L&#8217;AI Act, regolamento n. 1689 del 13 giugno 2024 del Parlamento Europeo e del Consiglio dell\u2019Unione Europea pubblicato in Gazzetta Ufficiale Europea il 12 luglio 2024 e applicato a decorrere dal 2 agosto 2026, \u00e8 il primo atto normativo che disciplina lo sviluppo, l&#8217;immissione sul mercato e l&#8217;uso dei sistemi di intelligenza artificiale, adottando un approccio &#8220;<em>risk-based<\/em>&#8221; per la gestione preventiva dei rischi.<\/span><\/p>\n<p><span style=\"color: #333333;\">Tuttavia, considerati tutti i rischi associati al possibile uso distorto dell&#8217;IA, i divieti, nonch\u00e9 le disposizioni generali del regolamento, potrebbero trovare applicazione gi\u00e0 a decorrere dal 2 febbraio 2025, cos\u00ec come stabilito nel \u201c<strong>Considerato<\/strong>\u201d n. 179 del Regolamento stesso.<\/span><\/p>\n<p><span style=\"color: #333333;\">Sebbene ad oggi si parli perlopi\u00f9 di responsabilit\u00e0 civile connessa alla lesione di beni giuridici da incauto utilizzo dell\u2019IA, sono gi\u00e0 pronosticabili responsabilit\u00e0 di tipo penalistico.<\/span><\/p>\n<p><span style=\"color: #333333;\">Anzitutto il Regolamento disciplina due figure nella sezione 3, rispettivamente agli artt. 16-22 e agli artt. 26 e 27: il <em>Provider<\/em>, persona fisica o giuridica che sviluppa o fa sviluppare un sistema di IA per finalit\u00e0 generali e lo immette sul mercato e il <em>Deployer<\/em>, persona fisica o giuridica, che utilizza un sistema di IA sotto la propria autorit\u00e0 per fini puramente personali.<\/span><\/p>\n<p><span style=\"color: #333333;\">I <em>Provider<\/em> di sistemi di IA, specialmente quelli ad alto rischio, sono tenuti a <strong>rispettare un serie di obblighi <em>ex<\/em> art. 16 di seguito elencati:<\/strong><\/span><\/p>\n<ol>\n<li><span style=\"color: #333333;\">Garantire la conformit\u00e0 dei sistemi ai requisiti del regolamento.<\/span><\/li>\n<li><span style=\"color: #333333;\">Adottare un sistema di gestione della qualit\u00e0.<\/span><\/li>\n<li><span style=\"color: #333333;\">Conservare i log generati dai sistemi.<\/span><\/li>\n<li><span style=\"color: #333333;\">Effettuare la valutazione della conformit\u00e0 prima dell&#8217;immissione sul mercato.<\/span><\/li>\n<li><span style=\"color: #333333;\">Redigere una dichiarazione di conformit\u00e0 UE e apporre la marcatura CE.<\/span><\/li>\n<li><span style=\"color: #333333;\">Rispettare gli obblighi di registrazione.<\/span><\/li>\n<li><span style=\"color: #333333;\">Adottare misure correttive e fornire le informazioni necessarie.<\/span><\/li>\n<li><span style=\"color: #333333;\">Dimostrare la conformit\u00e0 del sistema su richiesta delle autorit\u00e0 nazionali.<\/span><\/li>\n<\/ol>\n<p><strong><span style=\"color: #333333;\">Viceversa, l\u2019art 26 stabilisce che i <em>Deployer<\/em> sono onerati di:<\/span><\/strong><\/p>\n<ol>\n<li><span style=\"color: #333333;\">Adottare misure tecniche e organizzative conformemente alle istruzioni fornite dai provider.<\/span><\/li>\n<li><span style=\"color: #333333;\">Affidare la sorveglianza umana a personale competente.<\/span><\/li>\n<li><span style=\"color: #333333;\">Monitorare il funzionamento del sistema di IA e informare il provider in caso di problemi.<\/span><\/li>\n<li><span style=\"color: #333333;\">Informare immediatamente le autorit\u00e0 competenti in caso di incidenti gravi.<\/span><\/li>\n<\/ol>\n<p><span style=\"color: #333333;\">L&#8217;AI Act, pur promuovendo un <strong>approccio<\/strong> <strong>consapevole<\/strong> nella gestione dei rischi, non introduce specifica responsabilit\u00e0 penale, che rimane, dunque, disciplinata dalle normative esistenti, tra cui:<\/span><\/p>\n<ol>\n<li><span style=\"color: #333333;\">D.lgs.vo 231\/2001 ovverosia la predisposizione di modelli di organizzazione e gestione (MOG) per il controllo del rischio;<\/span><\/li>\n<li><span style=\"color: #333333;\">normative di protezione dei consumatori, come il Codice del Consumo, che prevede sanzioni per l&#8217;immissione sul mercato di prodotti pericolosi.<\/span><\/li>\n<\/ol>\n<p><span style=\"color: #333333;\">Il Regolamento, all\u2019art. 14, introduce per la prima volta un nuovo concetto la c.d. &#8220;<em>human oversight<\/em>&#8221; con l\u2019obiettivo di prevenire o ridurre i rischi per la salute, la sicurezza o i diritti fondamentali derivanti dall&#8217;uso dei sistemi di IA ad alto rischio. L\u2019omessa adozione di misure idonee alla tutela dei suddetti diritti comporta addebito di responsabilit\u00e0 al &#8220;<em>sorvegliante umano<\/em>&#8220;, sia esso <em>Provider<\/em> o <em>Deployer<\/em>.<\/span><\/p>\n<p><span style=\"color: #333333;\">L&#8217;AI Act predispone un quadro normativo dettagliato per la gestione e la conformit\u00e0 dei sistemi di IA, con un focus sulla prevenzione dei rischi per fornitori e <em>deployer<\/em>. Tuttavia,\u00a0 come detto, lascia aperte questioni relative alla responsabilit\u00e0 penale, che saranno disciplinate dalle normative esistenti e future disposizioni legislative.<\/span>[\/vc_column_text][vc_empty_space][vc_column_text css=&#8221;&#8221;]<\/p>\n<h5>Roma, 23 Luglio 2024 \u00a0\u00a0\u00a0\u00a0\u00a0\u00a0\u00a0\u00a0\u00a0\u00a0\u00a0\u00a0\u00a0\u00a0\u00a0\u00a0\u00a0\u00a0\u00a0\u00a0\u00a0\u00a0\u00a0\u00a0\u00a0\u00a0\u00a0\u00a0\u00a0\u00a0\u00a0\u00a0\u00a0\u00a0\u00a0\u00a0\u00a0\u00a0\u00a0\u00a0\u00a0\u00a0\u00a0\u00a0\u00a0\u00a0 \u00a0 \u00a0 \u00a0 \u00a0 \u00a0 \u00a0 \u00a0 \u00a0 \u00a0 \u00a0 \u00a0 \u00a0 \u00a0 \u00a0 \u00a0 \u00a0 \u00a0 \u00a0\u00a0 <a href=\"https:\/\/carlozaccagnini.it\/it\/professionisti\/carlo-zaccagnini\/\">Avvocato Carlo Zaccagnini<\/a><\/h5>\n<p>[\/vc_column_text][vc_empty_space height=&#8221;70px&#8221;][\/vc_column][\/vc_row][vc_row css=&#8221;.vc_custom_1688383983319{background-color: #1f497d !important;}&#8221;][vc_column]<div class=\"mkdf-call-to-action-holder  mkdf-normal-layout  mkdf-three-quarters-columns\">\n\n\t<div class=\"mkdf-cta-inner \">\n\t\t<div class=\"mkdf-cta-icon-holder\">\n\t\t\t<span aria-hidden=\"true\" class=\"mkdf-icon-font-elegant  \" style=\"color: #ffffff;font-size: 30px\"><\/span>\t\t<\/div>\n\t\t<div class=\"mkdf-cta-text-holder\">\n\t\t\t<div class=\"mkdf-cta-text\">\n<h2 style=\"text-align: left;\"><span style=\"color: #165253;\"><span style=\"color: #ffffff;\">Dubbi o necessit\u00e0?<\/span><br \/>\n<\/span><\/h2>\n<\/div>\n\t\t<\/div>\n\t\t<div class=\"mkdf-cta-button-holder\" >\n\t\t\t<div class=\"mkdf-cta-button\"><a itemprop=\"url\" href=\"https:\/\/carlozaccagnini.it\/it\/contatti\/\" target=\"_self\" style=\"color: #ffffff;background-color: #1a2843;border-color: #1a2843\" class=\"mkdf-btn mkdf-btn-medium mkdf-btn-solid mkdf-btn-custom-hover-bg mkdf-btn-custom-border-hover mkdf-btn-custom-hover-color\" data-hover-color=\"#1a2843\" data-hover-bg-color=\"#f2f2ef\" data-hover-border-color=\"#1a2843\" >    <span class=\"mkdf-btn-text\">CONTATTACI<\/span>    <\/a><\/div>\n\t\t<\/div>\n\t<\/div>\n<\/div>[vc_empty_space height=&#8221;40px&#8221;][\/vc_column][\/vc_row][vc_row][vc_column][vc_empty_space height=&#8221;20px&#8221;][vc_column_text]<\/p>\n<p style=\"text-align: right;\"><strong><a href=\"https:\/\/carlozaccagnini.it\/it\/disclaimer\/\" target=\"_blank\" rel=\"noopener\">DISCLAIMER<\/a><\/strong><\/p>\n<p>[\/vc_column_text][\/vc_column][\/vc_row]<\/p>\n<\/div>","protected":false},"excerpt":{"rendered":"<p>[vc_row][vc_column][vc_row_inner][vc_column_inner width=&#8221;1\/2&#8243;][\/vc_column_inner][vc_column_inner width=&#8221;1\/2&#8243;][vc_btn title=&#8221;TORNA A PAPERS&#8221; align=&#8221;right&#8221; link=&#8221;url:https%3A%2F%2Fcarlozaccagnini.it%2Fit%2Fpapers%2F&#8221;][\/vc_column_inner][\/vc_row_inner][vc_empty_space height=&#8221;10px&#8221;][vc_column_text css=&#8221;&#8221;] AI Act e responsabilit\u00e0 penale [\/vc_column_text][vc_empty_space height=&#8221;50px&#8221;][\/vc_column][\/vc_row][vc_row][vc_column][vc_column_text css=&#8221;&#8221;]L&#8217;AI Act, regolamento n. 1689 del 13 giugno 2024 del Parlamento Europeo e [&hellip;]<\/p>\n","protected":false},"author":2,"featured_media":0,"parent":4116,"menu_order":0,"comment_status":"closed","ping_status":"closed","template":"","meta":{"footnotes":""},"class_list":["post-6739","page","type-page","status-publish","hentry"],"yoast_head":"<!-- This site is optimized with the Yoast SEO plugin v27.3 - https:\/\/yoast.com\/product\/yoast-seo-wordpress\/ -->\n<title>AI Act e responsabilit\u00e0 penale | Studio Legale Avv. Carlo Zaccagnini<\/title>\n<meta name=\"description\" content=\"L&#039;AI Act (Reg. UE 1689\/2024) applicato dal 2 agosto 2026, \u00e8 il primo atto normativo che disciplina lo sviluppo, l&#039;immissione e l&#039;uso dei sistemi di intelligenza artificiale, adottando un approccio &quot;risk-based&quot; per la gestione preventiva dei rischi.\" \/>\n<meta name=\"robots\" content=\"index, follow, max-snippet:-1, max-image-preview:large, max-video-preview:-1\" \/>\n<link rel=\"canonical\" href=\"https:\/\/carlozaccagnini.it\/it\/papers\/ai-act-e-responsabilita-penale\/\" \/>\n<meta property=\"og:locale\" content=\"it_IT\" \/>\n<meta property=\"og:type\" content=\"article\" \/>\n<meta property=\"og:title\" content=\"AI Act e responsabilit\u00e0 penale | Studio Legale Avv. Carlo Zaccagnini\" \/>\n<meta property=\"og:description\" content=\"L&#039;AI Act (Reg. UE 1689\/2024) applicato dal 2 agosto 2026, \u00e8 il primo atto normativo che disciplina lo sviluppo, l&#039;immissione e l&#039;uso dei sistemi di intelligenza artificiale, adottando un approccio &quot;risk-based&quot; per la gestione preventiva dei rischi.\" \/>\n<meta property=\"og:url\" content=\"https:\/\/carlozaccagnini.it\/it\/papers\/ai-act-e-responsabilita-penale\/\" \/>\n<meta property=\"og:site_name\" content=\"Studio Legale Avv. Carlo Zaccagnini\" \/>\n<meta property=\"article:modified_time\" content=\"2025-08-01T11:00:54+00:00\" \/>\n<meta name=\"twitter:card\" content=\"summary_large_image\" \/>\n<meta name=\"twitter:label1\" content=\"Tempo di lettura stimato\" \/>\n\t<meta name=\"twitter:data1\" content=\"3 minuti\" \/>\n<script type=\"application\/ld+json\" class=\"yoast-schema-graph\">{\"@context\":\"https:\\\/\\\/schema.org\",\"@graph\":[{\"@type\":\"WebPage\",\"@id\":\"https:\\\/\\\/carlozaccagnini.it\\\/it\\\/papers\\\/ai-act-e-responsabilita-penale\\\/\",\"url\":\"https:\\\/\\\/carlozaccagnini.it\\\/it\\\/papers\\\/ai-act-e-responsabilita-penale\\\/\",\"name\":\"AI Act e responsabilit\u00e0 penale | Studio Legale Avv. Carlo Zaccagnini\",\"isPartOf\":{\"@id\":\"https:\\\/\\\/carlozaccagnini.it\\\/it\\\/#website\"},\"datePublished\":\"2024-07-23T15:50:52+00:00\",\"dateModified\":\"2025-08-01T11:00:54+00:00\",\"description\":\"L'AI Act (Reg. UE 1689\\\/2024) applicato dal 2 agosto 2026, \u00e8 il primo atto normativo che disciplina lo sviluppo, l'immissione e l'uso dei sistemi di intelligenza artificiale, adottando un approccio \\\"risk-based\\\" per la gestione preventiva dei rischi.\",\"breadcrumb\":{\"@id\":\"https:\\\/\\\/carlozaccagnini.it\\\/it\\\/papers\\\/ai-act-e-responsabilita-penale\\\/#breadcrumb\"},\"inLanguage\":\"it-IT\",\"potentialAction\":[{\"@type\":\"ReadAction\",\"target\":[\"https:\\\/\\\/carlozaccagnini.it\\\/it\\\/papers\\\/ai-act-e-responsabilita-penale\\\/\"]}]},{\"@type\":\"BreadcrumbList\",\"@id\":\"https:\\\/\\\/carlozaccagnini.it\\\/it\\\/papers\\\/ai-act-e-responsabilita-penale\\\/#breadcrumb\",\"itemListElement\":[{\"@type\":\"ListItem\",\"position\":1,\"name\":\"Home\",\"item\":\"https:\\\/\\\/carlozaccagnini.it\\\/it\\\/\"},{\"@type\":\"ListItem\",\"position\":2,\"name\":\"White Papers\",\"item\":\"https:\\\/\\\/carlozaccagnini.it\\\/it\\\/papers\\\/\"},{\"@type\":\"ListItem\",\"position\":3,\"name\":\"AI Act e responsabilit\u00e0 penale\"}]},{\"@type\":\"WebSite\",\"@id\":\"https:\\\/\\\/carlozaccagnini.it\\\/it\\\/#website\",\"url\":\"https:\\\/\\\/carlozaccagnini.it\\\/it\\\/\",\"name\":\"Studio Legale Avv. Carlo Zaccagnini\",\"description\":\"White Collar Crime Defence\",\"publisher\":{\"@id\":\"https:\\\/\\\/carlozaccagnini.it\\\/it\\\/#organization\"},\"potentialAction\":[{\"@type\":\"SearchAction\",\"target\":{\"@type\":\"EntryPoint\",\"urlTemplate\":\"https:\\\/\\\/carlozaccagnini.it\\\/it\\\/?s={search_term_string}\"},\"query-input\":{\"@type\":\"PropertyValueSpecification\",\"valueRequired\":true,\"valueName\":\"search_term_string\"}}],\"inLanguage\":\"it-IT\"},{\"@type\":\"Organization\",\"@id\":\"https:\\\/\\\/carlozaccagnini.it\\\/it\\\/#organization\",\"name\":\"Studio Legale Carlo Zaccagnini\",\"url\":\"https:\\\/\\\/carlozaccagnini.it\\\/it\\\/\",\"logo\":{\"@type\":\"ImageObject\",\"inLanguage\":\"it-IT\",\"@id\":\"https:\\\/\\\/carlozaccagnini.it\\\/it\\\/#\\\/schema\\\/logo\\\/image\\\/\",\"url\":\"https:\\\/\\\/carlozaccagnini.it\\\/wp-content\\\/uploads\\\/2018\\\/09\\\/cropped-icona.jpg\",\"contentUrl\":\"https:\\\/\\\/carlozaccagnini.it\\\/wp-content\\\/uploads\\\/2018\\\/09\\\/cropped-icona.jpg\",\"width\":512,\"height\":512,\"caption\":\"Studio Legale Carlo Zaccagnini\"},\"image\":{\"@id\":\"https:\\\/\\\/carlozaccagnini.it\\\/it\\\/#\\\/schema\\\/logo\\\/image\\\/\"}}]}<\/script>\n<!-- \/ Yoast SEO plugin. -->","yoast_head_json":{"title":"AI Act e responsabilit\u00e0 penale | Studio Legale Avv. Carlo Zaccagnini","description":"L'AI Act (Reg. UE 1689\/2024) applicato dal 2 agosto 2026, \u00e8 il primo atto normativo che disciplina lo sviluppo, l'immissione e l'uso dei sistemi di intelligenza artificiale, adottando un approccio \"risk-based\" per la gestione preventiva dei rischi.","robots":{"index":"index","follow":"follow","max-snippet":"max-snippet:-1","max-image-preview":"max-image-preview:large","max-video-preview":"max-video-preview:-1"},"canonical":"https:\/\/carlozaccagnini.it\/it\/papers\/ai-act-e-responsabilita-penale\/","og_locale":"it_IT","og_type":"article","og_title":"AI Act e responsabilit\u00e0 penale | Studio Legale Avv. Carlo Zaccagnini","og_description":"L'AI Act (Reg. UE 1689\/2024) applicato dal 2 agosto 2026, \u00e8 il primo atto normativo che disciplina lo sviluppo, l'immissione e l'uso dei sistemi di intelligenza artificiale, adottando un approccio \"risk-based\" per la gestione preventiva dei rischi.","og_url":"https:\/\/carlozaccagnini.it\/it\/papers\/ai-act-e-responsabilita-penale\/","og_site_name":"Studio Legale Avv. Carlo Zaccagnini","article_modified_time":"2025-08-01T11:00:54+00:00","twitter_card":"summary_large_image","twitter_misc":{"Tempo di lettura stimato":"3 minuti"},"schema":{"@context":"https:\/\/schema.org","@graph":[{"@type":"WebPage","@id":"https:\/\/carlozaccagnini.it\/it\/papers\/ai-act-e-responsabilita-penale\/","url":"https:\/\/carlozaccagnini.it\/it\/papers\/ai-act-e-responsabilita-penale\/","name":"AI Act e responsabilit\u00e0 penale | Studio Legale Avv. Carlo Zaccagnini","isPartOf":{"@id":"https:\/\/carlozaccagnini.it\/it\/#website"},"datePublished":"2024-07-23T15:50:52+00:00","dateModified":"2025-08-01T11:00:54+00:00","description":"L'AI Act (Reg. UE 1689\/2024) applicato dal 2 agosto 2026, \u00e8 il primo atto normativo che disciplina lo sviluppo, l'immissione e l'uso dei sistemi di intelligenza artificiale, adottando un approccio \"risk-based\" per la gestione preventiva dei rischi.","breadcrumb":{"@id":"https:\/\/carlozaccagnini.it\/it\/papers\/ai-act-e-responsabilita-penale\/#breadcrumb"},"inLanguage":"it-IT","potentialAction":[{"@type":"ReadAction","target":["https:\/\/carlozaccagnini.it\/it\/papers\/ai-act-e-responsabilita-penale\/"]}]},{"@type":"BreadcrumbList","@id":"https:\/\/carlozaccagnini.it\/it\/papers\/ai-act-e-responsabilita-penale\/#breadcrumb","itemListElement":[{"@type":"ListItem","position":1,"name":"Home","item":"https:\/\/carlozaccagnini.it\/it\/"},{"@type":"ListItem","position":2,"name":"White Papers","item":"https:\/\/carlozaccagnini.it\/it\/papers\/"},{"@type":"ListItem","position":3,"name":"AI Act e responsabilit\u00e0 penale"}]},{"@type":"WebSite","@id":"https:\/\/carlozaccagnini.it\/it\/#website","url":"https:\/\/carlozaccagnini.it\/it\/","name":"Studio Legale Avv. Carlo Zaccagnini","description":"White Collar Crime Defence","publisher":{"@id":"https:\/\/carlozaccagnini.it\/it\/#organization"},"potentialAction":[{"@type":"SearchAction","target":{"@type":"EntryPoint","urlTemplate":"https:\/\/carlozaccagnini.it\/it\/?s={search_term_string}"},"query-input":{"@type":"PropertyValueSpecification","valueRequired":true,"valueName":"search_term_string"}}],"inLanguage":"it-IT"},{"@type":"Organization","@id":"https:\/\/carlozaccagnini.it\/it\/#organization","name":"Studio Legale Carlo Zaccagnini","url":"https:\/\/carlozaccagnini.it\/it\/","logo":{"@type":"ImageObject","inLanguage":"it-IT","@id":"https:\/\/carlozaccagnini.it\/it\/#\/schema\/logo\/image\/","url":"https:\/\/carlozaccagnini.it\/wp-content\/uploads\/2018\/09\/cropped-icona.jpg","contentUrl":"https:\/\/carlozaccagnini.it\/wp-content\/uploads\/2018\/09\/cropped-icona.jpg","width":512,"height":512,"caption":"Studio Legale Carlo Zaccagnini"},"image":{"@id":"https:\/\/carlozaccagnini.it\/it\/#\/schema\/logo\/image\/"}}]}},"_links":{"self":[{"href":"https:\/\/carlozaccagnini.it\/it\/wp-json\/wp\/v2\/pages\/6739","targetHints":{"allow":["GET"]}}],"collection":[{"href":"https:\/\/carlozaccagnini.it\/it\/wp-json\/wp\/v2\/pages"}],"about":[{"href":"https:\/\/carlozaccagnini.it\/it\/wp-json\/wp\/v2\/types\/page"}],"author":[{"embeddable":true,"href":"https:\/\/carlozaccagnini.it\/it\/wp-json\/wp\/v2\/users\/2"}],"replies":[{"embeddable":true,"href":"https:\/\/carlozaccagnini.it\/it\/wp-json\/wp\/v2\/comments?post=6739"}],"version-history":[{"count":2,"href":"https:\/\/carlozaccagnini.it\/it\/wp-json\/wp\/v2\/pages\/6739\/revisions"}],"predecessor-version":[{"id":6743,"href":"https:\/\/carlozaccagnini.it\/it\/wp-json\/wp\/v2\/pages\/6739\/revisions\/6743"}],"up":[{"embeddable":true,"href":"https:\/\/carlozaccagnini.it\/it\/wp-json\/wp\/v2\/pages\/4116"}],"wp:attachment":[{"href":"https:\/\/carlozaccagnini.it\/it\/wp-json\/wp\/v2\/media?parent=6739"}],"curies":[{"name":"wp","href":"https:\/\/api.w.org\/{rel}","templated":true}]}}