{"id":6712,"date":"2024-07-05T12:27:36","date_gmt":"2024-07-05T10:27:36","guid":{"rendered":"https:\/\/carlozaccagnini.it\/?page_id=6712"},"modified":"2024-07-05T12:31:15","modified_gmt":"2024-07-05T10:31:15","slug":"legge-n-90-28-giugno-2024-le-nuove-norme-in-tema-di-cybersicurezza","status":"publish","type":"page","link":"https:\/\/carlozaccagnini.it\/it\/papers\/legge-90-2024-norme-in-tema-di-cybersicurezza\/","title":{"rendered":"Legge n. 90\/2024: nuove norme in tema di Cybersicurezza"},"content":{"rendered":"<div class=\"wpb-content-wrapper\"><p>[vc_row][vc_column][vc_row_inner][vc_column_inner width=&#8221;1\/2&#8243;][\/vc_column_inner][vc_column_inner width=&#8221;1\/2&#8243;][vc_btn title=&#8221;TORNA A PAPERS&#8221; align=&#8221;right&#8221; link=&#8221;url:https%3A%2F%2Fcarlozaccagnini.it%2Fit%2Fpapers%2F&#8221;][\/vc_column_inner][\/vc_row_inner][vc_empty_space height=&#8221;10px&#8221;][vc_column_text css=&#8221;&#8221;]<\/p>\n<h3><span style=\"color: #11397a;\">Legge n. 90\/2024: nuove norme in tema di <em>Cybersicurezza<\/em><\/span><\/h3>\n<p>[\/vc_column_text][vc_empty_space height=&#8221;50px&#8221;][\/vc_column][\/vc_row][vc_row][vc_column][vc_column_text css=&#8221;&#8221;]<\/p>\n<h5>La Legge n. 90, 28 giugno 2024 (<em>hinc<\/em> \u201cla Legge\u201d), approvata dal Senato, il 19 giugno scorso, mira ad<strong>\u00a0<\/strong>aumentate la sicurezza informatica\u00a0per difendersi dagli attacchi cibernetici, introducendo sanzioni pi\u00f9 pesanti\u00a0per i reati commessi <em>online<\/em>.\u00a0La norma rappresenta risposta concreta alle crescenti minacce cibernetiche\u00a0che, soprattutto negli ultimi anni, hanno subito incremento esponenziale, sia in termini di frequenza che di sofisticazione.<\/h5>\n<h5>Il testo definitivo, pubblicato in Gazzetta Ufficiale il 2 luglio 2024 entrer\u00e0 in vigore il 17 luglio 2024; il testo \u00e8 suddiviso in due capi: il primo introduce norme volte all\u2019implementazione e allo sviluppo di misure di prevenzione e monitoraggio degli attacchi informatici imponendo un obbligo di segnalazione da parte di tutti gli operatori pubblici e privati inclusi nel Perimetro di Sicurezza Nazionale Cibernetica (PSNC) oltre alle pubbliche amministrazioni; il capo secondo, invece, prevede inasprimento del trattamento sanzionatorio modificando le disposizioni del codice penale e di procedura penale e quelle in tema di responsabilit\u00e0 amministrativa da reato degli enti <em>ex<\/em> D. lgs.vo n. 231\/2001.<\/h5>\n<h5>Con particolare riguardo alle correzioni apportate al Codice penale, l\u2019art. 16 della Legge sulla <em>Cybersicurezza<\/em> interviene sulla disciplina dell\u2019accesso abusivo ad un sistema informatico, art. 615 <em>ter<\/em> c.p., raddoppiando le pene comminate per le aggravanti di cui ai commi 2 e 3 rispetto all\u2019attuale formulazione (da uno a cinque anni a due a dieci anni di reclusione). La Legge ha altres\u00ec aggiunto una nuova fattispecie, al comma terzo dell\u2019art. 629 c.p., il delitto di estorsione commesso mediante la perpetrazione o la minaccia di perpetrazione di delitti informatici (cd. <em>cyber extortion<\/em>), al fine di contrastare il fenomeno, sempre pi\u00f9 diffuso, dei <em>ransomware<\/em> perpetrati in danno delle imprese per ottenere dalle vittime ingenti somme di denaro. Tra le novit\u00e0 pi\u00f9 rilevanti della riforma anche l\u2019introduzione di circostanze attenuanti che consentono una riduzione della pena per fatti di lieve entit\u00e0 ovvero nei casi in cui il <em>reo<\/em> si adoperi affinch\u00e9 l\u2019attivit\u00e0 delittuosa non sia portata a conseguenze ulteriori collaborando con le Autorit\u00e0.<\/h5>\n<h5>L\u2019articolo 17, rubricato \u201c<em>modifiche al codice di procedura penale<\/em>\u201d, specifica che la competenza per lo svolgimento delle indagini \u00e8 attribuita alla procura distrettuale e la durata massima delle indagini preliminari \u00e8 pari a 2 anni. Sul fronte della responsabilit\u00e0 da reato degli enti, l\u2019art. 20 Legge 90\/2024 ha modificato la cornice edittale prevista dall\u2019art. 24 <em>bis<\/em> D. lgs. 231\/2001 introducendo tra i reati presupposto la nuova fattispecie di estorsione di cui all\u2019art. 629, comma 3, c.p. e prevedendo l\u2019applicazione delle sanzioni interdittive <em>ex<\/em> art. 9, comma 2, d. lgs. 231\/2001, ad esempio l\u2019interdizione dall&#8217;esercizio dell&#8217;attivit\u00e0, la sospensione o la revoca delle autorizzazioni, licenze o concessioni funzionali alla commissione dell&#8217;illecito, l&#8217;esclusione da agevolazioni, finanziamenti, contributi o sussidi e l&#8217;eventuale revoca di quelli gi\u00e0 concessi per una durata non inferiore ai due anni.<\/h5>\n<p>[\/vc_column_text][vc_empty_space][vc_column_text css=&#8221;&#8221;]<\/p>\n<h5>Roma, 5 Luglio 2024 \u00a0\u00a0\u00a0\u00a0\u00a0\u00a0\u00a0\u00a0\u00a0\u00a0\u00a0\u00a0\u00a0\u00a0\u00a0\u00a0\u00a0\u00a0\u00a0\u00a0\u00a0\u00a0\u00a0\u00a0\u00a0\u00a0\u00a0\u00a0\u00a0\u00a0\u00a0\u00a0\u00a0\u00a0\u00a0\u00a0\u00a0\u00a0\u00a0\u00a0\u00a0\u00a0\u00a0\u00a0\u00a0\u00a0\u00a0 \u00a0 \u00a0 \u00a0 \u00a0 \u00a0 \u00a0 \u00a0 \u00a0 \u00a0 \u00a0 \u00a0 \u00a0 \u00a0 \u00a0 \u00a0 \u00a0 \u00a0 \u00a0\u00a0 <a href=\"https:\/\/carlozaccagnini.it\/it\/professionisti\/carlo-zaccagnini\/\">Avvocato Carlo Zaccagnini<\/a><\/h5>\n<p>[\/vc_column_text][vc_empty_space height=&#8221;70px&#8221;][\/vc_column][\/vc_row][vc_row css=&#8221;.vc_custom_1688383983319{background-color: #1f497d !important;}&#8221;][vc_column]<div class=\"mkdf-call-to-action-holder  mkdf-normal-layout  mkdf-three-quarters-columns\">\n\n\t<div class=\"mkdf-cta-inner \">\n\t\t<div class=\"mkdf-cta-icon-holder\">\n\t\t\t<span aria-hidden=\"true\" class=\"mkdf-icon-font-elegant  \" style=\"color: #ffffff;font-size: 30px\"><\/span>\t\t<\/div>\n\t\t<div class=\"mkdf-cta-text-holder\">\n\t\t\t<div class=\"mkdf-cta-text\">\n<h2 style=\"text-align: left;\"><span style=\"color: #165253;\"><span style=\"color: #ffffff;\">Dubbi o necessit\u00e0?<\/span><br \/>\n<\/span><\/h2>\n<\/div>\n\t\t<\/div>\n\t\t<div class=\"mkdf-cta-button-holder\" >\n\t\t\t<div class=\"mkdf-cta-button\"><a itemprop=\"url\" href=\"https:\/\/carlozaccagnini.it\/it\/contatti\/\" target=\"_self\" style=\"color: #ffffff;background-color: #1a2843;border-color: #1a2843\" class=\"mkdf-btn mkdf-btn-medium mkdf-btn-solid mkdf-btn-custom-hover-bg mkdf-btn-custom-border-hover mkdf-btn-custom-hover-color\" data-hover-color=\"#1a2843\" data-hover-bg-color=\"#f2f2ef\" data-hover-border-color=\"#1a2843\" >    <span class=\"mkdf-btn-text\">CONTATTACI<\/span>    <\/a><\/div>\n\t\t<\/div>\n\t<\/div>\n<\/div>[vc_empty_space height=&#8221;40px&#8221;][\/vc_column][\/vc_row][vc_row][vc_column][vc_empty_space height=&#8221;20px&#8221;][vc_column_text]<\/p>\n<p style=\"text-align: right;\"><strong><a href=\"https:\/\/carlozaccagnini.it\/it\/disclaimer\/\" target=\"_blank\" rel=\"noopener\">DISCLAIMER<\/a><\/strong><\/p>\n<p>[\/vc_column_text][\/vc_column][\/vc_row]<\/p>\n<\/div>","protected":false},"excerpt":{"rendered":"<p>[vc_row][vc_column][vc_row_inner][vc_column_inner width=&#8221;1\/2&#8243;][\/vc_column_inner][vc_column_inner width=&#8221;1\/2&#8243;][vc_btn title=&#8221;TORNA A PAPERS&#8221; align=&#8221;right&#8221; link=&#8221;url:https%3A%2F%2Fcarlozaccagnini.it%2Fit%2Fpapers%2F&#8221;][\/vc_column_inner][\/vc_row_inner][vc_empty_space height=&#8221;10px&#8221;][vc_column_text css=&#8221;&#8221;] Legge n. 90\/2024: nuove norme in tema di Cybersicurezza [\/vc_column_text][vc_empty_space height=&#8221;50px&#8221;][\/vc_column][\/vc_row][vc_row][vc_column][vc_column_text css=&#8221;&#8221;] La Legge n. 90, 28 giugno 2024 (hinc [&hellip;]<\/p>\n","protected":false},"author":2,"featured_media":0,"parent":4116,"menu_order":0,"comment_status":"closed","ping_status":"closed","template":"","meta":{"footnotes":""},"class_list":["post-6712","page","type-page","status-publish","hentry"],"yoast_head":"<!-- This site is optimized with the Yoast SEO plugin v27.5 - https:\/\/yoast.com\/product\/yoast-seo-wordpress\/ -->\n<title>Legge n. 90\/2024: nuove norme in tema di Cybersicurezza | Studio Legale Avv. Carlo Zaccagnini<\/title>\n<meta name=\"description\" content=\"La Legge 90\/24 mira ad aumentate la sicurezza informatica per difendersi dagli attacchi cibernetici, introducendo sanzioni pi\u00f9 pesanti per i reati commessi online.\" \/>\n<meta name=\"robots\" content=\"index, follow, max-snippet:-1, max-image-preview:large, max-video-preview:-1\" \/>\n<link rel=\"canonical\" href=\"https:\/\/carlozaccagnini.it\/it\/papers\/legge-90-2024-norme-in-tema-di-cybersicurezza\/\" \/>\n<meta property=\"og:locale\" content=\"it_IT\" \/>\n<meta property=\"og:type\" content=\"article\" \/>\n<meta property=\"og:title\" content=\"Legge n. 90\/2024: nuove norme in tema di Cybersicurezza | Studio Legale Avv. Carlo Zaccagnini\" \/>\n<meta property=\"og:description\" content=\"La Legge 90\/24 mira ad aumentate la sicurezza informatica per difendersi dagli attacchi cibernetici, introducendo sanzioni pi\u00f9 pesanti per i reati commessi online.\" \/>\n<meta property=\"og:url\" content=\"https:\/\/carlozaccagnini.it\/it\/papers\/legge-90-2024-norme-in-tema-di-cybersicurezza\/\" \/>\n<meta property=\"og:site_name\" content=\"Studio Legale Avv. Carlo Zaccagnini\" \/>\n<meta property=\"article:modified_time\" content=\"2024-07-05T10:31:15+00:00\" \/>\n<meta name=\"twitter:card\" content=\"summary_large_image\" \/>\n<meta name=\"twitter:label1\" content=\"Tempo di lettura stimato\" \/>\n\t<meta name=\"twitter:data1\" content=\"3 minuti\" \/>\n<script type=\"application\/ld+json\" class=\"yoast-schema-graph\">{\"@context\":\"https:\\\/\\\/schema.org\",\"@graph\":[{\"@type\":\"WebPage\",\"@id\":\"https:\\\/\\\/carlozaccagnini.it\\\/it\\\/papers\\\/legge-90-2024-norme-in-tema-di-cybersicurezza\\\/\",\"url\":\"https:\\\/\\\/carlozaccagnini.it\\\/it\\\/papers\\\/legge-90-2024-norme-in-tema-di-cybersicurezza\\\/\",\"name\":\"Legge n. 90\\\/2024: nuove norme in tema di Cybersicurezza | Studio Legale Avv. Carlo Zaccagnini\",\"isPartOf\":{\"@id\":\"https:\\\/\\\/carlozaccagnini.it\\\/it\\\/#website\"},\"datePublished\":\"2024-07-05T10:27:36+00:00\",\"dateModified\":\"2024-07-05T10:31:15+00:00\",\"description\":\"La Legge 90\\\/24 mira ad aumentate la sicurezza informatica per difendersi dagli attacchi cibernetici, introducendo sanzioni pi\u00f9 pesanti per i reati commessi online.\",\"breadcrumb\":{\"@id\":\"https:\\\/\\\/carlozaccagnini.it\\\/it\\\/papers\\\/legge-90-2024-norme-in-tema-di-cybersicurezza\\\/#breadcrumb\"},\"inLanguage\":\"it-IT\",\"potentialAction\":[{\"@type\":\"ReadAction\",\"target\":[\"https:\\\/\\\/carlozaccagnini.it\\\/it\\\/papers\\\/legge-90-2024-norme-in-tema-di-cybersicurezza\\\/\"]}]},{\"@type\":\"BreadcrumbList\",\"@id\":\"https:\\\/\\\/carlozaccagnini.it\\\/it\\\/papers\\\/legge-90-2024-norme-in-tema-di-cybersicurezza\\\/#breadcrumb\",\"itemListElement\":[{\"@type\":\"ListItem\",\"position\":1,\"name\":\"Home\",\"item\":\"https:\\\/\\\/carlozaccagnini.it\\\/it\\\/\"},{\"@type\":\"ListItem\",\"position\":2,\"name\":\"White Papers\",\"item\":\"https:\\\/\\\/carlozaccagnini.it\\\/it\\\/papers\\\/\"},{\"@type\":\"ListItem\",\"position\":3,\"name\":\"Legge n. 90\\\/2024: nuove norme in tema di Cybersicurezza\"}]},{\"@type\":\"WebSite\",\"@id\":\"https:\\\/\\\/carlozaccagnini.it\\\/it\\\/#website\",\"url\":\"https:\\\/\\\/carlozaccagnini.it\\\/it\\\/\",\"name\":\"Studio Legale Avv. Carlo Zaccagnini\",\"description\":\"White Collar Crime Defence\",\"publisher\":{\"@id\":\"https:\\\/\\\/carlozaccagnini.it\\\/it\\\/#organization\"},\"potentialAction\":[{\"@type\":\"SearchAction\",\"target\":{\"@type\":\"EntryPoint\",\"urlTemplate\":\"https:\\\/\\\/carlozaccagnini.it\\\/it\\\/?s={search_term_string}\"},\"query-input\":{\"@type\":\"PropertyValueSpecification\",\"valueRequired\":true,\"valueName\":\"search_term_string\"}}],\"inLanguage\":\"it-IT\"},{\"@type\":\"Organization\",\"@id\":\"https:\\\/\\\/carlozaccagnini.it\\\/it\\\/#organization\",\"name\":\"Studio Legale Carlo Zaccagnini\",\"url\":\"https:\\\/\\\/carlozaccagnini.it\\\/it\\\/\",\"logo\":{\"@type\":\"ImageObject\",\"inLanguage\":\"it-IT\",\"@id\":\"https:\\\/\\\/carlozaccagnini.it\\\/it\\\/#\\\/schema\\\/logo\\\/image\\\/\",\"url\":\"https:\\\/\\\/carlozaccagnini.it\\\/wp-content\\\/uploads\\\/2018\\\/09\\\/cropped-icona.jpg\",\"contentUrl\":\"https:\\\/\\\/carlozaccagnini.it\\\/wp-content\\\/uploads\\\/2018\\\/09\\\/cropped-icona.jpg\",\"width\":512,\"height\":512,\"caption\":\"Studio Legale Carlo Zaccagnini\"},\"image\":{\"@id\":\"https:\\\/\\\/carlozaccagnini.it\\\/it\\\/#\\\/schema\\\/logo\\\/image\\\/\"}}]}<\/script>\n<!-- \/ Yoast SEO plugin. -->","yoast_head_json":{"title":"Legge n. 90\/2024: nuove norme in tema di Cybersicurezza | Studio Legale Avv. Carlo Zaccagnini","description":"La Legge 90\/24 mira ad aumentate la sicurezza informatica per difendersi dagli attacchi cibernetici, introducendo sanzioni pi\u00f9 pesanti per i reati commessi online.","robots":{"index":"index","follow":"follow","max-snippet":"max-snippet:-1","max-image-preview":"max-image-preview:large","max-video-preview":"max-video-preview:-1"},"canonical":"https:\/\/carlozaccagnini.it\/it\/papers\/legge-90-2024-norme-in-tema-di-cybersicurezza\/","og_locale":"it_IT","og_type":"article","og_title":"Legge n. 90\/2024: nuove norme in tema di Cybersicurezza | Studio Legale Avv. Carlo Zaccagnini","og_description":"La Legge 90\/24 mira ad aumentate la sicurezza informatica per difendersi dagli attacchi cibernetici, introducendo sanzioni pi\u00f9 pesanti per i reati commessi online.","og_url":"https:\/\/carlozaccagnini.it\/it\/papers\/legge-90-2024-norme-in-tema-di-cybersicurezza\/","og_site_name":"Studio Legale Avv. Carlo Zaccagnini","article_modified_time":"2024-07-05T10:31:15+00:00","twitter_card":"summary_large_image","twitter_misc":{"Tempo di lettura stimato":"3 minuti"},"schema":{"@context":"https:\/\/schema.org","@graph":[{"@type":"WebPage","@id":"https:\/\/carlozaccagnini.it\/it\/papers\/legge-90-2024-norme-in-tema-di-cybersicurezza\/","url":"https:\/\/carlozaccagnini.it\/it\/papers\/legge-90-2024-norme-in-tema-di-cybersicurezza\/","name":"Legge n. 90\/2024: nuove norme in tema di Cybersicurezza | Studio Legale Avv. Carlo Zaccagnini","isPartOf":{"@id":"https:\/\/carlozaccagnini.it\/it\/#website"},"datePublished":"2024-07-05T10:27:36+00:00","dateModified":"2024-07-05T10:31:15+00:00","description":"La Legge 90\/24 mira ad aumentate la sicurezza informatica per difendersi dagli attacchi cibernetici, introducendo sanzioni pi\u00f9 pesanti per i reati commessi online.","breadcrumb":{"@id":"https:\/\/carlozaccagnini.it\/it\/papers\/legge-90-2024-norme-in-tema-di-cybersicurezza\/#breadcrumb"},"inLanguage":"it-IT","potentialAction":[{"@type":"ReadAction","target":["https:\/\/carlozaccagnini.it\/it\/papers\/legge-90-2024-norme-in-tema-di-cybersicurezza\/"]}]},{"@type":"BreadcrumbList","@id":"https:\/\/carlozaccagnini.it\/it\/papers\/legge-90-2024-norme-in-tema-di-cybersicurezza\/#breadcrumb","itemListElement":[{"@type":"ListItem","position":1,"name":"Home","item":"https:\/\/carlozaccagnini.it\/it\/"},{"@type":"ListItem","position":2,"name":"White Papers","item":"https:\/\/carlozaccagnini.it\/it\/papers\/"},{"@type":"ListItem","position":3,"name":"Legge n. 90\/2024: nuove norme in tema di Cybersicurezza"}]},{"@type":"WebSite","@id":"https:\/\/carlozaccagnini.it\/it\/#website","url":"https:\/\/carlozaccagnini.it\/it\/","name":"Studio Legale Avv. Carlo Zaccagnini","description":"White Collar Crime Defence","publisher":{"@id":"https:\/\/carlozaccagnini.it\/it\/#organization"},"potentialAction":[{"@type":"SearchAction","target":{"@type":"EntryPoint","urlTemplate":"https:\/\/carlozaccagnini.it\/it\/?s={search_term_string}"},"query-input":{"@type":"PropertyValueSpecification","valueRequired":true,"valueName":"search_term_string"}}],"inLanguage":"it-IT"},{"@type":"Organization","@id":"https:\/\/carlozaccagnini.it\/it\/#organization","name":"Studio Legale Carlo Zaccagnini","url":"https:\/\/carlozaccagnini.it\/it\/","logo":{"@type":"ImageObject","inLanguage":"it-IT","@id":"https:\/\/carlozaccagnini.it\/it\/#\/schema\/logo\/image\/","url":"https:\/\/carlozaccagnini.it\/wp-content\/uploads\/2018\/09\/cropped-icona.jpg","contentUrl":"https:\/\/carlozaccagnini.it\/wp-content\/uploads\/2018\/09\/cropped-icona.jpg","width":512,"height":512,"caption":"Studio Legale Carlo Zaccagnini"},"image":{"@id":"https:\/\/carlozaccagnini.it\/it\/#\/schema\/logo\/image\/"}}]}},"_links":{"self":[{"href":"https:\/\/carlozaccagnini.it\/it\/wp-json\/wp\/v2\/pages\/6712","targetHints":{"allow":["GET"]}}],"collection":[{"href":"https:\/\/carlozaccagnini.it\/it\/wp-json\/wp\/v2\/pages"}],"about":[{"href":"https:\/\/carlozaccagnini.it\/it\/wp-json\/wp\/v2\/types\/page"}],"author":[{"embeddable":true,"href":"https:\/\/carlozaccagnini.it\/it\/wp-json\/wp\/v2\/users\/2"}],"replies":[{"embeddable":true,"href":"https:\/\/carlozaccagnini.it\/it\/wp-json\/wp\/v2\/comments?post=6712"}],"version-history":[{"count":2,"href":"https:\/\/carlozaccagnini.it\/it\/wp-json\/wp\/v2\/pages\/6712\/revisions"}],"predecessor-version":[{"id":6716,"href":"https:\/\/carlozaccagnini.it\/it\/wp-json\/wp\/v2\/pages\/6712\/revisions\/6716"}],"up":[{"embeddable":true,"href":"https:\/\/carlozaccagnini.it\/it\/wp-json\/wp\/v2\/pages\/4116"}],"wp:attachment":[{"href":"https:\/\/carlozaccagnini.it\/it\/wp-json\/wp\/v2\/media?parent=6712"}],"curies":[{"name":"wp","href":"https:\/\/api.w.org\/{rel}","templated":true}]}}