{"id":6704,"date":"2024-07-03T12:17:04","date_gmt":"2024-07-03T10:17:04","guid":{"rendered":"https:\/\/carlozaccagnini.it\/?page_id=6704"},"modified":"2025-08-01T13:00:55","modified_gmt":"2025-08-01T11:00:55","slug":"bancarotta-fraudolenta-dolo-operazioni-dolose","status":"publish","type":"page","link":"https:\/\/carlozaccagnini.it\/it\/papers\/bancarotta-fraudolenta-dolo-operazioni-dolose\/","title":{"rendered":"Bancarotta fraudolenta commessa con dolo o per effetto di operazioni dolose."},"content":{"rendered":"<div class=\"wpb-content-wrapper\"><p>[vc_row][vc_column][vc_row_inner][vc_column_inner width=&#8221;1\/2&#8243;][\/vc_column_inner][vc_column_inner width=&#8221;1\/2&#8243;][vc_btn title=&#8221;TORNA A PAPERS&#8221; align=&#8221;right&#8221; link=&#8221;url:https%3A%2F%2Fcarlozaccagnini.it%2Fit%2Fpapers%2F&#8221;][\/vc_column_inner][\/vc_row_inner][vc_empty_space height=&#8221;10px&#8221;][vc_column_text css=&#8221;&#8221;]<\/p>\n<h3><span style=\"color: #0e4b7d;\">Bancarotta fraudolenta commessa con dolo o per effetto di operazioni dolose. Il discrimen tra le due fattspecie e gli indici di sussistenza del dolo eventule.<\/span><\/h3>\n<p>[\/vc_column_text][vc_empty_space height=&#8221;50px&#8221;][\/vc_column][\/vc_row][vc_row][vc_column][vc_column_text css=&#8221;&#8221;]<\/p>\n<h5>In tema di bancarotta fraudolenta,\u00a0la giurisprudenza si \u00e8 spesso soffermata sulla distinzione tra le \u00a0ipotesi delittuose contemplate all\u2019<a href=\"https:\/\/dejure.it\/#\/ricerca\/fonti_documento?idDatabank=7&amp;idDocMaster=2220763&amp;idUnitaDoc=6941744&amp;nVigUnitaDoc=1&amp;docIdx=1&amp;isCorrelazioniSearch=true&amp;correlatoA=Giurisprudenza\">art. 223, comma 2, L.Fall.<\/a>: l\u2019una integrata laddove il fallimento sia stato cagionato \u201ccon dolo\u201d; l\u2019altra, qualora detto evento sia scaturito dalla commissione di \u201coperazioni dolose\u201d.<\/h5>\n<h5>Con recente sentenza &#8211; n. 16111 dell\u20198 febbraio 2024 &#8211; la Suprema Corte ha ribadito la piena sovrapponibilit\u00e0 sotto il profilo materiale delle due fattispecie, individuando il principale <em>discrimen<\/em> nel coefficiente psicologico: \u201c<strong><em>nell&#8217;ipotesi di causazione dolosa del fallimento, l\u2019evento \u00e8 voluto specificamente, mentre, nel fallimento conseguente a operazioni dolose, esso \u00e8 solo l&#8217;effetto, dal punto di vista della causalit\u00e0 materiale, di una condotta volontaria, ma non intenzionalmente diretta a produrre il dissesto fallimentare, anche se il soggetto attivo dell&#8217;operazione ha accettato il rischio che esso si verifichi<\/em><\/strong>\u201d.<\/h5>\n<h5>La locuzione &#8220;con dolo&#8221; va pertanto intesa con riferimento alla definizione di cui all&#8217;<a href=\"https:\/\/dejure.it\/#\/ricerca\/fonti_documento?idDatabank=10&amp;idDocMaster=3948141&amp;idUnitaDoc=20111777&amp;nVigUnitaDoc=1&amp;docIdx=1&amp;isCorrelazioniSearch=true&amp;correlatoA=Giurisprudenza\">art. 43 c.p.<\/a>, sicch\u00e9 \u201c<em>il fallimento deve essere previsto e voluto dall&#8217;agente come conseguenza della sua azione od omissione: detta espressione si riferisce ai soli casi in cui il fallimento della societ\u00e0 sia stato l&#8217;obiettivo avuto di mira dall&#8217;agente (dolo diretto di evento)<\/em>\u201d (Cass. Pen., Sez. V, n. 405 del 19\/10\/1984, dep. 1985, Gerii, Rv. 167402).<\/h5>\n<h5>Le operazioni dolose, all\u2019opposto, attengono alla \u201c<em>commissione di abusi di gestione o di infedelt\u00e0 ai doveri imposti dalla legge da parte dell&#8217;organo amministrativo ovvero ad atti intrinsecamente pericolosi per la &#8220;salute&#8221; economico-finanziaria dell&#8217;impresa, e postulano una modalit\u00e0 di pregiudizio patrimoniale discendente, non gi\u00e0 direttamente dall&#8217;azione dannosa del soggetto attivo (distrazione, dissipazione, occultamento, distruzione, che pu\u00f2 anche non esserci), bens\u00ec da un fatto di maggiore complessit\u00e0 riscontrabile in qualsiasi iniziativa societaria causalmente orientata all&#8217;esito divisato<\/em>\u201d (Cass. Pen., Sez. V, n. 17690 del 18\/2\/2010, Rv. 247316).<\/h5>\n<h5>Se dunque la prima fattispecie esige il ricorrere di un dolo diretto di evento, la seconda \u00e8 a dolo eventuale: in altre parole, non \u00e8 richiesta la volont\u00e0 diretta dell\u2019agente a provocare il dissesto, ma costui deve aver accettato la probabilit\u00e0 che il fallimento si verifichi quale conseguenza delle operazioni dolose poste in essere.<\/h5>\n<h5>Per agevolare l\u2019interprete nell\u2019accertamento del dolo eventuale, la Corte di legittimit\u00e0 a Sezioni Unite, con la sentenza Thyssenkrupp n. 38343\/2014 ha individuato una serie di c.d. \u201cindicatori\u201d, segnatamente: \u00a0\u201c<em>a) la lontananza della condotta tenuta da quella doverosa; b) la personalit\u00e0 e le pregresse esperienze dell\u2019agente; c) la durata e la ripetizione dell\u2019azione; d) il comportamento successivo al fatto; e) il fine della condotta e la compatibilit\u00e0 con esso delle conseguenze collaterali; f) la probabilit\u00e0 di verificazione dell\u2019evento; g) le conseguenze negative anche per l\u2019autore in caso di sua verificazione; h) il contesto lecito o illecito in cui si \u00e8 svolta l\u2019azione, nonch\u00e9 la possibilit\u00e0 di ritenere, alla stregua delle concrete acquisizioni probatorie, che l\u2019agente non si sarebbe trattenuto dalla condotta illecita neppure se avesse avuto contezza della sicura verificazione dell\u2019evento (c.d. prima formula di Frank)<\/em>\u201d.<\/h5>\n<h5>Applicando i suddetti criteri, \u00e8 dunque possibile dimostrare la carenza di dolo mediante la valorizzazione di iniziative virtuose dell\u2019imprenditore volte a scongiurare il rischio del fallimento, quali &#8211; a mero titolo esemplificativo &#8211; la proposizione di un piano di concordato preventivo di tipo liquidatorio, l\u2019offerta di garanzie reali tese ad assicurare il soddisfacimento delle pretese creditorie o l\u2019astensione dal compiere operazioni che possano scalfire le consistenze patrimoniali destinate al risanamento dei debiti.<\/h5>\n<p>[\/vc_column_text][vc_empty_space][vc_column_text css=&#8221;&#8221;]<\/p>\n<h5>Roma, 3 Luglio 2024 \u00a0\u00a0\u00a0\u00a0\u00a0\u00a0\u00a0\u00a0\u00a0\u00a0\u00a0\u00a0\u00a0\u00a0\u00a0\u00a0\u00a0\u00a0\u00a0\u00a0\u00a0\u00a0\u00a0\u00a0\u00a0\u00a0\u00a0\u00a0\u00a0\u00a0\u00a0\u00a0\u00a0\u00a0\u00a0\u00a0\u00a0\u00a0\u00a0\u00a0\u00a0\u00a0\u00a0\u00a0\u00a0\u00a0\u00a0 \u00a0 \u00a0 \u00a0 \u00a0 \u00a0 \u00a0 \u00a0 \u00a0 \u00a0 \u00a0 \u00a0 \u00a0 \u00a0 \u00a0 \u00a0 \u00a0 \u00a0 \u00a0\u00a0 <a href=\"https:\/\/carlozaccagnini.it\/it\/professionisti\/carlo-zaccagnini\/\">Avvocato Carlo Zaccagnini<\/a><\/h5>\n<p>[\/vc_column_text][vc_empty_space height=&#8221;70px&#8221;][\/vc_column][\/vc_row][vc_row css=&#8221;.vc_custom_1688383983319{background-color: #1f497d !important;}&#8221;][vc_column]<div class=\"mkdf-call-to-action-holder  mkdf-normal-layout  mkdf-three-quarters-columns\">\n\n\t<div class=\"mkdf-cta-inner \">\n\t\t<div class=\"mkdf-cta-icon-holder\">\n\t\t\t<span aria-hidden=\"true\" class=\"mkdf-icon-font-elegant  \" style=\"color: #ffffff;font-size: 30px\"><\/span>\t\t<\/div>\n\t\t<div class=\"mkdf-cta-text-holder\">\n\t\t\t<div class=\"mkdf-cta-text\">\n<h2 style=\"text-align: left;\"><span style=\"color: #165253;\"><span style=\"color: #ffffff;\">Dubbi o necessit\u00e0?<\/span><br \/>\n<\/span><\/h2>\n<\/div>\n\t\t<\/div>\n\t\t<div class=\"mkdf-cta-button-holder\" >\n\t\t\t<div class=\"mkdf-cta-button\"><a itemprop=\"url\" href=\"https:\/\/carlozaccagnini.it\/it\/contatti\/\" target=\"_self\" style=\"color: #ffffff;background-color: #1a2843;border-color: #1a2843\" class=\"mkdf-btn mkdf-btn-medium mkdf-btn-solid mkdf-btn-custom-hover-bg mkdf-btn-custom-border-hover mkdf-btn-custom-hover-color\" data-hover-color=\"#1a2843\" data-hover-bg-color=\"#f2f2ef\" data-hover-border-color=\"#1a2843\" >    <span class=\"mkdf-btn-text\">CONTATTACI<\/span>    <\/a><\/div>\n\t\t<\/div>\n\t<\/div>\n<\/div>[vc_empty_space height=&#8221;40px&#8221;][\/vc_column][\/vc_row][vc_row][vc_column][vc_empty_space height=&#8221;20px&#8221;][vc_column_text]<\/p>\n<p style=\"text-align: right;\"><strong><a href=\"https:\/\/carlozaccagnini.it\/it\/disclaimer\/\" target=\"_blank\" rel=\"noopener\">DISCLAIMER<\/a><\/strong><\/p>\n<p>[\/vc_column_text][\/vc_column][\/vc_row]<\/p>\n<\/div>","protected":false},"excerpt":{"rendered":"<p>[vc_row][vc_column][vc_row_inner][vc_column_inner width=&#8221;1\/2&#8243;][\/vc_column_inner][vc_column_inner width=&#8221;1\/2&#8243;][vc_btn title=&#8221;TORNA A PAPERS&#8221; align=&#8221;right&#8221; link=&#8221;url:https%3A%2F%2Fcarlozaccagnini.it%2Fit%2Fpapers%2F&#8221;][\/vc_column_inner][\/vc_row_inner][vc_empty_space height=&#8221;10px&#8221;][vc_column_text css=&#8221;&#8221;] Bancarotta fraudolenta commessa con dolo o per effetto di operazioni dolose. Il discrimen tra le due fattspecie e gli indici [&hellip;]<\/p>\n","protected":false},"author":2,"featured_media":0,"parent":4116,"menu_order":0,"comment_status":"closed","ping_status":"closed","template":"","meta":{"footnotes":""},"class_list":["post-6704","page","type-page","status-publish","hentry"],"yoast_head":"<!-- This site is optimized with the Yoast SEO plugin v27.3 - https:\/\/yoast.com\/product\/yoast-seo-wordpress\/ -->\n<title>Bancarotta fraudolenta commessa con dolo o per effetto di operazioni dolose. | Studio Legale Avv. Carlo Zaccagnini<\/title>\n<meta name=\"description\" content=\"Bancarotta fraudolenta commessa con dolo o per effetto di operazioni dolose. Il discrimen tra le due fattspecie e gli indici di sussistenza del dolo eventule.\" \/>\n<meta name=\"robots\" content=\"index, follow, max-snippet:-1, max-image-preview:large, max-video-preview:-1\" \/>\n<link rel=\"canonical\" href=\"https:\/\/carlozaccagnini.it\/it\/papers\/bancarotta-fraudolenta-dolo-operazioni-dolose\/\" \/>\n<meta property=\"og:locale\" content=\"it_IT\" \/>\n<meta property=\"og:type\" content=\"article\" \/>\n<meta property=\"og:title\" content=\"Bancarotta fraudolenta commessa con dolo o per effetto di operazioni dolose. | Studio Legale Avv. Carlo Zaccagnini\" \/>\n<meta property=\"og:description\" content=\"Bancarotta fraudolenta commessa con dolo o per effetto di operazioni dolose. Il discrimen tra le due fattspecie e gli indici di sussistenza del dolo eventule.\" \/>\n<meta property=\"og:url\" content=\"https:\/\/carlozaccagnini.it\/it\/papers\/bancarotta-fraudolenta-dolo-operazioni-dolose\/\" \/>\n<meta property=\"og:site_name\" content=\"Studio Legale Avv. Carlo Zaccagnini\" \/>\n<meta property=\"article:modified_time\" content=\"2025-08-01T11:00:55+00:00\" \/>\n<meta name=\"twitter:card\" content=\"summary_large_image\" \/>\n<meta name=\"twitter:label1\" content=\"Tempo di lettura stimato\" \/>\n\t<meta name=\"twitter:data1\" content=\"4 minuti\" \/>\n<script type=\"application\/ld+json\" class=\"yoast-schema-graph\">{\"@context\":\"https:\\\/\\\/schema.org\",\"@graph\":[{\"@type\":\"WebPage\",\"@id\":\"https:\\\/\\\/carlozaccagnini.it\\\/it\\\/papers\\\/bancarotta-fraudolenta-dolo-operazioni-dolose\\\/\",\"url\":\"https:\\\/\\\/carlozaccagnini.it\\\/it\\\/papers\\\/bancarotta-fraudolenta-dolo-operazioni-dolose\\\/\",\"name\":\"Bancarotta fraudolenta commessa con dolo o per effetto di operazioni dolose. | Studio Legale Avv. Carlo Zaccagnini\",\"isPartOf\":{\"@id\":\"https:\\\/\\\/carlozaccagnini.it\\\/it\\\/#website\"},\"datePublished\":\"2024-07-03T10:17:04+00:00\",\"dateModified\":\"2025-08-01T11:00:55+00:00\",\"description\":\"Bancarotta fraudolenta commessa con dolo o per effetto di operazioni dolose. Il discrimen tra le due fattspecie e gli indici di sussistenza del dolo eventule.\",\"breadcrumb\":{\"@id\":\"https:\\\/\\\/carlozaccagnini.it\\\/it\\\/papers\\\/bancarotta-fraudolenta-dolo-operazioni-dolose\\\/#breadcrumb\"},\"inLanguage\":\"it-IT\",\"potentialAction\":[{\"@type\":\"ReadAction\",\"target\":[\"https:\\\/\\\/carlozaccagnini.it\\\/it\\\/papers\\\/bancarotta-fraudolenta-dolo-operazioni-dolose\\\/\"]}]},{\"@type\":\"BreadcrumbList\",\"@id\":\"https:\\\/\\\/carlozaccagnini.it\\\/it\\\/papers\\\/bancarotta-fraudolenta-dolo-operazioni-dolose\\\/#breadcrumb\",\"itemListElement\":[{\"@type\":\"ListItem\",\"position\":1,\"name\":\"Home\",\"item\":\"https:\\\/\\\/carlozaccagnini.it\\\/it\\\/\"},{\"@type\":\"ListItem\",\"position\":2,\"name\":\"White Papers\",\"item\":\"https:\\\/\\\/carlozaccagnini.it\\\/it\\\/papers\\\/\"},{\"@type\":\"ListItem\",\"position\":3,\"name\":\"Bancarotta fraudolenta commessa con dolo o per effetto di operazioni dolose.\"}]},{\"@type\":\"WebSite\",\"@id\":\"https:\\\/\\\/carlozaccagnini.it\\\/it\\\/#website\",\"url\":\"https:\\\/\\\/carlozaccagnini.it\\\/it\\\/\",\"name\":\"Studio Legale Avv. Carlo Zaccagnini\",\"description\":\"White Collar Crime Defence\",\"publisher\":{\"@id\":\"https:\\\/\\\/carlozaccagnini.it\\\/it\\\/#organization\"},\"potentialAction\":[{\"@type\":\"SearchAction\",\"target\":{\"@type\":\"EntryPoint\",\"urlTemplate\":\"https:\\\/\\\/carlozaccagnini.it\\\/it\\\/?s={search_term_string}\"},\"query-input\":{\"@type\":\"PropertyValueSpecification\",\"valueRequired\":true,\"valueName\":\"search_term_string\"}}],\"inLanguage\":\"it-IT\"},{\"@type\":\"Organization\",\"@id\":\"https:\\\/\\\/carlozaccagnini.it\\\/it\\\/#organization\",\"name\":\"Studio Legale Carlo Zaccagnini\",\"url\":\"https:\\\/\\\/carlozaccagnini.it\\\/it\\\/\",\"logo\":{\"@type\":\"ImageObject\",\"inLanguage\":\"it-IT\",\"@id\":\"https:\\\/\\\/carlozaccagnini.it\\\/it\\\/#\\\/schema\\\/logo\\\/image\\\/\",\"url\":\"https:\\\/\\\/carlozaccagnini.it\\\/wp-content\\\/uploads\\\/2018\\\/09\\\/cropped-icona.jpg\",\"contentUrl\":\"https:\\\/\\\/carlozaccagnini.it\\\/wp-content\\\/uploads\\\/2018\\\/09\\\/cropped-icona.jpg\",\"width\":512,\"height\":512,\"caption\":\"Studio Legale Carlo Zaccagnini\"},\"image\":{\"@id\":\"https:\\\/\\\/carlozaccagnini.it\\\/it\\\/#\\\/schema\\\/logo\\\/image\\\/\"}}]}<\/script>\n<!-- \/ Yoast SEO plugin. -->","yoast_head_json":{"title":"Bancarotta fraudolenta commessa con dolo o per effetto di operazioni dolose. | Studio Legale Avv. Carlo Zaccagnini","description":"Bancarotta fraudolenta commessa con dolo o per effetto di operazioni dolose. Il discrimen tra le due fattspecie e gli indici di sussistenza del dolo eventule.","robots":{"index":"index","follow":"follow","max-snippet":"max-snippet:-1","max-image-preview":"max-image-preview:large","max-video-preview":"max-video-preview:-1"},"canonical":"https:\/\/carlozaccagnini.it\/it\/papers\/bancarotta-fraudolenta-dolo-operazioni-dolose\/","og_locale":"it_IT","og_type":"article","og_title":"Bancarotta fraudolenta commessa con dolo o per effetto di operazioni dolose. | Studio Legale Avv. Carlo Zaccagnini","og_description":"Bancarotta fraudolenta commessa con dolo o per effetto di operazioni dolose. Il discrimen tra le due fattspecie e gli indici di sussistenza del dolo eventule.","og_url":"https:\/\/carlozaccagnini.it\/it\/papers\/bancarotta-fraudolenta-dolo-operazioni-dolose\/","og_site_name":"Studio Legale Avv. Carlo Zaccagnini","article_modified_time":"2025-08-01T11:00:55+00:00","twitter_card":"summary_large_image","twitter_misc":{"Tempo di lettura stimato":"4 minuti"},"schema":{"@context":"https:\/\/schema.org","@graph":[{"@type":"WebPage","@id":"https:\/\/carlozaccagnini.it\/it\/papers\/bancarotta-fraudolenta-dolo-operazioni-dolose\/","url":"https:\/\/carlozaccagnini.it\/it\/papers\/bancarotta-fraudolenta-dolo-operazioni-dolose\/","name":"Bancarotta fraudolenta commessa con dolo o per effetto di operazioni dolose. | Studio Legale Avv. Carlo Zaccagnini","isPartOf":{"@id":"https:\/\/carlozaccagnini.it\/it\/#website"},"datePublished":"2024-07-03T10:17:04+00:00","dateModified":"2025-08-01T11:00:55+00:00","description":"Bancarotta fraudolenta commessa con dolo o per effetto di operazioni dolose. Il discrimen tra le due fattspecie e gli indici di sussistenza del dolo eventule.","breadcrumb":{"@id":"https:\/\/carlozaccagnini.it\/it\/papers\/bancarotta-fraudolenta-dolo-operazioni-dolose\/#breadcrumb"},"inLanguage":"it-IT","potentialAction":[{"@type":"ReadAction","target":["https:\/\/carlozaccagnini.it\/it\/papers\/bancarotta-fraudolenta-dolo-operazioni-dolose\/"]}]},{"@type":"BreadcrumbList","@id":"https:\/\/carlozaccagnini.it\/it\/papers\/bancarotta-fraudolenta-dolo-operazioni-dolose\/#breadcrumb","itemListElement":[{"@type":"ListItem","position":1,"name":"Home","item":"https:\/\/carlozaccagnini.it\/it\/"},{"@type":"ListItem","position":2,"name":"White Papers","item":"https:\/\/carlozaccagnini.it\/it\/papers\/"},{"@type":"ListItem","position":3,"name":"Bancarotta fraudolenta commessa con dolo o per effetto di operazioni dolose."}]},{"@type":"WebSite","@id":"https:\/\/carlozaccagnini.it\/it\/#website","url":"https:\/\/carlozaccagnini.it\/it\/","name":"Studio Legale Avv. Carlo Zaccagnini","description":"White Collar Crime Defence","publisher":{"@id":"https:\/\/carlozaccagnini.it\/it\/#organization"},"potentialAction":[{"@type":"SearchAction","target":{"@type":"EntryPoint","urlTemplate":"https:\/\/carlozaccagnini.it\/it\/?s={search_term_string}"},"query-input":{"@type":"PropertyValueSpecification","valueRequired":true,"valueName":"search_term_string"}}],"inLanguage":"it-IT"},{"@type":"Organization","@id":"https:\/\/carlozaccagnini.it\/it\/#organization","name":"Studio Legale Carlo Zaccagnini","url":"https:\/\/carlozaccagnini.it\/it\/","logo":{"@type":"ImageObject","inLanguage":"it-IT","@id":"https:\/\/carlozaccagnini.it\/it\/#\/schema\/logo\/image\/","url":"https:\/\/carlozaccagnini.it\/wp-content\/uploads\/2018\/09\/cropped-icona.jpg","contentUrl":"https:\/\/carlozaccagnini.it\/wp-content\/uploads\/2018\/09\/cropped-icona.jpg","width":512,"height":512,"caption":"Studio Legale Carlo Zaccagnini"},"image":{"@id":"https:\/\/carlozaccagnini.it\/it\/#\/schema\/logo\/image\/"}}]}},"_links":{"self":[{"href":"https:\/\/carlozaccagnini.it\/it\/wp-json\/wp\/v2\/pages\/6704","targetHints":{"allow":["GET"]}}],"collection":[{"href":"https:\/\/carlozaccagnini.it\/it\/wp-json\/wp\/v2\/pages"}],"about":[{"href":"https:\/\/carlozaccagnini.it\/it\/wp-json\/wp\/v2\/types\/page"}],"author":[{"embeddable":true,"href":"https:\/\/carlozaccagnini.it\/it\/wp-json\/wp\/v2\/users\/2"}],"replies":[{"embeddable":true,"href":"https:\/\/carlozaccagnini.it\/it\/wp-json\/wp\/v2\/comments?post=6704"}],"version-history":[{"count":2,"href":"https:\/\/carlozaccagnini.it\/it\/wp-json\/wp\/v2\/pages\/6704\/revisions"}],"predecessor-version":[{"id":6718,"href":"https:\/\/carlozaccagnini.it\/it\/wp-json\/wp\/v2\/pages\/6704\/revisions\/6718"}],"up":[{"embeddable":true,"href":"https:\/\/carlozaccagnini.it\/it\/wp-json\/wp\/v2\/pages\/4116"}],"wp:attachment":[{"href":"https:\/\/carlozaccagnini.it\/it\/wp-json\/wp\/v2\/media?parent=6704"}],"curies":[{"name":"wp","href":"https:\/\/api.w.org\/{rel}","templated":true}]}}