{"id":6700,"date":"2024-06-27T17:08:31","date_gmt":"2024-06-27T15:08:31","guid":{"rendered":"https:\/\/carlozaccagnini.it\/?page_id=6700"},"modified":"2024-06-27T17:20:37","modified_gmt":"2024-06-27T15:20:37","slug":"trasferimento-fraudolento-di-valori","status":"publish","type":"page","link":"https:\/\/carlozaccagnini.it\/it\/papers\/trasferimento-fraudolento-di-valori\/","title":{"rendered":"Trasferimento fraudolento di valori"},"content":{"rendered":"<div class=\"wpb-content-wrapper\"><p>[vc_row][vc_column][vc_row_inner][vc_column_inner width=&#8221;1\/2&#8243;][\/vc_column_inner][vc_column_inner width=&#8221;1\/2&#8243;][vc_btn title=&#8221;TORNA A PAPERS&#8221; align=&#8221;right&#8221; link=&#8221;url:https%3A%2F%2Fcarlozaccagnini.it%2Fit%2Fpapers%2F&#8221;][\/vc_column_inner][\/vc_row_inner][vc_empty_space height=&#8221;10px&#8221;][vc_column_text css=&#8221;&#8221;]<\/p>\n<h3><span style=\"color: #0b0d59;\">Trasferimento fraudolento di valori<\/span><\/h3>\n<p>[\/vc_column_text][vc_empty_space height=&#8221;50px&#8221;][\/vc_column][\/vc_row][vc_row][vc_column][vc_column_text css=&#8221;&#8221;]<\/p>\n<h5>L\u2019art.\u00a0512 bis\u00a0c.p., \u201c<em>trasferimento fraudolento di valori<\/em>\u201d, recita \u201c(\u2026)<em> chiunque attribuisce fittiziamente ad altri la titolarit\u00e0 o disponibilit\u00e0 di denaro, beni o altre utilit\u00e0 al fine di eludere le disposizioni di legge in materia di misure di prevenzione patrimoniali o di contrabbando, ovvero di agevolare la commissione di uno dei delitti di cui agli articoli\u00a0<\/em><a href=\"https:\/\/www.brocardi.it\/codice-penale\/libro-secondo\/titolo-xiii\/capo-ii\/art648.html\"><em>648<\/em><\/a><em>,\u00a0<\/em><a href=\"https:\/\/www.brocardi.it\/codice-penale\/libro-secondo\/titolo-xiii\/capo-ii\/art648bis.html\"><em>648 bis<\/em><\/a><em>\u00a0e\u00a0<\/em><a href=\"https:\/\/www.brocardi.it\/codice-penale\/libro-secondo\/titolo-xiii\/capo-ii\/art648ter.html\"><em>648 ter<\/em><\/a><em>, \u00e8 punito con la reclusione da due a sei anni. <\/em><\/h5>\n<h5><em>La stessa pena <\/em>(\u2026) <em>si applica a chi, al fine di eludere le disposizioni in materia di documentazione antimafia, attribuisce fittiziamente ad altri la titolarit\u00e0 di imprese, quote societarie o azioni ovvero di cariche sociali, qualora l&#8217;imprenditore o la societ\u00e0 partecipi a procedure di aggiudicazione o di esecuzione di appalti o di concessioni<\/em>\u201d<\/h5>\n<h5><\/h5>\n<h5>Il delitto \u2013 gi\u00e0 preveduto dall&#8217;<a href=\"https:\/\/dejure.it\/#\/ricerca\/fonti_documento?idDatabank=7&amp;idDocMaster=1806162&amp;idUnitaDoc=5614952&amp;nVigUnitaDoc=1&amp;docIdx=1&amp;isCorrelazioniSearch=true&amp;correlatoA=Codici%20Commentati\">art. 12-<em>quinques<\/em>, comma 1, D.L. n. 306\/1992<\/a>\u00a0\u201c<em>Modifiche urgenti al nuovo codice di procedura penale e provvedimenti di contrasto alla criminalit\u00e0 mafiosa<\/em>\u201d &#8211; \u00e8 stato inserito nel\u00a0<a href=\"https:\/\/dejure.it\/#\/ricerca\/commentato_documento2?idDatabank=47&amp;idDocMaster=5059974&amp;idUnitaDoc=0&amp;nVigUnitaDoc=1&amp;docIdx=1&amp;isCorrelazioniSearch=true&amp;correlatoA=Codici%20Commentati\">codice penale dall&#8217;art. 4<\/a>, comma 1, lett. b), del\u00a0<a href=\"https:\/\/dejure.it\/#\/ricerca\/fonti_documento?idDatabank=7&amp;idDocMaster=7281971&amp;idUnitaDoc=37388866&amp;nVigUnitaDoc=1&amp;docIdx=1&amp;isCorrelazioniSearch=true&amp;correlatoA=Codici%20Commentati\">D.lgs.vo n. 21\/2018\u00a0<\/a> (\u201c<em>Disposizioni di attuazione del principio di delega della riserva di codice nella materia penale<\/em>\u201d) in ossequio al c.d. principio della riserva di codice propugnato dall\u2019<a href=\"https:\/\/dejure.it\/#\/ricerca\/fonti_documento?idDatabank=7&amp;idDocMaster=5389710&amp;idUnitaDoc=32971215&amp;nVigUnitaDoc=1&amp;docIdx=1&amp;isCorrelazioniSearch=true&amp;correlatoA=Codici%20Commentati\">art. 1, comma 85, lett.\u00a0q), L.\u00a0 n. 103\/2017<\/a>\u00a0(riforma Orlando).<\/h5>\n<h5>La norma \u2013 posta a presidio dell\u2019amministrazione della giustizia, dell\u2019ordine pubblico e dell\u2019ordine economico-finanziario \u2013 censura la condotta di colui che attribuisca fittiziamente a terzi la titolarit\u00e0 o la disponibilit\u00e0 di denaro, beni o altra utilit\u00e0: attribuzione che pu\u00f2 realizzarsi in qualsiasi forma, non soltanto dunque mediante forme negoziali tradizionalmente intese, contratti di cessione, atti di assegnazione, donazione, conferimento, etc. \u201c<em>ma anche tramite altre tipologie di atto purch\u00e9 idonee a creare un apparente rapporto di signoria tra un determinato soggetto e il bene, rispetto al quale permane intatto il potere di colui che effettua l&#8217;attribuzione, per conto o nell&#8217;interesse del quale l&#8217;attribuzione \u00e8 operata<\/em>\u201d (Cass. Pen., Sez. II, 26\/3\/2015, n. 15781).<\/h5>\n<h5><strong>L\u2019<\/strong><a href=\"https:\/\/dejure.it\/#\/ricerca\/fonti_documento?idDatabank=7&amp;idDocMaster=10851520&amp;idUnitaDoc=107307056&amp;nVigUnitaDoc=1&amp;docIdx=1&amp;isCorrelazioniSearch=true&amp;correlatoA=Codici%20Commentati\"><strong>art. 3, comma 9, del D.L. n. 19\/2024 (D.L. PNRR IV),\u00a0<\/strong><\/a><strong>ha aggiunto un secondo comma all\u2019art.\u00a0512<em>-bis<\/em>\u00a0c.p., il quale prevede che la stessa pena prevista dal comma 1 si applichi anche a chi, al fine di eludere le disposizioni in materia di documentazione antimafia, attribuisce fittiziamente ad altri la titolarit\u00e0 di imprese, quote societarie o azioni ovvero di cariche sociali, qualora l&#8217;imprenditore o la societ\u00e0 partecipi a procedure di aggiudicazione o di esecuzione di appalti o di concessioni.<\/strong><\/h5>\n<h5>Il coefficiente psichico \u00e8 costituito dal dolo specifico: la creazione della situazione di apparenza giuridica \u00e8 volta infatti ad eludere misure di prevenzione patrimoniale o di contrabbando ovvero al fine di agevolare la commissione di reati relativi alla circolazione di mezzi economici di illecita provenienza\u00a0<a href=\"https:\/\/dejure.it\/#\/ricerca\/commentato_documento2?idDatabank=47&amp;idDocMaster=5060680&amp;idUnitaDoc=30578962&amp;nVigUnitaDoc=1&amp;docIdx=1&amp;isCorrelazioniSearch=true&amp;correlatoA=Codici%20Commentati\">(artt. 648, 648-<\/a><a href=\"https:\/\/dejure.it\/#\/ricerca\/commentato_documento2?idDatabank=47&amp;idDocMaster=5060680&amp;idUnitaDoc=30578962&amp;nVigUnitaDoc=1&amp;docIdx=1&amp;isCorrelazioniSearch=true&amp;correlatoA=Codici%20Commentati\"><em>bis<\/em><\/a><em>\u00a0e<\/em><a href=\"https:\/\/dejure.it\/#\/ricerca\/commentato_documento2?idDatabank=47&amp;idDocMaster=5060681&amp;idUnitaDoc=30578978&amp;nVigUnitaDoc=1&amp;docIdx=1&amp;isCorrelazioniSearch=true&amp;correlatoA=Codici%20Commentati\">\u00a0648-<em>ter <\/em>c.p.<\/a>), o di eludere le disposizioni in materia di documentazione antimafia. Tuttavia, \u201c<em>ai fini della configurabilit\u00e0 del delitto di trasferimento fraudolento di valori, non occorre la preventiva emanazione delle misure di prevenzione, n\u00e9 la pendenza del relativo procedimento, bastando soltanto che l&#8217;autore ne possa temere l&#8217;instaurazione<\/em>\u201d (Cass. Pen., Sez. II, 28\/3\/2017, n. 22954).<\/h5>\n<h5>L\u2019art. 512 <em>bis<\/em> c.p. \u00e8 stato introdotto nei reati presupposto (all\u2019art. 25<em>octies<\/em>.1) del D.lgs.vo 231\/2001, ad opera della L. n. 137 del 2023: il trasferimento fraudolento di valori spesso funge da snodo essenziale tra i reati-mezzo e i reati-scopo dell\u2019associazione mafiosa, ove l\u2019impresa svolge un ruolo fondamentale.<\/h5>\n<p>[\/vc_column_text][vc_empty_space][vc_column_text css=&#8221;&#8221;]<\/p>\n<h5>Roma, 25 Giugno 2024 \u00a0\u00a0\u00a0\u00a0\u00a0\u00a0\u00a0\u00a0\u00a0\u00a0\u00a0\u00a0\u00a0\u00a0\u00a0\u00a0\u00a0\u00a0\u00a0\u00a0\u00a0\u00a0\u00a0\u00a0\u00a0\u00a0\u00a0\u00a0\u00a0\u00a0\u00a0\u00a0\u00a0\u00a0\u00a0\u00a0\u00a0\u00a0\u00a0\u00a0\u00a0\u00a0\u00a0\u00a0\u00a0\u00a0\u00a0 \u00a0 \u00a0 \u00a0 \u00a0 \u00a0 \u00a0 \u00a0 \u00a0 \u00a0 \u00a0 \u00a0 \u00a0 \u00a0 \u00a0 \u00a0 \u00a0 \u00a0 \u00a0\u00a0 <a href=\"https:\/\/carlozaccagnini.it\/it\/professionisti\/carlo-zaccagnini\/\">Avvocato Carlo Zaccagnini<\/a><\/h5>\n<p>[\/vc_column_text][vc_empty_space height=&#8221;70px&#8221;][\/vc_column][\/vc_row][vc_row css=&#8221;.vc_custom_1688383983319{background-color: #1f497d !important;}&#8221;][vc_column]<div class=\"mkdf-call-to-action-holder  mkdf-normal-layout  mkdf-three-quarters-columns\">\n\n\t<div class=\"mkdf-cta-inner \">\n\t\t<div class=\"mkdf-cta-icon-holder\">\n\t\t\t<span aria-hidden=\"true\" class=\"mkdf-icon-font-elegant  \" style=\"color: #ffffff;font-size: 30px\"><\/span>\t\t<\/div>\n\t\t<div class=\"mkdf-cta-text-holder\">\n\t\t\t<div class=\"mkdf-cta-text\">\n<h2 style=\"text-align: left;\"><span style=\"color: #165253;\"><span style=\"color: #ffffff;\">Dubbi o necessit\u00e0?<\/span><br \/>\n<\/span><\/h2>\n<\/div>\n\t\t<\/div>\n\t\t<div class=\"mkdf-cta-button-holder\" >\n\t\t\t<div class=\"mkdf-cta-button\"><a itemprop=\"url\" href=\"https:\/\/carlozaccagnini.it\/it\/contatti\/\" target=\"_self\" style=\"color: #ffffff;background-color: #1a2843;border-color: #1a2843\" class=\"mkdf-btn mkdf-btn-medium mkdf-btn-solid mkdf-btn-custom-hover-bg mkdf-btn-custom-border-hover mkdf-btn-custom-hover-color\" data-hover-color=\"#1a2843\" data-hover-bg-color=\"#f2f2ef\" data-hover-border-color=\"#1a2843\" >    <span class=\"mkdf-btn-text\">CONTATTACI<\/span>    <\/a><\/div>\n\t\t<\/div>\n\t<\/div>\n<\/div>[vc_empty_space height=&#8221;40px&#8221;][\/vc_column][\/vc_row][vc_row][vc_column][vc_empty_space height=&#8221;20px&#8221;][vc_column_text]<\/p>\n<p style=\"text-align: right;\"><strong><a href=\"https:\/\/carlozaccagnini.it\/it\/disclaimer\/\" target=\"_blank\" rel=\"noopener\">DISCLAIMER<\/a><\/strong><\/p>\n<p>[\/vc_column_text][\/vc_column][\/vc_row]<\/p>\n<\/div>","protected":false},"excerpt":{"rendered":"<p>[vc_row][vc_column][vc_row_inner][vc_column_inner width=&#8221;1\/2&#8243;][\/vc_column_inner][vc_column_inner width=&#8221;1\/2&#8243;][vc_btn title=&#8221;TORNA A PAPERS&#8221; align=&#8221;right&#8221; link=&#8221;url:https%3A%2F%2Fcarlozaccagnini.it%2Fit%2Fpapers%2F&#8221;][\/vc_column_inner][\/vc_row_inner][vc_empty_space height=&#8221;10px&#8221;][vc_column_text css=&#8221;&#8221;] Trasferimento fraudolento di valori [\/vc_column_text][vc_empty_space height=&#8221;50px&#8221;][\/vc_column][\/vc_row][vc_row][vc_column][vc_column_text css=&#8221;&#8221;] L\u2019art.\u00a0512 bis\u00a0c.p., \u201ctrasferimento fraudolento di valori\u201d, recita \u201c(\u2026) chiunque attribuisce fittiziamente ad altri [&hellip;]<\/p>\n","protected":false},"author":2,"featured_media":0,"parent":4116,"menu_order":0,"comment_status":"closed","ping_status":"closed","template":"","meta":{"footnotes":""},"class_list":["post-6700","page","type-page","status-publish","hentry"],"yoast_head":"<!-- This site is optimized with the Yoast SEO plugin v27.3 - https:\/\/yoast.com\/product\/yoast-seo-wordpress\/ -->\n<title>Trasferimento fraudolento di valori | Studio Legale Avv. Carlo Zaccagnini<\/title>\n<meta name=\"description\" content=\"L\u2019art. 512 bis c.p., \u201ctrasferimento fraudolento di valori\u201d, recita \u201c(\u2026) chiunque attribuisce fittiziamente ad altri la titolarit\u00e0 o disponibilit\u00e0 di denaro, beni o altre utilit\u00e0 al fine...\" \/>\n<meta name=\"robots\" content=\"index, follow, max-snippet:-1, max-image-preview:large, max-video-preview:-1\" \/>\n<link rel=\"canonical\" href=\"https:\/\/carlozaccagnini.it\/it\/papers\/trasferimento-fraudolento-di-valori\/\" \/>\n<meta property=\"og:locale\" content=\"it_IT\" \/>\n<meta property=\"og:type\" content=\"article\" \/>\n<meta property=\"og:title\" content=\"Trasferimento fraudolento di valori | Studio Legale Avv. Carlo Zaccagnini\" \/>\n<meta property=\"og:description\" content=\"L\u2019art. 512 bis c.p., \u201ctrasferimento fraudolento di valori\u201d, recita \u201c(\u2026) chiunque attribuisce fittiziamente ad altri la titolarit\u00e0 o disponibilit\u00e0 di denaro, beni o altre utilit\u00e0 al fine...\" \/>\n<meta property=\"og:url\" content=\"https:\/\/carlozaccagnini.it\/it\/papers\/trasferimento-fraudolento-di-valori\/\" \/>\n<meta property=\"og:site_name\" content=\"Studio Legale Avv. Carlo Zaccagnini\" \/>\n<meta property=\"article:modified_time\" content=\"2024-06-27T15:20:37+00:00\" \/>\n<meta name=\"twitter:card\" content=\"summary_large_image\" \/>\n<meta name=\"twitter:label1\" content=\"Tempo di lettura stimato\" \/>\n\t<meta name=\"twitter:data1\" content=\"4 minuti\" \/>\n<script type=\"application\/ld+json\" class=\"yoast-schema-graph\">{\"@context\":\"https:\\\/\\\/schema.org\",\"@graph\":[{\"@type\":\"WebPage\",\"@id\":\"https:\\\/\\\/carlozaccagnini.it\\\/it\\\/papers\\\/trasferimento-fraudolento-di-valori\\\/\",\"url\":\"https:\\\/\\\/carlozaccagnini.it\\\/it\\\/papers\\\/trasferimento-fraudolento-di-valori\\\/\",\"name\":\"Trasferimento fraudolento di valori | Studio Legale Avv. Carlo Zaccagnini\",\"isPartOf\":{\"@id\":\"https:\\\/\\\/carlozaccagnini.it\\\/it\\\/#website\"},\"datePublished\":\"2024-06-27T15:08:31+00:00\",\"dateModified\":\"2024-06-27T15:20:37+00:00\",\"description\":\"L\u2019art. 512 bis c.p., \u201ctrasferimento fraudolento di valori\u201d, recita \u201c(\u2026) chiunque attribuisce fittiziamente ad altri la titolarit\u00e0 o disponibilit\u00e0 di denaro, beni o altre utilit\u00e0 al fine...\",\"breadcrumb\":{\"@id\":\"https:\\\/\\\/carlozaccagnini.it\\\/it\\\/papers\\\/trasferimento-fraudolento-di-valori\\\/#breadcrumb\"},\"inLanguage\":\"it-IT\",\"potentialAction\":[{\"@type\":\"ReadAction\",\"target\":[\"https:\\\/\\\/carlozaccagnini.it\\\/it\\\/papers\\\/trasferimento-fraudolento-di-valori\\\/\"]}]},{\"@type\":\"BreadcrumbList\",\"@id\":\"https:\\\/\\\/carlozaccagnini.it\\\/it\\\/papers\\\/trasferimento-fraudolento-di-valori\\\/#breadcrumb\",\"itemListElement\":[{\"@type\":\"ListItem\",\"position\":1,\"name\":\"Home\",\"item\":\"https:\\\/\\\/carlozaccagnini.it\\\/it\\\/\"},{\"@type\":\"ListItem\",\"position\":2,\"name\":\"White Papers\",\"item\":\"https:\\\/\\\/carlozaccagnini.it\\\/it\\\/papers\\\/\"},{\"@type\":\"ListItem\",\"position\":3,\"name\":\"Trasferimento fraudolento di valori\"}]},{\"@type\":\"WebSite\",\"@id\":\"https:\\\/\\\/carlozaccagnini.it\\\/it\\\/#website\",\"url\":\"https:\\\/\\\/carlozaccagnini.it\\\/it\\\/\",\"name\":\"Studio Legale Avv. Carlo Zaccagnini\",\"description\":\"White Collar Crime Defence\",\"publisher\":{\"@id\":\"https:\\\/\\\/carlozaccagnini.it\\\/it\\\/#organization\"},\"potentialAction\":[{\"@type\":\"SearchAction\",\"target\":{\"@type\":\"EntryPoint\",\"urlTemplate\":\"https:\\\/\\\/carlozaccagnini.it\\\/it\\\/?s={search_term_string}\"},\"query-input\":{\"@type\":\"PropertyValueSpecification\",\"valueRequired\":true,\"valueName\":\"search_term_string\"}}],\"inLanguage\":\"it-IT\"},{\"@type\":\"Organization\",\"@id\":\"https:\\\/\\\/carlozaccagnini.it\\\/it\\\/#organization\",\"name\":\"Studio Legale Carlo Zaccagnini\",\"url\":\"https:\\\/\\\/carlozaccagnini.it\\\/it\\\/\",\"logo\":{\"@type\":\"ImageObject\",\"inLanguage\":\"it-IT\",\"@id\":\"https:\\\/\\\/carlozaccagnini.it\\\/it\\\/#\\\/schema\\\/logo\\\/image\\\/\",\"url\":\"https:\\\/\\\/carlozaccagnini.it\\\/wp-content\\\/uploads\\\/2018\\\/09\\\/cropped-icona.jpg\",\"contentUrl\":\"https:\\\/\\\/carlozaccagnini.it\\\/wp-content\\\/uploads\\\/2018\\\/09\\\/cropped-icona.jpg\",\"width\":512,\"height\":512,\"caption\":\"Studio Legale Carlo Zaccagnini\"},\"image\":{\"@id\":\"https:\\\/\\\/carlozaccagnini.it\\\/it\\\/#\\\/schema\\\/logo\\\/image\\\/\"}}]}<\/script>\n<!-- \/ Yoast SEO plugin. -->","yoast_head_json":{"title":"Trasferimento fraudolento di valori | Studio Legale Avv. Carlo Zaccagnini","description":"L\u2019art. 512 bis c.p., \u201ctrasferimento fraudolento di valori\u201d, recita \u201c(\u2026) chiunque attribuisce fittiziamente ad altri la titolarit\u00e0 o disponibilit\u00e0 di denaro, beni o altre utilit\u00e0 al fine...","robots":{"index":"index","follow":"follow","max-snippet":"max-snippet:-1","max-image-preview":"max-image-preview:large","max-video-preview":"max-video-preview:-1"},"canonical":"https:\/\/carlozaccagnini.it\/it\/papers\/trasferimento-fraudolento-di-valori\/","og_locale":"it_IT","og_type":"article","og_title":"Trasferimento fraudolento di valori | Studio Legale Avv. Carlo Zaccagnini","og_description":"L\u2019art. 512 bis c.p., \u201ctrasferimento fraudolento di valori\u201d, recita \u201c(\u2026) chiunque attribuisce fittiziamente ad altri la titolarit\u00e0 o disponibilit\u00e0 di denaro, beni o altre utilit\u00e0 al fine...","og_url":"https:\/\/carlozaccagnini.it\/it\/papers\/trasferimento-fraudolento-di-valori\/","og_site_name":"Studio Legale Avv. Carlo Zaccagnini","article_modified_time":"2024-06-27T15:20:37+00:00","twitter_card":"summary_large_image","twitter_misc":{"Tempo di lettura stimato":"4 minuti"},"schema":{"@context":"https:\/\/schema.org","@graph":[{"@type":"WebPage","@id":"https:\/\/carlozaccagnini.it\/it\/papers\/trasferimento-fraudolento-di-valori\/","url":"https:\/\/carlozaccagnini.it\/it\/papers\/trasferimento-fraudolento-di-valori\/","name":"Trasferimento fraudolento di valori | Studio Legale Avv. Carlo Zaccagnini","isPartOf":{"@id":"https:\/\/carlozaccagnini.it\/it\/#website"},"datePublished":"2024-06-27T15:08:31+00:00","dateModified":"2024-06-27T15:20:37+00:00","description":"L\u2019art. 512 bis c.p., \u201ctrasferimento fraudolento di valori\u201d, recita \u201c(\u2026) chiunque attribuisce fittiziamente ad altri la titolarit\u00e0 o disponibilit\u00e0 di denaro, beni o altre utilit\u00e0 al fine...","breadcrumb":{"@id":"https:\/\/carlozaccagnini.it\/it\/papers\/trasferimento-fraudolento-di-valori\/#breadcrumb"},"inLanguage":"it-IT","potentialAction":[{"@type":"ReadAction","target":["https:\/\/carlozaccagnini.it\/it\/papers\/trasferimento-fraudolento-di-valori\/"]}]},{"@type":"BreadcrumbList","@id":"https:\/\/carlozaccagnini.it\/it\/papers\/trasferimento-fraudolento-di-valori\/#breadcrumb","itemListElement":[{"@type":"ListItem","position":1,"name":"Home","item":"https:\/\/carlozaccagnini.it\/it\/"},{"@type":"ListItem","position":2,"name":"White Papers","item":"https:\/\/carlozaccagnini.it\/it\/papers\/"},{"@type":"ListItem","position":3,"name":"Trasferimento fraudolento di valori"}]},{"@type":"WebSite","@id":"https:\/\/carlozaccagnini.it\/it\/#website","url":"https:\/\/carlozaccagnini.it\/it\/","name":"Studio Legale Avv. Carlo Zaccagnini","description":"White Collar Crime Defence","publisher":{"@id":"https:\/\/carlozaccagnini.it\/it\/#organization"},"potentialAction":[{"@type":"SearchAction","target":{"@type":"EntryPoint","urlTemplate":"https:\/\/carlozaccagnini.it\/it\/?s={search_term_string}"},"query-input":{"@type":"PropertyValueSpecification","valueRequired":true,"valueName":"search_term_string"}}],"inLanguage":"it-IT"},{"@type":"Organization","@id":"https:\/\/carlozaccagnini.it\/it\/#organization","name":"Studio Legale Carlo Zaccagnini","url":"https:\/\/carlozaccagnini.it\/it\/","logo":{"@type":"ImageObject","inLanguage":"it-IT","@id":"https:\/\/carlozaccagnini.it\/it\/#\/schema\/logo\/image\/","url":"https:\/\/carlozaccagnini.it\/wp-content\/uploads\/2018\/09\/cropped-icona.jpg","contentUrl":"https:\/\/carlozaccagnini.it\/wp-content\/uploads\/2018\/09\/cropped-icona.jpg","width":512,"height":512,"caption":"Studio Legale Carlo Zaccagnini"},"image":{"@id":"https:\/\/carlozaccagnini.it\/it\/#\/schema\/logo\/image\/"}}]}},"_links":{"self":[{"href":"https:\/\/carlozaccagnini.it\/it\/wp-json\/wp\/v2\/pages\/6700","targetHints":{"allow":["GET"]}}],"collection":[{"href":"https:\/\/carlozaccagnini.it\/it\/wp-json\/wp\/v2\/pages"}],"about":[{"href":"https:\/\/carlozaccagnini.it\/it\/wp-json\/wp\/v2\/types\/page"}],"author":[{"embeddable":true,"href":"https:\/\/carlozaccagnini.it\/it\/wp-json\/wp\/v2\/users\/2"}],"replies":[{"embeddable":true,"href":"https:\/\/carlozaccagnini.it\/it\/wp-json\/wp\/v2\/comments?post=6700"}],"version-history":[{"count":2,"href":"https:\/\/carlozaccagnini.it\/it\/wp-json\/wp\/v2\/pages\/6700\/revisions"}],"predecessor-version":[{"id":6703,"href":"https:\/\/carlozaccagnini.it\/it\/wp-json\/wp\/v2\/pages\/6700\/revisions\/6703"}],"up":[{"embeddable":true,"href":"https:\/\/carlozaccagnini.it\/it\/wp-json\/wp\/v2\/pages\/4116"}],"wp:attachment":[{"href":"https:\/\/carlozaccagnini.it\/it\/wp-json\/wp\/v2\/media?parent=6700"}],"curies":[{"name":"wp","href":"https:\/\/api.w.org\/{rel}","templated":true}]}}