{"id":6617,"date":"2024-04-18T15:10:49","date_gmt":"2024-04-18T13:10:49","guid":{"rendered":"https:\/\/carlozaccagnini.it\/?page_id=6617"},"modified":"2025-08-01T13:00:56","modified_gmt":"2025-08-01T11:00:56","slug":"confine-tra-concorso-di-persone-nel-reato-ex-art-110-c-p-e-connivenza-non-punibile","status":"publish","type":"page","link":"https:\/\/carlozaccagnini.it\/it\/papers\/confine-tra-concorso-di-persone-nel-reato-ex-art-110-c-p-e-connivenza-non-punibile\/","title":{"rendered":"Concorso di persone nel reato ex art. 110 c.p. e non punibilit\u00e0"},"content":{"rendered":"<div class=\"wpb-content-wrapper\"><p>[vc_row][vc_column][vc_row_inner][vc_column_inner width=&#8221;1\/2&#8243;][\/vc_column_inner][vc_column_inner width=&#8221;1\/2&#8243;][vc_btn title=&#8221;TORNA A PAPERS&#8221; align=&#8221;right&#8221; link=&#8221;url:https%3A%2F%2Fcarlozaccagnini.it%2Fit%2Fpapers%2F&#8221;][\/vc_column_inner][\/vc_row_inner][vc_empty_space height=&#8221;10px&#8221;][vc_column_text]<\/p>\n<h3><span style=\"color: #1f497d;\">Confine tra concorso di persone nel reato <em>ex<\/em> art. 110 c.p. e connivenza non punibile <\/span><\/h3>\n<p>[\/vc_column_text][vc_empty_space height=&#8221;50px&#8221;][\/vc_column][\/vc_row][vc_row][vc_column][vc_column_text]<span style=\"color: #333333;\">L\u2019art. 110 c.p. introduce una clausola estensiva della responsabilit\u00e0 penale, ampliando la punibilit\u00e0 a condotte non contemplate dalle singole fattispecie incriminatrici. Il perimetro applicativo del concorso di persone comprende, infatti, qualsiasi apporto del singolo che faciliti la realizzazione di un accordo illecito elaborato e\/o condiviso da pi\u00f9 individui: sia sotto il profilo materiale, quando il partecipe contribuisca attivamente alla commissione del reato (c.d. concorso materiale), sia sotto il profilo prettamente psicologico, quando la condotta agevolativa del reo si traduca nel mero rafforzamento di un proposito delittuoso gi\u00e0 esistente (c.d. concorso morale).<\/span><\/p>\n<p><span style=\"color: #333333;\">Diversamente, nei casi in cui il soggetto, pur aderendo intimamente all\u2019altrui attivit\u00e0 criminosa, abbia assunto contegno passivo privo di efficacia causale rispetto alla realizzazione dell\u2019evento, egli verser\u00e0 nell\u2019ipotesi di mera connivenza e risulter\u00e0, pertanto, immeritevole di addebito penale.<\/span><\/p>\n<p><span style=\"color: #333333;\">Affinch\u00e9 l\u2019agente risponda della commissione di un reato a titolo di concorso, \u00e8 dunque necessario che costui abbia volontariamente contribuito, di concerto con gli altri sodali, alla realizzazione di un evento lesivo: \u201c\u00e8 rilevante ai fini del concorso il contributo che abbia facilitato la realizzazione del reato rendendolo pi\u00f9 probabile, pi\u00f9 facile, pi\u00f9 grave\u201d (Fiandaca \u2013 Musco, Diritto Penale parte speciale, 2019, pag. 576). Ne deriva, per contro, che la mera consapevolezza dell\u2019esistenza di un pactum sceleris, cui non segua alcuna condotta agevolativa, debba tradursi in connivenza non punibile.<\/span><\/p>\n<p><span style=\"color: #333333;\">Affrontando il tema della distinzione tra \u00a0connivenza non punibile e concorso di persone, la giurisprudenza di legittimit\u00e0 ha pi\u00f9 volte ribadito come il discrimen tra le due ipotesi debba ravvisarsi \u201cnel fatto che, mentre la prima postula che l \u2019agente mantenga un comportamento passivo, nel concorso di persone ex art. 110 c.p., \u00e8 invece richiesto un consapevole contributo che pu\u00f2 manifestarsi anche in forme che agevolino il proposito criminoso del concorrente, garantendogli una certa sicurezza o, anche implicitamente, una collaborazione sulla quale poter contare\u201d (Cass. Pen., Sez. IV, 20 novembre 2020 n. 34754 in italgiure.it; in senso conforme: ex multis, Cass. Pen., Sez. III, 22 settembre 2015 n. 41055; Cass. Pen., Sez. V, 22 marzo 2013, dep. 21 gennaio 2014, n. 2805; Cass. Pen., Sez. I, 12 gennaio 2021 n. 17541). <\/span><\/p>\n<p><span style=\"color: #333333;\">La configurabilit\u00e0 del concorso ex art. 110 c.p. \u00e8 difatti subordinata a duplice vaglio, l\u2019uno afferente alla sfera materiale \u2013 oggettiva e, dunque, all\u2019effettivo contributo che ciascun agente ha apportato alla realizzazione del piano delittuoso, anche in termini di mera agevolazione; l\u2019altro avente ad oggetto l\u2019indagine del coefficiente psichico doloso che ha orientato l\u2019agire del singolo, da tradursi nella rappresentazione e volont\u00e0 della propria condotta e dell\u2019efficacia causale che essa, congiuntamente a quelle degli altri concorrenti, spiega rispetto all\u2019offesa realizzata[1]. <\/span><\/p>\n<p><span style=\"color: #333333;\">Sul punto la dottrina, allineandosi all\u2019interpretazione costituzionalmente orientata della disciplina ex art. 110 c.p. promossa dalla Suprema Corte, ha affermato e sviscerato il principio secondo cui : \u201csi pu\u00f2 essere puniti per il fatto commesso soltanto in quanto si tratti di un fatto proprio colpevole e la responsabilit\u00e0 del singolo concorrente\u00a0ex\u00a0art.\u00a0110\u00a0c.p.\u00a0esige che gli siano attribuibili psicologicamente sia la condotta da lui posta in essere \u2014 cio\u00e8 l\u2019apporto del contributo causale al fatto principale \u2014 sia l\u2019intero fatto di reato \u201d (F. Ramacci, Corso di diritto penale, ed. V, Torino, Giappichelli editore, 2013, pag. 493); esegesi, come detto, cristallizzata nelle pronunce di legittimit\u00e0 : \u201cla concezione unitaria del\u00a0concorso\u00a0di pi\u00f9\u00a0persone\u00a0nel reato recepita nell&#8217;art. 110 cod. pen., consente di ritenere che l&#8217;attivit\u00e0 costitutiva della partecipazione possa essere rappresentata da qualsiasi contributo, di carattere materiale o psichico, del quale deve essere, nondimeno, fornita idonea prova, anche in via logica o indiziaria, mediante elementi dotati di sicura attitudine rappresentativa che involgano sia il rapporto di causalit\u00e0 materiale tra condotta e evento che il sostrato psicologico dell&#8217;azione\u201d (Cass. Pen., Sez. III, 18 novembre 2021 n. 156 in dejure.it; in senso conforme, in tema di\u00a0concorso\u00a0materiale: Cass. Pen., Sez. IV, 16 novembre 2017 n. 1236, dep. 2018, Raduano, nonch\u00e9, in tema di\u00a0concorso\u00a0morale, Cass. Pen., Sez. Unite, del 30 ottobre 2003 n. 45276, Andreotti; Cass. Pen., Sez. I, 28 novembre 2014 n. 7643, dep. 2015, Villacaro).<\/span><\/p>\n<p>&nbsp;<\/p>\n<p><span style=\"color: #333333;\">[1] \u201cla consapevolezza di cooperare con altri nella realizzazione del fatto tipico [\u2026] deve aggiungersi alla rappresentazione e alla volizione del fatto, necessarie, secondo i principi generali, per la configurazione di un reato doloso\u201d\u00a0(ROMANO-GRASSO,\u00a0Commentario sistematico del\u00a0codice\u00a0penale, 3\u00a0a\u00a0ed., Milano, 2005, II, 180); parimenti : \u201cPoich\u00e9 il dolo \u00e8 coscienza e volont\u00e0, non basta la consapevolezza di concorrere, ma occorre altres\u00ec la volont\u00e0 di concorrere, che deve sussistere in ogni forma di compartecipazione criminosa, attiva o omissiva, materiale o morale.\u201d (MANTOVANI, Diritto Penale, V Ed., 2007 p. 515).<\/span>[\/vc_column_text][vc_empty_space][vc_column_text]<span style=\"color: #333333;\">Roma, 18 Aprile 2024 \u00a0\u00a0\u00a0\u00a0\u00a0\u00a0\u00a0\u00a0\u00a0\u00a0\u00a0\u00a0\u00a0\u00a0\u00a0\u00a0\u00a0\u00a0\u00a0\u00a0\u00a0\u00a0<\/span>\u00a0\u00a0\u00a0\u00a0\u00a0\u00a0\u00a0\u00a0\u00a0\u00a0\u00a0\u00a0\u00a0\u00a0\u00a0\u00a0 \u00a0 \u00a0 \u00a0 \u00a0 \u00a0 \u00a0 \u00a0 \u00a0 \u00a0 \u00a0 \u00a0 \u00a0 \u00a0 \u00a0 \u00a0 \u00a0 \u00a0 \u00a0\u00a0 <a href=\"https:\/\/carlozaccagnini.it\/it\/professionisti\/carlo-zaccagnini\/\">Avvocato Carlo Zaccagnini<\/a>[\/vc_column_text][vc_empty_space height=&#8221;70px&#8221;][\/vc_column][\/vc_row][vc_row css=&#8221;.vc_custom_1688383983319{background-color: #1f497d !important;}&#8221;][vc_column]<div class=\"mkdf-call-to-action-holder  mkdf-normal-layout  mkdf-three-quarters-columns\">\n\n\t<div class=\"mkdf-cta-inner \">\n\t\t<div class=\"mkdf-cta-icon-holder\">\n\t\t\t<span aria-hidden=\"true\" class=\"mkdf-icon-font-elegant  \" style=\"color: #ffffff;font-size: 30px\"><\/span>\t\t<\/div>\n\t\t<div class=\"mkdf-cta-text-holder\">\n\t\t\t<div class=\"mkdf-cta-text\">\n<h2 style=\"text-align: left;\"><span style=\"color: #165253;\"><span style=\"color: #ffffff;\">Dubbi o necessit\u00e0?<\/span><br \/>\n<\/span><\/h2>\n<\/div>\n\t\t<\/div>\n\t\t<div class=\"mkdf-cta-button-holder\" >\n\t\t\t<div class=\"mkdf-cta-button\"><a itemprop=\"url\" href=\"https:\/\/carlozaccagnini.it\/it\/contatti\/\" target=\"_self\" style=\"color: #ffffff;background-color: #1a2843;border-color: #1a2843\" class=\"mkdf-btn mkdf-btn-medium mkdf-btn-solid mkdf-btn-custom-hover-bg mkdf-btn-custom-border-hover mkdf-btn-custom-hover-color\" data-hover-color=\"#1a2843\" data-hover-bg-color=\"#f2f2ef\" data-hover-border-color=\"#1a2843\" >    <span class=\"mkdf-btn-text\">CONTATTACI<\/span>    <\/a><\/div>\n\t\t<\/div>\n\t<\/div>\n<\/div>[vc_empty_space height=&#8221;40px&#8221;][\/vc_column][\/vc_row][vc_row][vc_column][vc_empty_space height=&#8221;20px&#8221;][vc_column_text]<\/p>\n<p style=\"text-align: right;\"><strong><a href=\"https:\/\/carlozaccagnini.it\/it\/disclaimer\/\" target=\"_blank\" rel=\"noopener\">DISCLAIMER<\/a><\/strong><\/p>\n<p>[\/vc_column_text][\/vc_column][\/vc_row]<\/p>\n<\/div>","protected":false},"excerpt":{"rendered":"<p>[vc_row][vc_column][vc_row_inner][vc_column_inner width=&#8221;1\/2&#8243;][\/vc_column_inner][vc_column_inner width=&#8221;1\/2&#8243;][vc_btn title=&#8221;TORNA A PAPERS&#8221; align=&#8221;right&#8221; link=&#8221;url:https%3A%2F%2Fcarlozaccagnini.it%2Fit%2Fpapers%2F&#8221;][\/vc_column_inner][\/vc_row_inner][vc_empty_space height=&#8221;10px&#8221;][vc_column_text] Confine tra concorso di persone nel reato ex art. 110 c.p. e connivenza non punibile [\/vc_column_text][vc_empty_space height=&#8221;50px&#8221;][\/vc_column][\/vc_row][vc_row][vc_column][vc_column_text]L\u2019art. 110 c.p. introduce una [&hellip;]<\/p>\n","protected":false},"author":2,"featured_media":0,"parent":4116,"menu_order":0,"comment_status":"closed","ping_status":"closed","template":"","meta":{"footnotes":""},"class_list":["post-6617","page","type-page","status-publish","hentry"],"yoast_head":"<!-- This site is optimized with the Yoast SEO plugin v27.3 - https:\/\/yoast.com\/product\/yoast-seo-wordpress\/ -->\n<title>Concorso di persone nel reato ex art. 110 c.p. e non punibilit\u00e0 | Studio Legale Avv. Carlo Zaccagnini<\/title>\n<meta name=\"description\" content=\"L\u2019art. 110 c.p. introduce una clausola estensiva della responsabilit\u00e0 penale, ampliando la punibilit\u00e0 a condotte non contemplate dalle singole fattispecie incriminatrici.\" \/>\n<meta name=\"robots\" content=\"index, follow, max-snippet:-1, max-image-preview:large, max-video-preview:-1\" \/>\n<link rel=\"canonical\" href=\"https:\/\/carlozaccagnini.it\/it\/papers\/confine-tra-concorso-di-persone-nel-reato-ex-art-110-c-p-e-connivenza-non-punibile\/\" \/>\n<meta property=\"og:locale\" content=\"it_IT\" \/>\n<meta property=\"og:type\" content=\"article\" \/>\n<meta property=\"og:title\" content=\"Concorso di persone nel reato ex art. 110 c.p. e non punibilit\u00e0 | Studio Legale Avv. Carlo Zaccagnini\" \/>\n<meta property=\"og:description\" content=\"L\u2019art. 110 c.p. introduce una clausola estensiva della responsabilit\u00e0 penale, ampliando la punibilit\u00e0 a condotte non contemplate dalle singole fattispecie incriminatrici.\" \/>\n<meta property=\"og:url\" content=\"https:\/\/carlozaccagnini.it\/it\/papers\/confine-tra-concorso-di-persone-nel-reato-ex-art-110-c-p-e-connivenza-non-punibile\/\" \/>\n<meta property=\"og:site_name\" content=\"Studio Legale Avv. Carlo Zaccagnini\" \/>\n<meta property=\"article:modified_time\" content=\"2025-08-01T11:00:56+00:00\" \/>\n<meta name=\"twitter:card\" content=\"summary_large_image\" \/>\n<meta name=\"twitter:label1\" content=\"Tempo di lettura stimato\" \/>\n\t<meta name=\"twitter:data1\" content=\"5 minuti\" \/>\n<script type=\"application\/ld+json\" class=\"yoast-schema-graph\">{\"@context\":\"https:\\\/\\\/schema.org\",\"@graph\":[{\"@type\":\"WebPage\",\"@id\":\"https:\\\/\\\/carlozaccagnini.it\\\/it\\\/papers\\\/confine-tra-concorso-di-persone-nel-reato-ex-art-110-c-p-e-connivenza-non-punibile\\\/\",\"url\":\"https:\\\/\\\/carlozaccagnini.it\\\/it\\\/papers\\\/confine-tra-concorso-di-persone-nel-reato-ex-art-110-c-p-e-connivenza-non-punibile\\\/\",\"name\":\"Concorso di persone nel reato ex art. 110 c.p. e non punibilit\u00e0 | Studio Legale Avv. Carlo Zaccagnini\",\"isPartOf\":{\"@id\":\"https:\\\/\\\/carlozaccagnini.it\\\/it\\\/#website\"},\"datePublished\":\"2024-04-18T13:10:49+00:00\",\"dateModified\":\"2025-08-01T11:00:56+00:00\",\"description\":\"L\u2019art. 110 c.p. introduce una clausola estensiva della responsabilit\u00e0 penale, ampliando la punibilit\u00e0 a condotte non contemplate dalle singole fattispecie incriminatrici.\",\"breadcrumb\":{\"@id\":\"https:\\\/\\\/carlozaccagnini.it\\\/it\\\/papers\\\/confine-tra-concorso-di-persone-nel-reato-ex-art-110-c-p-e-connivenza-non-punibile\\\/#breadcrumb\"},\"inLanguage\":\"it-IT\",\"potentialAction\":[{\"@type\":\"ReadAction\",\"target\":[\"https:\\\/\\\/carlozaccagnini.it\\\/it\\\/papers\\\/confine-tra-concorso-di-persone-nel-reato-ex-art-110-c-p-e-connivenza-non-punibile\\\/\"]}]},{\"@type\":\"BreadcrumbList\",\"@id\":\"https:\\\/\\\/carlozaccagnini.it\\\/it\\\/papers\\\/confine-tra-concorso-di-persone-nel-reato-ex-art-110-c-p-e-connivenza-non-punibile\\\/#breadcrumb\",\"itemListElement\":[{\"@type\":\"ListItem\",\"position\":1,\"name\":\"Home\",\"item\":\"https:\\\/\\\/carlozaccagnini.it\\\/it\\\/\"},{\"@type\":\"ListItem\",\"position\":2,\"name\":\"White Papers\",\"item\":\"https:\\\/\\\/carlozaccagnini.it\\\/it\\\/papers\\\/\"},{\"@type\":\"ListItem\",\"position\":3,\"name\":\"Concorso di persone nel reato ex art. 110 c.p. e non punibilit\u00e0\"}]},{\"@type\":\"WebSite\",\"@id\":\"https:\\\/\\\/carlozaccagnini.it\\\/it\\\/#website\",\"url\":\"https:\\\/\\\/carlozaccagnini.it\\\/it\\\/\",\"name\":\"Studio Legale Avv. Carlo Zaccagnini\",\"description\":\"White Collar Crime Defence\",\"publisher\":{\"@id\":\"https:\\\/\\\/carlozaccagnini.it\\\/it\\\/#organization\"},\"potentialAction\":[{\"@type\":\"SearchAction\",\"target\":{\"@type\":\"EntryPoint\",\"urlTemplate\":\"https:\\\/\\\/carlozaccagnini.it\\\/it\\\/?s={search_term_string}\"},\"query-input\":{\"@type\":\"PropertyValueSpecification\",\"valueRequired\":true,\"valueName\":\"search_term_string\"}}],\"inLanguage\":\"it-IT\"},{\"@type\":\"Organization\",\"@id\":\"https:\\\/\\\/carlozaccagnini.it\\\/it\\\/#organization\",\"name\":\"Studio Legale Carlo Zaccagnini\",\"url\":\"https:\\\/\\\/carlozaccagnini.it\\\/it\\\/\",\"logo\":{\"@type\":\"ImageObject\",\"inLanguage\":\"it-IT\",\"@id\":\"https:\\\/\\\/carlozaccagnini.it\\\/it\\\/#\\\/schema\\\/logo\\\/image\\\/\",\"url\":\"https:\\\/\\\/carlozaccagnini.it\\\/wp-content\\\/uploads\\\/2018\\\/09\\\/cropped-icona.jpg\",\"contentUrl\":\"https:\\\/\\\/carlozaccagnini.it\\\/wp-content\\\/uploads\\\/2018\\\/09\\\/cropped-icona.jpg\",\"width\":512,\"height\":512,\"caption\":\"Studio Legale Carlo Zaccagnini\"},\"image\":{\"@id\":\"https:\\\/\\\/carlozaccagnini.it\\\/it\\\/#\\\/schema\\\/logo\\\/image\\\/\"}}]}<\/script>\n<!-- \/ Yoast SEO plugin. -->","yoast_head_json":{"title":"Concorso di persone nel reato ex art. 110 c.p. e non punibilit\u00e0 | Studio Legale Avv. Carlo Zaccagnini","description":"L\u2019art. 110 c.p. introduce una clausola estensiva della responsabilit\u00e0 penale, ampliando la punibilit\u00e0 a condotte non contemplate dalle singole fattispecie incriminatrici.","robots":{"index":"index","follow":"follow","max-snippet":"max-snippet:-1","max-image-preview":"max-image-preview:large","max-video-preview":"max-video-preview:-1"},"canonical":"https:\/\/carlozaccagnini.it\/it\/papers\/confine-tra-concorso-di-persone-nel-reato-ex-art-110-c-p-e-connivenza-non-punibile\/","og_locale":"it_IT","og_type":"article","og_title":"Concorso di persone nel reato ex art. 110 c.p. e non punibilit\u00e0 | Studio Legale Avv. Carlo Zaccagnini","og_description":"L\u2019art. 110 c.p. introduce una clausola estensiva della responsabilit\u00e0 penale, ampliando la punibilit\u00e0 a condotte non contemplate dalle singole fattispecie incriminatrici.","og_url":"https:\/\/carlozaccagnini.it\/it\/papers\/confine-tra-concorso-di-persone-nel-reato-ex-art-110-c-p-e-connivenza-non-punibile\/","og_site_name":"Studio Legale Avv. Carlo Zaccagnini","article_modified_time":"2025-08-01T11:00:56+00:00","twitter_card":"summary_large_image","twitter_misc":{"Tempo di lettura stimato":"5 minuti"},"schema":{"@context":"https:\/\/schema.org","@graph":[{"@type":"WebPage","@id":"https:\/\/carlozaccagnini.it\/it\/papers\/confine-tra-concorso-di-persone-nel-reato-ex-art-110-c-p-e-connivenza-non-punibile\/","url":"https:\/\/carlozaccagnini.it\/it\/papers\/confine-tra-concorso-di-persone-nel-reato-ex-art-110-c-p-e-connivenza-non-punibile\/","name":"Concorso di persone nel reato ex art. 110 c.p. e non punibilit\u00e0 | Studio Legale Avv. Carlo Zaccagnini","isPartOf":{"@id":"https:\/\/carlozaccagnini.it\/it\/#website"},"datePublished":"2024-04-18T13:10:49+00:00","dateModified":"2025-08-01T11:00:56+00:00","description":"L\u2019art. 110 c.p. introduce una clausola estensiva della responsabilit\u00e0 penale, ampliando la punibilit\u00e0 a condotte non contemplate dalle singole fattispecie incriminatrici.","breadcrumb":{"@id":"https:\/\/carlozaccagnini.it\/it\/papers\/confine-tra-concorso-di-persone-nel-reato-ex-art-110-c-p-e-connivenza-non-punibile\/#breadcrumb"},"inLanguage":"it-IT","potentialAction":[{"@type":"ReadAction","target":["https:\/\/carlozaccagnini.it\/it\/papers\/confine-tra-concorso-di-persone-nel-reato-ex-art-110-c-p-e-connivenza-non-punibile\/"]}]},{"@type":"BreadcrumbList","@id":"https:\/\/carlozaccagnini.it\/it\/papers\/confine-tra-concorso-di-persone-nel-reato-ex-art-110-c-p-e-connivenza-non-punibile\/#breadcrumb","itemListElement":[{"@type":"ListItem","position":1,"name":"Home","item":"https:\/\/carlozaccagnini.it\/it\/"},{"@type":"ListItem","position":2,"name":"White Papers","item":"https:\/\/carlozaccagnini.it\/it\/papers\/"},{"@type":"ListItem","position":3,"name":"Concorso di persone nel reato ex art. 110 c.p. e non punibilit\u00e0"}]},{"@type":"WebSite","@id":"https:\/\/carlozaccagnini.it\/it\/#website","url":"https:\/\/carlozaccagnini.it\/it\/","name":"Studio Legale Avv. Carlo Zaccagnini","description":"White Collar Crime Defence","publisher":{"@id":"https:\/\/carlozaccagnini.it\/it\/#organization"},"potentialAction":[{"@type":"SearchAction","target":{"@type":"EntryPoint","urlTemplate":"https:\/\/carlozaccagnini.it\/it\/?s={search_term_string}"},"query-input":{"@type":"PropertyValueSpecification","valueRequired":true,"valueName":"search_term_string"}}],"inLanguage":"it-IT"},{"@type":"Organization","@id":"https:\/\/carlozaccagnini.it\/it\/#organization","name":"Studio Legale Carlo Zaccagnini","url":"https:\/\/carlozaccagnini.it\/it\/","logo":{"@type":"ImageObject","inLanguage":"it-IT","@id":"https:\/\/carlozaccagnini.it\/it\/#\/schema\/logo\/image\/","url":"https:\/\/carlozaccagnini.it\/wp-content\/uploads\/2018\/09\/cropped-icona.jpg","contentUrl":"https:\/\/carlozaccagnini.it\/wp-content\/uploads\/2018\/09\/cropped-icona.jpg","width":512,"height":512,"caption":"Studio Legale Carlo Zaccagnini"},"image":{"@id":"https:\/\/carlozaccagnini.it\/it\/#\/schema\/logo\/image\/"}}]}},"_links":{"self":[{"href":"https:\/\/carlozaccagnini.it\/it\/wp-json\/wp\/v2\/pages\/6617","targetHints":{"allow":["GET"]}}],"collection":[{"href":"https:\/\/carlozaccagnini.it\/it\/wp-json\/wp\/v2\/pages"}],"about":[{"href":"https:\/\/carlozaccagnini.it\/it\/wp-json\/wp\/v2\/types\/page"}],"author":[{"embeddable":true,"href":"https:\/\/carlozaccagnini.it\/it\/wp-json\/wp\/v2\/users\/2"}],"replies":[{"embeddable":true,"href":"https:\/\/carlozaccagnini.it\/it\/wp-json\/wp\/v2\/comments?post=6617"}],"version-history":[{"count":2,"href":"https:\/\/carlozaccagnini.it\/it\/wp-json\/wp\/v2\/pages\/6617\/revisions"}],"predecessor-version":[{"id":6629,"href":"https:\/\/carlozaccagnini.it\/it\/wp-json\/wp\/v2\/pages\/6617\/revisions\/6629"}],"up":[{"embeddable":true,"href":"https:\/\/carlozaccagnini.it\/it\/wp-json\/wp\/v2\/pages\/4116"}],"wp:attachment":[{"href":"https:\/\/carlozaccagnini.it\/it\/wp-json\/wp\/v2\/media?parent=6617"}],"curies":[{"name":"wp","href":"https:\/\/api.w.org\/{rel}","templated":true}]}}