{"id":6605,"date":"2024-02-12T19:24:00","date_gmt":"2024-02-12T18:24:00","guid":{"rendered":"https:\/\/carlozaccagnini.it\/?page_id=6605"},"modified":"2024-02-12T19:31:02","modified_gmt":"2024-02-12T18:31:02","slug":"e-possibile-rinunciare-alla-opposizione-alla-richiesta-di-archiviazione-gia-depositata-da-parte-del-difensore-opponente","status":"publish","type":"page","link":"https:\/\/carlozaccagnini.it\/it\/opposizione-alla-richiesta-di-archiviazione-gia-depositata-da-parte-del-difensore-opponente\/","title":{"rendered":"Opposizione alla richiesta di archiviazione gi\u00e0 depositata da parte del difensore opponente"},"content":{"rendered":"<div class=\"wpb-content-wrapper\"><p>[vc_row][vc_column][vc_row_inner][vc_column_inner width=&#8221;1\/2&#8243;][\/vc_column_inner][vc_column_inner width=&#8221;1\/2&#8243;][vc_btn title=&#8221;TORNA A PAPERS&#8221; align=&#8221;right&#8221; link=&#8221;url:https%3A%2F%2Fcarlozaccagnini.it%2Fit%2Fpapers%2F&#8221;][\/vc_column_inner][\/vc_row_inner][vc_empty_space height=&#8221;10px&#8221;][vc_column_text]<\/p>\n<h3><span style=\"color: #1f497d;\"><strong>Opposizione alla richiesta di archiviazione gi\u00e0 depositata da parte del difensore opponente<\/strong><\/span><\/h3>\n<p>[\/vc_column_text][vc_empty_space height=&#8221;50px&#8221;][\/vc_column][\/vc_row][vc_row][vc_column][vc_column_text]<span style=\"color: #333333;\">Se il P.M. formula richiesta di archiviazione, la persona offesa, che abbia dichiarato di voler esserne informata, pu\u00f2 \u2013 <em>ex<\/em> art. 410 c.p.p. \u2013 presentare, entro 20 giorni dalla notifica dell\u2019avviso, opposizione alla richiesta di archiviazione chiedendo <em>la prosecuzione delle indagini preliminari ed indicando, a pena di inammissibilit\u00e0, l\u2019oggetto dell\u2019investigazione suppletiva e i relativi elementi di prova.<\/em><\/span><\/p>\n<p><span style=\"color: #333333;\">Se da un lato, l\u2019ordinamento riconosce il diritto della persona offesa di dissentire sulle determinazioni assunte dal PM all\u2019esito delle indagini espletate, e dunque stimolare ulteriori attivit\u00e0 investigativa, dall\u2019atro, occorre domandarsi che cosa accadrebbe se, una volta presentata l\u2019opposizione, la persona offesa decida di rinunciare alla stessa.<\/span><\/p>\n<p><span style=\"color: #333333;\">Granitica esegesi giurisprudenziale rimarca come \u201c<em>l\u2019atto oppositivo sia estraneo al <\/em>genus <em>delle impugnazioni, essendo diretto non nei confronti di un provvedimento del giudice, ma contro la richiesta archiviativa del pubblico ministero<\/em>\u201d <a style=\"color: #333333;\" href=\"#_ftn1\" name=\"_ftnref1\">[1]<\/a>. Di talch\u00e8, \u00e8 esclusa la possibilit\u00e0 di applicare i principi generali in materia di impugnazione e, segnatamente, l\u2019art. 589 c.p.p. rubricato \u201c<em>Rinuncia all\u2019impugnazione<\/em>\u201d.<\/span><\/p>\n<p><span style=\"color: #333333;\">L\u2019atto in questione, infatti, seppur rinunciato dalla persona offesa, \u201c<em>consacra l\u2019esistenza di un conflitto tra i \u201cdue rami dell\u2019accusa<\/em>\u201d e <em>\u201ccostituisce espressione specifica della generale facolt\u00e0 delle parti di presentare richieste al giudice stabilita dall\u2019art. 121 c.p.p.\u201d<\/em><strong> <a style=\"color: #333333;\" href=\"#_ftn2\" name=\"_ftnref2\">[2]<\/a>. <\/strong>L\u2019opposizione, pertanto, una volta depositata e ritenuta ammissibile, deve necessariamente esser \u201c<em>sottoposta ad<\/em> <em>approfondito vaglio del giudice, in camera di consiglio, nel contraddittorio di cui all\u2019art. 127 c.p.p.<\/em>\u201d <a style=\"color: #333333;\" href=\"#_ftn3\" name=\"_ftnref3\">[3]<\/a>, con la conseguenza che la successiva rinuncia all\u2019atto di opposizione da parte della persona offesa, non comporter\u00e0 per il GIP alcun obbligo di disporre l\u2019archiviazione del procedimento.<\/span><span style=\"color: #333333;\"><a style=\"color: #333333;\" href=\"#_ftnref1\" name=\"_ftn1\"><\/a><\/span>[\/vc_column_text][vc_empty_space height=&#8221;20px&#8221;][vc_column_text]<span style=\"color: #333333;\"><a style=\"color: #333333;\" href=\"#_ftnref1\" name=\"_ftn1\">[1]<\/a> <em>ex multis<\/em> : Cass., Sez. II, 16 marzo 2006, p.o. in c. R.S., in Mass. Uff., n. 234243; Id., Sez. II, 13 gennaio 2004, Cassa Risparmio di Carpi, in Riv. pen., 2005, 1248; Id., Sez. IV, 4 novembre 2003, Buccignoli, in Arch. nuova proc. pen., 2005, 101; Id., Sez. VI, 18 ottobre 2003, Stara, in Riv. pen., 2005, 355; Id., Sez. II, 30 gennaio 2003, Riccetti, in Mass. Uff., n. 223904.<\/span><\/p>\n<p><span style=\"color: #333333;\"><a style=\"color: #333333;\" href=\"#_ftnref2\" name=\"_ftn2\">[2]<\/a> <strong>Cass. Pen., Sez. I, 23 aprile 2013, n. 28477, in <em>dejure.it<\/em><\/strong><\/span><\/p>\n<p><span style=\"color: #333333;\"><a style=\"color: #333333;\" href=\"#_ftnref3\" name=\"_ftn3\">[3]<\/a> PANSINI, <em>Contributo dell\u2019offeso<\/em>, cit., p. 48. FASOLIN, <em>L\u2019opposizione della persona offesa tra ammissibilit\u00e0 e merito<\/em>, in Cass. pen., 2011, 3056; IASEVOLI, Il diritto di proporre, cit., 3552.<\/span>[\/vc_column_text][vc_empty_space][vc_column_text]<span style=\"color: #333333;\">Roma, 12 Febbraio 2024 \u00a0\u00a0\u00a0\u00a0\u00a0\u00a0\u00a0\u00a0\u00a0\u00a0\u00a0\u00a0\u00a0\u00a0\u00a0\u00a0\u00a0\u00a0\u00a0\u00a0\u00a0\u00a0\u00a0\u00a0\u00a0\u00a0\u00a0\u00a0 \u00a0 \u00a0 \u00a0\u00a0 \u00a0\u00a0 \u00a0 \u00a0 \u00a0 \u00a0 \u00a0 \u00a0 \u00a0 \u00a0 \u00a0 \u00a0 \u00a0 \u00a0 \u00a0 \u00a0 \u00a0 \u00a0 \u00a0 \u00a0\u00a0 <\/span><a href=\"https:\/\/carlozaccagnini.it\/it\/professionisti\/carlo-zaccagnini\/\"><span style=\"color: #333333;\">Avvocato Carlo Zaccagnini<\/span><\/a>[\/vc_column_text][vc_empty_space height=&#8221;70px&#8221;][\/vc_column][\/vc_row][vc_row css=&#8221;.vc_custom_1688383983319{background-color: #1f497d !important;}&#8221;][vc_column]<div class=\"mkdf-call-to-action-holder  mkdf-normal-layout  mkdf-three-quarters-columns\">\n\n\t<div class=\"mkdf-cta-inner \">\n\t\t<div class=\"mkdf-cta-icon-holder\">\n\t\t\t<span aria-hidden=\"true\" class=\"mkdf-icon-font-elegant  \" style=\"color: #ffffff;font-size: 30px\"><\/span>\t\t<\/div>\n\t\t<div class=\"mkdf-cta-text-holder\">\n\t\t\t<div class=\"mkdf-cta-text\">\n<h2 style=\"text-align: left;\"><span style=\"color: #165253;\"><span style=\"color: #ffffff;\">Dubbi o necessit\u00e0?<\/span><br \/>\n<\/span><\/h2>\n<\/div>\n\t\t<\/div>\n\t\t<div class=\"mkdf-cta-button-holder\" >\n\t\t\t<div class=\"mkdf-cta-button\"><a itemprop=\"url\" href=\"https:\/\/carlozaccagnini.it\/it\/contatti\/\" target=\"_self\" style=\"color: #ffffff;background-color: #1a2843;border-color: #1a2843\" class=\"mkdf-btn mkdf-btn-medium mkdf-btn-solid mkdf-btn-custom-hover-bg mkdf-btn-custom-border-hover mkdf-btn-custom-hover-color\" data-hover-color=\"#1a2843\" data-hover-bg-color=\"#f2f2ef\" data-hover-border-color=\"#1a2843\" >    <span class=\"mkdf-btn-text\">CONTATTACI<\/span>    <\/a><\/div>\n\t\t<\/div>\n\t<\/div>\n<\/div>[vc_empty_space height=&#8221;40px&#8221;][\/vc_column][\/vc_row][vc_row][vc_column][vc_empty_space height=&#8221;20px&#8221;][vc_column_text]<\/p>\n<p style=\"text-align: right;\"><strong><a href=\"https:\/\/carlozaccagnini.it\/it\/disclaimer\/\" target=\"_blank\" rel=\"noopener\">DISCLAIMER<\/a><\/strong><\/p>\n<p>[\/vc_column_text][\/vc_column][\/vc_row]<\/p>\n<\/div>","protected":false},"excerpt":{"rendered":"<p>[vc_row][vc_column][vc_row_inner][vc_column_inner width=&#8221;1\/2&#8243;][\/vc_column_inner][vc_column_inner width=&#8221;1\/2&#8243;][vc_btn title=&#8221;TORNA A PAPERS&#8221; align=&#8221;right&#8221; link=&#8221;url:https%3A%2F%2Fcarlozaccagnini.it%2Fit%2Fpapers%2F&#8221;][\/vc_column_inner][\/vc_row_inner][vc_empty_space height=&#8221;10px&#8221;][vc_column_text] Opposizione alla richiesta di archiviazione gi\u00e0 depositata da parte del difensore opponente [\/vc_column_text][vc_empty_space height=&#8221;50px&#8221;][\/vc_column][\/vc_row][vc_row][vc_column][vc_column_text]Se il P.M. formula richiesta di archiviazione, la [&hellip;]<\/p>\n","protected":false},"author":1,"featured_media":0,"parent":4116,"menu_order":0,"comment_status":"closed","ping_status":"closed","template":"","meta":{"footnotes":""},"class_list":["post-6605","page","type-page","status-publish","hentry"],"yoast_head":"<!-- This site is optimized with the Yoast SEO plugin v27.5 - https:\/\/yoast.com\/product\/yoast-seo-wordpress\/ -->\n<title>Opposizione alla richiesta di archiviazione gi\u00e0 depositata da parte del difensore opponente | Studio Legale Avv. Carlo Zaccagnini<\/title>\n<meta name=\"description\" content=\"Con sentenza n. 48770 del 24 ottobre 2023, la IV Sez. della Cassazione ha stabilito che l\u2019operativit\u00e0 dei diversi regimi di prescrizione dipende dalla data di commissione del reato.\" \/>\n<meta name=\"robots\" content=\"index, follow, max-snippet:-1, max-image-preview:large, max-video-preview:-1\" \/>\n<link rel=\"canonical\" href=\"https:\/\/carlozaccagnini.it\/it\/opposizione-alla-richiesta-di-archiviazione-gia-depositata-da-parte-del-difensore-opponente\/\" \/>\n<meta property=\"og:locale\" content=\"it_IT\" \/>\n<meta property=\"og:type\" content=\"article\" \/>\n<meta property=\"og:title\" content=\"Opposizione alla richiesta di archiviazione gi\u00e0 depositata da parte del difensore opponente | Studio Legale Avv. Carlo Zaccagnini\" \/>\n<meta property=\"og:description\" content=\"Con sentenza n. 48770 del 24 ottobre 2023, la IV Sez. della Cassazione ha stabilito che l\u2019operativit\u00e0 dei diversi regimi di prescrizione dipende dalla data di commissione del reato.\" \/>\n<meta property=\"og:url\" content=\"https:\/\/carlozaccagnini.it\/it\/opposizione-alla-richiesta-di-archiviazione-gia-depositata-da-parte-del-difensore-opponente\/\" \/>\n<meta property=\"og:site_name\" content=\"Studio Legale Avv. Carlo Zaccagnini\" \/>\n<meta property=\"article:modified_time\" content=\"2024-02-12T18:31:02+00:00\" \/>\n<meta name=\"twitter:card\" content=\"summary_large_image\" \/>\n<meta name=\"twitter:label1\" content=\"Tempo di lettura stimato\" \/>\n\t<meta name=\"twitter:data1\" content=\"3 minuti\" \/>\n<script type=\"application\/ld+json\" class=\"yoast-schema-graph\">{\"@context\":\"https:\\\/\\\/schema.org\",\"@graph\":[{\"@type\":\"WebPage\",\"@id\":\"https:\\\/\\\/carlozaccagnini.it\\\/it\\\/opposizione-alla-richiesta-di-archiviazione-gia-depositata-da-parte-del-difensore-opponente\\\/\",\"url\":\"https:\\\/\\\/carlozaccagnini.it\\\/it\\\/opposizione-alla-richiesta-di-archiviazione-gia-depositata-da-parte-del-difensore-opponente\\\/\",\"name\":\"Opposizione alla richiesta di archiviazione gi\u00e0 depositata da parte del difensore opponente | Studio Legale Avv. Carlo Zaccagnini\",\"isPartOf\":{\"@id\":\"https:\\\/\\\/carlozaccagnini.it\\\/it\\\/#website\"},\"datePublished\":\"2024-02-12T18:24:00+00:00\",\"dateModified\":\"2024-02-12T18:31:02+00:00\",\"description\":\"Con sentenza n. 48770 del 24 ottobre 2023, la IV Sez. della Cassazione ha stabilito che l\u2019operativit\u00e0 dei diversi regimi di prescrizione dipende dalla data di commissione del reato.\",\"breadcrumb\":{\"@id\":\"https:\\\/\\\/carlozaccagnini.it\\\/it\\\/opposizione-alla-richiesta-di-archiviazione-gia-depositata-da-parte-del-difensore-opponente\\\/#breadcrumb\"},\"inLanguage\":\"it-IT\",\"potentialAction\":[{\"@type\":\"ReadAction\",\"target\":[\"https:\\\/\\\/carlozaccagnini.it\\\/it\\\/opposizione-alla-richiesta-di-archiviazione-gia-depositata-da-parte-del-difensore-opponente\\\/\"]}]},{\"@type\":\"BreadcrumbList\",\"@id\":\"https:\\\/\\\/carlozaccagnini.it\\\/it\\\/opposizione-alla-richiesta-di-archiviazione-gia-depositata-da-parte-del-difensore-opponente\\\/#breadcrumb\",\"itemListElement\":[{\"@type\":\"ListItem\",\"position\":1,\"name\":\"Home\",\"item\":\"https:\\\/\\\/carlozaccagnini.it\\\/it\\\/\"},{\"@type\":\"ListItem\",\"position\":2,\"name\":\"White Papers\",\"item\":\"https:\\\/\\\/carlozaccagnini.it\\\/it\\\/papers\\\/\"},{\"@type\":\"ListItem\",\"position\":3,\"name\":\"Opposizione alla richiesta di archiviazione gi\u00e0 depositata da parte del difensore opponente\"}]},{\"@type\":\"WebSite\",\"@id\":\"https:\\\/\\\/carlozaccagnini.it\\\/it\\\/#website\",\"url\":\"https:\\\/\\\/carlozaccagnini.it\\\/it\\\/\",\"name\":\"Studio Legale Avv. Carlo Zaccagnini\",\"description\":\"White Collar Crime Defence\",\"publisher\":{\"@id\":\"https:\\\/\\\/carlozaccagnini.it\\\/it\\\/#organization\"},\"potentialAction\":[{\"@type\":\"SearchAction\",\"target\":{\"@type\":\"EntryPoint\",\"urlTemplate\":\"https:\\\/\\\/carlozaccagnini.it\\\/it\\\/?s={search_term_string}\"},\"query-input\":{\"@type\":\"PropertyValueSpecification\",\"valueRequired\":true,\"valueName\":\"search_term_string\"}}],\"inLanguage\":\"it-IT\"},{\"@type\":\"Organization\",\"@id\":\"https:\\\/\\\/carlozaccagnini.it\\\/it\\\/#organization\",\"name\":\"Studio Legale Carlo Zaccagnini\",\"url\":\"https:\\\/\\\/carlozaccagnini.it\\\/it\\\/\",\"logo\":{\"@type\":\"ImageObject\",\"inLanguage\":\"it-IT\",\"@id\":\"https:\\\/\\\/carlozaccagnini.it\\\/it\\\/#\\\/schema\\\/logo\\\/image\\\/\",\"url\":\"https:\\\/\\\/carlozaccagnini.it\\\/wp-content\\\/uploads\\\/2018\\\/09\\\/cropped-icona.jpg\",\"contentUrl\":\"https:\\\/\\\/carlozaccagnini.it\\\/wp-content\\\/uploads\\\/2018\\\/09\\\/cropped-icona.jpg\",\"width\":512,\"height\":512,\"caption\":\"Studio Legale Carlo Zaccagnini\"},\"image\":{\"@id\":\"https:\\\/\\\/carlozaccagnini.it\\\/it\\\/#\\\/schema\\\/logo\\\/image\\\/\"}}]}<\/script>\n<!-- \/ Yoast SEO plugin. -->","yoast_head_json":{"title":"Opposizione alla richiesta di archiviazione gi\u00e0 depositata da parte del difensore opponente | Studio Legale Avv. Carlo Zaccagnini","description":"Con sentenza n. 48770 del 24 ottobre 2023, la IV Sez. della Cassazione ha stabilito che l\u2019operativit\u00e0 dei diversi regimi di prescrizione dipende dalla data di commissione del reato.","robots":{"index":"index","follow":"follow","max-snippet":"max-snippet:-1","max-image-preview":"max-image-preview:large","max-video-preview":"max-video-preview:-1"},"canonical":"https:\/\/carlozaccagnini.it\/it\/opposizione-alla-richiesta-di-archiviazione-gia-depositata-da-parte-del-difensore-opponente\/","og_locale":"it_IT","og_type":"article","og_title":"Opposizione alla richiesta di archiviazione gi\u00e0 depositata da parte del difensore opponente | Studio Legale Avv. Carlo Zaccagnini","og_description":"Con sentenza n. 48770 del 24 ottobre 2023, la IV Sez. della Cassazione ha stabilito che l\u2019operativit\u00e0 dei diversi regimi di prescrizione dipende dalla data di commissione del reato.","og_url":"https:\/\/carlozaccagnini.it\/it\/opposizione-alla-richiesta-di-archiviazione-gia-depositata-da-parte-del-difensore-opponente\/","og_site_name":"Studio Legale Avv. Carlo Zaccagnini","article_modified_time":"2024-02-12T18:31:02+00:00","twitter_card":"summary_large_image","twitter_misc":{"Tempo di lettura stimato":"3 minuti"},"schema":{"@context":"https:\/\/schema.org","@graph":[{"@type":"WebPage","@id":"https:\/\/carlozaccagnini.it\/it\/opposizione-alla-richiesta-di-archiviazione-gia-depositata-da-parte-del-difensore-opponente\/","url":"https:\/\/carlozaccagnini.it\/it\/opposizione-alla-richiesta-di-archiviazione-gia-depositata-da-parte-del-difensore-opponente\/","name":"Opposizione alla richiesta di archiviazione gi\u00e0 depositata da parte del difensore opponente | Studio Legale Avv. Carlo Zaccagnini","isPartOf":{"@id":"https:\/\/carlozaccagnini.it\/it\/#website"},"datePublished":"2024-02-12T18:24:00+00:00","dateModified":"2024-02-12T18:31:02+00:00","description":"Con sentenza n. 48770 del 24 ottobre 2023, la IV Sez. della Cassazione ha stabilito che l\u2019operativit\u00e0 dei diversi regimi di prescrizione dipende dalla data di commissione del reato.","breadcrumb":{"@id":"https:\/\/carlozaccagnini.it\/it\/opposizione-alla-richiesta-di-archiviazione-gia-depositata-da-parte-del-difensore-opponente\/#breadcrumb"},"inLanguage":"it-IT","potentialAction":[{"@type":"ReadAction","target":["https:\/\/carlozaccagnini.it\/it\/opposizione-alla-richiesta-di-archiviazione-gia-depositata-da-parte-del-difensore-opponente\/"]}]},{"@type":"BreadcrumbList","@id":"https:\/\/carlozaccagnini.it\/it\/opposizione-alla-richiesta-di-archiviazione-gia-depositata-da-parte-del-difensore-opponente\/#breadcrumb","itemListElement":[{"@type":"ListItem","position":1,"name":"Home","item":"https:\/\/carlozaccagnini.it\/it\/"},{"@type":"ListItem","position":2,"name":"White Papers","item":"https:\/\/carlozaccagnini.it\/it\/papers\/"},{"@type":"ListItem","position":3,"name":"Opposizione alla richiesta di archiviazione gi\u00e0 depositata da parte del difensore opponente"}]},{"@type":"WebSite","@id":"https:\/\/carlozaccagnini.it\/it\/#website","url":"https:\/\/carlozaccagnini.it\/it\/","name":"Studio Legale Avv. Carlo Zaccagnini","description":"White Collar Crime Defence","publisher":{"@id":"https:\/\/carlozaccagnini.it\/it\/#organization"},"potentialAction":[{"@type":"SearchAction","target":{"@type":"EntryPoint","urlTemplate":"https:\/\/carlozaccagnini.it\/it\/?s={search_term_string}"},"query-input":{"@type":"PropertyValueSpecification","valueRequired":true,"valueName":"search_term_string"}}],"inLanguage":"it-IT"},{"@type":"Organization","@id":"https:\/\/carlozaccagnini.it\/it\/#organization","name":"Studio Legale Carlo Zaccagnini","url":"https:\/\/carlozaccagnini.it\/it\/","logo":{"@type":"ImageObject","inLanguage":"it-IT","@id":"https:\/\/carlozaccagnini.it\/it\/#\/schema\/logo\/image\/","url":"https:\/\/carlozaccagnini.it\/wp-content\/uploads\/2018\/09\/cropped-icona.jpg","contentUrl":"https:\/\/carlozaccagnini.it\/wp-content\/uploads\/2018\/09\/cropped-icona.jpg","width":512,"height":512,"caption":"Studio Legale Carlo Zaccagnini"},"image":{"@id":"https:\/\/carlozaccagnini.it\/it\/#\/schema\/logo\/image\/"}}]}},"_links":{"self":[{"href":"https:\/\/carlozaccagnini.it\/it\/wp-json\/wp\/v2\/pages\/6605","targetHints":{"allow":["GET"]}}],"collection":[{"href":"https:\/\/carlozaccagnini.it\/it\/wp-json\/wp\/v2\/pages"}],"about":[{"href":"https:\/\/carlozaccagnini.it\/it\/wp-json\/wp\/v2\/types\/page"}],"author":[{"embeddable":true,"href":"https:\/\/carlozaccagnini.it\/it\/wp-json\/wp\/v2\/users\/1"}],"replies":[{"embeddable":true,"href":"https:\/\/carlozaccagnini.it\/it\/wp-json\/wp\/v2\/comments?post=6605"}],"version-history":[{"count":2,"href":"https:\/\/carlozaccagnini.it\/it\/wp-json\/wp\/v2\/pages\/6605\/revisions"}],"predecessor-version":[{"id":6609,"href":"https:\/\/carlozaccagnini.it\/it\/wp-json\/wp\/v2\/pages\/6605\/revisions\/6609"}],"up":[{"embeddable":true,"href":"https:\/\/carlozaccagnini.it\/it\/wp-json\/wp\/v2\/pages\/4116"}],"wp:attachment":[{"href":"https:\/\/carlozaccagnini.it\/it\/wp-json\/wp\/v2\/media?parent=6605"}],"curies":[{"name":"wp","href":"https:\/\/api.w.org\/{rel}","templated":true}]}}