{"id":6458,"date":"2023-11-29T19:24:30","date_gmt":"2023-11-29T18:24:30","guid":{"rendered":"https:\/\/carlozaccagnini.it\/casi-di-successo\/usury-and-extortion\/"},"modified":"2023-12-12T13:32:39","modified_gmt":"2023-12-12T12:32:39","slug":"usura-estorsione","status":"publish","type":"page","link":"https:\/\/carlozaccagnini.it\/it\/casi-di-successo\/usura-estorsione\/","title":{"rendered":"9.Usura ed Estorsione"},"content":{"rendered":"<div class=\"wpb-content-wrapper\"><p>[vc_row row_content_width=&#8221;grid&#8221; content_text_aligment=&#8221;center&#8221; css=&#8221;.vc_custom_1537970166173{padding-top: 73px !important;padding-bottom: 89px !important;}&#8221;][vc_column offset=&#8221;vc_col-lg-offset-2 vc_col-lg-8 vc_col-md-offset-1 vc_col-md-10 vc_col-sm-offset-0 vc_col-xs-12&#8243;][vc_column_text]<\/p>\n<h3 style=\"text-align: center;\">Casi di Successo<\/h3>\n<p>[\/vc_column_text][vc_column_text]<\/p>\n<h2 style=\"text-align: center;\"><strong>* * *<\/strong><\/h2>\n<p>[\/vc_column_text][\/vc_column][\/vc_row][vc_row row_content_width=&#8221;grid&#8221; css=&#8221;.vc_custom_1537970022853{padding-bottom: 110px !important;}&#8221;][vc_column css=&#8221;.vc_custom_1539610282726{padding-right: 21px !important;}&#8221; offset=&#8221;vc_col-lg-offset-0 vc_col-lg-8 vc_col-md-offset-0 vc_col-md-12 vc_col-sm-offset-0 vc_col-xs-12&#8243;][vc_row_inner][vc_column_inner][vc_custom_heading text=&#8221;Usura ed Estorsione&#8221; font_container=&#8221;tag:h4|font_size:36|text_align:left|color:%231f497d&#8221; use_theme_fonts=&#8221;yes&#8221;][vc_column_text]<span style=\"color: #333333;\"><strong>Assolto, dopo dieci anni, in rito ordinario.<\/strong><\/span><\/p>\n<p><span style=\"color: #333333;\">Il cittadino [&#8230;] \u00e8 stato assolto \u201cperch\u00e9 il fatto non sussiste\u201d dall\u2019accusa di aver imposto interessi e vantaggi usurari nei confronti di [\u2026], Amministratore della [\u2026] s.r.l., facendosi promettere, mediante la stipula di quattro scritture private, la cessione del marchio d\u2019impresa della [\u2026] s.r.l. e degli arredi ed attrezzature presenti nei locali aziendali al prezzo di \u20ac [\u2026].000,00, prezzo ritenuto vile dalla Accusa (art. 644, commi 1 e 3, c.p.). Lo stesso era altres\u00ec imputato di contegni estorsivi ai danni della azienda compiuti attraverso l\u2019ottenimento di un decreto di sequestro giudiziario della [\u2026] s.r.l. (art. 56, 629, commi 1 e 3, c.p.).<\/span><\/p>\n<p><span style=\"color: #333333;\">Il pericolante impalco accusatorio era fatto rovinare dalla difesa, che, mediante cross examination di testi addotti dallo stesso querelante, faceva emergere come la sottoscrizione degli accordi presuntamente usurari prevedesse, nella realt\u00e0, il ripianamento &#8211; di oltre 1.600.000,00 \u20ac &#8211; da parte degli imputati, perdita tutta maturata nella gestione precedente operata dal querelante.<\/span><\/p>\n<p><span style=\"color: #333333;\">Era anche annichilita l&#8217; accusa secondo cui un provvedimento giudiziario legittimamente emesso ed adottato, il sequestro, possa costituire il mezzo di perpetrazione di estorsione.<\/span><br \/>\n<span style=\"color: #333333;\">Erano poi evidenziati i gravi deficit di credibilit\u00e0 delle dichiarazioni dell&#8217;offeso, che nel corso del controesame avente ad oggetto tale specifico aspetto, risultava, dopo la dichiarazione di fallimento della propria [\u2026.] s.r.l., rientrato nella disponibilit\u00e0 dei medesimi locali aziendali mediante interposizione dei figli.<\/span><\/p>\n<p><span style=\"color: #333333;\"><strong>Tali elementi aprivano la via alla richiesta di applicazione nel processo in corso del principio affermato in SS.UU. 41461\/2012, dep. 24.10.2012, secondo cui \u201cla dichiarazione della persona offesa costituita parte civile necessita di una verifica della credibilit\u00e0 soggettiva del dichiarante e della attendibilit\u00e0 intrinseca del suo racconto che deve essere pi\u00f9 penetrante e rigorosa rispetto a quella cui vengono sottoposte le dichiarazioni di qualsiasi testimone\u201d.<\/strong><\/span><\/p>\n<p><span style=\"color: #333333;\"><strong>Tribunale penale di Terni, Sezione Collegiale, pubblica udienza del 5 luglio 2023, n. 3402\/13 N.R., 1000\/2017 R.G. DIB.<\/strong><\/span>[\/vc_column_text][vc_empty_space height=&#8221;30px&#8221;][vc_column_text]<\/p>\n<p style=\"text-align: center;\"><a href=\"https:\/\/carlozaccagnini.it\/it\/casi-di-successo\/\"><strong>VEDI CASI DI SUCCESSO<\/strong><\/a><\/p>\n<p>[\/vc_column_text][\/vc_column_inner][\/vc_row_inner][vc_empty_space height=&#8221;50px&#8221;][\/vc_column][vc_column offset=&#8221;vc_col-lg-offset-0 vc_col-lg-4 vc_col-md-offset-0 vc_col-md-12 vc_col-sm-offset-0 vc_col-xs-12&#8243;][vc_single_image image=&#8221;3983&#8243; img_size=&#8221;full&#8221; alignment=&#8221;center&#8221; style=&#8221;vc_box_border&#8221;][vc_empty_space height=&#8221;10px&#8221;][vc_column_text]<\/p>\n<div class=\"wpb_text_column wpb_content_element \">\n<div class=\"wpb_wrapper\">\n<h4 style=\"text-align: center;\">Dubbi? Problemi?<\/h4>\n<h4 style=\"text-align: center;\">Fissa un appuntamento!<\/h4>\n<\/div>\n<\/div>\n<p>[\/vc_column_text][vc_empty_space height=&#8221;30px&#8221;][vc_btn title=&#8221;CONTATTI&#8221; style=&#8221;classic&#8221; shape=&#8221;square&#8221; color=&#8221;sky&#8221; align=&#8221;center&#8221; link=&#8221;url:https%3A%2F%2Fcarlozaccagnini.it%2Fit%2Fcontatti%2F&#8221;][\/vc_column][\/vc_row]<\/p>\n<\/div>","protected":false},"excerpt":{"rendered":"<p>[vc_row row_content_width=&#8221;grid&#8221; content_text_aligment=&#8221;center&#8221; css=&#8221;.vc_custom_1537970166173{padding-top: 73px !important;padding-bottom: 89px !important;}&#8221;][vc_column offset=&#8221;vc_col-lg-offset-2 vc_col-lg-8 vc_col-md-offset-1 vc_col-md-10 vc_col-sm-offset-0 vc_col-xs-12&#8243;][vc_column_text] Casi di Successo [\/vc_column_text][vc_column_text] * * * [\/vc_column_text][\/vc_column][\/vc_row][vc_row row_content_width=&#8221;grid&#8221; css=&#8221;.vc_custom_1537970022853{padding-bottom: 110px !important;}&#8221;][vc_column css=&#8221;.vc_custom_1539610282726{padding-right: 21px !important;}&#8221; offset=&#8221;vc_col-lg-offset-0 [&hellip;]<\/p>\n","protected":false},"author":2,"featured_media":0,"parent":6210,"menu_order":0,"comment_status":"closed","ping_status":"closed","template":"full-width.php","meta":{"footnotes":""},"class_list":["post-6458","page","type-page","status-publish","hentry"],"yoast_head":"<!-- This site is optimized with the Yoast SEO plugin v27.5 - https:\/\/yoast.com\/product\/yoast-seo-wordpress\/ -->\n<title>Usura ed Estorsione | Studio Legale Avv. Carlo Zaccagnini - Roma e Milano<\/title>\n<meta name=\"description\" content=\"Amministratore apparente di S.r.l. accusato di aver rilevato azienda in crisi mediante stipula di contratti usurai e di aver acquisito marchio di azienda mediante richiesta, ottenuta, di sequestro giudiziario. Assolto dai delitti di usura ed estorsione.\" \/>\n<meta name=\"robots\" content=\"index, follow, max-snippet:-1, max-image-preview:large, max-video-preview:-1\" \/>\n<link rel=\"canonical\" href=\"https:\/\/carlozaccagnini.it\/it\/casi-di-successo\/usura-estorsione\/\" \/>\n<meta property=\"og:locale\" content=\"it_IT\" \/>\n<meta property=\"og:type\" content=\"article\" \/>\n<meta property=\"og:title\" content=\"Usura ed Estorsione | Studio Legale Avv. Carlo Zaccagnini - Roma e Milano\" \/>\n<meta property=\"og:description\" content=\"Amministratore apparente di S.r.l. accusato di aver rilevato azienda in crisi mediante stipula di contratti usurai e di aver acquisito marchio di azienda mediante richiesta, ottenuta, di sequestro giudiziario. Assolto dai delitti di usura ed estorsione.\" \/>\n<meta property=\"og:url\" content=\"https:\/\/carlozaccagnini.it\/it\/casi-di-successo\/usura-estorsione\/\" \/>\n<meta property=\"og:site_name\" content=\"Studio Legale Avv. Carlo Zaccagnini\" \/>\n<meta property=\"article:modified_time\" content=\"2023-12-12T12:32:39+00:00\" \/>\n<meta name=\"twitter:card\" content=\"summary_large_image\" \/>\n<meta name=\"twitter:label1\" content=\"Tempo di lettura stimato\" \/>\n\t<meta name=\"twitter:data1\" content=\"2 minuti\" \/>\n<script type=\"application\/ld+json\" class=\"yoast-schema-graph\">{\"@context\":\"https:\\\/\\\/schema.org\",\"@graph\":[{\"@type\":\"WebPage\",\"@id\":\"https:\\\/\\\/carlozaccagnini.it\\\/it\\\/casi-di-successo\\\/usura-estorsione\\\/\",\"url\":\"https:\\\/\\\/carlozaccagnini.it\\\/it\\\/casi-di-successo\\\/usura-estorsione\\\/\",\"name\":\"Usura ed Estorsione | Studio Legale Avv. Carlo Zaccagnini - Roma e Milano\",\"isPartOf\":{\"@id\":\"https:\\\/\\\/carlozaccagnini.it\\\/it\\\/#website\"},\"datePublished\":\"2023-11-29T18:24:30+00:00\",\"dateModified\":\"2023-12-12T12:32:39+00:00\",\"description\":\"Amministratore apparente di S.r.l. accusato di aver rilevato azienda in crisi mediante stipula di contratti usurai e di aver acquisito marchio di azienda mediante richiesta, ottenuta, di sequestro giudiziario. Assolto dai delitti di usura ed estorsione.\",\"breadcrumb\":{\"@id\":\"https:\\\/\\\/carlozaccagnini.it\\\/it\\\/casi-di-successo\\\/usura-estorsione\\\/#breadcrumb\"},\"inLanguage\":\"it-IT\",\"potentialAction\":[{\"@type\":\"ReadAction\",\"target\":[\"https:\\\/\\\/carlozaccagnini.it\\\/it\\\/casi-di-successo\\\/usura-estorsione\\\/\"]}]},{\"@type\":\"BreadcrumbList\",\"@id\":\"https:\\\/\\\/carlozaccagnini.it\\\/it\\\/casi-di-successo\\\/usura-estorsione\\\/#breadcrumb\",\"itemListElement\":[{\"@type\":\"ListItem\",\"position\":1,\"name\":\"Home\",\"item\":\"https:\\\/\\\/carlozaccagnini.it\\\/it\\\/\"},{\"@type\":\"ListItem\",\"position\":2,\"name\":\"Casi di Successo\",\"item\":\"https:\\\/\\\/carlozaccagnini.it\\\/it\\\/casi-di-successo\\\/\"},{\"@type\":\"ListItem\",\"position\":3,\"name\":\"9.Usura ed Estorsione\"}]},{\"@type\":\"WebSite\",\"@id\":\"https:\\\/\\\/carlozaccagnini.it\\\/it\\\/#website\",\"url\":\"https:\\\/\\\/carlozaccagnini.it\\\/it\\\/\",\"name\":\"Studio Legale Avv. Carlo Zaccagnini\",\"description\":\"White Collar Crime Defence\",\"publisher\":{\"@id\":\"https:\\\/\\\/carlozaccagnini.it\\\/it\\\/#organization\"},\"potentialAction\":[{\"@type\":\"SearchAction\",\"target\":{\"@type\":\"EntryPoint\",\"urlTemplate\":\"https:\\\/\\\/carlozaccagnini.it\\\/it\\\/?s={search_term_string}\"},\"query-input\":{\"@type\":\"PropertyValueSpecification\",\"valueRequired\":true,\"valueName\":\"search_term_string\"}}],\"inLanguage\":\"it-IT\"},{\"@type\":\"Organization\",\"@id\":\"https:\\\/\\\/carlozaccagnini.it\\\/it\\\/#organization\",\"name\":\"Studio Legale Carlo Zaccagnini\",\"url\":\"https:\\\/\\\/carlozaccagnini.it\\\/it\\\/\",\"logo\":{\"@type\":\"ImageObject\",\"inLanguage\":\"it-IT\",\"@id\":\"https:\\\/\\\/carlozaccagnini.it\\\/it\\\/#\\\/schema\\\/logo\\\/image\\\/\",\"url\":\"https:\\\/\\\/carlozaccagnini.it\\\/wp-content\\\/uploads\\\/2018\\\/09\\\/cropped-icona.jpg\",\"contentUrl\":\"https:\\\/\\\/carlozaccagnini.it\\\/wp-content\\\/uploads\\\/2018\\\/09\\\/cropped-icona.jpg\",\"width\":512,\"height\":512,\"caption\":\"Studio Legale Carlo Zaccagnini\"},\"image\":{\"@id\":\"https:\\\/\\\/carlozaccagnini.it\\\/it\\\/#\\\/schema\\\/logo\\\/image\\\/\"}}]}<\/script>\n<!-- \/ Yoast SEO plugin. -->","yoast_head_json":{"title":"Usura ed Estorsione | Studio Legale Avv. Carlo Zaccagnini - Roma e Milano","description":"Amministratore apparente di S.r.l. accusato di aver rilevato azienda in crisi mediante stipula di contratti usurai e di aver acquisito marchio di azienda mediante richiesta, ottenuta, di sequestro giudiziario. Assolto dai delitti di usura ed estorsione.","robots":{"index":"index","follow":"follow","max-snippet":"max-snippet:-1","max-image-preview":"max-image-preview:large","max-video-preview":"max-video-preview:-1"},"canonical":"https:\/\/carlozaccagnini.it\/it\/casi-di-successo\/usura-estorsione\/","og_locale":"it_IT","og_type":"article","og_title":"Usura ed Estorsione | Studio Legale Avv. Carlo Zaccagnini - Roma e Milano","og_description":"Amministratore apparente di S.r.l. accusato di aver rilevato azienda in crisi mediante stipula di contratti usurai e di aver acquisito marchio di azienda mediante richiesta, ottenuta, di sequestro giudiziario. Assolto dai delitti di usura ed estorsione.","og_url":"https:\/\/carlozaccagnini.it\/it\/casi-di-successo\/usura-estorsione\/","og_site_name":"Studio Legale Avv. Carlo Zaccagnini","article_modified_time":"2023-12-12T12:32:39+00:00","twitter_card":"summary_large_image","twitter_misc":{"Tempo di lettura stimato":"2 minuti"},"schema":{"@context":"https:\/\/schema.org","@graph":[{"@type":"WebPage","@id":"https:\/\/carlozaccagnini.it\/it\/casi-di-successo\/usura-estorsione\/","url":"https:\/\/carlozaccagnini.it\/it\/casi-di-successo\/usura-estorsione\/","name":"Usura ed Estorsione | Studio Legale Avv. Carlo Zaccagnini - Roma e Milano","isPartOf":{"@id":"https:\/\/carlozaccagnini.it\/it\/#website"},"datePublished":"2023-11-29T18:24:30+00:00","dateModified":"2023-12-12T12:32:39+00:00","description":"Amministratore apparente di S.r.l. accusato di aver rilevato azienda in crisi mediante stipula di contratti usurai e di aver acquisito marchio di azienda mediante richiesta, ottenuta, di sequestro giudiziario. Assolto dai delitti di usura ed estorsione.","breadcrumb":{"@id":"https:\/\/carlozaccagnini.it\/it\/casi-di-successo\/usura-estorsione\/#breadcrumb"},"inLanguage":"it-IT","potentialAction":[{"@type":"ReadAction","target":["https:\/\/carlozaccagnini.it\/it\/casi-di-successo\/usura-estorsione\/"]}]},{"@type":"BreadcrumbList","@id":"https:\/\/carlozaccagnini.it\/it\/casi-di-successo\/usura-estorsione\/#breadcrumb","itemListElement":[{"@type":"ListItem","position":1,"name":"Home","item":"https:\/\/carlozaccagnini.it\/it\/"},{"@type":"ListItem","position":2,"name":"Casi di Successo","item":"https:\/\/carlozaccagnini.it\/it\/casi-di-successo\/"},{"@type":"ListItem","position":3,"name":"9.Usura ed Estorsione"}]},{"@type":"WebSite","@id":"https:\/\/carlozaccagnini.it\/it\/#website","url":"https:\/\/carlozaccagnini.it\/it\/","name":"Studio Legale Avv. Carlo Zaccagnini","description":"White Collar Crime Defence","publisher":{"@id":"https:\/\/carlozaccagnini.it\/it\/#organization"},"potentialAction":[{"@type":"SearchAction","target":{"@type":"EntryPoint","urlTemplate":"https:\/\/carlozaccagnini.it\/it\/?s={search_term_string}"},"query-input":{"@type":"PropertyValueSpecification","valueRequired":true,"valueName":"search_term_string"}}],"inLanguage":"it-IT"},{"@type":"Organization","@id":"https:\/\/carlozaccagnini.it\/it\/#organization","name":"Studio Legale Carlo Zaccagnini","url":"https:\/\/carlozaccagnini.it\/it\/","logo":{"@type":"ImageObject","inLanguage":"it-IT","@id":"https:\/\/carlozaccagnini.it\/it\/#\/schema\/logo\/image\/","url":"https:\/\/carlozaccagnini.it\/wp-content\/uploads\/2018\/09\/cropped-icona.jpg","contentUrl":"https:\/\/carlozaccagnini.it\/wp-content\/uploads\/2018\/09\/cropped-icona.jpg","width":512,"height":512,"caption":"Studio Legale Carlo Zaccagnini"},"image":{"@id":"https:\/\/carlozaccagnini.it\/it\/#\/schema\/logo\/image\/"}}]}},"_links":{"self":[{"href":"https:\/\/carlozaccagnini.it\/it\/wp-json\/wp\/v2\/pages\/6458","targetHints":{"allow":["GET"]}}],"collection":[{"href":"https:\/\/carlozaccagnini.it\/it\/wp-json\/wp\/v2\/pages"}],"about":[{"href":"https:\/\/carlozaccagnini.it\/it\/wp-json\/wp\/v2\/types\/page"}],"author":[{"embeddable":true,"href":"https:\/\/carlozaccagnini.it\/it\/wp-json\/wp\/v2\/users\/2"}],"replies":[{"embeddable":true,"href":"https:\/\/carlozaccagnini.it\/it\/wp-json\/wp\/v2\/comments?post=6458"}],"version-history":[{"count":0,"href":"https:\/\/carlozaccagnini.it\/it\/wp-json\/wp\/v2\/pages\/6458\/revisions"}],"up":[{"embeddable":true,"href":"https:\/\/carlozaccagnini.it\/it\/wp-json\/wp\/v2\/pages\/6210"}],"wp:attachment":[{"href":"https:\/\/carlozaccagnini.it\/it\/wp-json\/wp\/v2\/media?parent=6458"}],"curies":[{"name":"wp","href":"https:\/\/api.w.org\/{rel}","templated":true}]}}