{"id":6291,"date":"2023-11-29T19:14:52","date_gmt":"2023-11-29T18:14:52","guid":{"rendered":"https:\/\/carlozaccagnini.it\/?page_id=6291"},"modified":"2023-12-12T13:14:43","modified_gmt":"2023-12-12T12:14:43","slug":"frode-negoziale","status":"publish","type":"page","link":"https:\/\/carlozaccagnini.it\/it\/casi-di-successo\/frode-negoziale\/","title":{"rendered":"5.Frode negoziale"},"content":{"rendered":"<div class=\"wpb-content-wrapper\"><p>[vc_row row_content_width=&#8221;grid&#8221; content_text_aligment=&#8221;center&#8221; css=&#8221;.vc_custom_1537970166173{padding-top: 73px !important;padding-bottom: 89px !important;}&#8221;][vc_column offset=&#8221;vc_col-lg-offset-2 vc_col-lg-8 vc_col-md-offset-1 vc_col-md-10 vc_col-sm-offset-0 vc_col-xs-12&#8243;][vc_column_text]<\/p>\n<h3 style=\"text-align: center;\">Casi di Successo<\/h3>\n<p>[\/vc_column_text][vc_column_text]<\/p>\n<h2 style=\"text-align: center;\"><strong>* * *<\/strong><\/h2>\n<p>[\/vc_column_text][\/vc_column][\/vc_row][vc_row row_content_width=&#8221;grid&#8221; css=&#8221;.vc_custom_1537970022853{padding-bottom: 110px !important;}&#8221;][vc_column css=&#8221;.vc_custom_1539610282726{padding-right: 21px !important;}&#8221; offset=&#8221;vc_col-lg-offset-0 vc_col-lg-8 vc_col-md-offset-0 vc_col-md-12 vc_col-sm-offset-0 vc_col-xs-12&#8243;][vc_row_inner][vc_column_inner][vc_custom_heading text=&#8221;Frode negoziale&#8221; font_container=&#8221;tag:h4|font_size:36|text_align:left|color:%231f497d&#8221; use_theme_fonts=&#8221;yes&#8221;][vc_column_text]<span style=\"color: #333333;\"><strong>Assolto in rito abbreviato.<\/strong><\/span><\/p>\n<p><span style=\"color: #333333;\">L\u2019Amministratore della [\u2026] S.R.L. \u00e8 stato assolto dal delitto di truffa (art. 640 c.p.) &#8220;perch\u00e9 il fatto non sussiste&#8221;.<\/span><\/p>\n<p><span style=\"color: #333333;\">Secondo l\u2019Accusa, l\u2019imputato, agendo quale franchisor avrebbe raggirato la controparte contrattuale che aveva indotto a stipulare contratto di franchising, ostentando un ingente giro di affari &#8211; in realt\u00e0 inesistente &#8211; della Societ\u00e0 negli anni 2012, 2013 e 2014 e promettendo numerose commesse in favore del franchisee.<\/span><\/p>\n<p><span style=\"color: #333333;\">L\u2019accusa era tuttavia annichilita mediante l\u2019esame aggregato del volume d\u2019affari del gruppo di societ\u00e0 riferibili direttamente e indirettamente all\u2019imputato che rendeva veridiche le affermazioni dello stesso tramite allegazione bilancistica; erano inoltre documentate le prestigiose esperienze professionali ed imprenditoriali dell\u2019Amministratore nel campo informatico che lo rendevano, ancorch\u00e8 giovanissimo, gi\u00e0 una autorit\u00e0 nell\u2019ambito informatico : \u201cnon \u00e8 dato ravvisare nel caso in questione il classico caso del contraente che mediante artifizi e raggiri crea l\u2019apparenza di una realt\u00e0 economica di fatto inesistente inducendo in tal modo in errore la controparte, determinandola alla corresponsione di corrispettivi che, se non raggirata mai si sarebbe determinata a corrispondere \u201d.<\/span><\/p>\n<p><span style=\"color: #333333;\">Tribunale monocratico di Treviso, Sezione Penale. Pubblica udienza dell\u201911 gennaio 2023. Sentenza n. 29\/2023, depositata il 27 febbraio 2023.<\/span>[\/vc_column_text][vc_empty_space height=&#8221;30px&#8221;][vc_column_text]<\/p>\n<p style=\"text-align: center;\"><a href=\"https:\/\/carlozaccagnini.it\/it\/casi-di-successo\/\"><strong>VEDI CASI DI SUCCESSO<\/strong><\/a><\/p>\n<p>[\/vc_column_text][\/vc_column_inner][\/vc_row_inner][vc_empty_space height=&#8221;50px&#8221;][\/vc_column][vc_column offset=&#8221;vc_col-lg-offset-0 vc_col-lg-4 vc_col-md-offset-0 vc_col-md-12 vc_col-sm-offset-0 vc_col-xs-12&#8243;][vc_single_image image=&#8221;3983&#8243; img_size=&#8221;full&#8221; alignment=&#8221;center&#8221; style=&#8221;vc_box_border&#8221;][vc_empty_space height=&#8221;10px&#8221;][vc_column_text]<\/p>\n<div class=\"wpb_text_column wpb_content_element \">\n<div class=\"wpb_wrapper\">\n<h4 style=\"text-align: center;\">Dubbi? Problemi?<\/h4>\n<h4 style=\"text-align: center;\">Fissa un appuntamento!<\/h4>\n<\/div>\n<\/div>\n<p>[\/vc_column_text][vc_empty_space height=&#8221;30px&#8221;][vc_btn title=&#8221;CONTATTI&#8221; style=&#8221;classic&#8221; shape=&#8221;square&#8221; color=&#8221;sky&#8221; align=&#8221;center&#8221; link=&#8221;url:https%3A%2F%2Fcarlozaccagnini.it%2Fit%2Fcontatti%2F&#8221;][\/vc_column][\/vc_row]<\/p>\n<\/div>","protected":false},"excerpt":{"rendered":"<p>[vc_row row_content_width=&#8221;grid&#8221; content_text_aligment=&#8221;center&#8221; css=&#8221;.vc_custom_1537970166173{padding-top: 73px !important;padding-bottom: 89px !important;}&#8221;][vc_column offset=&#8221;vc_col-lg-offset-2 vc_col-lg-8 vc_col-md-offset-1 vc_col-md-10 vc_col-sm-offset-0 vc_col-xs-12&#8243;][vc_column_text] Casi di Successo [\/vc_column_text][vc_column_text] * * * [\/vc_column_text][\/vc_column][\/vc_row][vc_row row_content_width=&#8221;grid&#8221; css=&#8221;.vc_custom_1537970022853{padding-bottom: 110px !important;}&#8221;][vc_column css=&#8221;.vc_custom_1539610282726{padding-right: 21px !important;}&#8221; offset=&#8221;vc_col-lg-offset-0 [&hellip;]<\/p>\n","protected":false},"author":2,"featured_media":0,"parent":6210,"menu_order":0,"comment_status":"closed","ping_status":"closed","template":"full-width.php","meta":{"footnotes":""},"class_list":["post-6291","page","type-page","status-publish","hentry"],"yoast_head":"<!-- This site is optimized with the Yoast SEO plugin v27.3 - https:\/\/yoast.com\/product\/yoast-seo-wordpress\/ -->\n<title>5.Frode negoziale | Studio Legale Avv. Carlo Zaccagnini - Roma e Milano<\/title>\n<meta name=\"description\" content=\"Amministratore di S.r.l. incriminato per aver ostentato volumi di affari del proprio gruppo aziendale spropositati a potenziale cliente al fine di indurlo a stipulare contratto di franchising. Assolto dal delitto di truffa.\" \/>\n<meta name=\"robots\" content=\"index, follow, max-snippet:-1, max-image-preview:large, max-video-preview:-1\" \/>\n<link rel=\"canonical\" href=\"https:\/\/carlozaccagnini.it\/it\/casi-di-successo\/frode-negoziale\/\" \/>\n<meta property=\"og:locale\" content=\"it_IT\" \/>\n<meta property=\"og:type\" content=\"article\" \/>\n<meta property=\"og:title\" content=\"5.Frode negoziale | Studio Legale Avv. Carlo Zaccagnini - Roma e Milano\" \/>\n<meta property=\"og:description\" content=\"Amministratore di S.r.l. incriminato per aver ostentato volumi di affari del proprio gruppo aziendale spropositati a potenziale cliente al fine di indurlo a stipulare contratto di franchising. Assolto dal delitto di truffa.\" \/>\n<meta property=\"og:url\" content=\"https:\/\/carlozaccagnini.it\/it\/casi-di-successo\/frode-negoziale\/\" \/>\n<meta property=\"og:site_name\" content=\"Studio Legale Avv. Carlo Zaccagnini\" \/>\n<meta property=\"article:modified_time\" content=\"2023-12-12T12:14:43+00:00\" \/>\n<meta name=\"twitter:card\" content=\"summary_large_image\" \/>\n<meta name=\"twitter:label1\" content=\"Tempo di lettura stimato\" \/>\n\t<meta name=\"twitter:data1\" content=\"2 minuti\" \/>\n<script type=\"application\/ld+json\" class=\"yoast-schema-graph\">{\"@context\":\"https:\\\/\\\/schema.org\",\"@graph\":[{\"@type\":\"WebPage\",\"@id\":\"https:\\\/\\\/carlozaccagnini.it\\\/it\\\/casi-di-successo\\\/frode-negoziale\\\/\",\"url\":\"https:\\\/\\\/carlozaccagnini.it\\\/it\\\/casi-di-successo\\\/frode-negoziale\\\/\",\"name\":\"5.Frode negoziale | Studio Legale Avv. Carlo Zaccagnini - Roma e Milano\",\"isPartOf\":{\"@id\":\"https:\\\/\\\/carlozaccagnini.it\\\/it\\\/#website\"},\"datePublished\":\"2023-11-29T18:14:52+00:00\",\"dateModified\":\"2023-12-12T12:14:43+00:00\",\"description\":\"Amministratore di S.r.l. incriminato per aver ostentato volumi di affari del proprio gruppo aziendale spropositati a potenziale cliente al fine di indurlo a stipulare contratto di franchising. Assolto dal delitto di truffa.\",\"breadcrumb\":{\"@id\":\"https:\\\/\\\/carlozaccagnini.it\\\/it\\\/casi-di-successo\\\/frode-negoziale\\\/#breadcrumb\"},\"inLanguage\":\"it-IT\",\"potentialAction\":[{\"@type\":\"ReadAction\",\"target\":[\"https:\\\/\\\/carlozaccagnini.it\\\/it\\\/casi-di-successo\\\/frode-negoziale\\\/\"]}]},{\"@type\":\"BreadcrumbList\",\"@id\":\"https:\\\/\\\/carlozaccagnini.it\\\/it\\\/casi-di-successo\\\/frode-negoziale\\\/#breadcrumb\",\"itemListElement\":[{\"@type\":\"ListItem\",\"position\":1,\"name\":\"Home\",\"item\":\"https:\\\/\\\/carlozaccagnini.it\\\/it\\\/\"},{\"@type\":\"ListItem\",\"position\":2,\"name\":\"Casi di Successo\",\"item\":\"https:\\\/\\\/carlozaccagnini.it\\\/it\\\/casi-di-successo\\\/\"},{\"@type\":\"ListItem\",\"position\":3,\"name\":\"5.Frode negoziale\"}]},{\"@type\":\"WebSite\",\"@id\":\"https:\\\/\\\/carlozaccagnini.it\\\/it\\\/#website\",\"url\":\"https:\\\/\\\/carlozaccagnini.it\\\/it\\\/\",\"name\":\"Studio Legale Avv. Carlo Zaccagnini\",\"description\":\"White Collar Crime Defence\",\"publisher\":{\"@id\":\"https:\\\/\\\/carlozaccagnini.it\\\/it\\\/#organization\"},\"potentialAction\":[{\"@type\":\"SearchAction\",\"target\":{\"@type\":\"EntryPoint\",\"urlTemplate\":\"https:\\\/\\\/carlozaccagnini.it\\\/it\\\/?s={search_term_string}\"},\"query-input\":{\"@type\":\"PropertyValueSpecification\",\"valueRequired\":true,\"valueName\":\"search_term_string\"}}],\"inLanguage\":\"it-IT\"},{\"@type\":\"Organization\",\"@id\":\"https:\\\/\\\/carlozaccagnini.it\\\/it\\\/#organization\",\"name\":\"Studio Legale Carlo Zaccagnini\",\"url\":\"https:\\\/\\\/carlozaccagnini.it\\\/it\\\/\",\"logo\":{\"@type\":\"ImageObject\",\"inLanguage\":\"it-IT\",\"@id\":\"https:\\\/\\\/carlozaccagnini.it\\\/it\\\/#\\\/schema\\\/logo\\\/image\\\/\",\"url\":\"https:\\\/\\\/carlozaccagnini.it\\\/wp-content\\\/uploads\\\/2018\\\/09\\\/cropped-icona.jpg\",\"contentUrl\":\"https:\\\/\\\/carlozaccagnini.it\\\/wp-content\\\/uploads\\\/2018\\\/09\\\/cropped-icona.jpg\",\"width\":512,\"height\":512,\"caption\":\"Studio Legale Carlo Zaccagnini\"},\"image\":{\"@id\":\"https:\\\/\\\/carlozaccagnini.it\\\/it\\\/#\\\/schema\\\/logo\\\/image\\\/\"}}]}<\/script>\n<!-- \/ Yoast SEO plugin. -->","yoast_head_json":{"title":"5.Frode negoziale | Studio Legale Avv. Carlo Zaccagnini - Roma e Milano","description":"Amministratore di S.r.l. incriminato per aver ostentato volumi di affari del proprio gruppo aziendale spropositati a potenziale cliente al fine di indurlo a stipulare contratto di franchising. Assolto dal delitto di truffa.","robots":{"index":"index","follow":"follow","max-snippet":"max-snippet:-1","max-image-preview":"max-image-preview:large","max-video-preview":"max-video-preview:-1"},"canonical":"https:\/\/carlozaccagnini.it\/it\/casi-di-successo\/frode-negoziale\/","og_locale":"it_IT","og_type":"article","og_title":"5.Frode negoziale | Studio Legale Avv. Carlo Zaccagnini - Roma e Milano","og_description":"Amministratore di S.r.l. incriminato per aver ostentato volumi di affari del proprio gruppo aziendale spropositati a potenziale cliente al fine di indurlo a stipulare contratto di franchising. Assolto dal delitto di truffa.","og_url":"https:\/\/carlozaccagnini.it\/it\/casi-di-successo\/frode-negoziale\/","og_site_name":"Studio Legale Avv. Carlo Zaccagnini","article_modified_time":"2023-12-12T12:14:43+00:00","twitter_card":"summary_large_image","twitter_misc":{"Tempo di lettura stimato":"2 minuti"},"schema":{"@context":"https:\/\/schema.org","@graph":[{"@type":"WebPage","@id":"https:\/\/carlozaccagnini.it\/it\/casi-di-successo\/frode-negoziale\/","url":"https:\/\/carlozaccagnini.it\/it\/casi-di-successo\/frode-negoziale\/","name":"5.Frode negoziale | Studio Legale Avv. Carlo Zaccagnini - Roma e Milano","isPartOf":{"@id":"https:\/\/carlozaccagnini.it\/it\/#website"},"datePublished":"2023-11-29T18:14:52+00:00","dateModified":"2023-12-12T12:14:43+00:00","description":"Amministratore di S.r.l. incriminato per aver ostentato volumi di affari del proprio gruppo aziendale spropositati a potenziale cliente al fine di indurlo a stipulare contratto di franchising. Assolto dal delitto di truffa.","breadcrumb":{"@id":"https:\/\/carlozaccagnini.it\/it\/casi-di-successo\/frode-negoziale\/#breadcrumb"},"inLanguage":"it-IT","potentialAction":[{"@type":"ReadAction","target":["https:\/\/carlozaccagnini.it\/it\/casi-di-successo\/frode-negoziale\/"]}]},{"@type":"BreadcrumbList","@id":"https:\/\/carlozaccagnini.it\/it\/casi-di-successo\/frode-negoziale\/#breadcrumb","itemListElement":[{"@type":"ListItem","position":1,"name":"Home","item":"https:\/\/carlozaccagnini.it\/it\/"},{"@type":"ListItem","position":2,"name":"Casi di Successo","item":"https:\/\/carlozaccagnini.it\/it\/casi-di-successo\/"},{"@type":"ListItem","position":3,"name":"5.Frode negoziale"}]},{"@type":"WebSite","@id":"https:\/\/carlozaccagnini.it\/it\/#website","url":"https:\/\/carlozaccagnini.it\/it\/","name":"Studio Legale Avv. Carlo Zaccagnini","description":"White Collar Crime Defence","publisher":{"@id":"https:\/\/carlozaccagnini.it\/it\/#organization"},"potentialAction":[{"@type":"SearchAction","target":{"@type":"EntryPoint","urlTemplate":"https:\/\/carlozaccagnini.it\/it\/?s={search_term_string}"},"query-input":{"@type":"PropertyValueSpecification","valueRequired":true,"valueName":"search_term_string"}}],"inLanguage":"it-IT"},{"@type":"Organization","@id":"https:\/\/carlozaccagnini.it\/it\/#organization","name":"Studio Legale Carlo Zaccagnini","url":"https:\/\/carlozaccagnini.it\/it\/","logo":{"@type":"ImageObject","inLanguage":"it-IT","@id":"https:\/\/carlozaccagnini.it\/it\/#\/schema\/logo\/image\/","url":"https:\/\/carlozaccagnini.it\/wp-content\/uploads\/2018\/09\/cropped-icona.jpg","contentUrl":"https:\/\/carlozaccagnini.it\/wp-content\/uploads\/2018\/09\/cropped-icona.jpg","width":512,"height":512,"caption":"Studio Legale Carlo Zaccagnini"},"image":{"@id":"https:\/\/carlozaccagnini.it\/it\/#\/schema\/logo\/image\/"}}]}},"_links":{"self":[{"href":"https:\/\/carlozaccagnini.it\/it\/wp-json\/wp\/v2\/pages\/6291","targetHints":{"allow":["GET"]}}],"collection":[{"href":"https:\/\/carlozaccagnini.it\/it\/wp-json\/wp\/v2\/pages"}],"about":[{"href":"https:\/\/carlozaccagnini.it\/it\/wp-json\/wp\/v2\/types\/page"}],"author":[{"embeddable":true,"href":"https:\/\/carlozaccagnini.it\/it\/wp-json\/wp\/v2\/users\/2"}],"replies":[{"embeddable":true,"href":"https:\/\/carlozaccagnini.it\/it\/wp-json\/wp\/v2\/comments?post=6291"}],"version-history":[{"count":0,"href":"https:\/\/carlozaccagnini.it\/it\/wp-json\/wp\/v2\/pages\/6291\/revisions"}],"up":[{"embeddable":true,"href":"https:\/\/carlozaccagnini.it\/it\/wp-json\/wp\/v2\/pages\/6210"}],"wp:attachment":[{"href":"https:\/\/carlozaccagnini.it\/it\/wp-json\/wp\/v2\/media?parent=6291"}],"curies":[{"name":"wp","href":"https:\/\/api.w.org\/{rel}","templated":true}]}}