{"id":6282,"date":"2023-11-29T19:11:41","date_gmt":"2023-11-29T18:11:41","guid":{"rendered":"https:\/\/carlozaccagnini.it\/?page_id=6282"},"modified":"2023-12-12T13:12:46","modified_gmt":"2023-12-12T12:12:46","slug":"bancarotta-fraudolenta-distrattiva","status":"publish","type":"page","link":"https:\/\/carlozaccagnini.it\/it\/casi-di-successo\/bancarotta-fraudolenta-distrattiva\/","title":{"rendered":"4.Bancarotta fraudolenta distrattiva"},"content":{"rendered":"<div class=\"wpb-content-wrapper\"><p>[vc_row row_content_width=&#8221;grid&#8221; content_text_aligment=&#8221;center&#8221; css=&#8221;.vc_custom_1537970166173{padding-top: 73px !important;padding-bottom: 89px !important;}&#8221;][vc_column offset=&#8221;vc_col-lg-offset-2 vc_col-lg-8 vc_col-md-offset-1 vc_col-md-10 vc_col-sm-offset-0 vc_col-xs-12&#8243;][vc_column_text]<\/p>\n<h3 style=\"text-align: center;\">Casi di Successo<\/h3>\n<p>[\/vc_column_text][vc_column_text]<\/p>\n<h2 style=\"text-align: center;\"><strong>* * *<\/strong><\/h2>\n<p>[\/vc_column_text][\/vc_column][\/vc_row][vc_row row_content_width=&#8221;grid&#8221; css=&#8221;.vc_custom_1537970022853{padding-bottom: 110px !important;}&#8221;][vc_column css=&#8221;.vc_custom_1539610282726{padding-right: 21px !important;}&#8221; offset=&#8221;vc_col-lg-offset-0 vc_col-lg-8 vc_col-md-offset-0 vc_col-md-12 vc_col-sm-offset-0 vc_col-xs-12&#8243;][vc_row_inner][vc_column_inner][vc_custom_heading text=&#8221;Bancarotta fraudolenta distrattiva&#8221; font_container=&#8221;tag:h4|font_size:36|text_align:left|color:%231f497d&#8221; use_theme_fonts=&#8221;yes&#8221;][vc_column_text]<strong><span style=\"color: #333333;\">Assolta \u201cperch\u00e9 il fatto non sussiste\u201d<\/span><\/strong><\/p>\n<p><span style=\"color: #333333;\">La socia al 49% della [&#8230;] S.r.l., dichiarata fallita il 3 maggio 2012, cui era stata contestata la qualifica di amministratrice di fatto, \u00e8 stata assolta dai delitti di bancarotta fraudolenta distrattiva e documentale e concorso per falso in atto pubblico (artt. 216, comma 1, nn. 1 e 2, 219, commi 1 e 2, n. 1, R. D. 267\/1942 e art. 476, comma 1, c.p.) &#8220;per non aver commesso il fatto&#8221;.<\/span><\/p>\n<p><span style=\"color: #333333;\">Secondo l\u2019Accusa, la socia avrebbe distratto, in concorso con l\u2019amministratore apparente, denaro per un ammontare pari ad oltre 315.318,00 euro; inoltre, la stessa non avrebbe consegnato al curatore fallimentare scritture contabili obbligatorie, omettendo altres\u00ec di depositare i bilanci relativi all\u2019esercizio 2011.<\/span><\/p>\n<p><span style=\"color: #333333;\">La difesa, mediante il recupero presso i pubblici registri camerali di documenti ivi depositati nel 2011, \u00e8 riuscita a dimostrare tempestivit\u00e0 e ritualit\u00e0 dell\u2019avvicendamento dell\u2019organo amministrativo, con conseguente irresponsabilit\u00e0 sia dell\u2019amministratore dimissionario che di quello subentrato; \u00e8 stata inoltre in grado di escludere la qualifica di amministratrice di fatto in capo all\u2019imputata.<\/span><\/p>\n<p><span style=\"color: #333333;\">Tribunale di Roma, Udienza Pubblica, IV Sezione Penale Collegiale, marted\u00ec 30 maggio 2023.<\/span>[\/vc_column_text][vc_empty_space height=&#8221;30px&#8221;][vc_column_text]<\/p>\n<p style=\"text-align: center;\"><a href=\"https:\/\/carlozaccagnini.it\/it\/casi-di-successo\/\"><strong>VEDI CASI DI SUCCESSO<\/strong><\/a><\/p>\n<p>[\/vc_column_text][\/vc_column_inner][\/vc_row_inner][vc_empty_space height=&#8221;50px&#8221;][\/vc_column][vc_column offset=&#8221;vc_col-lg-offset-0 vc_col-lg-4 vc_col-md-offset-0 vc_col-md-12 vc_col-sm-offset-0 vc_col-xs-12&#8243;][vc_single_image image=&#8221;3983&#8243; img_size=&#8221;full&#8221; alignment=&#8221;center&#8221; style=&#8221;vc_box_border&#8221;][vc_empty_space height=&#8221;10px&#8221;][vc_column_text]<\/p>\n<div class=\"wpb_text_column wpb_content_element \">\n<div class=\"wpb_wrapper\">\n<h4 style=\"text-align: center;\">Dubbi? Problemi?<\/h4>\n<h4 style=\"text-align: center;\">Fissa un appuntamento!<\/h4>\n<\/div>\n<\/div>\n<p>[\/vc_column_text][vc_empty_space height=&#8221;30px&#8221;][vc_btn title=&#8221;CONTATTI&#8221; style=&#8221;classic&#8221; shape=&#8221;square&#8221; color=&#8221;sky&#8221; align=&#8221;center&#8221; link=&#8221;url:https%3A%2F%2Fcarlozaccagnini.it%2Fit%2Fcontatti%2F&#8221;][\/vc_column][\/vc_row]<\/p>\n<\/div>","protected":false},"excerpt":{"rendered":"<p>[vc_row row_content_width=&#8221;grid&#8221; content_text_aligment=&#8221;center&#8221; css=&#8221;.vc_custom_1537970166173{padding-top: 73px !important;padding-bottom: 89px !important;}&#8221;][vc_column offset=&#8221;vc_col-lg-offset-2 vc_col-lg-8 vc_col-md-offset-1 vc_col-md-10 vc_col-sm-offset-0 vc_col-xs-12&#8243;][vc_column_text] Casi di Successo [\/vc_column_text][vc_column_text] * * * [\/vc_column_text][\/vc_column][\/vc_row][vc_row row_content_width=&#8221;grid&#8221; css=&#8221;.vc_custom_1537970022853{padding-bottom: 110px !important;}&#8221;][vc_column css=&#8221;.vc_custom_1539610282726{padding-right: 21px !important;}&#8221; offset=&#8221;vc_col-lg-offset-0 [&hellip;]<\/p>\n","protected":false},"author":2,"featured_media":0,"parent":6210,"menu_order":0,"comment_status":"closed","ping_status":"closed","template":"full-width.php","meta":{"footnotes":""},"class_list":["post-6282","page","type-page","status-publish","hentry"],"yoast_head":"<!-- This site is optimized with the Yoast SEO plugin v27.3 - https:\/\/yoast.com\/product\/yoast-seo-wordpress\/ -->\n<title>Bancarotta fraudolenta distrattiva | Studio Legale Avv. Carlo Zaccagnini - Roma e Milano<\/title>\n<meta name=\"description\" content=\"Assolta Amministratrice di fatto della S.r.l. accusata di aver depauperato il patrimonio sociale e di non aver correttamente tenuto le scritture contabili, dal delitto di bancarotta fraudolenta distrattiva e documentale ex art. 216, comma 1, nn. 1 e 2, 219, commi 1 e 2, n.1, L.Fall. 267\/1942.\" \/>\n<meta name=\"robots\" content=\"index, follow, max-snippet:-1, max-image-preview:large, max-video-preview:-1\" \/>\n<link rel=\"canonical\" href=\"https:\/\/carlozaccagnini.it\/it\/casi-di-successo\/bancarotta-fraudolenta-distrattiva\/\" \/>\n<meta property=\"og:locale\" content=\"it_IT\" \/>\n<meta property=\"og:type\" content=\"article\" \/>\n<meta property=\"og:title\" content=\"Bancarotta fraudolenta distrattiva | Studio Legale Avv. Carlo Zaccagnini - Roma e Milano\" \/>\n<meta property=\"og:description\" content=\"Assolta Amministratrice di fatto della S.r.l. accusata di aver depauperato il patrimonio sociale e di non aver correttamente tenuto le scritture contabili, dal delitto di bancarotta fraudolenta distrattiva e documentale ex art. 216, comma 1, nn. 1 e 2, 219, commi 1 e 2, n.1, L.Fall. 267\/1942.\" \/>\n<meta property=\"og:url\" content=\"https:\/\/carlozaccagnini.it\/it\/casi-di-successo\/bancarotta-fraudolenta-distrattiva\/\" \/>\n<meta property=\"og:site_name\" content=\"Studio Legale Avv. Carlo Zaccagnini\" \/>\n<meta property=\"article:modified_time\" content=\"2023-12-12T12:12:46+00:00\" \/>\n<meta name=\"twitter:card\" content=\"summary_large_image\" \/>\n<meta name=\"twitter:label1\" content=\"Tempo di lettura stimato\" \/>\n\t<meta name=\"twitter:data1\" content=\"2 minuti\" \/>\n<script type=\"application\/ld+json\" class=\"yoast-schema-graph\">{\"@context\":\"https:\\\/\\\/schema.org\",\"@graph\":[{\"@type\":\"WebPage\",\"@id\":\"https:\\\/\\\/carlozaccagnini.it\\\/it\\\/casi-di-successo\\\/bancarotta-fraudolenta-distrattiva\\\/\",\"url\":\"https:\\\/\\\/carlozaccagnini.it\\\/it\\\/casi-di-successo\\\/bancarotta-fraudolenta-distrattiva\\\/\",\"name\":\"Bancarotta fraudolenta distrattiva | Studio Legale Avv. Carlo Zaccagnini - Roma e Milano\",\"isPartOf\":{\"@id\":\"https:\\\/\\\/carlozaccagnini.it\\\/it\\\/#website\"},\"datePublished\":\"2023-11-29T18:11:41+00:00\",\"dateModified\":\"2023-12-12T12:12:46+00:00\",\"description\":\"Assolta Amministratrice di fatto della S.r.l. accusata di aver depauperato il patrimonio sociale e di non aver correttamente tenuto le scritture contabili, dal delitto di bancarotta fraudolenta distrattiva e documentale ex art. 216, comma 1, nn. 1 e 2, 219, commi 1 e 2, n.1, L.Fall. 267\\\/1942.\",\"breadcrumb\":{\"@id\":\"https:\\\/\\\/carlozaccagnini.it\\\/it\\\/casi-di-successo\\\/bancarotta-fraudolenta-distrattiva\\\/#breadcrumb\"},\"inLanguage\":\"it-IT\",\"potentialAction\":[{\"@type\":\"ReadAction\",\"target\":[\"https:\\\/\\\/carlozaccagnini.it\\\/it\\\/casi-di-successo\\\/bancarotta-fraudolenta-distrattiva\\\/\"]}]},{\"@type\":\"BreadcrumbList\",\"@id\":\"https:\\\/\\\/carlozaccagnini.it\\\/it\\\/casi-di-successo\\\/bancarotta-fraudolenta-distrattiva\\\/#breadcrumb\",\"itemListElement\":[{\"@type\":\"ListItem\",\"position\":1,\"name\":\"Home\",\"item\":\"https:\\\/\\\/carlozaccagnini.it\\\/it\\\/\"},{\"@type\":\"ListItem\",\"position\":2,\"name\":\"Casi di Successo\",\"item\":\"https:\\\/\\\/carlozaccagnini.it\\\/it\\\/casi-di-successo\\\/\"},{\"@type\":\"ListItem\",\"position\":3,\"name\":\"4.Bancarotta fraudolenta distrattiva\"}]},{\"@type\":\"WebSite\",\"@id\":\"https:\\\/\\\/carlozaccagnini.it\\\/it\\\/#website\",\"url\":\"https:\\\/\\\/carlozaccagnini.it\\\/it\\\/\",\"name\":\"Studio Legale Avv. Carlo Zaccagnini\",\"description\":\"White Collar Crime Defence\",\"publisher\":{\"@id\":\"https:\\\/\\\/carlozaccagnini.it\\\/it\\\/#organization\"},\"potentialAction\":[{\"@type\":\"SearchAction\",\"target\":{\"@type\":\"EntryPoint\",\"urlTemplate\":\"https:\\\/\\\/carlozaccagnini.it\\\/it\\\/?s={search_term_string}\"},\"query-input\":{\"@type\":\"PropertyValueSpecification\",\"valueRequired\":true,\"valueName\":\"search_term_string\"}}],\"inLanguage\":\"it-IT\"},{\"@type\":\"Organization\",\"@id\":\"https:\\\/\\\/carlozaccagnini.it\\\/it\\\/#organization\",\"name\":\"Studio Legale Carlo Zaccagnini\",\"url\":\"https:\\\/\\\/carlozaccagnini.it\\\/it\\\/\",\"logo\":{\"@type\":\"ImageObject\",\"inLanguage\":\"it-IT\",\"@id\":\"https:\\\/\\\/carlozaccagnini.it\\\/it\\\/#\\\/schema\\\/logo\\\/image\\\/\",\"url\":\"https:\\\/\\\/carlozaccagnini.it\\\/wp-content\\\/uploads\\\/2018\\\/09\\\/cropped-icona.jpg\",\"contentUrl\":\"https:\\\/\\\/carlozaccagnini.it\\\/wp-content\\\/uploads\\\/2018\\\/09\\\/cropped-icona.jpg\",\"width\":512,\"height\":512,\"caption\":\"Studio Legale Carlo Zaccagnini\"},\"image\":{\"@id\":\"https:\\\/\\\/carlozaccagnini.it\\\/it\\\/#\\\/schema\\\/logo\\\/image\\\/\"}}]}<\/script>\n<!-- \/ Yoast SEO plugin. -->","yoast_head_json":{"title":"Bancarotta fraudolenta distrattiva | Studio Legale Avv. Carlo Zaccagnini - Roma e Milano","description":"Assolta Amministratrice di fatto della S.r.l. accusata di aver depauperato il patrimonio sociale e di non aver correttamente tenuto le scritture contabili, dal delitto di bancarotta fraudolenta distrattiva e documentale ex art. 216, comma 1, nn. 1 e 2, 219, commi 1 e 2, n.1, L.Fall. 267\/1942.","robots":{"index":"index","follow":"follow","max-snippet":"max-snippet:-1","max-image-preview":"max-image-preview:large","max-video-preview":"max-video-preview:-1"},"canonical":"https:\/\/carlozaccagnini.it\/it\/casi-di-successo\/bancarotta-fraudolenta-distrattiva\/","og_locale":"it_IT","og_type":"article","og_title":"Bancarotta fraudolenta distrattiva | Studio Legale Avv. Carlo Zaccagnini - Roma e Milano","og_description":"Assolta Amministratrice di fatto della S.r.l. accusata di aver depauperato il patrimonio sociale e di non aver correttamente tenuto le scritture contabili, dal delitto di bancarotta fraudolenta distrattiva e documentale ex art. 216, comma 1, nn. 1 e 2, 219, commi 1 e 2, n.1, L.Fall. 267\/1942.","og_url":"https:\/\/carlozaccagnini.it\/it\/casi-di-successo\/bancarotta-fraudolenta-distrattiva\/","og_site_name":"Studio Legale Avv. Carlo Zaccagnini","article_modified_time":"2023-12-12T12:12:46+00:00","twitter_card":"summary_large_image","twitter_misc":{"Tempo di lettura stimato":"2 minuti"},"schema":{"@context":"https:\/\/schema.org","@graph":[{"@type":"WebPage","@id":"https:\/\/carlozaccagnini.it\/it\/casi-di-successo\/bancarotta-fraudolenta-distrattiva\/","url":"https:\/\/carlozaccagnini.it\/it\/casi-di-successo\/bancarotta-fraudolenta-distrattiva\/","name":"Bancarotta fraudolenta distrattiva | Studio Legale Avv. Carlo Zaccagnini - Roma e Milano","isPartOf":{"@id":"https:\/\/carlozaccagnini.it\/it\/#website"},"datePublished":"2023-11-29T18:11:41+00:00","dateModified":"2023-12-12T12:12:46+00:00","description":"Assolta Amministratrice di fatto della S.r.l. accusata di aver depauperato il patrimonio sociale e di non aver correttamente tenuto le scritture contabili, dal delitto di bancarotta fraudolenta distrattiva e documentale ex art. 216, comma 1, nn. 1 e 2, 219, commi 1 e 2, n.1, L.Fall. 267\/1942.","breadcrumb":{"@id":"https:\/\/carlozaccagnini.it\/it\/casi-di-successo\/bancarotta-fraudolenta-distrattiva\/#breadcrumb"},"inLanguage":"it-IT","potentialAction":[{"@type":"ReadAction","target":["https:\/\/carlozaccagnini.it\/it\/casi-di-successo\/bancarotta-fraudolenta-distrattiva\/"]}]},{"@type":"BreadcrumbList","@id":"https:\/\/carlozaccagnini.it\/it\/casi-di-successo\/bancarotta-fraudolenta-distrattiva\/#breadcrumb","itemListElement":[{"@type":"ListItem","position":1,"name":"Home","item":"https:\/\/carlozaccagnini.it\/it\/"},{"@type":"ListItem","position":2,"name":"Casi di Successo","item":"https:\/\/carlozaccagnini.it\/it\/casi-di-successo\/"},{"@type":"ListItem","position":3,"name":"4.Bancarotta fraudolenta distrattiva"}]},{"@type":"WebSite","@id":"https:\/\/carlozaccagnini.it\/it\/#website","url":"https:\/\/carlozaccagnini.it\/it\/","name":"Studio Legale Avv. Carlo Zaccagnini","description":"White Collar Crime Defence","publisher":{"@id":"https:\/\/carlozaccagnini.it\/it\/#organization"},"potentialAction":[{"@type":"SearchAction","target":{"@type":"EntryPoint","urlTemplate":"https:\/\/carlozaccagnini.it\/it\/?s={search_term_string}"},"query-input":{"@type":"PropertyValueSpecification","valueRequired":true,"valueName":"search_term_string"}}],"inLanguage":"it-IT"},{"@type":"Organization","@id":"https:\/\/carlozaccagnini.it\/it\/#organization","name":"Studio Legale Carlo Zaccagnini","url":"https:\/\/carlozaccagnini.it\/it\/","logo":{"@type":"ImageObject","inLanguage":"it-IT","@id":"https:\/\/carlozaccagnini.it\/it\/#\/schema\/logo\/image\/","url":"https:\/\/carlozaccagnini.it\/wp-content\/uploads\/2018\/09\/cropped-icona.jpg","contentUrl":"https:\/\/carlozaccagnini.it\/wp-content\/uploads\/2018\/09\/cropped-icona.jpg","width":512,"height":512,"caption":"Studio Legale Carlo Zaccagnini"},"image":{"@id":"https:\/\/carlozaccagnini.it\/it\/#\/schema\/logo\/image\/"}}]}},"_links":{"self":[{"href":"https:\/\/carlozaccagnini.it\/it\/wp-json\/wp\/v2\/pages\/6282","targetHints":{"allow":["GET"]}}],"collection":[{"href":"https:\/\/carlozaccagnini.it\/it\/wp-json\/wp\/v2\/pages"}],"about":[{"href":"https:\/\/carlozaccagnini.it\/it\/wp-json\/wp\/v2\/types\/page"}],"author":[{"embeddable":true,"href":"https:\/\/carlozaccagnini.it\/it\/wp-json\/wp\/v2\/users\/2"}],"replies":[{"embeddable":true,"href":"https:\/\/carlozaccagnini.it\/it\/wp-json\/wp\/v2\/comments?post=6282"}],"version-history":[{"count":0,"href":"https:\/\/carlozaccagnini.it\/it\/wp-json\/wp\/v2\/pages\/6282\/revisions"}],"up":[{"embeddable":true,"href":"https:\/\/carlozaccagnini.it\/it\/wp-json\/wp\/v2\/pages\/6210"}],"wp:attachment":[{"href":"https:\/\/carlozaccagnini.it\/it\/wp-json\/wp\/v2\/media?parent=6282"}],"curies":[{"name":"wp","href":"https:\/\/api.w.org\/{rel}","templated":true}]}}