{"id":6275,"date":"2023-11-29T19:08:15","date_gmt":"2023-11-29T18:08:15","guid":{"rendered":"https:\/\/carlozaccagnini.it\/casi-di-successo\/post-linkedin-n-3\/"},"modified":"2023-12-12T13:02:50","modified_gmt":"2023-12-12T12:02:50","slug":"falsita-ideologica","status":"publish","type":"page","link":"https:\/\/carlozaccagnini.it\/it\/falsita-ideologica\/","title":{"rendered":"3.Falsit\u00e0 ideologica"},"content":{"rendered":"<div class=\"wpb-content-wrapper\"><p>[vc_row row_content_width=&#8221;grid&#8221; content_text_aligment=&#8221;center&#8221; css=&#8221;.vc_custom_1537970166173{padding-top: 73px !important;padding-bottom: 89px !important;}&#8221;][vc_column offset=&#8221;vc_col-lg-offset-2 vc_col-lg-8 vc_col-md-offset-1 vc_col-md-10 vc_col-sm-offset-0 vc_col-xs-12&#8243;][vc_column_text]<\/p>\n<h3 style=\"text-align: center;\">Casi di Successo<\/h3>\n<p>[\/vc_column_text][vc_column_text]<\/p>\n<h2 style=\"text-align: center;\"><strong>* * *<\/strong><\/h2>\n<p>[\/vc_column_text][\/vc_column][\/vc_row][vc_row row_content_width=&#8221;grid&#8221; css=&#8221;.vc_custom_1537970022853{padding-bottom: 110px !important;}&#8221;][vc_column css=&#8221;.vc_custom_1539610282726{padding-right: 21px !important;}&#8221; offset=&#8221;vc_col-lg-offset-0 vc_col-lg-8 vc_col-md-offset-0 vc_col-md-12 vc_col-sm-offset-0 vc_col-xs-12&#8243;][vc_row_inner][vc_column_inner][vc_custom_heading text=&#8221;Falsit\u00e0 ideologica&#8221; font_container=&#8221;tag:h4|font_size:36|text_align:left|color:%231f497d&#8221; use_theme_fonts=&#8221;yes&#8221;][vc_column_text]<strong>Assolto in rito abbreviato.<\/strong><\/p>\n<p>L&#8217;architetto [M.T.], progettista ed asseveratore, \u00e8 stato assolto &#8220;perch\u00e9 il fatto non sussiste&#8221; dall&#8217;accusa di aver assentito, autorizzato e concorso a realizzare intervento edilizio (&#8220;recupero sottotetto&#8221;) in contrasto con l&#8217;art. 3, L.R. 13 del 2009, come riformato dall&#8217;art. 23, comma 1, della L. R. n.7 del 2018 e del D.P.R. 380\/2001. Assolto &#8220;per non aver commesso il fatto&#8221; dall&#8217;accusa di concorso nell&#8217;abuso edilizio (art. 44, lett. b, T.U.E.) per aver certificato la conformit\u00e0 delle opere al titolo abilitativo.<\/p>\n<p>Nella opacit\u00e0 dei testi normativi, la mera interpretatio legis da parte dell&#8217;architetto fornita alla committenza circa la realizzabilit\u00e0 dell&#8217;intervento edilizio, ancorch\u00e9 apparentemente fantasiosa e\/o avulsa dal contesto legislativo di settore (come poi in effetti riconosciuto anche dalla Giurisdizione Amministrativa) non integra il delitto di falso ex art. 481 c.p. (Falsit\u00e0 ideologica in certificati da parte esercenti servizio di pubblica necessit\u00e0) n\u00e9 tantomeno il concorso nell&#8217;abuso edilizio.<\/p>\n<p>V Sezione, Tribunale penale di Roma, sentenza n. 451\/2023 R.G., del 13 gennaio 2023.[\/vc_column_text][vc_empty_space height=&#8221;30px&#8221;][vc_column_text]<\/p>\n<p style=\"text-align: center;\"><a href=\"https:\/\/carlozaccagnini.it\/it\/casi-di-successo\/\"><strong>VEDI CASI DI SUCCESSO<\/strong><\/a><\/p>\n<p>[\/vc_column_text][\/vc_column_inner][\/vc_row_inner][vc_empty_space height=&#8221;50px&#8221;][\/vc_column][vc_column offset=&#8221;vc_col-lg-offset-0 vc_col-lg-4 vc_col-md-offset-0 vc_col-md-12 vc_col-sm-offset-0 vc_col-xs-12&#8243;][vc_single_image image=&#8221;3983&#8243; img_size=&#8221;full&#8221; alignment=&#8221;center&#8221; style=&#8221;vc_box_border&#8221;][vc_empty_space height=&#8221;10px&#8221;][vc_column_text]<\/p>\n<div class=\"wpb_text_column wpb_content_element \">\n<div class=\"wpb_wrapper\">\n<h4>Dubbi? Problemi?<\/h4>\n<h4>Fissa un appuntamento!<\/h4>\n<\/div>\n<\/div>\n<p>[\/vc_column_text][vc_empty_space height=&#8221;30px&#8221;][vc_btn title=&#8221;CONTATTI&#8221; style=&#8221;classic&#8221; shape=&#8221;square&#8221; color=&#8221;sky&#8221; align=&#8221;center&#8221; link=&#8221;url:https%3A%2F%2Fcarlozaccagnini.it%2Fit%2Fcontatti%2F&#8221;][\/vc_column][\/vc_row]<\/p>\n<\/div>","protected":false},"excerpt":{"rendered":"<p>[vc_row row_content_width=&#8221;grid&#8221; content_text_aligment=&#8221;center&#8221; css=&#8221;.vc_custom_1537970166173{padding-top: 73px !important;padding-bottom: 89px !important;}&#8221;][vc_column offset=&#8221;vc_col-lg-offset-2 vc_col-lg-8 vc_col-md-offset-1 vc_col-md-10 vc_col-sm-offset-0 vc_col-xs-12&#8243;][vc_column_text] Casi di Successo [\/vc_column_text][vc_column_text] * * * [\/vc_column_text][\/vc_column][\/vc_row][vc_row row_content_width=&#8221;grid&#8221; css=&#8221;.vc_custom_1537970022853{padding-bottom: 110px !important;}&#8221;][vc_column css=&#8221;.vc_custom_1539610282726{padding-right: 21px !important;}&#8221; offset=&#8221;vc_col-lg-offset-0 [&hellip;]<\/p>\n","protected":false},"author":2,"featured_media":0,"parent":6210,"menu_order":0,"comment_status":"closed","ping_status":"closed","template":"full-width.php","meta":{"footnotes":""},"class_list":["post-6275","page","type-page","status-publish","hentry"],"yoast_head":"<!-- This site is optimized with the Yoast SEO plugin v27.3 - https:\/\/yoast.com\/product\/yoast-seo-wordpress\/ -->\n<title>3.Falsit\u00e0 ideologica | Studio Legale Avv. Carlo Zaccagnini - Roma e Milano<\/title>\n<meta name=\"description\" content=\"Architetto progettista e asseveratore accusato di aver falsamente certificato la conformit\u00e0 delle opere al titolo abilitativo (SCIA). Assolto dal delitto di falso in certificazione amministrativa ex art. 481 c.p. e abuso edilizio ex art. 44, D.P.R. 380\/2001.\" \/>\n<meta name=\"robots\" content=\"index, follow, max-snippet:-1, max-image-preview:large, max-video-preview:-1\" \/>\n<link rel=\"canonical\" href=\"https:\/\/carlozaccagnini.it\/it\/falsita-ideologica\/\" \/>\n<meta property=\"og:locale\" content=\"it_IT\" \/>\n<meta property=\"og:type\" content=\"article\" \/>\n<meta property=\"og:title\" content=\"3.Falsit\u00e0 ideologica | Studio Legale Avv. Carlo Zaccagnini - Roma e Milano\" \/>\n<meta property=\"og:description\" content=\"Architetto progettista e asseveratore accusato di aver falsamente certificato la conformit\u00e0 delle opere al titolo abilitativo (SCIA). Assolto dal delitto di falso in certificazione amministrativa ex art. 481 c.p. e abuso edilizio ex art. 44, D.P.R. 380\/2001.\" \/>\n<meta property=\"og:url\" content=\"https:\/\/carlozaccagnini.it\/it\/falsita-ideologica\/\" \/>\n<meta property=\"og:site_name\" content=\"Studio Legale Avv. Carlo Zaccagnini\" \/>\n<meta property=\"article:modified_time\" content=\"2023-12-12T12:02:50+00:00\" \/>\n<meta name=\"twitter:card\" content=\"summary_large_image\" \/>\n<meta name=\"twitter:label1\" content=\"Tempo di lettura stimato\" \/>\n\t<meta name=\"twitter:data1\" content=\"2 minuti\" \/>\n<script type=\"application\/ld+json\" class=\"yoast-schema-graph\">{\"@context\":\"https:\\\/\\\/schema.org\",\"@graph\":[{\"@type\":\"WebPage\",\"@id\":\"https:\\\/\\\/carlozaccagnini.it\\\/it\\\/falsita-ideologica\\\/\",\"url\":\"https:\\\/\\\/carlozaccagnini.it\\\/it\\\/falsita-ideologica\\\/\",\"name\":\"3.Falsit\u00e0 ideologica | Studio Legale Avv. Carlo Zaccagnini - Roma e Milano\",\"isPartOf\":{\"@id\":\"https:\\\/\\\/carlozaccagnini.it\\\/it\\\/#website\"},\"datePublished\":\"2023-11-29T18:08:15+00:00\",\"dateModified\":\"2023-12-12T12:02:50+00:00\",\"description\":\"Architetto progettista e asseveratore accusato di aver falsamente certificato la conformit\u00e0 delle opere al titolo abilitativo (SCIA). Assolto dal delitto di falso in certificazione amministrativa ex art. 481 c.p. e abuso edilizio ex art. 44, D.P.R. 380\\\/2001.\",\"breadcrumb\":{\"@id\":\"https:\\\/\\\/carlozaccagnini.it\\\/it\\\/falsita-ideologica\\\/#breadcrumb\"},\"inLanguage\":\"it-IT\",\"potentialAction\":[{\"@type\":\"ReadAction\",\"target\":[\"https:\\\/\\\/carlozaccagnini.it\\\/it\\\/falsita-ideologica\\\/\"]}]},{\"@type\":\"BreadcrumbList\",\"@id\":\"https:\\\/\\\/carlozaccagnini.it\\\/it\\\/falsita-ideologica\\\/#breadcrumb\",\"itemListElement\":[{\"@type\":\"ListItem\",\"position\":1,\"name\":\"Home\",\"item\":\"https:\\\/\\\/carlozaccagnini.it\\\/it\\\/\"},{\"@type\":\"ListItem\",\"position\":2,\"name\":\"Casi di Successo\",\"item\":\"https:\\\/\\\/carlozaccagnini.it\\\/it\\\/casi-di-successo\\\/\"},{\"@type\":\"ListItem\",\"position\":3,\"name\":\"3.Falsit\u00e0 ideologica\"}]},{\"@type\":\"WebSite\",\"@id\":\"https:\\\/\\\/carlozaccagnini.it\\\/it\\\/#website\",\"url\":\"https:\\\/\\\/carlozaccagnini.it\\\/it\\\/\",\"name\":\"Studio Legale Avv. Carlo Zaccagnini\",\"description\":\"White Collar Crime Defence\",\"publisher\":{\"@id\":\"https:\\\/\\\/carlozaccagnini.it\\\/it\\\/#organization\"},\"potentialAction\":[{\"@type\":\"SearchAction\",\"target\":{\"@type\":\"EntryPoint\",\"urlTemplate\":\"https:\\\/\\\/carlozaccagnini.it\\\/it\\\/?s={search_term_string}\"},\"query-input\":{\"@type\":\"PropertyValueSpecification\",\"valueRequired\":true,\"valueName\":\"search_term_string\"}}],\"inLanguage\":\"it-IT\"},{\"@type\":\"Organization\",\"@id\":\"https:\\\/\\\/carlozaccagnini.it\\\/it\\\/#organization\",\"name\":\"Studio Legale Carlo Zaccagnini\",\"url\":\"https:\\\/\\\/carlozaccagnini.it\\\/it\\\/\",\"logo\":{\"@type\":\"ImageObject\",\"inLanguage\":\"it-IT\",\"@id\":\"https:\\\/\\\/carlozaccagnini.it\\\/it\\\/#\\\/schema\\\/logo\\\/image\\\/\",\"url\":\"https:\\\/\\\/carlozaccagnini.it\\\/wp-content\\\/uploads\\\/2018\\\/09\\\/cropped-icona.jpg\",\"contentUrl\":\"https:\\\/\\\/carlozaccagnini.it\\\/wp-content\\\/uploads\\\/2018\\\/09\\\/cropped-icona.jpg\",\"width\":512,\"height\":512,\"caption\":\"Studio Legale Carlo Zaccagnini\"},\"image\":{\"@id\":\"https:\\\/\\\/carlozaccagnini.it\\\/it\\\/#\\\/schema\\\/logo\\\/image\\\/\"}}]}<\/script>\n<!-- \/ Yoast SEO plugin. -->","yoast_head_json":{"title":"3.Falsit\u00e0 ideologica | Studio Legale Avv. Carlo Zaccagnini - Roma e Milano","description":"Architetto progettista e asseveratore accusato di aver falsamente certificato la conformit\u00e0 delle opere al titolo abilitativo (SCIA). Assolto dal delitto di falso in certificazione amministrativa ex art. 481 c.p. e abuso edilizio ex art. 44, D.P.R. 380\/2001.","robots":{"index":"index","follow":"follow","max-snippet":"max-snippet:-1","max-image-preview":"max-image-preview:large","max-video-preview":"max-video-preview:-1"},"canonical":"https:\/\/carlozaccagnini.it\/it\/falsita-ideologica\/","og_locale":"it_IT","og_type":"article","og_title":"3.Falsit\u00e0 ideologica | Studio Legale Avv. Carlo Zaccagnini - Roma e Milano","og_description":"Architetto progettista e asseveratore accusato di aver falsamente certificato la conformit\u00e0 delle opere al titolo abilitativo (SCIA). Assolto dal delitto di falso in certificazione amministrativa ex art. 481 c.p. e abuso edilizio ex art. 44, D.P.R. 380\/2001.","og_url":"https:\/\/carlozaccagnini.it\/it\/falsita-ideologica\/","og_site_name":"Studio Legale Avv. Carlo Zaccagnini","article_modified_time":"2023-12-12T12:02:50+00:00","twitter_card":"summary_large_image","twitter_misc":{"Tempo di lettura stimato":"2 minuti"},"schema":{"@context":"https:\/\/schema.org","@graph":[{"@type":"WebPage","@id":"https:\/\/carlozaccagnini.it\/it\/falsita-ideologica\/","url":"https:\/\/carlozaccagnini.it\/it\/falsita-ideologica\/","name":"3.Falsit\u00e0 ideologica | Studio Legale Avv. Carlo Zaccagnini - Roma e Milano","isPartOf":{"@id":"https:\/\/carlozaccagnini.it\/it\/#website"},"datePublished":"2023-11-29T18:08:15+00:00","dateModified":"2023-12-12T12:02:50+00:00","description":"Architetto progettista e asseveratore accusato di aver falsamente certificato la conformit\u00e0 delle opere al titolo abilitativo (SCIA). Assolto dal delitto di falso in certificazione amministrativa ex art. 481 c.p. e abuso edilizio ex art. 44, D.P.R. 380\/2001.","breadcrumb":{"@id":"https:\/\/carlozaccagnini.it\/it\/falsita-ideologica\/#breadcrumb"},"inLanguage":"it-IT","potentialAction":[{"@type":"ReadAction","target":["https:\/\/carlozaccagnini.it\/it\/falsita-ideologica\/"]}]},{"@type":"BreadcrumbList","@id":"https:\/\/carlozaccagnini.it\/it\/falsita-ideologica\/#breadcrumb","itemListElement":[{"@type":"ListItem","position":1,"name":"Home","item":"https:\/\/carlozaccagnini.it\/it\/"},{"@type":"ListItem","position":2,"name":"Casi di Successo","item":"https:\/\/carlozaccagnini.it\/it\/casi-di-successo\/"},{"@type":"ListItem","position":3,"name":"3.Falsit\u00e0 ideologica"}]},{"@type":"WebSite","@id":"https:\/\/carlozaccagnini.it\/it\/#website","url":"https:\/\/carlozaccagnini.it\/it\/","name":"Studio Legale Avv. Carlo Zaccagnini","description":"White Collar Crime Defence","publisher":{"@id":"https:\/\/carlozaccagnini.it\/it\/#organization"},"potentialAction":[{"@type":"SearchAction","target":{"@type":"EntryPoint","urlTemplate":"https:\/\/carlozaccagnini.it\/it\/?s={search_term_string}"},"query-input":{"@type":"PropertyValueSpecification","valueRequired":true,"valueName":"search_term_string"}}],"inLanguage":"it-IT"},{"@type":"Organization","@id":"https:\/\/carlozaccagnini.it\/it\/#organization","name":"Studio Legale Carlo Zaccagnini","url":"https:\/\/carlozaccagnini.it\/it\/","logo":{"@type":"ImageObject","inLanguage":"it-IT","@id":"https:\/\/carlozaccagnini.it\/it\/#\/schema\/logo\/image\/","url":"https:\/\/carlozaccagnini.it\/wp-content\/uploads\/2018\/09\/cropped-icona.jpg","contentUrl":"https:\/\/carlozaccagnini.it\/wp-content\/uploads\/2018\/09\/cropped-icona.jpg","width":512,"height":512,"caption":"Studio Legale Carlo Zaccagnini"},"image":{"@id":"https:\/\/carlozaccagnini.it\/it\/#\/schema\/logo\/image\/"}}]}},"_links":{"self":[{"href":"https:\/\/carlozaccagnini.it\/it\/wp-json\/wp\/v2\/pages\/6275","targetHints":{"allow":["GET"]}}],"collection":[{"href":"https:\/\/carlozaccagnini.it\/it\/wp-json\/wp\/v2\/pages"}],"about":[{"href":"https:\/\/carlozaccagnini.it\/it\/wp-json\/wp\/v2\/types\/page"}],"author":[{"embeddable":true,"href":"https:\/\/carlozaccagnini.it\/it\/wp-json\/wp\/v2\/users\/2"}],"replies":[{"embeddable":true,"href":"https:\/\/carlozaccagnini.it\/it\/wp-json\/wp\/v2\/comments?post=6275"}],"version-history":[{"count":0,"href":"https:\/\/carlozaccagnini.it\/it\/wp-json\/wp\/v2\/pages\/6275\/revisions"}],"up":[{"embeddable":true,"href":"https:\/\/carlozaccagnini.it\/it\/wp-json\/wp\/v2\/pages\/6210"}],"wp:attachment":[{"href":"https:\/\/carlozaccagnini.it\/it\/wp-json\/wp\/v2\/media?parent=6275"}],"curies":[{"name":"wp","href":"https:\/\/api.w.org\/{rel}","templated":true}]}}