{"id":6184,"date":"2022-10-03T17:11:29","date_gmt":"2022-10-03T15:11:29","guid":{"rendered":"https:\/\/carlozaccagnini.it\/?page_id=6184"},"modified":"2025-08-01T13:00:55","modified_gmt":"2025-08-01T11:00:55","slug":"citazione-a-giudizio-nullo-dopo-interrogatorio","status":"publish","type":"page","link":"https:\/\/carlozaccagnini.it\/it\/papers\/citazione-a-giudizio-nullo-dopo-interrogatorio\/","title":{"rendered":"Citazione a giudizio nullo dopo interrogatorio"},"content":{"rendered":"<div class=\"wpb-content-wrapper\"><p>[vc_row][vc_column][vc_row_inner][vc_column_inner width=&#8221;1\/2&#8243;][\/vc_column_inner][vc_column_inner width=&#8221;1\/2&#8243;][vc_btn title=&#8221;TORNA A PAPERS&#8221; align=&#8221;right&#8221; link=&#8221;url:https%3A%2F%2Fcarlozaccagnini.it%2Fit%2Fpapers%2F&#8221;][\/vc_column_inner][\/vc_row_inner][vc_empty_space height=&#8221;10px&#8221;][vc_column_text]<\/p>\n<h3><span style=\"color: #1f497d;\">\u00c8 nullo il decreto di citazione a giudizio emesso dopo l\u2019invito a rendere interrogatorio ma prima dell\u2019espletamento dell\u2019interrogatorio?<\/span><\/h3>\n<p>[\/vc_column_text][vc_empty_space height=&#8221;50px&#8221;][\/vc_column][\/vc_row][vc_row][vc_column][vc_column_text]<span style=\"color: #333333;\"><strong>CASO CONCRETO<\/strong><\/span><\/p>\n<p><span style=\"color: #333333;\">\u00c8 notificato al Sig. <strong>A<\/strong> un Avviso di conclusione delle Indagini Preliminari <em>ex<\/em> art. 415 <em>bis<\/em> c.p.p..<\/span><\/p>\n<p><span style=\"color: #333333;\">Il Sig. <strong>A<\/strong> \u00a0il <u>1 settembre 2017<\/u> domanda al Procuratore della Repubblica di essere sottoposto ad interrogatorio <em>ex<\/em> art. 415 <em>bis<\/em>, III comma, c.p.p..<\/span><\/p>\n<p><span style=\"color: #333333;\">La Procura della Repubblica, il giorno seguente, inoltra al Sig. <strong>A<\/strong> un invito a presentarsi per l\u2019interrogatorio che si terr\u00e0 il giorno <u>20 settembre 2017<\/u>.<\/span><\/p>\n<p><span style=\"color: #333333;\">Il <u>15 settembre<\/u> Veniva sottoscritto e depositato dal Procuratore, il Decreto di Citazione Diretta a Giudizio, <em>ex <\/em>art. 550, c.p.p. nei confronti dell\u2019imputato.<\/span><\/p>\n<p><span style=\"color: #333333;\">Il <u>20 settembre 2017 <\/u>: si svolgeva l\u2019interrogatorio.<\/span><\/p>\n<p><span style=\"color: #333333;\">Il Sig. <strong>A<\/strong> Citato a giudizio eccepisce la nullit\u00e0 del decreto di citazione a giudizio.<\/span><\/p>\n<p>&nbsp;<\/p>\n<p><span style=\"color: #333333;\"><strong>Quid Iuris<\/strong><\/span><\/p>\n<p>&nbsp;<\/p>\n<p><span style=\"color: #333333;\"><u>Il Giudice dichiara la nullit\u00e0 del decreto di citazione a giudizio<\/u>.<\/span><\/p>\n<p><span style=\"color: #333333;\">L\u2019attestazione del deposito ad opera del Pubblico Ministero del Decreto di Citazione Diretta a Giudizio in data anteriore a quella dell\u2019espletamento dell\u2019interrogatorio rivela che la determinazione circa l\u2019esercizio dell\u2019azione penale \u00e8 stata adottata dall\u2019Inquirente a prescindere ed in difetto dell\u2019interrogatorio legittimamente chiesto ed espletato; ci\u00f2 ha privato il Sig. <strong>A<\/strong> del proprio diritto di difesa essendo lui pregiudicata la possibilit\u00e0 di incidere sul procedimento discrezionale che, a mente dell\u2019art. 415-<em>bis<\/em> c.p.p., dovrebbe concorrere a determinare l\u2019accusa ad esercitare o meno l\u2019azione penale.<\/span><\/p>\n<p>&nbsp;<\/p>\n<p><span style=\"color: #333333;\">Gli artt. 416, comma I e 552, comma II, c.p.p. dispongono parallelamente la nullit\u00e0 della Richiesta di Rinvio a Giudizio e del Decreto di Citazione Diretta a Giudizio in caso di violazione da parte del Pubblico Ministero dell\u2019obbligo di notifica dell\u2019 \u201c<em>invito a presentarsi per rendere l&#8217;interrogatorio ai sensi dell&#8217;articolo 375, comma III, qualora la persona sottoposta alle indagini lo abbia richiesto entro il termine di cui al comma III del medesimo articolo 415-<\/em>bis\u201d. \u201c<em>Mediante l\u2019invio previsto dall\u2019art. 375 c.p.p. il legislatore <strong>ha inteso anticipare la possibilit\u00e0 di confronto tra accusa e difesa alla fase delle indagini preliminari e porre l\u2019indagato nella condizione di influire attraverso la proposizione delle proprie discolpe al P.M. sulla richiesta di Rinvio a Giudizio<\/strong><\/em><strong>\u201d <\/strong>(Cass. Sez. VI, 7 novembre 2000, n. 164, in <em>Cass. Pen<\/em>., 2002, 2171).<\/span><\/p>\n<p>&nbsp;<\/p>\n<p><span style=\"color: #333333;\">Il ridetto tracciato argomentativo porta a concludere che l\u2019<em>\u201c<strong>obbligo del confronto preventivo, tra accusa e difesa non pu\u00f2 ritenersi soddisfatto\u00a0 dall\u2019emissione di un invito a comparire destinato a rimanere privo di pratica efficace perch\u00e9 seguito, immediatamente, e comunque non prima della data fissata per l\u2019interrogatorio, dalla Richiesta di Rinvio a Giudizio<\/strong><\/em>\u201d (Cass. Sez. VI, 7 novembre 2000, n. 164, in <em>Cass. Pen<\/em>., 2002, 2171). Nel caso di specie dunque vi \u00e8 stata la \u201cviolazione dell\u2019obbligo di confronto preventivo\u201d, il che ha determinato inevitabilmente la nullit\u00e0 del Decreto di Citazione a Giudizio ai sensi dell\u2019art. 552, II comma, c.p.p.. La prospettiva offerta risulta ulteriormente avvalorata dalle seguenti asserzioni: \u201c<strong><em>\u00c8 causa di nullit\u00e0 dell\u2019atto d\u2019impulso processuale il suo deposito in cancelleria prima della data fissata per l\u2019interrogatorio richiesto dalla persona sottoposta alle indagini<\/em><\/strong>\u201d (<strong>G. Conso \u2013 G. Illuminati<\/strong>, <em>Commentario breve al codice di procedura penale<\/em>, 2015, <em>Sub. Art. 416<\/em>)<a style=\"color: #333333;\" href=\"#_ftn1\" name=\"_ftnref1\">[1]<\/a>. \u201cNon \u00e8 impugnabile, perch\u00e9 <strong>perfettamente legittima, l&#8217;ordinanza con cui il tribunale dichiara la nullit\u00e0 della richiesta di rinvio a giudizio perch\u00e9 effettuata prima dell\u2019espletamento dell&#8217;interrogatorio richiesto ai sensi dell&#8217;art. 415 <em>bis<\/em> c.p.p<\/strong>.\u201d (<strong>Cass. Sez. II, 11 dicembre 2008, n. 10536<\/strong>, liberamente consultabile in <em>www.iusexplorer.it<\/em>).<\/span><\/p>\n<p>&nbsp;<\/p>\n<p><span style=\"color: #333333;\"><a style=\"color: #333333;\" href=\"#_ftnref1\" name=\"_ftn1\">[1]<\/a>\u00a0 P. Corso, Commento al Codice di Procedura penale, 2007, Sub. Art. 416, cit.: \u201c\u00c8 causa di nullit\u00e0 il deposito della Richiesta di Rinvio a Giudizio prima della data dell\u2019interrogatorio richiesto dall\u2019indagato\u201d. Nella medesima prospettiva, A.Cons \u2013 L. Levita, Codice di procedura penale, 2016, 716.<\/span>[\/vc_column_text][vc_empty_space][vc_column_text]<\/p>\n<h5>Roma, 15 Luglio 2023 \u00a0\u00a0\u00a0\u00a0\u00a0\u00a0\u00a0\u00a0\u00a0\u00a0\u00a0\u00a0\u00a0\u00a0\u00a0\u00a0\u00a0\u00a0\u00a0\u00a0\u00a0\u00a0\u00a0\u00a0\u00a0\u00a0\u00a0\u00a0\u00a0\u00a0\u00a0\u00a0\u00a0\u00a0\u00a0\u00a0\u00a0\u00a0\u00a0\u00a0\u00a0\u00a0\u00a0\u00a0\u00a0\u00a0\u00a0 \u00a0 \u00a0 \u00a0 \u00a0 \u00a0 \u00a0 \u00a0 \u00a0 \u00a0 \u00a0 \u00a0 \u00a0 \u00a0 \u00a0 \u00a0 \u00a0 \u00a0 \u00a0\u00a0 <a href=\"https:\/\/carlozaccagnini.it\/it\/professionisti\/carlo-zaccagnini\/\">Avvocato Carlo Zaccagnini<\/a><\/h5>\n<p>[\/vc_column_text][vc_empty_space height=&#8221;70px&#8221;][\/vc_column][\/vc_row][vc_row css=&#8221;.vc_custom_1688383983319{background-color: #1f497d !important;}&#8221;][vc_column]<div class=\"mkdf-call-to-action-holder  mkdf-normal-layout  mkdf-three-quarters-columns\">\n\n\t<div class=\"mkdf-cta-inner \">\n\t\t<div class=\"mkdf-cta-icon-holder\">\n\t\t\t<span aria-hidden=\"true\" class=\"mkdf-icon-font-elegant  \" style=\"color: #ffffff;font-size: 30px\"><\/span>\t\t<\/div>\n\t\t<div class=\"mkdf-cta-text-holder\">\n\t\t\t<div class=\"mkdf-cta-text\">\n<h2 style=\"text-align: left;\"><span style=\"color: #165253;\"><span style=\"color: #ffffff;\">Dubbi o necessit\u00e0?<\/span><br \/>\n<\/span><\/h2>\n<\/div>\n\t\t<\/div>\n\t\t<div class=\"mkdf-cta-button-holder\" >\n\t\t\t<div class=\"mkdf-cta-button\"><a itemprop=\"url\" href=\"https:\/\/carlozaccagnini.it\/it\/contatti\/\" target=\"_self\" style=\"color: #ffffff;background-color: #1a2843;border-color: #1a2843\" class=\"mkdf-btn mkdf-btn-medium mkdf-btn-solid mkdf-btn-custom-hover-bg mkdf-btn-custom-border-hover mkdf-btn-custom-hover-color\" data-hover-color=\"#1a2843\" data-hover-bg-color=\"#f2f2ef\" data-hover-border-color=\"#1a2843\" >    <span class=\"mkdf-btn-text\">CONTATTACI<\/span>    <\/a><\/div>\n\t\t<\/div>\n\t<\/div>\n<\/div>[vc_empty_space height=&#8221;40px&#8221;][\/vc_column][\/vc_row][vc_row][vc_column][vc_empty_space height=&#8221;20px&#8221;][vc_column_text]<\/p>\n<p style=\"text-align: right;\"><strong><a href=\"https:\/\/carlozaccagnini.it\/it\/disclaimer\/\" target=\"_blank\" rel=\"noopener\">DISCLAIMER<\/a><\/strong><\/p>\n<p>[\/vc_column_text][\/vc_column][\/vc_row]<\/p>\n<\/div>","protected":false},"excerpt":{"rendered":"<p>[vc_row][vc_column][vc_row_inner][vc_column_inner width=&#8221;1\/2&#8243;][\/vc_column_inner][vc_column_inner width=&#8221;1\/2&#8243;][vc_btn title=&#8221;TORNA A PAPERS&#8221; align=&#8221;right&#8221; link=&#8221;url:https%3A%2F%2Fcarlozaccagnini.it%2Fit%2Fpapers%2F&#8221;][\/vc_column_inner][\/vc_row_inner][vc_empty_space height=&#8221;10px&#8221;][vc_column_text] \u00c8 nullo il decreto di citazione a giudizio emesso dopo l\u2019invito a rendere interrogatorio ma prima dell\u2019espletamento dell\u2019interrogatorio? [\/vc_column_text][vc_empty_space height=&#8221;50px&#8221;][\/vc_column][\/vc_row][vc_row][vc_column][vc_column_text]CASO CONCRETO [&hellip;]<\/p>\n","protected":false},"author":2,"featured_media":0,"parent":4116,"menu_order":0,"comment_status":"closed","ping_status":"closed","template":"","meta":{"footnotes":""},"class_list":["post-6184","page","type-page","status-publish","hentry"],"yoast_head":"<!-- This site is optimized with the Yoast SEO plugin v27.3 - https:\/\/yoast.com\/product\/yoast-seo-wordpress\/ -->\n<title>Citazione a giudizio nullo dopo interrogatorio | Studio Legale Avv. Carlo Zaccagnini<\/title>\n<meta name=\"description\" content=\"\u00c8 nullo il decreto di citazione a giudizio emesso dopo l\u2019invito a rendere interrogatorio ma prima dell\u2019espletamento dell\u2019interrogatorio?\" \/>\n<meta name=\"robots\" content=\"index, follow, max-snippet:-1, max-image-preview:large, max-video-preview:-1\" \/>\n<link rel=\"canonical\" href=\"https:\/\/carlozaccagnini.it\/it\/papers\/citazione-a-giudizio-nullo-dopo-interrogatorio\/\" \/>\n<meta property=\"og:locale\" content=\"it_IT\" \/>\n<meta property=\"og:type\" content=\"article\" \/>\n<meta property=\"og:title\" content=\"Citazione a giudizio nullo dopo interrogatorio | Studio Legale Avv. Carlo Zaccagnini\" \/>\n<meta property=\"og:description\" content=\"\u00c8 nullo il decreto di citazione a giudizio emesso dopo l\u2019invito a rendere interrogatorio ma prima dell\u2019espletamento dell\u2019interrogatorio?\" \/>\n<meta property=\"og:url\" content=\"https:\/\/carlozaccagnini.it\/it\/papers\/citazione-a-giudizio-nullo-dopo-interrogatorio\/\" \/>\n<meta property=\"og:site_name\" content=\"Studio Legale Avv. Carlo Zaccagnini\" \/>\n<meta property=\"article:modified_time\" content=\"2025-08-01T11:00:55+00:00\" \/>\n<meta name=\"twitter:card\" content=\"summary_large_image\" \/>\n<meta name=\"twitter:label1\" content=\"Tempo di lettura stimato\" \/>\n\t<meta name=\"twitter:data1\" content=\"4 minuti\" \/>\n<script type=\"application\/ld+json\" class=\"yoast-schema-graph\">{\"@context\":\"https:\\\/\\\/schema.org\",\"@graph\":[{\"@type\":\"WebPage\",\"@id\":\"https:\\\/\\\/carlozaccagnini.it\\\/it\\\/papers\\\/citazione-a-giudizio-nullo-dopo-interrogatorio\\\/\",\"url\":\"https:\\\/\\\/carlozaccagnini.it\\\/it\\\/papers\\\/citazione-a-giudizio-nullo-dopo-interrogatorio\\\/\",\"name\":\"Citazione a giudizio nullo dopo interrogatorio | Studio Legale Avv. Carlo Zaccagnini\",\"isPartOf\":{\"@id\":\"https:\\\/\\\/carlozaccagnini.it\\\/it\\\/#website\"},\"datePublished\":\"2022-10-03T15:11:29+00:00\",\"dateModified\":\"2025-08-01T11:00:55+00:00\",\"description\":\"\u00c8 nullo il decreto di citazione a giudizio emesso dopo l\u2019invito a rendere interrogatorio ma prima dell\u2019espletamento dell\u2019interrogatorio?\",\"breadcrumb\":{\"@id\":\"https:\\\/\\\/carlozaccagnini.it\\\/it\\\/papers\\\/citazione-a-giudizio-nullo-dopo-interrogatorio\\\/#breadcrumb\"},\"inLanguage\":\"it-IT\",\"potentialAction\":[{\"@type\":\"ReadAction\",\"target\":[\"https:\\\/\\\/carlozaccagnini.it\\\/it\\\/papers\\\/citazione-a-giudizio-nullo-dopo-interrogatorio\\\/\"]}]},{\"@type\":\"BreadcrumbList\",\"@id\":\"https:\\\/\\\/carlozaccagnini.it\\\/it\\\/papers\\\/citazione-a-giudizio-nullo-dopo-interrogatorio\\\/#breadcrumb\",\"itemListElement\":[{\"@type\":\"ListItem\",\"position\":1,\"name\":\"Home\",\"item\":\"https:\\\/\\\/carlozaccagnini.it\\\/it\\\/\"},{\"@type\":\"ListItem\",\"position\":2,\"name\":\"White Papers\",\"item\":\"https:\\\/\\\/carlozaccagnini.it\\\/it\\\/papers\\\/\"},{\"@type\":\"ListItem\",\"position\":3,\"name\":\"Citazione a giudizio nullo dopo interrogatorio\"}]},{\"@type\":\"WebSite\",\"@id\":\"https:\\\/\\\/carlozaccagnini.it\\\/it\\\/#website\",\"url\":\"https:\\\/\\\/carlozaccagnini.it\\\/it\\\/\",\"name\":\"Studio Legale Avv. Carlo Zaccagnini\",\"description\":\"White Collar Crime Defence\",\"publisher\":{\"@id\":\"https:\\\/\\\/carlozaccagnini.it\\\/it\\\/#organization\"},\"potentialAction\":[{\"@type\":\"SearchAction\",\"target\":{\"@type\":\"EntryPoint\",\"urlTemplate\":\"https:\\\/\\\/carlozaccagnini.it\\\/it\\\/?s={search_term_string}\"},\"query-input\":{\"@type\":\"PropertyValueSpecification\",\"valueRequired\":true,\"valueName\":\"search_term_string\"}}],\"inLanguage\":\"it-IT\"},{\"@type\":\"Organization\",\"@id\":\"https:\\\/\\\/carlozaccagnini.it\\\/it\\\/#organization\",\"name\":\"Studio Legale Carlo Zaccagnini\",\"url\":\"https:\\\/\\\/carlozaccagnini.it\\\/it\\\/\",\"logo\":{\"@type\":\"ImageObject\",\"inLanguage\":\"it-IT\",\"@id\":\"https:\\\/\\\/carlozaccagnini.it\\\/it\\\/#\\\/schema\\\/logo\\\/image\\\/\",\"url\":\"https:\\\/\\\/carlozaccagnini.it\\\/wp-content\\\/uploads\\\/2018\\\/09\\\/cropped-icona.jpg\",\"contentUrl\":\"https:\\\/\\\/carlozaccagnini.it\\\/wp-content\\\/uploads\\\/2018\\\/09\\\/cropped-icona.jpg\",\"width\":512,\"height\":512,\"caption\":\"Studio Legale Carlo Zaccagnini\"},\"image\":{\"@id\":\"https:\\\/\\\/carlozaccagnini.it\\\/it\\\/#\\\/schema\\\/logo\\\/image\\\/\"}}]}<\/script>\n<!-- \/ Yoast SEO plugin. -->","yoast_head_json":{"title":"Citazione a giudizio nullo dopo interrogatorio | Studio Legale Avv. Carlo Zaccagnini","description":"\u00c8 nullo il decreto di citazione a giudizio emesso dopo l\u2019invito a rendere interrogatorio ma prima dell\u2019espletamento dell\u2019interrogatorio?","robots":{"index":"index","follow":"follow","max-snippet":"max-snippet:-1","max-image-preview":"max-image-preview:large","max-video-preview":"max-video-preview:-1"},"canonical":"https:\/\/carlozaccagnini.it\/it\/papers\/citazione-a-giudizio-nullo-dopo-interrogatorio\/","og_locale":"it_IT","og_type":"article","og_title":"Citazione a giudizio nullo dopo interrogatorio | Studio Legale Avv. Carlo Zaccagnini","og_description":"\u00c8 nullo il decreto di citazione a giudizio emesso dopo l\u2019invito a rendere interrogatorio ma prima dell\u2019espletamento dell\u2019interrogatorio?","og_url":"https:\/\/carlozaccagnini.it\/it\/papers\/citazione-a-giudizio-nullo-dopo-interrogatorio\/","og_site_name":"Studio Legale Avv. Carlo Zaccagnini","article_modified_time":"2025-08-01T11:00:55+00:00","twitter_card":"summary_large_image","twitter_misc":{"Tempo di lettura stimato":"4 minuti"},"schema":{"@context":"https:\/\/schema.org","@graph":[{"@type":"WebPage","@id":"https:\/\/carlozaccagnini.it\/it\/papers\/citazione-a-giudizio-nullo-dopo-interrogatorio\/","url":"https:\/\/carlozaccagnini.it\/it\/papers\/citazione-a-giudizio-nullo-dopo-interrogatorio\/","name":"Citazione a giudizio nullo dopo interrogatorio | Studio Legale Avv. Carlo Zaccagnini","isPartOf":{"@id":"https:\/\/carlozaccagnini.it\/it\/#website"},"datePublished":"2022-10-03T15:11:29+00:00","dateModified":"2025-08-01T11:00:55+00:00","description":"\u00c8 nullo il decreto di citazione a giudizio emesso dopo l\u2019invito a rendere interrogatorio ma prima dell\u2019espletamento dell\u2019interrogatorio?","breadcrumb":{"@id":"https:\/\/carlozaccagnini.it\/it\/papers\/citazione-a-giudizio-nullo-dopo-interrogatorio\/#breadcrumb"},"inLanguage":"it-IT","potentialAction":[{"@type":"ReadAction","target":["https:\/\/carlozaccagnini.it\/it\/papers\/citazione-a-giudizio-nullo-dopo-interrogatorio\/"]}]},{"@type":"BreadcrumbList","@id":"https:\/\/carlozaccagnini.it\/it\/papers\/citazione-a-giudizio-nullo-dopo-interrogatorio\/#breadcrumb","itemListElement":[{"@type":"ListItem","position":1,"name":"Home","item":"https:\/\/carlozaccagnini.it\/it\/"},{"@type":"ListItem","position":2,"name":"White Papers","item":"https:\/\/carlozaccagnini.it\/it\/papers\/"},{"@type":"ListItem","position":3,"name":"Citazione a giudizio nullo dopo interrogatorio"}]},{"@type":"WebSite","@id":"https:\/\/carlozaccagnini.it\/it\/#website","url":"https:\/\/carlozaccagnini.it\/it\/","name":"Studio Legale Avv. Carlo Zaccagnini","description":"White Collar Crime Defence","publisher":{"@id":"https:\/\/carlozaccagnini.it\/it\/#organization"},"potentialAction":[{"@type":"SearchAction","target":{"@type":"EntryPoint","urlTemplate":"https:\/\/carlozaccagnini.it\/it\/?s={search_term_string}"},"query-input":{"@type":"PropertyValueSpecification","valueRequired":true,"valueName":"search_term_string"}}],"inLanguage":"it-IT"},{"@type":"Organization","@id":"https:\/\/carlozaccagnini.it\/it\/#organization","name":"Studio Legale Carlo Zaccagnini","url":"https:\/\/carlozaccagnini.it\/it\/","logo":{"@type":"ImageObject","inLanguage":"it-IT","@id":"https:\/\/carlozaccagnini.it\/it\/#\/schema\/logo\/image\/","url":"https:\/\/carlozaccagnini.it\/wp-content\/uploads\/2018\/09\/cropped-icona.jpg","contentUrl":"https:\/\/carlozaccagnini.it\/wp-content\/uploads\/2018\/09\/cropped-icona.jpg","width":512,"height":512,"caption":"Studio Legale Carlo Zaccagnini"},"image":{"@id":"https:\/\/carlozaccagnini.it\/it\/#\/schema\/logo\/image\/"}}]}},"_links":{"self":[{"href":"https:\/\/carlozaccagnini.it\/it\/wp-json\/wp\/v2\/pages\/6184","targetHints":{"allow":["GET"]}}],"collection":[{"href":"https:\/\/carlozaccagnini.it\/it\/wp-json\/wp\/v2\/pages"}],"about":[{"href":"https:\/\/carlozaccagnini.it\/it\/wp-json\/wp\/v2\/types\/page"}],"author":[{"embeddable":true,"href":"https:\/\/carlozaccagnini.it\/it\/wp-json\/wp\/v2\/users\/2"}],"replies":[{"embeddable":true,"href":"https:\/\/carlozaccagnini.it\/it\/wp-json\/wp\/v2\/comments?post=6184"}],"version-history":[{"count":1,"href":"https:\/\/carlozaccagnini.it\/it\/wp-json\/wp\/v2\/pages\/6184\/revisions"}],"predecessor-version":[{"id":7110,"href":"https:\/\/carlozaccagnini.it\/it\/wp-json\/wp\/v2\/pages\/6184\/revisions\/7110"}],"up":[{"embeddable":true,"href":"https:\/\/carlozaccagnini.it\/it\/wp-json\/wp\/v2\/pages\/4116"}],"wp:attachment":[{"href":"https:\/\/carlozaccagnini.it\/it\/wp-json\/wp\/v2\/media?parent=6184"}],"curies":[{"name":"wp","href":"https:\/\/api.w.org\/{rel}","templated":true}]}}