{"id":6178,"date":"2023-08-02T11:47:30","date_gmt":"2023-08-02T09:47:30","guid":{"rendered":"https:\/\/carlozaccagnini.it\/?page_id=6178"},"modified":"2023-08-02T11:47:30","modified_gmt":"2023-08-02T09:47:30","slug":"obbligo-di-dichiarazione-delle-imposte-sui-redditi-della-societa","status":"publish","type":"page","link":"https:\/\/carlozaccagnini.it\/it\/papers\/obbligo-di-dichiarazione-delle-imposte-sui-redditi-della-societa\/","title":{"rendered":"Obbligo di dichiarazione delle imposte sui redditi della societ\u00e0."},"content":{"rendered":"<div class=\"wpb-content-wrapper\"><p>[vc_row][vc_column][vc_row_inner][vc_column_inner width=&#8221;1\/2&#8243;][\/vc_column_inner][vc_column_inner width=&#8221;1\/2&#8243;][vc_btn title=&#8221;TORNA A PAPERS&#8221; align=&#8221;right&#8221; link=&#8221;url:https%3A%2F%2Fcarlozaccagnini.it%2Fit%2Fpapers%2F&#8221;][\/vc_column_inner][\/vc_row_inner][vc_empty_space height=&#8221;10px&#8221;][vc_column_text]<\/p>\n<h3><span style=\"color: #1f497d;\">OBBLIGO DELLA DICHIARAZIONE DELLE IMPOSTE SUI REDDITI DELLA SOCIET\u00c0.<br \/>\nCONSIGLIO DI AMIMNISTRAZIONE: SU QUALE AMMINISTRATORE INCOMBE L\u2019ONERE DELLA PRESENTAZIONE? <\/span><\/h3>\n<p>[\/vc_column_text][vc_empty_space height=&#8221;50px&#8221;][\/vc_column][\/vc_row][vc_row][vc_column][vc_column_text]<span style=\"color: #333333;\"><strong>COME DIFENDERSI?<\/strong><\/span><\/p>\n<p><span style=\"color: #333333;\">Una societ\u00e0 a responsabilit\u00e0 limitata ha quale organo gestorio un consiglio di amministrazione. Il consiglio \u00e8 composto da tre amministratori : <strong>A<\/strong>, amministratore delegato e legale rappresentante dell\u2019impresa, <strong>B<\/strong>, amministratore delegato e <strong>C<\/strong>, amministratore privo di poteri di delega. L\u2019amministratore <strong>B<\/strong>, seppur in possesso di delega, non detiene funzioni o competenze di natura contabile. Nessuno dei tre membri del consiglio di amministrazione provvede a presentare la dichiarazione IRES della societ\u00e0 entro il termine previsto dalla legge. Gli organi inquirenti notificano a <strong>B<\/strong> avviso <em>ex<\/em> art. 415 <em>bis<\/em> c.p.p. contestandogli il delitto di omessa dichiarazione <em>ex<\/em> art. <strong>5 D. Lgs.vo n. 74\/2000<\/strong>.<\/span><\/p>\n<p><span style=\"color: #333333;\"><strong><br \/>\nCOME DIFENDERSI?<\/strong><\/span><\/p>\n<p><span style=\"color: #333333;\">La materialit\u00e0 del contestato delitto si perfeziona ove l\u2019agente \u201c<em>non presenti, essendovi obbligato, una delle dichiarazioni\u201d <\/em>relative alle imposte sui redditi o sul valore aggiunto; essendo <strong>delitto proprio<\/strong>, destinatario del rimprovero penale \u00e8 unicamente chi, in forza di <em>obbligo giuridico<\/em>, \u00e8 tenuto alla presentazione della dichiarazione relativa alla imposta; quell\u2019<em>obbligo <\/em><strong>non gravava sull\u2019Amministratore B <\/strong>bens\u00ec sul legale rappresentante della Societ\u00e0, ovvero l\u2019Amministratore <strong>A<\/strong>: \u201c<em>la dichiarazione dei soggetti diversi dalle persone fisiche \u00e8 sottoscritta, a pena di nullit\u00e0, dal rappresentante legale<\/em>\u201d (Art. 1, D.P.R., 22 luglio 1998, n. 322); \u201c<em>l\u2019obbligo della presentazione della dichiarazione dei redditi incombe direttamente sul contribuente<\/em> e, <em>in caso di persone giuridiche, su chi ne abbia la legale rappresentanza, tenuto a sottoscrivere la dichiarazione a pena di nullit\u00e0.<\/em>\u201d (Cass. Penale, Sez. III, 18.6. 2015 n. 37856,<strong> liberamente consultabile sul sito <\/strong><a style=\"color: #333333;\" href=\"http:\/\/www.jusexplorer.it\">www.<em>jusexplorer<\/em>.it<\/a><strong>). <\/strong>N\u00e9 la configurabilit\u00e0 di responsabilit\u00e0 in capo all\u2019Amministratore <strong>B <\/strong>pu\u00f2 essere derivata dal combinato disposto dell\u2019art. 40, capoverso, c.p. e artt. 2381 e 2392 cod. civ.. La prima norma civilistica impone <em><u>l\u2019agire informato<\/u><\/em> in capo agli amministratori di societ\u00e0; la seconda di adempiere ai propri doveri con <em><u>diligenza richiesta dalla natura dell\u2019incarico e dalla loro specifiche competenze. <\/u><\/em>La violazione dell\u2019obbligo di vigilanza <em>ex <\/em>art. 2392, II comma, c.c. <a style=\"color: #333333;\" href=\"#_ftn1\" name=\"_ftnref1\">[1]<\/a> non pu\u00f2 essere eretta a fondamento della responsabilit\u00e0 penale di <strong>B<\/strong> : \u201c<em>la riforma <\/em>[\u2026] <em>portata dal d.lg. 6\/2003, ha <\/em>[\u2026] <strong><em>rimosso il generale <\/em><\/strong><em>\u201c<strong>obbligo di vigilanza sul generale andamento della gestione aziendale<\/strong> [in capo agli amministratori privi di deleghe <\/em>o con deleghe circoscritte<em> ] <\/em>\u201d<em>; <\/em>\u201c<em>resta invocabile la disciplina di cui all\u2019art. 40, 2\u00b0 comma, c.p. nel caso in cui un amministratore di societ\u00e0, a conoscenza di reati <\/em>in itinere <em>[\u2026] e pregiudizievoli per l\u2019ente amministrato, non abbia fatto, <\/em><em>[\u2026] quanto poteva per impedirne il compimento<\/em>\u201d. Nel caso <em>de quo<\/em> l\u2019amministratore <strong>B<\/strong> non poteva aver conoscenza della commissione del reato <em>in itinere<\/em> &#8211; omessa dichiarazione \u2013 poich\u00e9 questo \u00e8 un <strong>delitto omissivo istantaneo<\/strong>, che si perfeziona solo nel momento in cui si verifica l\u2019omissione. Nella sfera di competenza &#8211; e conoscenza &#8211; del Sig. <strong>B<\/strong> non rientrava alcuna mansione, competenza o potere contabile-fiscale : lo schema dei poteri di deleghe adottate dal C.d.A. descritte <em>supra<\/em> non residua dubbi al riguardo; era preclusa infatti al <em>manager<\/em>\u00a0 <strong>B<\/strong> qualsiasi forma di intervento in sostituzione del titolare dell\u2019obbligo di presentazione della dichiarazione d\u2019imposta.<\/span><\/p>\n<p><span style=\"color: #333333;\">Sulla scorta delle predette argomentazioni, il difensore dovr\u00e0 insistere nelle singole fasi processuali per escludere la responsabilit\u00e0 penale dell\u2019Amministratore <strong>B<\/strong>, non essendo egli titolare dell\u2019obbligo di presentazione della dichiarazione, non rientrando nelle proprie competenze alcuna mansione di natura contabile ed essendo privo di poteri impeditivi o d\u2019intervento ; invero lo stesso non ricopriva allora alcuna posizione di garanzia rispetto al bene giuridico tutelato.<\/span><\/p>\n<p><span style=\"color: #333333;\"><a style=\"color: #333333;\" href=\"#_ftnref1\" name=\"_ftn1\">[1]<\/a> A mente del quale \u201c<em>Gli amministratori, fermo quanto disposto dal comma terzo dell\u2019art. 2381, <strong>sono<\/strong> solidalmente <strong>responsabili<\/strong> <strong>se<\/strong>, <strong>essendo a conoscenza di fatti pregiudizievoli<\/strong>, <strong>non hanno fatto quanto potevano per impedirne il compimento o eliminarne<\/strong> o attenuarne <strong>le conseguenze dannose<\/strong><\/em>\u201d.<\/span>[\/vc_column_text][vc_empty_space][vc_column_text]<\/p>\n<h5>Roma, 15 Luglio 2023 \u00a0\u00a0\u00a0\u00a0\u00a0\u00a0\u00a0\u00a0\u00a0\u00a0\u00a0\u00a0\u00a0\u00a0\u00a0\u00a0\u00a0\u00a0\u00a0\u00a0\u00a0\u00a0\u00a0\u00a0\u00a0\u00a0\u00a0\u00a0\u00a0\u00a0\u00a0\u00a0\u00a0\u00a0\u00a0\u00a0\u00a0\u00a0\u00a0\u00a0\u00a0\u00a0\u00a0\u00a0\u00a0\u00a0\u00a0 \u00a0 \u00a0 \u00a0 \u00a0 \u00a0 \u00a0 \u00a0 \u00a0 \u00a0 \u00a0 \u00a0 \u00a0 \u00a0 \u00a0 \u00a0 \u00a0 \u00a0 \u00a0\u00a0 <a href=\"https:\/\/carlozaccagnini.it\/it\/professionisti\/carlo-zaccagnini\/\">Avvocato Carlo Zaccagnini<\/a><\/h5>\n<p>[\/vc_column_text][vc_empty_space height=&#8221;70px&#8221;][\/vc_column][\/vc_row][vc_row css=&#8221;.vc_custom_1688383983319{background-color: #1f497d !important;}&#8221;][vc_column]<div class=\"mkdf-call-to-action-holder  mkdf-normal-layout  mkdf-three-quarters-columns\">\n\n\t<div class=\"mkdf-cta-inner \">\n\t\t<div class=\"mkdf-cta-icon-holder\">\n\t\t\t<span aria-hidden=\"true\" class=\"mkdf-icon-font-elegant  \" style=\"color: #ffffff;font-size: 30px\"><\/span>\t\t<\/div>\n\t\t<div class=\"mkdf-cta-text-holder\">\n\t\t\t<div class=\"mkdf-cta-text\">\n<h2 style=\"text-align: left;\"><span style=\"color: #165253;\"><span style=\"color: #ffffff;\">Dubbi o necessit\u00e0?<\/span><br \/>\n<\/span><\/h2>\n<\/div>\n\t\t<\/div>\n\t\t<div class=\"mkdf-cta-button-holder\" >\n\t\t\t<div class=\"mkdf-cta-button\"><a itemprop=\"url\" href=\"https:\/\/carlozaccagnini.it\/it\/contatti\/\" target=\"_self\" style=\"color: #ffffff;background-color: #1a2843;border-color: #1a2843\" class=\"mkdf-btn mkdf-btn-medium mkdf-btn-solid mkdf-btn-custom-hover-bg mkdf-btn-custom-border-hover mkdf-btn-custom-hover-color\" data-hover-color=\"#1a2843\" data-hover-bg-color=\"#f2f2ef\" data-hover-border-color=\"#1a2843\" >    <span class=\"mkdf-btn-text\">CONTATTACI<\/span>    <\/a><\/div>\n\t\t<\/div>\n\t<\/div>\n<\/div>[vc_empty_space height=&#8221;40px&#8221;][\/vc_column][\/vc_row][vc_row][vc_column][vc_empty_space height=&#8221;20px&#8221;][vc_column_text]<\/p>\n<p style=\"text-align: right;\"><strong><a href=\"https:\/\/carlozaccagnini.it\/it\/disclaimer\/\" target=\"_blank\" rel=\"noopener\">DISCLAIMER<\/a><\/strong><\/p>\n<p>[\/vc_column_text][\/vc_column][\/vc_row]<\/p>\n<\/div>","protected":false},"excerpt":{"rendered":"<p>[vc_row][vc_column][vc_row_inner][vc_column_inner width=&#8221;1\/2&#8243;][\/vc_column_inner][vc_column_inner width=&#8221;1\/2&#8243;][vc_btn title=&#8221;TORNA A PAPERS&#8221; align=&#8221;right&#8221; link=&#8221;url:https%3A%2F%2Fcarlozaccagnini.it%2Fit%2Fpapers%2F&#8221;][\/vc_column_inner][\/vc_row_inner][vc_empty_space height=&#8221;10px&#8221;][vc_column_text] OBBLIGO DELLA DICHIARAZIONE DELLE IMPOSTE SUI REDDITI DELLA SOCIET\u00c0. CONSIGLIO DI AMIMNISTRAZIONE: SU QUALE AMMINISTRATORE INCOMBE L\u2019ONERE DELLA PRESENTAZIONE? [\/vc_column_text][vc_empty_space height=&#8221;50px&#8221;][\/vc_column][\/vc_row][vc_row][vc_column][vc_column_text]COME [&hellip;]<\/p>\n","protected":false},"author":2,"featured_media":0,"parent":4116,"menu_order":0,"comment_status":"closed","ping_status":"closed","template":"","meta":{"footnotes":""},"class_list":["post-6178","page","type-page","status-publish","hentry"],"yoast_head":"<!-- This site is optimized with the Yoast SEO plugin v27.3 - https:\/\/yoast.com\/product\/yoast-seo-wordpress\/ -->\n<title>Obbligo di dichiarazione delle imposte sui redditi della societ\u00e0. | Studio Legale Avv. Carlo Zaccagnini<\/title>\n<meta name=\"description\" content=\"Obbligo di dichiarazione delle imposte sui redditi della societ\u00e0.\" \/>\n<meta name=\"robots\" content=\"index, follow, max-snippet:-1, max-image-preview:large, max-video-preview:-1\" \/>\n<link rel=\"canonical\" href=\"https:\/\/carlozaccagnini.it\/it\/papers\/obbligo-di-dichiarazione-delle-imposte-sui-redditi-della-societa\/\" \/>\n<meta property=\"og:locale\" content=\"it_IT\" \/>\n<meta property=\"og:type\" content=\"article\" \/>\n<meta property=\"og:title\" content=\"Obbligo di dichiarazione delle imposte sui redditi della societ\u00e0. | Studio Legale Avv. Carlo Zaccagnini\" \/>\n<meta property=\"og:description\" content=\"Obbligo di dichiarazione delle imposte sui redditi della societ\u00e0.\" \/>\n<meta property=\"og:url\" content=\"https:\/\/carlozaccagnini.it\/it\/papers\/obbligo-di-dichiarazione-delle-imposte-sui-redditi-della-societa\/\" \/>\n<meta property=\"og:site_name\" content=\"Studio Legale Avv. Carlo Zaccagnini\" \/>\n<meta name=\"twitter:card\" content=\"summary_large_image\" \/>\n<meta name=\"twitter:label1\" content=\"Tempo di lettura stimato\" \/>\n\t<meta name=\"twitter:data1\" content=\"4 minuti\" \/>\n<script type=\"application\/ld+json\" class=\"yoast-schema-graph\">{\"@context\":\"https:\\\/\\\/schema.org\",\"@graph\":[{\"@type\":\"WebPage\",\"@id\":\"https:\\\/\\\/carlozaccagnini.it\\\/it\\\/papers\\\/obbligo-di-dichiarazione-delle-imposte-sui-redditi-della-societa\\\/\",\"url\":\"https:\\\/\\\/carlozaccagnini.it\\\/it\\\/papers\\\/obbligo-di-dichiarazione-delle-imposte-sui-redditi-della-societa\\\/\",\"name\":\"Obbligo di dichiarazione delle imposte sui redditi della societ\u00e0. | Studio Legale Avv. Carlo Zaccagnini\",\"isPartOf\":{\"@id\":\"https:\\\/\\\/carlozaccagnini.it\\\/it\\\/#website\"},\"datePublished\":\"2023-08-02T09:47:30+00:00\",\"description\":\"Obbligo di dichiarazione delle imposte sui redditi della societ\u00e0.\",\"breadcrumb\":{\"@id\":\"https:\\\/\\\/carlozaccagnini.it\\\/it\\\/papers\\\/obbligo-di-dichiarazione-delle-imposte-sui-redditi-della-societa\\\/#breadcrumb\"},\"inLanguage\":\"it-IT\",\"potentialAction\":[{\"@type\":\"ReadAction\",\"target\":[\"https:\\\/\\\/carlozaccagnini.it\\\/it\\\/papers\\\/obbligo-di-dichiarazione-delle-imposte-sui-redditi-della-societa\\\/\"]}]},{\"@type\":\"BreadcrumbList\",\"@id\":\"https:\\\/\\\/carlozaccagnini.it\\\/it\\\/papers\\\/obbligo-di-dichiarazione-delle-imposte-sui-redditi-della-societa\\\/#breadcrumb\",\"itemListElement\":[{\"@type\":\"ListItem\",\"position\":1,\"name\":\"Home\",\"item\":\"https:\\\/\\\/carlozaccagnini.it\\\/it\\\/\"},{\"@type\":\"ListItem\",\"position\":2,\"name\":\"White Papers\",\"item\":\"https:\\\/\\\/carlozaccagnini.it\\\/it\\\/papers\\\/\"},{\"@type\":\"ListItem\",\"position\":3,\"name\":\"Obbligo di dichiarazione delle imposte sui redditi della societ\u00e0.\"}]},{\"@type\":\"WebSite\",\"@id\":\"https:\\\/\\\/carlozaccagnini.it\\\/it\\\/#website\",\"url\":\"https:\\\/\\\/carlozaccagnini.it\\\/it\\\/\",\"name\":\"Studio Legale Avv. Carlo Zaccagnini\",\"description\":\"White Collar Crime Defence\",\"publisher\":{\"@id\":\"https:\\\/\\\/carlozaccagnini.it\\\/it\\\/#organization\"},\"potentialAction\":[{\"@type\":\"SearchAction\",\"target\":{\"@type\":\"EntryPoint\",\"urlTemplate\":\"https:\\\/\\\/carlozaccagnini.it\\\/it\\\/?s={search_term_string}\"},\"query-input\":{\"@type\":\"PropertyValueSpecification\",\"valueRequired\":true,\"valueName\":\"search_term_string\"}}],\"inLanguage\":\"it-IT\"},{\"@type\":\"Organization\",\"@id\":\"https:\\\/\\\/carlozaccagnini.it\\\/it\\\/#organization\",\"name\":\"Studio Legale Carlo Zaccagnini\",\"url\":\"https:\\\/\\\/carlozaccagnini.it\\\/it\\\/\",\"logo\":{\"@type\":\"ImageObject\",\"inLanguage\":\"it-IT\",\"@id\":\"https:\\\/\\\/carlozaccagnini.it\\\/it\\\/#\\\/schema\\\/logo\\\/image\\\/\",\"url\":\"https:\\\/\\\/carlozaccagnini.it\\\/wp-content\\\/uploads\\\/2018\\\/09\\\/cropped-icona.jpg\",\"contentUrl\":\"https:\\\/\\\/carlozaccagnini.it\\\/wp-content\\\/uploads\\\/2018\\\/09\\\/cropped-icona.jpg\",\"width\":512,\"height\":512,\"caption\":\"Studio Legale Carlo Zaccagnini\"},\"image\":{\"@id\":\"https:\\\/\\\/carlozaccagnini.it\\\/it\\\/#\\\/schema\\\/logo\\\/image\\\/\"}}]}<\/script>\n<!-- \/ Yoast SEO plugin. -->","yoast_head_json":{"title":"Obbligo di dichiarazione delle imposte sui redditi della societ\u00e0. | Studio Legale Avv. Carlo Zaccagnini","description":"Obbligo di dichiarazione delle imposte sui redditi della societ\u00e0.","robots":{"index":"index","follow":"follow","max-snippet":"max-snippet:-1","max-image-preview":"max-image-preview:large","max-video-preview":"max-video-preview:-1"},"canonical":"https:\/\/carlozaccagnini.it\/it\/papers\/obbligo-di-dichiarazione-delle-imposte-sui-redditi-della-societa\/","og_locale":"it_IT","og_type":"article","og_title":"Obbligo di dichiarazione delle imposte sui redditi della societ\u00e0. | Studio Legale Avv. Carlo Zaccagnini","og_description":"Obbligo di dichiarazione delle imposte sui redditi della societ\u00e0.","og_url":"https:\/\/carlozaccagnini.it\/it\/papers\/obbligo-di-dichiarazione-delle-imposte-sui-redditi-della-societa\/","og_site_name":"Studio Legale Avv. Carlo Zaccagnini","twitter_card":"summary_large_image","twitter_misc":{"Tempo di lettura stimato":"4 minuti"},"schema":{"@context":"https:\/\/schema.org","@graph":[{"@type":"WebPage","@id":"https:\/\/carlozaccagnini.it\/it\/papers\/obbligo-di-dichiarazione-delle-imposte-sui-redditi-della-societa\/","url":"https:\/\/carlozaccagnini.it\/it\/papers\/obbligo-di-dichiarazione-delle-imposte-sui-redditi-della-societa\/","name":"Obbligo di dichiarazione delle imposte sui redditi della societ\u00e0. | Studio Legale Avv. Carlo Zaccagnini","isPartOf":{"@id":"https:\/\/carlozaccagnini.it\/it\/#website"},"datePublished":"2023-08-02T09:47:30+00:00","description":"Obbligo di dichiarazione delle imposte sui redditi della societ\u00e0.","breadcrumb":{"@id":"https:\/\/carlozaccagnini.it\/it\/papers\/obbligo-di-dichiarazione-delle-imposte-sui-redditi-della-societa\/#breadcrumb"},"inLanguage":"it-IT","potentialAction":[{"@type":"ReadAction","target":["https:\/\/carlozaccagnini.it\/it\/papers\/obbligo-di-dichiarazione-delle-imposte-sui-redditi-della-societa\/"]}]},{"@type":"BreadcrumbList","@id":"https:\/\/carlozaccagnini.it\/it\/papers\/obbligo-di-dichiarazione-delle-imposte-sui-redditi-della-societa\/#breadcrumb","itemListElement":[{"@type":"ListItem","position":1,"name":"Home","item":"https:\/\/carlozaccagnini.it\/it\/"},{"@type":"ListItem","position":2,"name":"White Papers","item":"https:\/\/carlozaccagnini.it\/it\/papers\/"},{"@type":"ListItem","position":3,"name":"Obbligo di dichiarazione delle imposte sui redditi della societ\u00e0."}]},{"@type":"WebSite","@id":"https:\/\/carlozaccagnini.it\/it\/#website","url":"https:\/\/carlozaccagnini.it\/it\/","name":"Studio Legale Avv. Carlo Zaccagnini","description":"White Collar Crime Defence","publisher":{"@id":"https:\/\/carlozaccagnini.it\/it\/#organization"},"potentialAction":[{"@type":"SearchAction","target":{"@type":"EntryPoint","urlTemplate":"https:\/\/carlozaccagnini.it\/it\/?s={search_term_string}"},"query-input":{"@type":"PropertyValueSpecification","valueRequired":true,"valueName":"search_term_string"}}],"inLanguage":"it-IT"},{"@type":"Organization","@id":"https:\/\/carlozaccagnini.it\/it\/#organization","name":"Studio Legale Carlo Zaccagnini","url":"https:\/\/carlozaccagnini.it\/it\/","logo":{"@type":"ImageObject","inLanguage":"it-IT","@id":"https:\/\/carlozaccagnini.it\/it\/#\/schema\/logo\/image\/","url":"https:\/\/carlozaccagnini.it\/wp-content\/uploads\/2018\/09\/cropped-icona.jpg","contentUrl":"https:\/\/carlozaccagnini.it\/wp-content\/uploads\/2018\/09\/cropped-icona.jpg","width":512,"height":512,"caption":"Studio Legale Carlo Zaccagnini"},"image":{"@id":"https:\/\/carlozaccagnini.it\/it\/#\/schema\/logo\/image\/"}}]}},"_links":{"self":[{"href":"https:\/\/carlozaccagnini.it\/it\/wp-json\/wp\/v2\/pages\/6178","targetHints":{"allow":["GET"]}}],"collection":[{"href":"https:\/\/carlozaccagnini.it\/it\/wp-json\/wp\/v2\/pages"}],"about":[{"href":"https:\/\/carlozaccagnini.it\/it\/wp-json\/wp\/v2\/types\/page"}],"author":[{"embeddable":true,"href":"https:\/\/carlozaccagnini.it\/it\/wp-json\/wp\/v2\/users\/2"}],"replies":[{"embeddable":true,"href":"https:\/\/carlozaccagnini.it\/it\/wp-json\/wp\/v2\/comments?post=6178"}],"version-history":[{"count":0,"href":"https:\/\/carlozaccagnini.it\/it\/wp-json\/wp\/v2\/pages\/6178\/revisions"}],"up":[{"embeddable":true,"href":"https:\/\/carlozaccagnini.it\/it\/wp-json\/wp\/v2\/pages\/4116"}],"wp:attachment":[{"href":"https:\/\/carlozaccagnini.it\/it\/wp-json\/wp\/v2\/media?parent=6178"}],"curies":[{"name":"wp","href":"https:\/\/api.w.org\/{rel}","templated":true}]}}