{"id":6175,"date":"2023-08-02T11:41:56","date_gmt":"2023-08-02T09:41:56","guid":{"rendered":"https:\/\/carlozaccagnini.it\/?page_id=6175"},"modified":"2023-08-02T11:43:02","modified_gmt":"2023-08-02T09:43:02","slug":"misure-di-prevenzione-papers-e-giurisprudenza","status":"publish","type":"page","link":"https:\/\/carlozaccagnini.it\/it\/papers\/misure-di-prevenzione-papers-e-giurisprudenza\/","title":{"rendered":"Misure di Prevenzione. Papers e Giurisprudenza"},"content":{"rendered":"<div class=\"wpb-content-wrapper\"><p>[vc_row][vc_column][vc_row_inner][vc_column_inner width=&#8221;1\/2&#8243;][\/vc_column_inner][vc_column_inner width=&#8221;1\/2&#8243;][vc_btn title=&#8221;TORNA A PAPERS&#8221; align=&#8221;right&#8221; link=&#8221;url:https%3A%2F%2Fcarlozaccagnini.it%2Fit%2Fpapers%2F&#8221;][\/vc_column_inner][\/vc_row_inner][vc_empty_space height=&#8221;10px&#8221;][vc_column_text]<\/p>\n<h3><span style=\"color: #1f497d;\">Quale strumento giuridico pu\u00f2 essere utilizzato per ottenere l\u2019annullamento della confisca di prevenzione divenuta definitiva? Revocazione, revoca o incidente di esecuzione?<\/span><\/h3>\n<p>[\/vc_column_text][vc_empty_space height=&#8221;50px&#8221;][\/vc_column][\/vc_row][vc_row][vc_column][vc_column_text]<strong><span style=\"color: #333333;\">Misure di Prevenzione<\/span><\/strong><\/p>\n<p><span style=\"color: #333333;\">Lo Studio ha maturato notevole pratica processuale in ordine al D.lgs.vo 159\/2001. E\u2019 attualmente impegnato nell\u2019assistenza, nei tre gradi di giudizio, di clienti cui vengono applicate misure di prevenzione sia di natura patrimoniale che personale.<\/span><\/p>\n<p><span style=\"color: #333333;\">Sono stati di recente ottenuti successi consistenti nell\u2019annullamento di Decreti di Sequestro e Confisca per importi rilevantissimi, pronunciati dalla Corte D\u2019Appello Capitolina in favore dei prevenuti assistiti dallo Studio.<\/span><\/p>\n<h3 style=\"text-align: center;\">* * *<\/h3>\n<p><strong><span style=\"color: #333333;\">Papers e Giurisprudenza<\/span><\/strong><\/p>\n<p><span style=\"color: #333333;\">La diffusione di un messaggio diffamatorio attraverso l&#8217;uso della bacheca di <em>Facebook<\/em> integra un&#8217;ipotesi di diffamazione aggravata ai sensi dell&#8217;art. 595, terzo comma, c.p.<\/span><\/p>\n<p><span style=\"color: #333333;\">La divulgazione di un messaggio tramite <em>Facebook<\/em> \u00e8 una condotta suscettibile di arrecare discredito alla reputazione altrui, perch\u00e9 ha la capacit\u00e0 di raggiungere un numero indeterminato di persone che si avvalgono del <em>social network<\/em> proprio allo scopo di instaurare e coltivare relazioni interpersonali allargate ad un gruppo di frequentatori non determinato (Cass. Pen., Sez. V, 7 ottobre 2016, n. 2723).<\/span><\/p>\n<p><span style=\"color: #333333;\">Proprio queste peculiari dinamiche di diffusione del messaggio screditante, in una con la loro finalizzazione alla socializzazione, hanno suggerito l&#8217;inclusione della pubblicazione del messaggio diffamatorio sulla bacheca <em>Facebook<\/em> nella tipologia di \u201c<em>qualsiasi altro mezzo di pubblicit\u00e0<\/em>\u201d, che, ai fini della tipizzazione della circostanza aggravante di cui all&#8217;art. 595, terzo comma, c.p.., il codificatore ha giustapposto a quella del \u201c<em>mezzo della stampa<\/em>\u201d (Cass. Pen., Sez. I, 28 aprile 2015, n. 24431).<\/span><\/p>\n<p><span style=\"color: #333333;\">La circostanza che l&#8217;accesso al <em>social network<\/em> richieda all&#8217;utente una procedura di registrazione &#8211; peraltro gratuita, assai agevole e alla portata sostanzialmente di chiunque &#8211; non esclude la natura di \u201c<em>altro mezzo di pubblicit\u00e0<\/em>\u201d richiesta dalla norma penale per l&#8217;integrazione dell&#8217;aggravante, che discende dalla potenzialit\u00e0 diffusiva dello strumento di comunicazione telematica utilizzato per veicolare il messaggio diffamatorio, e non dall&#8217;indiscriminata libert\u00e0 di accesso al contenitore della notizia (come si verifica nel caso della stampa, che integra un&#8217;autonoma ipotesi di diffamazione aggravata).<\/span><\/p>\n<p><span style=\"color: #333333;\">La fattispecie in esame \u00e8 sorretta da dolo generico, integrato dall&#8217;uso consapevole di espressioni che nel contesto sociale di riferimento sono ritenute offensive, per il significato che oggettivamente assumono. (Sez. 5, Sentenza n. 8419 del 16\/10\/2013 Ud. (dep. 21\/02\/2014 ) Rv. 258943; Sez. 5, Sentenza n. 4364 del 12\/12\/2012 Ud. (dep. 29\/01\/2013 ) Rv. 254390.<\/span><\/p>\n<p><span style=\"color: #333333;\">Quanto al luogo di consumazione del reato di diffamazione tramite la rete <em>Internet<\/em>, ove sia impossibile stabilire il luogo di consumazione del reato e sia stato invece individuato quello in cui il contenuto diffamatorio \u00e8 stato caricato come dato informatico, per poi essere immesso in rete, la competenza territoriale va determinata, ai sensi dell&#8217;art. 9, primo comma, cod. proc. pen., in relazione al luogo predetto, in cui \u00e8 avvenuta una parte dell&#8217;azione (Sez. 5, sentenza n. 31677 del 19\/05\/2015, Vulpio, Rv. 264521).<\/span>[\/vc_column_text][vc_empty_space][vc_column_text]<\/p>\n<h5>Roma, 15 Luglio 2023 \u00a0\u00a0\u00a0\u00a0\u00a0\u00a0\u00a0\u00a0\u00a0\u00a0\u00a0\u00a0\u00a0\u00a0\u00a0\u00a0\u00a0\u00a0\u00a0\u00a0\u00a0\u00a0\u00a0\u00a0\u00a0\u00a0\u00a0\u00a0\u00a0\u00a0\u00a0\u00a0\u00a0\u00a0\u00a0\u00a0\u00a0\u00a0\u00a0\u00a0\u00a0\u00a0\u00a0\u00a0\u00a0\u00a0\u00a0 \u00a0 \u00a0 \u00a0 \u00a0 \u00a0 \u00a0 \u00a0 \u00a0 \u00a0 \u00a0 \u00a0 \u00a0 \u00a0 \u00a0 \u00a0 \u00a0 \u00a0 \u00a0\u00a0 <a href=\"https:\/\/carlozaccagnini.it\/it\/professionisti\/carlo-zaccagnini\/\">Avvocato Carlo Zaccagnini<\/a><\/h5>\n<p>[\/vc_column_text][vc_empty_space height=&#8221;70px&#8221;][\/vc_column][\/vc_row][vc_row css=&#8221;.vc_custom_1688383983319{background-color: #1f497d !important;}&#8221;][vc_column]<div class=\"mkdf-call-to-action-holder  mkdf-normal-layout  mkdf-three-quarters-columns\">\n\n\t<div class=\"mkdf-cta-inner \">\n\t\t<div class=\"mkdf-cta-icon-holder\">\n\t\t\t<span aria-hidden=\"true\" class=\"mkdf-icon-font-elegant  \" style=\"color: #ffffff;font-size: 30px\"><\/span>\t\t<\/div>\n\t\t<div class=\"mkdf-cta-text-holder\">\n\t\t\t<div class=\"mkdf-cta-text\">\n<h2 style=\"text-align: left;\"><span style=\"color: #165253;\"><span style=\"color: #ffffff;\">Dubbi o necessit\u00e0?<\/span><br \/>\n<\/span><\/h2>\n<\/div>\n\t\t<\/div>\n\t\t<div class=\"mkdf-cta-button-holder\" >\n\t\t\t<div class=\"mkdf-cta-button\"><a itemprop=\"url\" href=\"https:\/\/carlozaccagnini.it\/it\/contatti\/\" target=\"_self\" style=\"color: #ffffff;background-color: #1a2843;border-color: #1a2843\" class=\"mkdf-btn mkdf-btn-medium mkdf-btn-solid mkdf-btn-custom-hover-bg mkdf-btn-custom-border-hover mkdf-btn-custom-hover-color\" data-hover-color=\"#1a2843\" data-hover-bg-color=\"#f2f2ef\" data-hover-border-color=\"#1a2843\" >    <span class=\"mkdf-btn-text\">CONTATTACI<\/span>    <\/a><\/div>\n\t\t<\/div>\n\t<\/div>\n<\/div>[vc_empty_space height=&#8221;40px&#8221;][\/vc_column][\/vc_row][vc_row][vc_column][vc_empty_space height=&#8221;20px&#8221;][vc_column_text]<\/p>\n<p style=\"text-align: right;\"><strong><a href=\"https:\/\/carlozaccagnini.it\/it\/disclaimer\/\" target=\"_blank\" rel=\"noopener\">DISCLAIMER<\/a><\/strong><\/p>\n<p>[\/vc_column_text][\/vc_column][\/vc_row]<\/p>\n<\/div>","protected":false},"excerpt":{"rendered":"<p>[vc_row][vc_column][vc_row_inner][vc_column_inner width=&#8221;1\/2&#8243;][\/vc_column_inner][vc_column_inner width=&#8221;1\/2&#8243;][vc_btn title=&#8221;TORNA A PAPERS&#8221; align=&#8221;right&#8221; link=&#8221;url:https%3A%2F%2Fcarlozaccagnini.it%2Fit%2Fpapers%2F&#8221;][\/vc_column_inner][\/vc_row_inner][vc_empty_space height=&#8221;10px&#8221;][vc_column_text] Quale strumento giuridico pu\u00f2 essere utilizzato per ottenere l\u2019annullamento della confisca di prevenzione divenuta definitiva? Revocazione, revoca o incidente di esecuzione? [&hellip;]<\/p>\n","protected":false},"author":2,"featured_media":0,"parent":4116,"menu_order":0,"comment_status":"closed","ping_status":"closed","template":"","meta":{"footnotes":""},"class_list":["post-6175","page","type-page","status-publish","hentry"],"yoast_head":"<!-- This site is optimized with the Yoast SEO plugin v27.3 - https:\/\/yoast.com\/product\/yoast-seo-wordpress\/ -->\n<title>Misure di Prevenzione. Papers e Giurisprudenza | Studio Legale Avv. Carlo Zaccagnini<\/title>\n<meta name=\"description\" content=\"Lo Studio ha maturato notevole pratica processuale in ordine al D.lgs.vo 159\/2001. E\u2019 attualmente impegnato nell\u2019assistenza, nei tre gradi di giudizio, di clienti cui vengono applicate misure di prevenzione sia di natura patrimoniale che personale.Sono stati di recente ottenuti successi consistenti nell\u2019annullamento di Decreti di Sequestro e Confisca per importi rilevantissimi, pronunciati dalla Corte D\u2019Appello Capitolina in favore dei prevenuti assistiti dallo Studio.\" \/>\n<meta name=\"robots\" content=\"index, follow, max-snippet:-1, max-image-preview:large, max-video-preview:-1\" \/>\n<link rel=\"canonical\" href=\"https:\/\/carlozaccagnini.it\/it\/papers\/misure-di-prevenzione-papers-e-giurisprudenza\/\" \/>\n<meta property=\"og:locale\" content=\"it_IT\" \/>\n<meta property=\"og:type\" content=\"article\" \/>\n<meta property=\"og:title\" content=\"Misure di Prevenzione. Papers e Giurisprudenza | Studio Legale Avv. Carlo Zaccagnini\" \/>\n<meta property=\"og:description\" content=\"Lo Studio ha maturato notevole pratica processuale in ordine al D.lgs.vo 159\/2001. E\u2019 attualmente impegnato nell\u2019assistenza, nei tre gradi di giudizio, di clienti cui vengono applicate misure di prevenzione sia di natura patrimoniale che personale.Sono stati di recente ottenuti successi consistenti nell\u2019annullamento di Decreti di Sequestro e Confisca per importi rilevantissimi, pronunciati dalla Corte D\u2019Appello Capitolina in favore dei prevenuti assistiti dallo Studio.\" \/>\n<meta property=\"og:url\" content=\"https:\/\/carlozaccagnini.it\/it\/papers\/misure-di-prevenzione-papers-e-giurisprudenza\/\" \/>\n<meta property=\"og:site_name\" content=\"Studio Legale Avv. Carlo Zaccagnini\" \/>\n<meta property=\"article:modified_time\" content=\"2023-08-02T09:43:02+00:00\" \/>\n<meta name=\"twitter:card\" content=\"summary_large_image\" \/>\n<meta name=\"twitter:label1\" content=\"Tempo di lettura stimato\" \/>\n\t<meta name=\"twitter:data1\" content=\"3 minuti\" \/>\n<script type=\"application\/ld+json\" class=\"yoast-schema-graph\">{\"@context\":\"https:\\\/\\\/schema.org\",\"@graph\":[{\"@type\":\"WebPage\",\"@id\":\"https:\\\/\\\/carlozaccagnini.it\\\/it\\\/papers\\\/misure-di-prevenzione-papers-e-giurisprudenza\\\/\",\"url\":\"https:\\\/\\\/carlozaccagnini.it\\\/it\\\/papers\\\/misure-di-prevenzione-papers-e-giurisprudenza\\\/\",\"name\":\"Misure di Prevenzione. Papers e Giurisprudenza | Studio Legale Avv. Carlo Zaccagnini\",\"isPartOf\":{\"@id\":\"https:\\\/\\\/carlozaccagnini.it\\\/it\\\/#website\"},\"datePublished\":\"2023-08-02T09:41:56+00:00\",\"dateModified\":\"2023-08-02T09:43:02+00:00\",\"description\":\"Lo Studio ha maturato notevole pratica processuale in ordine al D.lgs.vo 159\\\/2001. E\u2019 attualmente impegnato nell\u2019assistenza, nei tre gradi di giudizio, di clienti cui vengono applicate misure di prevenzione sia di natura patrimoniale che personale.Sono stati di recente ottenuti successi consistenti nell\u2019annullamento di Decreti di Sequestro e Confisca per importi rilevantissimi, pronunciati dalla Corte D\u2019Appello Capitolina in favore dei prevenuti assistiti dallo Studio.\",\"breadcrumb\":{\"@id\":\"https:\\\/\\\/carlozaccagnini.it\\\/it\\\/papers\\\/misure-di-prevenzione-papers-e-giurisprudenza\\\/#breadcrumb\"},\"inLanguage\":\"it-IT\",\"potentialAction\":[{\"@type\":\"ReadAction\",\"target\":[\"https:\\\/\\\/carlozaccagnini.it\\\/it\\\/papers\\\/misure-di-prevenzione-papers-e-giurisprudenza\\\/\"]}]},{\"@type\":\"BreadcrumbList\",\"@id\":\"https:\\\/\\\/carlozaccagnini.it\\\/it\\\/papers\\\/misure-di-prevenzione-papers-e-giurisprudenza\\\/#breadcrumb\",\"itemListElement\":[{\"@type\":\"ListItem\",\"position\":1,\"name\":\"Home\",\"item\":\"https:\\\/\\\/carlozaccagnini.it\\\/it\\\/\"},{\"@type\":\"ListItem\",\"position\":2,\"name\":\"White Papers\",\"item\":\"https:\\\/\\\/carlozaccagnini.it\\\/it\\\/papers\\\/\"},{\"@type\":\"ListItem\",\"position\":3,\"name\":\"Misure di Prevenzione. Papers e Giurisprudenza\"}]},{\"@type\":\"WebSite\",\"@id\":\"https:\\\/\\\/carlozaccagnini.it\\\/it\\\/#website\",\"url\":\"https:\\\/\\\/carlozaccagnini.it\\\/it\\\/\",\"name\":\"Studio Legale Avv. Carlo Zaccagnini\",\"description\":\"White Collar Crime Defence\",\"publisher\":{\"@id\":\"https:\\\/\\\/carlozaccagnini.it\\\/it\\\/#organization\"},\"potentialAction\":[{\"@type\":\"SearchAction\",\"target\":{\"@type\":\"EntryPoint\",\"urlTemplate\":\"https:\\\/\\\/carlozaccagnini.it\\\/it\\\/?s={search_term_string}\"},\"query-input\":{\"@type\":\"PropertyValueSpecification\",\"valueRequired\":true,\"valueName\":\"search_term_string\"}}],\"inLanguage\":\"it-IT\"},{\"@type\":\"Organization\",\"@id\":\"https:\\\/\\\/carlozaccagnini.it\\\/it\\\/#organization\",\"name\":\"Studio Legale Carlo Zaccagnini\",\"url\":\"https:\\\/\\\/carlozaccagnini.it\\\/it\\\/\",\"logo\":{\"@type\":\"ImageObject\",\"inLanguage\":\"it-IT\",\"@id\":\"https:\\\/\\\/carlozaccagnini.it\\\/it\\\/#\\\/schema\\\/logo\\\/image\\\/\",\"url\":\"https:\\\/\\\/carlozaccagnini.it\\\/wp-content\\\/uploads\\\/2018\\\/09\\\/cropped-icona.jpg\",\"contentUrl\":\"https:\\\/\\\/carlozaccagnini.it\\\/wp-content\\\/uploads\\\/2018\\\/09\\\/cropped-icona.jpg\",\"width\":512,\"height\":512,\"caption\":\"Studio Legale Carlo Zaccagnini\"},\"image\":{\"@id\":\"https:\\\/\\\/carlozaccagnini.it\\\/it\\\/#\\\/schema\\\/logo\\\/image\\\/\"}}]}<\/script>\n<!-- \/ Yoast SEO plugin. -->","yoast_head_json":{"title":"Misure di Prevenzione. Papers e Giurisprudenza | Studio Legale Avv. Carlo Zaccagnini","description":"Lo Studio ha maturato notevole pratica processuale in ordine al D.lgs.vo 159\/2001. E\u2019 attualmente impegnato nell\u2019assistenza, nei tre gradi di giudizio, di clienti cui vengono applicate misure di prevenzione sia di natura patrimoniale che personale.Sono stati di recente ottenuti successi consistenti nell\u2019annullamento di Decreti di Sequestro e Confisca per importi rilevantissimi, pronunciati dalla Corte D\u2019Appello Capitolina in favore dei prevenuti assistiti dallo Studio.","robots":{"index":"index","follow":"follow","max-snippet":"max-snippet:-1","max-image-preview":"max-image-preview:large","max-video-preview":"max-video-preview:-1"},"canonical":"https:\/\/carlozaccagnini.it\/it\/papers\/misure-di-prevenzione-papers-e-giurisprudenza\/","og_locale":"it_IT","og_type":"article","og_title":"Misure di Prevenzione. Papers e Giurisprudenza | Studio Legale Avv. Carlo Zaccagnini","og_description":"Lo Studio ha maturato notevole pratica processuale in ordine al D.lgs.vo 159\/2001. E\u2019 attualmente impegnato nell\u2019assistenza, nei tre gradi di giudizio, di clienti cui vengono applicate misure di prevenzione sia di natura patrimoniale che personale.Sono stati di recente ottenuti successi consistenti nell\u2019annullamento di Decreti di Sequestro e Confisca per importi rilevantissimi, pronunciati dalla Corte D\u2019Appello Capitolina in favore dei prevenuti assistiti dallo Studio.","og_url":"https:\/\/carlozaccagnini.it\/it\/papers\/misure-di-prevenzione-papers-e-giurisprudenza\/","og_site_name":"Studio Legale Avv. Carlo Zaccagnini","article_modified_time":"2023-08-02T09:43:02+00:00","twitter_card":"summary_large_image","twitter_misc":{"Tempo di lettura stimato":"3 minuti"},"schema":{"@context":"https:\/\/schema.org","@graph":[{"@type":"WebPage","@id":"https:\/\/carlozaccagnini.it\/it\/papers\/misure-di-prevenzione-papers-e-giurisprudenza\/","url":"https:\/\/carlozaccagnini.it\/it\/papers\/misure-di-prevenzione-papers-e-giurisprudenza\/","name":"Misure di Prevenzione. Papers e Giurisprudenza | Studio Legale Avv. Carlo Zaccagnini","isPartOf":{"@id":"https:\/\/carlozaccagnini.it\/it\/#website"},"datePublished":"2023-08-02T09:41:56+00:00","dateModified":"2023-08-02T09:43:02+00:00","description":"Lo Studio ha maturato notevole pratica processuale in ordine al D.lgs.vo 159\/2001. E\u2019 attualmente impegnato nell\u2019assistenza, nei tre gradi di giudizio, di clienti cui vengono applicate misure di prevenzione sia di natura patrimoniale che personale.Sono stati di recente ottenuti successi consistenti nell\u2019annullamento di Decreti di Sequestro e Confisca per importi rilevantissimi, pronunciati dalla Corte D\u2019Appello Capitolina in favore dei prevenuti assistiti dallo Studio.","breadcrumb":{"@id":"https:\/\/carlozaccagnini.it\/it\/papers\/misure-di-prevenzione-papers-e-giurisprudenza\/#breadcrumb"},"inLanguage":"it-IT","potentialAction":[{"@type":"ReadAction","target":["https:\/\/carlozaccagnini.it\/it\/papers\/misure-di-prevenzione-papers-e-giurisprudenza\/"]}]},{"@type":"BreadcrumbList","@id":"https:\/\/carlozaccagnini.it\/it\/papers\/misure-di-prevenzione-papers-e-giurisprudenza\/#breadcrumb","itemListElement":[{"@type":"ListItem","position":1,"name":"Home","item":"https:\/\/carlozaccagnini.it\/it\/"},{"@type":"ListItem","position":2,"name":"White Papers","item":"https:\/\/carlozaccagnini.it\/it\/papers\/"},{"@type":"ListItem","position":3,"name":"Misure di Prevenzione. Papers e Giurisprudenza"}]},{"@type":"WebSite","@id":"https:\/\/carlozaccagnini.it\/it\/#website","url":"https:\/\/carlozaccagnini.it\/it\/","name":"Studio Legale Avv. Carlo Zaccagnini","description":"White Collar Crime Defence","publisher":{"@id":"https:\/\/carlozaccagnini.it\/it\/#organization"},"potentialAction":[{"@type":"SearchAction","target":{"@type":"EntryPoint","urlTemplate":"https:\/\/carlozaccagnini.it\/it\/?s={search_term_string}"},"query-input":{"@type":"PropertyValueSpecification","valueRequired":true,"valueName":"search_term_string"}}],"inLanguage":"it-IT"},{"@type":"Organization","@id":"https:\/\/carlozaccagnini.it\/it\/#organization","name":"Studio Legale Carlo Zaccagnini","url":"https:\/\/carlozaccagnini.it\/it\/","logo":{"@type":"ImageObject","inLanguage":"it-IT","@id":"https:\/\/carlozaccagnini.it\/it\/#\/schema\/logo\/image\/","url":"https:\/\/carlozaccagnini.it\/wp-content\/uploads\/2018\/09\/cropped-icona.jpg","contentUrl":"https:\/\/carlozaccagnini.it\/wp-content\/uploads\/2018\/09\/cropped-icona.jpg","width":512,"height":512,"caption":"Studio Legale Carlo Zaccagnini"},"image":{"@id":"https:\/\/carlozaccagnini.it\/it\/#\/schema\/logo\/image\/"}}]}},"_links":{"self":[{"href":"https:\/\/carlozaccagnini.it\/it\/wp-json\/wp\/v2\/pages\/6175","targetHints":{"allow":["GET"]}}],"collection":[{"href":"https:\/\/carlozaccagnini.it\/it\/wp-json\/wp\/v2\/pages"}],"about":[{"href":"https:\/\/carlozaccagnini.it\/it\/wp-json\/wp\/v2\/types\/page"}],"author":[{"embeddable":true,"href":"https:\/\/carlozaccagnini.it\/it\/wp-json\/wp\/v2\/users\/2"}],"replies":[{"embeddable":true,"href":"https:\/\/carlozaccagnini.it\/it\/wp-json\/wp\/v2\/comments?post=6175"}],"version-history":[{"count":0,"href":"https:\/\/carlozaccagnini.it\/it\/wp-json\/wp\/v2\/pages\/6175\/revisions"}],"up":[{"embeddable":true,"href":"https:\/\/carlozaccagnini.it\/it\/wp-json\/wp\/v2\/pages\/4116"}],"wp:attachment":[{"href":"https:\/\/carlozaccagnini.it\/it\/wp-json\/wp\/v2\/media?parent=6175"}],"curies":[{"name":"wp","href":"https:\/\/api.w.org\/{rel}","templated":true}]}}