{"id":6171,"date":"2023-08-02T11:30:51","date_gmt":"2023-08-02T09:30:51","guid":{"rendered":"https:\/\/carlozaccagnini.it\/?page_id=6171"},"modified":"2025-08-01T13:00:56","modified_gmt":"2025-08-01T11:00:56","slug":"la-confisca-preventiva-disposta-dalla-dia-puo-essere-revocata","status":"publish","type":"page","link":"https:\/\/carlozaccagnini.it\/it\/papers\/la-confisca-preventiva-disposta-dalla-dia-puo-essere-revocata\/","title":{"rendered":"Confisca preventiva disposta dalla DIA. Revoca."},"content":{"rendered":"<div class=\"wpb-content-wrapper\"><p>[vc_row][vc_column][vc_row_inner][vc_column_inner width=&#8221;1\/2&#8243;][\/vc_column_inner][vc_column_inner width=&#8221;1\/2&#8243;][vc_btn title=&#8221;TORNA A PAPERS&#8221; align=&#8221;right&#8221; link=&#8221;url:https%3A%2F%2Fcarlozaccagnini.it%2Fit%2Fpapers%2F&#8221;][\/vc_column_inner][\/vc_row_inner][vc_empty_space height=&#8221;10px&#8221;][vc_column_text]<\/p>\n<h3><span style=\"color: #1f497d;\">La confisca preventiva per sproporzione tra il reddito dichiarato ed il patrimonio effettivamente esistente, disposta dalla DIA, pu\u00f2 essere revocata qualora il bene confiscato fosse stato oggetto di una simulazione?<\/span><\/h3>\n<p>[\/vc_column_text][vc_empty_space height=&#8221;50px&#8221;][\/vc_column][\/vc_row][vc_row][vc_column][vc_column_text]<span style=\"color: #333333;\"><strong> 1. Evoluzione storica della confisca.<\/strong><\/span><\/p>\n<p><span style=\"color: #333333;\">La misura patrimoniale di sicurezza della confisca dei beni di provenienza illecita nella disponibilit\u00e0 del condannato per il delitto di cui all\u2019art. 416-bis c.p., prevista dall\u2019art. 24 della L. 646\/1982, e la misura patrimoniale di prevenzione della confisca dei beni dell\u2019indiziato di appartenenza di tipo mafioso, introdotta all\u2019art. 2-ter della L. 575\/1965, furono il fulcro iniziale sul quale and\u00f2 in origine a posarsi la risposta dello Stato all\u2019accumulazione capitalistica mafiosa.<\/span><\/p>\n<p><span style=\"color: #333333;\">In seguito a vari interventi normativi venne approvato il D.L. 8 giugno 1992, n. 306 (c.d. decreto-legge Scotti-Martelli), convertito, con modificazioni, dalla l. 7 agosto 1992, n. 356.<\/span><\/p>\n<p><span style=\"color: #333333;\">L\u2019art. 12-quinquies, comma 2, di tale decreto-legge prevedeva la misura patrimoniale di sicurezza della confisca obbligatoria dei valori ingiustificatamente posseduti da parte delle persone condannate o \u201cpatteggianti\u201d per i delitti di associazione di tipo mafioso, estorsione, sequestro di persona a scopo di estorsione, usura, ricettazione di non lieve entit\u00e0, riciclaggio, impiego di denaro, beni o utilit\u00e0 di provenienza illecita, trasferimento fraudolento di valori, associazione finalizzata alla commissione di delitti in materia<\/span><\/p>\n<p><span style=\"color: #333333;\">di sostanze stupefacenti, produzione e traffico illeciti di non lieve entit\u00e0 di sostanze stupefacenti, contrabbando aggravato, finendo cos\u00ec con lo spostare su tale confisca-misura di sicurezza patrimoniale e sul processo penale il maggior peso della lotta contro le ricchezze di provenienza illecita.<\/span><\/p>\n<p><span style=\"color: #333333;\">Tuttavia, dopo che detto articolo venne dichiarato costituzionalmente illegittimo da parte della Corte Costituzionale <a style=\"color: #333333;\" href=\"#_ftn1\" name=\"_ftnref1\">[1]<\/a> con la sentenza n. 48 del febbraio 1994, fu introdotto in sua sostituzione con D.L. n. 399 del 20 giugno 1994 convertito con modificazioni dalla legge 501 del 1994 l\u2019art. 12 sexies.<\/span><\/p>\n<p><span style=\"color: #333333;\">Il legislatore quindi, ispirato dalle stesse ragioni di politica criminale dell&#8217;art. 12\u00a0<em>quinquies<\/em>, ha introdotto, a seguito della pronuncia della Corte Costituzionale, l&#8217;art. 12\u00a0<em>sexies<\/em>, con cui si \u00e8 voluto intaccare attraverso una misura di carattere patrimoniale le grandi ricchezze illecitamente accumulate, anche per interposta persona, dalla criminalit\u00e0 organizzata.<\/span><\/p>\n<p><span style=\"color: #333333;\">L&#8217;art. 12\u00a0<em>sexies<\/em>\u00a0non \u00e8 pi\u00f9 una fattispecie incriminatrice ma una misura di carattere patrimoniale, ossia una confisca di patrimoni derivanti da comportamenti che non sono affatto quelli dell&#8217;imputazione, poich\u00e9 la confisca di ci\u00f2 che costituisce prezzo, prodotto, profitto, mezzo di tale reato, \u00e8 gi\u00e0 prevista dall&#8217;art. 240 c.p. Quindi la novit\u00e0 consiste nell&#8217;introdurre un&#8217;altra tipologia di confisca di ricchezze provenienti da altri comportamenti; la dottrina ha, non a caso, parlato di sanzione senza reato.<\/span><\/p>\n<p><span style=\"color: #333333;\"><strong>\u00a0<\/strong><\/span><\/p>\n<p><span style=\"color: #333333;\"><strong> 2. Applicazioni giurisprudenziali.<\/strong><\/span><\/p>\n<p><span style=\"color: #333333;\">Di recente la Corte di Cassazione si \u00e8 pronunciata proprio riguardo il rapporto tra il reato e i beni sottoponibili a confisca allargata. Essa ha affermato che il sequestro preventivo e la successiva confisca dei beni patrimoniali previsti dall&#8217;articolo 12\u00a0<em>sexies<\/em>\u00a0non sono subordinati all&#8217;accertamento di un &#8220;nesso eziologico&#8221; tra i reati tassativamente enunciati nella norma di riferimento e i beni oggetto della cautela reale e del successivo provvedimento ablatorio, dal momento che il legislatore ha operato una presunzione di accumulazione senza distinguere se tali beni siano o meno derivati dal reato per il quale si procede o \u00e8 stata inflitta la condanna. Ne consegue che non \u00e8 necessaria la sussistenza del \u201cnesso di pertinenzialit\u00e0\u201d tra i beni e i reati ascritti al soggetto, bens\u00ec occorre la sussistenza di un vincolo, di significato peculiare e pi\u00f9 ampio, tra il bene e l&#8217;attivit\u00e0 delittuosa facente capo al soggetto, connotato dalla mancanza di giustificazione circa la legittima provenienza del patrimonio nel possesso del soggetto.<\/span><\/p>\n<p><span style=\"color: #333333;\">Tuttavia, \u00e8 stato introdotto recentemente, dalla giurisprudenza della Suprema Corte, l\u2019importantissimo principio: per dimostrare il carattere fittizio dell\u2019intestazione a terzo la giurisdizione non pu\u00f2 pi\u00f9 ricorrere alla presunzione, di carattere relativo, fondata sulla sproporzione dei valori posseduti. Una tale presunzione \u00e8 rimasta invariata solo nei riguardi del soggetto imputato (in caso di sequestro), ovvero condannato (per la confisca) ma mai nei confronti del terzo (Cass. Sez. I, 8 novembre 2012, n. 43221).<\/span><\/p>\n<p><span style=\"color: #333333;\">Una volta confermata la confisca di cui in parola, poniamo il caso che essa sia intervenuta su un bene solo apparentemente appartenente a quel soggetto per via, si faccia l\u2019esempio, di un contratto simulato.<\/span><\/p>\n<p><span style=\"color: #333333;\">Orbene significativa a riguardo appare la sentenza della Cass. pen., Sez. VI, 13 gennaio 2000, n. 220.<\/span><\/p>\n<p><span style=\"color: #333333;\">Ai sensi dell&#8217;art. <a style=\"color: #333333;\" href=\"lnk:\/\/APP=INFOUTET|OPERA=LEX|ID_DOC=61LX0000119980ART4\">2 <em>ter<\/em><\/a> <a style=\"color: #333333;\" href=\"lnk:\/\/APP=INFOUTET|OPERA=LEX|ID_DOC=61LX0000119980\">l. 31 maggio 1965 n. 575<\/a>, <strong>non pu\u00f2 essere sottoposta a misura di prevenzione patrimoniale un&#8217;autovettura se questa non sia pi\u00f9 in possesso n\u00e8 nella disponibilit\u00e0 diretta o indiretta del proposto alla misura <\/strong><a style=\"color: #333333;\" href=\"#_ftn2\" name=\"_ftnref2\">[2]<\/a> .<\/span><\/p>\n<p><span style=\"color: #333333;\">Inoltre, \u00e8 ricavabile dallo studio dell\u2019istituto civilistico della simulazione, come lo Stato che pone in essere la confisca, sia da considerarsi come un terzo che in buona fede abbia acquistato il bene oggetto del contratto simulato: per il principio dell\u2019 \u201caffidamento\u201d in capo ai terzi in buona fede, quanto da questi acquistato, pur se dal titolare fittizio del bene, resta nella loro signoria.<\/span><\/p>\n<p><span style=\"color: #333333;\">Qualora lo Stato, invece, fosse venuto a conoscenza della natura simulata del contratto che attiene al bene, e nonostante ci\u00f2, avesse completato la confisca, allora in tal caso sarebbe giusto affermare la possibilit\u00e0 di una revoca.<\/span><\/p>\n<p><span style=\"color: #333333;\">Revoca che per completezza della trattazione, pu\u00f2 essere disposta ai sensi dell\u2019art. 7 della l. 1423\/56 anche allorch\u00e9 venga dimostrata l&#8217;insussistenza del presupposto originario ( affiliazione del proposto alla criminalit\u00e0 organizzata ) che ha generato la misura ablatoria nei confronti del proposto medesimo. ( Cass. Sez. Un., 19 dicembre 2006, n. 57).<\/span><\/p>\n<p><span style=\"color: #333333;\">Decisiva ai fine della presente trattazione appare per\u00f2 Cass., Sez. I, 28 gennaio 2008, n. 8775. Questa sentenza risulta preziosa sia per la massima, sia per la mirabile ricostruzione storico-giurisprudenziale riguardante la revocabilit\u00e0 o meno della misura preventiva. Ne esponiamo alcuni brani significativi, i quali lumeggiano una volta per tutte sulla possibilit\u00e0 di poter ottenere una revoca del provvedimento confiscatorio per quei soggetti che si siano visti spogliare di un diritto reale solo fittiziamente trasferito in capo ad un terzo. Massime e considerazioni che si estendono anche alla simulazione:<\/span><\/p>\n<p><span style=\"color: #333333;\">\u201c<em>In tema di misure di prevenzione patrimoniali, qualora sia stata ordinata la confisca di un\u2019azienda ceduta al proposto mediante una vendita a rate con patto di riservato dominio, <strong>l\u2019effetto ablativo resta limitato al diritto che spettava all\u2019acquirente. <\/strong>Ne consegue che il venditore pu\u00f2 proporre incidente di esecuzione davanti al giudice penale per ottenere l\u2019accertamento della buona fede, che esclude l\u2019estinzione del diritto, e quindi far valere davanti al giudice civile le proprie pretese nei confronti dello Stato, subentrato al proposto per il mancato pagamento del prezzo<\/em>\u201d. Ancora, all\u2019interno della parte motiva \u201c<em>Il Tribunale ha quindi escluso che lo Stato, in sede di confisca dei beni del soggetto indiziato di appartenere ad associazioni di tipo mafioso, potesse conseguire un diritto maggiore e pi\u00f9 ampio rispetto a quello sottoposto a sequestro, in origine facente parte del destinatario del provvedimento, posto che un soggetto terzo, estraneo alle esigenze sottostanti alla misura di <strong>prevenzione<\/strong>, non poteva essere privato di diritti legittimamente acquisiti, ma che peraltro nell&#8217;incidente di esecuzione in sede penale fosse possibile, per il terzo, ottenere soltanto il riconoscimento della eventuale buona fede, quale adempimento necessario per potere poi esercitare l&#8217;azione per il soddisfacimento dei suoi diritti nei confronti dello Stato, successore a titolo particolare, in linea con il costante orientamento giurisprudenziale dell&#8217;acquisto a titolo derivativo<\/em>\u201d<em>;<\/em> \u201c<strong><em>nel caso in cui il terzo possa dimostrare direttamente ed indiscutibilmente il proprio diritto di propriet\u00e0 legittima ed esclusiva sul bene sequestrato o confiscato sull&#8217;erroneo presupposto che appartenesse all&#8217;indiziato, l&#8217;attuale arresto giurisprudenziale, dopo alterne vicende, consente in linea di massima di richiedere al giudice penale &#8211; sia in sede di giudizio di prevenzione, in occasione del quale il terzo deve essere citato ad intervenire, sia successivamente, in sede di incidente di esecuzione, qualora il terzo non sia stato citato nel precedente procedimento &#8211; l&#8217;accertamento della propriet\u00e0 dell&#8217;immobile in capo al terzo di buona fede, con la conseguente revoca della misura di prevenzione patrimoniale, mentre, nel caso invece di diritti reali limitati, con scissione delle facolt\u00e0 nell&#8217;ambito del diritto di propriet\u00e0, ovvero di diritti sottoposti a limitazioni o a condizioni, in genere la giurisprudenza riconosce la legittimazione del terzo ad intervenire nel giudizio di prevenzione ovvero, in alternativa, a proporre incidente di esecuzione, ma esclude poi il potere del giudice penale di accertare la sussistenza e l&#8217;ambito di applicazione dei diritti &#8220;in re aliena&#8221; o comunque dei diritti reali limitati, ritenendo trattarsi di questione civilistica che deve essere proposta davanti al giudice competente per la risoluzione delle controversie civili<\/em><\/strong>\u201d.<\/span><\/p>\n<p><span style=\"color: #333333;\"><a style=\"color: #333333;\" href=\"#_ftnref1\" name=\"_ftn1\">[1]<\/a> La Corte,\u00a0<em>in primis<\/em>, ha rilevato la violazione del principio di non colpevolezza di cui all&#8217;art. 27 della Costituzione, poich\u00e9 l&#8217;essere indiziati per taluni reati non pu\u00f2 automaticamente significare che la sproporzione tra beni posseduti e reddito dichiarato sia frutto di attivit\u00e0 illecita e, non pu\u00f2 quindi costituire una fattispecie incriminatrice. Ulteriore aspetto rilevato dalla Corte riguarda l&#8217;onere della prova, che in questa fattispecie risultava di fatto a carico dell&#8217;imputato, il quale doveva dimostrare la legittima provenienza del patrimonio incriminato.<\/span><\/p>\n<p><span style=\"color: #333333;\"><a style=\"color: #333333;\" href=\"#_ftnref2\" name=\"_ftn2\">[2]<\/a> Nel caso, il mezzo, intestato alla moglie del proposto, era stato consegnato, per la vendita, con rilascio di procura irrevocabile a vendere, a una ditta privata concessionaria di automobili, e il provvedimento con il quale era stata disposta la misura era stato annotato al Pra dopo tale consegna; la Cassazione ha annullato senza rinvio il provvedimento impugnato, col quale il tribunale, quale giudice dell&#8217;esecuzione, aveva rigettato l&#8217;istanza di dichiarazione di inefficacia del decreto di sequestro e di quello successivo di confisca, ordinando la restituzione dell&#8217;autovettura in favore del ricorrente, avente causa.<\/span>[\/vc_column_text][vc_empty_space][vc_column_text]<\/p>\n<h5>Roma, 5 Gennaio 2020 \u00a0\u00a0\u00a0\u00a0\u00a0\u00a0\u00a0\u00a0\u00a0\u00a0\u00a0\u00a0\u00a0\u00a0\u00a0\u00a0\u00a0\u00a0\u00a0\u00a0\u00a0\u00a0\u00a0\u00a0\u00a0\u00a0\u00a0\u00a0\u00a0\u00a0\u00a0\u00a0\u00a0\u00a0\u00a0\u00a0\u00a0\u00a0\u00a0\u00a0\u00a0\u00a0\u00a0\u00a0\u00a0 \u00a0 \u00a0 \u00a0 \u00a0 \u00a0 \u00a0 \u00a0 \u00a0 \u00a0 \u00a0 \u00a0 \u00a0 \u00a0 \u00a0 \u00a0 \u00a0 \u00a0 \u00a0\u00a0 <a href=\"https:\/\/carlozaccagnini.it\/it\/professionisti\/carlo-zaccagnini\/\">Avvocato Carlo Zaccagnini<\/a><\/h5>\n<p>[\/vc_column_text][vc_empty_space height=&#8221;70px&#8221;][\/vc_column][\/vc_row][vc_row css=&#8221;.vc_custom_1688383983319{background-color: #1f497d !important;}&#8221;][vc_column]<div class=\"mkdf-call-to-action-holder  mkdf-normal-layout  mkdf-three-quarters-columns\">\n\n\t<div class=\"mkdf-cta-inner \">\n\t\t<div class=\"mkdf-cta-icon-holder\">\n\t\t\t<span aria-hidden=\"true\" class=\"mkdf-icon-font-elegant  \" style=\"color: #ffffff;font-size: 30px\"><\/span>\t\t<\/div>\n\t\t<div class=\"mkdf-cta-text-holder\">\n\t\t\t<div class=\"mkdf-cta-text\">\n<h2 style=\"text-align: left;\"><span style=\"color: #165253;\"><span style=\"color: #ffffff;\">Dubbi o necessit\u00e0?<\/span><br \/>\n<\/span><\/h2>\n<\/div>\n\t\t<\/div>\n\t\t<div class=\"mkdf-cta-button-holder\" >\n\t\t\t<div class=\"mkdf-cta-button\"><a itemprop=\"url\" href=\"https:\/\/carlozaccagnini.it\/it\/contatti\/\" target=\"_self\" style=\"color: #ffffff;background-color: #1a2843;border-color: #1a2843\" class=\"mkdf-btn mkdf-btn-medium mkdf-btn-solid mkdf-btn-custom-hover-bg mkdf-btn-custom-border-hover mkdf-btn-custom-hover-color\" data-hover-color=\"#1a2843\" data-hover-bg-color=\"#f2f2ef\" data-hover-border-color=\"#1a2843\" >    <span class=\"mkdf-btn-text\">CONTATTACI<\/span>    <\/a><\/div>\n\t\t<\/div>\n\t<\/div>\n<\/div>[vc_empty_space height=&#8221;40px&#8221;][\/vc_column][\/vc_row][vc_row][vc_column][vc_empty_space height=&#8221;20px&#8221;][vc_column_text]<\/p>\n<p style=\"text-align: right;\"><strong><a href=\"https:\/\/carlozaccagnini.it\/it\/disclaimer\/\" target=\"_blank\" rel=\"noopener\">DISCLAIMER<\/a><\/strong><\/p>\n<p>[\/vc_column_text][\/vc_column][\/vc_row]<\/p>\n<\/div>","protected":false},"excerpt":{"rendered":"<p>[vc_row][vc_column][vc_row_inner][vc_column_inner width=&#8221;1\/2&#8243;][\/vc_column_inner][vc_column_inner width=&#8221;1\/2&#8243;][vc_btn title=&#8221;TORNA A PAPERS&#8221; align=&#8221;right&#8221; link=&#8221;url:https%3A%2F%2Fcarlozaccagnini.it%2Fit%2Fpapers%2F&#8221;][\/vc_column_inner][\/vc_row_inner][vc_empty_space height=&#8221;10px&#8221;][vc_column_text] La confisca preventiva per sproporzione tra il reddito dichiarato ed il patrimonio effettivamente esistente, disposta dalla DIA, pu\u00f2 essere revocata qualora [&hellip;]<\/p>\n","protected":false},"author":2,"featured_media":0,"parent":4116,"menu_order":0,"comment_status":"closed","ping_status":"closed","template":"","meta":{"footnotes":""},"class_list":["post-6171","page","type-page","status-publish","hentry"],"yoast_head":"<!-- This site is optimized with the Yoast SEO plugin v27.3 - https:\/\/yoast.com\/product\/yoast-seo-wordpress\/ -->\n<title>Confisca preventiva disposta dalla DIA. Revoca. | Studio Legale Avv. Carlo Zaccagnini<\/title>\n<meta name=\"description\" content=\"La confisca preventiva per sproporzione tra il reddito dichiarato ed il patrimonio effettivamente esistente, disposta dalla DIA, pu\u00f2 essere revocata qualora il bene confiscato fosse stato oggetto di una simulazione?\" \/>\n<meta name=\"robots\" content=\"index, follow, max-snippet:-1, max-image-preview:large, max-video-preview:-1\" \/>\n<link rel=\"canonical\" href=\"https:\/\/carlozaccagnini.it\/it\/papers\/la-confisca-preventiva-disposta-dalla-dia-puo-essere-revocata\/\" \/>\n<meta property=\"og:locale\" content=\"it_IT\" \/>\n<meta property=\"og:type\" content=\"article\" \/>\n<meta property=\"og:title\" content=\"Confisca preventiva disposta dalla DIA. Revoca. | Studio Legale Avv. Carlo Zaccagnini\" \/>\n<meta property=\"og:description\" content=\"La confisca preventiva per sproporzione tra il reddito dichiarato ed il patrimonio effettivamente esistente, disposta dalla DIA, pu\u00f2 essere revocata qualora il bene confiscato fosse stato oggetto di una simulazione?\" \/>\n<meta property=\"og:url\" content=\"https:\/\/carlozaccagnini.it\/it\/papers\/la-confisca-preventiva-disposta-dalla-dia-puo-essere-revocata\/\" \/>\n<meta property=\"og:site_name\" content=\"Studio Legale Avv. Carlo Zaccagnini\" \/>\n<meta property=\"article:modified_time\" content=\"2025-08-01T11:00:56+00:00\" \/>\n<meta name=\"twitter:card\" content=\"summary_large_image\" \/>\n<meta name=\"twitter:label1\" content=\"Tempo di lettura stimato\" \/>\n\t<meta name=\"twitter:data1\" content=\"9 minuti\" \/>\n<script type=\"application\/ld+json\" class=\"yoast-schema-graph\">{\"@context\":\"https:\\\/\\\/schema.org\",\"@graph\":[{\"@type\":\"WebPage\",\"@id\":\"https:\\\/\\\/carlozaccagnini.it\\\/it\\\/papers\\\/la-confisca-preventiva-disposta-dalla-dia-puo-essere-revocata\\\/\",\"url\":\"https:\\\/\\\/carlozaccagnini.it\\\/it\\\/papers\\\/la-confisca-preventiva-disposta-dalla-dia-puo-essere-revocata\\\/\",\"name\":\"Confisca preventiva disposta dalla DIA. Revoca. | Studio Legale Avv. Carlo Zaccagnini\",\"isPartOf\":{\"@id\":\"https:\\\/\\\/carlozaccagnini.it\\\/it\\\/#website\"},\"datePublished\":\"2023-08-02T09:30:51+00:00\",\"dateModified\":\"2025-08-01T11:00:56+00:00\",\"description\":\"La confisca preventiva per sproporzione tra il reddito dichiarato ed il patrimonio effettivamente esistente, disposta dalla DIA, pu\u00f2 essere revocata qualora il bene confiscato fosse stato oggetto di una simulazione?\",\"breadcrumb\":{\"@id\":\"https:\\\/\\\/carlozaccagnini.it\\\/it\\\/papers\\\/la-confisca-preventiva-disposta-dalla-dia-puo-essere-revocata\\\/#breadcrumb\"},\"inLanguage\":\"it-IT\",\"potentialAction\":[{\"@type\":\"ReadAction\",\"target\":[\"https:\\\/\\\/carlozaccagnini.it\\\/it\\\/papers\\\/la-confisca-preventiva-disposta-dalla-dia-puo-essere-revocata\\\/\"]}]},{\"@type\":\"BreadcrumbList\",\"@id\":\"https:\\\/\\\/carlozaccagnini.it\\\/it\\\/papers\\\/la-confisca-preventiva-disposta-dalla-dia-puo-essere-revocata\\\/#breadcrumb\",\"itemListElement\":[{\"@type\":\"ListItem\",\"position\":1,\"name\":\"Home\",\"item\":\"https:\\\/\\\/carlozaccagnini.it\\\/it\\\/\"},{\"@type\":\"ListItem\",\"position\":2,\"name\":\"White Papers\",\"item\":\"https:\\\/\\\/carlozaccagnini.it\\\/it\\\/papers\\\/\"},{\"@type\":\"ListItem\",\"position\":3,\"name\":\"Confisca preventiva disposta dalla DIA. Revoca.\"}]},{\"@type\":\"WebSite\",\"@id\":\"https:\\\/\\\/carlozaccagnini.it\\\/it\\\/#website\",\"url\":\"https:\\\/\\\/carlozaccagnini.it\\\/it\\\/\",\"name\":\"Studio Legale Avv. Carlo Zaccagnini\",\"description\":\"White Collar Crime Defence\",\"publisher\":{\"@id\":\"https:\\\/\\\/carlozaccagnini.it\\\/it\\\/#organization\"},\"potentialAction\":[{\"@type\":\"SearchAction\",\"target\":{\"@type\":\"EntryPoint\",\"urlTemplate\":\"https:\\\/\\\/carlozaccagnini.it\\\/it\\\/?s={search_term_string}\"},\"query-input\":{\"@type\":\"PropertyValueSpecification\",\"valueRequired\":true,\"valueName\":\"search_term_string\"}}],\"inLanguage\":\"it-IT\"},{\"@type\":\"Organization\",\"@id\":\"https:\\\/\\\/carlozaccagnini.it\\\/it\\\/#organization\",\"name\":\"Studio Legale Carlo Zaccagnini\",\"url\":\"https:\\\/\\\/carlozaccagnini.it\\\/it\\\/\",\"logo\":{\"@type\":\"ImageObject\",\"inLanguage\":\"it-IT\",\"@id\":\"https:\\\/\\\/carlozaccagnini.it\\\/it\\\/#\\\/schema\\\/logo\\\/image\\\/\",\"url\":\"https:\\\/\\\/carlozaccagnini.it\\\/wp-content\\\/uploads\\\/2018\\\/09\\\/cropped-icona.jpg\",\"contentUrl\":\"https:\\\/\\\/carlozaccagnini.it\\\/wp-content\\\/uploads\\\/2018\\\/09\\\/cropped-icona.jpg\",\"width\":512,\"height\":512,\"caption\":\"Studio Legale Carlo Zaccagnini\"},\"image\":{\"@id\":\"https:\\\/\\\/carlozaccagnini.it\\\/it\\\/#\\\/schema\\\/logo\\\/image\\\/\"}}]}<\/script>\n<!-- \/ Yoast SEO plugin. -->","yoast_head_json":{"title":"Confisca preventiva disposta dalla DIA. Revoca. | Studio Legale Avv. Carlo Zaccagnini","description":"La confisca preventiva per sproporzione tra il reddito dichiarato ed il patrimonio effettivamente esistente, disposta dalla DIA, pu\u00f2 essere revocata qualora il bene confiscato fosse stato oggetto di una simulazione?","robots":{"index":"index","follow":"follow","max-snippet":"max-snippet:-1","max-image-preview":"max-image-preview:large","max-video-preview":"max-video-preview:-1"},"canonical":"https:\/\/carlozaccagnini.it\/it\/papers\/la-confisca-preventiva-disposta-dalla-dia-puo-essere-revocata\/","og_locale":"it_IT","og_type":"article","og_title":"Confisca preventiva disposta dalla DIA. Revoca. | Studio Legale Avv. Carlo Zaccagnini","og_description":"La confisca preventiva per sproporzione tra il reddito dichiarato ed il patrimonio effettivamente esistente, disposta dalla DIA, pu\u00f2 essere revocata qualora il bene confiscato fosse stato oggetto di una simulazione?","og_url":"https:\/\/carlozaccagnini.it\/it\/papers\/la-confisca-preventiva-disposta-dalla-dia-puo-essere-revocata\/","og_site_name":"Studio Legale Avv. Carlo Zaccagnini","article_modified_time":"2025-08-01T11:00:56+00:00","twitter_card":"summary_large_image","twitter_misc":{"Tempo di lettura stimato":"9 minuti"},"schema":{"@context":"https:\/\/schema.org","@graph":[{"@type":"WebPage","@id":"https:\/\/carlozaccagnini.it\/it\/papers\/la-confisca-preventiva-disposta-dalla-dia-puo-essere-revocata\/","url":"https:\/\/carlozaccagnini.it\/it\/papers\/la-confisca-preventiva-disposta-dalla-dia-puo-essere-revocata\/","name":"Confisca preventiva disposta dalla DIA. Revoca. | Studio Legale Avv. Carlo Zaccagnini","isPartOf":{"@id":"https:\/\/carlozaccagnini.it\/it\/#website"},"datePublished":"2023-08-02T09:30:51+00:00","dateModified":"2025-08-01T11:00:56+00:00","description":"La confisca preventiva per sproporzione tra il reddito dichiarato ed il patrimonio effettivamente esistente, disposta dalla DIA, pu\u00f2 essere revocata qualora il bene confiscato fosse stato oggetto di una simulazione?","breadcrumb":{"@id":"https:\/\/carlozaccagnini.it\/it\/papers\/la-confisca-preventiva-disposta-dalla-dia-puo-essere-revocata\/#breadcrumb"},"inLanguage":"it-IT","potentialAction":[{"@type":"ReadAction","target":["https:\/\/carlozaccagnini.it\/it\/papers\/la-confisca-preventiva-disposta-dalla-dia-puo-essere-revocata\/"]}]},{"@type":"BreadcrumbList","@id":"https:\/\/carlozaccagnini.it\/it\/papers\/la-confisca-preventiva-disposta-dalla-dia-puo-essere-revocata\/#breadcrumb","itemListElement":[{"@type":"ListItem","position":1,"name":"Home","item":"https:\/\/carlozaccagnini.it\/it\/"},{"@type":"ListItem","position":2,"name":"White Papers","item":"https:\/\/carlozaccagnini.it\/it\/papers\/"},{"@type":"ListItem","position":3,"name":"Confisca preventiva disposta dalla DIA. Revoca."}]},{"@type":"WebSite","@id":"https:\/\/carlozaccagnini.it\/it\/#website","url":"https:\/\/carlozaccagnini.it\/it\/","name":"Studio Legale Avv. Carlo Zaccagnini","description":"White Collar Crime Defence","publisher":{"@id":"https:\/\/carlozaccagnini.it\/it\/#organization"},"potentialAction":[{"@type":"SearchAction","target":{"@type":"EntryPoint","urlTemplate":"https:\/\/carlozaccagnini.it\/it\/?s={search_term_string}"},"query-input":{"@type":"PropertyValueSpecification","valueRequired":true,"valueName":"search_term_string"}}],"inLanguage":"it-IT"},{"@type":"Organization","@id":"https:\/\/carlozaccagnini.it\/it\/#organization","name":"Studio Legale Carlo Zaccagnini","url":"https:\/\/carlozaccagnini.it\/it\/","logo":{"@type":"ImageObject","inLanguage":"it-IT","@id":"https:\/\/carlozaccagnini.it\/it\/#\/schema\/logo\/image\/","url":"https:\/\/carlozaccagnini.it\/wp-content\/uploads\/2018\/09\/cropped-icona.jpg","contentUrl":"https:\/\/carlozaccagnini.it\/wp-content\/uploads\/2018\/09\/cropped-icona.jpg","width":512,"height":512,"caption":"Studio Legale Carlo Zaccagnini"},"image":{"@id":"https:\/\/carlozaccagnini.it\/it\/#\/schema\/logo\/image\/"}}]}},"_links":{"self":[{"href":"https:\/\/carlozaccagnini.it\/it\/wp-json\/wp\/v2\/pages\/6171","targetHints":{"allow":["GET"]}}],"collection":[{"href":"https:\/\/carlozaccagnini.it\/it\/wp-json\/wp\/v2\/pages"}],"about":[{"href":"https:\/\/carlozaccagnini.it\/it\/wp-json\/wp\/v2\/types\/page"}],"author":[{"embeddable":true,"href":"https:\/\/carlozaccagnini.it\/it\/wp-json\/wp\/v2\/users\/2"}],"replies":[{"embeddable":true,"href":"https:\/\/carlozaccagnini.it\/it\/wp-json\/wp\/v2\/comments?post=6171"}],"version-history":[{"count":1,"href":"https:\/\/carlozaccagnini.it\/it\/wp-json\/wp\/v2\/pages\/6171\/revisions"}],"predecessor-version":[{"id":7111,"href":"https:\/\/carlozaccagnini.it\/it\/wp-json\/wp\/v2\/pages\/6171\/revisions\/7111"}],"up":[{"embeddable":true,"href":"https:\/\/carlozaccagnini.it\/it\/wp-json\/wp\/v2\/pages\/4116"}],"wp:attachment":[{"href":"https:\/\/carlozaccagnini.it\/it\/wp-json\/wp\/v2\/media?parent=6171"}],"curies":[{"name":"wp","href":"https:\/\/api.w.org\/{rel}","templated":true}]}}