{"id":6167,"date":"2023-08-02T11:23:19","date_gmt":"2023-08-02T09:23:19","guid":{"rendered":"https:\/\/carlozaccagnini.it\/?page_id=6167"},"modified":"2023-08-02T11:23:19","modified_gmt":"2023-08-02T09:23:19","slug":"il-difensore-puo-svolgere-indagini-difensive-allo-estero","status":"publish","type":"page","link":"https:\/\/carlozaccagnini.it\/it\/papers\/il-difensore-puo-svolgere-indagini-difensive-allo-estero\/","title":{"rendered":"Il difensore pu\u00f2 svolgere indagini difensive all&#8217;estero?"},"content":{"rendered":"<div class=\"wpb-content-wrapper\"><p>[vc_row][vc_column][vc_row_inner][vc_column_inner width=&#8221;1\/2&#8243;][\/vc_column_inner][vc_column_inner width=&#8221;1\/2&#8243;][vc_btn title=&#8221;TORNA A PAPERS&#8221; align=&#8221;right&#8221; link=&#8221;url:https%3A%2F%2Fcarlozaccagnini.it%2Fit%2Fpapers%2F&#8221;][\/vc_column_inner][\/vc_row_inner][vc_empty_space height=&#8221;10px&#8221;][vc_column_text]<\/p>\n<h3><span style=\"color: #1f497d;\">Il difensore pu\u00f2 svolgere indagini difensive all&#8217;estero??<\/span><\/h3>\n<p>[\/vc_column_text][vc_empty_space height=&#8221;50px&#8221;][\/vc_column][\/vc_row][vc_row][vc_column][vc_column_text]<strong><span style=\"color: #333333;\">La giurisprudenza nazionale esclude facolt\u00e0 di investigazione difensiva all\u2019estero.<\/span><\/strong><\/p>\n<p><span style=\"color: #333333;\">\u201c<em>In relazione alla inutilizzabilit\u00e0 delle investigazioni difensive, deve rilevarsi che la stessa discende dai principi generali del codice di procedura penale e, pur non essendo esplicitamente affermato che il difensore non pu\u00f2 recarsi all&#8217;estero a svolgere dette investigazioni, discende dall&#8217;ordinamento tale divieto, essendo evidente che, <strong>ai fini dell&#8217;utilizzabilit\u00e0 di atti compiuti all&#8217;estero, per tutte le parti processuali, deve essere esperita la procedura prevista dal codice in materia di rogatorie<\/strong>. Poich\u00e9 non \u00e8 prevista la possibilit\u00e0 per il difensore di ricorrere alla rogatoria all&#8217;estero, ne discende che tale tipo di atto non \u00e8 esperibile dal difensore mediante la disciplina prevista dall&#8217;art. 391 <\/em>bis<em> cpp ed egli ha l&#8217;obbligo di passare attraverso la richiesta al PM o al GIP, affinch\u00e9 costoro attivino la procedura della rogatoria internazionale. D&#8217;altronde, tramite le indagini difensive non \u00e8 esperibile ogni tipo di atto: il legislatore ha limitato l&#8217;oggetto delle indagini all&#8217;assunzione di dichiarazioni, alla richiesta di documentazione, all&#8217;accesso ai luoghi, ma ad esempio non ha previsto la possibilit\u00e0 di effettuare accertamenti tecnici irripetibili, in relazione ai quali il difensore ha l&#8217;obbligo di inoltrare richiesta al PM<\/em>\u201d (Cass. Pen. Sez. I, 19 giugno 2007, n. 23967, Kaneva, in Cass. Pen., 2008, p. 4707).<\/span><\/p>\n<p><span style=\"color: #333333;\">\u00c8 ritenuto unico mezzo atto allo scopo, idoneo ad evitare questioni sulla utilizzabilit\u00e0 delle prove raccolte all\u2019estero, quello della <strong>rogatoria<\/strong> (artt. 723 ss. c.p.p.). Tuttavia :<\/span><\/p>\n<p><span style=\"color: #333333;\">&#8211; La procedura rogatoriale pu\u00f2 essere attivata solo dai Giudici e dall\u2019Organo Inquirente, per il tramite del Ministro di Grazia e Giustizia, attesa la previsione di cui all\u2019art. 727, primo comma, c.p.p.<\/span><\/p>\n<p><span style=\"color: #333333;\">&#8211; Ci\u00f2 implica che il difensore che vuole raccogliere una prova all\u2019estero, al fine di preservarne l\u2019utilizzabilit\u00e0 in sede giurisdizionale italiana, deve avanzare apposita istanza di attivazione della procedura rogatoriale all\u2019Autorit\u00e0 Giudiziaria o all\u2019Inquirente, con le seguenti conseguenze : (i) la Procura viene a conoscenza <em>ante<\/em> <em>causam<\/em> della strategia difensiva seguita dal difensore ; (ii) l\u2019Autorit\u00e0 Giudiziaria e l\u2019Inquirente, conservando potere discrezionale insindacabile sull\u2019opportunit\u00e0 di attivare la procedura, potrebbero respingere la richiesta formulata dalla difesa, di fatti impendendo l\u2019assunzione di una prova ed il suo futuro ingresso nel procedimento penale italiano : il pubblico ministero non \u00e8 obbligato in senso proprio a svolgere attivit\u00e0 d\u2019indagine a favore dell\u2019indagato ed un\u2019eventuale richiesta di incidente probatorio formulata al Giudice \u00e8 soggetta a limiti pi\u00f9 forti di quelli nazionali.<\/span><\/p>\n<p>&nbsp;<\/p>\n<p><span style=\"color: #333333;\">La dottrina <a style=\"color: #333333;\" href=\"#_ftn1\" name=\"_ftnref1\">[1]<\/a> , difendendo il principio di parit\u00e0 delle armi tra accusa e difesa come base del principio del contraddittorio affermato dall\u2019art. 111 Cost., ritiene insostenibile la conclusione raggiunta dalla giurisprudenza di legittimit\u00e0 : dall\u2019art. 729 c.p.p. non si deduce un divieto implicito di ricerca difensiva di prove <em>pro<\/em> <em>reo<\/em> al di fuori della rogatoria. La rogatoria, difatti, si rende necessaria quando un soggetto pubblico proceda ad attivit\u00e0 d\u2019ufficio oltre i confini nazionali, ed \u00e8 questo quello che regola espressamente, non quando ad agire sia il difensore nell\u2019esercizio delle proprie indagini.<\/span><\/p>\n<p><span style=\"color: #333333;\">Conclusione che non muta neppure se si aderisce a quell\u2019orientamento esegetico che attribuisce natura di atto pubblico del verbale delle indagini redatto dal difensore ; quest\u2019ultimo non agisce quale manifestazione del potere statale, bens\u00ec come soggetto privato, pertanto non \u00e8 inquadrabile in una funzione giudiziaria sottoposta alla rogatoria.<\/span><\/p>\n<p><span style=\"color: #333333;\"><em>Nulla<\/em> <em>quaestio<\/em>, pertanto, sul diritto all\u2019indagine difensiva all\u2019estero : il difensore pu\u00f2 individuare <em>extra<\/em> <em>moenia<\/em> persone che riferiscano circostanze utili e pu\u00f2 conferire con le stesse per valutarne l\u2019utilit\u00e0 a scopi difensivi, in sostanza pu\u00f2 compiere il colloquio esplorativo <em>ex<\/em> art. 391 <em>bis<\/em> c.p.p. non documentato.\u00a0<\/span><\/p>\n<p><span style=\"color: #333333;\"><strong>Il problema che si pone \u00e8 legato all\u2019utilizzabilit\u00e0 del dato probatorio raccolto.<\/strong> Ad avviso della dottrina, il risultato dell\u2019investigazione sarebbe utilizzabile sulla scorta delle disposizioni:<\/span><\/p>\n<p><span style=\"color: #333333;\"><strong>&#8211; 512 <em>bis<\/em> c.p.p.<\/strong> : indirettamente si pu\u00f2 desumere, sebbene l\u2019art. 391 <em>decies<\/em> c.p.p. non vi faccia riferimento, che, potendosi dare lettura dei verbali di dichiarazioni rese da persona residente all\u2019estero \u201canche\u201d (ma non solo) a seguito di rogatoria, il difensore le possa raccogliere e quindi indagare <em>ultra<\/em> <em>fine<\/em>;<\/span><\/p>\n<p><span style=\"color: #333333;\"><strong> &#8211; 431 c.p.p.<\/strong> : lascia intendere che vi sono atti allogeni acquisiti o ancora da assumere, acquisibili o partecipati dalla difesa anche in forma di prove dichiarative. La lettera f) consente l\u2019ingresso nel fascicolo per il dibattimento di atti diversi (da quelli indicati alla lettera d) della disposizione), assunti all\u2019estero a seguito di rogatoria ai quali il difensore \u00e8 stato posto in grado di assistere e di esercitare le facolt\u00e0 consentitegli dalla legge italiana, compresi quelli delle indagini difensive.<\/span><\/p>\n<p><span style=\"color: #333333;\">Si segnalano, comunque, precedenti di ricorso e utilizzo giudiziale di un &#8216;<em>affidavit<\/em>&#8216; raccolto da un notaio all&#8217;estero, in cui erano riportate le dichiarazioni di una persona informata sui fatti.<\/span><\/p>\n<p><span style=\"color: #333333;\"><strong>\u00a0<\/strong><\/span><\/p>\n<p><span style=\"color: #333333;\"><strong>ORDINE EUROPEO DI INDAGINE PENALE ED INVESTIGAZIONI DIFENSIVE<br \/>\n<\/strong><\/span><span style=\"color: #333333;\">Il fattore innovativo introdotto nell\u2019art. 1 par. 3 Direttiva 2014\/41\/UE, in vigore dal 22 maggio 2017, consiste nel riconoscimento formale anche al difensore della legittimazione a richiedere l\u2019emissione di un ordine di indagine (OEI) \u201c<em>nel quadro dei diritti della difesa applicabili conformemente al diritto e alla procedura penale nazionale<\/em>\u201d. Con dei limiti :<\/span><\/p>\n<p><span style=\"color: #333333;\">&#8211; soggettivi: il difensore che pu\u00f2 richiedere un OEI \u00e8 solo il difensore dell\u2019indagato\/imputato, non quello delle altre parti private o di altri soggetti interessati all\u2019esito del processo (es. la vittima, in controtendenza con le ultime direttive europee)<\/span><\/p>\n<p><span style=\"color: #333333;\">&#8211; oggettivi: al difensore \u00e8 riconosciuto solo un accesso all\u2019OEI mediato dall\u2019autorit\u00e0 giudiziaria che assume in tal senso una decisione insindacabile di cui \u00e8 lasciata traccia nel fascicolo (art. 31). Al contrario, il pubblico ministero conserva un accesso diretto alla procedura, con conseguente accentuazione della disparit\u00e0 di trattamento.<\/span><\/p>\n<p><span style=\"color: #333333;\">Di fatto, tuttavia, nulla muta rispetto alla disciplina della rogatoria.<\/span><\/p>\n<p>&nbsp;<\/p>\n<p><span style=\"color: #333333;\"><strong>CONCLUSIONI<br \/>\n<\/strong><\/span><span style=\"color: #333333;\">Lo stato dell\u2019arte in materia di investigazioni difensive all\u2019estero riconosce un astratto diritto a compiere le stesse, conservando problemi controversi di utilizzabilit\u00e0 dei risultati conseguiti.<\/span><\/p>\n<p><span style=\"color: #333333;\">Problema di utilizzabilit\u00e0 che potrebbe essere superato in via interpretativa attraverso una lettura costituzionalmente orientata degli artt. 512 <em>bis<\/em> e 431 c.p.p. ovvero attraverso la sottoposizione di una questione di legittimit\u00e0 alla Corte costituzionale sull\u2019art. 391 <em>bis<\/em> c.p.p. per violazione degli artt. 3, 24 e 111 della Costituzione, sullo sfondo dell\u2019enunciato principio di parit\u00e0 tra accusa e difesa nel contraddittorio, nella parte in cui non prevede che il difensore possa svolgere le attivit\u00e0 difensive <em>ultra<\/em> <em>fines<\/em> conservando l\u2019utilizzabilit\u00e0 nel territorio italiano dei risultati acquisiti. \u00a0<\/span><\/p>\n<p><span style=\"color: #333333;\"><a style=\"color: #333333;\" href=\"#_ftnref1\" name=\"_ftn1\">[1]<\/a> Cfr. grifantini, <em>Ordine europeo di indagine penale e investigazioni difensive<\/em>, <em>Proc. pen. e giust<\/em>., 2016, n. 6, pag. 4, nota 10.<\/span>[\/vc_column_text][vc_empty_space][vc_column_text]<\/p>\n<h5>Roma, 15 Luglio 2023 \u00a0\u00a0\u00a0\u00a0\u00a0\u00a0\u00a0\u00a0\u00a0\u00a0\u00a0\u00a0\u00a0\u00a0\u00a0\u00a0\u00a0\u00a0\u00a0\u00a0\u00a0\u00a0\u00a0\u00a0\u00a0\u00a0\u00a0\u00a0\u00a0\u00a0\u00a0\u00a0\u00a0\u00a0\u00a0\u00a0\u00a0\u00a0\u00a0\u00a0\u00a0\u00a0\u00a0\u00a0\u00a0\u00a0\u00a0 \u00a0 \u00a0 \u00a0 \u00a0 \u00a0 \u00a0 \u00a0 \u00a0 \u00a0 \u00a0 \u00a0 \u00a0 \u00a0 \u00a0 \u00a0 \u00a0 \u00a0 \u00a0\u00a0 <a href=\"https:\/\/carlozaccagnini.it\/it\/professionisti\/carlo-zaccagnini\/\">Avvocato Carlo Zaccagnini<\/a><\/h5>\n<p>[\/vc_column_text][vc_empty_space height=&#8221;70px&#8221;][\/vc_column][\/vc_row][vc_row css=&#8221;.vc_custom_1688383983319{background-color: #1f497d !important;}&#8221;][vc_column]<div class=\"mkdf-call-to-action-holder  mkdf-normal-layout  mkdf-three-quarters-columns\">\n\n\t<div class=\"mkdf-cta-inner \">\n\t\t<div class=\"mkdf-cta-icon-holder\">\n\t\t\t<span aria-hidden=\"true\" class=\"mkdf-icon-font-elegant  \" style=\"color: #ffffff;font-size: 30px\"><\/span>\t\t<\/div>\n\t\t<div class=\"mkdf-cta-text-holder\">\n\t\t\t<div class=\"mkdf-cta-text\">\n<h2 style=\"text-align: left;\"><span style=\"color: #165253;\"><span style=\"color: #ffffff;\">Dubbi o necessit\u00e0?<\/span><br \/>\n<\/span><\/h2>\n<\/div>\n\t\t<\/div>\n\t\t<div class=\"mkdf-cta-button-holder\" >\n\t\t\t<div class=\"mkdf-cta-button\"><a itemprop=\"url\" href=\"https:\/\/carlozaccagnini.it\/it\/contatti\/\" target=\"_self\" style=\"color: #ffffff;background-color: #1a2843;border-color: #1a2843\" class=\"mkdf-btn mkdf-btn-medium mkdf-btn-solid mkdf-btn-custom-hover-bg mkdf-btn-custom-border-hover mkdf-btn-custom-hover-color\" data-hover-color=\"#1a2843\" data-hover-bg-color=\"#f2f2ef\" data-hover-border-color=\"#1a2843\" >    <span class=\"mkdf-btn-text\">CONTATTACI<\/span>    <\/a><\/div>\n\t\t<\/div>\n\t<\/div>\n<\/div>[vc_empty_space height=&#8221;40px&#8221;][\/vc_column][\/vc_row][vc_row][vc_column][vc_empty_space height=&#8221;20px&#8221;][vc_column_text]<\/p>\n<p style=\"text-align: right;\"><strong><a href=\"https:\/\/carlozaccagnini.it\/it\/disclaimer\/\" target=\"_blank\" rel=\"noopener\">DISCLAIMER<\/a><\/strong><\/p>\n<p>[\/vc_column_text][\/vc_column][\/vc_row]<\/p>\n<\/div>","protected":false},"excerpt":{"rendered":"<p>[vc_row][vc_column][vc_row_inner][vc_column_inner width=&#8221;1\/2&#8243;][\/vc_column_inner][vc_column_inner width=&#8221;1\/2&#8243;][vc_btn title=&#8221;TORNA A PAPERS&#8221; align=&#8221;right&#8221; link=&#8221;url:https%3A%2F%2Fcarlozaccagnini.it%2Fit%2Fpapers%2F&#8221;][\/vc_column_inner][\/vc_row_inner][vc_empty_space height=&#8221;10px&#8221;][vc_column_text] Il difensore pu\u00f2 svolgere indagini difensive all&#8217;estero?? [\/vc_column_text][vc_empty_space height=&#8221;50px&#8221;][\/vc_column][\/vc_row][vc_row][vc_column][vc_column_text]La giurisprudenza nazionale esclude facolt\u00e0 di investigazione difensiva all\u2019estero. \u201cIn relazione alla inutilizzabilit\u00e0 [&hellip;]<\/p>\n","protected":false},"author":2,"featured_media":0,"parent":4116,"menu_order":0,"comment_status":"closed","ping_status":"closed","template":"","meta":{"footnotes":""},"class_list":["post-6167","page","type-page","status-publish","hentry"],"yoast_head":"<!-- This site is optimized with the Yoast SEO plugin v27.3 - https:\/\/yoast.com\/product\/yoast-seo-wordpress\/ -->\n<title>Il difensore pu\u00f2 svolgere indagini difensive all&#039;estero? | Studio Legale Avv. Carlo Zaccagnini<\/title>\n<meta name=\"description\" content=\"Il difensore pu\u00f2 svolgere indagini difensive all&#039;estero?\" \/>\n<meta name=\"robots\" content=\"index, follow, max-snippet:-1, max-image-preview:large, max-video-preview:-1\" \/>\n<link rel=\"canonical\" href=\"https:\/\/carlozaccagnini.it\/it\/papers\/il-difensore-puo-svolgere-indagini-difensive-allo-estero\/\" \/>\n<meta property=\"og:locale\" content=\"it_IT\" \/>\n<meta property=\"og:type\" content=\"article\" \/>\n<meta property=\"og:title\" content=\"Il difensore pu\u00f2 svolgere indagini difensive all&#039;estero? | Studio Legale Avv. Carlo Zaccagnini\" \/>\n<meta property=\"og:description\" content=\"Il difensore pu\u00f2 svolgere indagini difensive all&#039;estero?\" \/>\n<meta property=\"og:url\" content=\"https:\/\/carlozaccagnini.it\/it\/papers\/il-difensore-puo-svolgere-indagini-difensive-allo-estero\/\" \/>\n<meta property=\"og:site_name\" content=\"Studio Legale Avv. Carlo Zaccagnini\" \/>\n<meta name=\"twitter:card\" content=\"summary_large_image\" \/>\n<meta name=\"twitter:label1\" content=\"Tempo di lettura stimato\" \/>\n\t<meta name=\"twitter:data1\" content=\"6 minuti\" \/>\n<script type=\"application\/ld+json\" class=\"yoast-schema-graph\">{\"@context\":\"https:\\\/\\\/schema.org\",\"@graph\":[{\"@type\":\"WebPage\",\"@id\":\"https:\\\/\\\/carlozaccagnini.it\\\/it\\\/papers\\\/il-difensore-puo-svolgere-indagini-difensive-allo-estero\\\/\",\"url\":\"https:\\\/\\\/carlozaccagnini.it\\\/it\\\/papers\\\/il-difensore-puo-svolgere-indagini-difensive-allo-estero\\\/\",\"name\":\"Il difensore pu\u00f2 svolgere indagini difensive all'estero? | Studio Legale Avv. Carlo Zaccagnini\",\"isPartOf\":{\"@id\":\"https:\\\/\\\/carlozaccagnini.it\\\/it\\\/#website\"},\"datePublished\":\"2023-08-02T09:23:19+00:00\",\"description\":\"Il difensore pu\u00f2 svolgere indagini difensive all'estero?\",\"breadcrumb\":{\"@id\":\"https:\\\/\\\/carlozaccagnini.it\\\/it\\\/papers\\\/il-difensore-puo-svolgere-indagini-difensive-allo-estero\\\/#breadcrumb\"},\"inLanguage\":\"it-IT\",\"potentialAction\":[{\"@type\":\"ReadAction\",\"target\":[\"https:\\\/\\\/carlozaccagnini.it\\\/it\\\/papers\\\/il-difensore-puo-svolgere-indagini-difensive-allo-estero\\\/\"]}]},{\"@type\":\"BreadcrumbList\",\"@id\":\"https:\\\/\\\/carlozaccagnini.it\\\/it\\\/papers\\\/il-difensore-puo-svolgere-indagini-difensive-allo-estero\\\/#breadcrumb\",\"itemListElement\":[{\"@type\":\"ListItem\",\"position\":1,\"name\":\"Home\",\"item\":\"https:\\\/\\\/carlozaccagnini.it\\\/it\\\/\"},{\"@type\":\"ListItem\",\"position\":2,\"name\":\"White Papers\",\"item\":\"https:\\\/\\\/carlozaccagnini.it\\\/it\\\/papers\\\/\"},{\"@type\":\"ListItem\",\"position\":3,\"name\":\"Il difensore pu\u00f2 svolgere indagini difensive all&#8217;estero?\"}]},{\"@type\":\"WebSite\",\"@id\":\"https:\\\/\\\/carlozaccagnini.it\\\/it\\\/#website\",\"url\":\"https:\\\/\\\/carlozaccagnini.it\\\/it\\\/\",\"name\":\"Studio Legale Avv. Carlo Zaccagnini\",\"description\":\"White Collar Crime Defence\",\"publisher\":{\"@id\":\"https:\\\/\\\/carlozaccagnini.it\\\/it\\\/#organization\"},\"potentialAction\":[{\"@type\":\"SearchAction\",\"target\":{\"@type\":\"EntryPoint\",\"urlTemplate\":\"https:\\\/\\\/carlozaccagnini.it\\\/it\\\/?s={search_term_string}\"},\"query-input\":{\"@type\":\"PropertyValueSpecification\",\"valueRequired\":true,\"valueName\":\"search_term_string\"}}],\"inLanguage\":\"it-IT\"},{\"@type\":\"Organization\",\"@id\":\"https:\\\/\\\/carlozaccagnini.it\\\/it\\\/#organization\",\"name\":\"Studio Legale Carlo Zaccagnini\",\"url\":\"https:\\\/\\\/carlozaccagnini.it\\\/it\\\/\",\"logo\":{\"@type\":\"ImageObject\",\"inLanguage\":\"it-IT\",\"@id\":\"https:\\\/\\\/carlozaccagnini.it\\\/it\\\/#\\\/schema\\\/logo\\\/image\\\/\",\"url\":\"https:\\\/\\\/carlozaccagnini.it\\\/wp-content\\\/uploads\\\/2018\\\/09\\\/cropped-icona.jpg\",\"contentUrl\":\"https:\\\/\\\/carlozaccagnini.it\\\/wp-content\\\/uploads\\\/2018\\\/09\\\/cropped-icona.jpg\",\"width\":512,\"height\":512,\"caption\":\"Studio Legale Carlo Zaccagnini\"},\"image\":{\"@id\":\"https:\\\/\\\/carlozaccagnini.it\\\/it\\\/#\\\/schema\\\/logo\\\/image\\\/\"}}]}<\/script>\n<!-- \/ Yoast SEO plugin. -->","yoast_head_json":{"title":"Il difensore pu\u00f2 svolgere indagini difensive all'estero? | Studio Legale Avv. Carlo Zaccagnini","description":"Il difensore pu\u00f2 svolgere indagini difensive all'estero?","robots":{"index":"index","follow":"follow","max-snippet":"max-snippet:-1","max-image-preview":"max-image-preview:large","max-video-preview":"max-video-preview:-1"},"canonical":"https:\/\/carlozaccagnini.it\/it\/papers\/il-difensore-puo-svolgere-indagini-difensive-allo-estero\/","og_locale":"it_IT","og_type":"article","og_title":"Il difensore pu\u00f2 svolgere indagini difensive all'estero? | Studio Legale Avv. Carlo Zaccagnini","og_description":"Il difensore pu\u00f2 svolgere indagini difensive all'estero?","og_url":"https:\/\/carlozaccagnini.it\/it\/papers\/il-difensore-puo-svolgere-indagini-difensive-allo-estero\/","og_site_name":"Studio Legale Avv. Carlo Zaccagnini","twitter_card":"summary_large_image","twitter_misc":{"Tempo di lettura stimato":"6 minuti"},"schema":{"@context":"https:\/\/schema.org","@graph":[{"@type":"WebPage","@id":"https:\/\/carlozaccagnini.it\/it\/papers\/il-difensore-puo-svolgere-indagini-difensive-allo-estero\/","url":"https:\/\/carlozaccagnini.it\/it\/papers\/il-difensore-puo-svolgere-indagini-difensive-allo-estero\/","name":"Il difensore pu\u00f2 svolgere indagini difensive all'estero? | Studio Legale Avv. Carlo Zaccagnini","isPartOf":{"@id":"https:\/\/carlozaccagnini.it\/it\/#website"},"datePublished":"2023-08-02T09:23:19+00:00","description":"Il difensore pu\u00f2 svolgere indagini difensive all'estero?","breadcrumb":{"@id":"https:\/\/carlozaccagnini.it\/it\/papers\/il-difensore-puo-svolgere-indagini-difensive-allo-estero\/#breadcrumb"},"inLanguage":"it-IT","potentialAction":[{"@type":"ReadAction","target":["https:\/\/carlozaccagnini.it\/it\/papers\/il-difensore-puo-svolgere-indagini-difensive-allo-estero\/"]}]},{"@type":"BreadcrumbList","@id":"https:\/\/carlozaccagnini.it\/it\/papers\/il-difensore-puo-svolgere-indagini-difensive-allo-estero\/#breadcrumb","itemListElement":[{"@type":"ListItem","position":1,"name":"Home","item":"https:\/\/carlozaccagnini.it\/it\/"},{"@type":"ListItem","position":2,"name":"White Papers","item":"https:\/\/carlozaccagnini.it\/it\/papers\/"},{"@type":"ListItem","position":3,"name":"Il difensore pu\u00f2 svolgere indagini difensive all&#8217;estero?"}]},{"@type":"WebSite","@id":"https:\/\/carlozaccagnini.it\/it\/#website","url":"https:\/\/carlozaccagnini.it\/it\/","name":"Studio Legale Avv. Carlo Zaccagnini","description":"White Collar Crime Defence","publisher":{"@id":"https:\/\/carlozaccagnini.it\/it\/#organization"},"potentialAction":[{"@type":"SearchAction","target":{"@type":"EntryPoint","urlTemplate":"https:\/\/carlozaccagnini.it\/it\/?s={search_term_string}"},"query-input":{"@type":"PropertyValueSpecification","valueRequired":true,"valueName":"search_term_string"}}],"inLanguage":"it-IT"},{"@type":"Organization","@id":"https:\/\/carlozaccagnini.it\/it\/#organization","name":"Studio Legale Carlo Zaccagnini","url":"https:\/\/carlozaccagnini.it\/it\/","logo":{"@type":"ImageObject","inLanguage":"it-IT","@id":"https:\/\/carlozaccagnini.it\/it\/#\/schema\/logo\/image\/","url":"https:\/\/carlozaccagnini.it\/wp-content\/uploads\/2018\/09\/cropped-icona.jpg","contentUrl":"https:\/\/carlozaccagnini.it\/wp-content\/uploads\/2018\/09\/cropped-icona.jpg","width":512,"height":512,"caption":"Studio Legale Carlo Zaccagnini"},"image":{"@id":"https:\/\/carlozaccagnini.it\/it\/#\/schema\/logo\/image\/"}}]}},"_links":{"self":[{"href":"https:\/\/carlozaccagnini.it\/it\/wp-json\/wp\/v2\/pages\/6167","targetHints":{"allow":["GET"]}}],"collection":[{"href":"https:\/\/carlozaccagnini.it\/it\/wp-json\/wp\/v2\/pages"}],"about":[{"href":"https:\/\/carlozaccagnini.it\/it\/wp-json\/wp\/v2\/types\/page"}],"author":[{"embeddable":true,"href":"https:\/\/carlozaccagnini.it\/it\/wp-json\/wp\/v2\/users\/2"}],"replies":[{"embeddable":true,"href":"https:\/\/carlozaccagnini.it\/it\/wp-json\/wp\/v2\/comments?post=6167"}],"version-history":[{"count":0,"href":"https:\/\/carlozaccagnini.it\/it\/wp-json\/wp\/v2\/pages\/6167\/revisions"}],"up":[{"embeddable":true,"href":"https:\/\/carlozaccagnini.it\/it\/wp-json\/wp\/v2\/pages\/4116"}],"wp:attachment":[{"href":"https:\/\/carlozaccagnini.it\/it\/wp-json\/wp\/v2\/media?parent=6167"}],"curies":[{"name":"wp","href":"https:\/\/api.w.org\/{rel}","templated":true}]}}