{"id":6161,"date":"2023-08-01T17:45:10","date_gmt":"2023-08-01T15:45:10","guid":{"rendered":"https:\/\/carlozaccagnini.it\/?page_id=6161"},"modified":"2023-08-01T17:46:38","modified_gmt":"2023-08-01T15:46:38","slug":"posso-essere-condannato-sull-base-della-sola-testimonianza-della-vittima-del-reato-che-sia-costituita-parte-civile-contro-di-me","status":"publish","type":"page","link":"https:\/\/carlozaccagnini.it\/it\/papers\/posso-essere-condannato-sulla-base-della-sola-testimonianza-della-vittima-del-reato-che-sia-costituita-parte-civile-contro-di-me\/","title":{"rendered":"Posso essere condannato sulla base della sola testimonianza della vittima del reato?"},"content":{"rendered":"<div class=\"wpb-content-wrapper\"><p>[vc_row][vc_column][vc_row_inner][vc_column_inner width=&#8221;1\/2&#8243;][\/vc_column_inner][vc_column_inner width=&#8221;1\/2&#8243;][vc_btn title=&#8221;TORNA A PAPERS&#8221; align=&#8221;right&#8221; link=&#8221;url:https%3A%2F%2Fcarlozaccagnini.it%2Fit%2Fpapers%2F&#8221;][\/vc_column_inner][\/vc_row_inner][vc_empty_space height=&#8221;10px&#8221;][vc_column_text]<\/p>\n<h3><span style=\"color: #1f497d;\">Posso essere condannato sull base della sola testimonianza della vittima del reato che sia costituita parte civile contro di me?<br \/>\n<\/span><\/h3>\n<p>[\/vc_column_text][vc_empty_space height=&#8221;50px&#8221;][\/vc_column][\/vc_row][vc_row][vc_column][vc_column_text]<span style=\"color: #333333;\">La \u00a0semplice deposizione della persona offesa in assenza di altre testimonianze che la confermino o di altri elementi che ne sorreggano l&#8217;attendibilit\u00e0 basta al Giudice per giungere alla sentenza di colpevolezza dell\u2019imputato.<\/span><\/p>\n<p><span style=\"color: #333333;\">Il principio suddetto tutela quei casi ove il delitto \u00e8 commesso in danno della vittima del reatoin assenza di altri testimoni e che,in assenza di esso,resterebbero impuniti.<\/span><\/p>\n<p><span style=\"color: #333333;\">Tuttavia, quando \u00e8 solo la vittima del reato a colpire con le proprie dichiarazioni l\u2019indagato o l\u2019imputato, il Giudice dovr\u00e0 dare conto, nella <strong>motivazione<\/strong> della sentenza, delle ragioni per <strong>cui ha ritenuto credibili e fondate le deposizioni della vittima. Ci\u00f2 vale soprattutto quando la vittima del reato s\u00ec sia costituita parte civile<\/strong> ovverosia vada chiedendo un risarcimento economico all\u2019imputato.<\/span><\/p>\n<ol>\n<li><span style=\"color: #333333;\">Il Giudice, in particolare, non pu\u00f2 sottrarsi al dovere di esaminare i <strong><em>motivi di sospetto<\/em><\/strong> rispetto alla testimonianza della persona offesa, nei casi in cui la stessa sia portatrice di un interesse economico. S\u00ec pensi al caso di una falsa accusa da parte della presunta Vittima del delitto che abbia mosso quella cosa nei confronti dell\u2019imputato unicamente per ottenere dallo stesso un ristoro economico non dovuto. Un simile comportamento illecito da parte della persona offesa querelante potrebbe \u00a0essere determinatoad esempio da un credito che la vittima del reato riteneva di avere nei confronti dell\u2019imputato e che tenta di riottenere accusando falsamente l\u2019imputato.<\/span><\/li>\n<\/ol>\n<p><span style=\"color: #333333;\">Con la recente <strong>sentenza n. 5 del 2 gennaio 2017<\/strong>, si \u00e8 ribadito in termini chela testimonianza della persona offesa pu\u00f2 essere posta da sola a fondamento dell\u2019affermazione di responsabilit\u00e0 penale dell\u2019imputato, <strong>previaverifica<\/strong>, corredata da idonea motivazione, <strong>della <em>credibilit\u00e0s oggettiva del dichiarante<\/em> e <em>dell\u2019attendibilit\u00e0 intrinseca<\/em> del suo racconto, che in tal caso deve essere pi\u00f9 penetrante e rigoroso rispetto a quello a cui vengono sottoposte le dichiarazioni di qualsiasi testimone<\/strong>.<\/span><\/p>\n<p><span style=\"color: #333333;\">La Corte ha altres\u00ec precisato come, <strong>nel caso in cui la persona offesa si sia costituita parte civile, pu\u00f2 essere opportuno procedere al riscontro di tali dichiarazioni con altri elementi<\/strong> (Cass. Sez. Unite, n. 41461 del 19 luglio 2012, Rv. 253214, Cass. Sez. III 10 novembre 2016, 47238 reperibile in <em>iusexplorer.it<\/em>).<\/span><\/p>\n<p><span style=\"color: #333333;\">Se l\u2019offeso si \u00e8 costituito parte civile<strong>il controllo di attendibilit\u00e0 dovr\u00e0 essere particolarmente penetrante, finalizzato ad escludere la manipolazione dei contenuti <\/strong>dichiarativi in funzione dell\u2019interesse patrimoniale vantatodachi accusa l&#8217;imputato :\u201c<em>pu\u00f2 essere opportuno procedere al riscontro di tali dichiarazioni con altri elementi qualora la persona offesa si sia anche costituita parte civile e sia, perci\u00f2, portatrice di una specifica pretesa economica la cui soddisfazione discenda dal riconoscimento della responsabilit\u00e0 dell\u2019imputato<\/em>\u201d ( Cass. Sez. I, n. 29372 del 24 giugno 2010, Rv. 248016; Cass. Sez. 6, n. 33162 del 3 giugno 2004 Rv. 229755).<\/span>[\/vc_column_text][vc_empty_space][vc_column_text]<\/p>\n<h5>Roma, 08 Maggio 2019 \u00a0\u00a0\u00a0\u00a0\u00a0\u00a0\u00a0\u00a0\u00a0\u00a0\u00a0\u00a0\u00a0\u00a0\u00a0\u00a0\u00a0\u00a0\u00a0\u00a0\u00a0\u00a0\u00a0\u00a0\u00a0\u00a0\u00a0\u00a0\u00a0\u00a0\u00a0\u00a0\u00a0\u00a0\u00a0\u00a0\u00a0\u00a0\u00a0\u00a0\u00a0\u00a0\u00a0 \u00a0 \u00a0 \u00a0 \u00a0 \u00a0 \u00a0 \u00a0 \u00a0 \u00a0 \u00a0 \u00a0 \u00a0 \u00a0 \u00a0 \u00a0 \u00a0 \u00a0 \u00a0\u00a0 <a href=\"https:\/\/carlozaccagnini.it\/it\/professionisti\/carlo-zaccagnini\/\">Avvocato Carlo Zaccagnini<\/a><\/h5>\n<p>[\/vc_column_text][vc_empty_space height=&#8221;70px&#8221;][\/vc_column][\/vc_row][vc_row css=&#8221;.vc_custom_1688383983319{background-color: #1f497d !important;}&#8221;][vc_column]<div class=\"mkdf-call-to-action-holder  mkdf-normal-layout  mkdf-three-quarters-columns\">\n\n\t<div class=\"mkdf-cta-inner \">\n\t\t<div class=\"mkdf-cta-icon-holder\">\n\t\t\t<span aria-hidden=\"true\" class=\"mkdf-icon-font-elegant  \" style=\"color: #ffffff;font-size: 30px\"><\/span>\t\t<\/div>\n\t\t<div class=\"mkdf-cta-text-holder\">\n\t\t\t<div class=\"mkdf-cta-text\">\n<h2 style=\"text-align: left;\"><span style=\"color: #165253;\"><span style=\"color: #ffffff;\">Dubbi o necessit\u00e0?<\/span><br \/>\n<\/span><\/h2>\n<\/div>\n\t\t<\/div>\n\t\t<div class=\"mkdf-cta-button-holder\" >\n\t\t\t<div class=\"mkdf-cta-button\"><a itemprop=\"url\" href=\"https:\/\/carlozaccagnini.it\/it\/contatti\/\" target=\"_self\" style=\"color: #ffffff;background-color: #1a2843;border-color: #1a2843\" class=\"mkdf-btn mkdf-btn-medium mkdf-btn-solid mkdf-btn-custom-hover-bg mkdf-btn-custom-border-hover mkdf-btn-custom-hover-color\" data-hover-color=\"#1a2843\" data-hover-bg-color=\"#f2f2ef\" data-hover-border-color=\"#1a2843\" >    <span class=\"mkdf-btn-text\">CONTATTACI<\/span>    <\/a><\/div>\n\t\t<\/div>\n\t<\/div>\n<\/div>[vc_empty_space height=&#8221;40px&#8221;][\/vc_column][\/vc_row][vc_row][vc_column][vc_empty_space height=&#8221;20px&#8221;][vc_column_text]<\/p>\n<p style=\"text-align: right;\"><strong><a href=\"https:\/\/carlozaccagnini.it\/it\/disclaimer\/\" target=\"_blank\" rel=\"noopener\">DISCLAIMER<\/a><\/strong><\/p>\n<p>[\/vc_column_text][\/vc_column][\/vc_row]<\/p>\n<\/div>","protected":false},"excerpt":{"rendered":"<p>[vc_row][vc_column][vc_row_inner][vc_column_inner width=&#8221;1\/2&#8243;][\/vc_column_inner][vc_column_inner width=&#8221;1\/2&#8243;][vc_btn title=&#8221;TORNA A PAPERS&#8221; align=&#8221;right&#8221; link=&#8221;url:https%3A%2F%2Fcarlozaccagnini.it%2Fit%2Fpapers%2F&#8221;][\/vc_column_inner][\/vc_row_inner][vc_empty_space height=&#8221;10px&#8221;][vc_column_text] Posso essere condannato sull base della sola testimonianza della vittima del reato che sia costituita parte civile contro di me? [\/vc_column_text][vc_empty_space [&hellip;]<\/p>\n","protected":false},"author":2,"featured_media":0,"parent":4116,"menu_order":0,"comment_status":"closed","ping_status":"closed","template":"","meta":{"footnotes":""},"class_list":["post-6161","page","type-page","status-publish","hentry"],"yoast_head":"<!-- This site is optimized with the Yoast SEO plugin v27.3 - https:\/\/yoast.com\/product\/yoast-seo-wordpress\/ -->\n<title>Posso essere condannato sulla base della sola testimonianza della vittima del reato? | Studio Legale Avv. Carlo Zaccagnini<\/title>\n<meta name=\"description\" content=\"Posso essere condannato sulla base della sola testimonianza della vittima del reato?\" \/>\n<meta name=\"robots\" content=\"index, follow, max-snippet:-1, max-image-preview:large, max-video-preview:-1\" \/>\n<link rel=\"canonical\" href=\"https:\/\/carlozaccagnini.it\/it\/papers\/posso-essere-condannato-sulla-base-della-sola-testimonianza-della-vittima-del-reato-che-sia-costituita-parte-civile-contro-di-me\/\" \/>\n<meta property=\"og:locale\" content=\"it_IT\" \/>\n<meta property=\"og:type\" content=\"article\" \/>\n<meta property=\"og:title\" content=\"Posso essere condannato sulla base della sola testimonianza della vittima del reato? | Studio Legale Avv. Carlo Zaccagnini\" \/>\n<meta property=\"og:description\" content=\"Posso essere condannato sulla base della sola testimonianza della vittima del reato?\" \/>\n<meta property=\"og:url\" content=\"https:\/\/carlozaccagnini.it\/it\/papers\/posso-essere-condannato-sulla-base-della-sola-testimonianza-della-vittima-del-reato-che-sia-costituita-parte-civile-contro-di-me\/\" \/>\n<meta property=\"og:site_name\" content=\"Studio Legale Avv. Carlo Zaccagnini\" \/>\n<meta property=\"article:modified_time\" content=\"2023-08-01T15:46:38+00:00\" \/>\n<meta name=\"twitter:card\" content=\"summary_large_image\" \/>\n<meta name=\"twitter:label1\" content=\"Tempo di lettura stimato\" \/>\n\t<meta name=\"twitter:data1\" content=\"3 minuti\" \/>\n<script type=\"application\/ld+json\" class=\"yoast-schema-graph\">{\"@context\":\"https:\\\/\\\/schema.org\",\"@graph\":[{\"@type\":\"WebPage\",\"@id\":\"https:\\\/\\\/carlozaccagnini.it\\\/it\\\/papers\\\/posso-essere-condannato-sulla-base-della-sola-testimonianza-della-vittima-del-reato-che-sia-costituita-parte-civile-contro-di-me\\\/\",\"url\":\"https:\\\/\\\/carlozaccagnini.it\\\/it\\\/papers\\\/posso-essere-condannato-sulla-base-della-sola-testimonianza-della-vittima-del-reato-che-sia-costituita-parte-civile-contro-di-me\\\/\",\"name\":\"Posso essere condannato sulla base della sola testimonianza della vittima del reato? | Studio Legale Avv. Carlo Zaccagnini\",\"isPartOf\":{\"@id\":\"https:\\\/\\\/carlozaccagnini.it\\\/it\\\/#website\"},\"datePublished\":\"2023-08-01T15:45:10+00:00\",\"dateModified\":\"2023-08-01T15:46:38+00:00\",\"description\":\"Posso essere condannato sulla base della sola testimonianza della vittima del reato?\",\"breadcrumb\":{\"@id\":\"https:\\\/\\\/carlozaccagnini.it\\\/it\\\/papers\\\/posso-essere-condannato-sulla-base-della-sola-testimonianza-della-vittima-del-reato-che-sia-costituita-parte-civile-contro-di-me\\\/#breadcrumb\"},\"inLanguage\":\"it-IT\",\"potentialAction\":[{\"@type\":\"ReadAction\",\"target\":[\"https:\\\/\\\/carlozaccagnini.it\\\/it\\\/papers\\\/posso-essere-condannato-sulla-base-della-sola-testimonianza-della-vittima-del-reato-che-sia-costituita-parte-civile-contro-di-me\\\/\"]}]},{\"@type\":\"BreadcrumbList\",\"@id\":\"https:\\\/\\\/carlozaccagnini.it\\\/it\\\/papers\\\/posso-essere-condannato-sulla-base-della-sola-testimonianza-della-vittima-del-reato-che-sia-costituita-parte-civile-contro-di-me\\\/#breadcrumb\",\"itemListElement\":[{\"@type\":\"ListItem\",\"position\":1,\"name\":\"Home\",\"item\":\"https:\\\/\\\/carlozaccagnini.it\\\/it\\\/\"},{\"@type\":\"ListItem\",\"position\":2,\"name\":\"White Papers\",\"item\":\"https:\\\/\\\/carlozaccagnini.it\\\/it\\\/papers\\\/\"},{\"@type\":\"ListItem\",\"position\":3,\"name\":\"Posso essere condannato sulla base della sola testimonianza della vittima del reato?\"}]},{\"@type\":\"WebSite\",\"@id\":\"https:\\\/\\\/carlozaccagnini.it\\\/it\\\/#website\",\"url\":\"https:\\\/\\\/carlozaccagnini.it\\\/it\\\/\",\"name\":\"Studio Legale Avv. Carlo Zaccagnini\",\"description\":\"White Collar Crime Defence\",\"publisher\":{\"@id\":\"https:\\\/\\\/carlozaccagnini.it\\\/it\\\/#organization\"},\"potentialAction\":[{\"@type\":\"SearchAction\",\"target\":{\"@type\":\"EntryPoint\",\"urlTemplate\":\"https:\\\/\\\/carlozaccagnini.it\\\/it\\\/?s={search_term_string}\"},\"query-input\":{\"@type\":\"PropertyValueSpecification\",\"valueRequired\":true,\"valueName\":\"search_term_string\"}}],\"inLanguage\":\"it-IT\"},{\"@type\":\"Organization\",\"@id\":\"https:\\\/\\\/carlozaccagnini.it\\\/it\\\/#organization\",\"name\":\"Studio Legale Carlo Zaccagnini\",\"url\":\"https:\\\/\\\/carlozaccagnini.it\\\/it\\\/\",\"logo\":{\"@type\":\"ImageObject\",\"inLanguage\":\"it-IT\",\"@id\":\"https:\\\/\\\/carlozaccagnini.it\\\/it\\\/#\\\/schema\\\/logo\\\/image\\\/\",\"url\":\"https:\\\/\\\/carlozaccagnini.it\\\/wp-content\\\/uploads\\\/2018\\\/09\\\/cropped-icona.jpg\",\"contentUrl\":\"https:\\\/\\\/carlozaccagnini.it\\\/wp-content\\\/uploads\\\/2018\\\/09\\\/cropped-icona.jpg\",\"width\":512,\"height\":512,\"caption\":\"Studio Legale Carlo Zaccagnini\"},\"image\":{\"@id\":\"https:\\\/\\\/carlozaccagnini.it\\\/it\\\/#\\\/schema\\\/logo\\\/image\\\/\"}}]}<\/script>\n<!-- \/ Yoast SEO plugin. -->","yoast_head_json":{"title":"Posso essere condannato sulla base della sola testimonianza della vittima del reato? | Studio Legale Avv. Carlo Zaccagnini","description":"Posso essere condannato sulla base della sola testimonianza della vittima del reato?","robots":{"index":"index","follow":"follow","max-snippet":"max-snippet:-1","max-image-preview":"max-image-preview:large","max-video-preview":"max-video-preview:-1"},"canonical":"https:\/\/carlozaccagnini.it\/it\/papers\/posso-essere-condannato-sulla-base-della-sola-testimonianza-della-vittima-del-reato-che-sia-costituita-parte-civile-contro-di-me\/","og_locale":"it_IT","og_type":"article","og_title":"Posso essere condannato sulla base della sola testimonianza della vittima del reato? | Studio Legale Avv. Carlo Zaccagnini","og_description":"Posso essere condannato sulla base della sola testimonianza della vittima del reato?","og_url":"https:\/\/carlozaccagnini.it\/it\/papers\/posso-essere-condannato-sulla-base-della-sola-testimonianza-della-vittima-del-reato-che-sia-costituita-parte-civile-contro-di-me\/","og_site_name":"Studio Legale Avv. Carlo Zaccagnini","article_modified_time":"2023-08-01T15:46:38+00:00","twitter_card":"summary_large_image","twitter_misc":{"Tempo di lettura stimato":"3 minuti"},"schema":{"@context":"https:\/\/schema.org","@graph":[{"@type":"WebPage","@id":"https:\/\/carlozaccagnini.it\/it\/papers\/posso-essere-condannato-sulla-base-della-sola-testimonianza-della-vittima-del-reato-che-sia-costituita-parte-civile-contro-di-me\/","url":"https:\/\/carlozaccagnini.it\/it\/papers\/posso-essere-condannato-sulla-base-della-sola-testimonianza-della-vittima-del-reato-che-sia-costituita-parte-civile-contro-di-me\/","name":"Posso essere condannato sulla base della sola testimonianza della vittima del reato? | Studio Legale Avv. Carlo Zaccagnini","isPartOf":{"@id":"https:\/\/carlozaccagnini.it\/it\/#website"},"datePublished":"2023-08-01T15:45:10+00:00","dateModified":"2023-08-01T15:46:38+00:00","description":"Posso essere condannato sulla base della sola testimonianza della vittima del reato?","breadcrumb":{"@id":"https:\/\/carlozaccagnini.it\/it\/papers\/posso-essere-condannato-sulla-base-della-sola-testimonianza-della-vittima-del-reato-che-sia-costituita-parte-civile-contro-di-me\/#breadcrumb"},"inLanguage":"it-IT","potentialAction":[{"@type":"ReadAction","target":["https:\/\/carlozaccagnini.it\/it\/papers\/posso-essere-condannato-sulla-base-della-sola-testimonianza-della-vittima-del-reato-che-sia-costituita-parte-civile-contro-di-me\/"]}]},{"@type":"BreadcrumbList","@id":"https:\/\/carlozaccagnini.it\/it\/papers\/posso-essere-condannato-sulla-base-della-sola-testimonianza-della-vittima-del-reato-che-sia-costituita-parte-civile-contro-di-me\/#breadcrumb","itemListElement":[{"@type":"ListItem","position":1,"name":"Home","item":"https:\/\/carlozaccagnini.it\/it\/"},{"@type":"ListItem","position":2,"name":"White Papers","item":"https:\/\/carlozaccagnini.it\/it\/papers\/"},{"@type":"ListItem","position":3,"name":"Posso essere condannato sulla base della sola testimonianza della vittima del reato?"}]},{"@type":"WebSite","@id":"https:\/\/carlozaccagnini.it\/it\/#website","url":"https:\/\/carlozaccagnini.it\/it\/","name":"Studio Legale Avv. Carlo Zaccagnini","description":"White Collar Crime Defence","publisher":{"@id":"https:\/\/carlozaccagnini.it\/it\/#organization"},"potentialAction":[{"@type":"SearchAction","target":{"@type":"EntryPoint","urlTemplate":"https:\/\/carlozaccagnini.it\/it\/?s={search_term_string}"},"query-input":{"@type":"PropertyValueSpecification","valueRequired":true,"valueName":"search_term_string"}}],"inLanguage":"it-IT"},{"@type":"Organization","@id":"https:\/\/carlozaccagnini.it\/it\/#organization","name":"Studio Legale Carlo Zaccagnini","url":"https:\/\/carlozaccagnini.it\/it\/","logo":{"@type":"ImageObject","inLanguage":"it-IT","@id":"https:\/\/carlozaccagnini.it\/it\/#\/schema\/logo\/image\/","url":"https:\/\/carlozaccagnini.it\/wp-content\/uploads\/2018\/09\/cropped-icona.jpg","contentUrl":"https:\/\/carlozaccagnini.it\/wp-content\/uploads\/2018\/09\/cropped-icona.jpg","width":512,"height":512,"caption":"Studio Legale Carlo Zaccagnini"},"image":{"@id":"https:\/\/carlozaccagnini.it\/it\/#\/schema\/logo\/image\/"}}]}},"_links":{"self":[{"href":"https:\/\/carlozaccagnini.it\/it\/wp-json\/wp\/v2\/pages\/6161","targetHints":{"allow":["GET"]}}],"collection":[{"href":"https:\/\/carlozaccagnini.it\/it\/wp-json\/wp\/v2\/pages"}],"about":[{"href":"https:\/\/carlozaccagnini.it\/it\/wp-json\/wp\/v2\/types\/page"}],"author":[{"embeddable":true,"href":"https:\/\/carlozaccagnini.it\/it\/wp-json\/wp\/v2\/users\/2"}],"replies":[{"embeddable":true,"href":"https:\/\/carlozaccagnini.it\/it\/wp-json\/wp\/v2\/comments?post=6161"}],"version-history":[{"count":0,"href":"https:\/\/carlozaccagnini.it\/it\/wp-json\/wp\/v2\/pages\/6161\/revisions"}],"up":[{"embeddable":true,"href":"https:\/\/carlozaccagnini.it\/it\/wp-json\/wp\/v2\/pages\/4116"}],"wp:attachment":[{"href":"https:\/\/carlozaccagnini.it\/it\/wp-json\/wp\/v2\/media?parent=6161"}],"curies":[{"name":"wp","href":"https:\/\/api.w.org\/{rel}","templated":true}]}}