{"id":6104,"date":"2023-07-29T18:03:56","date_gmt":"2023-07-29T16:03:56","guid":{"rendered":"https:\/\/carlozaccagnini.it\/?page_id=6104"},"modified":"2025-08-01T13:00:55","modified_gmt":"2025-08-01T11:00:55","slug":"chi-e-responsabile-per-casi-di-diffamazione-generati-da-chatgpt","status":"publish","type":"page","link":"https:\/\/carlozaccagnini.it\/it\/papers\/responsabile-per-casi-di-diffamazione-generati-da-chatgpt\/","title":{"rendered":"Chi \u00e8 responsabile per casi di diffamazione generati da ChatGPT?"},"content":{"rendered":"<div class=\"wpb-content-wrapper\"><p>[vc_row][vc_column][vc_row_inner][vc_column_inner width=&#8221;1\/2&#8243;][\/vc_column_inner][vc_column_inner width=&#8221;1\/2&#8243;][vc_btn title=&#8221;TORNA A PAPERS&#8221; align=&#8221;right&#8221; link=&#8221;url:https%3A%2F%2Fcarlozaccagnini.it%2Fit%2Fpapers%2F&#8221;][\/vc_column_inner][\/vc_row_inner][vc_empty_space height=&#8221;10px&#8221;][vc_column_text]<\/p>\n<h3><span style=\"color: #1f497d;\">Chi \u00e8 responsabile per casi di diffamazione generati da ChatGPT?<\/span><\/h3>\n<p>[\/vc_column_text][vc_empty_space height=&#8221;50px&#8221;][\/vc_column][\/vc_row][vc_row][vc_column][vc_column_text]<span style=\"color: #333333;\">La diffusione intenzionale di contenuti falsi per scopi dannosi rientra fuor di dubbio nel perimetro delineato dal delitto di diffamazione che si configura quando \u201c<em>chiunque, comunicando con pi\u00f9 persone, offende l&#8217;altrui reputazione<\/em>\u201d. Il delitto <em>de quo<\/em> \u00e8 aggravato, ai sensi del terzo comma, quando l\u2019offesa sia arrecata con il mezzo della stampa o con \u201c<em>qualsiasi altro mezzo di pubblicit\u00e0<\/em>\u201d; entro tale categoria vi rientra ogni \u201c<em>strumento che sia volto a rendere conosciuta una notizia o un evento<\/em>\u201d, come ad esempio, un <em>post<\/em> pubblicato sul <em>social network<\/em> <em>Facebook<\/em>, o <em>Twitter<\/em> ovvero la pubblicazione su un <em>blog. <\/em>(Cass. pen., Sez. V, del 10 maggio 2023, n. 29621; Cass. pen., Sez. V, del 14 dicembre 2022, n. 2251).<\/span><\/p>\n<p><span style=\"color: #333333;\">L\u2019avvento di nuove piattaforme come <em>ChatGPT<\/em> solleva numerose questioni nei casi in cui non vi sia un corretto e regolare uso di tali sistemi, in particolare quando vengano diffuse informazioni mendaci facenti capo a soggetti determinati e ci\u00f2 non avvenga intenzionalmente ma sia da considerarsi come una \u201c<em>allucinazione<\/em>\u201d generata dal sistema, si pu\u00f2 aprire uno spiraglio per la concreta punibilit\u00e0 di tali condotte? E se si, in capo a chi risiede la punibilit\u00e0?<\/span><\/p>\n<p><span style=\"color: #333333;\"><em>ChatGPT <\/em>\u00e8 un<em> software <\/em>dell\u2019intelligenza artificiale, sviluppato da <em>OpenAI<\/em> e creato per instaurare conversazioni con l\u2019uomo, soprattutto negli ultimi mesi, sta avendo un forte impatto sulla nostra vita considerando i milioni di utenti che ogni giorno vi si rivolgono per questioni di ogni genere.<br \/>\nNel caso in cui i commenti diffamatori provengono da questo <em>bot<\/em> arrecando danni alla reputazione del soggetto interessato, come accaduto per un professore di diritto accusato di <em>avances<\/em> sessuali verso una studentessa, o nel caso di un sindaco sospettato di corruzione, non sembrano sorgere dubbi sulla riconducibilit\u00e0 entro il perimetro punitivo della fattispecie <em>ex<\/em> art. 595. Di pi\u00f9, la diffamazione \u00e8 aggravata ai sensi del comma 3, poich\u00e9 <em>ChatGPT<\/em> pu\u00f2 essere considerato uno strumento di pubblicit\u00e0, estendendo allo stesso il medesimo trattamento riservato a <em>Facebook<\/em> o ad un <em>blog. <\/em><br \/>\n<\/span><span style=\"color: #333333;\">Nel caso di specie dovrebbe considerarsi responsabile l\u2019organizzazione sull\u2019intelligenza artificiale (<em>OPEN AI<\/em>) per tutti i danni che <em>ChatGPT<\/em> reca agli utenti, al pari della responsabilit\u00e0 che sorge in capo al <em>provider<\/em> o al gestore del <em>blog<\/em>.<\/span><\/p>\n<p><span style=\"color: #333333;\">Va chiarito come, al momento, non ci sia un espresso rinvio alla normativa sulla diffamazione aggravata per le condotte suddette, e come la giurisprudenza sul punto non abbia delineato un orientamento essendo un tema di estrema attualit\u00e0. L\u2019arduo lavoro che dovr\u00e0 essere svolto dai giudici sar\u00e0 proprio quello di sanzionare, riconducendo le pubblicazioni di <em>ChatGPT<\/em> entro la sfera di punibilit\u00e0 del delitto di diffamazione aggravata, i responsabili delle \u201c<em>allucinazioni<\/em>\u201d create dal <em>bot<\/em> che arrecano danni a coloro che sono vittime del sistema.<\/span>[\/vc_column_text][vc_empty_space][vc_column_text]<\/p>\n<h5>Roma, 29 Luglio 2023 \u00a0\u00a0\u00a0\u00a0\u00a0\u00a0\u00a0\u00a0\u00a0\u00a0\u00a0\u00a0\u00a0\u00a0\u00a0\u00a0\u00a0\u00a0\u00a0\u00a0\u00a0\u00a0\u00a0\u00a0\u00a0\u00a0\u00a0\u00a0\u00a0\u00a0\u00a0\u00a0\u00a0\u00a0\u00a0\u00a0\u00a0\u00a0\u00a0\u00a0\u00a0\u00a0\u00a0\u00a0\u00a0\u00a0\u00a0 \u00a0 \u00a0 \u00a0 \u00a0 \u00a0 \u00a0 \u00a0 \u00a0 \u00a0 \u00a0 \u00a0 \u00a0 \u00a0 \u00a0 \u00a0 \u00a0 \u00a0 \u00a0\u00a0 <a href=\"https:\/\/carlozaccagnini.it\/it\/professionisti\/carlo-zaccagnini\/\">Avvocato Carlo Zaccagnini<\/a><\/h5>\n<p>[\/vc_column_text][vc_empty_space height=&#8221;70px&#8221;][\/vc_column][\/vc_row][vc_row css=&#8221;.vc_custom_1688383983319{background-color: #1f497d !important;}&#8221;][vc_column]<div class=\"mkdf-call-to-action-holder  mkdf-normal-layout  mkdf-three-quarters-columns\">\n\n\t<div class=\"mkdf-cta-inner \">\n\t\t<div class=\"mkdf-cta-icon-holder\">\n\t\t\t<span aria-hidden=\"true\" class=\"mkdf-icon-font-elegant  \" style=\"color: #ffffff;font-size: 30px\"><\/span>\t\t<\/div>\n\t\t<div class=\"mkdf-cta-text-holder\">\n\t\t\t<div class=\"mkdf-cta-text\">\n<h2 style=\"text-align: left;\"><span style=\"color: #165253;\"><span style=\"color: #ffffff;\">Dubbi o necessit\u00e0?<\/span><br \/>\n<\/span><\/h2>\n<\/div>\n\t\t<\/div>\n\t\t<div class=\"mkdf-cta-button-holder\" >\n\t\t\t<div class=\"mkdf-cta-button\"><a itemprop=\"url\" href=\"https:\/\/carlozaccagnini.it\/it\/contatti\/\" target=\"_self\" style=\"color: #ffffff;background-color: #1a2843;border-color: #1a2843\" class=\"mkdf-btn mkdf-btn-medium mkdf-btn-solid mkdf-btn-custom-hover-bg mkdf-btn-custom-border-hover mkdf-btn-custom-hover-color\" data-hover-color=\"#1a2843\" data-hover-bg-color=\"#f2f2ef\" data-hover-border-color=\"#1a2843\" >    <span class=\"mkdf-btn-text\">CONTATTACI<\/span>    <\/a><\/div>\n\t\t<\/div>\n\t<\/div>\n<\/div>[vc_empty_space height=&#8221;40px&#8221;][\/vc_column][\/vc_row][vc_row][vc_column][vc_empty_space height=&#8221;20px&#8221;][vc_column_text]<\/p>\n<p style=\"text-align: right;\"><strong><a href=\"https:\/\/carlozaccagnini.it\/it\/disclaimer\/\" target=\"_blank\" rel=\"noopener\">DISCLAIMER<\/a><\/strong><\/p>\n<p>[\/vc_column_text][\/vc_column][\/vc_row]<\/p>\n<\/div>","protected":false},"excerpt":{"rendered":"<p>[vc_row][vc_column][vc_row_inner][vc_column_inner width=&#8221;1\/2&#8243;][\/vc_column_inner][vc_column_inner width=&#8221;1\/2&#8243;][vc_btn title=&#8221;TORNA A PAPERS&#8221; align=&#8221;right&#8221; link=&#8221;url:https%3A%2F%2Fcarlozaccagnini.it%2Fit%2Fpapers%2F&#8221;][\/vc_column_inner][\/vc_row_inner][vc_empty_space height=&#8221;10px&#8221;][vc_column_text] Chi \u00e8 responsabile per casi di diffamazione generati da ChatGPT? [\/vc_column_text][vc_empty_space height=&#8221;50px&#8221;][\/vc_column][\/vc_row][vc_row][vc_column][vc_column_text]La diffusione intenzionale di contenuti falsi per scopi dannosi rientra [&hellip;]<\/p>\n","protected":false},"author":2,"featured_media":0,"parent":4116,"menu_order":0,"comment_status":"closed","ping_status":"closed","template":"","meta":{"footnotes":""},"class_list":["post-6104","page","type-page","status-publish","hentry"],"yoast_head":"<!-- This site is optimized with the Yoast SEO plugin v27.5 - https:\/\/yoast.com\/product\/yoast-seo-wordpress\/ -->\n<title>Chi \u00e8 responsabile per casi di diffamazione generati da ChatGPT? | Studio Legale Avv. Carlo Zaccagnini<\/title>\n<meta name=\"description\" content=\"La diffusione intenzionale di contenuti falsi per scopi dannosi rientra fuor di dubbio nel perimetro delineato dal delitto di diffamazione che si configura quando \u201cchiunque, comunicando con pi\u00f9 persone, offende l&#039;altrui reputazione\u201d.\" \/>\n<meta name=\"robots\" content=\"index, follow, max-snippet:-1, max-image-preview:large, max-video-preview:-1\" \/>\n<link rel=\"canonical\" href=\"https:\/\/carlozaccagnini.it\/it\/papers\/responsabile-per-casi-di-diffamazione-generati-da-chatgpt\/\" \/>\n<meta property=\"og:locale\" content=\"it_IT\" \/>\n<meta property=\"og:type\" content=\"article\" \/>\n<meta property=\"og:title\" content=\"Chi \u00e8 responsabile per casi di diffamazione generati da ChatGPT? | Studio Legale Avv. Carlo Zaccagnini\" \/>\n<meta property=\"og:description\" content=\"La diffusione intenzionale di contenuti falsi per scopi dannosi rientra fuor di dubbio nel perimetro delineato dal delitto di diffamazione che si configura quando \u201cchiunque, comunicando con pi\u00f9 persone, offende l&#039;altrui reputazione\u201d.\" \/>\n<meta property=\"og:url\" content=\"https:\/\/carlozaccagnini.it\/it\/papers\/responsabile-per-casi-di-diffamazione-generati-da-chatgpt\/\" \/>\n<meta property=\"og:site_name\" content=\"Studio Legale Avv. Carlo Zaccagnini\" \/>\n<meta property=\"article:modified_time\" content=\"2025-08-01T11:00:55+00:00\" \/>\n<meta name=\"twitter:card\" content=\"summary_large_image\" \/>\n<meta name=\"twitter:label1\" content=\"Tempo di lettura stimato\" \/>\n\t<meta name=\"twitter:data1\" content=\"3 minuti\" \/>\n<script type=\"application\/ld+json\" class=\"yoast-schema-graph\">{\"@context\":\"https:\\\/\\\/schema.org\",\"@graph\":[{\"@type\":\"WebPage\",\"@id\":\"https:\\\/\\\/carlozaccagnini.it\\\/it\\\/papers\\\/responsabile-per-casi-di-diffamazione-generati-da-chatgpt\\\/\",\"url\":\"https:\\\/\\\/carlozaccagnini.it\\\/it\\\/papers\\\/responsabile-per-casi-di-diffamazione-generati-da-chatgpt\\\/\",\"name\":\"Chi \u00e8 responsabile per casi di diffamazione generati da ChatGPT? | Studio Legale Avv. Carlo Zaccagnini\",\"isPartOf\":{\"@id\":\"https:\\\/\\\/carlozaccagnini.it\\\/it\\\/#website\"},\"datePublished\":\"2023-07-29T16:03:56+00:00\",\"dateModified\":\"2025-08-01T11:00:55+00:00\",\"description\":\"La diffusione intenzionale di contenuti falsi per scopi dannosi rientra fuor di dubbio nel perimetro delineato dal delitto di diffamazione che si configura quando \u201cchiunque, comunicando con pi\u00f9 persone, offende l'altrui reputazione\u201d.\",\"breadcrumb\":{\"@id\":\"https:\\\/\\\/carlozaccagnini.it\\\/it\\\/papers\\\/responsabile-per-casi-di-diffamazione-generati-da-chatgpt\\\/#breadcrumb\"},\"inLanguage\":\"it-IT\",\"potentialAction\":[{\"@type\":\"ReadAction\",\"target\":[\"https:\\\/\\\/carlozaccagnini.it\\\/it\\\/papers\\\/responsabile-per-casi-di-diffamazione-generati-da-chatgpt\\\/\"]}]},{\"@type\":\"BreadcrumbList\",\"@id\":\"https:\\\/\\\/carlozaccagnini.it\\\/it\\\/papers\\\/responsabile-per-casi-di-diffamazione-generati-da-chatgpt\\\/#breadcrumb\",\"itemListElement\":[{\"@type\":\"ListItem\",\"position\":1,\"name\":\"Home\",\"item\":\"https:\\\/\\\/carlozaccagnini.it\\\/it\\\/\"},{\"@type\":\"ListItem\",\"position\":2,\"name\":\"White Papers\",\"item\":\"https:\\\/\\\/carlozaccagnini.it\\\/it\\\/papers\\\/\"},{\"@type\":\"ListItem\",\"position\":3,\"name\":\"Chi \u00e8 responsabile per casi di diffamazione generati da ChatGPT?\"}]},{\"@type\":\"WebSite\",\"@id\":\"https:\\\/\\\/carlozaccagnini.it\\\/it\\\/#website\",\"url\":\"https:\\\/\\\/carlozaccagnini.it\\\/it\\\/\",\"name\":\"Studio Legale Avv. Carlo Zaccagnini\",\"description\":\"White Collar Crime Defence\",\"publisher\":{\"@id\":\"https:\\\/\\\/carlozaccagnini.it\\\/it\\\/#organization\"},\"potentialAction\":[{\"@type\":\"SearchAction\",\"target\":{\"@type\":\"EntryPoint\",\"urlTemplate\":\"https:\\\/\\\/carlozaccagnini.it\\\/it\\\/?s={search_term_string}\"},\"query-input\":{\"@type\":\"PropertyValueSpecification\",\"valueRequired\":true,\"valueName\":\"search_term_string\"}}],\"inLanguage\":\"it-IT\"},{\"@type\":\"Organization\",\"@id\":\"https:\\\/\\\/carlozaccagnini.it\\\/it\\\/#organization\",\"name\":\"Studio Legale Carlo Zaccagnini\",\"url\":\"https:\\\/\\\/carlozaccagnini.it\\\/it\\\/\",\"logo\":{\"@type\":\"ImageObject\",\"inLanguage\":\"it-IT\",\"@id\":\"https:\\\/\\\/carlozaccagnini.it\\\/it\\\/#\\\/schema\\\/logo\\\/image\\\/\",\"url\":\"https:\\\/\\\/carlozaccagnini.it\\\/wp-content\\\/uploads\\\/2018\\\/09\\\/cropped-icona.jpg\",\"contentUrl\":\"https:\\\/\\\/carlozaccagnini.it\\\/wp-content\\\/uploads\\\/2018\\\/09\\\/cropped-icona.jpg\",\"width\":512,\"height\":512,\"caption\":\"Studio Legale Carlo Zaccagnini\"},\"image\":{\"@id\":\"https:\\\/\\\/carlozaccagnini.it\\\/it\\\/#\\\/schema\\\/logo\\\/image\\\/\"}}]}<\/script>\n<!-- \/ Yoast SEO plugin. -->","yoast_head_json":{"title":"Chi \u00e8 responsabile per casi di diffamazione generati da ChatGPT? | Studio Legale Avv. Carlo Zaccagnini","description":"La diffusione intenzionale di contenuti falsi per scopi dannosi rientra fuor di dubbio nel perimetro delineato dal delitto di diffamazione che si configura quando \u201cchiunque, comunicando con pi\u00f9 persone, offende l'altrui reputazione\u201d.","robots":{"index":"index","follow":"follow","max-snippet":"max-snippet:-1","max-image-preview":"max-image-preview:large","max-video-preview":"max-video-preview:-1"},"canonical":"https:\/\/carlozaccagnini.it\/it\/papers\/responsabile-per-casi-di-diffamazione-generati-da-chatgpt\/","og_locale":"it_IT","og_type":"article","og_title":"Chi \u00e8 responsabile per casi di diffamazione generati da ChatGPT? | Studio Legale Avv. Carlo Zaccagnini","og_description":"La diffusione intenzionale di contenuti falsi per scopi dannosi rientra fuor di dubbio nel perimetro delineato dal delitto di diffamazione che si configura quando \u201cchiunque, comunicando con pi\u00f9 persone, offende l'altrui reputazione\u201d.","og_url":"https:\/\/carlozaccagnini.it\/it\/papers\/responsabile-per-casi-di-diffamazione-generati-da-chatgpt\/","og_site_name":"Studio Legale Avv. Carlo Zaccagnini","article_modified_time":"2025-08-01T11:00:55+00:00","twitter_card":"summary_large_image","twitter_misc":{"Tempo di lettura stimato":"3 minuti"},"schema":{"@context":"https:\/\/schema.org","@graph":[{"@type":"WebPage","@id":"https:\/\/carlozaccagnini.it\/it\/papers\/responsabile-per-casi-di-diffamazione-generati-da-chatgpt\/","url":"https:\/\/carlozaccagnini.it\/it\/papers\/responsabile-per-casi-di-diffamazione-generati-da-chatgpt\/","name":"Chi \u00e8 responsabile per casi di diffamazione generati da ChatGPT? | Studio Legale Avv. Carlo Zaccagnini","isPartOf":{"@id":"https:\/\/carlozaccagnini.it\/it\/#website"},"datePublished":"2023-07-29T16:03:56+00:00","dateModified":"2025-08-01T11:00:55+00:00","description":"La diffusione intenzionale di contenuti falsi per scopi dannosi rientra fuor di dubbio nel perimetro delineato dal delitto di diffamazione che si configura quando \u201cchiunque, comunicando con pi\u00f9 persone, offende l'altrui reputazione\u201d.","breadcrumb":{"@id":"https:\/\/carlozaccagnini.it\/it\/papers\/responsabile-per-casi-di-diffamazione-generati-da-chatgpt\/#breadcrumb"},"inLanguage":"it-IT","potentialAction":[{"@type":"ReadAction","target":["https:\/\/carlozaccagnini.it\/it\/papers\/responsabile-per-casi-di-diffamazione-generati-da-chatgpt\/"]}]},{"@type":"BreadcrumbList","@id":"https:\/\/carlozaccagnini.it\/it\/papers\/responsabile-per-casi-di-diffamazione-generati-da-chatgpt\/#breadcrumb","itemListElement":[{"@type":"ListItem","position":1,"name":"Home","item":"https:\/\/carlozaccagnini.it\/it\/"},{"@type":"ListItem","position":2,"name":"White Papers","item":"https:\/\/carlozaccagnini.it\/it\/papers\/"},{"@type":"ListItem","position":3,"name":"Chi \u00e8 responsabile per casi di diffamazione generati da ChatGPT?"}]},{"@type":"WebSite","@id":"https:\/\/carlozaccagnini.it\/it\/#website","url":"https:\/\/carlozaccagnini.it\/it\/","name":"Studio Legale Avv. Carlo Zaccagnini","description":"White Collar Crime Defence","publisher":{"@id":"https:\/\/carlozaccagnini.it\/it\/#organization"},"potentialAction":[{"@type":"SearchAction","target":{"@type":"EntryPoint","urlTemplate":"https:\/\/carlozaccagnini.it\/it\/?s={search_term_string}"},"query-input":{"@type":"PropertyValueSpecification","valueRequired":true,"valueName":"search_term_string"}}],"inLanguage":"it-IT"},{"@type":"Organization","@id":"https:\/\/carlozaccagnini.it\/it\/#organization","name":"Studio Legale Carlo Zaccagnini","url":"https:\/\/carlozaccagnini.it\/it\/","logo":{"@type":"ImageObject","inLanguage":"it-IT","@id":"https:\/\/carlozaccagnini.it\/it\/#\/schema\/logo\/image\/","url":"https:\/\/carlozaccagnini.it\/wp-content\/uploads\/2018\/09\/cropped-icona.jpg","contentUrl":"https:\/\/carlozaccagnini.it\/wp-content\/uploads\/2018\/09\/cropped-icona.jpg","width":512,"height":512,"caption":"Studio Legale Carlo Zaccagnini"},"image":{"@id":"https:\/\/carlozaccagnini.it\/it\/#\/schema\/logo\/image\/"}}]}},"_links":{"self":[{"href":"https:\/\/carlozaccagnini.it\/it\/wp-json\/wp\/v2\/pages\/6104","targetHints":{"allow":["GET"]}}],"collection":[{"href":"https:\/\/carlozaccagnini.it\/it\/wp-json\/wp\/v2\/pages"}],"about":[{"href":"https:\/\/carlozaccagnini.it\/it\/wp-json\/wp\/v2\/types\/page"}],"author":[{"embeddable":true,"href":"https:\/\/carlozaccagnini.it\/it\/wp-json\/wp\/v2\/users\/2"}],"replies":[{"embeddable":true,"href":"https:\/\/carlozaccagnini.it\/it\/wp-json\/wp\/v2\/comments?post=6104"}],"version-history":[{"count":1,"href":"https:\/\/carlozaccagnini.it\/it\/wp-json\/wp\/v2\/pages\/6104\/revisions"}],"predecessor-version":[{"id":7109,"href":"https:\/\/carlozaccagnini.it\/it\/wp-json\/wp\/v2\/pages\/6104\/revisions\/7109"}],"up":[{"embeddable":true,"href":"https:\/\/carlozaccagnini.it\/it\/wp-json\/wp\/v2\/pages\/4116"}],"wp:attachment":[{"href":"https:\/\/carlozaccagnini.it\/it\/wp-json\/wp\/v2\/media?parent=6104"}],"curies":[{"name":"wp","href":"https:\/\/api.w.org\/{rel}","templated":true}]}}