{"id":6090,"date":"2023-07-28T13:30:01","date_gmt":"2023-07-28T11:30:01","guid":{"rendered":"https:\/\/carlozaccagnini.it\/?page_id=6090"},"modified":"2023-07-31T13:21:13","modified_gmt":"2023-07-31T11:21:13","slug":"per-quanto-tempo-piattaforme-digitali-e-tlc-devono-conservare-i-dati-utente","status":"publish","type":"page","link":"https:\/\/carlozaccagnini.it\/it\/papers\/per-quanto-tempo-piattaforme-digitali-e-tlc-devono-conservare-i-dati-utente\/","title":{"rendered":"Per quanto tempo Piattaforme Digitali e TLC devono conservare i Dati Utente?"},"content":{"rendered":"<div class=\"wpb-content-wrapper\"><p>[vc_row][vc_column][vc_row_inner][vc_column_inner width=&#8221;1\/2&#8243;][\/vc_column_inner][vc_column_inner width=&#8221;1\/2&#8243;][vc_btn title=&#8221;TORNA A PAPERS&#8221; align=&#8221;right&#8221; link=&#8221;url:https%3A%2F%2Fcarlozaccagnini.it%2Fit%2Fpapers%2F&#8221;][\/vc_column_inner][\/vc_row_inner][vc_empty_space height=&#8221;10px&#8221;][vc_column_text]<\/p>\n<h3><span style=\"color: #1f497d;\">Per quanto tempo Piattaforme Digitali (<em>TripAdvisor, The fork, Booking, Secret Escapes<\/em>) e TLC devono conservare i Dati Telefonici e\/o Telematici dell&#8217;Utente?<\/span><\/h3>\n<p>[\/vc_column_text][vc_empty_space height=&#8221;50px&#8221;][\/vc_column][\/vc_row][vc_row][vc_column][vc_column_text]<span style=\"color: #333333;\">Il D. Lg.Vo n. 196, del 30 giugno 2003, in vigore dal 1\u00b0 gennaio 2004 (<em>hinc<\/em> \u201cCodice <em>privacy<\/em>\u201d), disciplina il trattamento dei dati personali. Nel Codice aspetto di rilievo concerne la <em>diffusione<\/em> e la <em>comunicazione<\/em> dei dati appartenenti ad una persona fisica o giuridica; con il primo termine<em> \u201cdiffusione<\/em>\u201d si intende la possibilit\u00e0 di far conoscere tali dati a soggetti indeterminati (ad esempio rendendoli pubblici), mentre con il termine \u201c<em>comunicazione<\/em>\u201d si intende la conoscenza estesa ad un soggetto richiedente il dato (ad esempio colui che richieda un accesso agli atti ai sensi del D. Lg.Vo n. 241 del 1990). La normativa in tema <em>privacy<\/em> \u00e8 predisposta allo scopo di garantire il rispetto della dignit\u00e0 umana e un elevato livello di tutela nel trattamento dei dati personali, intendendosi con ci\u00f2 ogni operazione effettuata su dati che, in qualsiasi caso, devono essere trattati in modo lecito, secondo correttezza, e per scopi determinati. <\/span><\/p>\n<p><span style=\"color: #333333;\">Anche la mera conservazione di cui all\u2019art. 132 Codice <em>privacy<\/em> (rubricato \u201c<em>Conservazione di dati di traffico per altre finalit\u00e0\u201d<\/em>) rientra nella definizione di trattamento, non essendo necessaria un\u2019elaborazione pratica del dato. Per ci\u00f2 che concerne la \u201c<em>conservazione\u201d<\/em> sono previsti termini inderogabili, che mutano a seconda che si tratti di dati relativi al traffico telefonico ovvero al traffico telematico; la norma in esame prevede, rispettivamente, un termine dall\u2019avvenuta comunicazione al gestore o al titolare del trattamento non superiore a 24 mesi per la prima ipotesi e a 12 mesi per il traffico telematico. La sola finalit\u00e0 che legittima la conservazione degli stessi per il periodo di tempo anzidetto \u00e8 quella di accertamento e repressione di fattispecie di reato.<\/span><\/p>\n<h5><span style=\"color: #333333;\"><strong>Cosa fare nel caso di commenti diffamatori contenuti su una piattaforma virtuale?<\/strong><\/span><\/h5>\n<p><span style=\"color: #333333;\">Costituisce elemento fondamentale, alla luce della richiamata normativa, la tempestivit\u00e0 di azione nella richiesta sanzionatoria del commento diffamatorio. \u00c8 infatti consolidato l\u2019indirizzo esegetico a mente del quale si afferma la <u>inutilizzabilit\u00e0 patologica dei dati conservati oltre il termine di legge consentito, 24 mesi per quelli telefonici e 12 per quelli telematici<\/u> (Cass. pen., Sez. V, del 25 gennaio 2016, n. 7265). L\u2019art. 132 Codice <em>privacy<\/em>, infatti, dispone: \u201c<em>[\u2026] i dati relativi al traffico telefonico sono conservati dal fornitore per ventiquattro mesi dalla data della comunicazione, per finalit\u00e0 di accertamento e repressione dei reati, mentre, per le medesime finalit\u00e0, i dati relativi al traffico telematico, esclusi comunque i contenuti delle comunicazioni, sono conservati dal fornitore per dodici mesi dalla data della comunicazione<\/em>\u201d. <\/span><\/p>\n<p><span style=\"color: #333333;\">L\u2019art. 4 <em>bis<\/em> del decreto-legge n.7 del 2015 in tema di <em>Misure urgenti per il contrasto del terrorismo, anche di matrice internazionale<\/em>, prevede la conservazione di dati concernenti il traffico telefonico e telematico, per i reati di cui agli artt. 51, comma 3 <em>quater (delitti consumati o tentati con finalit\u00e0 di terrorismo)<\/em>, e 407, comma 2, lett. a, c.p.p., (strage, associazione per delinquere, omicidio) sino al 31 dicembre 2016, allo scopo di agevolare le indagini per l\u2019accertamento e la repressione di quelle fattispecie. <u>In sintesi, il principio di necessaria conservazione dei dati per i termini anzidetti \u00e8 sempre valido, ad eccezione dei casi di accertamento di tali fattispecie delittuose. <\/u><\/span><\/p>\n<p><span style=\"color: #333333;\">Rileva in ordine alla presente analisi anche l\u2019art. 6 del d.l. 144\/2005 (<em>Misure urgenti per il contrasto del terrorismo internazionale<\/em>), che prevede la possibilit\u00e0 di conservare dati inerenti traffico telefonico e telematico oltre i termini disposti dall\u2019art. 132 Codice <em>privacy<\/em>, per fattispecie di reato in tema di terrorismo internazionale e per le sole finalit\u00e0 perseguite dal suddetto decreto.<\/span><\/p>\n<p><span style=\"color: #333333;\">Quanto sin qui detto giustifica la previsione di un regime differenziato, rispetto a quello previsto dell\u2019art. 132, per la repressione di ipotesi delittuose di maggior allarme sociale.<\/span><\/p>\n<p><span style=\"color: #333333;\">Nel caso di consegna e successiva richiesta di dati telematici o telefonici a una piattaforma digitale o a un gestore telefonico gli stessi avranno il dovere di conservare i dati dell\u2019utente solo per quel periodo e dunque, ad esempio, nel caso di avvenuta diffamazione (delitto che esula dall\u2019elenco previsto all\u2019art. 4 <em>bis<\/em> del d.l. 7\/2015) le indagini dovranno svolgersi e i relativi dati andranno acquisiti entro e non oltre il termine di 24 e 12 mesi.<\/span>[\/vc_column_text][vc_empty_space][vc_column_text]<\/p>\n<h5>Roma, 27 Luglio 2023 \u00a0\u00a0\u00a0\u00a0\u00a0\u00a0\u00a0\u00a0\u00a0\u00a0\u00a0\u00a0\u00a0\u00a0\u00a0\u00a0\u00a0\u00a0\u00a0\u00a0\u00a0\u00a0\u00a0\u00a0\u00a0\u00a0\u00a0\u00a0\u00a0\u00a0\u00a0\u00a0\u00a0\u00a0\u00a0\u00a0\u00a0\u00a0\u00a0\u00a0\u00a0\u00a0\u00a0\u00a0\u00a0\u00a0\u00a0 \u00a0 \u00a0 \u00a0 \u00a0 \u00a0 \u00a0 \u00a0 \u00a0 \u00a0 \u00a0 \u00a0 \u00a0 \u00a0 \u00a0 \u00a0 \u00a0 \u00a0 \u00a0\u00a0 <a href=\"https:\/\/carlozaccagnini.it\/it\/professionisti\/carlo-zaccagnini\/\">Avvocato Carlo Zaccagnini<\/a><\/h5>\n<p>[\/vc_column_text][vc_empty_space height=&#8221;70px&#8221;][\/vc_column][\/vc_row][vc_row css=&#8221;.vc_custom_1688383983319{background-color: #1f497d !important;}&#8221;][vc_column]<div class=\"mkdf-call-to-action-holder  mkdf-normal-layout  mkdf-three-quarters-columns\">\n\n\t<div class=\"mkdf-cta-inner \">\n\t\t<div class=\"mkdf-cta-icon-holder\">\n\t\t\t<span aria-hidden=\"true\" class=\"mkdf-icon-font-elegant  \" style=\"color: #ffffff;font-size: 30px\"><\/span>\t\t<\/div>\n\t\t<div class=\"mkdf-cta-text-holder\">\n\t\t\t<div class=\"mkdf-cta-text\">\n<h2 style=\"text-align: left;\"><span style=\"color: #165253;\"><span style=\"color: #ffffff;\">Dubbi o necessit\u00e0?<\/span><br \/>\n<\/span><\/h2>\n<\/div>\n\t\t<\/div>\n\t\t<div class=\"mkdf-cta-button-holder\" >\n\t\t\t<div class=\"mkdf-cta-button\"><a itemprop=\"url\" href=\"https:\/\/carlozaccagnini.it\/it\/contatti\/\" target=\"_self\" style=\"color: #ffffff;background-color: #1a2843;border-color: #1a2843\" class=\"mkdf-btn mkdf-btn-medium mkdf-btn-solid mkdf-btn-custom-hover-bg mkdf-btn-custom-border-hover mkdf-btn-custom-hover-color\" data-hover-color=\"#1a2843\" data-hover-bg-color=\"#f2f2ef\" data-hover-border-color=\"#1a2843\" >    <span class=\"mkdf-btn-text\">CONTATTACI<\/span>    <\/a><\/div>\n\t\t<\/div>\n\t<\/div>\n<\/div>[vc_empty_space height=&#8221;40px&#8221;][\/vc_column][\/vc_row][vc_row][vc_column][vc_empty_space height=&#8221;20px&#8221;][vc_column_text]<\/p>\n<p style=\"text-align: right;\"><strong><a href=\"https:\/\/carlozaccagnini.it\/it\/disclaimer\/\" target=\"_blank\" rel=\"noopener\">DISCLAIMER<\/a><\/strong><\/p>\n<p>[\/vc_column_text][\/vc_column][\/vc_row]<\/p>\n<\/div>","protected":false},"excerpt":{"rendered":"<p>[vc_row][vc_column][vc_row_inner][vc_column_inner width=&#8221;1\/2&#8243;][\/vc_column_inner][vc_column_inner width=&#8221;1\/2&#8243;][vc_btn title=&#8221;TORNA A PAPERS&#8221; align=&#8221;right&#8221; link=&#8221;url:https%3A%2F%2Fcarlozaccagnini.it%2Fit%2Fpapers%2F&#8221;][\/vc_column_inner][\/vc_row_inner][vc_empty_space height=&#8221;10px&#8221;][vc_column_text] Per quanto tempo Piattaforme Digitali (TripAdvisor, The fork, Booking, Secret Escapes) e TLC devono conservare i Dati Telefonici e\/o Telematici dell&#8217;Utente? [&hellip;]<\/p>\n","protected":false},"author":2,"featured_media":0,"parent":4116,"menu_order":0,"comment_status":"closed","ping_status":"closed","template":"","meta":{"footnotes":""},"class_list":["post-6090","page","type-page","status-publish","hentry"],"yoast_head":"<!-- This site is optimized with the Yoast SEO plugin v27.3 - https:\/\/yoast.com\/product\/yoast-seo-wordpress\/ -->\n<title>Per quanto tempo Piattaforme Digitali e TLC devono conservare i Dati Utente? | Studio Legale Avv. Carlo Zaccagnini - Cybercrime<\/title>\n<meta name=\"description\" content=\"Per quanto tempo Piattaforme Digitali (TripAdvisor, The fork, Booking, Secret Escapes) e TLC devono conservare i Dati Telefonici e\/o Telematici dell&#039;Utente? E\/O TELEMATICI DELL\u2019UTENTE? Il D. Lg.Vo n. 196, del 30 giugno 2003, in vigore dal 1\u00b0 gennaio 2004 (hinc \u201cCodice privacy\u201d), disciplina il trattamento dei dati personali. Nel Codice aspetto di rilievo concerne la diffusione e la comunicazione dei dati appartenenti ad una persona fisica o giuridica;\" \/>\n<meta name=\"robots\" content=\"index, follow, max-snippet:-1, max-image-preview:large, max-video-preview:-1\" \/>\n<link rel=\"canonical\" href=\"https:\/\/carlozaccagnini.it\/it\/papers\/per-quanto-tempo-piattaforme-digitali-e-tlc-devono-conservare-i-dati-utente\/\" \/>\n<meta property=\"og:locale\" content=\"it_IT\" \/>\n<meta property=\"og:type\" content=\"article\" \/>\n<meta property=\"og:title\" content=\"Per quanto tempo Piattaforme Digitali e TLC devono conservare i Dati Utente? | Studio Legale Avv. Carlo Zaccagnini - Cybercrime\" \/>\n<meta property=\"og:description\" content=\"Per quanto tempo Piattaforme Digitali (TripAdvisor, The fork, Booking, Secret Escapes) e TLC devono conservare i Dati Telefonici e\/o Telematici dell&#039;Utente? E\/O TELEMATICI DELL\u2019UTENTE? Il D. Lg.Vo n. 196, del 30 giugno 2003, in vigore dal 1\u00b0 gennaio 2004 (hinc \u201cCodice privacy\u201d), disciplina il trattamento dei dati personali. Nel Codice aspetto di rilievo concerne la diffusione e la comunicazione dei dati appartenenti ad una persona fisica o giuridica;\" \/>\n<meta property=\"og:url\" content=\"https:\/\/carlozaccagnini.it\/it\/papers\/per-quanto-tempo-piattaforme-digitali-e-tlc-devono-conservare-i-dati-utente\/\" \/>\n<meta property=\"og:site_name\" content=\"Studio Legale Avv. Carlo Zaccagnini\" \/>\n<meta property=\"article:modified_time\" content=\"2023-07-31T11:21:13+00:00\" \/>\n<meta name=\"twitter:card\" content=\"summary_large_image\" \/>\n<meta name=\"twitter:label1\" content=\"Tempo di lettura stimato\" \/>\n\t<meta name=\"twitter:data1\" content=\"4 minuti\" \/>\n<script type=\"application\/ld+json\" class=\"yoast-schema-graph\">{\"@context\":\"https:\\\/\\\/schema.org\",\"@graph\":[{\"@type\":\"WebPage\",\"@id\":\"https:\\\/\\\/carlozaccagnini.it\\\/it\\\/papers\\\/per-quanto-tempo-piattaforme-digitali-e-tlc-devono-conservare-i-dati-utente\\\/\",\"url\":\"https:\\\/\\\/carlozaccagnini.it\\\/it\\\/papers\\\/per-quanto-tempo-piattaforme-digitali-e-tlc-devono-conservare-i-dati-utente\\\/\",\"name\":\"Per quanto tempo Piattaforme Digitali e TLC devono conservare i Dati Utente? | Studio Legale Avv. Carlo Zaccagnini - Cybercrime\",\"isPartOf\":{\"@id\":\"https:\\\/\\\/carlozaccagnini.it\\\/it\\\/#website\"},\"datePublished\":\"2023-07-28T11:30:01+00:00\",\"dateModified\":\"2023-07-31T11:21:13+00:00\",\"description\":\"Per quanto tempo Piattaforme Digitali (TripAdvisor, The fork, Booking, Secret Escapes) e TLC devono conservare i Dati Telefonici e\\\/o Telematici dell'Utente? E\\\/O TELEMATICI DELL\u2019UTENTE? Il D. Lg.Vo n. 196, del 30 giugno 2003, in vigore dal 1\u00b0 gennaio 2004 (hinc \u201cCodice privacy\u201d), disciplina il trattamento dei dati personali. Nel Codice aspetto di rilievo concerne la diffusione e la comunicazione dei dati appartenenti ad una persona fisica o giuridica;\",\"breadcrumb\":{\"@id\":\"https:\\\/\\\/carlozaccagnini.it\\\/it\\\/papers\\\/per-quanto-tempo-piattaforme-digitali-e-tlc-devono-conservare-i-dati-utente\\\/#breadcrumb\"},\"inLanguage\":\"it-IT\",\"potentialAction\":[{\"@type\":\"ReadAction\",\"target\":[\"https:\\\/\\\/carlozaccagnini.it\\\/it\\\/papers\\\/per-quanto-tempo-piattaforme-digitali-e-tlc-devono-conservare-i-dati-utente\\\/\"]}]},{\"@type\":\"BreadcrumbList\",\"@id\":\"https:\\\/\\\/carlozaccagnini.it\\\/it\\\/papers\\\/per-quanto-tempo-piattaforme-digitali-e-tlc-devono-conservare-i-dati-utente\\\/#breadcrumb\",\"itemListElement\":[{\"@type\":\"ListItem\",\"position\":1,\"name\":\"Home\",\"item\":\"https:\\\/\\\/carlozaccagnini.it\\\/it\\\/\"},{\"@type\":\"ListItem\",\"position\":2,\"name\":\"White Papers\",\"item\":\"https:\\\/\\\/carlozaccagnini.it\\\/it\\\/papers\\\/\"},{\"@type\":\"ListItem\",\"position\":3,\"name\":\"Per quanto tempo Piattaforme Digitali e TLC devono conservare i Dati Utente?\"}]},{\"@type\":\"WebSite\",\"@id\":\"https:\\\/\\\/carlozaccagnini.it\\\/it\\\/#website\",\"url\":\"https:\\\/\\\/carlozaccagnini.it\\\/it\\\/\",\"name\":\"Studio Legale Avv. Carlo Zaccagnini\",\"description\":\"White Collar Crime Defence\",\"publisher\":{\"@id\":\"https:\\\/\\\/carlozaccagnini.it\\\/it\\\/#organization\"},\"potentialAction\":[{\"@type\":\"SearchAction\",\"target\":{\"@type\":\"EntryPoint\",\"urlTemplate\":\"https:\\\/\\\/carlozaccagnini.it\\\/it\\\/?s={search_term_string}\"},\"query-input\":{\"@type\":\"PropertyValueSpecification\",\"valueRequired\":true,\"valueName\":\"search_term_string\"}}],\"inLanguage\":\"it-IT\"},{\"@type\":\"Organization\",\"@id\":\"https:\\\/\\\/carlozaccagnini.it\\\/it\\\/#organization\",\"name\":\"Studio Legale Carlo Zaccagnini\",\"url\":\"https:\\\/\\\/carlozaccagnini.it\\\/it\\\/\",\"logo\":{\"@type\":\"ImageObject\",\"inLanguage\":\"it-IT\",\"@id\":\"https:\\\/\\\/carlozaccagnini.it\\\/it\\\/#\\\/schema\\\/logo\\\/image\\\/\",\"url\":\"https:\\\/\\\/carlozaccagnini.it\\\/wp-content\\\/uploads\\\/2018\\\/09\\\/cropped-icona.jpg\",\"contentUrl\":\"https:\\\/\\\/carlozaccagnini.it\\\/wp-content\\\/uploads\\\/2018\\\/09\\\/cropped-icona.jpg\",\"width\":512,\"height\":512,\"caption\":\"Studio Legale Carlo Zaccagnini\"},\"image\":{\"@id\":\"https:\\\/\\\/carlozaccagnini.it\\\/it\\\/#\\\/schema\\\/logo\\\/image\\\/\"}}]}<\/script>\n<!-- \/ Yoast SEO plugin. -->","yoast_head_json":{"title":"Per quanto tempo Piattaforme Digitali e TLC devono conservare i Dati Utente? | Studio Legale Avv. Carlo Zaccagnini - Cybercrime","description":"Per quanto tempo Piattaforme Digitali (TripAdvisor, The fork, Booking, Secret Escapes) e TLC devono conservare i Dati Telefonici e\/o Telematici dell'Utente? E\/O TELEMATICI DELL\u2019UTENTE? Il D. Lg.Vo n. 196, del 30 giugno 2003, in vigore dal 1\u00b0 gennaio 2004 (hinc \u201cCodice privacy\u201d), disciplina il trattamento dei dati personali. Nel Codice aspetto di rilievo concerne la diffusione e la comunicazione dei dati appartenenti ad una persona fisica o giuridica;","robots":{"index":"index","follow":"follow","max-snippet":"max-snippet:-1","max-image-preview":"max-image-preview:large","max-video-preview":"max-video-preview:-1"},"canonical":"https:\/\/carlozaccagnini.it\/it\/papers\/per-quanto-tempo-piattaforme-digitali-e-tlc-devono-conservare-i-dati-utente\/","og_locale":"it_IT","og_type":"article","og_title":"Per quanto tempo Piattaforme Digitali e TLC devono conservare i Dati Utente? | Studio Legale Avv. Carlo Zaccagnini - Cybercrime","og_description":"Per quanto tempo Piattaforme Digitali (TripAdvisor, The fork, Booking, Secret Escapes) e TLC devono conservare i Dati Telefonici e\/o Telematici dell'Utente? E\/O TELEMATICI DELL\u2019UTENTE? Il D. Lg.Vo n. 196, del 30 giugno 2003, in vigore dal 1\u00b0 gennaio 2004 (hinc \u201cCodice privacy\u201d), disciplina il trattamento dei dati personali. Nel Codice aspetto di rilievo concerne la diffusione e la comunicazione dei dati appartenenti ad una persona fisica o giuridica;","og_url":"https:\/\/carlozaccagnini.it\/it\/papers\/per-quanto-tempo-piattaforme-digitali-e-tlc-devono-conservare-i-dati-utente\/","og_site_name":"Studio Legale Avv. Carlo Zaccagnini","article_modified_time":"2023-07-31T11:21:13+00:00","twitter_card":"summary_large_image","twitter_misc":{"Tempo di lettura stimato":"4 minuti"},"schema":{"@context":"https:\/\/schema.org","@graph":[{"@type":"WebPage","@id":"https:\/\/carlozaccagnini.it\/it\/papers\/per-quanto-tempo-piattaforme-digitali-e-tlc-devono-conservare-i-dati-utente\/","url":"https:\/\/carlozaccagnini.it\/it\/papers\/per-quanto-tempo-piattaforme-digitali-e-tlc-devono-conservare-i-dati-utente\/","name":"Per quanto tempo Piattaforme Digitali e TLC devono conservare i Dati Utente? | Studio Legale Avv. Carlo Zaccagnini - Cybercrime","isPartOf":{"@id":"https:\/\/carlozaccagnini.it\/it\/#website"},"datePublished":"2023-07-28T11:30:01+00:00","dateModified":"2023-07-31T11:21:13+00:00","description":"Per quanto tempo Piattaforme Digitali (TripAdvisor, The fork, Booking, Secret Escapes) e TLC devono conservare i Dati Telefonici e\/o Telematici dell'Utente? E\/O TELEMATICI DELL\u2019UTENTE? Il D. Lg.Vo n. 196, del 30 giugno 2003, in vigore dal 1\u00b0 gennaio 2004 (hinc \u201cCodice privacy\u201d), disciplina il trattamento dei dati personali. Nel Codice aspetto di rilievo concerne la diffusione e la comunicazione dei dati appartenenti ad una persona fisica o giuridica;","breadcrumb":{"@id":"https:\/\/carlozaccagnini.it\/it\/papers\/per-quanto-tempo-piattaforme-digitali-e-tlc-devono-conservare-i-dati-utente\/#breadcrumb"},"inLanguage":"it-IT","potentialAction":[{"@type":"ReadAction","target":["https:\/\/carlozaccagnini.it\/it\/papers\/per-quanto-tempo-piattaforme-digitali-e-tlc-devono-conservare-i-dati-utente\/"]}]},{"@type":"BreadcrumbList","@id":"https:\/\/carlozaccagnini.it\/it\/papers\/per-quanto-tempo-piattaforme-digitali-e-tlc-devono-conservare-i-dati-utente\/#breadcrumb","itemListElement":[{"@type":"ListItem","position":1,"name":"Home","item":"https:\/\/carlozaccagnini.it\/it\/"},{"@type":"ListItem","position":2,"name":"White Papers","item":"https:\/\/carlozaccagnini.it\/it\/papers\/"},{"@type":"ListItem","position":3,"name":"Per quanto tempo Piattaforme Digitali e TLC devono conservare i Dati Utente?"}]},{"@type":"WebSite","@id":"https:\/\/carlozaccagnini.it\/it\/#website","url":"https:\/\/carlozaccagnini.it\/it\/","name":"Studio Legale Avv. Carlo Zaccagnini","description":"White Collar Crime Defence","publisher":{"@id":"https:\/\/carlozaccagnini.it\/it\/#organization"},"potentialAction":[{"@type":"SearchAction","target":{"@type":"EntryPoint","urlTemplate":"https:\/\/carlozaccagnini.it\/it\/?s={search_term_string}"},"query-input":{"@type":"PropertyValueSpecification","valueRequired":true,"valueName":"search_term_string"}}],"inLanguage":"it-IT"},{"@type":"Organization","@id":"https:\/\/carlozaccagnini.it\/it\/#organization","name":"Studio Legale Carlo Zaccagnini","url":"https:\/\/carlozaccagnini.it\/it\/","logo":{"@type":"ImageObject","inLanguage":"it-IT","@id":"https:\/\/carlozaccagnini.it\/it\/#\/schema\/logo\/image\/","url":"https:\/\/carlozaccagnini.it\/wp-content\/uploads\/2018\/09\/cropped-icona.jpg","contentUrl":"https:\/\/carlozaccagnini.it\/wp-content\/uploads\/2018\/09\/cropped-icona.jpg","width":512,"height":512,"caption":"Studio Legale Carlo Zaccagnini"},"image":{"@id":"https:\/\/carlozaccagnini.it\/it\/#\/schema\/logo\/image\/"}}]}},"_links":{"self":[{"href":"https:\/\/carlozaccagnini.it\/it\/wp-json\/wp\/v2\/pages\/6090","targetHints":{"allow":["GET"]}}],"collection":[{"href":"https:\/\/carlozaccagnini.it\/it\/wp-json\/wp\/v2\/pages"}],"about":[{"href":"https:\/\/carlozaccagnini.it\/it\/wp-json\/wp\/v2\/types\/page"}],"author":[{"embeddable":true,"href":"https:\/\/carlozaccagnini.it\/it\/wp-json\/wp\/v2\/users\/2"}],"replies":[{"embeddable":true,"href":"https:\/\/carlozaccagnini.it\/it\/wp-json\/wp\/v2\/comments?post=6090"}],"version-history":[{"count":0,"href":"https:\/\/carlozaccagnini.it\/it\/wp-json\/wp\/v2\/pages\/6090\/revisions"}],"up":[{"embeddable":true,"href":"https:\/\/carlozaccagnini.it\/it\/wp-json\/wp\/v2\/pages\/4116"}],"wp:attachment":[{"href":"https:\/\/carlozaccagnini.it\/it\/wp-json\/wp\/v2\/media?parent=6090"}],"curies":[{"name":"wp","href":"https:\/\/api.w.org\/{rel}","templated":true}]}}