{"id":6057,"date":"2023-07-25T13:02:23","date_gmt":"2023-07-25T11:02:23","guid":{"rendered":"https:\/\/carlozaccagnini.it\/?page_id=6057"},"modified":"2023-07-25T13:03:21","modified_gmt":"2023-07-25T11:03:21","slug":"eccepire-la-nullita-della-notifica","status":"publish","type":"page","link":"https:\/\/carlozaccagnini.it\/it\/papers\/eccepire-la-nullita-della-notifica\/","title":{"rendered":"Eccepire la nullit\u00e0 della notifica"},"content":{"rendered":"<div class=\"wpb-content-wrapper\"><p>[vc_row][vc_column][vc_btn title=&#8221;TORNA A PAPERS&#8221; align=&#8221;right&#8221; link=&#8221;url:https%3A%2F%2Fcarlozaccagnini.it%2Fit%2Fpapers%2F&#8221;][vc_empty_space height=&#8221;10px&#8221;][vc_column_text]<\/p>\n<h3 class=\"fl-heading\"><span class=\"fl-heading-text\" style=\"color: #1f497d;\">Eccepire la nullit\u00e0 della notifica.<\/span><\/h3>\n<p>[\/vc_column_text][vc_empty_space height=&#8221;50px&#8221;][\/vc_column][\/vc_row][vc_row][vc_column][vc_column_text]<\/p>\n<div class=\"fl-module fl-module-rich-text fl-node-5ece36b40716d\" data-node=\"5ece36b40716d\">\n<div class=\"fl-module-content fl-node-content\">\n<div class=\"fl-rich-text\">\n<div class=\"fl-module fl-module-rich-text fl-node-5ea1706abbcbc\" data-node=\"5ea1706abbcbc\">\n<div class=\"fl-module-content fl-node-content\">\n<div class=\"fl-rich-text\">\n<div class=\"fl-module fl-module-rich-text fl-node-5e986930b9911\" data-node=\"5e986930b9911\">\n<div class=\"fl-module-content fl-node-content\">\n<div class=\"fl-rich-text\">\n<div class=\"fl-module fl-module-rich-text fl-node-5e98795cf3c60\" data-node=\"5e98795cf3c60\">\n<div class=\"fl-module-content fl-node-content\">\n<div class=\"fl-rich-text\"><\/div>\n<\/div>\n<\/div>\n<div class=\"fl-module fl-module-rich-text fl-node-5e988fd96e2dc\" data-node=\"5e988fd96e2dc\">\n<div class=\"fl-module-content fl-node-content\">\n<div class=\"fl-rich-text\">\n<p><strong><span style=\"color: #333333;\">CONSIDERAZIONI GENERALI<\/span><\/strong><br \/>\n<span style=\"color: #333333;\">\u00abLa funzione propria della notificazione \u00e8 quella di portare a conoscenza del destinatario\u00bb un atto appartenente al procedimento (ad es., la richiesta di archiviazione ex art. 408, comma II, c.p.p.), od un avviso di una attivit\u00e0 gi\u00e0 compiuta o da compiere (ad esempio, l\u2019avviso che \u00e8 depositato in segreteria il verbale di un atto di indagine, ex art. 366, c.p.p.) o, ancora, un avviso che sar\u00e0 compiuto un atto garantito (art. 364 c.p.p.) \u00ab\u2026al fine di consentire l\u2019instaurazione del contraddittorio e <\/span><span style=\"color: #333333;\">l\u2019effettivo esercizio del diritto di difesa\u00bb 1.<\/span><br \/>\n<span style=\"color: #333333;\">Nell\u2019intento di contemperare tra le esigenze contrapposte di portare alla conoscenza effettiva del destinatario l\u2019atto da notificare e di accertare il reato assicurando la celerit\u00e0 degli adempimenti formali \u00e8 derivata una disciplina minuziosa 2, finalizzata a rendere minimo lo scarto tra conoscenza effettiva e conoscenza legale dell\u2019atto da notificare, realizzata quando esso sia condotto nella sfera di conoscibilit\u00e0 del destinatario con il rispetto delle forme <\/span><span style=\"color: #333333;\">tassativamente previste per la notificazione 3. <a href=\"https:\/\/carlozaccagnini.it\/pdf\/eccepire-la-nullita\u0300-della-notifica.pdf\" target=\"_blank\" rel=\"noopener\">Download .pdf<\/a><\/span><\/p>\n<\/div>\n<\/div>\n<\/div>\n<\/div>\n<\/div>\n<\/div>\n<p style=\"text-align: center;\"><span style=\"color: #333333;\">\u00a0Avvocato Carlo Zaccagnini<\/span><\/p>\n<\/div>\n<\/div>\n<\/div>\n<\/div>\n<\/div>\n<\/div>\n<p>[\/vc_column_text][vc_empty_space height=&#8221;50px&#8221;][\/vc_column][\/vc_row][vc_row css=&#8221;.vc_custom_1688390796203{background-color: #1f497d !important;}&#8221;][vc_column]<div class=\"mkdf-call-to-action-holder  mkdf-normal-layout  mkdf-three-quarters-columns\">\n\n\t<div class=\"mkdf-cta-inner \">\n\t\t<div class=\"mkdf-cta-icon-holder\">\n\t\t\t<span aria-hidden=\"true\" class=\"mkdf-icon-font-elegant  \" style=\"color: #ffffff;font-size: 30px\"><\/span>\t\t<\/div>\n\t\t<div class=\"mkdf-cta-text-holder\">\n\t\t\t<div class=\"mkdf-cta-text\">\n<h2 style=\"text-align: left;\"><span style=\"color: #165253;\"><span style=\"color: #ffffff;\">Dubbi o necessit\u00e0?<\/span><br \/>\n<\/span><\/h2>\n<\/div>\n\t\t<\/div>\n\t\t<div class=\"mkdf-cta-button-holder\" >\n\t\t\t<div class=\"mkdf-cta-button\"><a itemprop=\"url\" href=\"https:\/\/carlozaccagnini.it\/it\/contatti\/\" target=\"_self\" style=\"color: #ffffff;background-color: #1a2843;border-color: #1a2843\" class=\"mkdf-btn mkdf-btn-medium mkdf-btn-solid mkdf-btn-custom-hover-bg mkdf-btn-custom-border-hover mkdf-btn-custom-hover-color\" data-hover-color=\"#1a2843\" data-hover-bg-color=\"#f2f2ef\" data-hover-border-color=\"#1a2843\" >    <span class=\"mkdf-btn-text\">CONTATTACI<\/span>    <\/a><\/div>\n\t\t<\/div>\n\t<\/div>\n<\/div>[vc_empty_space][\/vc_column][\/vc_row][vc_row][vc_column][vc_column_text]<\/p>\n<p style=\"text-align: right;\"><a href=\"https:\/\/carlozaccagnini.it\/it\/disclaimer\/\" target=\"_blank\" rel=\"noopener\"><strong>DISCLAIMER<\/strong><\/a><\/p>\n<p>[\/vc_column_text][\/vc_column][\/vc_row]<\/p>\n<\/div>","protected":false},"excerpt":{"rendered":"<p>[vc_row][vc_column][vc_btn title=&#8221;TORNA A PAPERS&#8221; align=&#8221;right&#8221; link=&#8221;url:https%3A%2F%2Fcarlozaccagnini.it%2Fit%2Fpapers%2F&#8221;][vc_empty_space height=&#8221;10px&#8221;][vc_column_text] Eccepire la nullit\u00e0 della notifica. [\/vc_column_text][vc_empty_space height=&#8221;50px&#8221;][\/vc_column][\/vc_row][vc_row][vc_column][vc_column_text] CONSIDERAZIONI GENERALI \u00abLa funzione propria della notificazione \u00e8 quella di portare a conoscenza del destinatario\u00bb un [&hellip;]<\/p>\n","protected":false},"author":2,"featured_media":0,"parent":4116,"menu_order":0,"comment_status":"closed","ping_status":"closed","template":"","meta":{"footnotes":""},"class_list":["post-6057","page","type-page","status-publish","hentry"],"yoast_head":"<!-- This site is optimized with the Yoast SEO plugin v27.3 - https:\/\/yoast.com\/product\/yoast-seo-wordpress\/ -->\n<title>Eccepire la nullit\u00e0 della notifica | Studio Legale Avv. Carlo Zaccagnini<\/title>\n<meta name=\"description\" content=\"\u00c8 ritrattabile la richiesta di accesso al rito alternativo del giudizio abbreviato da parte dell\u2019imputato?La funzione propria della notificazione \u00e8 quella di portare a conoscenza del destinatario\u00bb un atto appartenente al procedimento od un avviso di una attivit\u00e0 gi\u00e0 compiuta o da compiere o, ancora, un avviso che sar\u00e0 compiuto un atto garantito (art. 364 c.p.p.) \u00ab\u2026al fine di consentire l\u2019instaurazione del contraddittorio e l\u2019effettivo esercizio del diritto di difesa.\" \/>\n<meta name=\"robots\" content=\"index, follow, max-snippet:-1, max-image-preview:large, max-video-preview:-1\" \/>\n<link rel=\"canonical\" href=\"https:\/\/carlozaccagnini.it\/it\/papers\/eccepire-la-nullita-della-notifica\/\" \/>\n<meta property=\"og:locale\" content=\"it_IT\" \/>\n<meta property=\"og:type\" content=\"article\" \/>\n<meta property=\"og:title\" content=\"Eccepire la nullit\u00e0 della notifica | Studio Legale Avv. Carlo Zaccagnini\" \/>\n<meta property=\"og:description\" content=\"\u00c8 ritrattabile la richiesta di accesso al rito alternativo del giudizio abbreviato da parte dell\u2019imputato?La funzione propria della notificazione \u00e8 quella di portare a conoscenza del destinatario\u00bb un atto appartenente al procedimento od un avviso di una attivit\u00e0 gi\u00e0 compiuta o da compiere o, ancora, un avviso che sar\u00e0 compiuto un atto garantito (art. 364 c.p.p.) \u00ab\u2026al fine di consentire l\u2019instaurazione del contraddittorio e l\u2019effettivo esercizio del diritto di difesa.\" \/>\n<meta property=\"og:url\" content=\"https:\/\/carlozaccagnini.it\/it\/papers\/eccepire-la-nullita-della-notifica\/\" \/>\n<meta property=\"og:site_name\" content=\"Studio Legale Avv. Carlo Zaccagnini\" \/>\n<meta property=\"article:modified_time\" content=\"2023-07-25T11:03:21+00:00\" \/>\n<meta name=\"twitter:card\" content=\"summary_large_image\" \/>\n<meta name=\"twitter:label1\" content=\"Tempo di lettura stimato\" \/>\n\t<meta name=\"twitter:data1\" content=\"2 minuti\" \/>\n<script type=\"application\/ld+json\" class=\"yoast-schema-graph\">{\"@context\":\"https:\\\/\\\/schema.org\",\"@graph\":[{\"@type\":\"WebPage\",\"@id\":\"https:\\\/\\\/carlozaccagnini.it\\\/it\\\/papers\\\/eccepire-la-nullita-della-notifica\\\/\",\"url\":\"https:\\\/\\\/carlozaccagnini.it\\\/it\\\/papers\\\/eccepire-la-nullita-della-notifica\\\/\",\"name\":\"Eccepire la nullit\u00e0 della notifica | Studio Legale Avv. Carlo Zaccagnini\",\"isPartOf\":{\"@id\":\"https:\\\/\\\/carlozaccagnini.it\\\/it\\\/#website\"},\"datePublished\":\"2023-07-25T11:02:23+00:00\",\"dateModified\":\"2023-07-25T11:03:21+00:00\",\"description\":\"\u00c8 ritrattabile la richiesta di accesso al rito alternativo del giudizio abbreviato da parte dell\u2019imputato?La funzione propria della notificazione \u00e8 quella di portare a conoscenza del destinatario\u00bb un atto appartenente al procedimento od un avviso di una attivit\u00e0 gi\u00e0 compiuta o da compiere o, ancora, un avviso che sar\u00e0 compiuto un atto garantito (art. 364 c.p.p.) \u00ab\u2026al fine di consentire l\u2019instaurazione del contraddittorio e l\u2019effettivo esercizio del diritto di difesa.\",\"breadcrumb\":{\"@id\":\"https:\\\/\\\/carlozaccagnini.it\\\/it\\\/papers\\\/eccepire-la-nullita-della-notifica\\\/#breadcrumb\"},\"inLanguage\":\"it-IT\",\"potentialAction\":[{\"@type\":\"ReadAction\",\"target\":[\"https:\\\/\\\/carlozaccagnini.it\\\/it\\\/papers\\\/eccepire-la-nullita-della-notifica\\\/\"]}]},{\"@type\":\"BreadcrumbList\",\"@id\":\"https:\\\/\\\/carlozaccagnini.it\\\/it\\\/papers\\\/eccepire-la-nullita-della-notifica\\\/#breadcrumb\",\"itemListElement\":[{\"@type\":\"ListItem\",\"position\":1,\"name\":\"Home\",\"item\":\"https:\\\/\\\/carlozaccagnini.it\\\/it\\\/\"},{\"@type\":\"ListItem\",\"position\":2,\"name\":\"White Papers\",\"item\":\"https:\\\/\\\/carlozaccagnini.it\\\/it\\\/papers\\\/\"},{\"@type\":\"ListItem\",\"position\":3,\"name\":\"Eccepire la nullit\u00e0 della notifica\"}]},{\"@type\":\"WebSite\",\"@id\":\"https:\\\/\\\/carlozaccagnini.it\\\/it\\\/#website\",\"url\":\"https:\\\/\\\/carlozaccagnini.it\\\/it\\\/\",\"name\":\"Studio Legale Avv. Carlo Zaccagnini\",\"description\":\"White Collar Crime Defence\",\"publisher\":{\"@id\":\"https:\\\/\\\/carlozaccagnini.it\\\/it\\\/#organization\"},\"potentialAction\":[{\"@type\":\"SearchAction\",\"target\":{\"@type\":\"EntryPoint\",\"urlTemplate\":\"https:\\\/\\\/carlozaccagnini.it\\\/it\\\/?s={search_term_string}\"},\"query-input\":{\"@type\":\"PropertyValueSpecification\",\"valueRequired\":true,\"valueName\":\"search_term_string\"}}],\"inLanguage\":\"it-IT\"},{\"@type\":\"Organization\",\"@id\":\"https:\\\/\\\/carlozaccagnini.it\\\/it\\\/#organization\",\"name\":\"Studio Legale Carlo Zaccagnini\",\"url\":\"https:\\\/\\\/carlozaccagnini.it\\\/it\\\/\",\"logo\":{\"@type\":\"ImageObject\",\"inLanguage\":\"it-IT\",\"@id\":\"https:\\\/\\\/carlozaccagnini.it\\\/it\\\/#\\\/schema\\\/logo\\\/image\\\/\",\"url\":\"https:\\\/\\\/carlozaccagnini.it\\\/wp-content\\\/uploads\\\/2018\\\/09\\\/cropped-icona.jpg\",\"contentUrl\":\"https:\\\/\\\/carlozaccagnini.it\\\/wp-content\\\/uploads\\\/2018\\\/09\\\/cropped-icona.jpg\",\"width\":512,\"height\":512,\"caption\":\"Studio Legale Carlo Zaccagnini\"},\"image\":{\"@id\":\"https:\\\/\\\/carlozaccagnini.it\\\/it\\\/#\\\/schema\\\/logo\\\/image\\\/\"}}]}<\/script>\n<!-- \/ Yoast SEO plugin. -->","yoast_head_json":{"title":"Eccepire la nullit\u00e0 della notifica | Studio Legale Avv. Carlo Zaccagnini","description":"\u00c8 ritrattabile la richiesta di accesso al rito alternativo del giudizio abbreviato da parte dell\u2019imputato?La funzione propria della notificazione \u00e8 quella di portare a conoscenza del destinatario\u00bb un atto appartenente al procedimento od un avviso di una attivit\u00e0 gi\u00e0 compiuta o da compiere o, ancora, un avviso che sar\u00e0 compiuto un atto garantito (art. 364 c.p.p.) \u00ab\u2026al fine di consentire l\u2019instaurazione del contraddittorio e l\u2019effettivo esercizio del diritto di difesa.","robots":{"index":"index","follow":"follow","max-snippet":"max-snippet:-1","max-image-preview":"max-image-preview:large","max-video-preview":"max-video-preview:-1"},"canonical":"https:\/\/carlozaccagnini.it\/it\/papers\/eccepire-la-nullita-della-notifica\/","og_locale":"it_IT","og_type":"article","og_title":"Eccepire la nullit\u00e0 della notifica | Studio Legale Avv. Carlo Zaccagnini","og_description":"\u00c8 ritrattabile la richiesta di accesso al rito alternativo del giudizio abbreviato da parte dell\u2019imputato?La funzione propria della notificazione \u00e8 quella di portare a conoscenza del destinatario\u00bb un atto appartenente al procedimento od un avviso di una attivit\u00e0 gi\u00e0 compiuta o da compiere o, ancora, un avviso che sar\u00e0 compiuto un atto garantito (art. 364 c.p.p.) \u00ab\u2026al fine di consentire l\u2019instaurazione del contraddittorio e l\u2019effettivo esercizio del diritto di difesa.","og_url":"https:\/\/carlozaccagnini.it\/it\/papers\/eccepire-la-nullita-della-notifica\/","og_site_name":"Studio Legale Avv. Carlo Zaccagnini","article_modified_time":"2023-07-25T11:03:21+00:00","twitter_card":"summary_large_image","twitter_misc":{"Tempo di lettura stimato":"2 minuti"},"schema":{"@context":"https:\/\/schema.org","@graph":[{"@type":"WebPage","@id":"https:\/\/carlozaccagnini.it\/it\/papers\/eccepire-la-nullita-della-notifica\/","url":"https:\/\/carlozaccagnini.it\/it\/papers\/eccepire-la-nullita-della-notifica\/","name":"Eccepire la nullit\u00e0 della notifica | Studio Legale Avv. Carlo Zaccagnini","isPartOf":{"@id":"https:\/\/carlozaccagnini.it\/it\/#website"},"datePublished":"2023-07-25T11:02:23+00:00","dateModified":"2023-07-25T11:03:21+00:00","description":"\u00c8 ritrattabile la richiesta di accesso al rito alternativo del giudizio abbreviato da parte dell\u2019imputato?La funzione propria della notificazione \u00e8 quella di portare a conoscenza del destinatario\u00bb un atto appartenente al procedimento od un avviso di una attivit\u00e0 gi\u00e0 compiuta o da compiere o, ancora, un avviso che sar\u00e0 compiuto un atto garantito (art. 364 c.p.p.) \u00ab\u2026al fine di consentire l\u2019instaurazione del contraddittorio e l\u2019effettivo esercizio del diritto di difesa.","breadcrumb":{"@id":"https:\/\/carlozaccagnini.it\/it\/papers\/eccepire-la-nullita-della-notifica\/#breadcrumb"},"inLanguage":"it-IT","potentialAction":[{"@type":"ReadAction","target":["https:\/\/carlozaccagnini.it\/it\/papers\/eccepire-la-nullita-della-notifica\/"]}]},{"@type":"BreadcrumbList","@id":"https:\/\/carlozaccagnini.it\/it\/papers\/eccepire-la-nullita-della-notifica\/#breadcrumb","itemListElement":[{"@type":"ListItem","position":1,"name":"Home","item":"https:\/\/carlozaccagnini.it\/it\/"},{"@type":"ListItem","position":2,"name":"White Papers","item":"https:\/\/carlozaccagnini.it\/it\/papers\/"},{"@type":"ListItem","position":3,"name":"Eccepire la nullit\u00e0 della notifica"}]},{"@type":"WebSite","@id":"https:\/\/carlozaccagnini.it\/it\/#website","url":"https:\/\/carlozaccagnini.it\/it\/","name":"Studio Legale Avv. Carlo Zaccagnini","description":"White Collar Crime Defence","publisher":{"@id":"https:\/\/carlozaccagnini.it\/it\/#organization"},"potentialAction":[{"@type":"SearchAction","target":{"@type":"EntryPoint","urlTemplate":"https:\/\/carlozaccagnini.it\/it\/?s={search_term_string}"},"query-input":{"@type":"PropertyValueSpecification","valueRequired":true,"valueName":"search_term_string"}}],"inLanguage":"it-IT"},{"@type":"Organization","@id":"https:\/\/carlozaccagnini.it\/it\/#organization","name":"Studio Legale Carlo Zaccagnini","url":"https:\/\/carlozaccagnini.it\/it\/","logo":{"@type":"ImageObject","inLanguage":"it-IT","@id":"https:\/\/carlozaccagnini.it\/it\/#\/schema\/logo\/image\/","url":"https:\/\/carlozaccagnini.it\/wp-content\/uploads\/2018\/09\/cropped-icona.jpg","contentUrl":"https:\/\/carlozaccagnini.it\/wp-content\/uploads\/2018\/09\/cropped-icona.jpg","width":512,"height":512,"caption":"Studio Legale Carlo Zaccagnini"},"image":{"@id":"https:\/\/carlozaccagnini.it\/it\/#\/schema\/logo\/image\/"}}]}},"_links":{"self":[{"href":"https:\/\/carlozaccagnini.it\/it\/wp-json\/wp\/v2\/pages\/6057","targetHints":{"allow":["GET"]}}],"collection":[{"href":"https:\/\/carlozaccagnini.it\/it\/wp-json\/wp\/v2\/pages"}],"about":[{"href":"https:\/\/carlozaccagnini.it\/it\/wp-json\/wp\/v2\/types\/page"}],"author":[{"embeddable":true,"href":"https:\/\/carlozaccagnini.it\/it\/wp-json\/wp\/v2\/users\/2"}],"replies":[{"embeddable":true,"href":"https:\/\/carlozaccagnini.it\/it\/wp-json\/wp\/v2\/comments?post=6057"}],"version-history":[{"count":0,"href":"https:\/\/carlozaccagnini.it\/it\/wp-json\/wp\/v2\/pages\/6057\/revisions"}],"up":[{"embeddable":true,"href":"https:\/\/carlozaccagnini.it\/it\/wp-json\/wp\/v2\/pages\/4116"}],"wp:attachment":[{"href":"https:\/\/carlozaccagnini.it\/it\/wp-json\/wp\/v2\/media?parent=6057"}],"curies":[{"name":"wp","href":"https:\/\/api.w.org\/{rel}","templated":true}]}}