{"id":6040,"date":"2023-07-25T11:18:22","date_gmt":"2023-07-25T09:18:22","guid":{"rendered":"https:\/\/carlozaccagnini.it\/?page_id=6040"},"modified":"2023-07-25T11:21:06","modified_gmt":"2023-07-25T09:21:06","slug":"patteggiamento-procedimento-alternativo","status":"publish","type":"page","link":"https:\/\/carlozaccagnini.it\/it\/papers\/patteggiamento-procedimento-alternativo\/","title":{"rendered":"Il patteggiamento: che cos\u2019\u00e8?"},"content":{"rendered":"<div class=\"wpb-content-wrapper\"><p>[vc_row][vc_column][vc_empty_space height=&#8221;50px&#8221;][vc_row_inner][vc_column_inner width=&#8221;1\/2&#8243;][\/vc_column_inner][vc_column_inner width=&#8221;1\/2&#8243;][vc_btn title=&#8221;TORNA A PAPERS&#8221; align=&#8221;right&#8221; link=&#8221;url:https%3A%2F%2Fcarlozaccagnini.it%2Fit%2Fpapers%2F&#8221;][\/vc_column_inner][\/vc_row_inner][vc_empty_space height=&#8221;10px&#8221;][vc_column_text]<\/p>\n<h4><span style=\"color: #1f497d;\"><strong>Il patteggiamento: che cos\u2019\u00e8?<\/strong><\/span><\/h4>\n<p>[\/vc_column_text][vc_empty_space height=&#8221;50px&#8221;][\/vc_column][\/vc_row][vc_row][vc_column][vc_column_text]<span style=\"color: #333333;\">Il patteggiamento o applicazione della pena su richiesta delle parti \u00e8 un procedimento speciale alternativo al rito ordinario che consente\u00a0 all\u2019imputato di\u00a0 trovare un accordo preliminare con la Procura sull&#8217;entit\u00e0 della pena da scontare. <strong>Il patteggiamento si risolve in una rinuncia dell\u2019imputato a contestare l\u2019accusa in cambio di uno sconto sulla pena fino a un terzo<\/strong>.<\/span><\/p>\n<p><span style=\"color: #333333;\">Tale procedimento \u00e8 disciplinato dagli articoli 444 e seguenti del codice di procedura penale, ed \u00a0\u00e8 esperibile per una serie di reati identificati \u00a0attraverso il riferimento alla sanzione in concreto applicabile : vi rientrano i delitti e le contravvenzioni punibili con una pena pecuniaria, oppure con una delle sanzioni sostitutive previste dalla legge n. 689 del 1981, o infine con una pena detentiva non superiore a cinque anni. La pena pecuniaria pu\u00f2 essere applicata congiuntamente alla pena detentiva, la quale a sua volta va determinata computando le eventuali circostanze previste dalla legge penale e tenendo altres\u00ec conto della diminuzione di pena prevista dalla legge processuale come incentivo all\u2019imputato per la scelta del rito speciale. <\/span><\/p>\n<p><span style=\"color: #333333;\"><strong>Pertanto sono ammessi al patteggiamento reati puniti con pene che in astratto superano di gran lunga i cinque anni<\/strong>. Sono esclusi dall&#8217;applicazione del patteggiamento i procedimenti per i reati previsti specificatamente al comma 1 <em>bis<\/em> dell&#8217;art. 444 c.p.p., nonch\u00e9 quelli relativi a soggetti recidivi ex <a style=\"color: #333333;\" href=\"http:\/\/www.altalex.com\/documents\/news\/2015\/01\/15\/del-reo-e-della-persona-offesa-dal-reato#art99\">art. 99 comma 4 c.p.<\/a>, o dichiarati delinquenti abituali, professionali o per tendenza. L\u2019<a style=\"color: #333333;\" href=\"http:\/\/www.altalex.com\/documents\/news\/2013\/12\/19\/applicazione-della-pena-su-richiesta-delle-parti#art444\">art. 444 comma 1 <em>ter<\/em> c.p.p.<\/a> individua, per taluni reati, una condizione preventiva di ammissibilit\u00e0 ulteriore a tale rito, vale a dire la restituzione integrale del prezzo o profitto del reato.<\/span><\/p>\n<p><span style=\"color: #333333;\">Il patteggiamento \u00e8 introdotto con una richiesta presentata al Giudice da una delle due parti, imputato o Pubblico Ministero, richiesta e consenso possono essere formulate oralmente se presentate in udienza, hanno forma scritta negli altri casi. La volont\u00e0 dell&#8217;imputato \u00e8 espressa personalmente o a mezzo di procuratore speciale. La richiesta pu\u00f2 essere formulata fino alla presentazione delle conclusioni in udienza preliminare, e fino alla dichiarazione di apertura del dibattimento in caso di rito direttissimo o procedimento <em>ex<\/em> <a style=\"color: #333333;\" href=\"http:\/\/www.altalex.com\/documents\/news\/2010\/09\/22\/citazione-diretta-a-giudizio#art550\">art. 550 c.p.p.<\/a><br \/>\nIn caso di decreto di giudizio immediato la richiesta dell&#8217;imputato deve essere effettuata con atto scritto depositato nella cancelleria del GIP entro quindici giorni dalla notifica del decreto di citazione. Nell&#8217;ipotesi di decreto penale di condanna la richiesta deve essere effettuata entro quindici giorni dalla notifica del decreto nell&#8217;atto di opposizione.<\/span><\/p>\n<p><span style=\"color: #333333;\">Fulcro del patteggiamento \u00e8, come detto, l\u2019accordo tra imputato e Pubblico Ministero, ma esso <strong>\u00e8 condizione solo necessaria, non di per s\u00e9 sufficiente, poich\u00e9 il Giudice deve verificare i presupposti di applicabilit\u00e0 dell\u2019intesa raggiunta<\/strong>. Il giudice verifica\u00a0 che il reato rientri tra quelli fra quelli suscettibili di essere definiti con il patteggiamento, appura che la qualificazione giuridica prospettata dalle parti sia corretta, infine valuta che la pena sia congrua.<\/span><\/p>\n<p><span style=\"color: #333333;\">Se concluso con esito positivo, il vaglio di ammissibilit\u00e0 impone una soluzione di merito conforme all\u2019accordo intervenuto tra le parti : <strong>il Giudice in sentenza \u00e8 vincolato alla pena esattamente nella specie e nella misura quantificata nell\u2019accordo<\/strong>.<\/span><\/p>\n<p><span style=\"color: #333333;\">Il Pubblico Ministero e l\u2019imputato possono proporre ricorso per cassazione contro la sentenza solo per motivi attinenti all\u2019espressione della volont\u00e0 dell\u2019imputato, al difetto di correlazione tra la richiesta e la sentenza, all\u2019erronea qualificazione giuridica del fatto e all\u2019illegalit\u00e0 della pena o della misura di sicurezza.<\/span><\/p>\n<p><span style=\"color: #333333;\">La <a style=\"color: #333333;\" href=\"http:\/\/www.altalex.com\/documents\/leggi\/2017\/03\/15\/riforma-codice-penale-e-procedura\">legge n. 103 del 2017<\/a> ha ripristinato l&#8217;istituto del patteggiamento di secondo grado attraverso concordato anche con rinuncia ai motivi d\u2019appello (<a style=\"color: #333333;\" href=\"http:\/\/www.altalex.com\/documents\/news\/2014\/09\/03\/appello#art599bis\">art. 599 bis c.p.p.<\/a>).<\/span><\/p>\n<p><strong><span style=\"color: #333333;\">Effetti del patteggiamento in sintesi:<\/span><\/strong><\/p>\n<p><span style=\"color: #333333;\">Rinunce per l\u2019imputato: rinuncia ad esercitare il diritto alla prova, rinuncia a controvertere sul fatto e sulla relativa qualifica giuridica.<\/span><\/p>\n<p><span style=\"color: #333333;\">Vantaggi : sconto di pena, preclusione dell\u2019azione civile per il risarcimento del danno da reato da parte della persona offesa, assenza di effetti pregiudizievoli della sentenza che applica la pena concordata(essa, infatti, non \u00e8 idonea ad irradiare effetti vincolanti nei giudizi civili o amministrativi), assenza di pubblicit\u00e0 (efficace incentivo soprattutto per i soggetti che hanno una notoriet\u00e0 e preferiscono sottrarsi ai riflettori). <\/span><\/p>\n<p><span style=\"color: #333333;\">Nel caso in cui la pena non superi i due anni la sentenza di patteggiamento non comporta l\u2019obbligo di pagare le spese processuali, comporta l\u2019esenzione da pene accessorie e misure di sicurezza (fatta eccezione per la confisca nei casi previsti dall\u2019articolo 240 c.p.), la non menzione della stessa nel certificato generale del casellario giudiziale richiesto dai privati; la condanna pu\u00f2 sfociare, inoltre, in una declaratoria di estinzione del reato se nei cinque anni successivi l\u2019imputato non commette un altro delitto, o se nei due anni successivi non si rende responsabile di una contravvenzione della stessa indole di quella che aveva costituito oggetto dell\u2019accordo.<\/span>[\/vc_column_text][vc_empty_space][vc_column_text]<span style=\"color: #333333;\">Roma, 10 Giugno 2020 \u00a0\u00a0\u00a0\u00a0\u00a0\u00a0\u00a0\u00a0\u00a0\u00a0\u00a0\u00a0\u00a0\u00a0\u00a0\u00a0\u00a0\u00a0\u00a0\u00a0\u00a0\u00a0\u00a0\u00a0\u00a0\u00a0\u00a0\u00a0\u00a0\u00a0\u00a0\u00a0\u00a0\u00a0\u00a0\u00a0\u00a0\u00a0 \u00a0 \u00a0 \u00a0 \u00a0 \u00a0 \u00a0 \u00a0 \u00a0 \u00a0 \u00a0 \u00a0 \u00a0 \u00a0 \u00a0 \u00a0 \u00a0 \u00a0 \u00a0\u00a0 <\/span><a href=\"https:\/\/carlozaccagnini.it\/it\/professionisti\/carlo-zaccagnini\/\"><span style=\"color: #333333;\">Avvocato Carlo Zaccagnini<\/span><\/a>[\/vc_column_text][vc_empty_space height=&#8221;70px&#8221;][\/vc_column][\/vc_row][vc_row css=&#8221;.vc_custom_1688383983319{background-color: #1f497d !important;}&#8221;][vc_column]<div class=\"mkdf-call-to-action-holder  mkdf-normal-layout  mkdf-three-quarters-columns\">\n\n\t<div class=\"mkdf-cta-inner \">\n\t\t<div class=\"mkdf-cta-icon-holder\">\n\t\t\t<span aria-hidden=\"true\" class=\"mkdf-icon-font-elegant  \" style=\"color: #ffffff;font-size: 30px\"><\/span>\t\t<\/div>\n\t\t<div class=\"mkdf-cta-text-holder\">\n\t\t\t<div class=\"mkdf-cta-text\">\n<h2 style=\"text-align: left;\"><span style=\"color: #165253;\"><span style=\"color: #ffffff;\">Dubbi o necessit\u00e0?<\/span><br \/>\n<\/span><\/h2>\n<\/div>\n\t\t<\/div>\n\t\t<div class=\"mkdf-cta-button-holder\" >\n\t\t\t<div class=\"mkdf-cta-button\"><a itemprop=\"url\" href=\"https:\/\/carlozaccagnini.it\/it\/contatti\/\" target=\"_self\" style=\"color: #ffffff;background-color: #1a2843;border-color: #1a2843\" class=\"mkdf-btn mkdf-btn-medium mkdf-btn-solid mkdf-btn-custom-hover-bg mkdf-btn-custom-border-hover mkdf-btn-custom-hover-color\" data-hover-color=\"#1a2843\" data-hover-bg-color=\"#f2f2ef\" data-hover-border-color=\"#1a2843\" >    <span class=\"mkdf-btn-text\">CONTATTACI<\/span>    <\/a><\/div>\n\t\t<\/div>\n\t<\/div>\n<\/div>[vc_empty_space height=&#8221;40px&#8221;][\/vc_column][\/vc_row][vc_row][vc_column][vc_empty_space height=&#8221;20px&#8221;][vc_column_text]<\/p>\n<p style=\"text-align: right;\"><strong><a href=\"https:\/\/carlozaccagnini.it\/it\/disclaimer\/\" target=\"_blank\" rel=\"noopener\">DISCLAIMER<\/a><\/strong><\/p>\n<p>[\/vc_column_text][\/vc_column][\/vc_row]<\/p>\n<\/div>","protected":false},"excerpt":{"rendered":"<p>[vc_row][vc_column][vc_empty_space height=&#8221;50px&#8221;][vc_row_inner][vc_column_inner width=&#8221;1\/2&#8243;][\/vc_column_inner][vc_column_inner width=&#8221;1\/2&#8243;][vc_btn title=&#8221;TORNA A PAPERS&#8221; align=&#8221;right&#8221; link=&#8221;url:https%3A%2F%2Fcarlozaccagnini.it%2Fit%2Fpapers%2F&#8221;][\/vc_column_inner][\/vc_row_inner][vc_empty_space height=&#8221;10px&#8221;][vc_column_text] Il patteggiamento: che cos\u2019\u00e8? [\/vc_column_text][vc_empty_space height=&#8221;50px&#8221;][\/vc_column][\/vc_row][vc_row][vc_column][vc_column_text]Il patteggiamento o applicazione della pena su richiesta delle parti \u00e8 un procedimento speciale alternativo [&hellip;]<\/p>\n","protected":false},"author":2,"featured_media":0,"parent":4116,"menu_order":0,"comment_status":"closed","ping_status":"closed","template":"","meta":{"footnotes":""},"class_list":["post-6040","page","type-page","status-publish","hentry"],"yoast_head":"<!-- This site is optimized with the Yoast SEO plugin v27.4 - https:\/\/yoast.com\/product\/yoast-seo-wordpress\/ -->\n<title>Il patteggiamento: che cos\u2019\u00e8? | Studio Legale Avv. Carlo Zaccagnini<\/title>\n<meta name=\"description\" content=\"Il patteggiamento \u00e8 un procedimento speciale alternativo al rito ordinario che consente all\u2019imputato di trovare un accordo preliminare con la Procura sull&#039;entit\u00e0 della pena da scontare.\" \/>\n<meta name=\"robots\" content=\"index, follow, max-snippet:-1, max-image-preview:large, max-video-preview:-1\" \/>\n<link rel=\"canonical\" href=\"https:\/\/carlozaccagnini.it\/it\/papers\/patteggiamento-procedimento-alternativo\/\" \/>\n<meta property=\"og:locale\" content=\"it_IT\" \/>\n<meta property=\"og:type\" content=\"article\" \/>\n<meta property=\"og:title\" content=\"Il patteggiamento: che cos\u2019\u00e8? | Studio Legale Avv. Carlo Zaccagnini\" \/>\n<meta property=\"og:description\" content=\"Il patteggiamento \u00e8 un procedimento speciale alternativo al rito ordinario che consente all\u2019imputato di trovare un accordo preliminare con la Procura sull&#039;entit\u00e0 della pena da scontare.\" \/>\n<meta property=\"og:url\" content=\"https:\/\/carlozaccagnini.it\/it\/papers\/patteggiamento-procedimento-alternativo\/\" \/>\n<meta property=\"og:site_name\" content=\"Studio Legale Avv. Carlo Zaccagnini\" \/>\n<meta property=\"article:modified_time\" content=\"2023-07-25T09:21:06+00:00\" \/>\n<meta name=\"twitter:card\" content=\"summary_large_image\" \/>\n<meta name=\"twitter:label1\" content=\"Tempo di lettura stimato\" \/>\n\t<meta name=\"twitter:data1\" content=\"5 minuti\" \/>\n<script type=\"application\/ld+json\" class=\"yoast-schema-graph\">{\"@context\":\"https:\\\/\\\/schema.org\",\"@graph\":[{\"@type\":\"WebPage\",\"@id\":\"https:\\\/\\\/carlozaccagnini.it\\\/it\\\/papers\\\/patteggiamento-procedimento-alternativo\\\/\",\"url\":\"https:\\\/\\\/carlozaccagnini.it\\\/it\\\/papers\\\/patteggiamento-procedimento-alternativo\\\/\",\"name\":\"Il patteggiamento: che cos\u2019\u00e8? | Studio Legale Avv. Carlo Zaccagnini\",\"isPartOf\":{\"@id\":\"https:\\\/\\\/carlozaccagnini.it\\\/it\\\/#website\"},\"datePublished\":\"2023-07-25T09:18:22+00:00\",\"dateModified\":\"2023-07-25T09:21:06+00:00\",\"description\":\"Il patteggiamento \u00e8 un procedimento speciale alternativo al rito ordinario che consente all\u2019imputato di trovare un accordo preliminare con la Procura sull'entit\u00e0 della pena da scontare.\",\"breadcrumb\":{\"@id\":\"https:\\\/\\\/carlozaccagnini.it\\\/it\\\/papers\\\/patteggiamento-procedimento-alternativo\\\/#breadcrumb\"},\"inLanguage\":\"it-IT\",\"potentialAction\":[{\"@type\":\"ReadAction\",\"target\":[\"https:\\\/\\\/carlozaccagnini.it\\\/it\\\/papers\\\/patteggiamento-procedimento-alternativo\\\/\"]}]},{\"@type\":\"BreadcrumbList\",\"@id\":\"https:\\\/\\\/carlozaccagnini.it\\\/it\\\/papers\\\/patteggiamento-procedimento-alternativo\\\/#breadcrumb\",\"itemListElement\":[{\"@type\":\"ListItem\",\"position\":1,\"name\":\"Home\",\"item\":\"https:\\\/\\\/carlozaccagnini.it\\\/it\\\/\"},{\"@type\":\"ListItem\",\"position\":2,\"name\":\"White Papers\",\"item\":\"https:\\\/\\\/carlozaccagnini.it\\\/it\\\/papers\\\/\"},{\"@type\":\"ListItem\",\"position\":3,\"name\":\"Il patteggiamento: che cos\u2019\u00e8?\"}]},{\"@type\":\"WebSite\",\"@id\":\"https:\\\/\\\/carlozaccagnini.it\\\/it\\\/#website\",\"url\":\"https:\\\/\\\/carlozaccagnini.it\\\/it\\\/\",\"name\":\"Studio Legale Avv. Carlo Zaccagnini\",\"description\":\"White Collar Crime Defence\",\"publisher\":{\"@id\":\"https:\\\/\\\/carlozaccagnini.it\\\/it\\\/#organization\"},\"potentialAction\":[{\"@type\":\"SearchAction\",\"target\":{\"@type\":\"EntryPoint\",\"urlTemplate\":\"https:\\\/\\\/carlozaccagnini.it\\\/it\\\/?s={search_term_string}\"},\"query-input\":{\"@type\":\"PropertyValueSpecification\",\"valueRequired\":true,\"valueName\":\"search_term_string\"}}],\"inLanguage\":\"it-IT\"},{\"@type\":\"Organization\",\"@id\":\"https:\\\/\\\/carlozaccagnini.it\\\/it\\\/#organization\",\"name\":\"Studio Legale Carlo Zaccagnini\",\"url\":\"https:\\\/\\\/carlozaccagnini.it\\\/it\\\/\",\"logo\":{\"@type\":\"ImageObject\",\"inLanguage\":\"it-IT\",\"@id\":\"https:\\\/\\\/carlozaccagnini.it\\\/it\\\/#\\\/schema\\\/logo\\\/image\\\/\",\"url\":\"https:\\\/\\\/carlozaccagnini.it\\\/wp-content\\\/uploads\\\/2018\\\/09\\\/cropped-icona.jpg\",\"contentUrl\":\"https:\\\/\\\/carlozaccagnini.it\\\/wp-content\\\/uploads\\\/2018\\\/09\\\/cropped-icona.jpg\",\"width\":512,\"height\":512,\"caption\":\"Studio Legale Carlo Zaccagnini\"},\"image\":{\"@id\":\"https:\\\/\\\/carlozaccagnini.it\\\/it\\\/#\\\/schema\\\/logo\\\/image\\\/\"}}]}<\/script>\n<!-- \/ Yoast SEO plugin. -->","yoast_head_json":{"title":"Il patteggiamento: che cos\u2019\u00e8? | Studio Legale Avv. Carlo Zaccagnini","description":"Il patteggiamento \u00e8 un procedimento speciale alternativo al rito ordinario che consente all\u2019imputato di trovare un accordo preliminare con la Procura sull'entit\u00e0 della pena da scontare.","robots":{"index":"index","follow":"follow","max-snippet":"max-snippet:-1","max-image-preview":"max-image-preview:large","max-video-preview":"max-video-preview:-1"},"canonical":"https:\/\/carlozaccagnini.it\/it\/papers\/patteggiamento-procedimento-alternativo\/","og_locale":"it_IT","og_type":"article","og_title":"Il patteggiamento: che cos\u2019\u00e8? | Studio Legale Avv. Carlo Zaccagnini","og_description":"Il patteggiamento \u00e8 un procedimento speciale alternativo al rito ordinario che consente all\u2019imputato di trovare un accordo preliminare con la Procura sull'entit\u00e0 della pena da scontare.","og_url":"https:\/\/carlozaccagnini.it\/it\/papers\/patteggiamento-procedimento-alternativo\/","og_site_name":"Studio Legale Avv. Carlo Zaccagnini","article_modified_time":"2023-07-25T09:21:06+00:00","twitter_card":"summary_large_image","twitter_misc":{"Tempo di lettura stimato":"5 minuti"},"schema":{"@context":"https:\/\/schema.org","@graph":[{"@type":"WebPage","@id":"https:\/\/carlozaccagnini.it\/it\/papers\/patteggiamento-procedimento-alternativo\/","url":"https:\/\/carlozaccagnini.it\/it\/papers\/patteggiamento-procedimento-alternativo\/","name":"Il patteggiamento: che cos\u2019\u00e8? | Studio Legale Avv. Carlo Zaccagnini","isPartOf":{"@id":"https:\/\/carlozaccagnini.it\/it\/#website"},"datePublished":"2023-07-25T09:18:22+00:00","dateModified":"2023-07-25T09:21:06+00:00","description":"Il patteggiamento \u00e8 un procedimento speciale alternativo al rito ordinario che consente all\u2019imputato di trovare un accordo preliminare con la Procura sull'entit\u00e0 della pena da scontare.","breadcrumb":{"@id":"https:\/\/carlozaccagnini.it\/it\/papers\/patteggiamento-procedimento-alternativo\/#breadcrumb"},"inLanguage":"it-IT","potentialAction":[{"@type":"ReadAction","target":["https:\/\/carlozaccagnini.it\/it\/papers\/patteggiamento-procedimento-alternativo\/"]}]},{"@type":"BreadcrumbList","@id":"https:\/\/carlozaccagnini.it\/it\/papers\/patteggiamento-procedimento-alternativo\/#breadcrumb","itemListElement":[{"@type":"ListItem","position":1,"name":"Home","item":"https:\/\/carlozaccagnini.it\/it\/"},{"@type":"ListItem","position":2,"name":"White Papers","item":"https:\/\/carlozaccagnini.it\/it\/papers\/"},{"@type":"ListItem","position":3,"name":"Il patteggiamento: che cos\u2019\u00e8?"}]},{"@type":"WebSite","@id":"https:\/\/carlozaccagnini.it\/it\/#website","url":"https:\/\/carlozaccagnini.it\/it\/","name":"Studio Legale Avv. Carlo Zaccagnini","description":"White Collar Crime Defence","publisher":{"@id":"https:\/\/carlozaccagnini.it\/it\/#organization"},"potentialAction":[{"@type":"SearchAction","target":{"@type":"EntryPoint","urlTemplate":"https:\/\/carlozaccagnini.it\/it\/?s={search_term_string}"},"query-input":{"@type":"PropertyValueSpecification","valueRequired":true,"valueName":"search_term_string"}}],"inLanguage":"it-IT"},{"@type":"Organization","@id":"https:\/\/carlozaccagnini.it\/it\/#organization","name":"Studio Legale Carlo Zaccagnini","url":"https:\/\/carlozaccagnini.it\/it\/","logo":{"@type":"ImageObject","inLanguage":"it-IT","@id":"https:\/\/carlozaccagnini.it\/it\/#\/schema\/logo\/image\/","url":"https:\/\/carlozaccagnini.it\/wp-content\/uploads\/2018\/09\/cropped-icona.jpg","contentUrl":"https:\/\/carlozaccagnini.it\/wp-content\/uploads\/2018\/09\/cropped-icona.jpg","width":512,"height":512,"caption":"Studio Legale Carlo Zaccagnini"},"image":{"@id":"https:\/\/carlozaccagnini.it\/it\/#\/schema\/logo\/image\/"}}]}},"_links":{"self":[{"href":"https:\/\/carlozaccagnini.it\/it\/wp-json\/wp\/v2\/pages\/6040","targetHints":{"allow":["GET"]}}],"collection":[{"href":"https:\/\/carlozaccagnini.it\/it\/wp-json\/wp\/v2\/pages"}],"about":[{"href":"https:\/\/carlozaccagnini.it\/it\/wp-json\/wp\/v2\/types\/page"}],"author":[{"embeddable":true,"href":"https:\/\/carlozaccagnini.it\/it\/wp-json\/wp\/v2\/users\/2"}],"replies":[{"embeddable":true,"href":"https:\/\/carlozaccagnini.it\/it\/wp-json\/wp\/v2\/comments?post=6040"}],"version-history":[{"count":0,"href":"https:\/\/carlozaccagnini.it\/it\/wp-json\/wp\/v2\/pages\/6040\/revisions"}],"up":[{"embeddable":true,"href":"https:\/\/carlozaccagnini.it\/it\/wp-json\/wp\/v2\/pages\/4116"}],"wp:attachment":[{"href":"https:\/\/carlozaccagnini.it\/it\/wp-json\/wp\/v2\/media?parent=6040"}],"curies":[{"name":"wp","href":"https:\/\/api.w.org\/{rel}","templated":true}]}}