{"id":6035,"date":"2023-07-25T11:02:08","date_gmt":"2023-07-25T09:02:08","guid":{"rendered":"https:\/\/carlozaccagnini.it\/?page_id=6035"},"modified":"2023-07-25T11:11:11","modified_gmt":"2023-07-25T09:11:11","slug":"porto-armi-revoca-negazione-ottenimento","status":"publish","type":"page","link":"https:\/\/carlozaccagnini.it\/it\/papers\/porto-armi-revoca-negazione-ottenimento\/","title":{"rendered":"Porto d&#8217;armi. Quando pu\u00f2 essere revocato?"},"content":{"rendered":"<div class=\"wpb-content-wrapper\"><p>[vc_row][vc_column][vc_empty_space height=&#8221;50px&#8221;][vc_row_inner][vc_column_inner width=&#8221;1\/2&#8243;][vc_column_text]<\/p>\n<h5>Roma, 15\/05\/23<\/h5>\n<p>[\/vc_column_text][\/vc_column_inner][vc_column_inner width=&#8221;1\/2&#8243;][vc_btn title=&#8221;TORNA A PAPERS&#8221; align=&#8221;right&#8221; link=&#8221;url:https%3A%2F%2Fcarlozaccagnini.it%2Fit%2Fpapers%2F&#8221;][\/vc_column_inner][\/vc_row_inner][vc_empty_space height=&#8221;10px&#8221;][vc_column_text]<\/p>\n<h4><span style=\"color: #1f497d;\"><strong>Quando pu\u00f2 essere revocato? Quando pu\u00f2 essere negato?<br \/>\nC<\/strong><strong>ome fare per ottenerlo?<\/strong><\/span><\/h4>\n<p>[\/vc_column_text][vc_empty_space height=&#8221;50px&#8221;][\/vc_column][\/vc_row][vc_row][vc_column][vc_column_text]<span style=\"color: #333333;\">Il porto di armi e la licenza per uso caccia sono disciplinati da un rigoroso quadro normativo secondo il quale le autorizzazioni di polizia <strong>devono essere negate<\/strong> a chi:<\/span><\/p>\n<p><span style=\"color: #333333;\">1) ha riportato una condanna a pena restrittiva della libert\u00e0 personale superiore a tre anni per delitto non colposo e non ha ottenuto la riabilitazione;<\/span><\/p>\n<p><span style=\"color: #333333;\">2) \u00e8 sottoposto all&#8217;ammonizione o a misura di sicurezza personale o \u00e8 stato dichiarato delinquente abituale, professionale o per tendenza. Le autorizzazioni di polizia <strong>possono essere negate<\/strong> a chi ha riportato condanna per delitti contro la personalit\u00e0 dello Stato o contro l&#8217;ordine pubblico, ovvero per delitti contro le persone commessi con violenza, o per furto, rapina, estorsione, sequestro di persona a scopo di rapina o di estorsione, o per violenza o resistenza all&#8217;autorit\u00e0, e a chi non pu\u00f2 provare la sua buona condotta.<\/span><\/p>\n<p><span style=\"color: #333333;\">Le autorizzazioni <strong>devono essere revocate<\/strong> quando nella persona autorizzata vengano a mancare, in tutto o in parte, le condizioni alle quali sono subordinate, e <strong>possono essere revocate<\/strong> quando sopraggiungono o risultino circostanze che avrebbero imposto o consentito il diniego della autorizzazione.<\/span><\/p>\n<p><span style=\"color: #333333;\"> La licenza di portare armi <strong>pu\u00f2 essere negata<\/strong>, inoltre, a chi:<\/span><br \/>\n<span style=\"color: #333333;\">a) ha riportato condanna alla reclusione per delitti non colposi contro le persone commessi con violenza, ovvero per furto, rapina, estorsione, sequestro di persona a scopo di rapina o di estorsione;<\/span><br \/>\n<span style=\"color: #333333;\">b) ha riportato condanna a pena restrittiva della libert\u00e0 personale per violenza o resistenza all&#8217;autorit\u00e0 o per delitti contro la personalit\u00e0 dello Stato o contro l&#8217;ordine pubblico;<\/span><br \/>\n<span style=\"color: #333333;\">c) ha riportato condanna per diserzione in tempo di guerra, anche se amnistiato, o per porto abusivo di armi.<\/span><\/p>\n<p><span style=\"color: #333333;\">L&#8217;autorizzazione alla detenzione di armi \u00e8 considerata eccezionale in quanto sono prevalenti le esigenze di incolumit\u00e0 di tutti i cittadini, con la conseguenza che l\u2019Autorit\u00e0 di Pubblica Sicurezza pu\u00f2 negare o revocare il porto d\u2019armi sulla base di un giudizio ampiamente discrezionale circa la prevedibilit\u00e0 dell&#8217;abuso dell&#8217;autorizzazione stessa da parte del richiedente.<\/span><\/p>\n<p><span style=\"color: #333333;\">L\u2019autorizzazione pu\u00f2 essere negata o revocata, infatti, anche in assenza di una condanna penale a chi non pu\u00f2 provare la sua buona condotta o non d\u00e0 affidamento di non abusare delle armi.<\/span><\/p>\n<p><span style=\"color: #333333;\">In quest\u2019ultimo caso, tuttavia, la valutazione dell\u2019 Autorit\u00e0 deve essere compiuta non in astratto ma in concreto, sulla base di un&#8217;adeguata istruttoria cui fa seguito una congrua motivazione.<\/span><\/p>\n<h5><span style=\"color: #333333;\"><strong>Come opporsi al provvedimento di revoca o di diniego<\/strong><\/span><\/h5>\n<p><span style=\"color: #333333;\">I soggetti destinatari di un provvedimento di diniego o di revoca da parte del Questore possono:<br \/>\n1) proporre ricorso gerarchico al Prefetto nel termine di trenta giorni;<br \/>\n2) proporre ricorso al Tribunale Amministrativo Regionale ( T.A.R.) nel termine di 60 giorni. Il termine decorre della notifica o della comunicazione in via amministrativa del provvedimento del Questore e da quando l&#8217;interessato ne abbia avuto piena conoscenza. <\/span><\/p>\n<p><span style=\"color: #333333;\">Tutti questi metodi di ricorso devono essere espletati in modo attento ed accurato allegando ogni difesa utile al proprio assistito che contraddica le ragioni della revoca non possono essere svolte memorie infondate o superficiali pena la conferma del provvedimento.<\/span>[\/vc_column_text][vc_empty_space][vc_column_text]<span style=\"color: #333333;\">Roma, 15 Luglio 2020 \u00a0\u00a0\u00a0\u00a0\u00a0\u00a0\u00a0\u00a0\u00a0\u00a0\u00a0\u00a0\u00a0\u00a0\u00a0\u00a0\u00a0\u00a0\u00a0\u00a0\u00a0\u00a0\u00a0\u00a0\u00a0\u00a0\u00a0\u00a0\u00a0\u00a0\u00a0\u00a0\u00a0\u00a0\u00a0\u00a0\u00a0\u00a0\u00a0\u00a0\u00a0\u00a0\u00a0\u00a0\u00a0\u00a0 \u00a0 \u00a0 \u00a0 \u00a0 \u00a0 \u00a0 \u00a0 \u00a0 \u00a0 \u00a0 \u00a0 \u00a0 \u00a0 \u00a0 \u00a0 \u00a0 \u00a0 \u00a0\u00a0 <\/span><a href=\"https:\/\/carlozaccagnini.it\/it\/professionisti\/carlo-zaccagnini\/\"><span style=\"color: #333333;\">Avvocato Carlo Zaccagnini<\/span><\/a>[\/vc_column_text][vc_empty_space height=&#8221;70px&#8221;][\/vc_column][\/vc_row][vc_row css=&#8221;.vc_custom_1688383983319{background-color: #1f497d !important;}&#8221;][vc_column]<div class=\"mkdf-call-to-action-holder  mkdf-normal-layout  mkdf-three-quarters-columns\">\n\n\t<div class=\"mkdf-cta-inner \">\n\t\t<div class=\"mkdf-cta-icon-holder\">\n\t\t\t<span aria-hidden=\"true\" class=\"mkdf-icon-font-elegant  \" style=\"color: #ffffff;font-size: 30px\"><\/span>\t\t<\/div>\n\t\t<div class=\"mkdf-cta-text-holder\">\n\t\t\t<div class=\"mkdf-cta-text\">\n<h2 style=\"text-align: left;\"><span style=\"color: #165253;\"><span style=\"color: #ffffff;\">Dubbi o necessit\u00e0?<\/span><br \/>\n<\/span><\/h2>\n<\/div>\n\t\t<\/div>\n\t\t<div class=\"mkdf-cta-button-holder\" >\n\t\t\t<div class=\"mkdf-cta-button\"><a itemprop=\"url\" href=\"https:\/\/carlozaccagnini.it\/it\/contatti\/\" target=\"_self\" style=\"color: #ffffff;background-color: #1a2843;border-color: #1a2843\" class=\"mkdf-btn mkdf-btn-medium mkdf-btn-solid mkdf-btn-custom-hover-bg mkdf-btn-custom-border-hover mkdf-btn-custom-hover-color\" data-hover-color=\"#1a2843\" data-hover-bg-color=\"#f2f2ef\" data-hover-border-color=\"#1a2843\" >    <span class=\"mkdf-btn-text\">CONTATTACI<\/span>    <\/a><\/div>\n\t\t<\/div>\n\t<\/div>\n<\/div>[vc_empty_space height=&#8221;40px&#8221;][\/vc_column][\/vc_row][vc_row][vc_column][vc_empty_space height=&#8221;20px&#8221;][vc_column_text]<\/p>\n<p style=\"text-align: right;\"><strong><a href=\"https:\/\/carlozaccagnini.it\/it\/disclaimer\/\" target=\"_blank\" rel=\"noopener\">DISCLAIMER<\/a><\/strong><\/p>\n<p>[\/vc_column_text][\/vc_column][\/vc_row]<\/p>\n<\/div>","protected":false},"excerpt":{"rendered":"<p>[vc_row][vc_column][vc_empty_space height=&#8221;50px&#8221;][vc_row_inner][vc_column_inner width=&#8221;1\/2&#8243;][vc_column_text] Roma, 15\/05\/23 [\/vc_column_text][\/vc_column_inner][vc_column_inner width=&#8221;1\/2&#8243;][vc_btn title=&#8221;TORNA A PAPERS&#8221; align=&#8221;right&#8221; link=&#8221;url:https%3A%2F%2Fcarlozaccagnini.it%2Fit%2Fpapers%2F&#8221;][\/vc_column_inner][\/vc_row_inner][vc_empty_space height=&#8221;10px&#8221;][vc_column_text] Quando pu\u00f2 essere revocato? Quando pu\u00f2 essere negato? Come fare per ottenerlo? [\/vc_column_text][vc_empty_space height=&#8221;50px&#8221;][\/vc_column][\/vc_row][vc_row][vc_column][vc_column_text]Il porto di armi [&hellip;]<\/p>\n","protected":false},"author":2,"featured_media":0,"parent":4116,"menu_order":0,"comment_status":"closed","ping_status":"closed","template":"","meta":{"footnotes":""},"class_list":["post-6035","page","type-page","status-publish","hentry"],"yoast_head":"<!-- This site is optimized with the Yoast SEO plugin v27.4 - https:\/\/yoast.com\/product\/yoast-seo-wordpress\/ -->\n<title>Porto d&#039;armi. Quando pu\u00f2 essere revocato? | Studio Legale Avv. Carlo Zaccagnini<\/title>\n<meta name=\"description\" content=\"Il porto di armi e la licenza per uso caccia sono disciplinati da un rigoroso quadro normativo secondo il quale le autorizzazioni di polizia devono essere negate e revocate in presenza di specifiche condizioni.\" \/>\n<meta name=\"robots\" content=\"index, follow, max-snippet:-1, max-image-preview:large, max-video-preview:-1\" \/>\n<link rel=\"canonical\" href=\"https:\/\/carlozaccagnini.it\/it\/papers\/porto-armi-revoca-negazione-ottenimento\/\" \/>\n<meta property=\"og:locale\" content=\"it_IT\" \/>\n<meta property=\"og:type\" content=\"article\" \/>\n<meta property=\"og:title\" content=\"Porto d&#039;armi. Quando pu\u00f2 essere revocato? | Studio Legale Avv. Carlo Zaccagnini\" \/>\n<meta property=\"og:description\" content=\"Il porto di armi e la licenza per uso caccia sono disciplinati da un rigoroso quadro normativo secondo il quale le autorizzazioni di polizia devono essere negate e revocate in presenza di specifiche condizioni.\" \/>\n<meta property=\"og:url\" content=\"https:\/\/carlozaccagnini.it\/it\/papers\/porto-armi-revoca-negazione-ottenimento\/\" \/>\n<meta property=\"og:site_name\" content=\"Studio Legale Avv. Carlo Zaccagnini\" \/>\n<meta property=\"article:modified_time\" content=\"2023-07-25T09:11:11+00:00\" \/>\n<meta name=\"twitter:card\" content=\"summary_large_image\" \/>\n<meta name=\"twitter:label1\" content=\"Tempo di lettura stimato\" \/>\n\t<meta name=\"twitter:data1\" content=\"3 minuti\" \/>\n<script type=\"application\/ld+json\" class=\"yoast-schema-graph\">{\"@context\":\"https:\\\/\\\/schema.org\",\"@graph\":[{\"@type\":\"WebPage\",\"@id\":\"https:\\\/\\\/carlozaccagnini.it\\\/it\\\/papers\\\/porto-armi-revoca-negazione-ottenimento\\\/\",\"url\":\"https:\\\/\\\/carlozaccagnini.it\\\/it\\\/papers\\\/porto-armi-revoca-negazione-ottenimento\\\/\",\"name\":\"Porto d'armi. Quando pu\u00f2 essere revocato? | Studio Legale Avv. Carlo Zaccagnini\",\"isPartOf\":{\"@id\":\"https:\\\/\\\/carlozaccagnini.it\\\/it\\\/#website\"},\"datePublished\":\"2023-07-25T09:02:08+00:00\",\"dateModified\":\"2023-07-25T09:11:11+00:00\",\"description\":\"Il porto di armi e la licenza per uso caccia sono disciplinati da un rigoroso quadro normativo secondo il quale le autorizzazioni di polizia devono essere negate e revocate in presenza di specifiche condizioni.\",\"breadcrumb\":{\"@id\":\"https:\\\/\\\/carlozaccagnini.it\\\/it\\\/papers\\\/porto-armi-revoca-negazione-ottenimento\\\/#breadcrumb\"},\"inLanguage\":\"it-IT\",\"potentialAction\":[{\"@type\":\"ReadAction\",\"target\":[\"https:\\\/\\\/carlozaccagnini.it\\\/it\\\/papers\\\/porto-armi-revoca-negazione-ottenimento\\\/\"]}]},{\"@type\":\"BreadcrumbList\",\"@id\":\"https:\\\/\\\/carlozaccagnini.it\\\/it\\\/papers\\\/porto-armi-revoca-negazione-ottenimento\\\/#breadcrumb\",\"itemListElement\":[{\"@type\":\"ListItem\",\"position\":1,\"name\":\"Home\",\"item\":\"https:\\\/\\\/carlozaccagnini.it\\\/it\\\/\"},{\"@type\":\"ListItem\",\"position\":2,\"name\":\"White Papers\",\"item\":\"https:\\\/\\\/carlozaccagnini.it\\\/it\\\/papers\\\/\"},{\"@type\":\"ListItem\",\"position\":3,\"name\":\"Porto d&#8217;armi. Quando pu\u00f2 essere revocato?\"}]},{\"@type\":\"WebSite\",\"@id\":\"https:\\\/\\\/carlozaccagnini.it\\\/it\\\/#website\",\"url\":\"https:\\\/\\\/carlozaccagnini.it\\\/it\\\/\",\"name\":\"Studio Legale Avv. Carlo Zaccagnini\",\"description\":\"White Collar Crime Defence\",\"publisher\":{\"@id\":\"https:\\\/\\\/carlozaccagnini.it\\\/it\\\/#organization\"},\"potentialAction\":[{\"@type\":\"SearchAction\",\"target\":{\"@type\":\"EntryPoint\",\"urlTemplate\":\"https:\\\/\\\/carlozaccagnini.it\\\/it\\\/?s={search_term_string}\"},\"query-input\":{\"@type\":\"PropertyValueSpecification\",\"valueRequired\":true,\"valueName\":\"search_term_string\"}}],\"inLanguage\":\"it-IT\"},{\"@type\":\"Organization\",\"@id\":\"https:\\\/\\\/carlozaccagnini.it\\\/it\\\/#organization\",\"name\":\"Studio Legale Carlo Zaccagnini\",\"url\":\"https:\\\/\\\/carlozaccagnini.it\\\/it\\\/\",\"logo\":{\"@type\":\"ImageObject\",\"inLanguage\":\"it-IT\",\"@id\":\"https:\\\/\\\/carlozaccagnini.it\\\/it\\\/#\\\/schema\\\/logo\\\/image\\\/\",\"url\":\"https:\\\/\\\/carlozaccagnini.it\\\/wp-content\\\/uploads\\\/2018\\\/09\\\/cropped-icona.jpg\",\"contentUrl\":\"https:\\\/\\\/carlozaccagnini.it\\\/wp-content\\\/uploads\\\/2018\\\/09\\\/cropped-icona.jpg\",\"width\":512,\"height\":512,\"caption\":\"Studio Legale Carlo Zaccagnini\"},\"image\":{\"@id\":\"https:\\\/\\\/carlozaccagnini.it\\\/it\\\/#\\\/schema\\\/logo\\\/image\\\/\"}}]}<\/script>\n<!-- \/ Yoast SEO plugin. -->","yoast_head_json":{"title":"Porto d'armi. Quando pu\u00f2 essere revocato? | Studio Legale Avv. Carlo Zaccagnini","description":"Il porto di armi e la licenza per uso caccia sono disciplinati da un rigoroso quadro normativo secondo il quale le autorizzazioni di polizia devono essere negate e revocate in presenza di specifiche condizioni.","robots":{"index":"index","follow":"follow","max-snippet":"max-snippet:-1","max-image-preview":"max-image-preview:large","max-video-preview":"max-video-preview:-1"},"canonical":"https:\/\/carlozaccagnini.it\/it\/papers\/porto-armi-revoca-negazione-ottenimento\/","og_locale":"it_IT","og_type":"article","og_title":"Porto d'armi. Quando pu\u00f2 essere revocato? | Studio Legale Avv. Carlo Zaccagnini","og_description":"Il porto di armi e la licenza per uso caccia sono disciplinati da un rigoroso quadro normativo secondo il quale le autorizzazioni di polizia devono essere negate e revocate in presenza di specifiche condizioni.","og_url":"https:\/\/carlozaccagnini.it\/it\/papers\/porto-armi-revoca-negazione-ottenimento\/","og_site_name":"Studio Legale Avv. Carlo Zaccagnini","article_modified_time":"2023-07-25T09:11:11+00:00","twitter_card":"summary_large_image","twitter_misc":{"Tempo di lettura stimato":"3 minuti"},"schema":{"@context":"https:\/\/schema.org","@graph":[{"@type":"WebPage","@id":"https:\/\/carlozaccagnini.it\/it\/papers\/porto-armi-revoca-negazione-ottenimento\/","url":"https:\/\/carlozaccagnini.it\/it\/papers\/porto-armi-revoca-negazione-ottenimento\/","name":"Porto d'armi. Quando pu\u00f2 essere revocato? | Studio Legale Avv. Carlo Zaccagnini","isPartOf":{"@id":"https:\/\/carlozaccagnini.it\/it\/#website"},"datePublished":"2023-07-25T09:02:08+00:00","dateModified":"2023-07-25T09:11:11+00:00","description":"Il porto di armi e la licenza per uso caccia sono disciplinati da un rigoroso quadro normativo secondo il quale le autorizzazioni di polizia devono essere negate e revocate in presenza di specifiche condizioni.","breadcrumb":{"@id":"https:\/\/carlozaccagnini.it\/it\/papers\/porto-armi-revoca-negazione-ottenimento\/#breadcrumb"},"inLanguage":"it-IT","potentialAction":[{"@type":"ReadAction","target":["https:\/\/carlozaccagnini.it\/it\/papers\/porto-armi-revoca-negazione-ottenimento\/"]}]},{"@type":"BreadcrumbList","@id":"https:\/\/carlozaccagnini.it\/it\/papers\/porto-armi-revoca-negazione-ottenimento\/#breadcrumb","itemListElement":[{"@type":"ListItem","position":1,"name":"Home","item":"https:\/\/carlozaccagnini.it\/it\/"},{"@type":"ListItem","position":2,"name":"White Papers","item":"https:\/\/carlozaccagnini.it\/it\/papers\/"},{"@type":"ListItem","position":3,"name":"Porto d&#8217;armi. Quando pu\u00f2 essere revocato?"}]},{"@type":"WebSite","@id":"https:\/\/carlozaccagnini.it\/it\/#website","url":"https:\/\/carlozaccagnini.it\/it\/","name":"Studio Legale Avv. Carlo Zaccagnini","description":"White Collar Crime Defence","publisher":{"@id":"https:\/\/carlozaccagnini.it\/it\/#organization"},"potentialAction":[{"@type":"SearchAction","target":{"@type":"EntryPoint","urlTemplate":"https:\/\/carlozaccagnini.it\/it\/?s={search_term_string}"},"query-input":{"@type":"PropertyValueSpecification","valueRequired":true,"valueName":"search_term_string"}}],"inLanguage":"it-IT"},{"@type":"Organization","@id":"https:\/\/carlozaccagnini.it\/it\/#organization","name":"Studio Legale Carlo Zaccagnini","url":"https:\/\/carlozaccagnini.it\/it\/","logo":{"@type":"ImageObject","inLanguage":"it-IT","@id":"https:\/\/carlozaccagnini.it\/it\/#\/schema\/logo\/image\/","url":"https:\/\/carlozaccagnini.it\/wp-content\/uploads\/2018\/09\/cropped-icona.jpg","contentUrl":"https:\/\/carlozaccagnini.it\/wp-content\/uploads\/2018\/09\/cropped-icona.jpg","width":512,"height":512,"caption":"Studio Legale Carlo Zaccagnini"},"image":{"@id":"https:\/\/carlozaccagnini.it\/it\/#\/schema\/logo\/image\/"}}]}},"_links":{"self":[{"href":"https:\/\/carlozaccagnini.it\/it\/wp-json\/wp\/v2\/pages\/6035","targetHints":{"allow":["GET"]}}],"collection":[{"href":"https:\/\/carlozaccagnini.it\/it\/wp-json\/wp\/v2\/pages"}],"about":[{"href":"https:\/\/carlozaccagnini.it\/it\/wp-json\/wp\/v2\/types\/page"}],"author":[{"embeddable":true,"href":"https:\/\/carlozaccagnini.it\/it\/wp-json\/wp\/v2\/users\/2"}],"replies":[{"embeddable":true,"href":"https:\/\/carlozaccagnini.it\/it\/wp-json\/wp\/v2\/comments?post=6035"}],"version-history":[{"count":0,"href":"https:\/\/carlozaccagnini.it\/it\/wp-json\/wp\/v2\/pages\/6035\/revisions"}],"up":[{"embeddable":true,"href":"https:\/\/carlozaccagnini.it\/it\/wp-json\/wp\/v2\/pages\/4116"}],"wp:attachment":[{"href":"https:\/\/carlozaccagnini.it\/it\/wp-json\/wp\/v2\/media?parent=6035"}],"curies":[{"name":"wp","href":"https:\/\/api.w.org\/{rel}","templated":true}]}}