{"id":5782,"date":"2023-07-14T16:21:54","date_gmt":"2023-07-14T14:21:54","guid":{"rendered":"https:\/\/excellerator.it\/?page_id=5782"},"modified":"2023-07-14T16:22:31","modified_gmt":"2023-07-14T14:22:31","slug":"dove-presentare-la-denuncia-querela","status":"publish","type":"page","link":"https:\/\/carlozaccagnini.it\/it\/papers\/dove-presentare-la-denuncia-querela\/","title":{"rendered":"Dove presentare la denuncia-querela"},"content":{"rendered":"<div class=\"wpb-content-wrapper\"><p>[vc_row][vc_column][vc_btn title=&#8221;TORNA A PAPERS&#8221; align=&#8221;right&#8221; link=&#8221;url:https%3A%2F%2Fcarlozaccagnini.it%2Fit%2Fpapers%2F&#8221;][vc_empty_space height=&#8221;10px&#8221;][vc_column_text]<\/p>\n<h3 class=\"fl-heading\"><span class=\"fl-heading-text\" style=\"color: #1f497d;\">Denuncia-querela: dove presentarla <\/span><\/h3>\n<h4 class=\"fl-heading\"><span class=\"fl-heading-text\" style=\"color: #1f497d;\">Presso la Procura della Repubblica o presso i Carabinieri o la Polizia di Stato? Chi \u00e8 pi\u00f9 veloce nel far conoscere all\u2019indagato la presentazione della querela? Polizia e Carabinieri, che poteri di indagine hanno?<\/span><\/h4>\n<p>[\/vc_column_text][vc_empty_space height=&#8221;50px&#8221;][\/vc_column][\/vc_row][vc_row][vc_column][vc_column_text]<\/p>\n<div class=\"fl-module fl-module-rich-text fl-node-5ece36b40716d\" data-node=\"5ece36b40716d\">\n<div class=\"fl-module-content fl-node-content\">\n<div class=\"fl-rich-text\">\n<div class=\"fl-module fl-module-rich-text fl-node-5ea1706abbcbc\" data-node=\"5ea1706abbcbc\">\n<div class=\"fl-module-content fl-node-content\">\n<div class=\"fl-rich-text\">\n<div class=\"fl-module fl-module-rich-text fl-node-5e9d84cf08b15\" data-node=\"5e9d84cf08b15\">\n<div class=\"fl-module-content fl-node-content\">\n<div class=\"fl-rich-text\">\n<h5><span style=\"color: #333333;\">Le notizie di reato, non autoprodotte dagli organi inquirenti, <strong>possono essere presentate direttamente al Pubblico Ministero oppure alla Polizia Giudiziaria<\/strong>; quest\u2019ultima dovr\u00e0 riferirla al Pubblico Ministero che procede all\u2019iscrizione nel registro delle notizie di reato <em>ex <\/em>art. 335 c.p.p..<\/span><\/h5>\n<h5><span style=\"color: #333333;\">La polizia giudiziaria continua a compiere le attivit\u00e0 di indagine \u201c<em>necessarie per le determinazioni <\/em><em>inerenti all\u2019azione penale<\/em>\u201d anche successivamente all\u2019iscrizione della notizia di reato (art. 326 c.p.p.): oltre a ci\u00f2, svolge funzioni investigative nella fase di acquisizione della notizia di reato e nel segmento temporale compreso tra il reperimento della notizia e la sua comunicazione al Pubblico Ministero.<\/span><\/h5>\n<h5><span style=\"color: #333333;\">La polizia giudiziaria, inoltre, pu\u00f2 continuare a svolgere <strong>attivit\u00e0 di propria iniziativa <\/strong>anche dopo la comunicazione della notizia di reato &#8211; prima che il Pubblico Ministero assuma la direzione delle indagini \u201c<em>Il <\/em><a style=\"color: #333333;\" href=\"https:\/\/www.brocardi.it\/dizionario\/3695.html\"><em>pubblico ministero<\/em><\/a><em> dirige le indagini e dispone direttamente della polizia <\/em><em>giudiziaria <\/em><a style=\"color: #333333;\" href=\"https:\/\/www.brocardi.it\/codice-di-procedura-penale\/libro-quinto\/titolo-i\/art327.html#nota_13817\"><em><sup>(1)<\/sup><\/em> <\/a><em>che, anche dopo la comunicazione della notizia di reato, continua a svolgere attivit\u00e0 di propria <\/em><em>iniziativa secondo le modalit\u00e0 indicate nei successivi articoli\u201d <\/em>(art. 327 c.p.p., <strong>c.d. attivit\u00e0 autonoma <\/strong><strong>d\u2019indagine<\/strong>).<\/span><\/h5>\n<h5><span style=\"color: #333333;\">Dopo l\u2019intervento del Pubblico Ministero la Polizia \u00e8 invece tenuta, in primo luogo, a compiere gli atti investigativi ad essa specificatamente delegati dal magistrato inquirente ( <strong>c.d. attivit\u00e0 delegata<\/strong>) ( art. 55, comma 2 c.p.p.); in secondo luogo ad eseguire le direttive impartite (<strong>c.d. attivit\u00e0 guidata<\/strong>); infine, la Polizia svolge tutte le attivit\u00e0 per accertare il reato ovvero richieste da elementi successivamente emersi (<strong>c.d. attivit\u00e0 parallela<\/strong>): ma di tale attivit\u00e0 il Pubblico Ministero deve essere prontamente informato (c.d. attivit\u00e0 guidata 348, comma 3, c.p.p.).<\/span><\/h5>\n<h5><span style=\"color: #333333;\">Nell\u2019impianto originario del codice del 1988, il vincolo di dipendenza funzionale della polizia dal Pubblico Ministero era pi\u00f9 ristretto, in quanto la polizia poteva svolgere indagini solo nel limite delle direttive impartite; il mutamento di indirizzo intervenuto nel 1992 e confermato nel 2001, risponde alla logica di assegnare alle forze dell\u2019ordine spazi di maggiore autonomia nell\u2019espletamento dei propri compiti investigativi.<\/span><\/h5>\n<h5><span style=\"color: #333333;\">Le funzioni della Polizia Giudiziaria sono disciplinate dall\u2019articolo 55 c.p.p. che, al comma 1, prevede che la Polizia <strong><em>deve di propria iniziativa<\/em><\/strong>, <strong>vale a dire senza un previo impulso <\/strong><strong>dell\u2019autorit\u00e0 giudiziaria<\/strong>, \u201c<em>prendere notizia dei reati, impedire che vengano portati a conseguenze ulteriori, ricercarne gli autori, compiere gli atti necessari per assicurare le fonti di prova e raccogliere quant&#8217;altro possa <\/em><em>servire per l&#8217;applicazione della legge penale<\/em>\u201d.<\/span><\/h5>\n<h5><span style=\"color: #333333;\">L\u2019attivit\u00e0 <strong>informativa <\/strong>si sostanzia nell\u2019acquisire la notizia di reato, secondo le forme dell\u2019apprensione diretta o della ricezione (art. 330 c.p.p.), e nel riferirla con tempi celeri, ancorch\u00e9 \u00a0variamente \u00a0stabiliti, al \u00a0Pubblico \u00a0Ministero: \u00a0\u201c<em>Acquisita \u00a0la \u00a0notizia \u00a0di \u00a0reato, \u00a0la \u00a0polizia giudiziaria, <strong>senza ritardo<\/strong>, riferisce al pubblico ministero, per iscritto, gli elementi essenziali del fatto e gli altri elementi sino ad allora raccolti, indicando le fonti di prova e le attivit\u00e0 compiute, delle quali trasmette la relativa documentazione. Comunica, inoltre, quando \u00e8 possibile, le generalit\u00e0, il domicilio e quanto altro valga alla identificazione della persona nei cui confronti vengono svolte le indagini, della persona offesa e di coloro che siano in grado di riferire su circostanze rilevanti per la ricostruzione dei fatti. Qualora siano stati compiuti atti per i quali \u00e8 prevista l&#8217;assistenza del difensore della persona nei cui confronti vengono svolte le indagini, la comunicazione della notizia di reato \u00e8 trasmessa al pi\u00f9 tardi entro quarantotto ore dal compimento dell&#8217;atto, salve le disposizioni di legge che prevedono termini particolari<\/em>. <em>[\u2026] <\/em>art. 347 c.p.p.)\u201d.<\/span><\/h5>\n<h5><span style=\"color: #333333;\">L\u2019autorit\u00e0 di Polizia \u00e8 tenuta a trasmettere tempestivamente la <em>notitia criminis <\/em>al Pubblico Ministero; nell\u2019originaria formulazione dell\u2019art. 347 c.p.p. ci\u00f2 doveva avvenire inderogabilmente entro 48 ore; oggi al contrario \u00e8 sufficiente che la comunicazione avvenga <em>senza ritardo<\/em>: criterio temporale volutamente elastico, introdotto nel 1992, per concedere agli organi di polizia margini di autonoma gestione della notizia di reato nella fase che precede l\u2019investitura dell\u2019Inquirente.<\/span><\/h5>\n<h5><span style=\"color: #333333;\">L\u2019attivit\u00e0 investigativa consiste nel ricercare l\u2019autore del reato mediante il compimento di atti tipici ed atipici: \u201c<em>Anche successivamente alla comunicazione della notizia di reato, la polizia giudiziaria continua a svolgere le funzioni indicate nell&#8217;articolo 55 raccogliendo in specie ogni elemento utile alla ricostruzione del fatto e alla individuazione del colpevole. Al fine indicato nel comma 1, procede, fra l&#8217;altro: a) alla ricerca delle cose e delle tracce pertinenti al reato nonch\u00e9 alla conservazione di esse e dello stato dei luoghi; b) alla ricerca delle persone in grado di riferire su circostanze rilevanti per la ricostruzione dei fatti; c) al compimento degli atti indicati negli articoli seguenti. Dopo l&#8217;intervento del pubblico ministero, la polizia giudiziaria compie gli atti ad essa specificamente delegati a norma dell&#8217;articolo 370, esegue le direttive del pubblico ministero ed inoltre svolge di propria iniziativa, informandone prontamente il pubblico ministero, tutte le altre attivit\u00e0 di indagine per accertare i reati ovvero richieste da elementi successivamente emersi e assicura le nuove fonti di prova<\/em>\u201d art. 348).<\/span><\/h5>\n<h5><span style=\"color: #333333;\">L\u2019attivit\u00e0 assicurativa, infine, quale ideale perfezionamento della precedente, \u00e8 riferita alle fonti di prova, in conformit\u00e0 al canone secondo cui la prova si forma tendenzialmente in sede dibattimentale.<\/span><\/h5>\n<h5><span style=\"color: #333333;\">La norma menzionata, inoltre, prevede l\u2019obbligo di raccogliere quant\u2019altro possa servire per l\u2019applicazione della legge penale e l\u2019obbligo di impedire che i reati siano portati a conseguenze ulteriori. Il primo si caratterizza per una portata assai ampia, potendo ricomprendere, ad esempio, le attivit\u00e0 volte a determinare la pericolosit\u00e0 del soggetto o la gravit\u00e0 del danno, o ancora, l\u2019individuazione di cose pertinenti al reato. Il secondo investe un profilo, che per la sua natura preventiva, \u00e8 tipico della polizia sicurezza.<\/span><\/h5>\n<\/div>\n<\/div>\n<\/div>\n<p style=\"text-align: center;\"><span style=\"color: #333333;\">\u00a0Avvocato Carlo Zaccagnini<\/span><\/p>\n<\/div>\n<\/div>\n<\/div>\n<\/div>\n<\/div>\n<\/div>\n<p>[\/vc_column_text][vc_empty_space height=&#8221;50px&#8221;][\/vc_column][\/vc_row][vc_row css=&#8221;.vc_custom_1688390796203{background-color: #1f497d !important;}&#8221;][vc_column]<div class=\"mkdf-call-to-action-holder  mkdf-normal-layout  mkdf-three-quarters-columns\">\n\n\t<div class=\"mkdf-cta-inner \">\n\t\t<div class=\"mkdf-cta-icon-holder\">\n\t\t\t<span aria-hidden=\"true\" class=\"mkdf-icon-font-elegant  \" style=\"color: #ffffff;font-size: 30px\"><\/span>\t\t<\/div>\n\t\t<div class=\"mkdf-cta-text-holder\">\n\t\t\t<div class=\"mkdf-cta-text\">\n<h2 style=\"text-align: left;\"><span style=\"color: #165253;\"><span style=\"color: #ffffff;\">Dubbi o necessit\u00e0?<\/span><br \/>\n<\/span><\/h2>\n<\/div>\n\t\t<\/div>\n\t\t<div class=\"mkdf-cta-button-holder\" >\n\t\t\t<div class=\"mkdf-cta-button\"><a itemprop=\"url\" href=\"https:\/\/carlozaccagnini.it\/it\/contatti\/\" target=\"_self\" style=\"color: #ffffff;background-color: #1a2843;border-color: #1a2843\" class=\"mkdf-btn mkdf-btn-medium mkdf-btn-solid mkdf-btn-custom-hover-bg mkdf-btn-custom-border-hover mkdf-btn-custom-hover-color\" data-hover-color=\"#1a2843\" data-hover-bg-color=\"#f2f2ef\" data-hover-border-color=\"#1a2843\" >    <span class=\"mkdf-btn-text\">CONTATTACI<\/span>    <\/a><\/div>\n\t\t<\/div>\n\t<\/div>\n<\/div>[vc_empty_space][\/vc_column][\/vc_row][vc_row][vc_column][vc_column_text]<\/p>\n<p style=\"text-align: right;\"><a href=\"https:\/\/carlozaccagnini.it\/it\/disclaimer\/\" target=\"_blank\" rel=\"noopener\"><strong>DISCLAIMER<\/strong><\/a><\/p>\n<p>[\/vc_column_text][\/vc_column][\/vc_row]<\/p>\n<\/div>","protected":false},"excerpt":{"rendered":"<p>[vc_row][vc_column][vc_btn title=&#8221;TORNA A PAPERS&#8221; align=&#8221;right&#8221; link=&#8221;url:https%3A%2F%2Fcarlozaccagnini.it%2Fit%2Fpapers%2F&#8221;][vc_empty_space height=&#8221;10px&#8221;][vc_column_text] Denuncia-querela: dove presentarla Presso la Procura della Repubblica o presso i Carabinieri o la Polizia di Stato? Chi \u00e8 pi\u00f9 veloce nel far [&hellip;]<\/p>\n","protected":false},"author":2,"featured_media":0,"parent":4116,"menu_order":0,"comment_status":"closed","ping_status":"closed","template":"","meta":{"footnotes":""},"class_list":["post-5782","page","type-page","status-publish","hentry"],"yoast_head":"<!-- This site is optimized with the Yoast SEO plugin v27.3 - https:\/\/yoast.com\/product\/yoast-seo-wordpress\/ -->\n<title>Dove presentare la denuncia-querela | Studio Legale Avv. Carlo Zaccagnini<\/title>\n<meta name=\"description\" content=\"Le notizie di reato, non autoprodotte dagli organi inquirenti, possono essere presentate direttamente al Pubblico Ministero oppure alla Polizia Giudiziaria; quest\u2019ultima dovr\u00e0 riferirla al Pubblico Ministero che procede all\u2019iscrizione nel registro delle notizie di reato ex art. 335 c.p.p..\" \/>\n<meta name=\"robots\" content=\"index, follow, max-snippet:-1, max-image-preview:large, max-video-preview:-1\" \/>\n<link rel=\"canonical\" href=\"https:\/\/carlozaccagnini.it\/it\/papers\/dove-presentare-la-denuncia-querela\/\" \/>\n<meta property=\"og:locale\" content=\"it_IT\" \/>\n<meta property=\"og:type\" content=\"article\" \/>\n<meta property=\"og:title\" content=\"Dove presentare la denuncia-querela | Studio Legale Avv. Carlo Zaccagnini\" \/>\n<meta property=\"og:description\" content=\"Le notizie di reato, non autoprodotte dagli organi inquirenti, possono essere presentate direttamente al Pubblico Ministero oppure alla Polizia Giudiziaria; quest\u2019ultima dovr\u00e0 riferirla al Pubblico Ministero che procede all\u2019iscrizione nel registro delle notizie di reato ex art. 335 c.p.p..\" \/>\n<meta property=\"og:url\" content=\"https:\/\/carlozaccagnini.it\/it\/papers\/dove-presentare-la-denuncia-querela\/\" \/>\n<meta property=\"og:site_name\" content=\"Studio Legale Avv. Carlo Zaccagnini\" \/>\n<meta property=\"article:modified_time\" content=\"2023-07-14T14:22:31+00:00\" \/>\n<meta name=\"twitter:card\" content=\"summary_large_image\" \/>\n<meta name=\"twitter:label1\" content=\"Tempo di lettura stimato\" \/>\n\t<meta name=\"twitter:data1\" content=\"6 minuti\" \/>\n<script type=\"application\/ld+json\" class=\"yoast-schema-graph\">{\"@context\":\"https:\\\/\\\/schema.org\",\"@graph\":[{\"@type\":\"WebPage\",\"@id\":\"https:\\\/\\\/carlozaccagnini.it\\\/it\\\/papers\\\/dove-presentare-la-denuncia-querela\\\/\",\"url\":\"https:\\\/\\\/carlozaccagnini.it\\\/it\\\/papers\\\/dove-presentare-la-denuncia-querela\\\/\",\"name\":\"Dove presentare la denuncia-querela | Studio Legale Avv. Carlo Zaccagnini\",\"isPartOf\":{\"@id\":\"https:\\\/\\\/carlozaccagnini.it\\\/it\\\/#website\"},\"datePublished\":\"2023-07-14T14:21:54+00:00\",\"dateModified\":\"2023-07-14T14:22:31+00:00\",\"description\":\"Le notizie di reato, non autoprodotte dagli organi inquirenti, possono essere presentate direttamente al Pubblico Ministero oppure alla Polizia Giudiziaria; quest\u2019ultima dovr\u00e0 riferirla al Pubblico Ministero che procede all\u2019iscrizione nel registro delle notizie di reato ex art. 335 c.p.p..\",\"breadcrumb\":{\"@id\":\"https:\\\/\\\/carlozaccagnini.it\\\/it\\\/papers\\\/dove-presentare-la-denuncia-querela\\\/#breadcrumb\"},\"inLanguage\":\"it-IT\",\"potentialAction\":[{\"@type\":\"ReadAction\",\"target\":[\"https:\\\/\\\/carlozaccagnini.it\\\/it\\\/papers\\\/dove-presentare-la-denuncia-querela\\\/\"]}]},{\"@type\":\"BreadcrumbList\",\"@id\":\"https:\\\/\\\/carlozaccagnini.it\\\/it\\\/papers\\\/dove-presentare-la-denuncia-querela\\\/#breadcrumb\",\"itemListElement\":[{\"@type\":\"ListItem\",\"position\":1,\"name\":\"Home\",\"item\":\"https:\\\/\\\/carlozaccagnini.it\\\/it\\\/\"},{\"@type\":\"ListItem\",\"position\":2,\"name\":\"White Papers\",\"item\":\"https:\\\/\\\/carlozaccagnini.it\\\/it\\\/papers\\\/\"},{\"@type\":\"ListItem\",\"position\":3,\"name\":\"Dove presentare la denuncia-querela\"}]},{\"@type\":\"WebSite\",\"@id\":\"https:\\\/\\\/carlozaccagnini.it\\\/it\\\/#website\",\"url\":\"https:\\\/\\\/carlozaccagnini.it\\\/it\\\/\",\"name\":\"Studio Legale Avv. Carlo Zaccagnini\",\"description\":\"White Collar Crime Defence\",\"publisher\":{\"@id\":\"https:\\\/\\\/carlozaccagnini.it\\\/it\\\/#organization\"},\"potentialAction\":[{\"@type\":\"SearchAction\",\"target\":{\"@type\":\"EntryPoint\",\"urlTemplate\":\"https:\\\/\\\/carlozaccagnini.it\\\/it\\\/?s={search_term_string}\"},\"query-input\":{\"@type\":\"PropertyValueSpecification\",\"valueRequired\":true,\"valueName\":\"search_term_string\"}}],\"inLanguage\":\"it-IT\"},{\"@type\":\"Organization\",\"@id\":\"https:\\\/\\\/carlozaccagnini.it\\\/it\\\/#organization\",\"name\":\"Studio Legale Carlo Zaccagnini\",\"url\":\"https:\\\/\\\/carlozaccagnini.it\\\/it\\\/\",\"logo\":{\"@type\":\"ImageObject\",\"inLanguage\":\"it-IT\",\"@id\":\"https:\\\/\\\/carlozaccagnini.it\\\/it\\\/#\\\/schema\\\/logo\\\/image\\\/\",\"url\":\"https:\\\/\\\/carlozaccagnini.it\\\/wp-content\\\/uploads\\\/2018\\\/09\\\/cropped-icona.jpg\",\"contentUrl\":\"https:\\\/\\\/carlozaccagnini.it\\\/wp-content\\\/uploads\\\/2018\\\/09\\\/cropped-icona.jpg\",\"width\":512,\"height\":512,\"caption\":\"Studio Legale Carlo Zaccagnini\"},\"image\":{\"@id\":\"https:\\\/\\\/carlozaccagnini.it\\\/it\\\/#\\\/schema\\\/logo\\\/image\\\/\"}}]}<\/script>\n<!-- \/ Yoast SEO plugin. -->","yoast_head_json":{"title":"Dove presentare la denuncia-querela | Studio Legale Avv. Carlo Zaccagnini","description":"Le notizie di reato, non autoprodotte dagli organi inquirenti, possono essere presentate direttamente al Pubblico Ministero oppure alla Polizia Giudiziaria; quest\u2019ultima dovr\u00e0 riferirla al Pubblico Ministero che procede all\u2019iscrizione nel registro delle notizie di reato ex art. 335 c.p.p..","robots":{"index":"index","follow":"follow","max-snippet":"max-snippet:-1","max-image-preview":"max-image-preview:large","max-video-preview":"max-video-preview:-1"},"canonical":"https:\/\/carlozaccagnini.it\/it\/papers\/dove-presentare-la-denuncia-querela\/","og_locale":"it_IT","og_type":"article","og_title":"Dove presentare la denuncia-querela | Studio Legale Avv. Carlo Zaccagnini","og_description":"Le notizie di reato, non autoprodotte dagli organi inquirenti, possono essere presentate direttamente al Pubblico Ministero oppure alla Polizia Giudiziaria; quest\u2019ultima dovr\u00e0 riferirla al Pubblico Ministero che procede all\u2019iscrizione nel registro delle notizie di reato ex art. 335 c.p.p..","og_url":"https:\/\/carlozaccagnini.it\/it\/papers\/dove-presentare-la-denuncia-querela\/","og_site_name":"Studio Legale Avv. Carlo Zaccagnini","article_modified_time":"2023-07-14T14:22:31+00:00","twitter_card":"summary_large_image","twitter_misc":{"Tempo di lettura stimato":"6 minuti"},"schema":{"@context":"https:\/\/schema.org","@graph":[{"@type":"WebPage","@id":"https:\/\/carlozaccagnini.it\/it\/papers\/dove-presentare-la-denuncia-querela\/","url":"https:\/\/carlozaccagnini.it\/it\/papers\/dove-presentare-la-denuncia-querela\/","name":"Dove presentare la denuncia-querela | Studio Legale Avv. Carlo Zaccagnini","isPartOf":{"@id":"https:\/\/carlozaccagnini.it\/it\/#website"},"datePublished":"2023-07-14T14:21:54+00:00","dateModified":"2023-07-14T14:22:31+00:00","description":"Le notizie di reato, non autoprodotte dagli organi inquirenti, possono essere presentate direttamente al Pubblico Ministero oppure alla Polizia Giudiziaria; quest\u2019ultima dovr\u00e0 riferirla al Pubblico Ministero che procede all\u2019iscrizione nel registro delle notizie di reato ex art. 335 c.p.p..","breadcrumb":{"@id":"https:\/\/carlozaccagnini.it\/it\/papers\/dove-presentare-la-denuncia-querela\/#breadcrumb"},"inLanguage":"it-IT","potentialAction":[{"@type":"ReadAction","target":["https:\/\/carlozaccagnini.it\/it\/papers\/dove-presentare-la-denuncia-querela\/"]}]},{"@type":"BreadcrumbList","@id":"https:\/\/carlozaccagnini.it\/it\/papers\/dove-presentare-la-denuncia-querela\/#breadcrumb","itemListElement":[{"@type":"ListItem","position":1,"name":"Home","item":"https:\/\/carlozaccagnini.it\/it\/"},{"@type":"ListItem","position":2,"name":"White Papers","item":"https:\/\/carlozaccagnini.it\/it\/papers\/"},{"@type":"ListItem","position":3,"name":"Dove presentare la denuncia-querela"}]},{"@type":"WebSite","@id":"https:\/\/carlozaccagnini.it\/it\/#website","url":"https:\/\/carlozaccagnini.it\/it\/","name":"Studio Legale Avv. Carlo Zaccagnini","description":"White Collar Crime Defence","publisher":{"@id":"https:\/\/carlozaccagnini.it\/it\/#organization"},"potentialAction":[{"@type":"SearchAction","target":{"@type":"EntryPoint","urlTemplate":"https:\/\/carlozaccagnini.it\/it\/?s={search_term_string}"},"query-input":{"@type":"PropertyValueSpecification","valueRequired":true,"valueName":"search_term_string"}}],"inLanguage":"it-IT"},{"@type":"Organization","@id":"https:\/\/carlozaccagnini.it\/it\/#organization","name":"Studio Legale Carlo Zaccagnini","url":"https:\/\/carlozaccagnini.it\/it\/","logo":{"@type":"ImageObject","inLanguage":"it-IT","@id":"https:\/\/carlozaccagnini.it\/it\/#\/schema\/logo\/image\/","url":"https:\/\/carlozaccagnini.it\/wp-content\/uploads\/2018\/09\/cropped-icona.jpg","contentUrl":"https:\/\/carlozaccagnini.it\/wp-content\/uploads\/2018\/09\/cropped-icona.jpg","width":512,"height":512,"caption":"Studio Legale Carlo Zaccagnini"},"image":{"@id":"https:\/\/carlozaccagnini.it\/it\/#\/schema\/logo\/image\/"}}]}},"_links":{"self":[{"href":"https:\/\/carlozaccagnini.it\/it\/wp-json\/wp\/v2\/pages\/5782","targetHints":{"allow":["GET"]}}],"collection":[{"href":"https:\/\/carlozaccagnini.it\/it\/wp-json\/wp\/v2\/pages"}],"about":[{"href":"https:\/\/carlozaccagnini.it\/it\/wp-json\/wp\/v2\/types\/page"}],"author":[{"embeddable":true,"href":"https:\/\/carlozaccagnini.it\/it\/wp-json\/wp\/v2\/users\/2"}],"replies":[{"embeddable":true,"href":"https:\/\/carlozaccagnini.it\/it\/wp-json\/wp\/v2\/comments?post=5782"}],"version-history":[{"count":0,"href":"https:\/\/carlozaccagnini.it\/it\/wp-json\/wp\/v2\/pages\/5782\/revisions"}],"up":[{"embeddable":true,"href":"https:\/\/carlozaccagnini.it\/it\/wp-json\/wp\/v2\/pages\/4116"}],"wp:attachment":[{"href":"https:\/\/carlozaccagnini.it\/it\/wp-json\/wp\/v2\/media?parent=5782"}],"curies":[{"name":"wp","href":"https:\/\/api.w.org\/{rel}","templated":true}]}}