{"id":5779,"date":"2023-07-14T16:16:02","date_gmt":"2023-07-14T14:16:02","guid":{"rendered":"https:\/\/excellerator.it\/?page_id=5779"},"modified":"2023-07-14T16:16:02","modified_gmt":"2023-07-14T14:16:02","slug":"quale-ordine-di-assunzione-della-prova-testimoniale-nel-processo-penale","status":"publish","type":"page","link":"https:\/\/carlozaccagnini.it\/it\/papers\/quale-ordine-di-assunzione-della-prova-testimoniale-nel-processo-penale\/","title":{"rendered":"Qual \u00e8 l\u2019ordine di assunzione della prova testimoniale nel processo penale?"},"content":{"rendered":"<div class=\"wpb-content-wrapper\"><p>[vc_row][vc_column][vc_btn title=&#8221;TORNA A PAPERS&#8221; align=&#8221;right&#8221; link=&#8221;url:https%3A%2F%2Fcarlozaccagnini.it%2Fit%2Fpapers%2F&#8221;][vc_empty_space height=&#8221;10px&#8221;][vc_column_text]<\/p>\n<h3 class=\"fl-heading\"><span class=\"fl-heading-text\" style=\"color: #1f497d;\">Qual \u00e8 l\u2019ordine di assunzione della prova testimoniale nel processo penale?<\/span><\/h3>\n<p>[\/vc_column_text][vc_empty_space height=&#8221;50px&#8221;][\/vc_column][\/vc_row][vc_row][vc_column][vc_column_text]<\/p>\n<div class=\"fl-module fl-module-rich-text fl-node-5ece36b40716d\" data-node=\"5ece36b40716d\">\n<div class=\"fl-module-content fl-node-content\">\n<div class=\"fl-rich-text\">\n<div class=\"fl-module fl-module-rich-text fl-node-5ea1706abbcbc\" data-node=\"5ea1706abbcbc\">\n<div class=\"fl-module-content fl-node-content\">\n<div class=\"fl-rich-text\">\n<div class=\"fl-module fl-module-rich-text fl-node-5e9d83829231e\" data-node=\"5e9d83829231e\">\n<div class=\"fl-module-content fl-node-content\">\n<div class=\"fl-rich-text\">\n<h5>La fase di istruzione dibattimentale nel giudizio penale ha inizio con l\u2019assunzione delle prove: esame delle parti, esame delle persone indicate nelle liste testi <em>ex <\/em>art. 468 c.p.p., deposito di documenti <em>ex <\/em>art. 234 ss. c.p.p..<\/h5>\n<h5>L\u2019art. 496, primo comma, c.p.p. detta l\u2019ordine in cui le prove devono essere assunte: \u201c<strong><em>L\u2019istruzione dibattimentale inizia con l\u2019assunzione delle prove richieste dal pubblico ministero e prosegue con l\u2019assunzione di quelle richieste da altre parti<\/em><\/strong><em>[\u2026]<\/em>\u201d. Precisa, poi, l\u2019art. 150 disp. att. c.p.p. : \u201c<strong><em>L\u2019esame delle parti private<\/em><\/strong><em>, nell\u2019ordine previsto dall\u2019art. 503 comma 1 del codice, <\/em><strong><em>ha luogo appena terminata l\u2019assunzione delle prove a carico dell\u2019imputato<\/em><\/strong>\u201d: dunque, prima sar\u00e0 esaminata la parte civile, poi il responsabile civile, la persona civilmente obbligata per la pena pecuniaria \u2013 se parti processuali nel giudizio \u2013 ed, infine, l\u2019imputato.<\/h5>\n<h5>L\u2019esame dell\u2019imputato avviene prima dell\u2019escussione dei testi a discarico; la previsione risponde all\u2019esigenza di evitare che l\u2019imputato possa uniformare le proprie dichiarazioni a quelle rese dai testi introdotti dalla propria difesa (B<sub>ONILINI<\/sub> \u2013 C<sub>ONFORTINI<\/sub>, <em>Codice di procedura penale commentato<\/em>, 2012, Milano, 3213). Esiste deroga a tale previsione: l\u2019art. 497, primo comma, c.p.p. conferisce alle parti la facolt\u00e0 di scegliere l\u2019ordine in cui devono essere assunte le prove a discarico ; anche l\u2019art. 496, comma 2, c.p.p. consente di concordare un diverso ordine di assunzione delle prove in qualsiasi momento processuale.<\/h5>\n<h5><strong>Se l\u2019esame dell\u2019imputato \u00e8 richiesto sia dall\u2019Inquirente che dalla difesa, l\u2019ordine di escussione muta <\/strong>in deroga all\u2019art. 503, primo comma, c.p.p.: <strong>\u00e8 attribuita priorit\u00e0 ai mezzi di prova richiesti dalla Pubblica Accusa<\/strong>, dunque <strong>l\u2019imputato sar\u00e0 ascoltato prima dell\u2019assunzione delle prove orali a suo discarico<\/strong>; il suo esame non potr\u00e0 essere considerato mezzo di prova in sua difesa, ma a suo carico (B<sub>ONILINI<\/sub> \u2013 C<sub>ONFORTINI<\/sub>, <em>Codice di procedura penale commentato<\/em>, 2012, Milano, 2316).<\/h5>\n<h5>Non \u00e8 invece disciplinata dal Codice di rito l\u2019ipotesi di richiesta concorrente delle parti (pubblico ministero ed imputato) dell\u2019esame di un testimone sulle medesime circostanze, molto frequente nella prassi. La giurisprudenza ha chiarito sul punto che, non potendosi in concreto distinguere sul piano logico un esame diretto e un controesame, il contraddittorio resta assicurato ancorch\u00e9 l\u2019accusa e la difesa siano messe in grado di procedere all\u2019esame secondo l\u2019ordine <em>ex <\/em>art. 496, primo comma, c.p.p., che assegna precedenza alla pubblica accusa (<em>Cass. Pen., Sez. I, 27 giugno 2002, Boscherini ed altri, in GDir, 2002, 49, 94<\/em>).<\/h5>\n<h5>Le regole sull\u2019ordine di assunzione delle prove hanno natura ordinatoria; la loro violazione non determina conseguenze sull\u2019utilizzabilit\u00e0 delle prove assunte, n\u00e9 nullit\u00e0 (<em>Cass. Pen., Sez. VI, 4 dicembre <\/em><em>2002, Grippo ed altro, in Mass, Uff., 224057<\/em>).<\/h5>\n<\/div>\n<\/div>\n<\/div>\n<p style=\"text-align: center;\"><span style=\"color: #333333;\">\u00a0Avvocato Carlo Zaccagnini<\/span><\/p>\n<\/div>\n<\/div>\n<\/div>\n<\/div>\n<\/div>\n<\/div>\n<p>[\/vc_column_text][vc_empty_space height=&#8221;50px&#8221;][\/vc_column][\/vc_row][vc_row css=&#8221;.vc_custom_1688390796203{background-color: #1f497d !important;}&#8221;][vc_column]<div class=\"mkdf-call-to-action-holder  mkdf-normal-layout  mkdf-three-quarters-columns\">\n\n\t<div class=\"mkdf-cta-inner \">\n\t\t<div class=\"mkdf-cta-icon-holder\">\n\t\t\t<span aria-hidden=\"true\" class=\"mkdf-icon-font-elegant  \" style=\"color: #ffffff;font-size: 30px\"><\/span>\t\t<\/div>\n\t\t<div class=\"mkdf-cta-text-holder\">\n\t\t\t<div class=\"mkdf-cta-text\">\n<h2 style=\"text-align: left;\"><span style=\"color: #165253;\"><span style=\"color: #ffffff;\">Dubbi o necessit\u00e0?<\/span><br \/>\n<\/span><\/h2>\n<\/div>\n\t\t<\/div>\n\t\t<div class=\"mkdf-cta-button-holder\" >\n\t\t\t<div class=\"mkdf-cta-button\"><a itemprop=\"url\" href=\"https:\/\/carlozaccagnini.it\/it\/contatti\/\" target=\"_self\" style=\"color: #ffffff;background-color: #1a2843;border-color: #1a2843\" class=\"mkdf-btn mkdf-btn-medium mkdf-btn-solid mkdf-btn-custom-hover-bg mkdf-btn-custom-border-hover mkdf-btn-custom-hover-color\" data-hover-color=\"#1a2843\" data-hover-bg-color=\"#f2f2ef\" data-hover-border-color=\"#1a2843\" >    <span class=\"mkdf-btn-text\">CONTATTACI<\/span>    <\/a><\/div>\n\t\t<\/div>\n\t<\/div>\n<\/div>[vc_empty_space][\/vc_column][\/vc_row][vc_row][vc_column][vc_column_text]<\/p>\n<p style=\"text-align: right;\"><a href=\"https:\/\/carlozaccagnini.it\/it\/disclaimer\/\" target=\"_blank\" rel=\"noopener\"><strong>DISCLAIMER<\/strong><\/a><\/p>\n<p>[\/vc_column_text][\/vc_column][\/vc_row]<\/p>\n<\/div>","protected":false},"excerpt":{"rendered":"<p>[vc_row][vc_column][vc_btn title=&#8221;TORNA A PAPERS&#8221; align=&#8221;right&#8221; link=&#8221;url:https%3A%2F%2Fcarlozaccagnini.it%2Fit%2Fpapers%2F&#8221;][vc_empty_space height=&#8221;10px&#8221;][vc_column_text] Qual \u00e8 l\u2019ordine di assunzione della prova testimoniale nel processo penale? [\/vc_column_text][vc_empty_space height=&#8221;50px&#8221;][\/vc_column][\/vc_row][vc_row][vc_column][vc_column_text] La fase di istruzione dibattimentale nel giudizio penale ha inizio [&hellip;]<\/p>\n","protected":false},"author":2,"featured_media":0,"parent":4116,"menu_order":0,"comment_status":"closed","ping_status":"closed","template":"","meta":{"footnotes":""},"class_list":["post-5779","page","type-page","status-publish","hentry"],"yoast_head":"<!-- This site is optimized with the Yoast SEO plugin v27.3 - https:\/\/yoast.com\/product\/yoast-seo-wordpress\/ -->\n<title>Assunzione della prova testimoniale nel processo penale | Studio Legale Carlo Zaccagnini<\/title>\n<meta name=\"description\" content=\"La fase di istruzione dibattimentale nel giudizio penale ha inizio con l\u2019assunzione delle prove: esame delle parti, esame delle persone indicate nelle liste testi ex art. 468 c.p.p., deposito di documenti ex art. 234 ss. c.p.p..\" \/>\n<meta name=\"robots\" content=\"index, follow, max-snippet:-1, max-image-preview:large, max-video-preview:-1\" \/>\n<link rel=\"canonical\" href=\"https:\/\/carlozaccagnini.it\/it\/papers\/quale-ordine-di-assunzione-della-prova-testimoniale-nel-processo-penale\/\" \/>\n<meta property=\"og:locale\" content=\"it_IT\" \/>\n<meta property=\"og:type\" content=\"article\" \/>\n<meta property=\"og:title\" content=\"Assunzione della prova testimoniale nel processo penale | Studio Legale Carlo Zaccagnini\" \/>\n<meta property=\"og:description\" content=\"La fase di istruzione dibattimentale nel giudizio penale ha inizio con l\u2019assunzione delle prove: esame delle parti, esame delle persone indicate nelle liste testi ex art. 468 c.p.p., deposito di documenti ex art. 234 ss. c.p.p..\" \/>\n<meta property=\"og:url\" content=\"https:\/\/carlozaccagnini.it\/it\/papers\/quale-ordine-di-assunzione-della-prova-testimoniale-nel-processo-penale\/\" \/>\n<meta property=\"og:site_name\" content=\"Studio Legale Avv. Carlo Zaccagnini\" \/>\n<meta name=\"twitter:card\" content=\"summary_large_image\" \/>\n<meta name=\"twitter:label1\" content=\"Tempo di lettura stimato\" \/>\n\t<meta name=\"twitter:data1\" content=\"3 minuti\" \/>\n<script type=\"application\/ld+json\" class=\"yoast-schema-graph\">{\"@context\":\"https:\\\/\\\/schema.org\",\"@graph\":[{\"@type\":\"WebPage\",\"@id\":\"https:\\\/\\\/carlozaccagnini.it\\\/it\\\/papers\\\/quale-ordine-di-assunzione-della-prova-testimoniale-nel-processo-penale\\\/\",\"url\":\"https:\\\/\\\/carlozaccagnini.it\\\/it\\\/papers\\\/quale-ordine-di-assunzione-della-prova-testimoniale-nel-processo-penale\\\/\",\"name\":\"Assunzione della prova testimoniale nel processo penale | Studio Legale Carlo Zaccagnini\",\"isPartOf\":{\"@id\":\"https:\\\/\\\/carlozaccagnini.it\\\/it\\\/#website\"},\"datePublished\":\"2023-07-14T14:16:02+00:00\",\"description\":\"La fase di istruzione dibattimentale nel giudizio penale ha inizio con l\u2019assunzione delle prove: esame delle parti, esame delle persone indicate nelle liste testi ex art. 468 c.p.p., deposito di documenti ex art. 234 ss. c.p.p..\",\"breadcrumb\":{\"@id\":\"https:\\\/\\\/carlozaccagnini.it\\\/it\\\/papers\\\/quale-ordine-di-assunzione-della-prova-testimoniale-nel-processo-penale\\\/#breadcrumb\"},\"inLanguage\":\"it-IT\",\"potentialAction\":[{\"@type\":\"ReadAction\",\"target\":[\"https:\\\/\\\/carlozaccagnini.it\\\/it\\\/papers\\\/quale-ordine-di-assunzione-della-prova-testimoniale-nel-processo-penale\\\/\"]}]},{\"@type\":\"BreadcrumbList\",\"@id\":\"https:\\\/\\\/carlozaccagnini.it\\\/it\\\/papers\\\/quale-ordine-di-assunzione-della-prova-testimoniale-nel-processo-penale\\\/#breadcrumb\",\"itemListElement\":[{\"@type\":\"ListItem\",\"position\":1,\"name\":\"Home\",\"item\":\"https:\\\/\\\/carlozaccagnini.it\\\/it\\\/\"},{\"@type\":\"ListItem\",\"position\":2,\"name\":\"White Papers\",\"item\":\"https:\\\/\\\/carlozaccagnini.it\\\/it\\\/papers\\\/\"},{\"@type\":\"ListItem\",\"position\":3,\"name\":\"Qual \u00e8 l\u2019ordine di assunzione della prova testimoniale nel processo penale?\"}]},{\"@type\":\"WebSite\",\"@id\":\"https:\\\/\\\/carlozaccagnini.it\\\/it\\\/#website\",\"url\":\"https:\\\/\\\/carlozaccagnini.it\\\/it\\\/\",\"name\":\"Studio Legale Avv. Carlo Zaccagnini\",\"description\":\"White Collar Crime Defence\",\"publisher\":{\"@id\":\"https:\\\/\\\/carlozaccagnini.it\\\/it\\\/#organization\"},\"potentialAction\":[{\"@type\":\"SearchAction\",\"target\":{\"@type\":\"EntryPoint\",\"urlTemplate\":\"https:\\\/\\\/carlozaccagnini.it\\\/it\\\/?s={search_term_string}\"},\"query-input\":{\"@type\":\"PropertyValueSpecification\",\"valueRequired\":true,\"valueName\":\"search_term_string\"}}],\"inLanguage\":\"it-IT\"},{\"@type\":\"Organization\",\"@id\":\"https:\\\/\\\/carlozaccagnini.it\\\/it\\\/#organization\",\"name\":\"Studio Legale Carlo Zaccagnini\",\"url\":\"https:\\\/\\\/carlozaccagnini.it\\\/it\\\/\",\"logo\":{\"@type\":\"ImageObject\",\"inLanguage\":\"it-IT\",\"@id\":\"https:\\\/\\\/carlozaccagnini.it\\\/it\\\/#\\\/schema\\\/logo\\\/image\\\/\",\"url\":\"https:\\\/\\\/carlozaccagnini.it\\\/wp-content\\\/uploads\\\/2018\\\/09\\\/cropped-icona.jpg\",\"contentUrl\":\"https:\\\/\\\/carlozaccagnini.it\\\/wp-content\\\/uploads\\\/2018\\\/09\\\/cropped-icona.jpg\",\"width\":512,\"height\":512,\"caption\":\"Studio Legale Carlo Zaccagnini\"},\"image\":{\"@id\":\"https:\\\/\\\/carlozaccagnini.it\\\/it\\\/#\\\/schema\\\/logo\\\/image\\\/\"}}]}<\/script>\n<!-- \/ Yoast SEO plugin. -->","yoast_head_json":{"title":"Assunzione della prova testimoniale nel processo penale | Studio Legale Carlo Zaccagnini","description":"La fase di istruzione dibattimentale nel giudizio penale ha inizio con l\u2019assunzione delle prove: esame delle parti, esame delle persone indicate nelle liste testi ex art. 468 c.p.p., deposito di documenti ex art. 234 ss. c.p.p..","robots":{"index":"index","follow":"follow","max-snippet":"max-snippet:-1","max-image-preview":"max-image-preview:large","max-video-preview":"max-video-preview:-1"},"canonical":"https:\/\/carlozaccagnini.it\/it\/papers\/quale-ordine-di-assunzione-della-prova-testimoniale-nel-processo-penale\/","og_locale":"it_IT","og_type":"article","og_title":"Assunzione della prova testimoniale nel processo penale | Studio Legale Carlo Zaccagnini","og_description":"La fase di istruzione dibattimentale nel giudizio penale ha inizio con l\u2019assunzione delle prove: esame delle parti, esame delle persone indicate nelle liste testi ex art. 468 c.p.p., deposito di documenti ex art. 234 ss. c.p.p..","og_url":"https:\/\/carlozaccagnini.it\/it\/papers\/quale-ordine-di-assunzione-della-prova-testimoniale-nel-processo-penale\/","og_site_name":"Studio Legale Avv. Carlo Zaccagnini","twitter_card":"summary_large_image","twitter_misc":{"Tempo di lettura stimato":"3 minuti"},"schema":{"@context":"https:\/\/schema.org","@graph":[{"@type":"WebPage","@id":"https:\/\/carlozaccagnini.it\/it\/papers\/quale-ordine-di-assunzione-della-prova-testimoniale-nel-processo-penale\/","url":"https:\/\/carlozaccagnini.it\/it\/papers\/quale-ordine-di-assunzione-della-prova-testimoniale-nel-processo-penale\/","name":"Assunzione della prova testimoniale nel processo penale | Studio Legale Carlo Zaccagnini","isPartOf":{"@id":"https:\/\/carlozaccagnini.it\/it\/#website"},"datePublished":"2023-07-14T14:16:02+00:00","description":"La fase di istruzione dibattimentale nel giudizio penale ha inizio con l\u2019assunzione delle prove: esame delle parti, esame delle persone indicate nelle liste testi ex art. 468 c.p.p., deposito di documenti ex art. 234 ss. c.p.p..","breadcrumb":{"@id":"https:\/\/carlozaccagnini.it\/it\/papers\/quale-ordine-di-assunzione-della-prova-testimoniale-nel-processo-penale\/#breadcrumb"},"inLanguage":"it-IT","potentialAction":[{"@type":"ReadAction","target":["https:\/\/carlozaccagnini.it\/it\/papers\/quale-ordine-di-assunzione-della-prova-testimoniale-nel-processo-penale\/"]}]},{"@type":"BreadcrumbList","@id":"https:\/\/carlozaccagnini.it\/it\/papers\/quale-ordine-di-assunzione-della-prova-testimoniale-nel-processo-penale\/#breadcrumb","itemListElement":[{"@type":"ListItem","position":1,"name":"Home","item":"https:\/\/carlozaccagnini.it\/it\/"},{"@type":"ListItem","position":2,"name":"White Papers","item":"https:\/\/carlozaccagnini.it\/it\/papers\/"},{"@type":"ListItem","position":3,"name":"Qual \u00e8 l\u2019ordine di assunzione della prova testimoniale nel processo penale?"}]},{"@type":"WebSite","@id":"https:\/\/carlozaccagnini.it\/it\/#website","url":"https:\/\/carlozaccagnini.it\/it\/","name":"Studio Legale Avv. Carlo Zaccagnini","description":"White Collar Crime Defence","publisher":{"@id":"https:\/\/carlozaccagnini.it\/it\/#organization"},"potentialAction":[{"@type":"SearchAction","target":{"@type":"EntryPoint","urlTemplate":"https:\/\/carlozaccagnini.it\/it\/?s={search_term_string}"},"query-input":{"@type":"PropertyValueSpecification","valueRequired":true,"valueName":"search_term_string"}}],"inLanguage":"it-IT"},{"@type":"Organization","@id":"https:\/\/carlozaccagnini.it\/it\/#organization","name":"Studio Legale Carlo Zaccagnini","url":"https:\/\/carlozaccagnini.it\/it\/","logo":{"@type":"ImageObject","inLanguage":"it-IT","@id":"https:\/\/carlozaccagnini.it\/it\/#\/schema\/logo\/image\/","url":"https:\/\/carlozaccagnini.it\/wp-content\/uploads\/2018\/09\/cropped-icona.jpg","contentUrl":"https:\/\/carlozaccagnini.it\/wp-content\/uploads\/2018\/09\/cropped-icona.jpg","width":512,"height":512,"caption":"Studio Legale Carlo Zaccagnini"},"image":{"@id":"https:\/\/carlozaccagnini.it\/it\/#\/schema\/logo\/image\/"}}]}},"_links":{"self":[{"href":"https:\/\/carlozaccagnini.it\/it\/wp-json\/wp\/v2\/pages\/5779","targetHints":{"allow":["GET"]}}],"collection":[{"href":"https:\/\/carlozaccagnini.it\/it\/wp-json\/wp\/v2\/pages"}],"about":[{"href":"https:\/\/carlozaccagnini.it\/it\/wp-json\/wp\/v2\/types\/page"}],"author":[{"embeddable":true,"href":"https:\/\/carlozaccagnini.it\/it\/wp-json\/wp\/v2\/users\/2"}],"replies":[{"embeddable":true,"href":"https:\/\/carlozaccagnini.it\/it\/wp-json\/wp\/v2\/comments?post=5779"}],"version-history":[{"count":0,"href":"https:\/\/carlozaccagnini.it\/it\/wp-json\/wp\/v2\/pages\/5779\/revisions"}],"up":[{"embeddable":true,"href":"https:\/\/carlozaccagnini.it\/it\/wp-json\/wp\/v2\/pages\/4116"}],"wp:attachment":[{"href":"https:\/\/carlozaccagnini.it\/it\/wp-json\/wp\/v2\/media?parent=5779"}],"curies":[{"name":"wp","href":"https:\/\/api.w.org\/{rel}","templated":true}]}}