{"id":5751,"date":"2023-07-14T13:14:40","date_gmt":"2023-07-14T11:14:40","guid":{"rendered":"https:\/\/excellerator.it\/?page_id=5751"},"modified":"2025-08-01T12:57:57","modified_gmt":"2025-08-01T10:57:57","slug":"lo-impedimento-del-difensore-sospende-il-corso-della-prescrizione","status":"publish","type":"page","link":"https:\/\/carlozaccagnini.it\/it\/papers\/lo-impedimento-del-difensore-sospende-il-corso-della-prescrizione\/","title":{"rendered":"L\u2019impedimento del difensore sospende il corso della prescrizione?"},"content":{"rendered":"<div class=\"wpb-content-wrapper\"><p>[vc_row][vc_column][vc_btn title=&#8221;TORNA A PAPERS&#8221; align=&#8221;right&#8221; link=&#8221;url:https%3A%2F%2Fcarlozaccagnini.it%2Fit%2Fpapers%2F&#8221;][vc_empty_space height=&#8221;10px&#8221;][vc_column_text]<\/p>\n<h3 class=\"fl-heading\"><span class=\"fl-heading-text\" style=\"color: #1f497d;\">L\u2019impedimento del difensore sospende il corso della prescrizione? Se s\u00ec, quando?<\/span><\/h3>\n<p>[\/vc_column_text][vc_empty_space height=&#8221;50px&#8221;][\/vc_column][\/vc_row][vc_row][vc_column][vc_column_text]<\/p>\n<div class=\"fl-module fl-module-rich-text fl-node-5ece36b40716d\" data-node=\"5ece36b40716d\">\n<div class=\"fl-module-content fl-node-content\">\n<div class=\"fl-rich-text\">\n<div class=\"fl-module fl-module-rich-text fl-node-5ea1706abbcbc\" data-node=\"5ea1706abbcbc\">\n<div class=\"fl-module-content fl-node-content\">\n<div class=\"fl-rich-text\">\n<div class=\"fl-module fl-module-rich-text fl-node-5e985627ac4e9\" data-node=\"5e985627ac4e9\">\n<div class=\"fl-module-content fl-node-content\">\n<div class=\"fl-rich-text\">\n<div class=\"fl-module fl-module-rich-text fl-node-5e986381205b0\" data-node=\"5e986381205b0\">\n<div class=\"fl-module-content fl-node-content\">\n<div class=\"fl-rich-text\">\n<h5>L\u2019istituto giuridico della prescrizione individua il tempo decorso il quale si affievolisce fino a scomparire la pretesa punitiva dello Stato per un fatto-reato: <strong>tempo corrispondente al massimo della pena edittale stabilita dalla legge e comunque non inferiore a <u>sei anni<\/u>, quando trattasi di delitti, e <u>quattro anni<\/u>, nelle ipotesi di contravvenzioni <\/strong>(art. 157, primo comma, c.p.).<\/h5>\n<h5>Il corso della prescrizione pu\u00f2 essere soggetto a <u>sospensione<\/u>: l\u2019art. 159 c.p. individua tra le ipotesi di sospensione del processo penale le <strong>ragioni di impedimento delle parti e dei difensori <\/strong>ovvero la <strong>richiesta dell\u2019imputato o del suo difensore<\/strong>, con la precisazione che \u201c<em><u>l\u2019udienza non pu\u00f2 essere differita oltre il<\/u> <u>sessantesimo giorno successivo alla prevedibile cessazione dell\u2019impedimento, dovendosi avere riguardo in caso contrario al<\/u> <u>tempo dell\u2019impedimento aumentato di sessanta giorni<\/u><\/em>\u201d.<\/h5>\n<h5>La Corte di Cassazione \u00e8 intervenuta ripetutamente sugli effetti del rinvio dell\u2019udienza, richiesto dal difensore o dall\u2019imputato, ai fini della prescrizione; si distingue, dunque, tra <strong><br \/>\n<\/strong><\/h5>\n<h4><strong>(i) <u>rinvii per legittimo<\/u> <u>impedimento dell\u2019imputato o del difensore<\/u> e (ii) <u>meri rinvii richiesti dal difensore<\/u>.<\/strong><\/h4>\n<\/div>\n<\/div>\n<\/div>\n<div class=\"fl-module fl-module-heading fl-node-5e9864005603f\" data-node=\"5e9864005603f\">\n<div class=\"fl-module-content fl-node-content\">\n<h4 class=\"fl-heading\"><strong><span class=\"fl-heading-text\">(iI) Rinvii per legittimo impedimento dell\u2019imputato o del difensore<\/span><\/strong><\/h4>\n<\/div>\n<\/div>\n<div class=\"fl-module fl-module-rich-text fl-node-5e9864461fda7\" data-node=\"5e9864461fda7\">\n<div class=\"fl-module-content fl-node-content\">\n<div class=\"fl-rich-text\">\n<h5>La richiesta di rinvio, purch\u00e9 legittima, cio\u00e8 giustificata, non strumentale o dilatoria, deve essere dovuta ad <u>assoluta impossibilit\u00e0 di comparire per caso fortuito, forza maggiore o altro legittimo impedimento<\/u> (art. 420 <em>ter<\/em>, primo comma, c.p.p.) ed il difensore \u00e8 tenuto a comunicarla prontamente.<\/h5>\n<h5>In tali ipotesi, <strong>la prescrizione \u00e8 sospesa di diritto soltanto per sessanta giorni dalla cessazione dell\u2019impedimento<\/strong>, continuando pertanto a decorrere dal sessantesimo giorno fino alla data del rinvio dell\u2019udienza (<em>Cass. Pen., Sez. Un., 2 febbraio 2015, n. 4909, in italgiure.giustizia.it\/sncass\/<\/em>).<\/h5>\n<h5>Rientra tra i casi di legittimo impedimento il <strong>concomitante impegno professionale del difensore <\/strong>: \u201c<em>L\u2019impegno professionale del difensore in altro procedimento costituisce legittimo impedimento che d\u00e0 luogo ad assoluta <\/em><em>impossibilit\u00e0 a comparire a condizione che <strong>il difensore prospetti l\u2019impedimento appena conosciuta la <\/strong><strong>contemporaneit\u00e0 dei diversi impegni, indichi specificamente le ragioni che rendono essenziale l\u2019espletamento della sua funzione nel diverso processo e rappresenti l\u2019assenza in detto procedimento di altro codifensore che possa validamente difendere l\u2019imputato, nonch\u00e9 l\u2019impossibilit\u00e0 di avvalersi di un sostituto ai sensi dell\u2019art. 102 c.p.p. sia nel processo a cui intende partecipare sia in quello di cui chiede \u00a0il \u00a0rinvio<\/strong><\/em>\u201d (<em>Cass. Pen., Sez. Un., 2 febbraio 2015 n. 4909, in italgiure.giustizia.it\/sncass\/<\/em>). Deve ritenersi pregnante <u>l\u2019obbligo per il difensore di prospettare al Giudice al quale si chiede il rinvio il proprio<\/u> <u>impedimento con assoluta tempestivit\u00e0<\/u>; qualora l\u2019impedimento consista in un impegno professionale concomitante presso la stessa sede giudiziaria o presso una sede diversa, ma non lontana da quella in considerazione, alla verifica della possibile designazione di un sostituto deve aggiungersi quella di una possibile variazione di orario che consenta al difensore di partecipare ad entrambi i giudizi.<\/h5>\n<h5>Ove l\u2019onere di documentazione dell\u2019impedimento non sia osservato dal difensore, non pu\u00f2 dunque ritenersi sussistente il legittimo impedimento; tuttavia, il Giudice, contemperando le esigenze della difesa con quelle della giurisdizione, pu\u00f2 comunque concedere il rinvio secondo il suo prudente apprezzamento ; in tali casi, <strong>la richiesta di differimento sar\u00e0 qualificata non come legittimo impedimento, bens\u00ec come \u201cmera richiesta di rinvio\u201d <\/strong>per assicurare all\u2019imputato di essere assistito dal difensore che meglio conosce la vicenda processuale, ma <strong>ci\u00f2 comporter\u00e0, di conseguenza, la sospensione del decorso della prescrizione per tutto il periodo del differimento<\/strong>.<\/h5>\n<\/div>\n<\/div>\n<\/div>\n<div class=\"fl-module-content fl-node-content\">\n<h4 class=\"fl-heading\"><strong><span class=\"fl-heading-text\">(ii) Meri rinvii richiesti dal difensore<\/span><\/strong><\/h4>\n<\/div>\n<div class=\"fl-module fl-module-rich-text fl-node-5e98652053fb6\" data-node=\"5e98652053fb6\">\n<div class=\"fl-module-content fl-node-content\">\n<div class=\"fl-rich-text\">\n<h5>A tali ipotesi, non costituendo impedimento in senso tecnico, in quanto non discendenti da assoluta impossibilit\u00e0 a partecipare all\u2019attivit\u00e0 difensiva, <strong>non si applica il limite massimo di sessanta giorni\u00a0\u00a0 di sospensione al corso della prescrizione<\/strong>, che resta pertanto sospeso per tutto il periodo di differimento (<em>Cass. Pen., Sez. I, 14 ottobre 2008, n. 44609<\/em>).<\/h5>\n<h5>Vi rientrano i rinvii, ad esempio, per l\u2019acquisizione di documenti, lo studio degli atti, il reperimento di precedenti giurisprudenziali, l\u2019esigenza di attendere definizione giudiziarie, <strong>l\u2019adesione del difensore all\u2019astensione dalle udienze proclamata dalla <\/strong><strong>categoria <\/strong>: \u201c<em><u>Il limite massimo di sessanta giorni di sospensione del corso della prescrizione non pu\u00f2 trovare applicazione<\/u> <u>nel caso di astensione del difensore dalle udienze, restando il termine prescrizionale sospeso per l\u2019intero periodo di<\/u> <u>differimento<\/u> : e ci\u00f2 perch\u00e9 detta astensione non costituisce impedimento in senso tecnico bens\u00ec un vero e proprio \u2018diritto al rinvio\u2019 quale immediata conseguenza dell\u2019esercizio costituzionale di libert\u00e0 di associazione del difensore.<\/em><\/h5>\n<h5><em><u>La richiesta di<\/u> <\/em><em><u>rinvio dell\u2019udienza per aderire ad una astensione collettiva deve essere considerata una richiesta tutelata dall\u2019ordinamento<\/u><\/em> <em><u>col diritto ad ottenere un differimento, ma non costituisce un impedimento in senso tecnico, visto che non discende da una<\/u><\/em> <em><u>assoluta impossibilit\u00e0 a partecipare all\u2019attivit\u00e0 difensiva<\/u><\/em>\u201d (<em>Cass. Pen., Sez. IV, 29 gennaio 2013, n. 10621, Rv. 256067<\/em>).<\/h5>\n<\/div>\n<\/div>\n<\/div>\n<\/div>\n<\/div>\n<\/div>\n<p style=\"text-align: center;\"><span style=\"color: #333333;\">\u00a0Avvocato Carlo Zaccagnini<\/span><\/p>\n<\/div>\n<\/div>\n<\/div>\n<\/div>\n<\/div>\n<\/div>\n<p>[\/vc_column_text][vc_empty_space height=&#8221;50px&#8221;][\/vc_column][\/vc_row][vc_row css=&#8221;.vc_custom_1688390796203{background-color: #1f497d !important;}&#8221;][vc_column]<div class=\"mkdf-call-to-action-holder  mkdf-normal-layout  mkdf-three-quarters-columns\">\n\n\t<div class=\"mkdf-cta-inner \">\n\t\t<div class=\"mkdf-cta-icon-holder\">\n\t\t\t<span aria-hidden=\"true\" class=\"mkdf-icon-font-elegant  \" style=\"color: #ffffff;font-size: 30px\"><\/span>\t\t<\/div>\n\t\t<div class=\"mkdf-cta-text-holder\">\n\t\t\t<div class=\"mkdf-cta-text\">\n<h2 style=\"text-align: left;\"><span style=\"color: #165253;\"><span style=\"color: #ffffff;\">Dubbi o necessit\u00e0?<\/span><br \/>\n<\/span><\/h2>\n<\/div>\n\t\t<\/div>\n\t\t<div class=\"mkdf-cta-button-holder\" >\n\t\t\t<div class=\"mkdf-cta-button\"><a itemprop=\"url\" href=\"https:\/\/carlozaccagnini.it\/it\/contatti\/\" target=\"_self\" style=\"color: #ffffff;background-color: #1a2843;border-color: #1a2843\" class=\"mkdf-btn mkdf-btn-medium mkdf-btn-solid mkdf-btn-custom-hover-bg mkdf-btn-custom-border-hover mkdf-btn-custom-hover-color\" data-hover-color=\"#1a2843\" data-hover-bg-color=\"#f2f2ef\" data-hover-border-color=\"#1a2843\" >    <span class=\"mkdf-btn-text\">CONTATTACI<\/span>    <\/a><\/div>\n\t\t<\/div>\n\t<\/div>\n<\/div>[vc_empty_space][\/vc_column][\/vc_row][vc_row][vc_column][vc_column_text]<\/p>\n<p style=\"text-align: right;\"><a href=\"https:\/\/carlozaccagnini.it\/it\/disclaimer\/\" target=\"_blank\" rel=\"noopener\"><strong>DISCLAIMER<\/strong><\/a><\/p>\n<p>[\/vc_column_text][\/vc_column][\/vc_row]<\/p>\n<\/div>","protected":false},"excerpt":{"rendered":"<p>[vc_row][vc_column][vc_btn title=&#8221;TORNA A PAPERS&#8221; align=&#8221;right&#8221; link=&#8221;url:https%3A%2F%2Fcarlozaccagnini.it%2Fit%2Fpapers%2F&#8221;][vc_empty_space height=&#8221;10px&#8221;][vc_column_text] L\u2019impedimento del difensore sospende il corso della prescrizione? Se s\u00ec, quando? [\/vc_column_text][vc_empty_space height=&#8221;50px&#8221;][\/vc_column][\/vc_row][vc_row][vc_column][vc_column_text] L\u2019istituto giuridico della prescrizione individua il tempo decorso il quale [&hellip;]<\/p>\n","protected":false},"author":2,"featured_media":0,"parent":4116,"menu_order":0,"comment_status":"closed","ping_status":"closed","template":"","meta":{"footnotes":""},"class_list":["post-5751","page","type-page","status-publish","hentry"],"yoast_head":"<!-- This site is optimized with the Yoast SEO plugin v27.3 - https:\/\/yoast.com\/product\/yoast-seo-wordpress\/ -->\n<title>L\u2019impedimento del difensore sospende il corso della prescrizione? | Studio Legale Avv. Carlo Zaccagnini<\/title>\n<meta name=\"description\" content=\"\u00c8 ritrattabile la richiesta di accesso al rito alternativo del giudizio abbreviato da parte dell\u2019imputato?\" \/>\n<meta name=\"robots\" content=\"index, follow, max-snippet:-1, max-image-preview:large, max-video-preview:-1\" \/>\n<link rel=\"canonical\" href=\"https:\/\/carlozaccagnini.it\/it\/papers\/lo-impedimento-del-difensore-sospende-il-corso-della-prescrizione\/\" \/>\n<meta property=\"og:locale\" content=\"it_IT\" \/>\n<meta property=\"og:type\" content=\"article\" \/>\n<meta property=\"og:title\" content=\"L\u2019impedimento del difensore sospende il corso della prescrizione? | Studio Legale Avv. Carlo Zaccagnini\" \/>\n<meta property=\"og:description\" content=\"\u00c8 ritrattabile la richiesta di accesso al rito alternativo del giudizio abbreviato da parte dell\u2019imputato?\" \/>\n<meta property=\"og:url\" content=\"https:\/\/carlozaccagnini.it\/it\/papers\/lo-impedimento-del-difensore-sospende-il-corso-della-prescrizione\/\" \/>\n<meta property=\"og:site_name\" content=\"Studio Legale Avv. Carlo Zaccagnini\" \/>\n<meta property=\"article:modified_time\" content=\"2025-08-01T10:57:57+00:00\" \/>\n<meta name=\"twitter:card\" content=\"summary_large_image\" \/>\n<meta name=\"twitter:label1\" content=\"Tempo di lettura stimato\" \/>\n\t<meta name=\"twitter:data1\" content=\"5 minuti\" \/>\n<script type=\"application\/ld+json\" class=\"yoast-schema-graph\">{\"@context\":\"https:\\\/\\\/schema.org\",\"@graph\":[{\"@type\":\"WebPage\",\"@id\":\"https:\\\/\\\/carlozaccagnini.it\\\/it\\\/papers\\\/lo-impedimento-del-difensore-sospende-il-corso-della-prescrizione\\\/\",\"url\":\"https:\\\/\\\/carlozaccagnini.it\\\/it\\\/papers\\\/lo-impedimento-del-difensore-sospende-il-corso-della-prescrizione\\\/\",\"name\":\"L\u2019impedimento del difensore sospende il corso della prescrizione? | Studio Legale Avv. Carlo Zaccagnini\",\"isPartOf\":{\"@id\":\"https:\\\/\\\/carlozaccagnini.it\\\/it\\\/#website\"},\"datePublished\":\"2023-07-14T11:14:40+00:00\",\"dateModified\":\"2025-08-01T10:57:57+00:00\",\"description\":\"\u00c8 ritrattabile la richiesta di accesso al rito alternativo del giudizio abbreviato da parte dell\u2019imputato?\",\"breadcrumb\":{\"@id\":\"https:\\\/\\\/carlozaccagnini.it\\\/it\\\/papers\\\/lo-impedimento-del-difensore-sospende-il-corso-della-prescrizione\\\/#breadcrumb\"},\"inLanguage\":\"it-IT\",\"potentialAction\":[{\"@type\":\"ReadAction\",\"target\":[\"https:\\\/\\\/carlozaccagnini.it\\\/it\\\/papers\\\/lo-impedimento-del-difensore-sospende-il-corso-della-prescrizione\\\/\"]}]},{\"@type\":\"BreadcrumbList\",\"@id\":\"https:\\\/\\\/carlozaccagnini.it\\\/it\\\/papers\\\/lo-impedimento-del-difensore-sospende-il-corso-della-prescrizione\\\/#breadcrumb\",\"itemListElement\":[{\"@type\":\"ListItem\",\"position\":1,\"name\":\"Home\",\"item\":\"https:\\\/\\\/carlozaccagnini.it\\\/it\\\/\"},{\"@type\":\"ListItem\",\"position\":2,\"name\":\"White Papers\",\"item\":\"https:\\\/\\\/carlozaccagnini.it\\\/it\\\/papers\\\/\"},{\"@type\":\"ListItem\",\"position\":3,\"name\":\"L\u2019impedimento del difensore sospende il corso della prescrizione?\"}]},{\"@type\":\"WebSite\",\"@id\":\"https:\\\/\\\/carlozaccagnini.it\\\/it\\\/#website\",\"url\":\"https:\\\/\\\/carlozaccagnini.it\\\/it\\\/\",\"name\":\"Studio Legale Avv. Carlo Zaccagnini\",\"description\":\"White Collar Crime Defence\",\"publisher\":{\"@id\":\"https:\\\/\\\/carlozaccagnini.it\\\/it\\\/#organization\"},\"potentialAction\":[{\"@type\":\"SearchAction\",\"target\":{\"@type\":\"EntryPoint\",\"urlTemplate\":\"https:\\\/\\\/carlozaccagnini.it\\\/it\\\/?s={search_term_string}\"},\"query-input\":{\"@type\":\"PropertyValueSpecification\",\"valueRequired\":true,\"valueName\":\"search_term_string\"}}],\"inLanguage\":\"it-IT\"},{\"@type\":\"Organization\",\"@id\":\"https:\\\/\\\/carlozaccagnini.it\\\/it\\\/#organization\",\"name\":\"Studio Legale Carlo Zaccagnini\",\"url\":\"https:\\\/\\\/carlozaccagnini.it\\\/it\\\/\",\"logo\":{\"@type\":\"ImageObject\",\"inLanguage\":\"it-IT\",\"@id\":\"https:\\\/\\\/carlozaccagnini.it\\\/it\\\/#\\\/schema\\\/logo\\\/image\\\/\",\"url\":\"https:\\\/\\\/carlozaccagnini.it\\\/wp-content\\\/uploads\\\/2018\\\/09\\\/cropped-icona.jpg\",\"contentUrl\":\"https:\\\/\\\/carlozaccagnini.it\\\/wp-content\\\/uploads\\\/2018\\\/09\\\/cropped-icona.jpg\",\"width\":512,\"height\":512,\"caption\":\"Studio Legale Carlo Zaccagnini\"},\"image\":{\"@id\":\"https:\\\/\\\/carlozaccagnini.it\\\/it\\\/#\\\/schema\\\/logo\\\/image\\\/\"}}]}<\/script>\n<!-- \/ Yoast SEO plugin. -->","yoast_head_json":{"title":"L\u2019impedimento del difensore sospende il corso della prescrizione? | Studio Legale Avv. Carlo Zaccagnini","description":"\u00c8 ritrattabile la richiesta di accesso al rito alternativo del giudizio abbreviato da parte dell\u2019imputato?","robots":{"index":"index","follow":"follow","max-snippet":"max-snippet:-1","max-image-preview":"max-image-preview:large","max-video-preview":"max-video-preview:-1"},"canonical":"https:\/\/carlozaccagnini.it\/it\/papers\/lo-impedimento-del-difensore-sospende-il-corso-della-prescrizione\/","og_locale":"it_IT","og_type":"article","og_title":"L\u2019impedimento del difensore sospende il corso della prescrizione? | Studio Legale Avv. Carlo Zaccagnini","og_description":"\u00c8 ritrattabile la richiesta di accesso al rito alternativo del giudizio abbreviato da parte dell\u2019imputato?","og_url":"https:\/\/carlozaccagnini.it\/it\/papers\/lo-impedimento-del-difensore-sospende-il-corso-della-prescrizione\/","og_site_name":"Studio Legale Avv. Carlo Zaccagnini","article_modified_time":"2025-08-01T10:57:57+00:00","twitter_card":"summary_large_image","twitter_misc":{"Tempo di lettura stimato":"5 minuti"},"schema":{"@context":"https:\/\/schema.org","@graph":[{"@type":"WebPage","@id":"https:\/\/carlozaccagnini.it\/it\/papers\/lo-impedimento-del-difensore-sospende-il-corso-della-prescrizione\/","url":"https:\/\/carlozaccagnini.it\/it\/papers\/lo-impedimento-del-difensore-sospende-il-corso-della-prescrizione\/","name":"L\u2019impedimento del difensore sospende il corso della prescrizione? | Studio Legale Avv. Carlo Zaccagnini","isPartOf":{"@id":"https:\/\/carlozaccagnini.it\/it\/#website"},"datePublished":"2023-07-14T11:14:40+00:00","dateModified":"2025-08-01T10:57:57+00:00","description":"\u00c8 ritrattabile la richiesta di accesso al rito alternativo del giudizio abbreviato da parte dell\u2019imputato?","breadcrumb":{"@id":"https:\/\/carlozaccagnini.it\/it\/papers\/lo-impedimento-del-difensore-sospende-il-corso-della-prescrizione\/#breadcrumb"},"inLanguage":"it-IT","potentialAction":[{"@type":"ReadAction","target":["https:\/\/carlozaccagnini.it\/it\/papers\/lo-impedimento-del-difensore-sospende-il-corso-della-prescrizione\/"]}]},{"@type":"BreadcrumbList","@id":"https:\/\/carlozaccagnini.it\/it\/papers\/lo-impedimento-del-difensore-sospende-il-corso-della-prescrizione\/#breadcrumb","itemListElement":[{"@type":"ListItem","position":1,"name":"Home","item":"https:\/\/carlozaccagnini.it\/it\/"},{"@type":"ListItem","position":2,"name":"White Papers","item":"https:\/\/carlozaccagnini.it\/it\/papers\/"},{"@type":"ListItem","position":3,"name":"L\u2019impedimento del difensore sospende il corso della prescrizione?"}]},{"@type":"WebSite","@id":"https:\/\/carlozaccagnini.it\/it\/#website","url":"https:\/\/carlozaccagnini.it\/it\/","name":"Studio Legale Avv. Carlo Zaccagnini","description":"White Collar Crime Defence","publisher":{"@id":"https:\/\/carlozaccagnini.it\/it\/#organization"},"potentialAction":[{"@type":"SearchAction","target":{"@type":"EntryPoint","urlTemplate":"https:\/\/carlozaccagnini.it\/it\/?s={search_term_string}"},"query-input":{"@type":"PropertyValueSpecification","valueRequired":true,"valueName":"search_term_string"}}],"inLanguage":"it-IT"},{"@type":"Organization","@id":"https:\/\/carlozaccagnini.it\/it\/#organization","name":"Studio Legale Carlo Zaccagnini","url":"https:\/\/carlozaccagnini.it\/it\/","logo":{"@type":"ImageObject","inLanguage":"it-IT","@id":"https:\/\/carlozaccagnini.it\/it\/#\/schema\/logo\/image\/","url":"https:\/\/carlozaccagnini.it\/wp-content\/uploads\/2018\/09\/cropped-icona.jpg","contentUrl":"https:\/\/carlozaccagnini.it\/wp-content\/uploads\/2018\/09\/cropped-icona.jpg","width":512,"height":512,"caption":"Studio Legale Carlo Zaccagnini"},"image":{"@id":"https:\/\/carlozaccagnini.it\/it\/#\/schema\/logo\/image\/"}}]}},"_links":{"self":[{"href":"https:\/\/carlozaccagnini.it\/it\/wp-json\/wp\/v2\/pages\/5751","targetHints":{"allow":["GET"]}}],"collection":[{"href":"https:\/\/carlozaccagnini.it\/it\/wp-json\/wp\/v2\/pages"}],"about":[{"href":"https:\/\/carlozaccagnini.it\/it\/wp-json\/wp\/v2\/types\/page"}],"author":[{"embeddable":true,"href":"https:\/\/carlozaccagnini.it\/it\/wp-json\/wp\/v2\/users\/2"}],"replies":[{"embeddable":true,"href":"https:\/\/carlozaccagnini.it\/it\/wp-json\/wp\/v2\/comments?post=5751"}],"version-history":[{"count":1,"href":"https:\/\/carlozaccagnini.it\/it\/wp-json\/wp\/v2\/pages\/5751\/revisions"}],"predecessor-version":[{"id":7104,"href":"https:\/\/carlozaccagnini.it\/it\/wp-json\/wp\/v2\/pages\/5751\/revisions\/7104"}],"up":[{"embeddable":true,"href":"https:\/\/carlozaccagnini.it\/it\/wp-json\/wp\/v2\/pages\/4116"}],"wp:attachment":[{"href":"https:\/\/carlozaccagnini.it\/it\/wp-json\/wp\/v2\/media?parent=5751"}],"curies":[{"name":"wp","href":"https:\/\/api.w.org\/{rel}","templated":true}]}}