{"id":5742,"date":"2023-07-14T12:54:23","date_gmt":"2023-07-14T10:54:23","guid":{"rendered":"https:\/\/excellerator.it\/?page_id=5742"},"modified":"2023-07-14T12:55:20","modified_gmt":"2023-07-14T10:55:20","slug":"il-furto-di-energia-elettrica-art-624-cp","status":"publish","type":"page","link":"https:\/\/carlozaccagnini.it\/it\/papers\/il-furto-di-energia-elettrica-art-624-cp\/","title":{"rendered":"Il furto di energia elettrica (art. 624 c.p.)"},"content":{"rendered":"<div class=\"wpb-content-wrapper\"><p>[vc_row][vc_column][vc_btn title=&#8221;TORNA A PAPERS&#8221; align=&#8221;right&#8221; link=&#8221;url:https%3A%2F%2Fcarlozaccagnini.it%2Fit%2Fpapers%2F&#8221;][vc_empty_space height=&#8221;10px&#8221;][vc_column_text]<\/p>\n<h3 class=\"fl-heading\"><span class=\"fl-heading-text\">Il furto di energia elettrica (art. 624 c.p.)<\/span><\/h3>\n<p>[\/vc_column_text][vc_empty_space height=&#8221;50px&#8221;][\/vc_column][\/vc_row][vc_row][vc_column][vc_column_text]<\/p>\n<div class=\"fl-module fl-module-rich-text fl-node-5ece36b40716d\" data-node=\"5ece36b40716d\">\n<div class=\"fl-module-content fl-node-content\">\n<div class=\"fl-rich-text\">\n<div class=\"fl-module fl-module-rich-text fl-node-5ea1706abbcbc\" data-node=\"5ea1706abbcbc\">\n<div class=\"fl-module-content fl-node-content\">\n<div class=\"fl-rich-text\">\n<div class=\"fl-module fl-module-rich-text fl-node-5e9748ca97f0e\" data-node=\"5e9748ca97f0e\">\n<div class=\"fl-module-content fl-node-content\">\n<div class=\"fl-rich-text\">\n<div class=\"fl-module fl-module-rich-text fl-node-5e97266fbe568\" data-node=\"5e97266fbe568\">\n<div class=\"fl-module-content fl-node-content\">\n<div class=\"fl-rich-text\">\n<h5><span style=\"color: #333333;\">Il delitto di furto \u00e8 previsto dall&#8217;art. 624 c.p., che punisce \u201c<em>Chiunque s&#8217;impossessa della cosa mobile altrui sottraendola a chi la <\/em><a style=\"color: #333333;\" href=\"https:\/\/www.brocardi.it\/dizionario\/5301.html\"><em>detiene<\/em><\/a><em>, al fine di trarne profitto per s\u00e9 o per altri, \u00e8 punito con la reclusione da sei mesi a tre anni e con la multa da 154 euro a 516 euro<\/em>\u201d; al secondo comma viene specificato che \u201ca<em>gli effetti della legge penale, si considera cosa mobile <u>anche l&#8217;energia elettrica e ogni altra energia che abbia un valore economico<\/u><\/em>\u201d. Quindi, costituisce reato l&#8217;appropriazione \u2013 con conseguente spossessamento \u2013 di energia elettrica altrui al fine di trarre un profitto per s\u00e9 o per altri.<\/span><\/h5>\n<h5><span style=\"color: #333333;\">La Cassazione, in particolare, si \u00e8 espressa nel senso che il furto di energia elettrica integri un <strong>furto aggravato<\/strong> dall&#8217;utilizzo di un \u201c<em>mezzo fraudolento<\/em>\u201d o \u201c<em>da violenza sulle cose<\/em>\u201d <em>ex <\/em>art. 625, comma 1, n. 2, c.p. (Cass. Pen., Sez. IV, 18\/1\/2019, n.18329; Cass. Pen. \u00a0V, 23\/9\/2019, n.5055), punito con la <strong>reclusione da due a sette anni<\/strong> e con la <strong>multa<\/strong> da <strong>927<\/strong> <strong>euro a<\/strong>\u00a0 <strong>1500 euro<\/strong>\u201d. La destrezza \u00e8 \u201c<em>ogni attivit\u00e0 che sorprenda o soverchi, con insidia ed astuzia, la volont\u00e0 del detentore, violando le difese e gli accorgimenti posti dal soggetto passivo<\/em>\u201d (F. Antolisei \u201c<em>Manuale di Diritto Penale, Parte Speciale<\/em>, Vol. I, Milano, 2016, p. 423); l\u2019aggravante della violenza, invece, \u00e8 configurabile nel \u201c<em>danneggiare, trasformare o mutare la destinazione di una cosa previsti all\u2019art. 392 c.p<\/em>.\u201d (Cass., Pen., Sez. V, n. 6762\/2015 e Cass., Pen., Sez. VI, n. 4373\/2008).<\/span><\/h5>\n<h5><span style=\"color: #333333;\">Il furto di energia elettrica \u00e8 qualificato, inoltre, quale delitto a consumazione prolungata, in quanto seppur \u00e8 vero che l\u2019evento continua a prodursi nel tempo, le singole captazioni di energia costituiscono <strong>singoli atti di un\u2019unica azione furtiva<\/strong>: <em>\u201c<\/em><em>La conseguenza dell\u2019inserimento del furto di energia elettrica in tale categoria di reati, rende le plurime captazioni di energia, successive alla prima, non un <\/em><em>post<\/em> <em>factum<\/em><em> penalmente irrilevante, n\u00e9 singole ed autonome azioni costituenti altrettanti furti, bens\u00ec singoli atti di un\u2019unica azione furtiva che spostano in avanti la cessazione della consumazione fino all\u2019ultimo prelievo\u201d <\/em>(Cass. Pen., Sez. IV,\u00a0 n. 53456\/2018); quindi, \u201c<em>il termine di prescrizione del delitto di furto di energia elettrica decorre dall&#8217;ultima delle plurime captazioni di energia, che costituiscono i singoli atti di un&#8217;unica azione furtiva a consumazione prolungata<\/em>\u201d (Cass. Pen., Sez. IV, 15 gennaio 2009, n. 17036).<\/span><\/h5>\n<h5><span style=\"color: #333333;\">Questa fattispecie di reato, essendo a \u201c<em>forma libera<\/em>\u201d, pu\u00f2 integrarsi con condotte eterogenee; le pi\u00f9 frequenti modalit\u00e0 di condotta sono l\u2019allacciamento abusivo direttamente ai cavi della rete di distribuzione, il collegamento al cavo di alimentazione di un altro utente o la manomissione del proprio contatore.<\/span><\/h5>\n<h5><span style=\"color: #333333;\">Invero, l&#8217;allacciamento abusivo ad un cavo di alimentazione di un altro soggetto pu\u00f2 anche integrare altre fattispecie di reato; ad esempio, \u00e8 stato ritenuto consumato il reato di cui all&#8217;art. 646, appropriazione indebita, c.p. \u201c<em>Chiunque, per procurare a s\u00e9 o ad altri un ingiusto profitto, si appropria il denaro o la cosa mobile altrui di cui abbia, a qualsiasi titolo, il possesso, \u00e8 punito, a querela della persona offesa, con la reclusione da <strong>due a cinque anni<\/strong> e con la <strong>multa da euro mille a euro tremila<\/strong><\/em>\u201d. <\/span><\/h5>\n<h5><span style=\"color: #333333;\">Infatti, secondo la Suprema Corte configura il reato di appropriazione indebita e non quello di furto aggravato dalla violenza sulle cose la condotta di chi si impossessa di energia elettrica sottraendola al condominio collegando dei cavi elettrici all&#8217;impianto delle luci delle scale (Cass. Pen., Sez. V, n. 57749 del 28 dicembre 2017); veniva evidenziato, infatti, che, dagli accertamenti effettuati in corso di causa, era emerso che l\u2019imputata aveva sottratto \u201c<em>l&#8217;energia elettrica gi\u00e0 transitata dal contatore che registrava i consumi del condominio<\/em>\u201d e che si trattava, dunque, \u201c<em>di energia ad esso appartenente e pro quota di spettanza anche della ricorrente<\/em>\u201d. <\/span><\/h5>\n<h5><span style=\"color: #333333;\">Di conseguenza poich\u00e9 l&#8217;imputato<strong> era nel possesso, assieme agli altri condomini, dell\u2019energia i<\/strong>n questione, potendo \u201c<em>consumarla ed utilizzarla al di fuori della stretta sorveglianza degli altri condomini<\/em>\u201d \u2013 la condotta oggetto di contestazione doveva essere ricondotta alla \u201c<em><strong>appropriazione indebita<\/strong><\/em>\u201d, di cui all\u2019art. 646 c.p..<\/span><\/h5>\n<h5><span style=\"color: #333333;\">Secondo la dottrina, in particolare, il <em>discrimen<\/em> tra l&#8217;applicazione degli artt. 624 (anche aggravato) e 646 c.p. risiede nel luogo di allaccio alla rete di alimentazione elettrica: se \u00e8 effettuato prima del passaggio nel contatore, si configura il delitto di furto; se \u00e8 effettuato dopo che la corrente sia stata \u201ccontabilizzata\u201d nel contatore allora si integra la fattispecie prevista e punita dall&#8217;art. 646 c.p..<\/span><\/h5>\n<h5><span style=\"color: #333333;\">La manomissione del contatore, per\u00f2, potrebbe integrare il delitto di truffa, <em>ex<\/em> art. 640 c.p.. La dottrina maggioritaria \u2013 ed anche le prime pronunce della Cassazione \u2013 erano concordi nel ritenere configurati nel caso della manomissione del contatore, non l\u2019aggravante dell\u2019uso del mezzo fraudolento, ma gli artifizi e raggiri espressamente previsti dalla fattispecie del reato di truffa. <\/span><\/h5>\n<h5><span style=\"color: #333333;\">Tuttavia, recenti pronunce della Suprema Corte hanno specificato che <em>\u201ci<\/em><em>n tema di reati contro il patrimonio, \u00e8 configurabile il delitto di furto aggravato dall\u2019uso del mezzo fraudolento allorquando lo spossessamento si verifica <\/em><em>invito domino<\/em><em>, mentre ricorre la truffa nel caso in cui il trasferimento del possesso della <\/em><em>res<\/em><em> si realizza <u>con il consenso, seppure viziato dagli altrui artifici o raggiri, della vittima<\/u>\u201d<\/em> (Cass.Pen., Sez. V, n. 22842\/19).<\/span><\/h5>\n<h5><span style=\"color: #333333;\">\u00c8 inoltre necessario evidenziare che \u00e8 stata ritenuta non applicabile l&#8217;esimente di cui all&#8217;art. 53 c.p. ; \u201c<em>L&#8217;esimente dello stato di necessit\u00e0 postula il pericolo attuale di un danno grave alla persona, non scongiurabile se non attraverso l&#8217;atto penalmente illecito, e non pu\u00f2 quindi applicarsi a reati asseritamente causati da uno stato di bisogno economico, qualora a esso possa comunque ovviarsi attraverso comportamenti non penalmente rilevanti. Dunque lo stato d&#8217;indigenza non \u00e8 di per s\u00e9 idoneo a configurare la scriminante in questione, <u>non presentando quegli elementi di attualit\u00e0 e inevitabilit\u00e0 del <\/u><\/em><em><u>pericolo<\/u><\/em><em> e atteso che alle persone che si trovano in tale stato \u00e8 consentito di provvedere al soddisfacimento dei propri bisogni essenziali per mezzo degli istituti di assistenza sociale<\/em>\u201d (Cass. Pen., Sez. IV, 18\/1\/2019, n.18329).<\/span><\/h5>\n<h5><span style=\"color: #333333;\">Infine, riguardo l\u2019arresto in flagranza, non \u00e8 necessario che l&#8217;autore del furto sia sorpreso nell&#8217;atto di manomettere il contatore o di effettuare l&#8217;allacciamento abusivo, ma <strong>\u00e8 sufficiente che la captazione di energia elettrica sia in corso e che la condotta integrante l&#8217;aggravante di cui all&#8217;art. 625, n. 2) c.p.<\/strong> <strong>sia stata preventivamente posta in essere per consentire l&#8217;impossessamento <\/strong>(Cass. Pen. Sez. IV, 10\/10\/2019, n.43693).<\/span><\/h5>\n<\/div>\n<\/div>\n<\/div>\n<\/div>\n<\/div>\n<\/div>\n<\/div>\n<\/div>\n<\/div>\n<\/div>\n<\/div>\n<\/div>\n<p style=\"text-align: center;\"><span style=\"color: #333333;\">Avvocato Carlo Zaccagnini<\/span><\/p>\n<p>[\/vc_column_text][vc_empty_space][vc_column_text]<\/p>\n<p style=\"text-align: right;\"><a href=\"https:\/\/carlozaccagnini.it\/it\/disclaimer\/\" target=\"_blank\" rel=\"noopener\"><strong>DISCLAIMER<\/strong><\/a><\/p>\n<p>[\/vc_column_text][\/vc_column][\/vc_row]<\/p>\n<\/div>","protected":false},"excerpt":{"rendered":"<p>[vc_row][vc_column][vc_btn title=&#8221;TORNA A PAPERS&#8221; align=&#8221;right&#8221; link=&#8221;url:https%3A%2F%2Fcarlozaccagnini.it%2Fit%2Fpapers%2F&#8221;][vc_empty_space height=&#8221;10px&#8221;][vc_column_text] Il furto di energia elettrica (art. 624 c.p.) [\/vc_column_text][vc_empty_space height=&#8221;50px&#8221;][\/vc_column][\/vc_row][vc_row][vc_column][vc_column_text] Il delitto di furto \u00e8 previsto dall&#8217;art. 624 c.p., che punisce \u201cChiunque s&#8217;impossessa [&hellip;]<\/p>\n","protected":false},"author":2,"featured_media":0,"parent":4116,"menu_order":0,"comment_status":"closed","ping_status":"closed","template":"","meta":{"footnotes":""},"class_list":["post-5742","page","type-page","status-publish","hentry"],"yoast_head":"<!-- This site is optimized with the Yoast SEO plugin v27.5 - https:\/\/yoast.com\/product\/yoast-seo-wordpress\/ -->\n<title>Il furto di energia elettrica (art. 624 c.p.) | Studio Legale Avv. Carlo Zaccagnini<\/title>\n<meta name=\"description\" content=\"Il delitto di furto \u00e8 previsto dall&#039;art. 624 c.p., che punisce \u201cChiunque s&#039;impossessa della cosa mobile altrui sottraendola a chi la detiene, al fine di trarne profitto per s\u00e9 o per altri, \u00e8 punito con la reclusione da sei mesi a tre anni e con la multa da 154 euro a 516 euro\u201d.\" \/>\n<meta name=\"robots\" content=\"index, follow, max-snippet:-1, max-image-preview:large, max-video-preview:-1\" \/>\n<link rel=\"canonical\" href=\"https:\/\/carlozaccagnini.it\/it\/papers\/il-furto-di-energia-elettrica-art-624-cp\/\" \/>\n<meta property=\"og:locale\" content=\"it_IT\" \/>\n<meta property=\"og:type\" content=\"article\" \/>\n<meta property=\"og:title\" content=\"Il furto di energia elettrica (art. 624 c.p.) | Studio Legale Avv. Carlo Zaccagnini\" \/>\n<meta property=\"og:description\" content=\"Il delitto di furto \u00e8 previsto dall&#039;art. 624 c.p., che punisce \u201cChiunque s&#039;impossessa della cosa mobile altrui sottraendola a chi la detiene, al fine di trarne profitto per s\u00e9 o per altri, \u00e8 punito con la reclusione da sei mesi a tre anni e con la multa da 154 euro a 516 euro\u201d.\" \/>\n<meta property=\"og:url\" content=\"https:\/\/carlozaccagnini.it\/it\/papers\/il-furto-di-energia-elettrica-art-624-cp\/\" \/>\n<meta property=\"og:site_name\" content=\"Studio Legale Avv. Carlo Zaccagnini\" \/>\n<meta property=\"article:modified_time\" content=\"2023-07-14T10:55:20+00:00\" \/>\n<meta name=\"twitter:card\" content=\"summary_large_image\" \/>\n<meta name=\"twitter:label1\" content=\"Tempo di lettura stimato\" \/>\n\t<meta name=\"twitter:data1\" content=\"6 minuti\" \/>\n<script type=\"application\/ld+json\" class=\"yoast-schema-graph\">{\"@context\":\"https:\\\/\\\/schema.org\",\"@graph\":[{\"@type\":\"WebPage\",\"@id\":\"https:\\\/\\\/carlozaccagnini.it\\\/it\\\/papers\\\/il-furto-di-energia-elettrica-art-624-cp\\\/\",\"url\":\"https:\\\/\\\/carlozaccagnini.it\\\/it\\\/papers\\\/il-furto-di-energia-elettrica-art-624-cp\\\/\",\"name\":\"Il furto di energia elettrica (art. 624 c.p.) | Studio Legale Avv. Carlo Zaccagnini\",\"isPartOf\":{\"@id\":\"https:\\\/\\\/carlozaccagnini.it\\\/it\\\/#website\"},\"datePublished\":\"2023-07-14T10:54:23+00:00\",\"dateModified\":\"2023-07-14T10:55:20+00:00\",\"description\":\"Il delitto di furto \u00e8 previsto dall'art. 624 c.p., che punisce \u201cChiunque s'impossessa della cosa mobile altrui sottraendola a chi la detiene, al fine di trarne profitto per s\u00e9 o per altri, \u00e8 punito con la reclusione da sei mesi a tre anni e con la multa da 154 euro a 516 euro\u201d.\",\"breadcrumb\":{\"@id\":\"https:\\\/\\\/carlozaccagnini.it\\\/it\\\/papers\\\/il-furto-di-energia-elettrica-art-624-cp\\\/#breadcrumb\"},\"inLanguage\":\"it-IT\",\"potentialAction\":[{\"@type\":\"ReadAction\",\"target\":[\"https:\\\/\\\/carlozaccagnini.it\\\/it\\\/papers\\\/il-furto-di-energia-elettrica-art-624-cp\\\/\"]}]},{\"@type\":\"BreadcrumbList\",\"@id\":\"https:\\\/\\\/carlozaccagnini.it\\\/it\\\/papers\\\/il-furto-di-energia-elettrica-art-624-cp\\\/#breadcrumb\",\"itemListElement\":[{\"@type\":\"ListItem\",\"position\":1,\"name\":\"Home\",\"item\":\"https:\\\/\\\/carlozaccagnini.it\\\/it\\\/\"},{\"@type\":\"ListItem\",\"position\":2,\"name\":\"White Papers\",\"item\":\"https:\\\/\\\/carlozaccagnini.it\\\/it\\\/papers\\\/\"},{\"@type\":\"ListItem\",\"position\":3,\"name\":\"Il furto di energia elettrica (art. 624 c.p.)\"}]},{\"@type\":\"WebSite\",\"@id\":\"https:\\\/\\\/carlozaccagnini.it\\\/it\\\/#website\",\"url\":\"https:\\\/\\\/carlozaccagnini.it\\\/it\\\/\",\"name\":\"Studio Legale Avv. Carlo Zaccagnini\",\"description\":\"White Collar Crime Defence\",\"publisher\":{\"@id\":\"https:\\\/\\\/carlozaccagnini.it\\\/it\\\/#organization\"},\"potentialAction\":[{\"@type\":\"SearchAction\",\"target\":{\"@type\":\"EntryPoint\",\"urlTemplate\":\"https:\\\/\\\/carlozaccagnini.it\\\/it\\\/?s={search_term_string}\"},\"query-input\":{\"@type\":\"PropertyValueSpecification\",\"valueRequired\":true,\"valueName\":\"search_term_string\"}}],\"inLanguage\":\"it-IT\"},{\"@type\":\"Organization\",\"@id\":\"https:\\\/\\\/carlozaccagnini.it\\\/it\\\/#organization\",\"name\":\"Studio Legale Carlo Zaccagnini\",\"url\":\"https:\\\/\\\/carlozaccagnini.it\\\/it\\\/\",\"logo\":{\"@type\":\"ImageObject\",\"inLanguage\":\"it-IT\",\"@id\":\"https:\\\/\\\/carlozaccagnini.it\\\/it\\\/#\\\/schema\\\/logo\\\/image\\\/\",\"url\":\"https:\\\/\\\/carlozaccagnini.it\\\/wp-content\\\/uploads\\\/2018\\\/09\\\/cropped-icona.jpg\",\"contentUrl\":\"https:\\\/\\\/carlozaccagnini.it\\\/wp-content\\\/uploads\\\/2018\\\/09\\\/cropped-icona.jpg\",\"width\":512,\"height\":512,\"caption\":\"Studio Legale Carlo Zaccagnini\"},\"image\":{\"@id\":\"https:\\\/\\\/carlozaccagnini.it\\\/it\\\/#\\\/schema\\\/logo\\\/image\\\/\"}}]}<\/script>\n<!-- \/ Yoast SEO plugin. -->","yoast_head_json":{"title":"Il furto di energia elettrica (art. 624 c.p.) | Studio Legale Avv. Carlo Zaccagnini","description":"Il delitto di furto \u00e8 previsto dall'art. 624 c.p., che punisce \u201cChiunque s'impossessa della cosa mobile altrui sottraendola a chi la detiene, al fine di trarne profitto per s\u00e9 o per altri, \u00e8 punito con la reclusione da sei mesi a tre anni e con la multa da 154 euro a 516 euro\u201d.","robots":{"index":"index","follow":"follow","max-snippet":"max-snippet:-1","max-image-preview":"max-image-preview:large","max-video-preview":"max-video-preview:-1"},"canonical":"https:\/\/carlozaccagnini.it\/it\/papers\/il-furto-di-energia-elettrica-art-624-cp\/","og_locale":"it_IT","og_type":"article","og_title":"Il furto di energia elettrica (art. 624 c.p.) | Studio Legale Avv. Carlo Zaccagnini","og_description":"Il delitto di furto \u00e8 previsto dall'art. 624 c.p., che punisce \u201cChiunque s'impossessa della cosa mobile altrui sottraendola a chi la detiene, al fine di trarne profitto per s\u00e9 o per altri, \u00e8 punito con la reclusione da sei mesi a tre anni e con la multa da 154 euro a 516 euro\u201d.","og_url":"https:\/\/carlozaccagnini.it\/it\/papers\/il-furto-di-energia-elettrica-art-624-cp\/","og_site_name":"Studio Legale Avv. Carlo Zaccagnini","article_modified_time":"2023-07-14T10:55:20+00:00","twitter_card":"summary_large_image","twitter_misc":{"Tempo di lettura stimato":"6 minuti"},"schema":{"@context":"https:\/\/schema.org","@graph":[{"@type":"WebPage","@id":"https:\/\/carlozaccagnini.it\/it\/papers\/il-furto-di-energia-elettrica-art-624-cp\/","url":"https:\/\/carlozaccagnini.it\/it\/papers\/il-furto-di-energia-elettrica-art-624-cp\/","name":"Il furto di energia elettrica (art. 624 c.p.) | Studio Legale Avv. Carlo Zaccagnini","isPartOf":{"@id":"https:\/\/carlozaccagnini.it\/it\/#website"},"datePublished":"2023-07-14T10:54:23+00:00","dateModified":"2023-07-14T10:55:20+00:00","description":"Il delitto di furto \u00e8 previsto dall'art. 624 c.p., che punisce \u201cChiunque s'impossessa della cosa mobile altrui sottraendola a chi la detiene, al fine di trarne profitto per s\u00e9 o per altri, \u00e8 punito con la reclusione da sei mesi a tre anni e con la multa da 154 euro a 516 euro\u201d.","breadcrumb":{"@id":"https:\/\/carlozaccagnini.it\/it\/papers\/il-furto-di-energia-elettrica-art-624-cp\/#breadcrumb"},"inLanguage":"it-IT","potentialAction":[{"@type":"ReadAction","target":["https:\/\/carlozaccagnini.it\/it\/papers\/il-furto-di-energia-elettrica-art-624-cp\/"]}]},{"@type":"BreadcrumbList","@id":"https:\/\/carlozaccagnini.it\/it\/papers\/il-furto-di-energia-elettrica-art-624-cp\/#breadcrumb","itemListElement":[{"@type":"ListItem","position":1,"name":"Home","item":"https:\/\/carlozaccagnini.it\/it\/"},{"@type":"ListItem","position":2,"name":"White Papers","item":"https:\/\/carlozaccagnini.it\/it\/papers\/"},{"@type":"ListItem","position":3,"name":"Il furto di energia elettrica (art. 624 c.p.)"}]},{"@type":"WebSite","@id":"https:\/\/carlozaccagnini.it\/it\/#website","url":"https:\/\/carlozaccagnini.it\/it\/","name":"Studio Legale Avv. Carlo Zaccagnini","description":"White Collar Crime Defence","publisher":{"@id":"https:\/\/carlozaccagnini.it\/it\/#organization"},"potentialAction":[{"@type":"SearchAction","target":{"@type":"EntryPoint","urlTemplate":"https:\/\/carlozaccagnini.it\/it\/?s={search_term_string}"},"query-input":{"@type":"PropertyValueSpecification","valueRequired":true,"valueName":"search_term_string"}}],"inLanguage":"it-IT"},{"@type":"Organization","@id":"https:\/\/carlozaccagnini.it\/it\/#organization","name":"Studio Legale Carlo Zaccagnini","url":"https:\/\/carlozaccagnini.it\/it\/","logo":{"@type":"ImageObject","inLanguage":"it-IT","@id":"https:\/\/carlozaccagnini.it\/it\/#\/schema\/logo\/image\/","url":"https:\/\/carlozaccagnini.it\/wp-content\/uploads\/2018\/09\/cropped-icona.jpg","contentUrl":"https:\/\/carlozaccagnini.it\/wp-content\/uploads\/2018\/09\/cropped-icona.jpg","width":512,"height":512,"caption":"Studio Legale Carlo Zaccagnini"},"image":{"@id":"https:\/\/carlozaccagnini.it\/it\/#\/schema\/logo\/image\/"}}]}},"_links":{"self":[{"href":"https:\/\/carlozaccagnini.it\/it\/wp-json\/wp\/v2\/pages\/5742","targetHints":{"allow":["GET"]}}],"collection":[{"href":"https:\/\/carlozaccagnini.it\/it\/wp-json\/wp\/v2\/pages"}],"about":[{"href":"https:\/\/carlozaccagnini.it\/it\/wp-json\/wp\/v2\/types\/page"}],"author":[{"embeddable":true,"href":"https:\/\/carlozaccagnini.it\/it\/wp-json\/wp\/v2\/users\/2"}],"replies":[{"embeddable":true,"href":"https:\/\/carlozaccagnini.it\/it\/wp-json\/wp\/v2\/comments?post=5742"}],"version-history":[{"count":0,"href":"https:\/\/carlozaccagnini.it\/it\/wp-json\/wp\/v2\/pages\/5742\/revisions"}],"up":[{"embeddable":true,"href":"https:\/\/carlozaccagnini.it\/it\/wp-json\/wp\/v2\/pages\/4116"}],"wp:attachment":[{"href":"https:\/\/carlozaccagnini.it\/it\/wp-json\/wp\/v2\/media?parent=5742"}],"curies":[{"name":"wp","href":"https:\/\/api.w.org\/{rel}","templated":true}]}}