{"id":4582,"date":"2023-06-05T19:41:23","date_gmt":"2023-06-05T17:41:23","guid":{"rendered":"https:\/\/excellerator.it\/?page_id=4582"},"modified":"2023-07-31T15:03:46","modified_gmt":"2023-07-31T13:03:46","slug":"cybercrime-appropriazione-indebita-di-dati-e-file-informatici","status":"publish","type":"page","link":"https:\/\/carlozaccagnini.it\/it\/papers\/integra-il-delitto-di-sostituzione-di-persona-la-creazione-di-account-online-inesistente\/","title":{"rendered":"Integra il delitto di sostituzione di persona la creazione di account online inesistente?"},"content":{"rendered":"<div class=\"wpb-content-wrapper\"><p>[vc_row][vc_column][vc_btn title=&#8221;TORNA A PAPERS&#8221; align=&#8221;right&#8221; link=&#8221;url:https%3A%2F%2Fcarlozaccagnini.it%2Fit%2Fpapers%2F&#8221;][vc_empty_space height=&#8221;10px&#8221;][vc_column_text]<\/p>\n<h3 class=\"fl-heading\"><strong>Integra il delitto di sostituzione di persona <em>ex<\/em> art. 494 c.p. la creazione di <em>account<\/em> <em>online mediante l\u2019utilizzo di nominativo e dati di soggetto inesistente?<\/em> <\/strong><\/h3>\n<p>[\/vc_column_text][vc_empty_space height=&#8221;50px&#8221;][\/vc_column][\/vc_row][vc_row][vc_column][vc_column_text]<\/p>\n<div class=\"fl-module fl-module-rich-text fl-node-5ece36b40716d\" data-node=\"5ece36b40716d\">\n<div class=\"fl-module-content fl-node-content\">\n<div class=\"fl-rich-text\">\n<div class=\"fl-module fl-module-rich-text fl-node-5ea1706abbcbc\" data-node=\"5ea1706abbcbc\">\n<div class=\"fl-module-content fl-node-content\">\n<div class=\"fl-rich-text\">\n<h5>Il delitto <em>ex<\/em> art 494 c.p., inserito nel Libro II, Capo IV, del Codice Penale, intitolato \u201c<em>Della Falsit\u00e0 Personale<\/em>\u201d, \u00e8 posto a presidio sia della fede pubblica, sia degli interessi del privato le cui generalit\u00e0 sono state abusivamente spese.<\/h5>\n<h5>La fattispecie sanziona con la reclusione fino ad un anno, salvo che il fatto non costituisca altro delitto contro la fede pubblica, <em>\u201cchiunque, al fine di procurare a s\u00e9 o ad altri un vantaggio o di recare ad altri un danno, induce taluno in errore, sostituendo illegittimamente la propria all&#8217;altrui persona, o attribuendo a s\u00e9 o ad altri un <u>falso nome<\/u>, o <u>un falso stato<\/u>, ovvero <u>una qualit\u00e0 a cui la legge attribuisce effetti giuridici<\/u>\u201d. <\/em><\/h5>\n<h5>Trattasi di reato a forma vincolata posto che la condotta tipica \u00e8 costituita dalla induzione in errore, atta a determinare in taluno la falsa rappresentazione della realt\u00e0, mediante condotte tipiche tassativamente prevedute dalla fattispeci:<\/h5>\n<h5>&#8211; illegittima sostituzione della propria all\u2019altrui persona;<\/h5>\n<h5>&#8211; attribuzione a s\u00e9 o ad altri di un falso nome, di un falso stato o di una qualit\u00e0 a cui la legge attribuisce effetti giuridici.<\/h5>\n<h5>Il coefficiente psichico \u00e8 dato dal dolo specifico che consiste nella coscienza e volont\u00e0 di indurre taluno in errore mediante una delle sopradescritte condotte al fine di procurare a s\u00e9 o ad altri un vantaggio patrimoniale o non patrimoniale o di recare ad altri un danno.<\/h5>\n<h5>\u00c8 ancora discusso se il sostituire la propria identit\u00e0 a quella di una persona in realt\u00e0 inesistente configuri o meno il delitto in parola : l\u2019inesistenza oggettiva della persona alla quale ci si sostituisce potrebbe far venir meno l\u2019offensivit\u00e0 stessa del fatto (art. 49, comma secondo, c.p.). Sul punto, si contendono il campo due distinti orientamenti : per il primo, <u>il reato non sussiste<\/u>, posto che l\u2019inesistenza assoluta della persona a cui ci si sostituisce \u00e8 circostanza di per s\u00e9 inidonea a trarre in inganno l\u2019utente (Cadoppi Manna, <em>Cybercrime<\/em>, <em>Diritto e Procedura penale dell\u2019informatica<\/em>, 2019). Per il secondo, invece, <u>la fattispecie risulterebbe integrata in tutti i suoi elementi, posto che l\u2019utilizzo di nomi e cognomi plausibili, seppur appartenenti a persona assolutamente inesistente, \u00e8 atto idoneo ad indurre taluno in errore poich\u00e9 sembrerebbe appartenente una persona esistente <\/u>(Cass. Pen., Sez. II, 21-12-2011, n. 4250; Cass. Pen., Sez. V, 8 novembre 2007, dep. 14.12.2007, n. 46674; Stampanoni Bassi, <em>Sostituzione di persona commessa nella rete internet<\/em>, in Cass. Pen., n. 1, 2014, 147; Pagliaro, voce <em>Falsit\u00e0 personale<\/em>, in <em>Enc. Dir.<\/em>, Milano, 1967, 646; Manzini, <em>Trattato di diritto penale italiano<\/em>, vol. VI, Torino, 1983, 976; Fiandaca Musco, <em>Diritto penale<\/em>, Parte Speciale, Vol. I, Zanichelli, 2012, 621; Flick, <em>Falsa identit\u00e0 su internet<\/em>, in <em>Dir. informaz. e informatica<\/em>, 2008, 527); \u201c<em>in questo caso non esiste alcuna identit\u00e0 reale violata, <strong>anche se n\u00e9 la vittima n\u00e9 l\u2019autore in genere possono saperlo, data la mancanza di un\u2019anagrafe mondiale che consenta agevolmente di effettuare le verifiche<\/strong>. Tuttavia, <strong>posto che per la sussistenza del reato, nella sua seconda forma esecutiva alternativa, basta anche attribuirsi un falso nome o un falso stato o false qualit\u00e0, appare<\/strong> <\/em>[\u2026]<em> <strong>logico considerare configurabile il reato anche ove l\u2019identit\u00e0 simulata non esista, ma non sia totalmente fantastica<\/strong><\/em>\u201d (Cadoppi Manna, cit. 282).<\/h5>\n<h5>Pertanto, alla luce delle suesposte esegesi, la creazione di <em>account<\/em> <em>online<\/em> realizzata con dati di soggetto inesistente determina rischio di avvio del procedimento penale dell\u2019utilizzatore.<\/h5>\n<h4><\/h4>\n<\/div>\n<\/div>\n<\/div>\n<\/div>\n<\/div>\n<\/div>\n<p><span style=\"color: #333333;\">Roma, 05 Luglio 2023 \u00a0\u00a0\u00a0\u00a0\u00a0\u00a0\u00a0\u00a0\u00a0\u00a0\u00a0\u00a0\u00a0\u00a0\u00a0\u00a0\u00a0\u00a0\u00a0\u00a0\u00a0\u00a0\u00a0\u00a0\u00a0\u00a0\u00a0\u00a0\u00a0\u00a0\u00a0\u00a0\u00a0\u00a0\u00a0\u00a0\u00a0\u00a0\u00a0\u00a0\u00a0\u00a0\u00a0\u00a0\u00a0\u00a0\u00a0\u00a0\u00a0\u00a0\u00a0\u00a0\u00a0 \u00a0 \u00a0 \u00a0 \u00a0 \u00a0 \u00a0 \u00a0 \u00a0 \u00a0 \u00a0 \u00a0 \u00a0 \u00a0 \u00a0 \u00a0 \u00a0 \u00a0 \u00a0\u00a0 Avvocato Carlo Zaccagnini<\/span>[\/vc_column_text][vc_empty_space height=&#8221;50px&#8221;][\/vc_column][\/vc_row][vc_row css=&#8221;.vc_custom_1688391011489{background-color: #1f497d !important;}&#8221;][vc_column]<div class=\"mkdf-call-to-action-holder  mkdf-normal-layout  mkdf-three-quarters-columns\">\n\n\t<div class=\"mkdf-cta-inner \">\n\t\t<div class=\"mkdf-cta-icon-holder\">\n\t\t\t<span aria-hidden=\"true\" class=\"mkdf-icon-font-elegant  \" style=\"color: #ffffff;font-size: 30px\"><\/span>\t\t<\/div>\n\t\t<div class=\"mkdf-cta-text-holder\">\n\t\t\t<div class=\"mkdf-cta-text\">\n<h2 style=\"text-align: left;\"><span style=\"color: #165253;\"><span style=\"color: #ffffff;\">Dubbi o necessit\u00e0?<\/span><br \/>\n<\/span><\/h2>\n<\/div>\n\t\t<\/div>\n\t\t<div class=\"mkdf-cta-button-holder\" >\n\t\t\t<div class=\"mkdf-cta-button\"><a itemprop=\"url\" href=\"https:\/\/carlozaccagnini.it\/it\/contatti\/\" target=\"_self\" style=\"color: #ffffff;background-color: #1a2843;border-color: #1a2843\" class=\"mkdf-btn mkdf-btn-medium mkdf-btn-solid mkdf-btn-custom-hover-bg mkdf-btn-custom-border-hover mkdf-btn-custom-hover-color\" data-hover-color=\"#1a2843\" data-hover-bg-color=\"#f2f2ef\" data-hover-border-color=\"#1a2843\" >    <span class=\"mkdf-btn-text\">CONTATTACI<\/span>    <\/a><\/div>\n\t\t<\/div>\n\t<\/div>\n<\/div>[vc_empty_space][\/vc_column][\/vc_row][vc_row][vc_column][vc_empty_space][vc_column_text]<\/p>\n<p style=\"text-align: right;\"><a href=\"https:\/\/carlozaccagnini.it\/it\/disclaimer\/\" target=\"_blank\" rel=\"noopener\"><strong>DISCLAIMER<\/strong><\/a><\/p>\n<p>[\/vc_column_text][\/vc_column][\/vc_row]<\/p>\n<\/div>","protected":false},"excerpt":{"rendered":"<p>[vc_row][vc_column][vc_btn title=&#8221;TORNA A PAPERS&#8221; align=&#8221;right&#8221; link=&#8221;url:https%3A%2F%2Fcarlozaccagnini.it%2Fit%2Fpapers%2F&#8221;][vc_empty_space height=&#8221;10px&#8221;][vc_column_text] Integra il delitto di sostituzione di persona ex art. 494 c.p. la creazione di account online mediante l\u2019utilizzo di nominativo e dati di [&hellip;]<\/p>\n","protected":false},"author":2,"featured_media":0,"parent":4116,"menu_order":0,"comment_status":"closed","ping_status":"closed","template":"","meta":{"footnotes":""},"class_list":["post-4582","page","type-page","status-publish","hentry"],"yoast_head":"<!-- This site is optimized with the Yoast SEO plugin v27.3 - https:\/\/yoast.com\/product\/yoast-seo-wordpress\/ -->\n<title>Integra il delitto di sostituzione di persona la creazione di account online inesistente? | Studio Legale Avv. Carlo Zaccagnini<\/title>\n<meta name=\"robots\" content=\"index, follow, max-snippet:-1, max-image-preview:large, max-video-preview:-1\" \/>\n<link rel=\"canonical\" href=\"https:\/\/carlozaccagnini.it\/it\/papers\/integra-il-delitto-di-sostituzione-di-persona-la-creazione-di-account-online-inesistente\/\" \/>\n<meta property=\"og:locale\" content=\"it_IT\" \/>\n<meta property=\"og:type\" content=\"article\" \/>\n<meta property=\"og:title\" content=\"Integra il delitto di sostituzione di persona la creazione di account online inesistente? | Studio Legale Avv. Carlo Zaccagnini\" \/>\n<meta property=\"og:description\" content=\"[vc_row][vc_column][vc_btn title=&#8221;TORNA A PAPERS&#8221; align=&#8221;right&#8221; link=&#8221;url:https%3A%2F%2Fcarlozaccagnini.it%2Fit%2Fpapers%2F&#8221;][vc_empty_space height=&#8221;10px&#8221;][vc_column_text] Integra il delitto di sostituzione di persona ex art. 494 c.p. la creazione di account online mediante l\u2019utilizzo di nominativo e dati di [&hellip;]\" \/>\n<meta property=\"og:url\" content=\"https:\/\/carlozaccagnini.it\/it\/papers\/integra-il-delitto-di-sostituzione-di-persona-la-creazione-di-account-online-inesistente\/\" \/>\n<meta property=\"og:site_name\" content=\"Studio Legale Avv. Carlo Zaccagnini\" \/>\n<meta property=\"article:modified_time\" content=\"2023-07-31T13:03:46+00:00\" \/>\n<meta name=\"twitter:card\" content=\"summary_large_image\" \/>\n<meta name=\"twitter:label1\" content=\"Tempo di lettura stimato\" \/>\n\t<meta name=\"twitter:data1\" content=\"4 minuti\" \/>\n<script type=\"application\/ld+json\" class=\"yoast-schema-graph\">{\"@context\":\"https:\\\/\\\/schema.org\",\"@graph\":[{\"@type\":\"WebPage\",\"@id\":\"https:\\\/\\\/carlozaccagnini.it\\\/it\\\/papers\\\/integra-il-delitto-di-sostituzione-di-persona-la-creazione-di-account-online-inesistente\\\/\",\"url\":\"https:\\\/\\\/carlozaccagnini.it\\\/it\\\/papers\\\/integra-il-delitto-di-sostituzione-di-persona-la-creazione-di-account-online-inesistente\\\/\",\"name\":\"Integra il delitto di sostituzione di persona la creazione di account online inesistente? | Studio Legale Avv. Carlo Zaccagnini\",\"isPartOf\":{\"@id\":\"https:\\\/\\\/carlozaccagnini.it\\\/it\\\/#website\"},\"datePublished\":\"2023-06-05T17:41:23+00:00\",\"dateModified\":\"2023-07-31T13:03:46+00:00\",\"breadcrumb\":{\"@id\":\"https:\\\/\\\/carlozaccagnini.it\\\/it\\\/papers\\\/integra-il-delitto-di-sostituzione-di-persona-la-creazione-di-account-online-inesistente\\\/#breadcrumb\"},\"inLanguage\":\"it-IT\",\"potentialAction\":[{\"@type\":\"ReadAction\",\"target\":[\"https:\\\/\\\/carlozaccagnini.it\\\/it\\\/papers\\\/integra-il-delitto-di-sostituzione-di-persona-la-creazione-di-account-online-inesistente\\\/\"]}]},{\"@type\":\"BreadcrumbList\",\"@id\":\"https:\\\/\\\/carlozaccagnini.it\\\/it\\\/papers\\\/integra-il-delitto-di-sostituzione-di-persona-la-creazione-di-account-online-inesistente\\\/#breadcrumb\",\"itemListElement\":[{\"@type\":\"ListItem\",\"position\":1,\"name\":\"Home\",\"item\":\"https:\\\/\\\/carlozaccagnini.it\\\/it\\\/\"},{\"@type\":\"ListItem\",\"position\":2,\"name\":\"White Papers\",\"item\":\"https:\\\/\\\/carlozaccagnini.it\\\/it\\\/papers\\\/\"},{\"@type\":\"ListItem\",\"position\":3,\"name\":\"Integra il delitto di sostituzione di persona la creazione di account online inesistente?\"}]},{\"@type\":\"WebSite\",\"@id\":\"https:\\\/\\\/carlozaccagnini.it\\\/it\\\/#website\",\"url\":\"https:\\\/\\\/carlozaccagnini.it\\\/it\\\/\",\"name\":\"Studio Legale Avv. Carlo Zaccagnini\",\"description\":\"White Collar Crime Defence\",\"publisher\":{\"@id\":\"https:\\\/\\\/carlozaccagnini.it\\\/it\\\/#organization\"},\"potentialAction\":[{\"@type\":\"SearchAction\",\"target\":{\"@type\":\"EntryPoint\",\"urlTemplate\":\"https:\\\/\\\/carlozaccagnini.it\\\/it\\\/?s={search_term_string}\"},\"query-input\":{\"@type\":\"PropertyValueSpecification\",\"valueRequired\":true,\"valueName\":\"search_term_string\"}}],\"inLanguage\":\"it-IT\"},{\"@type\":\"Organization\",\"@id\":\"https:\\\/\\\/carlozaccagnini.it\\\/it\\\/#organization\",\"name\":\"Studio Legale Carlo Zaccagnini\",\"url\":\"https:\\\/\\\/carlozaccagnini.it\\\/it\\\/\",\"logo\":{\"@type\":\"ImageObject\",\"inLanguage\":\"it-IT\",\"@id\":\"https:\\\/\\\/carlozaccagnini.it\\\/it\\\/#\\\/schema\\\/logo\\\/image\\\/\",\"url\":\"https:\\\/\\\/carlozaccagnini.it\\\/wp-content\\\/uploads\\\/2018\\\/09\\\/cropped-icona.jpg\",\"contentUrl\":\"https:\\\/\\\/carlozaccagnini.it\\\/wp-content\\\/uploads\\\/2018\\\/09\\\/cropped-icona.jpg\",\"width\":512,\"height\":512,\"caption\":\"Studio Legale Carlo Zaccagnini\"},\"image\":{\"@id\":\"https:\\\/\\\/carlozaccagnini.it\\\/it\\\/#\\\/schema\\\/logo\\\/image\\\/\"}}]}<\/script>\n<!-- \/ Yoast SEO plugin. -->","yoast_head_json":{"title":"Integra il delitto di sostituzione di persona la creazione di account online inesistente? | Studio Legale Avv. Carlo Zaccagnini","robots":{"index":"index","follow":"follow","max-snippet":"max-snippet:-1","max-image-preview":"max-image-preview:large","max-video-preview":"max-video-preview:-1"},"canonical":"https:\/\/carlozaccagnini.it\/it\/papers\/integra-il-delitto-di-sostituzione-di-persona-la-creazione-di-account-online-inesistente\/","og_locale":"it_IT","og_type":"article","og_title":"Integra il delitto di sostituzione di persona la creazione di account online inesistente? | Studio Legale Avv. Carlo Zaccagnini","og_description":"[vc_row][vc_column][vc_btn title=&#8221;TORNA A PAPERS&#8221; align=&#8221;right&#8221; link=&#8221;url:https%3A%2F%2Fcarlozaccagnini.it%2Fit%2Fpapers%2F&#8221;][vc_empty_space height=&#8221;10px&#8221;][vc_column_text] Integra il delitto di sostituzione di persona ex art. 494 c.p. la creazione di account online mediante l\u2019utilizzo di nominativo e dati di [&hellip;]","og_url":"https:\/\/carlozaccagnini.it\/it\/papers\/integra-il-delitto-di-sostituzione-di-persona-la-creazione-di-account-online-inesistente\/","og_site_name":"Studio Legale Avv. Carlo Zaccagnini","article_modified_time":"2023-07-31T13:03:46+00:00","twitter_card":"summary_large_image","twitter_misc":{"Tempo di lettura stimato":"4 minuti"},"schema":{"@context":"https:\/\/schema.org","@graph":[{"@type":"WebPage","@id":"https:\/\/carlozaccagnini.it\/it\/papers\/integra-il-delitto-di-sostituzione-di-persona-la-creazione-di-account-online-inesistente\/","url":"https:\/\/carlozaccagnini.it\/it\/papers\/integra-il-delitto-di-sostituzione-di-persona-la-creazione-di-account-online-inesistente\/","name":"Integra il delitto di sostituzione di persona la creazione di account online inesistente? | Studio Legale Avv. Carlo Zaccagnini","isPartOf":{"@id":"https:\/\/carlozaccagnini.it\/it\/#website"},"datePublished":"2023-06-05T17:41:23+00:00","dateModified":"2023-07-31T13:03:46+00:00","breadcrumb":{"@id":"https:\/\/carlozaccagnini.it\/it\/papers\/integra-il-delitto-di-sostituzione-di-persona-la-creazione-di-account-online-inesistente\/#breadcrumb"},"inLanguage":"it-IT","potentialAction":[{"@type":"ReadAction","target":["https:\/\/carlozaccagnini.it\/it\/papers\/integra-il-delitto-di-sostituzione-di-persona-la-creazione-di-account-online-inesistente\/"]}]},{"@type":"BreadcrumbList","@id":"https:\/\/carlozaccagnini.it\/it\/papers\/integra-il-delitto-di-sostituzione-di-persona-la-creazione-di-account-online-inesistente\/#breadcrumb","itemListElement":[{"@type":"ListItem","position":1,"name":"Home","item":"https:\/\/carlozaccagnini.it\/it\/"},{"@type":"ListItem","position":2,"name":"White Papers","item":"https:\/\/carlozaccagnini.it\/it\/papers\/"},{"@type":"ListItem","position":3,"name":"Integra il delitto di sostituzione di persona la creazione di account online inesistente?"}]},{"@type":"WebSite","@id":"https:\/\/carlozaccagnini.it\/it\/#website","url":"https:\/\/carlozaccagnini.it\/it\/","name":"Studio Legale Avv. Carlo Zaccagnini","description":"White Collar Crime Defence","publisher":{"@id":"https:\/\/carlozaccagnini.it\/it\/#organization"},"potentialAction":[{"@type":"SearchAction","target":{"@type":"EntryPoint","urlTemplate":"https:\/\/carlozaccagnini.it\/it\/?s={search_term_string}"},"query-input":{"@type":"PropertyValueSpecification","valueRequired":true,"valueName":"search_term_string"}}],"inLanguage":"it-IT"},{"@type":"Organization","@id":"https:\/\/carlozaccagnini.it\/it\/#organization","name":"Studio Legale Carlo Zaccagnini","url":"https:\/\/carlozaccagnini.it\/it\/","logo":{"@type":"ImageObject","inLanguage":"it-IT","@id":"https:\/\/carlozaccagnini.it\/it\/#\/schema\/logo\/image\/","url":"https:\/\/carlozaccagnini.it\/wp-content\/uploads\/2018\/09\/cropped-icona.jpg","contentUrl":"https:\/\/carlozaccagnini.it\/wp-content\/uploads\/2018\/09\/cropped-icona.jpg","width":512,"height":512,"caption":"Studio Legale Carlo Zaccagnini"},"image":{"@id":"https:\/\/carlozaccagnini.it\/it\/#\/schema\/logo\/image\/"}}]}},"_links":{"self":[{"href":"https:\/\/carlozaccagnini.it\/it\/wp-json\/wp\/v2\/pages\/4582","targetHints":{"allow":["GET"]}}],"collection":[{"href":"https:\/\/carlozaccagnini.it\/it\/wp-json\/wp\/v2\/pages"}],"about":[{"href":"https:\/\/carlozaccagnini.it\/it\/wp-json\/wp\/v2\/types\/page"}],"author":[{"embeddable":true,"href":"https:\/\/carlozaccagnini.it\/it\/wp-json\/wp\/v2\/users\/2"}],"replies":[{"embeddable":true,"href":"https:\/\/carlozaccagnini.it\/it\/wp-json\/wp\/v2\/comments?post=4582"}],"version-history":[{"count":0,"href":"https:\/\/carlozaccagnini.it\/it\/wp-json\/wp\/v2\/pages\/4582\/revisions"}],"up":[{"embeddable":true,"href":"https:\/\/carlozaccagnini.it\/it\/wp-json\/wp\/v2\/pages\/4116"}],"wp:attachment":[{"href":"https:\/\/carlozaccagnini.it\/it\/wp-json\/wp\/v2\/media?parent=4582"}],"curies":[{"name":"wp","href":"https:\/\/api.w.org\/{rel}","templated":true}]}}