{"id":4440,"date":"2023-06-22T12:24:25","date_gmt":"2023-06-22T10:24:25","guid":{"rendered":"https:\/\/excellerator.it\/?page_id=4440"},"modified":"2023-07-14T12:59:16","modified_gmt":"2023-07-14T10:59:16","slug":"il-covid-19-e-linfluenza-sul-settore-penale-sospensione-dei-termini-processuali-e-rinvio-delle-udienze","status":"publish","type":"page","link":"https:\/\/carlozaccagnini.it\/it\/papers\/il-covid-19-e-linfluenza-sul-settore-penale-sospensione-dei-termini-processuali-e-rinvio-delle-udienze\/","title":{"rendered":"Il COVID-19 e l\u2019influenza sul settore penale"},"content":{"rendered":"<div class=\"wpb-content-wrapper\"><p>[vc_row][vc_column][vc_btn title=&#8221;TORNA A PAPERS&#8221; align=&#8221;right&#8221; link=&#8221;url:https%3A%2F%2Fcarlozaccagnini.it%2Fit%2Fpapers%2F&#8221;][vc_empty_space height=&#8221;10px&#8221;][vc_column_text]<\/p>\n<h3 class=\"fl-heading\"><span class=\"fl-heading-text\" style=\"color: #1f497d;\">Il COVID-19 e l\u2019influenza sul settore penale: sospensione dei termini processuali e rinvio delle udienze.<\/span><\/h3>\n<p>[\/vc_column_text][vc_empty_space height=&#8221;50px&#8221;][\/vc_column][\/vc_row][vc_row][vc_column][vc_column_text]<\/p>\n<div class=\"fl-module fl-module-heading fl-node-5ece331f54f96\" data-node=\"5ece331f54f96\"><\/div>\n<div class=\"fl-module fl-module-rich-text fl-node-5ece36b40716d\" data-node=\"5ece36b40716d\">\n<div class=\"fl-module-content fl-node-content\">\n<div class=\"fl-rich-text\">\n<div class=\"fl-module fl-module-rich-text fl-node-5ea1706abbcbc\" data-node=\"5ea1706abbcbc\">\n<div class=\"fl-module-content fl-node-content\">\n<div class=\"fl-rich-text\">\n<div class=\"fl-module fl-module-rich-text fl-node-5e975258db2d0\" data-node=\"5e975258db2d0\">\n<div class=\"fl-module-content fl-node-content\">\n<div class=\"fl-rich-text\">\n<p><span style=\"color: #333333;\"><strong>a.<\/strong> Il <a style=\"color: #333333;\" href=\"https:\/\/www.altalex.com\/documents\/news\/2020\/03\/09\/decreto-tribunali-sospensione-feriale-per-15-giorni-ulteriori-misure\"><strong><em>D.L. 8 marzo 2020 n. 11<\/em><\/strong><\/a> ha introdotto misure straordinarie ed urgenti per contrastare l&#8217;emergenza epidemiologica da COVID-19 e contenere gli effetti negativi sullo svolgimento dell&#8217;attivit\u00e0 giudiziaria.<\/span><\/p>\n<p><span style=\"color: #333333;\">L\u2019art. 1 del richiamato Decreto Legge ha disposto il rinvio d\u2019ufficio delle udienze, riguardanti i procedimenti penali e civili, fissate tra <strong>il 9 e il 22 marzo 2020. <\/strong>Il secondo comma del medesimo articolo ha sancito altres\u00ec la sospensione dei termini per il compimento di qualsiasi atto dei procedimenti indicati al comma 1, procedimenti civili e penali pendenti presso tutti gli uffici giudiziari.<\/span><\/p>\n<p><span style=\"color: #333333;\">Tuttavia, sono state introdotte talune <strong>deroghe<\/strong> al regime del sospensivo; in particolare, l\u2019art. 2, lett. g, del D.L. 11\/2020 prevede la celebrazione nel settore penale delle:<\/span><\/p>\n<ol>\n<li><span style=\"color: #333333;\">udienze di convalida dell\u2019arresto o del fermo;<\/span><\/li>\n<li><span style=\"color: #333333;\">udienze dei procedimenti nei quali \u00e8 in scadenza il termine di fase della custodia cautelare di cui all\u2019 304 c.p.p.;<\/span><\/li>\n<li><span style=\"color: #333333;\">udienze dei procedimenti in cui sono state applicate misure cautelari (senza alcuna distinzione tra personali e reali) o misure di sicurezza;<\/span><\/li>\n<li><span style=\"color: #333333;\">udienze dei procedimenti in cui \u00e8 stata richiesta o disposta una misura di prevenzione<em> ex<\/em> lgs.vo 159 del 2011;<\/span><\/li>\n<li><span style=\"color: #333333;\">udienze dei procedimenti nei quali appare necessario assumere <strong>prove<\/strong> ritenute <strong>indifferibili<\/strong>;<\/span><\/li>\n<li><span style=\"color: #333333;\">udienze dei procedimenti a carico di <strong>imputati minorenni<\/strong>.<\/span><\/li>\n<\/ol>\n<p><span style=\"color: #333333;\"><strong>b.<\/strong> Successivamente \u00e8 intervenuto a modificare la materia il<strong>Decreto Legge del 17 marzo 2020, n. 18<\/strong>, pubblicato nella G.U. n. 70 del 18 marzo 2020, che ha previsto all\u2019art. 83, nuove misure urgenti per contrastare l\u2019emergenza epidemiologica da Covid-19 e contenerne gli effetti in materia di giustizia civile, penale, tributaria e militare.<\/span><\/p>\n<p><span style=\"color: #333333;\">L\u2019art. 83 del D.L. stabilisce la proroga del <strong>rinvio di ufficio delle udienze <\/strong>dei procedimenti civili e penali pendenti presso tutti gli uffici giudiziari <strong>a data successiva al 15 aprile 2020<\/strong>. Del pari continua ad essere sospeso il decorso dei termini per il compimento di qualsiasi atto dei procedimenti civili e penali.<\/span><\/p>\n<p><span style=\"color: #333333;\">L&#8217; articolo in parola individua i termini che devono intendersi sospesi : \u201c<em>i termini stabiliti per la fase delle indagini preliminari, per l\u2019adozione di provvedimenti giudiziari e per il deposito della loro motivazione, per la proposizione degli atti introduttivi del giudizio e dei procedimenti esecutivi, per le impugnazioni e, in genere, tutti i termini procedurali. Ove il decorso del termine abbia inizio durante il periodo di sospensione, l\u2019inizio stesso \u00e8 differito alla fine di detto periodo. Quando il termine \u00e8 computato a ritroso e ricade in tutto o in parte nel periodo di sospensione, \u00e8 differita l\u2019udienza o l\u2019attivit\u00e0 da cui decorre il termine in modo da consentirne il rispetto<\/em>\u201d. Il Consiglio Superiore della Magistratura ha espresso il proprio parere in ordine alla sospensione dei termini per i procedimenti penali di cui all\u2019art. 83, comma secondo, \u00a0rilevando come dinanzi ad una interpretazione amplissima della disposizione, andrebbe preferita una lettura pi\u00f9 restrittiva \u2013 nell\u2019ottica di un bilanciamento di interessi tutti costituzionalmente garantiti &#8211;\u00a0 secondo cui non possono ritenersi sospesi i termini per l\u2019adozione di atti funzionali alla tutela di diritti costituzionalmente garantiti.<\/span><\/p>\n<p><span style=\"color: #333333;\"><strong>c. Con riguardo al regime della prescrizione <\/strong>il nono comma dell\u2019art. 83 ha disposto la sospensione del decorso della prescrizione per il tempo in cui il processo \u00e8 rinviato e comunque <strong>non oltre il 30 giugno 2020<\/strong> ; in particolare \u00e8 previsto che \u201c<em>nei procedimenti penali il corso della prescrizione e i termini di cui agli artt. 303, 308, 309, comma 9, 311, commi 5 e 5 bis, e 324, comma 7, del codice di procedura penale e agli artt. 24, comma 2,e 27, comma 6, del decreto legislativo 6 settembre 2011, n.159, rimangono sospesi per il tempo il tempo in cui il procedimento \u00e8 rinviato ai sensi del comma 7, lett. g) e, in ogni caso, non oltre il 30 giugno 2020<\/em>\u201d (per ulteriori approfondimenti: <em><a style=\"color: #333333;\" href=\"https:\/\/carlozaccagnini.it\/prescrizione-cosa-cambia-con-la-riforma-bonafede\/\">qui<\/a><\/em> il regime prescrizionale vigente).<\/span><\/p>\n<p><span style=\"color: #333333;\"><strong>d.<\/strong> Infine, il <strong>Decreto-Legge\u00a08 aprile 2020, n. 23\u00a0<\/strong>\u2013 pubblicato nella Gazzetta Ufficiale\u00a0n. 94 dell\u20198 aprile 2020 ed in vigore dal\u00a09 aprile 2020\u00a0\u2013 ha ulteriormente prorogato il rinvio d\u2019ufficio delle udienze relative a procedimenti penali e civili, senza modificare ulteriormente le altre disposizioni. L\u2019art 36 del D.L. 23\/2020(rubricato \u201c<em>Termini processuali in materia di giustizia civile, penale, amministrativa, contabile, tributaria e militare<\/em>\u201d) stabilisce, al primo comma, che :\u201c<em> Il\u00a0termine del 15 aprile previsto dall\u2019art. 83, commi 1 e 2, del decreto-legge 17 marzo 2020, n. 18 <\/em><strong>\u00e8 prorogato all\u201911 maggio 2020.<\/strong><em>\u201d.<\/em><\/span><\/p>\n<\/div>\n<\/div>\n<\/div>\n<p>&nbsp;<\/p>\n<p style=\"text-align: center;\"><span style=\"color: #333333;\">\u00a0Avvocato Carlo Zaccagnini<\/span><\/p>\n<\/div>\n<\/div>\n<\/div>\n<\/div>\n<\/div>\n<\/div>\n<p>[\/vc_column_text][vc_empty_space height=&#8221;50px&#8221;][\/vc_column][\/vc_row][vc_row css=&#8221;.vc_custom_1688390796203{background-color: #1f497d !important;}&#8221;][vc_column]<div class=\"mkdf-call-to-action-holder  mkdf-normal-layout  mkdf-three-quarters-columns\">\n\n\t<div class=\"mkdf-cta-inner \">\n\t\t<div class=\"mkdf-cta-icon-holder\">\n\t\t\t<span aria-hidden=\"true\" class=\"mkdf-icon-font-elegant  \" style=\"color: #ffffff;font-size: 30px\"><\/span>\t\t<\/div>\n\t\t<div class=\"mkdf-cta-text-holder\">\n\t\t\t<div class=\"mkdf-cta-text\">\n<h2 style=\"text-align: left;\"><span style=\"color: #165253;\"><span style=\"color: #ffffff;\">Dubbi o necessit\u00e0?<\/span><br \/>\n<\/span><\/h2>\n<\/div>\n\t\t<\/div>\n\t\t<div class=\"mkdf-cta-button-holder\" >\n\t\t\t<div class=\"mkdf-cta-button\"><a itemprop=\"url\" href=\"https:\/\/carlozaccagnini.it\/it\/contatti\/\" target=\"_self\" style=\"color: #ffffff;background-color: #1a2843;border-color: #1a2843\" class=\"mkdf-btn mkdf-btn-medium mkdf-btn-solid mkdf-btn-custom-hover-bg mkdf-btn-custom-border-hover mkdf-btn-custom-hover-color\" data-hover-color=\"#1a2843\" data-hover-bg-color=\"#f2f2ef\" data-hover-border-color=\"#1a2843\" >    <span class=\"mkdf-btn-text\">CONTATTACI<\/span>    <\/a><\/div>\n\t\t<\/div>\n\t<\/div>\n<\/div>[vc_empty_space][\/vc_column][\/vc_row][vc_row][vc_column][vc_column_text]<\/p>\n<p style=\"text-align: right;\"><a href=\"https:\/\/carlozaccagnini.it\/it\/disclaimer\/\" target=\"_blank\" rel=\"noopener\"><strong>DISCLAIMER<\/strong><\/a><\/p>\n<p>[\/vc_column_text][\/vc_column][\/vc_row]<\/p>\n<\/div>","protected":false},"excerpt":{"rendered":"<p>[vc_row][vc_column][vc_btn title=&#8221;TORNA A PAPERS&#8221; align=&#8221;right&#8221; link=&#8221;url:https%3A%2F%2Fcarlozaccagnini.it%2Fit%2Fpapers%2F&#8221;][vc_empty_space height=&#8221;10px&#8221;][vc_column_text] Il COVID-19 e l\u2019influenza sul settore penale: sospensione dei termini processuali e rinvio delle udienze. [\/vc_column_text][vc_empty_space height=&#8221;50px&#8221;][\/vc_column][\/vc_row][vc_row][vc_column][vc_column_text] a. Il D.L. 8 marzo 2020 [&hellip;]<\/p>\n","protected":false},"author":2,"featured_media":0,"parent":4116,"menu_order":0,"comment_status":"closed","ping_status":"closed","template":"","meta":{"footnotes":""},"class_list":["post-4440","page","type-page","status-publish","hentry"],"yoast_head":"<!-- This site is optimized with the Yoast SEO plugin v27.3 - https:\/\/yoast.com\/product\/yoast-seo-wordpress\/ -->\n<title>Il COVID-19 e l\u2019influenza sul settore penale | Studio Legale Avv. Carlo Zaccagnini<\/title>\n<meta name=\"description\" content=\"Il D.L. 8 marzo 2020 n. 11 ha introdotto misure straordinarie ed urgenti per contrastare l&#039;emergenza epidemiologica da COVID-19 e contenere gli effetti negativi sullo svolgimento dell&#039;attivit\u00e0 giudiziaria.\" \/>\n<meta name=\"robots\" content=\"index, follow, max-snippet:-1, max-image-preview:large, max-video-preview:-1\" \/>\n<link rel=\"canonical\" href=\"https:\/\/carlozaccagnini.it\/it\/papers\/il-covid-19-e-linfluenza-sul-settore-penale-sospensione-dei-termini-processuali-e-rinvio-delle-udienze\/\" \/>\n<meta property=\"og:locale\" content=\"it_IT\" \/>\n<meta property=\"og:type\" content=\"article\" \/>\n<meta property=\"og:title\" content=\"Il COVID-19 e l\u2019influenza sul settore penale | Studio Legale Avv. Carlo Zaccagnini\" \/>\n<meta property=\"og:description\" content=\"Il D.L. 8 marzo 2020 n. 11 ha introdotto misure straordinarie ed urgenti per contrastare l&#039;emergenza epidemiologica da COVID-19 e contenere gli effetti negativi sullo svolgimento dell&#039;attivit\u00e0 giudiziaria.\" \/>\n<meta property=\"og:url\" content=\"https:\/\/carlozaccagnini.it\/it\/papers\/il-covid-19-e-linfluenza-sul-settore-penale-sospensione-dei-termini-processuali-e-rinvio-delle-udienze\/\" \/>\n<meta property=\"og:site_name\" content=\"Studio Legale Avv. Carlo Zaccagnini\" \/>\n<meta property=\"article:modified_time\" content=\"2023-07-14T10:59:16+00:00\" \/>\n<meta name=\"twitter:card\" content=\"summary_large_image\" \/>\n<meta name=\"twitter:label1\" content=\"Tempo di lettura stimato\" \/>\n\t<meta name=\"twitter:data1\" content=\"5 minuti\" \/>\n<script type=\"application\/ld+json\" class=\"yoast-schema-graph\">{\"@context\":\"https:\\\/\\\/schema.org\",\"@graph\":[{\"@type\":\"WebPage\",\"@id\":\"https:\\\/\\\/carlozaccagnini.it\\\/it\\\/papers\\\/il-covid-19-e-linfluenza-sul-settore-penale-sospensione-dei-termini-processuali-e-rinvio-delle-udienze\\\/\",\"url\":\"https:\\\/\\\/carlozaccagnini.it\\\/it\\\/papers\\\/il-covid-19-e-linfluenza-sul-settore-penale-sospensione-dei-termini-processuali-e-rinvio-delle-udienze\\\/\",\"name\":\"Il COVID-19 e l\u2019influenza sul settore penale | Studio Legale Avv. Carlo Zaccagnini\",\"isPartOf\":{\"@id\":\"https:\\\/\\\/carlozaccagnini.it\\\/it\\\/#website\"},\"datePublished\":\"2023-06-22T10:24:25+00:00\",\"dateModified\":\"2023-07-14T10:59:16+00:00\",\"description\":\"Il D.L. 8 marzo 2020 n. 11 ha introdotto misure straordinarie ed urgenti per contrastare l'emergenza epidemiologica da COVID-19 e contenere gli effetti negativi sullo svolgimento dell'attivit\u00e0 giudiziaria.\",\"breadcrumb\":{\"@id\":\"https:\\\/\\\/carlozaccagnini.it\\\/it\\\/papers\\\/il-covid-19-e-linfluenza-sul-settore-penale-sospensione-dei-termini-processuali-e-rinvio-delle-udienze\\\/#breadcrumb\"},\"inLanguage\":\"it-IT\",\"potentialAction\":[{\"@type\":\"ReadAction\",\"target\":[\"https:\\\/\\\/carlozaccagnini.it\\\/it\\\/papers\\\/il-covid-19-e-linfluenza-sul-settore-penale-sospensione-dei-termini-processuali-e-rinvio-delle-udienze\\\/\"]}]},{\"@type\":\"BreadcrumbList\",\"@id\":\"https:\\\/\\\/carlozaccagnini.it\\\/it\\\/papers\\\/il-covid-19-e-linfluenza-sul-settore-penale-sospensione-dei-termini-processuali-e-rinvio-delle-udienze\\\/#breadcrumb\",\"itemListElement\":[{\"@type\":\"ListItem\",\"position\":1,\"name\":\"Home\",\"item\":\"https:\\\/\\\/carlozaccagnini.it\\\/it\\\/\"},{\"@type\":\"ListItem\",\"position\":2,\"name\":\"White Papers\",\"item\":\"https:\\\/\\\/carlozaccagnini.it\\\/it\\\/papers\\\/\"},{\"@type\":\"ListItem\",\"position\":3,\"name\":\"Il COVID-19 e l\u2019influenza sul settore penale\"}]},{\"@type\":\"WebSite\",\"@id\":\"https:\\\/\\\/carlozaccagnini.it\\\/it\\\/#website\",\"url\":\"https:\\\/\\\/carlozaccagnini.it\\\/it\\\/\",\"name\":\"Studio Legale Avv. Carlo Zaccagnini\",\"description\":\"White Collar Crime Defence\",\"publisher\":{\"@id\":\"https:\\\/\\\/carlozaccagnini.it\\\/it\\\/#organization\"},\"potentialAction\":[{\"@type\":\"SearchAction\",\"target\":{\"@type\":\"EntryPoint\",\"urlTemplate\":\"https:\\\/\\\/carlozaccagnini.it\\\/it\\\/?s={search_term_string}\"},\"query-input\":{\"@type\":\"PropertyValueSpecification\",\"valueRequired\":true,\"valueName\":\"search_term_string\"}}],\"inLanguage\":\"it-IT\"},{\"@type\":\"Organization\",\"@id\":\"https:\\\/\\\/carlozaccagnini.it\\\/it\\\/#organization\",\"name\":\"Studio Legale Carlo Zaccagnini\",\"url\":\"https:\\\/\\\/carlozaccagnini.it\\\/it\\\/\",\"logo\":{\"@type\":\"ImageObject\",\"inLanguage\":\"it-IT\",\"@id\":\"https:\\\/\\\/carlozaccagnini.it\\\/it\\\/#\\\/schema\\\/logo\\\/image\\\/\",\"url\":\"https:\\\/\\\/carlozaccagnini.it\\\/wp-content\\\/uploads\\\/2018\\\/09\\\/cropped-icona.jpg\",\"contentUrl\":\"https:\\\/\\\/carlozaccagnini.it\\\/wp-content\\\/uploads\\\/2018\\\/09\\\/cropped-icona.jpg\",\"width\":512,\"height\":512,\"caption\":\"Studio Legale Carlo Zaccagnini\"},\"image\":{\"@id\":\"https:\\\/\\\/carlozaccagnini.it\\\/it\\\/#\\\/schema\\\/logo\\\/image\\\/\"}}]}<\/script>\n<!-- \/ Yoast SEO plugin. -->","yoast_head_json":{"title":"Il COVID-19 e l\u2019influenza sul settore penale | Studio Legale Avv. Carlo Zaccagnini","description":"Il D.L. 8 marzo 2020 n. 11 ha introdotto misure straordinarie ed urgenti per contrastare l'emergenza epidemiologica da COVID-19 e contenere gli effetti negativi sullo svolgimento dell'attivit\u00e0 giudiziaria.","robots":{"index":"index","follow":"follow","max-snippet":"max-snippet:-1","max-image-preview":"max-image-preview:large","max-video-preview":"max-video-preview:-1"},"canonical":"https:\/\/carlozaccagnini.it\/it\/papers\/il-covid-19-e-linfluenza-sul-settore-penale-sospensione-dei-termini-processuali-e-rinvio-delle-udienze\/","og_locale":"it_IT","og_type":"article","og_title":"Il COVID-19 e l\u2019influenza sul settore penale | Studio Legale Avv. Carlo Zaccagnini","og_description":"Il D.L. 8 marzo 2020 n. 11 ha introdotto misure straordinarie ed urgenti per contrastare l'emergenza epidemiologica da COVID-19 e contenere gli effetti negativi sullo svolgimento dell'attivit\u00e0 giudiziaria.","og_url":"https:\/\/carlozaccagnini.it\/it\/papers\/il-covid-19-e-linfluenza-sul-settore-penale-sospensione-dei-termini-processuali-e-rinvio-delle-udienze\/","og_site_name":"Studio Legale Avv. Carlo Zaccagnini","article_modified_time":"2023-07-14T10:59:16+00:00","twitter_card":"summary_large_image","twitter_misc":{"Tempo di lettura stimato":"5 minuti"},"schema":{"@context":"https:\/\/schema.org","@graph":[{"@type":"WebPage","@id":"https:\/\/carlozaccagnini.it\/it\/papers\/il-covid-19-e-linfluenza-sul-settore-penale-sospensione-dei-termini-processuali-e-rinvio-delle-udienze\/","url":"https:\/\/carlozaccagnini.it\/it\/papers\/il-covid-19-e-linfluenza-sul-settore-penale-sospensione-dei-termini-processuali-e-rinvio-delle-udienze\/","name":"Il COVID-19 e l\u2019influenza sul settore penale | Studio Legale Avv. Carlo Zaccagnini","isPartOf":{"@id":"https:\/\/carlozaccagnini.it\/it\/#website"},"datePublished":"2023-06-22T10:24:25+00:00","dateModified":"2023-07-14T10:59:16+00:00","description":"Il D.L. 8 marzo 2020 n. 11 ha introdotto misure straordinarie ed urgenti per contrastare l'emergenza epidemiologica da COVID-19 e contenere gli effetti negativi sullo svolgimento dell'attivit\u00e0 giudiziaria.","breadcrumb":{"@id":"https:\/\/carlozaccagnini.it\/it\/papers\/il-covid-19-e-linfluenza-sul-settore-penale-sospensione-dei-termini-processuali-e-rinvio-delle-udienze\/#breadcrumb"},"inLanguage":"it-IT","potentialAction":[{"@type":"ReadAction","target":["https:\/\/carlozaccagnini.it\/it\/papers\/il-covid-19-e-linfluenza-sul-settore-penale-sospensione-dei-termini-processuali-e-rinvio-delle-udienze\/"]}]},{"@type":"BreadcrumbList","@id":"https:\/\/carlozaccagnini.it\/it\/papers\/il-covid-19-e-linfluenza-sul-settore-penale-sospensione-dei-termini-processuali-e-rinvio-delle-udienze\/#breadcrumb","itemListElement":[{"@type":"ListItem","position":1,"name":"Home","item":"https:\/\/carlozaccagnini.it\/it\/"},{"@type":"ListItem","position":2,"name":"White Papers","item":"https:\/\/carlozaccagnini.it\/it\/papers\/"},{"@type":"ListItem","position":3,"name":"Il COVID-19 e l\u2019influenza sul settore penale"}]},{"@type":"WebSite","@id":"https:\/\/carlozaccagnini.it\/it\/#website","url":"https:\/\/carlozaccagnini.it\/it\/","name":"Studio Legale Avv. Carlo Zaccagnini","description":"White Collar Crime Defence","publisher":{"@id":"https:\/\/carlozaccagnini.it\/it\/#organization"},"potentialAction":[{"@type":"SearchAction","target":{"@type":"EntryPoint","urlTemplate":"https:\/\/carlozaccagnini.it\/it\/?s={search_term_string}"},"query-input":{"@type":"PropertyValueSpecification","valueRequired":true,"valueName":"search_term_string"}}],"inLanguage":"it-IT"},{"@type":"Organization","@id":"https:\/\/carlozaccagnini.it\/it\/#organization","name":"Studio Legale Carlo Zaccagnini","url":"https:\/\/carlozaccagnini.it\/it\/","logo":{"@type":"ImageObject","inLanguage":"it-IT","@id":"https:\/\/carlozaccagnini.it\/it\/#\/schema\/logo\/image\/","url":"https:\/\/carlozaccagnini.it\/wp-content\/uploads\/2018\/09\/cropped-icona.jpg","contentUrl":"https:\/\/carlozaccagnini.it\/wp-content\/uploads\/2018\/09\/cropped-icona.jpg","width":512,"height":512,"caption":"Studio Legale Carlo Zaccagnini"},"image":{"@id":"https:\/\/carlozaccagnini.it\/it\/#\/schema\/logo\/image\/"}}]}},"_links":{"self":[{"href":"https:\/\/carlozaccagnini.it\/it\/wp-json\/wp\/v2\/pages\/4440","targetHints":{"allow":["GET"]}}],"collection":[{"href":"https:\/\/carlozaccagnini.it\/it\/wp-json\/wp\/v2\/pages"}],"about":[{"href":"https:\/\/carlozaccagnini.it\/it\/wp-json\/wp\/v2\/types\/page"}],"author":[{"embeddable":true,"href":"https:\/\/carlozaccagnini.it\/it\/wp-json\/wp\/v2\/users\/2"}],"replies":[{"embeddable":true,"href":"https:\/\/carlozaccagnini.it\/it\/wp-json\/wp\/v2\/comments?post=4440"}],"version-history":[{"count":0,"href":"https:\/\/carlozaccagnini.it\/it\/wp-json\/wp\/v2\/pages\/4440\/revisions"}],"up":[{"embeddable":true,"href":"https:\/\/carlozaccagnini.it\/it\/wp-json\/wp\/v2\/pages\/4116"}],"wp:attachment":[{"href":"https:\/\/carlozaccagnini.it\/it\/wp-json\/wp\/v2\/media?parent=4440"}],"curies":[{"name":"wp","href":"https:\/\/api.w.org\/{rel}","templated":true}]}}