{"id":4431,"date":"2023-06-22T11:52:52","date_gmt":"2023-06-22T09:52:52","guid":{"rendered":"https:\/\/excellerator.it\/?page_id=4431"},"modified":"2025-08-01T13:00:56","modified_gmt":"2025-08-01T11:00:56","slug":"cybercrime-appropriazione-indebita-di-dati-e-file-informatici-cass-11959","status":"publish","type":"page","link":"https:\/\/carlozaccagnini.it\/it\/papers\/cybercrime-appropriazione-indebita-di-dati-e-file-informatici-cass-11959\/","title":{"rendered":"Cybercrime: appropriazione indebita di dati e file informatici"},"content":{"rendered":"<div class=\"wpb-content-wrapper\"><p>[vc_row][vc_column][vc_empty_space height=&#8221;20px&#8221;][vc_btn title=&#8221;TORNA A PAPERS&#8221; align=&#8221;right&#8221; link=&#8221;url:https%3A%2F%2Fcarlozaccagnini.it%2Fit%2Fpapers%2F&#8221;][vc_empty_space height=&#8221;10px&#8221;][vc_column_text]<\/p>\n<h3 class=\"fl-heading\"><span style=\"color: #1f497d;\"><a style=\"color: #1f497d;\" title=\"Cybercrime: appropriazione indebita di dati e file informatici\" href=\"https:\/\/carlozaccagnini.it\/cybercrimes\/\" target=\"_self\" rel=\"noopener\"><span class=\"fl-heading-text\">Cybercrime: appropriazione indebita di dati e file informatici<\/span><\/a>.<\/span><\/h3>\n<p>[\/vc_column_text][vc_empty_space height=&#8221;50px&#8221;][\/vc_column][\/vc_row][vc_row][vc_column][vc_column_text]<\/p>\n<div class=\"fl-module fl-module-heading fl-node-5ece331f54f96\" data-node=\"5ece331f54f96\">\n<div class=\"fl-module-content fl-node-content\"><\/div>\n<\/div>\n<div class=\"fl-module fl-module-rich-text fl-node-5ece36b40716d\" data-node=\"5ece36b40716d\">\n<div class=\"fl-module-content fl-node-content\">\n<div class=\"fl-rich-text\">\n<div class=\"fl-module fl-module-heading fl-node-5ea16f7d91562\" data-node=\"5ea16f7d91562\">\n<div class=\"fl-module-content fl-node-content\">\n<h4 class=\"fl-heading\"><span class=\"fl-heading-text\"><strong>Sentenza della Corte di Cassazione n. 11959, Sez. II, 13 aprile 2020<\/strong> <\/span><\/h4>\n<\/div>\n<\/div>\n<div class=\"fl-module fl-module-rich-text fl-node-5ea1706abbcbc\" data-node=\"5ea1706abbcbc\">\n<div class=\"fl-module-content fl-node-content\">\n<div class=\"fl-rich-text\">\n<p><span style=\"color: #333333;\"><strong>La Corte di Cassazione ha affermato il seguente principio di diritto con la sentenza n. 11959, Sez. II, 13 aprile 2020 (<em>hinc<\/em>: \u201cla Sentenza) : <\/strong>\u00ab <em>i<\/em><em>\u00a0<\/em><strong><em>dati informatici<\/em><\/strong><em>, contenenti <\/em><em>file<\/em><em>, sono<\/em><em>\u00a0<\/em><strong><em>qualificabili \u201ccose mobili\u201d<\/em><\/strong><em>\u00a0<\/em><em>ai sensi della legge penale e, pertanto, costituisce condotta di<\/em><em>\u00a0<\/em><strong><em>appropriazione indebita<\/em><\/strong><em>\u00a0<\/em><em>la<\/em><em>\u00a0<\/em><strong><em>sottrazione<\/em><\/strong><em>\u00a0<\/em><em>da un <\/em><em>personal<\/em> <em>computer<\/em><em> aziendale, affidato per motivi di lavoro, dei<\/em><em>\u00a0<\/em><strong><em>dati informatici ivi collocati<\/em><\/strong><em>, provvedendo successivamente alla<\/em><em>\u00a0<\/em><strong><em>cancellazione<\/em><\/strong><em>\u00a0<\/em><em>dei medesimi dati e alla restituzione del <\/em><em>computer<\/em><em> \u201cformattato\u201d <\/em>\u00bb (par. 1.9).<\/span><\/p>\n<p><span style=\"color: #333333;\">Oggetto di scrutinio era la riconducibilit\u00e0 dei <em>file<\/em> informatici alla stregua della definizione di \u201ccosa mobile\u201d ai sensi della legge penale; infatti, ai sensi dell\u2019art. 646 c.p., il delitto di appropriazione indebita prevede che \u201c<em>Chiunque, per procurare a s\u00e9 o ad altri un ingiusto profitto, si appropria il denaro o la <strong>cosa mobile <\/strong>altrui di cui abbia, a qualsiasi titolo, il possesso, \u00e8 punito, a querela della persona offesa, con la reclusione fino a tre anni e con la multa fino a euro 1.032<\/em>.\u201d<\/span><\/p>\n<p><span style=\"color: #333333;\">Precedentemente, la Cassazione aveva risolto quest\u2019ultimo quesito negativamente, affermando che oggetto materiale della condotta di appropriazione non pu\u00f2 essere un bene immateriale (Cass. Pen., Sez. II, n. 33839 del 12\/7\/2011, Simone, Rv. 251179), salvo che la condotta abbia ad oggetto i documenti che rappresentino i beni immateriali (Cass. Pen., Sez. V, n. 47105 del 30\/9\/2014, Capuzzimati, Rv. 261917) .<\/span><\/p>\n<p><span style=\"color: #333333;\">La definizione di \u201ccosa mobile\u201d ai fini della legge penale non \u00e8 positivamente prevista dalla legge, ma orientamento costante della Suprema Corte ha stabilito che debbano considerarsi tali le \u201ccose\u201d suscettibili di \u201c<em>fisica detenzione, sottrazione, impossessamento od appropriazione, e che a sua volta possa spostarsi da un luogo ad un altro o perch\u00e9 ha l&#8217;attitudine a muoversi da s\u00e9 oppure perch\u00e9 pu\u00f2 essere trasportata da un luogo ad un altro o, ancorch\u00e9 non mobile ab origine, resa tale da attivit\u00e0 di mobilizzazione ad opera dello stesso autore del fatto, mediante sua avulsione od enucleazione<\/em>\u201d (Cass. Pen., Sez. II, n. 20647 del 11\/5\/2010, Corniani); sono escluse quindi le entit\u00e0 immateriali &#8211; le opere dell&#8217;ingegno, le idee, le informazioni in senso lato &#8211; dal novero delle cose mobili suscettibili di appropriazione.<\/span><\/p>\n<p><span style=\"color: #333333;\">La Sentenza sottolinea che \u00ab<em>il <\/em>file<em>,\u00a0pur non potendo essere materialmente percepito dal punto di vista sensoriale, <u>possiede una dimensione fisica<\/u> costituita dalla grandezza dei dati che lo compongono, come dimostrano l\u2019esistenza di unit\u00e0 di misurazione della\u00a0capacit\u00e0 di un file\u00a0di contenere dati e la differente grandezza dei supporti fisici in\u00a0cui <u>i <\/u><\/em><u>files<em>\u00a0<\/em><em>possono essere conservati e elaborati<\/em><\/u><em>. L\u2019assunto da cui muove l\u2019orientamento maggioritario, giurisprudenziale e della dottrina, nel ritenere che il dato informatico non possieda i caratteri della fisicit\u00e0, propri della \u201ccosa mobile\u201d (nella nozione penalistica di quel termine) non \u00e8, dunque, condivisibile; al contrario, una pi\u00f9 accorta analisi della nozione scientifica del dato informatico conduce a conclusioni del tutto diverse\u00bb<\/em>\u00a0(par. 1.5.3); riguardo la <strong>configurabilit\u00e0 della condotta appropriativa di dati informatici<\/strong>, \u00ab<em>va considerata la capacit\u00e0 del\u00a0file di essere trasferito da un\u00a0supporto informatico ad un altro, mantenendo le proprie caratteristiche strutturali, cos\u00ec come la possibilit\u00e0 che lo stesso dato viaggi attraverso la rete Internet per essere inviato da un sistema o dispositivo ad un altro sistema, a distanze rilevanti, oppure per essere \u201ccustodito\u201d in ambienti \u201cvirtuali\u201d (corrispondenti a luoghi fisici in cui gli elaboratori conservano e trattano i dati informatici); <u>caratteristiche che confermano il presupposto logico della possibilit\u00e0 del dato informatico di formare oggetto di condotte di sottrazione e appropriazione<\/u>. In conclusione, pur se difetta il requisito della apprensione materialmente percepibile del file in s\u00e9 considerato (se non quando esso sia fissato su un supporto digitale che lo contenga), <strong>di certo il file rappresenta una cosa mobile, definibile quanto alla sua struttura, alla possibilit\u00e0 di misurarne l\u2019estensione e la capacit\u00e0 di contenere dati, suscettibile di esser trasferito da un luogo ad un altro, anche senza l\u2019intervento di strutture fisiche direttamente apprensibili dall\u2019uomo<\/strong>\u00bb<\/em>\u00a0(par. 1.7).<\/span><\/p>\n<p><span style=\"color: #333333;\">Riassumendo, le condotte di appropriazione e sottrazione che abbiano ad oggetto dati informatici sono suscettibili di integrare il reato di appropriazione indebita <em>ex<\/em> art. 646 c.p. in quanto quest\u2019ultimi \u2013 nonostante l\u2019immaterialit\u00e0 \u2013 sono considerati, alla luce del <em>dictum<\/em> della Cassazione, alla stregua di \u201ccose mobili\u201d ai fini della legge penale.<\/span><\/p>\n<p>&nbsp;<\/p>\n<\/div>\n<\/div>\n<\/div>\n<\/div>\n<\/div>\n<\/div>\n<p><span style=\"color: #333333;\">Roma, 20 Dicembre 2021\u00a0\u00a0\u00a0\u00a0\u00a0\u00a0\u00a0\u00a0\u00a0\u00a0\u00a0\u00a0\u00a0\u00a0\u00a0\u00a0\u00a0\u00a0\u00a0\u00a0\u00a0\u00a0\u00a0\u00a0\u00a0\u00a0\u00a0\u00a0\u00a0\u00a0\u00a0\u00a0\u00a0\u00a0\u00a0\u00a0\u00a0\u00a0\u00a0\u00a0\u00a0\u00a0\u00a0\u00a0\u00a0\u00a0\u00a0\u00a0\u00a0\u00a0\u00a0\u00a0\u00a0\u00a0\u00a0\u00a0\u00a0\u00a0 \u00a0 \u00a0 \u00a0 \u00a0 \u00a0 \u00a0 \u00a0 \u00a0 \u00a0 \u00a0 \u00a0 \u00a0 \u00a0 \u00a0 \u00a0 \u00a0 \u00a0 \u00a0\u00a0 Avvocato Carlo Zaccagnini<\/span>[\/vc_column_text][vc_empty_space][\/vc_column][\/vc_row][vc_row css=&#8221;.vc_custom_1688393121796{background-color: #1f497d !important;}&#8221;][vc_column]<div class=\"mkdf-call-to-action-holder  mkdf-normal-layout  mkdf-three-quarters-columns\">\n\n\t<div class=\"mkdf-cta-inner \">\n\t\t<div class=\"mkdf-cta-icon-holder\">\n\t\t\t<span aria-hidden=\"true\" class=\"mkdf-icon-font-elegant  \" style=\"color: #ffffff;font-size: 30px\"><\/span>\t\t<\/div>\n\t\t<div class=\"mkdf-cta-text-holder\">\n\t\t\t<div class=\"mkdf-cta-text\">\n<h2 style=\"text-align: left;\"><span style=\"color: #165253;\"><span style=\"color: #ffffff;\">Dubbi o necessit\u00e0?<\/span><br \/>\n<\/span><\/h2>\n<\/div>\n\t\t<\/div>\n\t\t<div class=\"mkdf-cta-button-holder\" >\n\t\t\t<div class=\"mkdf-cta-button\"><a itemprop=\"url\" href=\"https:\/\/carlozaccagnini.it\/it\/contatti\/\" target=\"_self\" style=\"color: #ffffff;background-color: #1a2843;border-color: #1a2843\" class=\"mkdf-btn mkdf-btn-medium mkdf-btn-solid mkdf-btn-custom-hover-bg mkdf-btn-custom-border-hover mkdf-btn-custom-hover-color\" data-hover-color=\"#1a2843\" data-hover-bg-color=\"#f2f2ef\" data-hover-border-color=\"#1a2843\" >    <span class=\"mkdf-btn-text\">CONTATTACI<\/span>    <\/a><\/div>\n\t\t<\/div>\n\t<\/div>\n<\/div>[vc_empty_space][\/vc_column][\/vc_row][vc_row][vc_column][vc_empty_space][vc_column_text]<\/p>\n<p style=\"text-align: right;\"><a href=\"https:\/\/carlozaccagnini.it\/it\/disclaimer\/\" target=\"_blank\" rel=\"noopener\"><strong>DISCLAIMER<\/strong><\/a><\/p>\n<p>[\/vc_column_text][\/vc_column][\/vc_row]<\/p>\n<\/div>","protected":false},"excerpt":{"rendered":"<p>[vc_row][vc_column][vc_empty_space height=&#8221;20px&#8221;][vc_btn title=&#8221;TORNA A PAPERS&#8221; align=&#8221;right&#8221; link=&#8221;url:https%3A%2F%2Fcarlozaccagnini.it%2Fit%2Fpapers%2F&#8221;][vc_empty_space height=&#8221;10px&#8221;][vc_column_text] Cybercrime: appropriazione indebita di dati e file informatici. [\/vc_column_text][vc_empty_space height=&#8221;50px&#8221;][\/vc_column][\/vc_row][vc_row][vc_column][vc_column_text] Sentenza della Corte di Cassazione n. 11959, Sez. II, 13 aprile 2020 [&hellip;]<\/p>\n","protected":false},"author":2,"featured_media":0,"parent":4116,"menu_order":0,"comment_status":"closed","ping_status":"closed","template":"","meta":{"footnotes":""},"class_list":["post-4431","page","type-page","status-publish","hentry"],"yoast_head":"<!-- This site is optimized with the Yoast SEO plugin v27.4 - https:\/\/yoast.com\/product\/yoast-seo-wordpress\/ -->\n<title>Cybercrime: appropriazione indebita di dati e file informatici | Studio Legale Avv. Carlo Zaccagnini<\/title>\n<meta name=\"description\" content=\"I dati informatici, contenenti file, sono qualificabili \u201ccose mobili\u201d e, pertanto, costituisce condotta di appropriazione indebita la sottrazione da un personal computer aziendale, affidato per motivi di lavoro, dei dati informatici ivi collocati.\" \/>\n<meta name=\"robots\" content=\"index, follow, max-snippet:-1, max-image-preview:large, max-video-preview:-1\" \/>\n<link rel=\"canonical\" href=\"https:\/\/carlozaccagnini.it\/it\/papers\/cybercrime-appropriazione-indebita-di-dati-e-file-informatici-cass-11959\/\" \/>\n<meta property=\"og:locale\" content=\"it_IT\" \/>\n<meta property=\"og:type\" content=\"article\" \/>\n<meta property=\"og:title\" content=\"Cybercrime: appropriazione indebita di dati e file informatici | Studio Legale Avv. Carlo Zaccagnini\" \/>\n<meta property=\"og:description\" content=\"I dati informatici, contenenti file, sono qualificabili \u201ccose mobili\u201d e, pertanto, costituisce condotta di appropriazione indebita la sottrazione da un personal computer aziendale, affidato per motivi di lavoro, dei dati informatici ivi collocati.\" \/>\n<meta property=\"og:url\" content=\"https:\/\/carlozaccagnini.it\/it\/papers\/cybercrime-appropriazione-indebita-di-dati-e-file-informatici-cass-11959\/\" \/>\n<meta property=\"og:site_name\" content=\"Studio Legale Avv. Carlo Zaccagnini\" \/>\n<meta property=\"article:modified_time\" content=\"2025-08-01T11:00:56+00:00\" \/>\n<meta name=\"twitter:card\" content=\"summary_large_image\" \/>\n<meta name=\"twitter:label1\" content=\"Tempo di lettura stimato\" \/>\n\t<meta name=\"twitter:data1\" content=\"4 minuti\" \/>\n<script type=\"application\/ld+json\" class=\"yoast-schema-graph\">{\"@context\":\"https:\\\/\\\/schema.org\",\"@graph\":[{\"@type\":\"WebPage\",\"@id\":\"https:\\\/\\\/carlozaccagnini.it\\\/it\\\/papers\\\/cybercrime-appropriazione-indebita-di-dati-e-file-informatici-cass-11959\\\/\",\"url\":\"https:\\\/\\\/carlozaccagnini.it\\\/it\\\/papers\\\/cybercrime-appropriazione-indebita-di-dati-e-file-informatici-cass-11959\\\/\",\"name\":\"Cybercrime: appropriazione indebita di dati e file informatici | Studio Legale Avv. Carlo Zaccagnini\",\"isPartOf\":{\"@id\":\"https:\\\/\\\/carlozaccagnini.it\\\/it\\\/#website\"},\"datePublished\":\"2023-06-22T09:52:52+00:00\",\"dateModified\":\"2025-08-01T11:00:56+00:00\",\"description\":\"I dati informatici, contenenti file, sono qualificabili \u201ccose mobili\u201d e, pertanto, costituisce condotta di appropriazione indebita la sottrazione da un personal computer aziendale, affidato per motivi di lavoro, dei dati informatici ivi collocati.\",\"breadcrumb\":{\"@id\":\"https:\\\/\\\/carlozaccagnini.it\\\/it\\\/papers\\\/cybercrime-appropriazione-indebita-di-dati-e-file-informatici-cass-11959\\\/#breadcrumb\"},\"inLanguage\":\"it-IT\",\"potentialAction\":[{\"@type\":\"ReadAction\",\"target\":[\"https:\\\/\\\/carlozaccagnini.it\\\/it\\\/papers\\\/cybercrime-appropriazione-indebita-di-dati-e-file-informatici-cass-11959\\\/\"]}]},{\"@type\":\"BreadcrumbList\",\"@id\":\"https:\\\/\\\/carlozaccagnini.it\\\/it\\\/papers\\\/cybercrime-appropriazione-indebita-di-dati-e-file-informatici-cass-11959\\\/#breadcrumb\",\"itemListElement\":[{\"@type\":\"ListItem\",\"position\":1,\"name\":\"Home\",\"item\":\"https:\\\/\\\/carlozaccagnini.it\\\/it\\\/\"},{\"@type\":\"ListItem\",\"position\":2,\"name\":\"White Papers\",\"item\":\"https:\\\/\\\/carlozaccagnini.it\\\/it\\\/papers\\\/\"},{\"@type\":\"ListItem\",\"position\":3,\"name\":\"Cybercrime: appropriazione indebita di dati e file informatici\"}]},{\"@type\":\"WebSite\",\"@id\":\"https:\\\/\\\/carlozaccagnini.it\\\/it\\\/#website\",\"url\":\"https:\\\/\\\/carlozaccagnini.it\\\/it\\\/\",\"name\":\"Studio Legale Avv. Carlo Zaccagnini\",\"description\":\"White Collar Crime Defence\",\"publisher\":{\"@id\":\"https:\\\/\\\/carlozaccagnini.it\\\/it\\\/#organization\"},\"potentialAction\":[{\"@type\":\"SearchAction\",\"target\":{\"@type\":\"EntryPoint\",\"urlTemplate\":\"https:\\\/\\\/carlozaccagnini.it\\\/it\\\/?s={search_term_string}\"},\"query-input\":{\"@type\":\"PropertyValueSpecification\",\"valueRequired\":true,\"valueName\":\"search_term_string\"}}],\"inLanguage\":\"it-IT\"},{\"@type\":\"Organization\",\"@id\":\"https:\\\/\\\/carlozaccagnini.it\\\/it\\\/#organization\",\"name\":\"Studio Legale Carlo Zaccagnini\",\"url\":\"https:\\\/\\\/carlozaccagnini.it\\\/it\\\/\",\"logo\":{\"@type\":\"ImageObject\",\"inLanguage\":\"it-IT\",\"@id\":\"https:\\\/\\\/carlozaccagnini.it\\\/it\\\/#\\\/schema\\\/logo\\\/image\\\/\",\"url\":\"https:\\\/\\\/carlozaccagnini.it\\\/wp-content\\\/uploads\\\/2018\\\/09\\\/cropped-icona.jpg\",\"contentUrl\":\"https:\\\/\\\/carlozaccagnini.it\\\/wp-content\\\/uploads\\\/2018\\\/09\\\/cropped-icona.jpg\",\"width\":512,\"height\":512,\"caption\":\"Studio Legale Carlo Zaccagnini\"},\"image\":{\"@id\":\"https:\\\/\\\/carlozaccagnini.it\\\/it\\\/#\\\/schema\\\/logo\\\/image\\\/\"}}]}<\/script>\n<!-- \/ Yoast SEO plugin. -->","yoast_head_json":{"title":"Cybercrime: appropriazione indebita di dati e file informatici | Studio Legale Avv. Carlo Zaccagnini","description":"I dati informatici, contenenti file, sono qualificabili \u201ccose mobili\u201d e, pertanto, costituisce condotta di appropriazione indebita la sottrazione da un personal computer aziendale, affidato per motivi di lavoro, dei dati informatici ivi collocati.","robots":{"index":"index","follow":"follow","max-snippet":"max-snippet:-1","max-image-preview":"max-image-preview:large","max-video-preview":"max-video-preview:-1"},"canonical":"https:\/\/carlozaccagnini.it\/it\/papers\/cybercrime-appropriazione-indebita-di-dati-e-file-informatici-cass-11959\/","og_locale":"it_IT","og_type":"article","og_title":"Cybercrime: appropriazione indebita di dati e file informatici | Studio Legale Avv. Carlo Zaccagnini","og_description":"I dati informatici, contenenti file, sono qualificabili \u201ccose mobili\u201d e, pertanto, costituisce condotta di appropriazione indebita la sottrazione da un personal computer aziendale, affidato per motivi di lavoro, dei dati informatici ivi collocati.","og_url":"https:\/\/carlozaccagnini.it\/it\/papers\/cybercrime-appropriazione-indebita-di-dati-e-file-informatici-cass-11959\/","og_site_name":"Studio Legale Avv. Carlo Zaccagnini","article_modified_time":"2025-08-01T11:00:56+00:00","twitter_card":"summary_large_image","twitter_misc":{"Tempo di lettura stimato":"4 minuti"},"schema":{"@context":"https:\/\/schema.org","@graph":[{"@type":"WebPage","@id":"https:\/\/carlozaccagnini.it\/it\/papers\/cybercrime-appropriazione-indebita-di-dati-e-file-informatici-cass-11959\/","url":"https:\/\/carlozaccagnini.it\/it\/papers\/cybercrime-appropriazione-indebita-di-dati-e-file-informatici-cass-11959\/","name":"Cybercrime: appropriazione indebita di dati e file informatici | Studio Legale Avv. Carlo Zaccagnini","isPartOf":{"@id":"https:\/\/carlozaccagnini.it\/it\/#website"},"datePublished":"2023-06-22T09:52:52+00:00","dateModified":"2025-08-01T11:00:56+00:00","description":"I dati informatici, contenenti file, sono qualificabili \u201ccose mobili\u201d e, pertanto, costituisce condotta di appropriazione indebita la sottrazione da un personal computer aziendale, affidato per motivi di lavoro, dei dati informatici ivi collocati.","breadcrumb":{"@id":"https:\/\/carlozaccagnini.it\/it\/papers\/cybercrime-appropriazione-indebita-di-dati-e-file-informatici-cass-11959\/#breadcrumb"},"inLanguage":"it-IT","potentialAction":[{"@type":"ReadAction","target":["https:\/\/carlozaccagnini.it\/it\/papers\/cybercrime-appropriazione-indebita-di-dati-e-file-informatici-cass-11959\/"]}]},{"@type":"BreadcrumbList","@id":"https:\/\/carlozaccagnini.it\/it\/papers\/cybercrime-appropriazione-indebita-di-dati-e-file-informatici-cass-11959\/#breadcrumb","itemListElement":[{"@type":"ListItem","position":1,"name":"Home","item":"https:\/\/carlozaccagnini.it\/it\/"},{"@type":"ListItem","position":2,"name":"White Papers","item":"https:\/\/carlozaccagnini.it\/it\/papers\/"},{"@type":"ListItem","position":3,"name":"Cybercrime: appropriazione indebita di dati e file informatici"}]},{"@type":"WebSite","@id":"https:\/\/carlozaccagnini.it\/it\/#website","url":"https:\/\/carlozaccagnini.it\/it\/","name":"Studio Legale Avv. Carlo Zaccagnini","description":"White Collar Crime Defence","publisher":{"@id":"https:\/\/carlozaccagnini.it\/it\/#organization"},"potentialAction":[{"@type":"SearchAction","target":{"@type":"EntryPoint","urlTemplate":"https:\/\/carlozaccagnini.it\/it\/?s={search_term_string}"},"query-input":{"@type":"PropertyValueSpecification","valueRequired":true,"valueName":"search_term_string"}}],"inLanguage":"it-IT"},{"@type":"Organization","@id":"https:\/\/carlozaccagnini.it\/it\/#organization","name":"Studio Legale Carlo Zaccagnini","url":"https:\/\/carlozaccagnini.it\/it\/","logo":{"@type":"ImageObject","inLanguage":"it-IT","@id":"https:\/\/carlozaccagnini.it\/it\/#\/schema\/logo\/image\/","url":"https:\/\/carlozaccagnini.it\/wp-content\/uploads\/2018\/09\/cropped-icona.jpg","contentUrl":"https:\/\/carlozaccagnini.it\/wp-content\/uploads\/2018\/09\/cropped-icona.jpg","width":512,"height":512,"caption":"Studio Legale Carlo Zaccagnini"},"image":{"@id":"https:\/\/carlozaccagnini.it\/it\/#\/schema\/logo\/image\/"}}]}},"_links":{"self":[{"href":"https:\/\/carlozaccagnini.it\/it\/wp-json\/wp\/v2\/pages\/4431","targetHints":{"allow":["GET"]}}],"collection":[{"href":"https:\/\/carlozaccagnini.it\/it\/wp-json\/wp\/v2\/pages"}],"about":[{"href":"https:\/\/carlozaccagnini.it\/it\/wp-json\/wp\/v2\/types\/page"}],"author":[{"embeddable":true,"href":"https:\/\/carlozaccagnini.it\/it\/wp-json\/wp\/v2\/users\/2"}],"replies":[{"embeddable":true,"href":"https:\/\/carlozaccagnini.it\/it\/wp-json\/wp\/v2\/comments?post=4431"}],"version-history":[{"count":1,"href":"https:\/\/carlozaccagnini.it\/it\/wp-json\/wp\/v2\/pages\/4431\/revisions"}],"predecessor-version":[{"id":7114,"href":"https:\/\/carlozaccagnini.it\/it\/wp-json\/wp\/v2\/pages\/4431\/revisions\/7114"}],"up":[{"embeddable":true,"href":"https:\/\/carlozaccagnini.it\/it\/wp-json\/wp\/v2\/pages\/4116"}],"wp:attachment":[{"href":"https:\/\/carlozaccagnini.it\/it\/wp-json\/wp\/v2\/media?parent=4431"}],"curies":[{"name":"wp","href":"https:\/\/api.w.org\/{rel}","templated":true}]}}