{"id":4331,"date":"2023-06-21T16:09:37","date_gmt":"2023-06-21T14:09:37","guid":{"rendered":"https:\/\/excellerator.it\/?page_id=4331"},"modified":"2023-07-03T16:10:20","modified_gmt":"2023-07-03T14:10:20","slug":"diritto-penale-della-edilizia","status":"publish","type":"page","link":"https:\/\/carlozaccagnini.it\/it\/massime\/diritto-penale-della-edilizia\/","title":{"rendered":"DIRITTO PENALE DELLA EDILIZIA"},"content":{"rendered":"<div class=\"wpb-content-wrapper\"><p>[vc_row][vc_column][vc_empty_space height=&#8221;80px&#8221;][vc_column_text]<\/p>\n<h3 class=\"entry-title\" style=\"text-align: center;\"><span style=\"color: #1f497d;\">MASSIME<\/span><\/h3>\n<p>[\/vc_column_text][vc_column_text]<\/p>\n<h3 class=\"entry-title\" style=\"text-align: center;\"><span style=\"color: #1f497d;\">Diritto Penale della Edilizia<\/span><\/h3>\n<p>[\/vc_column_text][vc_column_text]<\/p>\n<h3 class=\"entry-title\" style=\"text-align: center;\"><span style=\"color: #1f497d;\">* * *<\/span><\/h3>\n<p>[\/vc_column_text][vc_empty_space height=&#8221;50px&#8221;][\/vc_column][\/vc_row][vc_row][vc_column][vc_column_text]<\/p>\n<div id=\"primary\" class=\"content-area primary\">\n<p>&nbsp;<\/p>\n<article id=\"post-2041\" class=\"post-2041 page type-page status-publish ast-article-single\">\n<div class=\"entry-content clear\">\n<h5><span style=\"color: #333333;\"><strong>Cass. Pen., Sez. III 4 ottobre 2017 n. 9058<br \/>\n<\/strong>Per il reato di cui all\u2019art. 44, comma 1, lett. b), d.P.R. 380\/2001, \u00e8 configurabile la responsabilit\u00e0 del progettista e direttore dei lavori, e del costruttore in caso di realizzazione di interventi edilizi necessitanti il permesso di costruire, ma eseguiti in base ad una denuncia di inizio attivit\u00e0 accompagnata da dettagliata relazione a firma del predetto professionista, in quanto l\u2019attestazione del progettista di \u201cconformit\u00e0 delle opere da realizzare agli strumenti urbanistici approvati e non in contrasto con quelli adottati ed ai regolamenti edilizi vigenti\u201d comporta l\u2019esistenza in capo al medesimo di un effettivo e concreto obbligo di vigilanza anche nel corso dell\u2019esecuzione dei lavori, con la logica conseguenza che \u2013 se i lavori eseguiti risultano difformi e diversi da quelli autorizzati con d.i.a., e per essi necessitava il permesso di costruire -, responsabile dell\u2019abuso \u00e8 anche il progettista e direttore dei lavori, in concorso con gli altri autori.<\/span><\/h5>\n<p><span style=\"color: #333333;\"><strong><br \/>\nTribunale Napoli sez. I 26 gennaio 2018 n. 1235<br \/>\n<\/strong>Risponde del reato di cui all\u2019art. 44 d.p.r. 380\/2001 colui che, in assenza di un titolo legittimante, occupa un box di propriet\u00e0 del Comune gi\u00e0 edificato abusivamente nel porticato di uno stabile comunale e, in assenza di permesso di costruire, prosegue le opere di realizzazione di tale box mediante apposizione di un cancello in ferro.<\/span><br \/>\n<span style=\"color: #333333;\"><strong><br \/>\nCass. Pen., Sez. III, 9 ottobre 2012, n. 478709<br \/>\n<\/strong>Estinzione reato paesaggistico per spontanea rimessione in pristino.<\/span><br \/>\n<span style=\"color: #333333;\">\u201cLa disposizione di cui all\u2019art. 181, comma 1 quinquies, del d.lgs. n. 42 del 2004, in base alla quale la rimessione in pristino delle aree o degli immobili soggetti a vincoli paesaggistici, da parte del trasgressore, estingue il reato di cui al comma primo dello stesso art. 181, va interpretata nel senso che la causa estintiva resta preclusa, oltre che dalla condanna, soltanto dalla emissione di un provvedimento amministrativo idoneo ad essere eseguito d\u2019ufficio, non essendo sufficiente ad impedire l\u2019effetto estintivo un mero ordine di ripristino rivolto dalla autorit\u00e0 amministrativa o la indicazione di tempi o modalit\u00e0 esecutive idonee a conseguire il ripristino\u201d.<\/span><br \/>\n<span style=\"color: #333333;\">(fonte \u201cLexambiente\u201d)<\/span><\/p>\n<p><span style=\"color: #333333;\"><strong><br \/>\nCass. Pen., Sez. III, 24 gennaio 2012, n. 7613.<\/strong><\/span><br \/>\n<span style=\"color: #333333;\">Interventi edilizi in zone individuate come S.I.C.<\/span><\/p>\n<p><span style=\"color: #333333;\">\u201cIntegra il reato previsto dall\u2019art. 44, comma primo, lett. b), del D.P.R. 6 giugno 2001, n. 380 l\u2019esecuzione di interventi edilizi in zone individuate come S.I.C. (siti di importanza comunitaria), se non preceduta dalla valutazione di incidenza prevista dall\u2019art. 5, comma ottavo, del D.P.R.. 8 settembre 1997, n. 357 da parte della Regione territorialmente competente. (Nella specie la Corte ha anche escluso la possibilit\u00e0 di applicazione del condono edilizio delle opere realizzate, non essendo queste ultime suscettibili di sanatoria)\u201d.<\/span><br \/>\n<span style=\"color: #333333;\">C.E.D. Cass., Rv. 252106.<\/span><\/p>\n<p><span style=\"color: #333333;\"><strong><br \/>\nCass. Pen., Sez. III n. 48478 del 24 novembre 2011<br \/>\n<\/strong>Delitto paesaggistico<\/span><\/p>\n<p><span style=\"color: #333333;\">\u201cLa fattispecie di cui all\u2019art. 181, comma 1bis, d.lgs. n. 42\/2004 \u00e8 punita a titolo di dolo generico. Quanto alla coscienza dell\u2019antigiuridicit\u00e0 dell\u2019azione, presupposto della responsabilit\u00e0 penale \u00e8 la conoscibilit\u00e0, da parte del soggetto agente, dell\u2019effettivo contenuto precettivo della norma e, secondo la sentenza n. 364\/1988 della Corte Costituzionale (in relazione alla previsione dell\u2019art. 5 c.p.), va considerata quale limite alla responsabilit\u00e0 personale soltanto l\u2019oggettiva impossibilit\u00e0 di conoscenza del precetto (c.d. ignoranza inevitabile, e quindi scusabile, della legge penale)\u201d.<\/span><br \/>\n<span style=\"color: #333333;\"><span lang=\"EN-GB\">C.E.D. Cass.<\/span><span lang=\"EN-GB\">, Rv. 251635.<\/span><\/span><\/p>\n<\/div>\n<\/article>\n<p>&nbsp;<\/p>\n<\/div>\n<p>[\/vc_column_text][\/vc_column][\/vc_row]<\/p>\n<\/div>","protected":false},"excerpt":{"rendered":"<p>[vc_row][vc_column][vc_empty_space height=&#8221;80px&#8221;][vc_column_text] MASSIME [\/vc_column_text][vc_column_text] Diritto Penale della Edilizia [\/vc_column_text][vc_column_text] * * * [\/vc_column_text][vc_empty_space height=&#8221;50px&#8221;][\/vc_column][\/vc_row][vc_row][vc_column][vc_column_text] &nbsp; Cass. Pen., Sez. III 4 ottobre 2017 n. 9058 Per il reato di cui all\u2019art. [&hellip;]<\/p>\n","protected":false},"author":1,"featured_media":0,"parent":4121,"menu_order":0,"comment_status":"closed","ping_status":"closed","template":"","meta":{"footnotes":""},"class_list":["post-4331","page","type-page","status-publish","hentry"],"yoast_head":"<!-- This site is optimized with the Yoast SEO plugin v27.4 - https:\/\/yoast.com\/product\/yoast-seo-wordpress\/ -->\n<title>DIRITTO PENALE DELLA EDILIZIA | Studio Legale Avv. Carlo Zaccagnini<\/title>\n<meta name=\"robots\" content=\"index, follow, max-snippet:-1, max-image-preview:large, max-video-preview:-1\" \/>\n<link rel=\"canonical\" href=\"https:\/\/carlozaccagnini.it\/it\/massime\/diritto-penale-della-edilizia\/\" \/>\n<meta property=\"og:locale\" content=\"it_IT\" \/>\n<meta property=\"og:type\" content=\"article\" \/>\n<meta property=\"og:title\" content=\"DIRITTO PENALE DELLA EDILIZIA | Studio Legale Avv. Carlo Zaccagnini\" \/>\n<meta property=\"og:description\" content=\"[vc_row][vc_column][vc_empty_space height=&#8221;80px&#8221;][vc_column_text] MASSIME [\/vc_column_text][vc_column_text] Diritto Penale della Edilizia [\/vc_column_text][vc_column_text] * * * [\/vc_column_text][vc_empty_space height=&#8221;50px&#8221;][\/vc_column][\/vc_row][vc_row][vc_column][vc_column_text] &nbsp; Cass. Pen., Sez. III 4 ottobre 2017 n. 9058 Per il reato di cui all\u2019art. [&hellip;]\" \/>\n<meta property=\"og:url\" content=\"https:\/\/carlozaccagnini.it\/it\/massime\/diritto-penale-della-edilizia\/\" \/>\n<meta property=\"og:site_name\" content=\"Studio Legale Avv. Carlo Zaccagnini\" \/>\n<meta property=\"article:modified_time\" content=\"2023-07-03T14:10:20+00:00\" \/>\n<meta name=\"twitter:card\" content=\"summary_large_image\" \/>\n<meta name=\"twitter:label1\" content=\"Tempo di lettura stimato\" \/>\n\t<meta name=\"twitter:data1\" content=\"3 minuti\" \/>\n<script type=\"application\/ld+json\" class=\"yoast-schema-graph\">{\"@context\":\"https:\\\/\\\/schema.org\",\"@graph\":[{\"@type\":\"WebPage\",\"@id\":\"https:\\\/\\\/carlozaccagnini.it\\\/it\\\/massime\\\/diritto-penale-della-edilizia\\\/\",\"url\":\"https:\\\/\\\/carlozaccagnini.it\\\/it\\\/massime\\\/diritto-penale-della-edilizia\\\/\",\"name\":\"DIRITTO PENALE DELLA EDILIZIA | Studio Legale Avv. Carlo Zaccagnini\",\"isPartOf\":{\"@id\":\"https:\\\/\\\/carlozaccagnini.it\\\/it\\\/#website\"},\"datePublished\":\"2023-06-21T14:09:37+00:00\",\"dateModified\":\"2023-07-03T14:10:20+00:00\",\"breadcrumb\":{\"@id\":\"https:\\\/\\\/carlozaccagnini.it\\\/it\\\/massime\\\/diritto-penale-della-edilizia\\\/#breadcrumb\"},\"inLanguage\":\"it-IT\",\"potentialAction\":[{\"@type\":\"ReadAction\",\"target\":[\"https:\\\/\\\/carlozaccagnini.it\\\/it\\\/massime\\\/diritto-penale-della-edilizia\\\/\"]}]},{\"@type\":\"BreadcrumbList\",\"@id\":\"https:\\\/\\\/carlozaccagnini.it\\\/it\\\/massime\\\/diritto-penale-della-edilizia\\\/#breadcrumb\",\"itemListElement\":[{\"@type\":\"ListItem\",\"position\":1,\"name\":\"Home\",\"item\":\"https:\\\/\\\/carlozaccagnini.it\\\/it\\\/\"},{\"@type\":\"ListItem\",\"position\":2,\"name\":\"Massime\",\"item\":\"https:\\\/\\\/carlozaccagnini.it\\\/it\\\/massime\\\/\"},{\"@type\":\"ListItem\",\"position\":3,\"name\":\"DIRITTO PENALE DELLA EDILIZIA\"}]},{\"@type\":\"WebSite\",\"@id\":\"https:\\\/\\\/carlozaccagnini.it\\\/it\\\/#website\",\"url\":\"https:\\\/\\\/carlozaccagnini.it\\\/it\\\/\",\"name\":\"Studio Legale Avv. Carlo Zaccagnini\",\"description\":\"White Collar Crime Defence\",\"publisher\":{\"@id\":\"https:\\\/\\\/carlozaccagnini.it\\\/it\\\/#organization\"},\"potentialAction\":[{\"@type\":\"SearchAction\",\"target\":{\"@type\":\"EntryPoint\",\"urlTemplate\":\"https:\\\/\\\/carlozaccagnini.it\\\/it\\\/?s={search_term_string}\"},\"query-input\":{\"@type\":\"PropertyValueSpecification\",\"valueRequired\":true,\"valueName\":\"search_term_string\"}}],\"inLanguage\":\"it-IT\"},{\"@type\":\"Organization\",\"@id\":\"https:\\\/\\\/carlozaccagnini.it\\\/it\\\/#organization\",\"name\":\"Studio Legale Carlo Zaccagnini\",\"url\":\"https:\\\/\\\/carlozaccagnini.it\\\/it\\\/\",\"logo\":{\"@type\":\"ImageObject\",\"inLanguage\":\"it-IT\",\"@id\":\"https:\\\/\\\/carlozaccagnini.it\\\/it\\\/#\\\/schema\\\/logo\\\/image\\\/\",\"url\":\"https:\\\/\\\/carlozaccagnini.it\\\/wp-content\\\/uploads\\\/2018\\\/09\\\/cropped-icona.jpg\",\"contentUrl\":\"https:\\\/\\\/carlozaccagnini.it\\\/wp-content\\\/uploads\\\/2018\\\/09\\\/cropped-icona.jpg\",\"width\":512,\"height\":512,\"caption\":\"Studio Legale Carlo Zaccagnini\"},\"image\":{\"@id\":\"https:\\\/\\\/carlozaccagnini.it\\\/it\\\/#\\\/schema\\\/logo\\\/image\\\/\"}}]}<\/script>\n<!-- \/ Yoast SEO plugin. -->","yoast_head_json":{"title":"DIRITTO PENALE DELLA EDILIZIA | Studio Legale Avv. Carlo Zaccagnini","robots":{"index":"index","follow":"follow","max-snippet":"max-snippet:-1","max-image-preview":"max-image-preview:large","max-video-preview":"max-video-preview:-1"},"canonical":"https:\/\/carlozaccagnini.it\/it\/massime\/diritto-penale-della-edilizia\/","og_locale":"it_IT","og_type":"article","og_title":"DIRITTO PENALE DELLA EDILIZIA | Studio Legale Avv. Carlo Zaccagnini","og_description":"[vc_row][vc_column][vc_empty_space height=&#8221;80px&#8221;][vc_column_text] MASSIME [\/vc_column_text][vc_column_text] Diritto Penale della Edilizia [\/vc_column_text][vc_column_text] * * * [\/vc_column_text][vc_empty_space height=&#8221;50px&#8221;][\/vc_column][\/vc_row][vc_row][vc_column][vc_column_text] &nbsp; Cass. Pen., Sez. III 4 ottobre 2017 n. 9058 Per il reato di cui all\u2019art. [&hellip;]","og_url":"https:\/\/carlozaccagnini.it\/it\/massime\/diritto-penale-della-edilizia\/","og_site_name":"Studio Legale Avv. Carlo Zaccagnini","article_modified_time":"2023-07-03T14:10:20+00:00","twitter_card":"summary_large_image","twitter_misc":{"Tempo di lettura stimato":"3 minuti"},"schema":{"@context":"https:\/\/schema.org","@graph":[{"@type":"WebPage","@id":"https:\/\/carlozaccagnini.it\/it\/massime\/diritto-penale-della-edilizia\/","url":"https:\/\/carlozaccagnini.it\/it\/massime\/diritto-penale-della-edilizia\/","name":"DIRITTO PENALE DELLA EDILIZIA | Studio Legale Avv. Carlo Zaccagnini","isPartOf":{"@id":"https:\/\/carlozaccagnini.it\/it\/#website"},"datePublished":"2023-06-21T14:09:37+00:00","dateModified":"2023-07-03T14:10:20+00:00","breadcrumb":{"@id":"https:\/\/carlozaccagnini.it\/it\/massime\/diritto-penale-della-edilizia\/#breadcrumb"},"inLanguage":"it-IT","potentialAction":[{"@type":"ReadAction","target":["https:\/\/carlozaccagnini.it\/it\/massime\/diritto-penale-della-edilizia\/"]}]},{"@type":"BreadcrumbList","@id":"https:\/\/carlozaccagnini.it\/it\/massime\/diritto-penale-della-edilizia\/#breadcrumb","itemListElement":[{"@type":"ListItem","position":1,"name":"Home","item":"https:\/\/carlozaccagnini.it\/it\/"},{"@type":"ListItem","position":2,"name":"Massime","item":"https:\/\/carlozaccagnini.it\/it\/massime\/"},{"@type":"ListItem","position":3,"name":"DIRITTO PENALE DELLA EDILIZIA"}]},{"@type":"WebSite","@id":"https:\/\/carlozaccagnini.it\/it\/#website","url":"https:\/\/carlozaccagnini.it\/it\/","name":"Studio Legale Avv. Carlo Zaccagnini","description":"White Collar Crime Defence","publisher":{"@id":"https:\/\/carlozaccagnini.it\/it\/#organization"},"potentialAction":[{"@type":"SearchAction","target":{"@type":"EntryPoint","urlTemplate":"https:\/\/carlozaccagnini.it\/it\/?s={search_term_string}"},"query-input":{"@type":"PropertyValueSpecification","valueRequired":true,"valueName":"search_term_string"}}],"inLanguage":"it-IT"},{"@type":"Organization","@id":"https:\/\/carlozaccagnini.it\/it\/#organization","name":"Studio Legale Carlo Zaccagnini","url":"https:\/\/carlozaccagnini.it\/it\/","logo":{"@type":"ImageObject","inLanguage":"it-IT","@id":"https:\/\/carlozaccagnini.it\/it\/#\/schema\/logo\/image\/","url":"https:\/\/carlozaccagnini.it\/wp-content\/uploads\/2018\/09\/cropped-icona.jpg","contentUrl":"https:\/\/carlozaccagnini.it\/wp-content\/uploads\/2018\/09\/cropped-icona.jpg","width":512,"height":512,"caption":"Studio Legale Carlo Zaccagnini"},"image":{"@id":"https:\/\/carlozaccagnini.it\/it\/#\/schema\/logo\/image\/"}}]}},"_links":{"self":[{"href":"https:\/\/carlozaccagnini.it\/it\/wp-json\/wp\/v2\/pages\/4331","targetHints":{"allow":["GET"]}}],"collection":[{"href":"https:\/\/carlozaccagnini.it\/it\/wp-json\/wp\/v2\/pages"}],"about":[{"href":"https:\/\/carlozaccagnini.it\/it\/wp-json\/wp\/v2\/types\/page"}],"author":[{"embeddable":true,"href":"https:\/\/carlozaccagnini.it\/it\/wp-json\/wp\/v2\/users\/1"}],"replies":[{"embeddable":true,"href":"https:\/\/carlozaccagnini.it\/it\/wp-json\/wp\/v2\/comments?post=4331"}],"version-history":[{"count":0,"href":"https:\/\/carlozaccagnini.it\/it\/wp-json\/wp\/v2\/pages\/4331\/revisions"}],"up":[{"embeddable":true,"href":"https:\/\/carlozaccagnini.it\/it\/wp-json\/wp\/v2\/pages\/4121"}],"wp:attachment":[{"href":"https:\/\/carlozaccagnini.it\/it\/wp-json\/wp\/v2\/media?parent=4331"}],"curies":[{"name":"wp","href":"https:\/\/api.w.org\/{rel}","templated":true}]}}