{"id":4329,"date":"2023-06-21T16:06:46","date_gmt":"2023-06-21T14:06:46","guid":{"rendered":"https:\/\/excellerator.it\/?page_id=4329"},"modified":"2023-07-20T12:28:08","modified_gmt":"2023-07-20T10:28:08","slug":"diritto-penale-tributario","status":"publish","type":"page","link":"https:\/\/carlozaccagnini.it\/it\/massime\/diritto-penale-tributario\/","title":{"rendered":"DIRITTO PENALE TRIBUTARIO"},"content":{"rendered":"<div class=\"wpb-content-wrapper\"><p>[vc_row][vc_column][vc_empty_space height=&#8221;80px&#8221;][vc_column_text]<\/p>\n<h2 class=\"entry-title\" style=\"text-align: center;\">MASSIME<\/h2>\n<p>[\/vc_column_text][vc_column_text]<\/p>\n<h3 class=\"entry-title\" style=\"text-align: center;\"><span style=\"color: #1f497d;\">Diritto Penale Tributario<\/span><\/h3>\n<h2 style=\"text-align: center;\"><span style=\"color: #1f497d;\">* * *<\/span><\/h2>\n<p>[\/vc_column_text][vc_empty_space height=&#8221;80px&#8221;][\/vc_column][\/vc_row][vc_row][vc_column][vc_column_text]<\/p>\n<div class=\"entry-content clear\">\n<div class=\"fl-builder-content fl-builder-content-2034 fl-builder-content-primary fl-builder-global-templates-locked\" data-post-id=\"2034\">\n<div class=\"fl-row fl-row-fixed-width fl-row-bg-none fl-node-5ea9a6b4081dc fl-row-default-height fl-row-align-center\" data-node=\"5ea9a6b4081dc\">\n<div class=\"fl-row-content-wrap\">\n<div class=\"fl-row-content fl-row-fixed-width fl-node-content\">\n<div class=\"fl-col-group fl-node-5ea9a6b40951e\" data-node=\"5ea9a6b40951e\">\n<div class=\"fl-col fl-node-5ea9a6b409629\" data-node=\"5ea9a6b409629\">\n<div class=\"fl-col-content fl-node-content\">\n<div class=\"fl-module fl-module-rich-text fl-node-5ea9a6b40aef1\" data-node=\"5ea9a6b40aef1\">\n<div class=\"fl-module-content fl-node-content\">\n<div class=\"fl-rich-text\">\n<p><span style=\"color: #333333;\"><strong>Cass. Pen., Sez. III, 13 marzo 2018, n. 15172<br \/>\n<\/strong><\/span><span style=\"color: #333333;\">La nuova fattispecie di reato di cui all&#8217; art. 10 ter, d.lgs. n. 74 del 2000 , come modificata dall&#8217; art. 8, d.lgs. n. 158 del 2015 , che ha elevato a Euro 250.000,00 la soglia di punibilit\u00e0, ha determinato l&#8217;abolizione parziale del reato commesso in epoca antecedente che aveva ad oggetto somme pari o inferiori a detto importo, e in considerazione dell&#8217;abrogazione parziale trovano applicazione gli art. 2, comma secondo, cod. pen. (e non il quarto comma dell&#8217; art. 2, cod. pen. ), e 673, comma primo, cod. proc. pen.<\/span><\/p>\n<p><span style=\"color: #333333;\"><strong><br \/>\nCass. Pen., Sez. III, 23 gennaio 2018, n. 6220<br \/>\n<\/strong><\/span><span style=\"color: #333333;\">In tema di <a style=\"color: #333333;\" href=\"https:\/\/carlozaccagnini.it\/illeciti-tributari\/\">omesso versamento dell&#8217; IVA<\/a>, il reato omissivo previsto dall&#8217; art. 10-ter d.lgs. 10 marzo 2000, n. 74 consiste nel mancato versamento all&#8217;erario delle somme dovute sulla base della dichiarazione annuale che, tranne i casi di applicabilit\u00e0 del regime di &#8220;IVA per cassa&#8221;, \u00e8 ordinariamente svincolato dalla effettiva riscossione delle somme-corrispettivo relative alle prestazioni effettuate.<\/span><\/p>\n<p><span style=\"color: #333333;\"><strong><br \/>\nCass. Pen., Sez. III, 9 giugno 2017, n. 39541<br \/>\n<\/strong><\/span><span style=\"color: #333333;\">Il reato di utilizzazione fraudolenta in dichiarazione di fatture per operazioni inesistenti \u00e8 integrato, con riguardo alle imposte dirette, dalla sola inesistenza oggettiva, relativa alla diversit\u00e0, totale o parziale, tra costi indicati e costi sostenuti, mentre, con riguardo all\u2019IVA, esso comprende anche l\u2019inesistenza soggettiva.<\/span><\/p>\n<p><span style=\"color: #333333;\"><strong><br \/>\nCass. Pen., Sez. III, 15-10-2014, n. 50308 in C.E.D Cass., rv. 261391<br \/>\n<\/strong><\/span><span style=\"color: #333333;\">La causa di non punibilit\u00e0 prevista dall\u2019art. 13 bis d.l. n. 78 del 2009, conv. con modif., in l. n. 102 del 2009 (c.d. \u00abscudo fiscale\u00bb), applicandosi a tutti i reati fiscali nella cui condotta rilevano i capitali trasferiti o posseduti all\u2019estero e successivamente oggetto di rimpatrio, opera anche per i delitti di dichiarazione fraudolenta o infedele, omessa dichiarazione, occultamento o distruzione di scritture contabili, che abbiano portato al conseguimento, come prezzo o profitto, del denaro o delle altre attivit\u00e0 successivamente rimpatriati.<\/span><\/p>\n<p><span style=\"color: #333333;\"><strong><br \/>\nCass. Pen., Sez. I,\u00a0 22-01-2013, n. 6336 in C.E.D. Cass., rv. 254532<br \/>\n<\/strong><\/span><span style=\"color: #333333;\">La presunzione di illegittima provenienza delle risorse patrimoniali accumulate da un soggetto condannato per determinati reati di cui all\u2019art. 12 sexies l. 7 agosto 1992 n. 356 deve escludersi in presenza di fonti lecite e proporzionate di produzione, sia che esse siano costituite dal reddito dichiarato ai fini fiscali, sia che provengano dall\u2019attivit\u00e0 economica svolta, bench\u00e9 non evidenziate, in tutto o in parte, nella dichiarazione dei redditi.<\/span><\/p>\n<p><span style=\"color: #333333;\"><strong><br \/>\nCass. pen., Sez. Un., 29-05-2014, n. 33451 in C.E.D. Cass., rv. 260244<br \/>\n<\/strong><\/span><span style=\"color: #333333;\">In tema di confisca di prevenzione di cui all\u2019art. 2 ter l. 31 maggio 1965 n. 575 (attualmente art. 24 d.leg. 6 settembre 2011 n. 159), la sproporzione tra i beni posseduti e le attivit\u00e0 economiche del proposto non pu\u00f2 essere giustificata adducendo proventi da evasione fiscale, atteso che le disposizioni sulla confisca mirano a sottrarre alla disponibilit\u00e0 dell\u2019interessato tutti i beni che siano frutto di attivit\u00e0 illecite o ne costituiscano il reimpiego, senza distinguere se tali attivit\u00e0 siano o meno di tipo mafioso.<\/span><\/p>\n<p><span style=\"color: #333333;\"><strong><br \/>\nCass. Pen., Sez. III, 02-07-2014, n. 53158, rv.261596<br \/>\n<\/strong><\/span><span style=\"color: #333333;\">Non risponde del reato di omesso versamento di iva, chi, pur avendo presentato la dichiarazione annuale, non \u00e8 poi tenuto, anche per fatti sopravvenuti, al pagamento dell\u2019imposta nel termine previsto dall\u2019art. 10 ter d.leg. n. 74 del 2000, salvo che il p.m. non dimostri che il soggetto abbia inequivocabilmente preordinato la condotta rispetto all\u2019omissione del versamento (ad esempio, dismettendo artatamente la carica di amministratore della persona giuridica soggetto iva) ovvero abbia fornito un contributo causale, materiale o morale, da valutarsi a norma dell\u2019art. 110 c.p., all\u2019omissione della persona obbligata, al momento della scadenza, al versamento dell\u2019imposta dichiarata (fattispecie in cui la corte ha annullato l\u2019ordinanza di conferma di provvedimento di sequestro preventivo per il reato di omesso versamento di iva, evidenziando la necessit\u00e0 di verificare se il comportamento dell\u2019amministratore di fatto di una societ\u00e0 dichiarata fallita prima della scadenza dell\u2019obbligo fiscale fosse stato finalizzato alla evasione dell\u2019imposta attraverso una strumentale <a style=\"color: #333333;\" href=\"https:\/\/carlozaccagnini.it\/diritto-penale-fallimentare-1\/\">dichiarazione di fallimento<\/a>).<\/span><\/p>\n<p><span style=\"color: #333333;\"><strong><br \/>\nCass. Pen., Sez. III, 05-05-2011, n. 28724 in C.E.D. Cass., rv. 250605<br \/>\n<\/strong><\/span><span style=\"color: #333333;\">La causa di non punibilit\u00e0 prevista dall\u2019art. 1 d.l. n. 103 del 2009, conv. con modif., in l. n. 141 del 2009 (legge sul c.d. scudo fiscale) si riferisce alle sole condotte afferenti i capitali oggetto della procedura di rimpatrio e si applica esclusivamente ai delitti in materia di dichiarazione, fraudolenta o infedele, al delitto di omessa dichiarazione nonch\u00e9 a quello di occultamento o distruzione di scritture contabili (in motivazione la corte ha precisato che lo \u00abscudo fiscale\u00bb non determina un\u2019immunit\u00e0 soggettiva in relazione a reati fiscali nella cui condotta non rilevino affatto i capitali trasferiti e posseduti all\u2019estero, e successivamente oggetto di rimpatrio, sicch\u00e9 non \u00e8 comunque esclusa la punibilit\u00e0 per delitti diversi, quali l\u2019emissione di fatture per operazioni inesistenti, le indebite compensazioni o, come nella fattispecie, l\u2019omesso versamento dell\u2019iva).<\/span><\/p>\n<\/div>\n<\/div>\n<\/div>\n<\/div>\n<\/div>\n<\/div>\n<\/div>\n<\/div>\n<\/div>\n<\/div>\n<\/div>\n<p>[\/vc_column_text][\/vc_column][\/vc_row]<\/p>\n<\/div>","protected":false},"excerpt":{"rendered":"<p>[vc_row][vc_column][vc_empty_space height=&#8221;80px&#8221;][vc_column_text] MASSIME [\/vc_column_text][vc_column_text] Diritto Penale Tributario * * * [\/vc_column_text][vc_empty_space height=&#8221;80px&#8221;][\/vc_column][\/vc_row][vc_row][vc_column][vc_column_text] Cass. Pen., Sez. III, 13 marzo 2018, n. 15172 La nuova fattispecie di reato di cui all&#8217; art. [&hellip;]<\/p>\n","protected":false},"author":2,"featured_media":0,"parent":4121,"menu_order":0,"comment_status":"closed","ping_status":"closed","template":"","meta":{"footnotes":""},"class_list":["post-4329","page","type-page","status-publish","hentry"],"yoast_head":"<!-- This site is optimized with the Yoast SEO plugin v27.4 - https:\/\/yoast.com\/product\/yoast-seo-wordpress\/ -->\n<title>DIRITTO PENALE TRIBUTARIO | Studio Legale Avv. Carlo Zaccagnini<\/title>\n<meta name=\"robots\" content=\"index, follow, max-snippet:-1, max-image-preview:large, max-video-preview:-1\" \/>\n<link rel=\"canonical\" href=\"https:\/\/carlozaccagnini.it\/it\/massime\/diritto-penale-tributario\/\" \/>\n<meta property=\"og:locale\" content=\"it_IT\" \/>\n<meta property=\"og:type\" content=\"article\" \/>\n<meta property=\"og:title\" content=\"DIRITTO PENALE TRIBUTARIO | Studio Legale Avv. Carlo Zaccagnini\" \/>\n<meta property=\"og:description\" content=\"[vc_row][vc_column][vc_empty_space height=&#8221;80px&#8221;][vc_column_text] MASSIME [\/vc_column_text][vc_column_text] Diritto Penale Tributario * * * [\/vc_column_text][vc_empty_space height=&#8221;80px&#8221;][\/vc_column][\/vc_row][vc_row][vc_column][vc_column_text] Cass. Pen., Sez. III, 13 marzo 2018, n. 15172 La nuova fattispecie di reato di cui all&#8217; art. [&hellip;]\" \/>\n<meta property=\"og:url\" content=\"https:\/\/carlozaccagnini.it\/it\/massime\/diritto-penale-tributario\/\" \/>\n<meta property=\"og:site_name\" content=\"Studio Legale Avv. Carlo Zaccagnini\" \/>\n<meta property=\"article:modified_time\" content=\"2023-07-20T10:28:08+00:00\" \/>\n<meta name=\"twitter:card\" content=\"summary_large_image\" \/>\n<meta name=\"twitter:label1\" content=\"Tempo di lettura stimato\" \/>\n\t<meta name=\"twitter:data1\" content=\"5 minuti\" \/>\n<script type=\"application\/ld+json\" class=\"yoast-schema-graph\">{\"@context\":\"https:\\\/\\\/schema.org\",\"@graph\":[{\"@type\":\"WebPage\",\"@id\":\"https:\\\/\\\/carlozaccagnini.it\\\/it\\\/massime\\\/diritto-penale-tributario\\\/\",\"url\":\"https:\\\/\\\/carlozaccagnini.it\\\/it\\\/massime\\\/diritto-penale-tributario\\\/\",\"name\":\"DIRITTO PENALE TRIBUTARIO | Studio Legale Avv. Carlo Zaccagnini\",\"isPartOf\":{\"@id\":\"https:\\\/\\\/carlozaccagnini.it\\\/it\\\/#website\"},\"datePublished\":\"2023-06-21T14:06:46+00:00\",\"dateModified\":\"2023-07-20T10:28:08+00:00\",\"breadcrumb\":{\"@id\":\"https:\\\/\\\/carlozaccagnini.it\\\/it\\\/massime\\\/diritto-penale-tributario\\\/#breadcrumb\"},\"inLanguage\":\"it-IT\",\"potentialAction\":[{\"@type\":\"ReadAction\",\"target\":[\"https:\\\/\\\/carlozaccagnini.it\\\/it\\\/massime\\\/diritto-penale-tributario\\\/\"]}]},{\"@type\":\"BreadcrumbList\",\"@id\":\"https:\\\/\\\/carlozaccagnini.it\\\/it\\\/massime\\\/diritto-penale-tributario\\\/#breadcrumb\",\"itemListElement\":[{\"@type\":\"ListItem\",\"position\":1,\"name\":\"Home\",\"item\":\"https:\\\/\\\/carlozaccagnini.it\\\/it\\\/\"},{\"@type\":\"ListItem\",\"position\":2,\"name\":\"Massime\",\"item\":\"https:\\\/\\\/carlozaccagnini.it\\\/it\\\/massime\\\/\"},{\"@type\":\"ListItem\",\"position\":3,\"name\":\"DIRITTO PENALE TRIBUTARIO\"}]},{\"@type\":\"WebSite\",\"@id\":\"https:\\\/\\\/carlozaccagnini.it\\\/it\\\/#website\",\"url\":\"https:\\\/\\\/carlozaccagnini.it\\\/it\\\/\",\"name\":\"Studio Legale Avv. Carlo Zaccagnini\",\"description\":\"White Collar Crime Defence\",\"publisher\":{\"@id\":\"https:\\\/\\\/carlozaccagnini.it\\\/it\\\/#organization\"},\"potentialAction\":[{\"@type\":\"SearchAction\",\"target\":{\"@type\":\"EntryPoint\",\"urlTemplate\":\"https:\\\/\\\/carlozaccagnini.it\\\/it\\\/?s={search_term_string}\"},\"query-input\":{\"@type\":\"PropertyValueSpecification\",\"valueRequired\":true,\"valueName\":\"search_term_string\"}}],\"inLanguage\":\"it-IT\"},{\"@type\":\"Organization\",\"@id\":\"https:\\\/\\\/carlozaccagnini.it\\\/it\\\/#organization\",\"name\":\"Studio Legale Carlo Zaccagnini\",\"url\":\"https:\\\/\\\/carlozaccagnini.it\\\/it\\\/\",\"logo\":{\"@type\":\"ImageObject\",\"inLanguage\":\"it-IT\",\"@id\":\"https:\\\/\\\/carlozaccagnini.it\\\/it\\\/#\\\/schema\\\/logo\\\/image\\\/\",\"url\":\"https:\\\/\\\/carlozaccagnini.it\\\/wp-content\\\/uploads\\\/2018\\\/09\\\/cropped-icona.jpg\",\"contentUrl\":\"https:\\\/\\\/carlozaccagnini.it\\\/wp-content\\\/uploads\\\/2018\\\/09\\\/cropped-icona.jpg\",\"width\":512,\"height\":512,\"caption\":\"Studio Legale Carlo Zaccagnini\"},\"image\":{\"@id\":\"https:\\\/\\\/carlozaccagnini.it\\\/it\\\/#\\\/schema\\\/logo\\\/image\\\/\"}}]}<\/script>\n<!-- \/ Yoast SEO plugin. -->","yoast_head_json":{"title":"DIRITTO PENALE TRIBUTARIO | Studio Legale Avv. Carlo Zaccagnini","robots":{"index":"index","follow":"follow","max-snippet":"max-snippet:-1","max-image-preview":"max-image-preview:large","max-video-preview":"max-video-preview:-1"},"canonical":"https:\/\/carlozaccagnini.it\/it\/massime\/diritto-penale-tributario\/","og_locale":"it_IT","og_type":"article","og_title":"DIRITTO PENALE TRIBUTARIO | Studio Legale Avv. Carlo Zaccagnini","og_description":"[vc_row][vc_column][vc_empty_space height=&#8221;80px&#8221;][vc_column_text] MASSIME [\/vc_column_text][vc_column_text] Diritto Penale Tributario * * * [\/vc_column_text][vc_empty_space height=&#8221;80px&#8221;][\/vc_column][\/vc_row][vc_row][vc_column][vc_column_text] Cass. Pen., Sez. III, 13 marzo 2018, n. 15172 La nuova fattispecie di reato di cui all&#8217; art. [&hellip;]","og_url":"https:\/\/carlozaccagnini.it\/it\/massime\/diritto-penale-tributario\/","og_site_name":"Studio Legale Avv. Carlo Zaccagnini","article_modified_time":"2023-07-20T10:28:08+00:00","twitter_card":"summary_large_image","twitter_misc":{"Tempo di lettura stimato":"5 minuti"},"schema":{"@context":"https:\/\/schema.org","@graph":[{"@type":"WebPage","@id":"https:\/\/carlozaccagnini.it\/it\/massime\/diritto-penale-tributario\/","url":"https:\/\/carlozaccagnini.it\/it\/massime\/diritto-penale-tributario\/","name":"DIRITTO PENALE TRIBUTARIO | Studio Legale Avv. Carlo Zaccagnini","isPartOf":{"@id":"https:\/\/carlozaccagnini.it\/it\/#website"},"datePublished":"2023-06-21T14:06:46+00:00","dateModified":"2023-07-20T10:28:08+00:00","breadcrumb":{"@id":"https:\/\/carlozaccagnini.it\/it\/massime\/diritto-penale-tributario\/#breadcrumb"},"inLanguage":"it-IT","potentialAction":[{"@type":"ReadAction","target":["https:\/\/carlozaccagnini.it\/it\/massime\/diritto-penale-tributario\/"]}]},{"@type":"BreadcrumbList","@id":"https:\/\/carlozaccagnini.it\/it\/massime\/diritto-penale-tributario\/#breadcrumb","itemListElement":[{"@type":"ListItem","position":1,"name":"Home","item":"https:\/\/carlozaccagnini.it\/it\/"},{"@type":"ListItem","position":2,"name":"Massime","item":"https:\/\/carlozaccagnini.it\/it\/massime\/"},{"@type":"ListItem","position":3,"name":"DIRITTO PENALE TRIBUTARIO"}]},{"@type":"WebSite","@id":"https:\/\/carlozaccagnini.it\/it\/#website","url":"https:\/\/carlozaccagnini.it\/it\/","name":"Studio Legale Avv. Carlo Zaccagnini","description":"White Collar Crime Defence","publisher":{"@id":"https:\/\/carlozaccagnini.it\/it\/#organization"},"potentialAction":[{"@type":"SearchAction","target":{"@type":"EntryPoint","urlTemplate":"https:\/\/carlozaccagnini.it\/it\/?s={search_term_string}"},"query-input":{"@type":"PropertyValueSpecification","valueRequired":true,"valueName":"search_term_string"}}],"inLanguage":"it-IT"},{"@type":"Organization","@id":"https:\/\/carlozaccagnini.it\/it\/#organization","name":"Studio Legale Carlo Zaccagnini","url":"https:\/\/carlozaccagnini.it\/it\/","logo":{"@type":"ImageObject","inLanguage":"it-IT","@id":"https:\/\/carlozaccagnini.it\/it\/#\/schema\/logo\/image\/","url":"https:\/\/carlozaccagnini.it\/wp-content\/uploads\/2018\/09\/cropped-icona.jpg","contentUrl":"https:\/\/carlozaccagnini.it\/wp-content\/uploads\/2018\/09\/cropped-icona.jpg","width":512,"height":512,"caption":"Studio Legale Carlo Zaccagnini"},"image":{"@id":"https:\/\/carlozaccagnini.it\/it\/#\/schema\/logo\/image\/"}}]}},"_links":{"self":[{"href":"https:\/\/carlozaccagnini.it\/it\/wp-json\/wp\/v2\/pages\/4329","targetHints":{"allow":["GET"]}}],"collection":[{"href":"https:\/\/carlozaccagnini.it\/it\/wp-json\/wp\/v2\/pages"}],"about":[{"href":"https:\/\/carlozaccagnini.it\/it\/wp-json\/wp\/v2\/types\/page"}],"author":[{"embeddable":true,"href":"https:\/\/carlozaccagnini.it\/it\/wp-json\/wp\/v2\/users\/2"}],"replies":[{"embeddable":true,"href":"https:\/\/carlozaccagnini.it\/it\/wp-json\/wp\/v2\/comments?post=4329"}],"version-history":[{"count":0,"href":"https:\/\/carlozaccagnini.it\/it\/wp-json\/wp\/v2\/pages\/4329\/revisions"}],"up":[{"embeddable":true,"href":"https:\/\/carlozaccagnini.it\/it\/wp-json\/wp\/v2\/pages\/4121"}],"wp:attachment":[{"href":"https:\/\/carlozaccagnini.it\/it\/wp-json\/wp\/v2\/media?parent=4329"}],"curies":[{"name":"wp","href":"https:\/\/api.w.org\/{rel}","templated":true}]}}