{"id":3,"date":"2023-06-12T16:01:46","date_gmt":"2023-06-12T14:01:46","guid":{"rendered":"https:\/\/excellerator.it\/?page_id=3"},"modified":"2023-07-18T11:55:34","modified_gmt":"2023-07-18T09:55:34","slug":"privacy-policy","status":"publish","type":"page","link":"https:\/\/carlozaccagnini.it\/it\/privacy-policy\/","title":{"rendered":"Privacy Policy"},"content":{"rendered":"<div class=\"wpb-content-wrapper\"><p>[vc_row][vc_column][vc_custom_heading text=&#8221;PRIVACY POLICY&#8221; font_container=&#8221;tag:h1|font_size:40|text_align:center|color:%231f497d&#8221; use_theme_fonts=&#8221;yes&#8221;][vc_empty_space height=&#8221;70px&#8221;][\/vc_column][\/vc_row][vc_row][vc_column][vc_column_text]<\/p>\n<div class=\"vc_row wpb_row vc_row-fluid vc_custom_1494582059840\">\n<div class=\"wpb_column vc_column_container vc_col-sm-12\">\n<div class=\"vc_column-inner\">\n<div class=\"wpb_wrapper\">\n<div class=\"wpb_text_column wpb_content_element \">\n<div class=\"wpb_wrapper\">\n<p><span style=\"color: #333333;\">Gent.le Navigatore,<\/span><\/p>\n<p><span style=\"color: #333333;\">Studio Legale Zaccagnini gestisce questo sito Web www.carlozaccagnini.it<\/span><br \/>\n<span style=\"color: #333333;\">Come previsto dal Regolamento dell\u2019Unione Europea 2016\/679 ( \u201cGDPR\u201d), ed in particolare dagli artt. 13 e 14 nonch\u00e9 dal D.lgs. n.196\/2003 s.s.m.m.i., qui di seguito Ti forniamo nella Tua qualit\u00e0 di \u201cInteressato\u201d le informazioni richieste dalla legge relative al trattamento Tuoi dei dati personali.<\/span><\/p>\n<p><span style=\"color: #333333;\">Ti invitiamo a prendere attenta visione delle modalit\u00e0 con cui acquisiamo e trattiamo i Tuoi dati personali e a manifestare a tal proposito il Tuo consenso o il Tuo diniego.<\/span><\/p>\n<p>&nbsp;<\/p>\n<p><strong><span style=\"color: #333333;\">TITOLARE DEL TRATTAMENTO E DATI DI CONTATTO<\/span><\/strong><\/p>\n<p><span style=\"color: #333333;\"><a style=\"color: #333333;\">Studio Legale Zaccagnini P.IVA <\/a>10804610581<\/span><br \/>\n<span style=\"color: #333333;\">Sede Legale: Via F. Denza 16\/d &#8211; 00197 Roma<\/span><br \/>\n<span style=\"color: #333333;\">Email: <a href=\"mailto:carlo@slcz.it\">carlo@slcz.it<\/a><br \/>\n<\/span><\/p>\n<p><span style=\"color: #333333;\"><strong>Tipologia di dati raccolti<\/strong><\/span><br \/>\n<span style=\"color: #333333;\">Il navigatore fornisce volontariamente e spontaneamente i propri dati personali ed altre informazioni durante la registrazione on-line, l\u2019invio di moduli d\u2019ordine o con una telefonata, una e-mail, una sessione di live chat, o mediante altro mezzo di comunicazione.<\/span><\/p>\n<p><span style=\"color: #333333;\"><strong>Dati di navigazione<\/strong><\/span><br \/>\n<span style=\"color: #333333;\">Per soddisfare esigenze tecniche, statistiche, di web marketing e per adeguare i servizi resi alle effettive esigenze dei clienti\/navigatori i sistemi informatici e i software preposti al funzionamento di questo sito web acquisiscono, nel corso del loro normale esercizio, alcuni dati personali la cui trasmissione \u00e8 implicita nell\u2019uso dei protocolli di comunicazione di Internet.<\/span><\/p>\n<p><span style=\"color: #333333;\">Si tratta di informazioni che non sono raccolte per essere associate a interessati identificati, ma che per loro stessa natura potrebbero, attraverso elaborazioni ed associazioni con dati detenuti da terzi, permettere di identificare gli utenti.<\/span><br \/>\n<span style=\"color: #333333;\">In questa categoria di dati rientrano gli indirizzi IP o i nomi a dominio dei computer utilizzati dagli utenti che si connettono al sito, gli indirizzi in notazione URI (Uniform Resource Identifier) delle risorse richieste, l\u2019orario della richiesta, il metodo utilizzato nel sottoporre la richiesta al server, la dimensione del file ottenuto in risposta, il codice numerico indicante lo stato della risposta data dal server (buon fine, errore, ecc.) ed altri parametri relativi al sistema operativo e all\u2019ambiente informatico dell\u2019utente.<\/span><br \/>\n<span style=\"color: #333333;\">Questi dati vengono utilizzati al solo fine di ricavare informazioni statistiche anonime sull\u2019uso del sito e per controllarne il corretto funzionamento. I dati acquisiti potrebbero essere utilizzati per l\u2019accertamento di responsabilit\u00e0 in caso di ipotetici reati informatici ai danni del sito.<\/span><\/p>\n<p><span style=\"color: #333333;\"><strong>Dati forniti volontariamente dall\u2019utente<\/strong><\/span><br \/>\n<span style=\"color: #333333;\">L\u2019invio spontaneo e volontario di posta elettronica agli indirizzi indicati su questo sito o l\u2019invio di dati personali comporta l\u2019automatica acquisizione degli stessi ad opera dei sistemi di CRM utilizzati dal Sito al fine di consentire una pronta risposta e un supporto alle richieste avanzateci, cos\u00ec come di tutti i dati inseriti nella missiva o nel contenuto della chat.<\/span><\/p>\n<p><span style=\"color: #333333;\"><strong>Cookies<br \/>\n<\/strong>Il presente sito pu\u00f2 utilizzare cookies per semplificare l\u2019accesso alle differenti aree del Sito e per permettere ai sistemi di riconoscere un dispositivo di ritorno. I cookies sono file .txt, che il browser e il server si scambiano durante la navigazione per conservare informazioni. Per rendere pi\u00f9 veloce il collegamento, mediante i cookies vengono archiviate nel browser di un utente o sul disco fisso, cos\u00ec da essere immediatamente disponibili per una successiva navigazione.\u00a0 Il navigatore \u00e8 libero in qualunque momento di configurare o disabilitare la ricezione di cookies. Per maggiori informazioni consulta la <a style=\"color: #333333;\" href=\"https:\/\/www.techlaw.it\/it\/cookies-policy\">Cookies Policy<\/a> del sito.<\/span><\/p>\n<p><span style=\"color: #333333;\"><strong>Sistemi di Web Measurement<\/strong><\/span><br \/>\n<span style=\"color: #333333;\">Il Sito potr\u00e0 utilizzare sistemi di analisi e valutazione del traffico web, finalizzati ad acquisire dati di navigazione resi anonimi, mediante la non acquisizione dell\u2019IP e relativi ai comportamenti dei visitatori all\u2019interno del Sito, nonch\u00e9 sul loro gradimento per lo stesso. A tal fine potranno essere utilizzati anche cookie.<\/span><\/p>\n<p><span style=\"color: #333333;\"><strong>Finalit\u00e0 e base giuridica del trattamento<\/strong><\/span><br \/>\n<span style=\"color: #333333;\">Il trattamento dei dati personali forniti spontaneamente dal navigatore, ovvero altrimenti acquisiti, potr\u00e0 essere effettuato per:<\/span><br \/>\n<span style=\"color: #333333;\">1) invio del materiale informativo richiesto. Questa finalit\u00e0 si basa sull\u2019art. 6 comma 1 lettera B) del GDPR.<\/span><br \/>\n<span style=\"color: #333333;\">2) registrare le richieste di attivazione del servizio; Questa finalit\u00e0 si basa sull\u2019art. 6 comma 1 lettera B) del GDPR.<\/span><br \/>\n<span style=\"color: #333333;\">3) accertare, esercitare o difendere i diritti del Titolare in sede giudiziaria<strong>. <\/strong>Questa finalit\u00e0 si basa sull\u2019art. 6 paragrafo 1 lettera F) del GDPR ed \u00e8 ritenuto, in riferimento al bilanciamento degli interessi, prevalente rispetto ai diritti e alle libert\u00e0 dell\u2019interessato. Potrai esercitare, tra l\u2019altro, i diritti di cui all\u2019art 21 del GDPR.<\/span><br \/>\n<span style=\"color: #333333;\">4) \u00a0adempiere ad un obbligo di legge. Questa finalit\u00e0 si basa sull\u2019art. 6 paragrafo 1 lettera C) del GDPR.<\/span><br \/>\n<span style=\"color: #333333;\">5) effettuare analisi statistiche per finalit\u00e0 di marketing;<\/span><br \/>\n<span style=\"color: #333333;\">6) rilevare il grado di soddisfazione dei navigatori;<\/span><br \/>\n<span style=\"color: #333333;\">7) comunicare agli utenti registrati informazioni relative al servizio;<\/span><br \/>\n<span style=\"color: #333333;\">8) invio di materiale informativo, manuali, CD.<\/span><\/p>\n<p><span style=\"color: #333333;\">Il trattamento dei dati per le finalit\u00e0 indicate con i numeri 5), 6), 7) ed 8) si basano, , ai sensi dell\u2019art. 6 paragrafo 1, lettera A) del GDPR, sul tuo specifico e distinto consenso. Il conferimento \u00e8 facoltativo. Ti informiamo che il loro mancato conferimento non impedisce di fruire dei nostri servizi, ma non potrai ricevere newsletter, comunicazioni commerciali e materiale pubblicitario relativo ai prodotti e\/o servizi offerti.<\/span><\/p>\n<p><span style=\"color: #333333;\"><strong>Natura del conferimento<br \/>\n<\/strong>Oltre i dati anonimi rilevati dai ns. sistemi durante la navigazione, il visitatore \u00e8 libero di fornire o meno i propri dati personali nei form, nei moduli d\u2019ordine, nelle live chat, agli operatori telefonici. Un eventuale rifiuto a fornirci i tuoi dati personali potrebbe comportare l\u2019assoluta impossibilit\u00e0 di fornirti il servizio richiestoci o di adempiere agli obblighi previsti dalla legge.<\/span><\/p>\n<p><span style=\"color: #333333;\"><strong>Periodo di conservazione<br \/>\n<\/strong>Per tutti gli adempimenti contrattuali e per quelli previsti dalla legge, i dati verranno conservati per un periodo di 10 anni dalla cessazione del rapporto contrattuale. I dati raccolti per le Finalit\u00e0 di cui ai numeri 5), 6), 7) ed 8) vengono conservati per due anni a decorrere dal conferimento o dal rinnovo del consenso e salvo revoca da parte dell\u2019Interessato.<\/span><br \/>\n<span style=\"color: #333333;\">In ogni caso sono fatti salvi i casi in cui la conservazione per un periodo successivo sia richiesta dalle autorit\u00e0 competenti o ai sensi della normativa applicabile o per la gestione del contenzioso.<\/span><\/p>\n<p><span style=\"color: #333333;\"><strong>Trasferimento dei dati all\u2019estero<br \/>\n<\/strong>I dati personali dell\u2019Interessato sono trattati all\u2019interno dello Spazio Economico Europeo o in Paesi non facenti parte dello Spazio Economico Europeo (SEE) che offrono un adeguato livello di protezione dati conformemente alle \u201cdecisioni di adeguatezza\u201d della Commissione europea.<\/span><\/p>\n<p><span style=\"color: #333333;\"><strong>Comunicazione a terzi e categorie di destinatari<br \/>\n<\/strong>Ai fini del perseguimento delle finalit\u00e0 sopra indicate potranno essere destinatari dei tuoi dati\u00a0 personali:<\/span><\/p>\n<ul>\n<li><span style=\"color: #333333;\">Membri del personale incaricati della gestione degli account utente;<\/span><\/li>\n<li><span style=\"color: #333333;\">Fornitori di servizi (come ad es. consulenti legali e\/o fiscali, assistenza, manutenzione, fornitori di reti e servizi di comunicazione elettronica) nominati quali responsabili del trattamento e dal relativo personale espressamente autorizzato al trattamento;<\/span><\/li>\n<li><span style=\"color: #333333;\">Autorit\u00e0 competenti per rispondere alle tue richieste e per trattare i reclami;<\/span><\/li>\n<li><span style=\"color: #333333;\">Autorit\u00e0 che possono accedere ai tuoi dati per legge (come ad es.; Pubblica Amministrazione, Enti pubblici, Autorit\u00e0 Giudiziaria, Autorit\u00e0 di vigilanza e controllo);<\/span><\/li>\n<li><span style=\"color: #333333;\">Soggetti terzi a cui devono essere comunicati per adempiere a una richiesta da te effettuata. In questo caso la comunicazione dei dati personali sar\u00e0 limitata a quanto necessario al raggiungimento della finalit\u00e0 del trattamento. Ti invitiamo a verificare la privacy policy di tali soggetti, essendo Terzi Titolari Autonomi.<\/span><\/li>\n<\/ul>\n<p><span style=\"color: #333333;\">Un elenco dettagliato ed aggiornato di tali soggetti e delle loro qualifiche privacy pu\u00f2 essere richiesto al Titolare.<\/span><\/p>\n<p><span style=\"color: #333333;\"><strong>Diritti dell\u2019interessato<br \/>\n<\/strong>L\u2019interessato, in ogni momento, potr\u00e0 esercitare i diritti previsti dagli artt 15 a 22 \u00a0del Nuovo Regolamento 2016\/679 (GDPR) e ci\u00f2 anche ai sensi del Decreto Legislativo n. 196 del 30 giugno 2003, nei confronti del Titolare del trattamento e pi\u00f9 precisamente: ha il diritto, nei casi previsti, di chiedere: l\u2019accesso ai propi dati personali, la rettifica o la cancellazione degli stessi o la limitazione del trattamento o di opporsi al loro trattamento, la notifica dei destinatari dei dati personali oggetto del trattamento, la portabilit\u00e0 dei propri dati personali, di non essere sottoposto a una decisione basata unicamente sul trattamento automatizzato.<\/span><\/p>\n<p><span style=\"color: #333333;\">L\u2019interessato ha, inoltre il diritto a revocare il consenso eventualmente prestato al trattamento dei dati, in qualsiasi momento e senza che ci\u00f2 pregiudichi la liceit\u00e0 del trattamento effettuato prima della revoca.<\/span><br \/>\n<span style=\"color: #333333;\">I diritti sono esercitati con richiesta rivolta, senza formalit\u00e0 ed in modo gratuito, al Titolare del trattamento dei dati inviando una e.mail all\u2019indirizzo: <a href=\"mailto:carlo@slcz.it\">carlo@slcz.it<\/a> (*=@)<\/span><br \/>\n<span style=\"color: #333333;\">L\u2019interessato, altres\u00ec, ha diritto di proporre reclamo ai sensi dell\u2019art. 77 GDPR 2016\/679 all\u2019Autorit\u00e0 di controllo competente in base alla sua residenza abituale, o al luogo di lavoro o al luogo di violazione dei diritti; per l\u2019Italia \u00e8 competente il Garante per la protezione dei dati personali all\u2019Autorit\u00e0 Garante della Protezione dei Dati.<strong>\u00a0<\/strong><\/span><\/p>\n<p><span style=\"color: #333333;\"><strong>Modifiche Privacy Policy<br \/>\n<\/strong>Il Titolare del Trattamento si riserva il diritto di apportare modifiche alla presente privacy policy in qualunque momento dandone pubblicit\u00e0 agli Utenti su questa pagina. Si prega dunque di consultare spesso questa pagina, prendendo come riferimento la data di ultima modifica indicata in fondo. Nel caso di mancata accettazione delle modifiche apportate alla presente privacy policy, l\u2019Utente \u00e8 tenuto a cessare l\u2019utilizzo di questo Sito. Salvo quanto diversamente specificato, la precedente privacy policy continuer\u00e0 ad applicarsi ai Dati Personali sino a quel momento raccolti.<\/span><\/p>\n<p><span style=\"color: #333333;\"><strong>Aggiornamento del 06\/07\/2023<\/strong><\/span><\/p>\n<\/div>\n<\/div>\n<div class=\"vc_empty_space\"><\/div>\n<\/div>\n<\/div>\n<\/div>\n<\/div>\n<p>[\/vc_column_text][\/vc_column][\/vc_row]<\/p>\n<\/div>","protected":false},"excerpt":{"rendered":"<p>[vc_row][vc_column][vc_custom_heading text=&#8221;PRIVACY POLICY&#8221; font_container=&#8221;tag:h1|font_size:40|text_align:center|color:%231f497d&#8221; use_theme_fonts=&#8221;yes&#8221;][vc_empty_space height=&#8221;70px&#8221;][\/vc_column][\/vc_row][vc_row][vc_column][vc_column_text] Gent.le Navigatore, Studio Legale Zaccagnini gestisce questo sito Web www.carlozaccagnini.it Come previsto dal Regolamento dell\u2019Unione Europea 2016\/679 ( \u201cGDPR\u201d), ed in particolare dagli artt. [&hellip;]<\/p>\n","protected":false},"author":2,"featured_media":0,"parent":0,"menu_order":0,"comment_status":"closed","ping_status":"open","template":"","meta":{"footnotes":""},"class_list":["post-3","page","type-page","status-publish","hentry"],"yoast_head":"<!-- This site is optimized with the Yoast SEO plugin v27.3 - https:\/\/yoast.com\/product\/yoast-seo-wordpress\/ -->\n<title>Privacy Policy | Studio Legale Avv. Carlo Zaccagnini<\/title>\n<meta name=\"description\" content=\"Privacy Policy. Ti invitiamo a prendere attenta visione delle modalit\u00e0 con cui acquisiamo e trattiamo i Tuoi dati personali e a manifestare a tal proposito il Tuo consenso o il Tuo diniego.\" \/>\n<meta name=\"robots\" content=\"index, follow, max-snippet:-1, max-image-preview:large, max-video-preview:-1\" \/>\n<link rel=\"canonical\" href=\"https:\/\/carlozaccagnini.it\/it\/privacy-policy\/\" \/>\n<meta property=\"og:locale\" content=\"it_IT\" \/>\n<meta property=\"og:type\" content=\"article\" \/>\n<meta property=\"og:title\" content=\"Privacy Policy | Studio Legale Avv. Carlo Zaccagnini\" \/>\n<meta property=\"og:description\" content=\"Privacy Policy. Ti invitiamo a prendere attenta visione delle modalit\u00e0 con cui acquisiamo e trattiamo i Tuoi dati personali e a manifestare a tal proposito il Tuo consenso o il Tuo diniego.\" \/>\n<meta property=\"og:url\" content=\"https:\/\/carlozaccagnini.it\/it\/privacy-policy\/\" \/>\n<meta property=\"og:site_name\" content=\"Studio Legale Avv. Carlo Zaccagnini\" \/>\n<meta property=\"article:modified_time\" content=\"2023-07-18T09:55:34+00:00\" \/>\n<meta name=\"twitter:card\" content=\"summary_large_image\" \/>\n<meta name=\"twitter:label1\" content=\"Tempo di lettura stimato\" \/>\n\t<meta name=\"twitter:data1\" content=\"8 minuti\" \/>\n<script type=\"application\/ld+json\" class=\"yoast-schema-graph\">{\"@context\":\"https:\\\/\\\/schema.org\",\"@graph\":[{\"@type\":\"WebPage\",\"@id\":\"https:\\\/\\\/carlozaccagnini.it\\\/it\\\/privacy-policy\\\/\",\"url\":\"https:\\\/\\\/carlozaccagnini.it\\\/it\\\/privacy-policy\\\/\",\"name\":\"Privacy Policy | Studio Legale Avv. Carlo Zaccagnini\",\"isPartOf\":{\"@id\":\"https:\\\/\\\/carlozaccagnini.it\\\/it\\\/#website\"},\"datePublished\":\"2023-06-12T14:01:46+00:00\",\"dateModified\":\"2023-07-18T09:55:34+00:00\",\"description\":\"Privacy Policy. Ti invitiamo a prendere attenta visione delle modalit\u00e0 con cui acquisiamo e trattiamo i Tuoi dati personali e a manifestare a tal proposito il Tuo consenso o il Tuo diniego.\",\"breadcrumb\":{\"@id\":\"https:\\\/\\\/carlozaccagnini.it\\\/it\\\/privacy-policy\\\/#breadcrumb\"},\"inLanguage\":\"it-IT\",\"potentialAction\":[{\"@type\":\"ReadAction\",\"target\":[\"https:\\\/\\\/carlozaccagnini.it\\\/it\\\/privacy-policy\\\/\"]}]},{\"@type\":\"BreadcrumbList\",\"@id\":\"https:\\\/\\\/carlozaccagnini.it\\\/it\\\/privacy-policy\\\/#breadcrumb\",\"itemListElement\":[{\"@type\":\"ListItem\",\"position\":1,\"name\":\"Home\",\"item\":\"https:\\\/\\\/carlozaccagnini.it\\\/it\\\/\"},{\"@type\":\"ListItem\",\"position\":2,\"name\":\"Privacy Policy\"}]},{\"@type\":\"WebSite\",\"@id\":\"https:\\\/\\\/carlozaccagnini.it\\\/it\\\/#website\",\"url\":\"https:\\\/\\\/carlozaccagnini.it\\\/it\\\/\",\"name\":\"Studio Legale Avv. Carlo Zaccagnini\",\"description\":\"White Collar Crime Defence\",\"publisher\":{\"@id\":\"https:\\\/\\\/carlozaccagnini.it\\\/it\\\/#organization\"},\"potentialAction\":[{\"@type\":\"SearchAction\",\"target\":{\"@type\":\"EntryPoint\",\"urlTemplate\":\"https:\\\/\\\/carlozaccagnini.it\\\/it\\\/?s={search_term_string}\"},\"query-input\":{\"@type\":\"PropertyValueSpecification\",\"valueRequired\":true,\"valueName\":\"search_term_string\"}}],\"inLanguage\":\"it-IT\"},{\"@type\":\"Organization\",\"@id\":\"https:\\\/\\\/carlozaccagnini.it\\\/it\\\/#organization\",\"name\":\"Studio Legale Carlo Zaccagnini\",\"url\":\"https:\\\/\\\/carlozaccagnini.it\\\/it\\\/\",\"logo\":{\"@type\":\"ImageObject\",\"inLanguage\":\"it-IT\",\"@id\":\"https:\\\/\\\/carlozaccagnini.it\\\/it\\\/#\\\/schema\\\/logo\\\/image\\\/\",\"url\":\"https:\\\/\\\/carlozaccagnini.it\\\/wp-content\\\/uploads\\\/2018\\\/09\\\/cropped-icona.jpg\",\"contentUrl\":\"https:\\\/\\\/carlozaccagnini.it\\\/wp-content\\\/uploads\\\/2018\\\/09\\\/cropped-icona.jpg\",\"width\":512,\"height\":512,\"caption\":\"Studio Legale Carlo Zaccagnini\"},\"image\":{\"@id\":\"https:\\\/\\\/carlozaccagnini.it\\\/it\\\/#\\\/schema\\\/logo\\\/image\\\/\"}}]}<\/script>\n<!-- \/ Yoast SEO plugin. -->","yoast_head_json":{"title":"Privacy Policy | Studio Legale Avv. Carlo Zaccagnini","description":"Privacy Policy. Ti invitiamo a prendere attenta visione delle modalit\u00e0 con cui acquisiamo e trattiamo i Tuoi dati personali e a manifestare a tal proposito il Tuo consenso o il Tuo diniego.","robots":{"index":"index","follow":"follow","max-snippet":"max-snippet:-1","max-image-preview":"max-image-preview:large","max-video-preview":"max-video-preview:-1"},"canonical":"https:\/\/carlozaccagnini.it\/it\/privacy-policy\/","og_locale":"it_IT","og_type":"article","og_title":"Privacy Policy | Studio Legale Avv. Carlo Zaccagnini","og_description":"Privacy Policy. Ti invitiamo a prendere attenta visione delle modalit\u00e0 con cui acquisiamo e trattiamo i Tuoi dati personali e a manifestare a tal proposito il Tuo consenso o il Tuo diniego.","og_url":"https:\/\/carlozaccagnini.it\/it\/privacy-policy\/","og_site_name":"Studio Legale Avv. Carlo Zaccagnini","article_modified_time":"2023-07-18T09:55:34+00:00","twitter_card":"summary_large_image","twitter_misc":{"Tempo di lettura stimato":"8 minuti"},"schema":{"@context":"https:\/\/schema.org","@graph":[{"@type":"WebPage","@id":"https:\/\/carlozaccagnini.it\/it\/privacy-policy\/","url":"https:\/\/carlozaccagnini.it\/it\/privacy-policy\/","name":"Privacy Policy | Studio Legale Avv. Carlo Zaccagnini","isPartOf":{"@id":"https:\/\/carlozaccagnini.it\/it\/#website"},"datePublished":"2023-06-12T14:01:46+00:00","dateModified":"2023-07-18T09:55:34+00:00","description":"Privacy Policy. Ti invitiamo a prendere attenta visione delle modalit\u00e0 con cui acquisiamo e trattiamo i Tuoi dati personali e a manifestare a tal proposito il Tuo consenso o il Tuo diniego.","breadcrumb":{"@id":"https:\/\/carlozaccagnini.it\/it\/privacy-policy\/#breadcrumb"},"inLanguage":"it-IT","potentialAction":[{"@type":"ReadAction","target":["https:\/\/carlozaccagnini.it\/it\/privacy-policy\/"]}]},{"@type":"BreadcrumbList","@id":"https:\/\/carlozaccagnini.it\/it\/privacy-policy\/#breadcrumb","itemListElement":[{"@type":"ListItem","position":1,"name":"Home","item":"https:\/\/carlozaccagnini.it\/it\/"},{"@type":"ListItem","position":2,"name":"Privacy Policy"}]},{"@type":"WebSite","@id":"https:\/\/carlozaccagnini.it\/it\/#website","url":"https:\/\/carlozaccagnini.it\/it\/","name":"Studio Legale Avv. Carlo Zaccagnini","description":"White Collar Crime Defence","publisher":{"@id":"https:\/\/carlozaccagnini.it\/it\/#organization"},"potentialAction":[{"@type":"SearchAction","target":{"@type":"EntryPoint","urlTemplate":"https:\/\/carlozaccagnini.it\/it\/?s={search_term_string}"},"query-input":{"@type":"PropertyValueSpecification","valueRequired":true,"valueName":"search_term_string"}}],"inLanguage":"it-IT"},{"@type":"Organization","@id":"https:\/\/carlozaccagnini.it\/it\/#organization","name":"Studio Legale Carlo Zaccagnini","url":"https:\/\/carlozaccagnini.it\/it\/","logo":{"@type":"ImageObject","inLanguage":"it-IT","@id":"https:\/\/carlozaccagnini.it\/it\/#\/schema\/logo\/image\/","url":"https:\/\/carlozaccagnini.it\/wp-content\/uploads\/2018\/09\/cropped-icona.jpg","contentUrl":"https:\/\/carlozaccagnini.it\/wp-content\/uploads\/2018\/09\/cropped-icona.jpg","width":512,"height":512,"caption":"Studio Legale Carlo Zaccagnini"},"image":{"@id":"https:\/\/carlozaccagnini.it\/it\/#\/schema\/logo\/image\/"}}]}},"_links":{"self":[{"href":"https:\/\/carlozaccagnini.it\/it\/wp-json\/wp\/v2\/pages\/3","targetHints":{"allow":["GET"]}}],"collection":[{"href":"https:\/\/carlozaccagnini.it\/it\/wp-json\/wp\/v2\/pages"}],"about":[{"href":"https:\/\/carlozaccagnini.it\/it\/wp-json\/wp\/v2\/types\/page"}],"author":[{"embeddable":true,"href":"https:\/\/carlozaccagnini.it\/it\/wp-json\/wp\/v2\/users\/2"}],"replies":[{"embeddable":true,"href":"https:\/\/carlozaccagnini.it\/it\/wp-json\/wp\/v2\/comments?post=3"}],"version-history":[{"count":0,"href":"https:\/\/carlozaccagnini.it\/it\/wp-json\/wp\/v2\/pages\/3\/revisions"}],"wp:attachment":[{"href":"https:\/\/carlozaccagnini.it\/it\/wp-json\/wp\/v2\/media?parent=3"}],"curies":[{"name":"wp","href":"https:\/\/api.w.org\/{rel}","templated":true}]}}